{"id":5281,"date":"2025-12-31T02:06:51","date_gmt":"2025-12-31T02:06:51","guid":{"rendered":"https:\/\/baijiabags.com\/?post_type=product&#038;p=5281"},"modified":"2025-12-31T02:06:51","modified_gmt":"2025-12-31T02:06:51","slug":"luxury-fashion-handbag-with-custom-logo-color-material-for-bulk-orders","status":"publish","type":"product","link":"https:\/\/baijiabags.com\/de\/produkt\/luxury-fashion-handbag-with-custom-logo-color-material-for-bulk-orders\/","title":{"rendered":"Luxuri\u00f6se Mode-Handtasche mit individuellem Logo, Farbe und Material f\u00fcr Gro\u00dfbestellungen"},"content":{"rendered":"<h2 data-start=\"735\" data-end=\"752\">Wesentliche Merkmale<\/h2>\n<ul data-start=\"753\" data-end=\"1758\">\n<li data-start=\"753\" data-end=\"893\">\n<p data-start=\"755\" data-end=\"893\"><strong data-start=\"755\" data-end=\"782\">Individuelle Branding-Optionen<\/strong>: Die Handtasche kann durch Metallplatten, Pr\u00e4gung oder Druck mit individuellen Logos versehen werden, um die Sichtbarkeit der Marke zu erh\u00f6hen.<\/p>\n<\/li>\n<li data-start=\"894\" data-end=\"1018\">\n<p data-start=\"896\" data-end=\"1018\"><strong data-start=\"896\" data-end=\"927\">Flexible Gr\u00f6\u00dfenkonfiguration<\/strong>: Benutzerdefinierte Abmessungen erm\u00f6glichen die Anpassung an unterschiedliche Marktpr\u00e4ferenzen und Nutzungsszenarien.<\/p>\n<\/li>\n<li data-start=\"1019\" data-end=\"1174\">\n<p data-start=\"1021\" data-end=\"1174\"><strong data-start=\"1021\" data-end=\"1047\">Materialanpassung<\/strong>: Zu den Optionen geh\u00f6ren PU-Leder, Echtleder, Mikrofaserleder oder andere zugelassene Materialien je nach Projektanforderungen.<\/p>\n<\/li>\n<li data-start=\"1175\" data-end=\"1302\">\n<p data-start=\"1177\" data-end=\"1302\"><strong data-start=\"1177\" data-end=\"1200\">Farbanpassung<\/strong>: Ein breites Farbspektrum unterst\u00fctzt die Pantone-Anpassung zur Abstimmung auf saisonale Kollektionen oder die Markenidentit\u00e4t.<\/p>\n<\/li>\n<li data-start=\"1303\" data-end=\"1418\">\n<p data-start=\"1305\" data-end=\"1418\"><strong data-start=\"1305\" data-end=\"1326\">Dauerhafte Struktur<\/strong>: Verst\u00e4rkte N\u00e4hte und strukturierte Eins\u00e4tze verbessern die Formbest\u00e4ndigkeit bei langfristigem Gebrauch.<\/p>\n<\/li>\n<li data-start=\"1419\" data-end=\"1525\">\n<p data-start=\"1421\" data-end=\"1525\"><strong data-start=\"1421\" data-end=\"1452\">Bequemes Design zum Tragen<\/strong>: Die verstellbaren Schultergurte sorgen f\u00fcr Komfort bei l\u00e4ngerem t\u00e4glichen Tragen.<\/p>\n<\/li>\n<li data-start=\"1526\" data-end=\"1645\">\n<p data-start=\"1528\" data-end=\"1645\"><strong data-start=\"1528\" data-end=\"1556\">Modeorientiertes Styling<\/strong>: Die schlichte Silhouette und die ausgewogenen Proportionen passen sowohl zu legeren als auch zu semi-formellen Outfits.<\/p>\n<\/li>\n<li data-start=\"1646\" data-end=\"1758\">\n<p data-start=\"1648\" data-end=\"1758\"><strong data-start=\"1648\" data-end=\"1675\">Anpassungsf\u00e4higkeit bei Gro\u00dfauftr\u00e4gen<\/strong>: Verhandlungsf\u00e4higes MOQ und skalierbare Produktion unterst\u00fctzen Gro\u00dfhandel und OEM\/ODM-Zusammenarbeit.<\/p>\n<\/li>\n<\/ul>\n<h2 data-start=\"1760\" data-end=\"1779\">Spezifikationen<\/h2>\n<div class=\"TyagGW_tableContainer\">\n<div class=\"group TyagGW_tableWrapper flex w-fit flex-col-reverse\" tabindex=\"-1\">\n<table class=\"w-fit min-w-(--thread-content-width)\" data-start=\"1780\" data-end=\"2230\">\n<thead data-start=\"1780\" data-end=\"1812\">\n<tr data-start=\"1780\" data-end=\"1812\">\n<th data-start=\"1780\" data-end=\"1801\" data-col-size=\"sm\">Spezifikation Artikel<\/th>\n<th data-start=\"1801\" data-end=\"1812\" data-col-size=\"sm\">Einzelheiten<\/th>\n<\/tr>\n<\/thead>\n<tbody data-start=\"1823\" data-end=\"2230\">\n<tr data-start=\"1823\" data-end=\"1859\">\n<td data-start=\"1823\" data-end=\"1838\" data-col-size=\"sm\">Produktname<\/td>\n<td data-start=\"1838\" data-end=\"1859\" data-col-size=\"sm\">Crossbody Handtasche<\/td>\n<\/tr>\n<tr data-start=\"1860\" data-end=\"1878\">\n<td data-start=\"1860\" data-end=\"1868\" data-col-size=\"sm\">Marke<\/td>\n<td data-start=\"1868\" data-end=\"1878\" data-col-size=\"sm\">RONEER<\/td>\n<\/tr>\n<tr data-start=\"1879\" data-end=\"1908\">\n<td data-start=\"1879\" data-end=\"1888\" data-col-size=\"sm\">Herkunft<\/td>\n<td data-start=\"1888\" data-end=\"1908\" data-col-size=\"sm\">Guangdong, China<\/td>\n<\/tr>\n<tr data-start=\"1909\" data-end=\"1928\">\n<td data-start=\"1909\" data-end=\"1917\" data-col-size=\"sm\">Stil<\/td>\n<td data-start=\"1917\" data-end=\"1928\" data-col-size=\"sm\">Mode<\/td>\n<\/tr>\n<tr data-start=\"1929\" data-end=\"1952\">\n<td data-start=\"1929\" data-end=\"1936\" data-col-size=\"sm\">Gr\u00f6\u00dfe<\/td>\n<td data-start=\"1936\" data-end=\"1952\" data-col-size=\"sm\">Anpassbar<\/td>\n<\/tr>\n<tr data-start=\"1953\" data-end=\"1977\">\n<td data-start=\"1953\" data-end=\"1961\" data-col-size=\"sm\">Farbe<\/td>\n<td data-start=\"1961\" data-end=\"1977\" data-col-size=\"sm\">Anpassbar<\/td>\n<\/tr>\n<tr data-start=\"1978\" data-end=\"2001\">\n<td data-start=\"1978\" data-end=\"1985\" data-col-size=\"sm\">Logo<\/td>\n<td data-start=\"1985\" data-end=\"2001\" data-col-size=\"sm\">Anpassbar<\/td>\n<\/tr>\n<tr data-start=\"2002\" data-end=\"2061\">\n<td data-start=\"2002\" data-end=\"2018\" data-col-size=\"sm\">Hauptmaterial<\/td>\n<td data-start=\"2018\" data-end=\"2061\" data-col-size=\"sm\">PU-Leder \/ Echtes Leder (optional)<\/td>\n<\/tr>\n<tr data-start=\"2062\" data-end=\"2103\">\n<td data-start=\"2062\" data-end=\"2080\" data-col-size=\"sm\">Material der Auskleidung<\/td>\n<td data-start=\"2080\" data-end=\"2103\" data-col-size=\"sm\">Polyester oder kundenspezifisch<\/td>\n<\/tr>\n<tr data-start=\"2104\" data-end=\"2158\">\n<td data-start=\"2104\" data-end=\"2119\" data-col-size=\"sm\">Verschlussart<\/td>\n<td data-start=\"2119\" data-end=\"2158\" data-col-size=\"sm\">Rei\u00dfverschluss\/Magnetknopf (optional)<\/td>\n<\/tr>\n<tr data-start=\"2159\" data-end=\"2209\">\n<td data-start=\"2159\" data-end=\"2170\" data-col-size=\"sm\">Eigenschaften<\/td>\n<td data-start=\"2170\" data-end=\"2209\" data-col-size=\"sm\">\u00c4sthetisches Design, langlebige Struktur<\/td>\n<\/tr>\n<tr data-start=\"2210\" data-end=\"2230\">\n<td data-start=\"2210\" data-end=\"2216\" data-col-size=\"sm\">MOQ<\/td>\n<td data-start=\"2216\" data-end=\"2230\" data-col-size=\"sm\">Verhandlungsf\u00e4hig<\/td>\n<\/tr>\n<\/tbody>\n<\/table>\n<\/div>\n<\/div>\n<h2 data-start=\"2232\" data-end=\"2248\">Anmeldung<\/h2>\n<ul data-start=\"2249\" data-end=\"2743\">\n<li data-start=\"2249\" data-end=\"2334\">\n<p data-start=\"2251\" data-end=\"2334\"><strong data-start=\"2251\" data-end=\"2265\">Das t\u00e4gliche Leben<\/strong>: Geeignet f\u00fcr den t\u00e4glichen Pendlerverkehr, gelegentliche Ausfl\u00fcge und den Routinegebrauch.<\/p>\n<\/li>\n<li data-start=\"2335\" data-end=\"2436\">\n<p data-start=\"2337\" data-end=\"2436\"><strong data-start=\"2337\" data-end=\"2347\">Reisen<\/strong>: Praktischer Stauraum f\u00fcr pers\u00f6nliche Dinge auf Kurzreisen oder im Stadtverkehr.<\/p>\n<\/li>\n<li data-start=\"2437\" data-end=\"2534\">\n<p data-start=\"2439\" data-end=\"2534\"><strong data-start=\"2439\" data-end=\"2451\">Einkaufen<\/strong>: Die leichte Struktur und die leicht zug\u00e4nglichen F\u00e4cher unterst\u00fctzen die Einkaufsaktivit\u00e4ten.<\/p>\n<\/li>\n<li data-start=\"2535\" data-end=\"2638\">\n<p data-start=\"2537\" data-end=\"2638\"><strong data-start=\"2537\" data-end=\"2555\">Mode-Einzelhandel<\/strong>: Eignet sich gut als saisonale Handtasche f\u00fcr Modegesch\u00e4fte und Online-Verkaufsplattformen.<\/p>\n<\/li>\n<li data-start=\"2639\" data-end=\"2743\">\n<p data-start=\"2641\" data-end=\"2743\"><strong data-start=\"2641\" data-end=\"2667\">Eigenmarken-Programme<\/strong>: Ideal f\u00fcr Marken, die exklusive Kollektionen mit individuellen Designs entwickeln.<\/p>\n<\/li>\n<\/ul>\n<p data-start=\"3012\" data-end=\"3175\" data-is-last-node=\"\" data-is-only-node=\"\">Wenn Sie an dieser Handtasche interessiert sind, kontaktieren Sie uns bitte, um Muster anzufordern, Anpassungsm\u00f6glichkeiten zu besprechen und eine ODM- und OEM-Zusammenarbeit f\u00fcr Ihre Gro\u00dfbestellungen zu pr\u00fcfen.<\/p>","protected":false},"excerpt":{"rendered":"<p>Die Luxus-Mode-Handtasche mit individuellem Logo, Farbe und Material f\u00fcr Gro\u00dfbestellungen wurde entwickelt, um die Bed\u00fcrfnisse von Modemarken, Gro\u00dfh\u00e4ndlern und Distributoren zu erf\u00fcllen, die eine flexible und hochwertige Accessoire-L\u00f6sung suchen. Diese Handtasche verbindet moderne Mode\u00e4sthetik mit praktischer Alltagsfunktionalit\u00e4t. Die Gesamtstruktur unterst\u00fctzt die langfristige Nutzung, w\u00e4hrend die anpassbaren Elemente Marken helfen, differenzierte Produkte f\u00fcr verschiedene Zielm\u00e4rkte zu schaffen.<\/p>","protected":false},"featured_media":5283,"comment_status":"open","ping_status":"closed","template":"","meta":{"site-sidebar-layout":"default","site-content-layout":"","ast-site-content-layout":"default","site-content-style":"default","site-sidebar-style":"default","ast-global-header-display":"","ast-banner-title-visibility":"","ast-main-header-display":"","ast-hfb-above-header-display":"","ast-hfb-below-header-display":"","ast-hfb-mobile-header-display":"","site-post-title":"","ast-breadcrumbs-content":"","ast-featured-img":"","footer-sml-layout":"","ast-disable-related-posts":"","theme-transparent-header-meta":"default","adv-header-id-meta":"","stick-header-meta":"","header-above-stick-meta":"","header-main-stick-meta":"","header-below-stick-meta":"","astra-migrate-meta-layouts":"set","ast-page-background-enabled":"default","ast-page-background-meta":{"desktop":{"background-color":"var(--ast-global-color-5)","background-image":"","background-repeat":"repeat","background-position":"center center","background-size":"auto","background-attachment":"scroll","background-type":"","background-media":"","overlay-type":"","overlay-color":"","overlay-opacity":"","overlay-gradient":""},"tablet":{"background-color":"","background-image":"","background-repeat":"repeat","background-position":"center center","background-size":"auto","background-attachment":"scroll","background-type":"","background-media":"","overlay-type":"","overlay-color":"","overlay-opacity":"","overlay-gradient":""},"mobile":{"background-color":"","background-image":"","background-repeat":"repeat","background-position":"center center","background-size":"auto","background-attachment":"scroll","background-type":"","background-media":"","overlay-type":"","overlay-color":"","overlay-opacity":"","overlay-gradient":""}},"ast-content-background-meta":{"desktop":{"background-color":"var(--ast-global-color-4)","background-image":"","background-repeat":"repeat","background-position":"center center","background-size":"auto","background-attachment":"scroll","background-type":"","background-media":"","overlay-type":"","overlay-color":"","overlay-opacity":"","overlay-gradient":""},"tablet":{"background-color":"var(--ast-global-color-4)","background-image":"","background-repeat":"repeat","background-position":"center center","background-size":"auto","background-attachment":"scroll","background-type":"","background-media":"","overlay-type":"","overlay-color":"","overlay-opacity":"","overlay-gradient":""},"mobile":{"background-color":"var(--ast-global-color-4)","background-image":"","background-repeat":"repeat","background-position":"center center","background-size":"auto","background-attachment":"scroll","background-type":"","background-media":"","overlay-type":"","overlay-color":"","overlay-opacity":"","overlay-gradient":""}}},"product_brand":[],"product_cat":[42],"product_tag":[],"class_list":{"0":"post-5281","1":"product","2":"type-product","3":"status-publish","4":"has-post-thumbnail","6":"product_cat-hand-bag","7":"desktop-align-left","8":"tablet-align-left","9":"mobile-align-left","11":"first","12":"instock","13":"shipping-taxable","14":"product-type-simple"},"_links":{"self":[{"href":"https:\/\/baijiabags.com\/de\/wp-json\/wp\/v2\/product\/5281","targetHints":{"allow":["GET"]}}],"collection":[{"href":"https:\/\/baijiabags.com\/de\/wp-json\/wp\/v2\/product"}],"about":[{"href":"https:\/\/baijiabags.com\/de\/wp-json\/wp\/v2\/types\/product"}],"replies":[{"embeddable":true,"href":"https:\/\/baijiabags.com\/de\/wp-json\/wp\/v2\/comments?post=5281"}],"wp:featuredmedia":[{"embeddable":true,"href":"https:\/\/baijiabags.com\/de\/wp-json\/wp\/v2\/media\/5283"}],"wp:attachment":[{"href":"https:\/\/baijiabags.com\/de\/wp-json\/wp\/v2\/media?parent=5281"}],"wp:term":[{"taxonomy":"product_brand","embeddable":true,"href":"https:\/\/baijiabags.com\/de\/wp-json\/wp\/v2\/product_brand?post=5281"},{"taxonomy":"product_cat","embeddable":true,"href":"https:\/\/baijiabags.com\/de\/wp-json\/wp\/v2\/product_cat?post=5281"},{"taxonomy":"product_tag","embeddable":true,"href":"https:\/\/baijiabags.com\/de\/wp-json\/wp\/v2\/product_tag?post=5281"}],"curies":[{"name":"wp","href":"https:\/\/api.w.org\/{rel}","templated":true}]}}