{"id":5236,"date":"2025-12-29T06:29:46","date_gmt":"2025-12-29T06:29:46","guid":{"rendered":"https:\/\/baijiabags.com\/?post_type=product&#038;p=5236"},"modified":"2025-12-29T06:29:46","modified_gmt":"2025-12-29T06:29:46","slug":"wholesale-new-fashion-womens-large-capacity-leather-shoulder-crossbody-bag","status":"publish","type":"product","link":"https:\/\/baijiabags.com\/de\/produkt\/wholesale-new-fashion-womens-large-capacity-leather-shoulder-crossbody-bag\/","title":{"rendered":"Gro\u00dfhandel neue Mode Frauen gro\u00dfe Kapazit\u00e4t Leder Schulter &amp; Crossbody Bag"},"content":{"rendered":"<h2 data-start=\"953\" data-end=\"968\">Wesentliche Merkmale<\/h2>\n<ol data-start=\"970\" data-end=\"1607\">\n<li data-start=\"970\" data-end=\"1075\">\n<p data-start=\"972\" data-end=\"1075\">Gro\u00dfes Fassungsverm\u00f6gen des Innenraums mit einem ungef\u00e4hren Volumen von <strong data-start=\"1026\" data-end=\"1042\">2-2,9 Liter<\/strong>geeignet f\u00fcr den t\u00e4glichen Bedarf<\/p>\n<\/li>\n<li data-start=\"1076\" data-end=\"1156\">\n<p data-start=\"1078\" data-end=\"1156\">Strapazierf\u00e4higes PU-Ledermaterial, das wasserfest und verschlei\u00dffest ist<\/p>\n<\/li>\n<li data-start=\"1157\" data-end=\"1226\">\n<p data-start=\"1159\" data-end=\"1226\">Strukturierte Handtaschenform, die auch bei l\u00e4ngerem Gebrauch ihre Form beh\u00e4lt<\/p>\n<\/li>\n<li data-start=\"1227\" data-end=\"1307\">\n<p data-start=\"1229\" data-end=\"1307\">Verstellbarer Schultergurt f\u00fcr das Tragen \u00fcber der Schulter und am K\u00f6rper<\/p>\n<\/li>\n<li data-start=\"1308\" data-end=\"1377\">\n<p data-start=\"1310\" data-end=\"1377\">Leichtg\u00e4ngiger Rei\u00dfverschluss, der die Sicherheit der Gegenst\u00e4nde w\u00e4hrend der Bewegung verbessert<\/p>\n<\/li>\n<li data-start=\"1378\" data-end=\"1445\">\n<p data-start=\"1380\" data-end=\"1445\">Anpassbare Logo-Optionen f\u00fcr Eigenmarken und Markenwerbung<\/p>\n<\/li>\n<li data-start=\"1446\" data-end=\"1524\">\n<p data-start=\"1448\" data-end=\"1524\">Mehrere M\u00f6glichkeiten der Farbanpassung, um verschiedenen Marktpr\u00e4ferenzen gerecht zu werden<\/p>\n<\/li>\n<li data-start=\"1525\" data-end=\"1607\">\n<p data-start=\"1527\" data-end=\"1607\">Leichte Konstruktion, die das Tragen bei t\u00e4glichen Aktivit\u00e4ten weniger erm\u00fcdend macht<\/p>\n<\/li>\n<\/ol>\n<h2 data-start=\"1614\" data-end=\"1631\">Spezifikationen<\/h2>\n<div class=\"TyagGW_tableContainer\">\n<div class=\"group TyagGW_tableWrapper flex w-fit flex-col-reverse\" tabindex=\"-1\">\n<table class=\"w-fit min-w-(--thread-content-width)\" data-start=\"1633\" data-end=\"1980\">\n<thead data-start=\"1633\" data-end=\"1651\">\n<tr data-start=\"1633\" data-end=\"1651\">\n<th data-start=\"1633\" data-end=\"1640\" data-col-size=\"sm\">Artikel<\/th>\n<th data-start=\"1640\" data-end=\"1651\" data-col-size=\"sm\">Einzelheiten<\/th>\n<\/tr>\n<\/thead>\n<tbody data-start=\"1662\" data-end=\"1980\">\n<tr data-start=\"1662\" data-end=\"1688\">\n<td data-start=\"1662\" data-end=\"1677\" data-col-size=\"sm\">Produktname<\/td>\n<td data-col-size=\"sm\" data-start=\"1677\" data-end=\"1688\">Handtasche<\/td>\n<\/tr>\n<tr data-start=\"1689\" data-end=\"1707\">\n<td data-start=\"1689\" data-end=\"1697\" data-col-size=\"sm\">Marke<\/td>\n<td data-col-size=\"sm\" data-start=\"1697\" data-end=\"1707\">RONEER<\/td>\n<\/tr>\n<tr data-start=\"1708\" data-end=\"1731\">\n<td data-start=\"1708\" data-end=\"1723\" data-col-size=\"sm\">Modellnummer<\/td>\n<td data-col-size=\"sm\" data-start=\"1723\" data-end=\"1731\">5843<\/td>\n<\/tr>\n<tr data-start=\"1732\" data-end=\"1757\">\n<td data-start=\"1732\" data-end=\"1743\" data-col-size=\"sm\">Material<\/td>\n<td data-start=\"1743\" data-end=\"1757\" data-col-size=\"sm\">PU-Leder<\/td>\n<\/tr>\n<tr data-start=\"1758\" data-end=\"1777\">\n<td data-start=\"1758\" data-end=\"1766\" data-col-size=\"sm\">Stil<\/td>\n<td data-start=\"1766\" data-end=\"1777\" data-col-size=\"sm\">Mode<\/td>\n<\/tr>\n<tr data-start=\"1778\" data-end=\"1807\">\n<td data-start=\"1778\" data-end=\"1787\" data-col-size=\"sm\">Herkunft<\/td>\n<td data-start=\"1787\" data-end=\"1807\" data-col-size=\"sm\">Guangdong, China<\/td>\n<\/tr>\n<tr data-start=\"1808\" data-end=\"1835\">\n<td data-start=\"1808\" data-end=\"1819\" data-col-size=\"sm\">Kapazit\u00e4t<\/td>\n<td data-start=\"1819\" data-end=\"1835\" data-col-size=\"sm\">2-2,9 Liter<\/td>\n<\/tr>\n<tr data-start=\"1836\" data-end=\"1859\">\n<td data-start=\"1836\" data-end=\"1843\" data-col-size=\"sm\">Gr\u00f6\u00dfe<\/td>\n<td data-start=\"1843\" data-end=\"1859\" data-col-size=\"sm\">Anpassbar<\/td>\n<\/tr>\n<tr data-start=\"1860\" data-end=\"1884\">\n<td data-start=\"1860\" data-end=\"1868\" data-col-size=\"sm\">Farbe<\/td>\n<td data-start=\"1868\" data-end=\"1884\" data-col-size=\"sm\">Anpassbar<\/td>\n<\/tr>\n<tr data-start=\"1885\" data-end=\"1908\">\n<td data-start=\"1885\" data-end=\"1892\" data-col-size=\"sm\">Logo<\/td>\n<td data-start=\"1892\" data-end=\"1908\" data-col-size=\"sm\">Anpassbar<\/td>\n<\/tr>\n<tr data-start=\"1909\" data-end=\"1959\">\n<td data-start=\"1909\" data-end=\"1920\" data-col-size=\"sm\">Eigenschaften<\/td>\n<td data-start=\"1920\" data-end=\"1959\" data-col-size=\"sm\">Wasserfest, langlebig, \u00e4sthetisch<\/td>\n<\/tr>\n<tr data-start=\"1960\" data-end=\"1980\">\n<td data-start=\"1960\" data-end=\"1966\" data-col-size=\"sm\">MOQ<\/td>\n<td data-start=\"1966\" data-end=\"1980\" data-col-size=\"sm\">Verhandlungsf\u00e4hig<\/td>\n<\/tr>\n<\/tbody>\n<\/table>\n<\/div>\n<\/div>\n<h2 data-start=\"2553\" data-end=\"2568\">Anwendungen<\/h2>\n<ul data-start=\"2654\" data-end=\"2838\">\n<li data-start=\"2654\" data-end=\"2688\">\n<p data-start=\"2656\" data-end=\"2688\">T\u00e4glicher Pendlerverkehr und B\u00fcronutzung<\/p>\n<\/li>\n<li data-start=\"2689\" data-end=\"2720\">\n<p data-start=\"2691\" data-end=\"2720\">Einkaufen und Freizeitausfl\u00fcge<\/p>\n<\/li>\n<li data-start=\"2721\" data-end=\"2752\">\n<p data-start=\"2723\" data-end=\"2752\">Kurzreisen und St\u00e4dtereisen<\/p>\n<\/li>\n<li data-start=\"2753\" data-end=\"2785\">\n<p data-start=\"2755\" data-end=\"2785\">Lifestyle-Kollektionen f\u00fcr den Einzelhandel<\/p>\n<\/li>\n<li data-start=\"2786\" data-end=\"2838\">\n<p data-start=\"2788\" data-end=\"2838\">Modegro\u00dfhandel und Eigenmarkenvertrieb<\/p>\n<\/li>\n<\/ul>\n<p data-start=\"2845\" data-end=\"3113\" data-is-last-node=\"\" data-is-only-node=\"\">Wenn Sie an dieser Damenhandtasche mit gro\u00dfem Fassungsverm\u00f6gen interessiert sind, nehmen Sie bitte Kontakt mit uns auf, um Muster und detaillierte Angebote anzufordern.<br data-start=\"2968\" data-end=\"2971\" \/><strong data-start=\"2971\" data-end=\"3009\">ODM- und OEM-Dienstleistungen sind verf\u00fcgbar<\/strong>einschlie\u00dflich Logoanpassung, Farbentwicklung und Verpackungsl\u00f6sungen, um Ihr Markenwachstum zu unterst\u00fctzen.<\/p>","protected":false},"excerpt":{"rendered":"<p>Die <strong data-start=\"198\" data-end=\"279\">Gro\u00dfhandel neue Mode Frauen gro\u00dfe Kapazit\u00e4t Leder Schulter &amp; Crossbody Bag<\/strong> wurde f\u00fcr moderne Frauen entworfen, die sowohl Stil als auch Alltagstauglichkeit suchen. Diese Handtasche kombiniert eine klare modische \u00c4sthetik mit einem ger\u00e4umigen Innenraum und eignet sich daher f\u00fcr den t\u00e4glichen Pendlerverkehr, zum Einkaufen und f\u00fcr Kurzstreckenreisen.<\/p>","protected":false},"featured_media":5237,"comment_status":"open","ping_status":"closed","template":"","meta":{"site-sidebar-layout":"default","site-content-layout":"","ast-site-content-layout":"default","site-content-style":"default","site-sidebar-style":"default","ast-global-header-display":"","ast-banner-title-visibility":"","ast-main-header-display":"","ast-hfb-above-header-display":"","ast-hfb-below-header-display":"","ast-hfb-mobile-header-display":"","site-post-title":"","ast-breadcrumbs-content":"","ast-featured-img":"","footer-sml-layout":"","ast-disable-related-posts":"","theme-transparent-header-meta":"default","adv-header-id-meta":"","stick-header-meta":"","header-above-stick-meta":"","header-main-stick-meta":"","header-below-stick-meta":"","astra-migrate-meta-layouts":"set","ast-page-background-enabled":"default","ast-page-background-meta":{"desktop":{"background-color":"var(--ast-global-color-5)","background-image":"","background-repeat":"repeat","background-position":"center center","background-size":"auto","background-attachment":"scroll","background-type":"","background-media":"","overlay-type":"","overlay-color":"","overlay-opacity":"","overlay-gradient":""},"tablet":{"background-color":"","background-image":"","background-repeat":"repeat","background-position":"center center","background-size":"auto","background-attachment":"scroll","background-type":"","background-media":"","overlay-type":"","overlay-color":"","overlay-opacity":"","overlay-gradient":""},"mobile":{"background-color":"","background-image":"","background-repeat":"repeat","background-position":"center center","background-size":"auto","background-attachment":"scroll","background-type":"","background-media":"","overlay-type":"","overlay-color":"","overlay-opacity":"","overlay-gradient":""}},"ast-content-background-meta":{"desktop":{"background-color":"var(--ast-global-color-4)","background-image":"","background-repeat":"repeat","background-position":"center center","background-size":"auto","background-attachment":"scroll","background-type":"","background-media":"","overlay-type":"","overlay-color":"","overlay-opacity":"","overlay-gradient":""},"tablet":{"background-color":"var(--ast-global-color-4)","background-image":"","background-repeat":"repeat","background-position":"center center","background-size":"auto","background-attachment":"scroll","background-type":"","background-media":"","overlay-type":"","overlay-color":"","overlay-opacity":"","overlay-gradient":""},"mobile":{"background-color":"var(--ast-global-color-4)","background-image":"","background-repeat":"repeat","background-position":"center center","background-size":"auto","background-attachment":"scroll","background-type":"","background-media":"","overlay-type":"","overlay-color":"","overlay-opacity":"","overlay-gradient":""}}},"product_brand":[],"product_cat":[42,54],"product_tag":[],"class_list":{"0":"post-5236","1":"product","2":"type-product","3":"status-publish","4":"has-post-thumbnail","6":"product_cat-hand-bag","7":"product_cat-womens-bag","8":"desktop-align-left","9":"tablet-align-left","10":"mobile-align-left","12":"first","13":"instock","14":"shipping-taxable","15":"product-type-simple"},"_links":{"self":[{"href":"https:\/\/baijiabags.com\/de\/wp-json\/wp\/v2\/product\/5236","targetHints":{"allow":["GET"]}}],"collection":[{"href":"https:\/\/baijiabags.com\/de\/wp-json\/wp\/v2\/product"}],"about":[{"href":"https:\/\/baijiabags.com\/de\/wp-json\/wp\/v2\/types\/product"}],"replies":[{"embeddable":true,"href":"https:\/\/baijiabags.com\/de\/wp-json\/wp\/v2\/comments?post=5236"}],"wp:featuredmedia":[{"embeddable":true,"href":"https:\/\/baijiabags.com\/de\/wp-json\/wp\/v2\/media\/5237"}],"wp:attachment":[{"href":"https:\/\/baijiabags.com\/de\/wp-json\/wp\/v2\/media?parent=5236"}],"wp:term":[{"taxonomy":"product_brand","embeddable":true,"href":"https:\/\/baijiabags.com\/de\/wp-json\/wp\/v2\/product_brand?post=5236"},{"taxonomy":"product_cat","embeddable":true,"href":"https:\/\/baijiabags.com\/de\/wp-json\/wp\/v2\/product_cat?post=5236"},{"taxonomy":"product_tag","embeddable":true,"href":"https:\/\/baijiabags.com\/de\/wp-json\/wp\/v2\/product_tag?post=5236"}],"curies":[{"name":"wp","href":"https:\/\/api.w.org\/{rel}","templated":true}]}}