{"id":5225,"date":"2025-12-29T05:55:26","date_gmt":"2025-12-29T05:55:26","guid":{"rendered":"https:\/\/baijiabags.com\/?post_type=product&#038;p=5225"},"modified":"2025-12-29T05:55:27","modified_gmt":"2025-12-29T05:55:27","slug":"custom-new-luxury-womens-solid-color-boston-shoulder-bag","status":"publish","type":"product","link":"https:\/\/baijiabags.com\/de\/produkt\/custom-new-luxury-womens-solid-color-boston-shoulder-bag\/","title":{"rendered":"Benutzerdefinierte neue Luxus-Frauen solide Farbe Boston Umh\u00e4ngetasche"},"content":{"rendered":"<h2 data-start=\"728\" data-end=\"743\">Wesentliche Merkmale<\/h2>\n<ol data-start=\"745\" data-end=\"1687\">\n<li data-start=\"745\" data-end=\"870\">\n<p data-start=\"747\" data-end=\"870\"><strong data-start=\"747\" data-end=\"775\">Klassische Boston-Tasche Form:<\/strong>Die zeitlose Struktur im Bostoner Stil sorgt f\u00fcr ein ausgewogenes Erscheinungsbild und ein gro\u00dfz\u00fcgiges Platzangebot im Inneren.<\/p>\n<\/li>\n<li data-start=\"872\" data-end=\"986\">\n<p data-start=\"874\" data-end=\"986\"><strong data-start=\"874\" data-end=\"897\">Hochwertiges PU-Material:<\/strong>Strapazierf\u00e4higes PU-Leder h\u00e4lt dem t\u00e4glichen Verschlei\u00df stand, beh\u00e4lt seine Form und sorgt f\u00fcr ein raffiniertes Aussehen.<\/p>\n<\/li>\n<li data-start=\"988\" data-end=\"1093\">\n<p data-start=\"990\" data-end=\"1093\"><strong data-start=\"990\" data-end=\"1012\">Einfarbig Design:<\/strong>Die minimalistische, unifarbene Ausf\u00fchrung l\u00e4sst sich leicht mit verschiedenen Outfits kombinieren.<\/p>\n<\/li>\n<li data-start=\"1095\" data-end=\"1208\">\n<p data-start=\"1097\" data-end=\"1208\"><strong data-start=\"1097\" data-end=\"1127\">Bequemes Tragen \u00fcber die Schulter:<\/strong>Der Schultergurt bietet eine stabile Gewichtsverteilung f\u00fcr den t\u00e4glichen Dauereinsatz.<\/p>\n<\/li>\n<li data-start=\"1210\" data-end=\"1332\">\n<p data-start=\"1212\" data-end=\"1332\"><strong data-start=\"1212\" data-end=\"1237\">Kundenspezifisches Logo verf\u00fcgbar:<\/strong>Die Branding-Optionen erm\u00f6glichen die Anpassung des Logos zur Unterst\u00fctzung von Eigenmarken- und Gro\u00dfhandelsprojekten.<\/p>\n<\/li>\n<li data-start=\"1334\" data-end=\"1455\">\n<p data-start=\"1336\" data-end=\"1455\"><strong data-start=\"1336\" data-end=\"1361\">Flexible Gr\u00f6\u00dfenoptionen:<\/strong>Ma\u00dfgeschneiderte Abmessungen entsprechen den unterschiedlichen regionalen Marktpr\u00e4ferenzen und funktionalen Anforderungen.<\/p>\n<\/li>\n<li data-start=\"1457\" data-end=\"1562\">\n<p data-start=\"1459\" data-end=\"1562\"><strong data-start=\"1459\" data-end=\"1483\">Verst\u00e4rkte N\u00e4hte:<\/strong>Starke N\u00e4hte verbessern die allgemeine Haltbarkeit und verl\u00e4ngern die Lebensdauer des Produkts.<\/p>\n<\/li>\n<li data-start=\"1564\" data-end=\"1687\">\n<p data-start=\"1566\" data-end=\"1687\"><strong data-start=\"1566\" data-end=\"1596\">Modeorientierter Aufbau:<\/strong>Der strukturierte Korpus verleiht der Tasche eine ansprechende Optik und erm\u00f6glicht gleichzeitig eine organisierte Aufbewahrung.<\/p>\n<\/li>\n<\/ol>\n<h2 data-start=\"1689\" data-end=\"1706\">Spezifikationen<\/h2>\n<div class=\"TyagGW_tableContainer\">\n<div class=\"group TyagGW_tableWrapper flex w-fit flex-col-reverse\" tabindex=\"-1\">\n<table class=\"w-fit min-w-(--thread-content-width)\" data-start=\"1708\" data-end=\"2047\">\n<thead data-start=\"1708\" data-end=\"1735\">\n<tr data-start=\"1708\" data-end=\"1735\">\n<th data-start=\"1708\" data-end=\"1724\" data-col-size=\"sm\">Spezifikation<\/th>\n<th data-start=\"1724\" data-end=\"1735\" data-col-size=\"sm\">Einzelheiten<\/th>\n<\/tr>\n<\/thead>\n<tbody data-start=\"1746\" data-end=\"2047\">\n<tr data-start=\"1746\" data-end=\"1780\">\n<td data-start=\"1746\" data-end=\"1761\" data-col-size=\"sm\">Produktname<\/td>\n<td data-start=\"1761\" data-end=\"1780\" data-col-size=\"sm\">Damenhandtasche<\/td>\n<\/tr>\n<tr data-start=\"1781\" data-end=\"1799\">\n<td data-start=\"1781\" data-end=\"1789\" data-col-size=\"sm\">Marke<\/td>\n<td data-start=\"1789\" data-end=\"1799\" data-col-size=\"sm\">RONEER<\/td>\n<\/tr>\n<tr data-start=\"1800\" data-end=\"1823\">\n<td data-start=\"1800\" data-end=\"1815\" data-col-size=\"sm\">Modellnummer<\/td>\n<td data-start=\"1815\" data-end=\"1823\" data-col-size=\"sm\">3177<\/td>\n<\/tr>\n<tr data-start=\"1824\" data-end=\"1849\">\n<td data-start=\"1824\" data-end=\"1835\" data-col-size=\"sm\">Material<\/td>\n<td data-start=\"1835\" data-end=\"1849\" data-col-size=\"sm\">PU-Leder<\/td>\n<\/tr>\n<tr data-start=\"1850\" data-end=\"1869\">\n<td data-start=\"1850\" data-end=\"1858\" data-col-size=\"sm\">Stil<\/td>\n<td data-start=\"1858\" data-end=\"1869\" data-col-size=\"sm\">Mode<\/td>\n<\/tr>\n<tr data-start=\"1870\" data-end=\"1899\">\n<td data-start=\"1870\" data-end=\"1879\" data-col-size=\"sm\">Herkunft<\/td>\n<td data-start=\"1879\" data-end=\"1899\" data-col-size=\"sm\">Guangdong, China<\/td>\n<\/tr>\n<tr data-start=\"1900\" data-end=\"1923\">\n<td data-start=\"1900\" data-end=\"1907\" data-col-size=\"sm\">Gr\u00f6\u00dfe<\/td>\n<td data-start=\"1907\" data-end=\"1923\" data-col-size=\"sm\">Anpassbar<\/td>\n<\/tr>\n<tr data-start=\"1924\" data-end=\"1948\">\n<td data-start=\"1924\" data-end=\"1932\" data-col-size=\"sm\">Farbe<\/td>\n<td data-start=\"1932\" data-end=\"1948\" data-col-size=\"sm\">Anpassbar<\/td>\n<\/tr>\n<tr data-start=\"1949\" data-end=\"1972\">\n<td data-start=\"1949\" data-end=\"1956\" data-col-size=\"sm\">Logo<\/td>\n<td data-start=\"1956\" data-end=\"1972\" data-col-size=\"sm\">Anpassbar<\/td>\n<\/tr>\n<tr data-start=\"1973\" data-end=\"2026\">\n<td data-start=\"1973\" data-end=\"1984\" data-col-size=\"sm\">Eigenschaften<\/td>\n<td data-start=\"1984\" data-end=\"2026\" data-col-size=\"sm\">\u00c4sthetisches Design, langlebige Konstruktion<\/td>\n<\/tr>\n<tr data-start=\"2027\" data-end=\"2047\">\n<td data-start=\"2027\" data-end=\"2033\" data-col-size=\"sm\">MOQ<\/td>\n<td data-start=\"2033\" data-end=\"2047\" data-col-size=\"sm\">Verhandlungsf\u00e4hig<\/td>\n<\/tr>\n<\/tbody>\n<\/table>\n<\/div>\n<\/div>\n<h2 data-start=\"2049\" data-end=\"2063\">Anmeldung<\/h2>\n<ul data-start=\"2152\" data-end=\"2477\">\n<li data-start=\"2152\" data-end=\"2235\">\n<p data-start=\"2154\" data-end=\"2235\"><strong data-start=\"2154\" data-end=\"2168\">Das t\u00e4gliche Leben<\/strong> - Ideal f\u00fcr Pendler, Freizeitaktivit\u00e4ten und die t\u00e4gliche Organisation<\/p>\n<\/li>\n<li data-start=\"2236\" data-end=\"2300\">\n<p data-start=\"2238\" data-end=\"2300\"><strong data-start=\"2238\" data-end=\"2248\">Reisen<\/strong> - Geeignet f\u00fcr Kurztrips und leichte Reiseanforderungen<\/p>\n<\/li>\n<li data-start=\"2301\" data-end=\"2392\">\n<p data-start=\"2303\" data-end=\"2392\"><strong data-start=\"2303\" data-end=\"2315\">Einkaufen<\/strong> - Bietet ausreichend Platz f\u00fcr pers\u00f6nliche Dinge und bewahrt gleichzeitig den Stil<\/p>\n<\/li>\n<li data-start=\"2393\" data-end=\"2477\">\n<p data-start=\"2395\" data-end=\"2477\"><strong data-start=\"2395\" data-end=\"2414\">Urbaner Lebensstil<\/strong> - Erg\u00e4nzt moderne Modetrends und saisonale Kollektionen<\/p>\n<\/li>\n<\/ul>\n<p data-start=\"2641\" data-end=\"2880\" data-is-last-node=\"\" data-is-only-node=\"\">Wenn Sie sich f\u00fcr diese Boston-Umh\u00e4ngetasche f\u00fcr Frauen interessieren, kontaktieren Sie uns bitte, um Muster anzufordern. <strong data-start=\"2738\" data-end=\"2774\">ODM- und OEM-Dienste sind verf\u00fcgbar<\/strong>einschlie\u00dflich Logoanpassung, Farbabstimmung und Verpackungsl\u00f6sungen zur Unterst\u00fctzung Ihrer Markenentwicklung.<\/p>","protected":false},"excerpt":{"rendered":"<p>Die <strong data-start=\"25\" data-end=\"86\">Benutzerdefinierte neue Luxus-Frauen solide Farbe Boston Umh\u00e4ngetasche<\/strong> von <strong data-start=\"92\" data-end=\"102\">RONEER<\/strong> wurde f\u00fcr moderne Frauen entworfen, die Wert auf Stil, Zweckm\u00e4\u00dfigkeit und individuelle Gestaltung legen. Diese Handtasche kombiniert die klassische Boston-Bag-Silhouette mit einem klaren, einfarbigen Design und eignet sich sowohl f\u00fcr legere als auch f\u00fcr semi-formale Anl\u00e4sse. Die in Guangdong, China, hergestellte Tasche spiegelt eine sorgf\u00e4ltige Materialauswahl und raffinierte Handwerkskunst wider, wobei der Schwerpunkt auf Haltbarkeit und Alltagstauglichkeit liegt.<\/p>","protected":false},"featured_media":5232,"comment_status":"open","ping_status":"closed","template":"","meta":{"site-sidebar-layout":"default","site-content-layout":"","ast-site-content-layout":"default","site-content-style":"default","site-sidebar-style":"default","ast-global-header-display":"","ast-banner-title-visibility":"","ast-main-header-display":"","ast-hfb-above-header-display":"","ast-hfb-below-header-display":"","ast-hfb-mobile-header-display":"","site-post-title":"","ast-breadcrumbs-content":"","ast-featured-img":"","footer-sml-layout":"","ast-disable-related-posts":"","theme-transparent-header-meta":"default","adv-header-id-meta":"","stick-header-meta":"","header-above-stick-meta":"","header-main-stick-meta":"","header-below-stick-meta":"","astra-migrate-meta-layouts":"set","ast-page-background-enabled":"default","ast-page-background-meta":{"desktop":{"background-color":"var(--ast-global-color-5)","background-image":"","background-repeat":"repeat","background-position":"center center","background-size":"auto","background-attachment":"scroll","background-type":"","background-media":"","overlay-type":"","overlay-color":"","overlay-opacity":"","overlay-gradient":""},"tablet":{"background-color":"","background-image":"","background-repeat":"repeat","background-position":"center center","background-size":"auto","background-attachment":"scroll","background-type":"","background-media":"","overlay-type":"","overlay-color":"","overlay-opacity":"","overlay-gradient":""},"mobile":{"background-color":"","background-image":"","background-repeat":"repeat","background-position":"center center","background-size":"auto","background-attachment":"scroll","background-type":"","background-media":"","overlay-type":"","overlay-color":"","overlay-opacity":"","overlay-gradient":""}},"ast-content-background-meta":{"desktop":{"background-color":"var(--ast-global-color-4)","background-image":"","background-repeat":"repeat","background-position":"center center","background-size":"auto","background-attachment":"scroll","background-type":"","background-media":"","overlay-type":"","overlay-color":"","overlay-opacity":"","overlay-gradient":""},"tablet":{"background-color":"var(--ast-global-color-4)","background-image":"","background-repeat":"repeat","background-position":"center center","background-size":"auto","background-attachment":"scroll","background-type":"","background-media":"","overlay-type":"","overlay-color":"","overlay-opacity":"","overlay-gradient":""},"mobile":{"background-color":"var(--ast-global-color-4)","background-image":"","background-repeat":"repeat","background-position":"center center","background-size":"auto","background-attachment":"scroll","background-type":"","background-media":"","overlay-type":"","overlay-color":"","overlay-opacity":"","overlay-gradient":""}}},"product_brand":[],"product_cat":[42,54],"product_tag":[],"class_list":{"0":"post-5225","1":"product","2":"type-product","3":"status-publish","4":"has-post-thumbnail","6":"product_cat-hand-bag","7":"product_cat-womens-bag","8":"desktop-align-left","9":"tablet-align-left","10":"mobile-align-left","12":"first","13":"instock","14":"shipping-taxable","15":"product-type-simple"},"_links":{"self":[{"href":"https:\/\/baijiabags.com\/de\/wp-json\/wp\/v2\/product\/5225","targetHints":{"allow":["GET"]}}],"collection":[{"href":"https:\/\/baijiabags.com\/de\/wp-json\/wp\/v2\/product"}],"about":[{"href":"https:\/\/baijiabags.com\/de\/wp-json\/wp\/v2\/types\/product"}],"replies":[{"embeddable":true,"href":"https:\/\/baijiabags.com\/de\/wp-json\/wp\/v2\/comments?post=5225"}],"wp:featuredmedia":[{"embeddable":true,"href":"https:\/\/baijiabags.com\/de\/wp-json\/wp\/v2\/media\/5232"}],"wp:attachment":[{"href":"https:\/\/baijiabags.com\/de\/wp-json\/wp\/v2\/media?parent=5225"}],"wp:term":[{"taxonomy":"product_brand","embeddable":true,"href":"https:\/\/baijiabags.com\/de\/wp-json\/wp\/v2\/product_brand?post=5225"},{"taxonomy":"product_cat","embeddable":true,"href":"https:\/\/baijiabags.com\/de\/wp-json\/wp\/v2\/product_cat?post=5225"},{"taxonomy":"product_tag","embeddable":true,"href":"https:\/\/baijiabags.com\/de\/wp-json\/wp\/v2\/product_tag?post=5225"}],"curies":[{"name":"wp","href":"https:\/\/api.w.org\/{rel}","templated":true}]}}