{"id":5150,"date":"2025-12-24T01:55:49","date_gmt":"2025-12-24T01:55:49","guid":{"rendered":"https:\/\/baijiabags.com\/?post_type=product&#038;p=5150"},"modified":"2025-12-24T01:55:49","modified_gmt":"2025-12-24T01:55:49","slug":"manufacturer-wholesale-luxury-leather-handbag-with-custom-options","status":"publish","type":"product","link":"https:\/\/baijiabags.com\/de\/produkt\/manufacturer-wholesale-luxury-leather-handbag-with-custom-options\/","title":{"rendered":"Hersteller Gro\u00dfhandel Luxus Lederhandtasche mit benutzerdefinierten Optionen"},"content":{"rendered":"<h2 data-start=\"721\" data-end=\"739\">Wesentliche Merkmale<\/h2>\n<ol data-start=\"740\" data-end=\"1373\">\n<li data-start=\"740\" data-end=\"831\">\n<p data-start=\"742\" data-end=\"831\">Die Konstruktion aus echtem Leder sorgt f\u00fcr lange Haltbarkeit und ein erstklassiges Handgef\u00fchl<\/p>\n<\/li>\n<li data-start=\"832\" data-end=\"920\">\n<p data-start=\"834\" data-end=\"920\">Wasserdichte Oberfl\u00e4chenbehandlung zum Schutz des Inhalts bei t\u00e4glichem Gebrauch und auf Reisen<\/p>\n<\/li>\n<li data-start=\"921\" data-end=\"988\">\n<p data-start=\"923\" data-end=\"988\">Modebewusste Silhouette f\u00fcr den modernen urbanen Lebensstil<\/p>\n<\/li>\n<li data-start=\"989\" data-end=\"1073\">\n<p data-start=\"991\" data-end=\"1073\">Verst\u00e4rkte Griffe, die das bequeme Tragen in der Hand unterst\u00fctzen, auch bei t\u00e4glicher Belastung<\/p>\n<\/li>\n<li data-start=\"1074\" data-end=\"1144\">\n<p data-start=\"1076\" data-end=\"1144\">Strukturierter Innenraum f\u00fcr eine effiziente Organisation pers\u00f6nlicher Gegenst\u00e4nde<\/p>\n<\/li>\n<li data-start=\"1145\" data-end=\"1218\">\n<p data-start=\"1147\" data-end=\"1218\">Individuelle Logo-Optionen f\u00fcr Markenbildung und Private Labeling verf\u00fcgbar<\/p>\n<\/li>\n<li data-start=\"1219\" data-end=\"1301\">\n<p data-start=\"1221\" data-end=\"1301\">Flexible Farbauswahl zur Anpassung an saisonale Kollektionen oder regionale Vorlieben<\/p>\n<\/li>\n<li data-start=\"1302\" data-end=\"1373\">\n<p data-start=\"1304\" data-end=\"1373\">Stabile N\u00e4hte und Kantenverarbeitung sind f\u00fcr den wiederholten t\u00e4glichen Gebrauch ausgelegt<\/p>\n<\/li>\n<\/ol>\n<h2 data-start=\"1375\" data-end=\"1395\">Spezifikationen<\/h2>\n<div class=\"TyagGW_tableContainer\">\n<div class=\"group TyagGW_tableWrapper flex w-fit flex-col-reverse\" tabindex=\"-1\">\n<table class=\"w-fit min-w-(--thread-content-width)\" data-start=\"1396\" data-end=\"1747\">\n<thead data-start=\"1396\" data-end=\"1418\">\n<tr data-start=\"1396\" data-end=\"1418\">\n<th data-start=\"1396\" data-end=\"1403\" data-col-size=\"sm\">Artikel<\/th>\n<th data-start=\"1403\" data-end=\"1418\" data-col-size=\"md\">Beschreibung<\/th>\n<\/tr>\n<\/thead>\n<tbody data-start=\"1442\" data-end=\"1747\">\n<tr data-start=\"1442\" data-end=\"1468\">\n<td data-start=\"1442\" data-end=\"1457\" data-col-size=\"sm\">Produktname<\/td>\n<td data-start=\"1457\" data-end=\"1468\" data-col-size=\"md\">Handtasche<\/td>\n<\/tr>\n<tr data-start=\"1469\" data-end=\"1487\">\n<td data-start=\"1469\" data-end=\"1477\" data-col-size=\"sm\">Marke<\/td>\n<td data-start=\"1477\" data-end=\"1487\" data-col-size=\"md\">RONEER<\/td>\n<\/tr>\n<tr data-start=\"1488\" data-end=\"1509\">\n<td data-start=\"1488\" data-end=\"1496\" data-col-size=\"sm\">Modell<\/td>\n<td data-start=\"1496\" data-end=\"1509\" data-col-size=\"md\">BJ-9115-1<\/td>\n<\/tr>\n<tr data-start=\"1510\" data-end=\"1540\">\n<td data-start=\"1510\" data-end=\"1521\" data-col-size=\"sm\">Material<\/td>\n<td data-start=\"1521\" data-end=\"1540\" data-col-size=\"md\">Echtes Leder<\/td>\n<\/tr>\n<tr data-start=\"1541\" data-end=\"1570\">\n<td data-start=\"1541\" data-end=\"1550\" data-col-size=\"sm\">Herkunft<\/td>\n<td data-start=\"1550\" data-end=\"1570\" data-col-size=\"md\">Guangdong, China<\/td>\n<\/tr>\n<tr data-start=\"1571\" data-end=\"1590\">\n<td data-start=\"1571\" data-end=\"1579\" data-col-size=\"sm\">Stil<\/td>\n<td data-start=\"1579\" data-end=\"1590\" data-col-size=\"md\">Mode<\/td>\n<\/tr>\n<tr data-start=\"1591\" data-end=\"1614\">\n<td data-start=\"1591\" data-end=\"1598\" data-col-size=\"sm\">Gr\u00f6\u00dfe<\/td>\n<td data-start=\"1598\" data-end=\"1614\" data-col-size=\"md\">Anpassbar<\/td>\n<\/tr>\n<tr data-start=\"1615\" data-end=\"1639\">\n<td data-start=\"1615\" data-end=\"1623\" data-col-size=\"sm\">Farbe<\/td>\n<td data-start=\"1623\" data-end=\"1639\" data-col-size=\"md\">Anpassbar<\/td>\n<\/tr>\n<tr data-start=\"1640\" data-end=\"1663\">\n<td data-start=\"1640\" data-end=\"1647\" data-col-size=\"sm\">Logo<\/td>\n<td data-start=\"1647\" data-end=\"1663\" data-col-size=\"md\">Anpassbar<\/td>\n<\/tr>\n<tr data-start=\"1664\" data-end=\"1726\">\n<td data-start=\"1664\" data-end=\"1675\" data-col-size=\"sm\">Eigenschaften<\/td>\n<td data-start=\"1675\" data-end=\"1726\" data-col-size=\"md\">\u00c4sthetisches Design, dauerhafte Struktur, wasserdicht<\/td>\n<\/tr>\n<tr data-start=\"1727\" data-end=\"1747\">\n<td data-start=\"1727\" data-end=\"1733\" data-col-size=\"sm\">MOQ<\/td>\n<td data-start=\"1733\" data-end=\"1747\" data-col-size=\"md\">Verhandlungsf\u00e4hig<\/td>\n<\/tr>\n<\/tbody>\n<\/table>\n<\/div>\n<\/div>\n<h2 data-start=\"1934\" data-end=\"1952\">Anwendungen<\/h2>\n<ul data-start=\"2021\" data-end=\"2349\">\n<li data-start=\"2021\" data-end=\"2089\">\n<p data-start=\"2023\" data-end=\"2089\"><strong data-start=\"2023\" data-end=\"2038\">Das t\u00e4gliche Leben:<\/strong> Geeignet f\u00fcr Pendler, f\u00fcr die Arbeit und f\u00fcr Freizeitausfl\u00fcge<\/p>\n<\/li>\n<li data-start=\"2090\" data-end=\"2177\">\n<p data-start=\"2092\" data-end=\"2177\"><strong data-start=\"2092\" data-end=\"2105\">Einkaufen:<\/strong> Bietet ausreichend Platz f\u00fcr pers\u00f6nliche Dinge mit einem raffinierten Look<\/p>\n<\/li>\n<li data-start=\"2178\" data-end=\"2258\">\n<p data-start=\"2180\" data-end=\"2258\"><strong data-start=\"2180\" data-end=\"2191\">Reisen:<\/strong> Eignet sich gut als Handgep\u00e4ck oder pers\u00f6nlicher Gegenstand bei Kurzreisen<\/p>\n<\/li>\n<li data-start=\"2259\" data-end=\"2349\">\n<p data-start=\"2261\" data-end=\"2349\"><strong data-start=\"2261\" data-end=\"2284\">Gro\u00dfhandel und Einzelhandel:<\/strong> Ideal f\u00fcr Boutiquen, Online-Shops und Eigenmarkenprogramme<\/p>\n<\/li>\n<\/ul>\n<p data-start=\"2553\" data-end=\"2780\" data-is-last-node=\"\" data-is-only-node=\"\">Wenn Sie an dieser luxuri\u00f6sen Lederhandtasche interessiert sind, k\u00f6nnen Sie sich gerne mit uns in Verbindung setzen, um Muster und detaillierte Angebote anzufordern. ODM- und OEM-Dienstleistungen sind verf\u00fcgbar, mit flexibler Produktionsunterst\u00fctzung f\u00fcr Gro\u00dfhandel und kundenspezifische Auftr\u00e4ge.<\/p>","protected":false},"excerpt":{"rendered":"<p>Die <strong data-start=\"97\" data-end=\"166\">Hersteller Gro\u00dfhandel Luxus Lederhandtasche mit benutzerdefinierten Optionen<\/strong> von <strong data-start=\"172\" data-end=\"182\">RONEER<\/strong> richtet sich an K\u00e4ufer, die Wert auf handwerkliche Qualit\u00e4t, flexible Anpassung und zuverl\u00e4ssige Lieferung legen. F\u00fcr diese Handtasche wird echtes Leder verwendet, das in Guangdong, China, bezogen und verarbeitet wird, einer Region, die f\u00fcr ihre ausgereifte Lederherstellung bekannt ist. Das Design konzentriert sich auf die Alltagstauglichkeit bei gleichzeitiger Beibehaltung eines raffinierten, modischen Aussehens, das sowohl f\u00fcr den pers\u00f6nlichen Gebrauch als auch f\u00fcr den Gro\u00dfhandel geeignet ist.<\/p>","protected":false},"featured_media":5154,"comment_status":"open","ping_status":"closed","template":"","meta":{"site-sidebar-layout":"default","site-content-layout":"","ast-site-content-layout":"default","site-content-style":"default","site-sidebar-style":"default","ast-global-header-display":"","ast-banner-title-visibility":"","ast-main-header-display":"","ast-hfb-above-header-display":"","ast-hfb-below-header-display":"","ast-hfb-mobile-header-display":"","site-post-title":"","ast-breadcrumbs-content":"","ast-featured-img":"","footer-sml-layout":"","ast-disable-related-posts":"","theme-transparent-header-meta":"default","adv-header-id-meta":"","stick-header-meta":"","header-above-stick-meta":"","header-main-stick-meta":"","header-below-stick-meta":"","astra-migrate-meta-layouts":"set","ast-page-background-enabled":"default","ast-page-background-meta":{"desktop":{"background-color":"var(--ast-global-color-5)","background-image":"","background-repeat":"repeat","background-position":"center center","background-size":"auto","background-attachment":"scroll","background-type":"","background-media":"","overlay-type":"","overlay-color":"","overlay-opacity":"","overlay-gradient":""},"tablet":{"background-color":"","background-image":"","background-repeat":"repeat","background-position":"center center","background-size":"auto","background-attachment":"scroll","background-type":"","background-media":"","overlay-type":"","overlay-color":"","overlay-opacity":"","overlay-gradient":""},"mobile":{"background-color":"","background-image":"","background-repeat":"repeat","background-position":"center center","background-size":"auto","background-attachment":"scroll","background-type":"","background-media":"","overlay-type":"","overlay-color":"","overlay-opacity":"","overlay-gradient":""}},"ast-content-background-meta":{"desktop":{"background-color":"var(--ast-global-color-4)","background-image":"","background-repeat":"repeat","background-position":"center center","background-size":"auto","background-attachment":"scroll","background-type":"","background-media":"","overlay-type":"","overlay-color":"","overlay-opacity":"","overlay-gradient":""},"tablet":{"background-color":"var(--ast-global-color-4)","background-image":"","background-repeat":"repeat","background-position":"center center","background-size":"auto","background-attachment":"scroll","background-type":"","background-media":"","overlay-type":"","overlay-color":"","overlay-opacity":"","overlay-gradient":""},"mobile":{"background-color":"var(--ast-global-color-4)","background-image":"","background-repeat":"repeat","background-position":"center center","background-size":"auto","background-attachment":"scroll","background-type":"","background-media":"","overlay-type":"","overlay-color":"","overlay-opacity":"","overlay-gradient":""}}},"product_brand":[],"product_cat":[54,42],"product_tag":[],"class_list":{"0":"post-5150","1":"product","2":"type-product","3":"status-publish","4":"has-post-thumbnail","6":"product_cat-womens-bag","7":"product_cat-hand-bag","8":"desktop-align-left","9":"tablet-align-left","10":"mobile-align-left","12":"first","13":"instock","14":"shipping-taxable","15":"product-type-simple"},"_links":{"self":[{"href":"https:\/\/baijiabags.com\/de\/wp-json\/wp\/v2\/product\/5150","targetHints":{"allow":["GET"]}}],"collection":[{"href":"https:\/\/baijiabags.com\/de\/wp-json\/wp\/v2\/product"}],"about":[{"href":"https:\/\/baijiabags.com\/de\/wp-json\/wp\/v2\/types\/product"}],"replies":[{"embeddable":true,"href":"https:\/\/baijiabags.com\/de\/wp-json\/wp\/v2\/comments?post=5150"}],"wp:featuredmedia":[{"embeddable":true,"href":"https:\/\/baijiabags.com\/de\/wp-json\/wp\/v2\/media\/5154"}],"wp:attachment":[{"href":"https:\/\/baijiabags.com\/de\/wp-json\/wp\/v2\/media?parent=5150"}],"wp:term":[{"taxonomy":"product_brand","embeddable":true,"href":"https:\/\/baijiabags.com\/de\/wp-json\/wp\/v2\/product_brand?post=5150"},{"taxonomy":"product_cat","embeddable":true,"href":"https:\/\/baijiabags.com\/de\/wp-json\/wp\/v2\/product_cat?post=5150"},{"taxonomy":"product_tag","embeddable":true,"href":"https:\/\/baijiabags.com\/de\/wp-json\/wp\/v2\/product_tag?post=5150"}],"curies":[{"name":"wp","href":"https:\/\/api.w.org\/{rel}","templated":true}]}}