{"id":5120,"date":"2025-12-22T01:21:59","date_gmt":"2025-12-22T01:21:59","guid":{"rendered":"https:\/\/baijiabags.com\/?post_type=product&#038;p=5120"},"modified":"2025-12-22T01:21:59","modified_gmt":"2025-12-22T01:21:59","slug":"factory-wholesale-lightweight-everyday-backpack-890-series","status":"publish","type":"product","link":"https:\/\/baijiabags.com\/de\/produkt\/factory-wholesale-lightweight-everyday-backpack-890-series\/","title":{"rendered":"Fabrik Gro\u00dfhandel leichte Alltag Rucksack, 890 Serie"},"content":{"rendered":"<h2>Wesentliche Merkmale<\/h2>\n<ul data-start=\"807\" data-end=\"1426\">\n<li data-start=\"807\" data-end=\"888\">\n<p data-start=\"809\" data-end=\"888\">Die leichte Konstruktion verringert die Belastung der Schultern bei stundenlangem Tragen.<\/p>\n<\/li>\n<li data-start=\"889\" data-end=\"970\">\n<p data-start=\"891\" data-end=\"970\">Strapazierf\u00e4higes PU-Material widersteht dem t\u00e4glichen Verschlei\u00df, Kratzern und leichter Feuchtigkeit.<\/p>\n<\/li>\n<li data-start=\"971\" data-end=\"1048\">\n<p data-start=\"973\" data-end=\"1048\">Das modische Design eignet sich f\u00fcr Beruf, Freizeit und Reisen.<\/p>\n<\/li>\n<li data-start=\"1049\" data-end=\"1122\">\n<p data-start=\"1051\" data-end=\"1122\">Anpassbare Logo-Optionen unterst\u00fctzen Markenwerbung und Private Labeling.<\/p>\n<\/li>\n<li data-start=\"1123\" data-end=\"1195\">\n<p data-start=\"1125\" data-end=\"1195\">Einstellbare Gr\u00f6\u00dfenkonfigurationen zur Anpassung an unterschiedliche Marktanforderungen.<\/p>\n<\/li>\n<li data-start=\"1196\" data-end=\"1272\">\n<p data-start=\"1198\" data-end=\"1272\">Mehrere F\u00e4cher erleichtern die Organisation von Arbeits- und Reiseutensilien.<\/p>\n<\/li>\n<li data-start=\"1273\" data-end=\"1342\">\n<p data-start=\"1275\" data-end=\"1342\">Verst\u00e4rkte N\u00e4hte erh\u00f6hen die strukturelle Festigkeit und Lebensdauer.<\/p>\n<\/li>\n<li data-start=\"1343\" data-end=\"1426\">\n<p data-start=\"1345\" data-end=\"1426\">Flexible MOQ- und Verpackungsoptionen unterst\u00fctzen sowohl kleine als auch gro\u00dfe Gro\u00dfhandelsauftr\u00e4ge.<\/p>\n<\/li>\n<\/ul>\n<h2>Spezifikationen<\/h2>\n<div class=\"TyagGW_tableContainer\">\n<div class=\"group TyagGW_tableWrapper flex w-fit flex-col-reverse\" tabindex=\"-1\">\n<table class=\"w-fit min-w-(--thread-content-width)\" data-start=\"1577\" data-end=\"2100\">\n<thead data-start=\"1577\" data-end=\"1601\">\n<tr data-start=\"1577\" data-end=\"1601\">\n<th data-start=\"1577\" data-end=\"1584\" data-col-size=\"sm\">Artikel<\/th>\n<th data-start=\"1584\" data-end=\"1601\" data-col-size=\"sm\">Spezifikation<\/th>\n<\/tr>\n<\/thead>\n<tbody data-start=\"1626\" data-end=\"2100\">\n<tr data-start=\"1626\" data-end=\"1653\">\n<td data-start=\"1626\" data-end=\"1641\" data-col-size=\"sm\">Produktname<\/td>\n<td data-col-size=\"sm\" data-start=\"1641\" data-end=\"1653\">Rucksack<\/td>\n<\/tr>\n<tr data-start=\"1654\" data-end=\"1677\">\n<td data-start=\"1654\" data-end=\"1663\" data-col-size=\"sm\">Serie<\/td>\n<td data-start=\"1663\" data-end=\"1677\" data-col-size=\"sm\">Baureihe 890<\/td>\n<\/tr>\n<tr data-start=\"1678\" data-end=\"1696\">\n<td data-start=\"1678\" data-end=\"1686\" data-col-size=\"sm\">Marke<\/td>\n<td data-start=\"1686\" data-end=\"1696\" data-col-size=\"sm\">RONEER<\/td>\n<\/tr>\n<tr data-start=\"1697\" data-end=\"1735\">\n<td data-start=\"1697\" data-end=\"1715\" data-col-size=\"sm\">Ort der Herkunft<\/td>\n<td data-col-size=\"sm\" data-start=\"1715\" data-end=\"1735\">Guangdong, China<\/td>\n<\/tr>\n<tr data-start=\"1736\" data-end=\"1755\">\n<td data-start=\"1736\" data-end=\"1744\" data-col-size=\"sm\">Stil<\/td>\n<td data-col-size=\"sm\" data-start=\"1744\" data-end=\"1755\">Mode<\/td>\n<\/tr>\n<tr data-start=\"1756\" data-end=\"1778\">\n<td data-start=\"1756\" data-end=\"1772\" data-col-size=\"sm\">Hauptmaterial<\/td>\n<td data-col-size=\"sm\" data-start=\"1772\" data-end=\"1778\">PU<\/td>\n<\/tr>\n<tr data-start=\"1779\" data-end=\"1802\">\n<td data-start=\"1779\" data-end=\"1786\" data-col-size=\"sm\">Gr\u00f6\u00dfe<\/td>\n<td data-col-size=\"sm\" data-start=\"1786\" data-end=\"1802\">Anpassbar<\/td>\n<\/tr>\n<tr data-start=\"1803\" data-end=\"1827\">\n<td data-start=\"1803\" data-end=\"1811\" data-col-size=\"sm\">Farbe<\/td>\n<td data-start=\"1811\" data-end=\"1827\" data-col-size=\"sm\">Anpassbar<\/td>\n<\/tr>\n<tr data-start=\"1828\" data-end=\"1851\">\n<td data-start=\"1828\" data-end=\"1835\" data-col-size=\"sm\">Logo<\/td>\n<td data-col-size=\"sm\" data-start=\"1835\" data-end=\"1851\">Anpassbar<\/td>\n<\/tr>\n<tr data-start=\"1852\" data-end=\"1886\">\n<td data-start=\"1852\" data-end=\"1862\" data-col-size=\"sm\">Merkmal<\/td>\n<td data-col-size=\"sm\" data-start=\"1862\" data-end=\"1886\">Langlebig, leicht<\/td>\n<\/tr>\n<tr data-start=\"1887\" data-end=\"1907\">\n<td data-start=\"1887\" data-end=\"1893\" data-col-size=\"sm\">MOQ<\/td>\n<td data-col-size=\"sm\" data-start=\"1893\" data-end=\"1907\">Verhandlungsf\u00e4hig<\/td>\n<\/tr>\n<tr data-start=\"1908\" data-end=\"1934\">\n<td data-start=\"1908\" data-end=\"1920\" data-col-size=\"sm\">Verpackung<\/td>\n<td data-col-size=\"sm\" data-start=\"1920\" data-end=\"1934\">Verhandlungsf\u00e4hig<\/td>\n<\/tr>\n<tr data-start=\"1935\" data-end=\"1982\">\n<td data-start=\"1935\" data-end=\"1955\" data-col-size=\"sm\">Anwendungsbereich<\/td>\n<td data-col-size=\"sm\" data-start=\"1955\" data-end=\"1982\">T\u00e4glicher Gebrauch, Arbeit, Reisen<\/td>\n<\/tr>\n<tr data-start=\"1983\" data-end=\"2008\">\n<td data-start=\"1983\" data-end=\"1998\" data-col-size=\"sm\">Verschlussart<\/td>\n<td data-col-size=\"sm\" data-start=\"1998\" data-end=\"2008\">Rei\u00dfverschluss<\/td>\n<\/tr>\n<tr data-start=\"2009\" data-end=\"2057\">\n<td data-start=\"2009\" data-end=\"2027\" data-col-size=\"sm\">Tragesystem<\/td>\n<td data-col-size=\"sm\" data-start=\"2027\" data-end=\"2057\">Verstellbare Schultergurte<\/td>\n<\/tr>\n<tr data-start=\"2058\" data-end=\"2100\">\n<td data-start=\"2058\" data-end=\"2076\" data-col-size=\"sm\">Material der Auskleidung<\/td>\n<td data-col-size=\"sm\" data-start=\"2076\" data-end=\"2100\">Polyester (wahlweise)<\/td>\n<\/tr>\n<\/tbody>\n<\/table>\n<\/div>\n<\/div>\n<h2>Anwendungen<\/h2>\n<ul data-start=\"2242\" data-end=\"2482\">\n<li data-start=\"2242\" data-end=\"2277\">\n<p data-start=\"2244\" data-end=\"2277\">B\u00fcro- und Berufspendler<\/p>\n<\/li>\n<li data-start=\"2278\" data-end=\"2311\">\n<p data-start=\"2280\" data-end=\"2311\">Gesch\u00e4ftsreisen und Kurzreisen<\/p>\n<\/li>\n<li data-start=\"2312\" data-end=\"2354\">\n<p data-start=\"2314\" data-end=\"2354\">T\u00e4gliche Nutzung in der Stadt f\u00fcr Studenten und Arbeitnehmer<\/p>\n<\/li>\n<li data-start=\"2355\" data-end=\"2396\">\n<p data-start=\"2357\" data-end=\"2396\">Werbe- und Firmengeschenkprojekte<\/p>\n<\/li>\n<\/ul>\n<p>Wenn Sie an diesem Rucksack interessiert sind und Muster erhalten oder Details zur Anpassung besprechen m\u00f6chten, kontaktieren Sie uns bitte. Wir bieten ODM &amp; OEM-Dienstleistungen und unterst\u00fctzen eine langfristige Zusammenarbeit im Gro\u00dfhandel.<\/p>","protected":false},"excerpt":{"rendered":"<p>Der Factory Wholesale Lightweight Everyday Backpack, 890 Series wurde f\u00fcr die Bed\u00fcrfnisse moderner Benutzer entwickelt, die im Alltag Wert auf Funktionalit\u00e4t, Stil und Haltbarkeit legen. Dieser Rucksack zielt auf allt\u00e4gliche Nutzungsszenarien ab und f\u00fcgt sich nahtlos in Arbeits-, Reise- und Freizeitroutinen ein. Das Design konzentriert sich auf eine leichte Struktur in Kombination mit strapazierf\u00e4higem PU-Material, um eine langfristige Nutzung zu gew\u00e4hrleisten und gleichzeitig ein modisches Aussehen zu bewahren. Der Rucksack bietet umfangreiche Anpassungsm\u00f6glichkeiten, einschlie\u00dflich Logo, Gr\u00f6\u00dfe und Farbe, und eignet sich daher f\u00fcr Gro\u00dfhandels-, ODM- und OEM-Projekte. Die Produktion findet in Guangdong, China, statt, wo ausgereifte Herstellungsverfahren und Qualit\u00e4tskontrollstandards eine gleichbleibende Produktion gew\u00e4hrleisten.<\/p>","protected":false},"featured_media":5130,"comment_status":"open","ping_status":"closed","template":"","meta":{"site-sidebar-layout":"default","site-content-layout":"","ast-site-content-layout":"default","site-content-style":"default","site-sidebar-style":"default","ast-global-header-display":"","ast-banner-title-visibility":"","ast-main-header-display":"","ast-hfb-above-header-display":"","ast-hfb-below-header-display":"","ast-hfb-mobile-header-display":"","site-post-title":"","ast-breadcrumbs-content":"","ast-featured-img":"","footer-sml-layout":"","ast-disable-related-posts":"","theme-transparent-header-meta":"default","adv-header-id-meta":"","stick-header-meta":"","header-above-stick-meta":"","header-main-stick-meta":"","header-below-stick-meta":"","astra-migrate-meta-layouts":"set","ast-page-background-enabled":"default","ast-page-background-meta":{"desktop":{"background-color":"var(--ast-global-color-5)","background-image":"","background-repeat":"repeat","background-position":"center center","background-size":"auto","background-attachment":"scroll","background-type":"","background-media":"","overlay-type":"","overlay-color":"","overlay-opacity":"","overlay-gradient":""},"tablet":{"background-color":"","background-image":"","background-repeat":"repeat","background-position":"center center","background-size":"auto","background-attachment":"scroll","background-type":"","background-media":"","overlay-type":"","overlay-color":"","overlay-opacity":"","overlay-gradient":""},"mobile":{"background-color":"","background-image":"","background-repeat":"repeat","background-position":"center center","background-size":"auto","background-attachment":"scroll","background-type":"","background-media":"","overlay-type":"","overlay-color":"","overlay-opacity":"","overlay-gradient":""}},"ast-content-background-meta":{"desktop":{"background-color":"var(--ast-global-color-4)","background-image":"","background-repeat":"repeat","background-position":"center center","background-size":"auto","background-attachment":"scroll","background-type":"","background-media":"","overlay-type":"","overlay-color":"","overlay-opacity":"","overlay-gradient":""},"tablet":{"background-color":"var(--ast-global-color-4)","background-image":"","background-repeat":"repeat","background-position":"center center","background-size":"auto","background-attachment":"scroll","background-type":"","background-media":"","overlay-type":"","overlay-color":"","overlay-opacity":"","overlay-gradient":""},"mobile":{"background-color":"var(--ast-global-color-4)","background-image":"","background-repeat":"repeat","background-position":"center center","background-size":"auto","background-attachment":"scroll","background-type":"","background-media":"","overlay-type":"","overlay-color":"","overlay-opacity":"","overlay-gradient":""}}},"product_brand":[],"product_cat":[15],"product_tag":[],"class_list":{"0":"post-5120","1":"product","2":"type-product","3":"status-publish","4":"has-post-thumbnail","6":"product_cat-uncategorized","7":"desktop-align-left","8":"tablet-align-left","9":"mobile-align-left","11":"first","12":"instock","13":"shipping-taxable","14":"product-type-simple"},"_links":{"self":[{"href":"https:\/\/baijiabags.com\/de\/wp-json\/wp\/v2\/product\/5120","targetHints":{"allow":["GET"]}}],"collection":[{"href":"https:\/\/baijiabags.com\/de\/wp-json\/wp\/v2\/product"}],"about":[{"href":"https:\/\/baijiabags.com\/de\/wp-json\/wp\/v2\/types\/product"}],"replies":[{"embeddable":true,"href":"https:\/\/baijiabags.com\/de\/wp-json\/wp\/v2\/comments?post=5120"}],"wp:featuredmedia":[{"embeddable":true,"href":"https:\/\/baijiabags.com\/de\/wp-json\/wp\/v2\/media\/5130"}],"wp:attachment":[{"href":"https:\/\/baijiabags.com\/de\/wp-json\/wp\/v2\/media?parent=5120"}],"wp:term":[{"taxonomy":"product_brand","embeddable":true,"href":"https:\/\/baijiabags.com\/de\/wp-json\/wp\/v2\/product_brand?post=5120"},{"taxonomy":"product_cat","embeddable":true,"href":"https:\/\/baijiabags.com\/de\/wp-json\/wp\/v2\/product_cat?post=5120"},{"taxonomy":"product_tag","embeddable":true,"href":"https:\/\/baijiabags.com\/de\/wp-json\/wp\/v2\/product_tag?post=5120"}],"curies":[{"name":"wp","href":"https:\/\/api.w.org\/{rel}","templated":true}]}}