{"id":4975,"date":"2025-12-08T02:14:06","date_gmt":"2025-12-08T02:14:06","guid":{"rendered":"https:\/\/baijiabags.com\/?post_type=product&#038;p=4975"},"modified":"2025-12-08T02:14:06","modified_gmt":"2025-12-08T02:14:06","slug":"wholesale-womens-casual-solid-color-shoulder-bag-open-top-crossbody-tote","status":"publish","type":"product","link":"https:\/\/baijiabags.com\/de\/produkt\/wholesale-womens-casual-solid-color-shoulder-bag-open-top-crossbody-tote\/","title":{"rendered":"Gro\u00dfhandel Womens Casual Solid Farbe Umh\u00e4ngetasche Open Top Crossbody Tote"},"content":{"rendered":"<h2 data-start=\"1269\" data-end=\"1288\"><strong data-start=\"1272\" data-end=\"1288\">Wesentliche Merkmale<\/strong><\/h2>\n<ul data-start=\"1290\" data-end=\"2110\">\n<li data-start=\"1290\" data-end=\"1423\">\n<p data-start=\"1292\" data-end=\"1423\"><strong data-start=\"1292\" data-end=\"1325\">Anpassbare Branding-Optionen<\/strong> - Einzelh\u00e4ndler k\u00f6nnen die Platzierung des Logos und die Farbvariationen f\u00fcr eine einzigartige Marktpositionierung anpassen.<\/p>\n<\/li>\n<li data-start=\"1424\" data-end=\"1517\">\n<p data-start=\"1426\" data-end=\"1517\"><strong data-start=\"1426\" data-end=\"1448\">Leichte Konstruktion<\/strong> - Das PU-Material sorgt daf\u00fcr, dass die Tasche auch bei stundenlangem Gebrauch bequem bleibt.<\/p>\n<\/li>\n<li data-start=\"1518\" data-end=\"1617\">\n<p data-start=\"1520\" data-end=\"1617\"><strong data-start=\"1520\" data-end=\"1543\">Wasserdichtes \u00c4u\u00dferes<\/strong> - Die Benutzer sch\u00fctzen das N\u00f6tigste bei regnerischen Fahrten oder Aktivit\u00e4ten im Freien.<\/p>\n<\/li>\n<li data-start=\"1618\" data-end=\"1708\">\n<p data-start=\"1620\" data-end=\"1708\"><strong data-start=\"1620\" data-end=\"1643\">Anti-Diebstahl-Elemente<\/strong> - Die Struktur verhindert, dass pers\u00f6nliche Gegenst\u00e4nde versehentlich herausfallen.<\/p>\n<\/li>\n<li data-start=\"1709\" data-end=\"1805\">\n<p data-start=\"1711\" data-end=\"1805\"><strong data-start=\"1711\" data-end=\"1728\">Tragbare Gr\u00f6\u00dfe<\/strong> - Die Form von 24 \u00d7 7 \u00d7 13 cm unterst\u00fctzt den t\u00e4glichen Bedarf ohne unn\u00f6tiges Gewicht.<\/p>\n<\/li>\n<li data-start=\"1806\" data-end=\"1902\">\n<p data-start=\"1808\" data-end=\"1902\"><strong data-start=\"1808\" data-end=\"1833\">Modische \u00c4sthetik<\/strong> - Das schlichte, einfarbige Design passt zu Freizeit- und Reiseoutfits.<\/p>\n<\/li>\n<li data-start=\"1903\" data-end=\"1999\">\n<p data-start=\"1905\" data-end=\"1999\"><strong data-start=\"1905\" data-end=\"1930\">Crossbody-Komfort<\/strong> - Der verstellbare Riemen erm\u00f6glicht es, die H\u00e4nde frei zu halten und sich zu bewegen.<\/p>\n<\/li>\n<li data-start=\"2000\" data-end=\"2110\">\n<p data-start=\"2002\" data-end=\"2110\"><strong data-start=\"2002\" data-end=\"2029\">Reisefertige Langlebigkeit<\/strong> - Die robuste Konstruktion eignet sich f\u00fcr Gesch\u00e4ftsreisen, Wochenendausfl\u00fcge und den t\u00e4glichen Gebrauch.<\/p>\n<\/li>\n<\/ul>\n<h2><strong data-start=\"2120\" data-end=\"2138\">Spezifikationen<\/strong><\/h2>\n<div class=\"TyagGW_tableContainer\">\n<div class=\"group TyagGW_tableWrapper flex w-fit flex-col-reverse\" tabindex=\"-1\">\n<table class=\"w-fit min-w-(--thread-content-width)\" data-start=\"2140\" data-end=\"2699\">\n<thead data-start=\"2140\" data-end=\"2166\">\n<tr data-start=\"2140\" data-end=\"2166\">\n<th data-start=\"2140\" data-end=\"2151\" data-col-size=\"sm\"><strong data-start=\"2142\" data-end=\"2150\">Artikel<\/strong><\/th>\n<th data-start=\"2151\" data-end=\"2166\" data-col-size=\"md\"><strong data-start=\"2153\" data-end=\"2164\">Einzelheiten<\/strong><\/th>\n<\/tr>\n<\/thead>\n<tbody data-start=\"2193\" data-end=\"2699\">\n<tr data-start=\"2193\" data-end=\"2248\">\n<td data-start=\"2193\" data-end=\"2208\" data-col-size=\"sm\">Produktname<\/td>\n<td data-col-size=\"md\" data-start=\"2208\" data-end=\"2248\">Reise-Umh\u00e4ngetasche \/ Crossbody Tote<\/td>\n<\/tr>\n<tr data-start=\"2249\" data-end=\"2267\">\n<td data-start=\"2249\" data-end=\"2257\" data-col-size=\"sm\">Marke<\/td>\n<td data-col-size=\"md\" data-start=\"2257\" data-end=\"2267\">RONEER<\/td>\n<\/tr>\n<tr data-start=\"2268\" data-end=\"2293\">\n<td data-start=\"2268\" data-end=\"2283\" data-col-size=\"sm\">Modellnummer<\/td>\n<td data-col-size=\"md\" data-start=\"2283\" data-end=\"2293\">BJ-149<\/td>\n<\/tr>\n<tr data-start=\"2294\" data-end=\"2323\">\n<td data-start=\"2294\" data-end=\"2303\" data-col-size=\"sm\">Herkunft<\/td>\n<td data-col-size=\"md\" data-start=\"2303\" data-end=\"2323\">Guangdong, China<\/td>\n<\/tr>\n<tr data-start=\"2324\" data-end=\"2352\">\n<td data-start=\"2324\" data-end=\"2332\" data-col-size=\"sm\">Stil<\/td>\n<td data-col-size=\"md\" data-start=\"2332\" data-end=\"2352\">Mode \/ Casual<\/td>\n<\/tr>\n<tr data-start=\"2353\" data-end=\"2375\">\n<td data-start=\"2353\" data-end=\"2369\" data-col-size=\"sm\">Hauptmaterial<\/td>\n<td data-col-size=\"md\" data-start=\"2369\" data-end=\"2375\">PU<\/td>\n<\/tr>\n<tr data-start=\"2376\" data-end=\"2416\">\n<td data-start=\"2376\" data-end=\"2383\" data-col-size=\"sm\">Gr\u00f6\u00dfe<\/td>\n<td data-start=\"2383\" data-end=\"2416\" data-col-size=\"md\">24 \u00d7 7 \u00d7 13 cm (anpassbar)<\/td>\n<\/tr>\n<tr data-start=\"2417\" data-end=\"2441\">\n<td data-start=\"2417\" data-end=\"2425\" data-col-size=\"sm\">Farbe<\/td>\n<td data-col-size=\"md\" data-start=\"2425\" data-end=\"2441\">Anpassbar<\/td>\n<\/tr>\n<tr data-start=\"2442\" data-end=\"2465\">\n<td data-start=\"2442\" data-end=\"2449\" data-col-size=\"sm\">Logo<\/td>\n<td data-col-size=\"md\" data-start=\"2449\" data-end=\"2465\">Anpassbar<\/td>\n<\/tr>\n<tr data-start=\"2466\" data-end=\"2526\">\n<td data-start=\"2466\" data-end=\"2477\" data-col-size=\"sm\">Eigenschaften<\/td>\n<td data-col-size=\"md\" data-start=\"2477\" data-end=\"2526\">Leicht, wasserdicht, Anti-Diebstahl, tragbar<\/td>\n<\/tr>\n<tr data-start=\"2527\" data-end=\"2547\">\n<td data-start=\"2527\" data-end=\"2533\" data-col-size=\"sm\">MOQ<\/td>\n<td data-col-size=\"md\" data-start=\"2533\" data-end=\"2547\">Verhandlungsf\u00e4hig<\/td>\n<\/tr>\n<tr data-start=\"2548\" data-end=\"2589\">\n<td data-start=\"2548\" data-end=\"2560\" data-col-size=\"sm\">Verpackung<\/td>\n<td data-col-size=\"md\" data-start=\"2560\" data-end=\"2589\">Anpassbar auf Anfrage<\/td>\n<\/tr>\n<tr data-start=\"2590\" data-end=\"2633\">\n<td data-start=\"2590\" data-end=\"2603\" data-col-size=\"sm\">Riemen Typ<\/td>\n<td data-col-size=\"md\" data-start=\"2603\" data-end=\"2633\">Verstellbarer Schultergurt<\/td>\n<\/tr>\n<tr data-start=\"2634\" data-end=\"2699\">\n<td data-start=\"2634\" data-end=\"2654\" data-col-size=\"sm\">Anwendungsbereich<\/td>\n<td data-col-size=\"md\" data-start=\"2654\" data-end=\"2699\">T\u00e4glicher Gebrauch, Pendeln, Reisen, Kurzreisen<\/td>\n<\/tr>\n<\/tbody>\n<\/table>\n<h2>Anwendungen<\/h2>\n<ul>\n<li data-start=\"577\" data-end=\"667\">\n<p data-start=\"579\" data-end=\"667\"><strong data-start=\"579\" data-end=\"665\">T\u00e4gliches Pendeln f\u00fcr den Transport von Telefonen, Kosmetika, Geldb\u00f6rsen und pers\u00f6nlichen Accessoires.<\/strong><\/p>\n<\/li>\n<li data-start=\"668\" data-end=\"764\">\n<p data-start=\"670\" data-end=\"764\"><strong data-start=\"670\" data-end=\"762\">F\u00fcr Besorgungen in der Stadt und gelegentliche Ausfl\u00fcge ben\u00f6tigen die Nutzer eine leichte und elegante Trageoption.<\/strong><\/p>\n<\/li>\n<li data-start=\"765\" data-end=\"851\">\n<p data-start=\"767\" data-end=\"851\"><strong data-start=\"767\" data-end=\"849\">Kurze Reisen und Outdoor-Aktivit\u00e4ten, die eine bequeme Mobilit\u00e4t \u00fcber den K\u00f6rper hinweg erfordern.<\/strong><\/p>\n<\/li>\n<li data-start=\"852\" data-end=\"942\">\n<p data-start=\"854\" data-end=\"942\"><strong data-start=\"854\" data-end=\"940\">F\u00fcr die Wochenendreise zum Organisieren von Kleinigkeiten, Dokumenten und schnell zug\u00e4nglichen Gegenst\u00e4nden.<\/strong><\/p>\n<\/li>\n<\/ul>\n<p>Wenn Sie an dieser Tasche interessiert sind, kontaktieren Sie uns bitte, um Muster anzufordern. Wir bieten volle <strong data-start=\"1109\" data-end=\"1145\">ODM- und OEM-Anpassungsdienste<\/strong>einschlie\u00dflich Logoanpassung, Gr\u00f6\u00dfenanpassung und Farbentwicklung zur Unterst\u00fctzung Ihrer Marke.<\/p>\n<\/div>\n<\/div>","protected":false},"excerpt":{"rendered":"<p data-pm-slice=\"0 0 []\">Die Wholesale Women's Casual Solid Color Shoulder Bag Open Top Crossbody Tote bietet eine erfrischende Mischung aus Stil, Komfort und Alltagsfunktionalit\u00e4t. RONEER entwirft dieses Modell (BJ-149) f\u00fcr Frauen, die Minimalismus, Praktikabilit\u00e4t und moderne \u00c4sthetik m\u00f6gen. Die Tasche besteht aus strapazierf\u00e4higem PU-Material, ist leicht und l\u00e4sst sich m\u00fchelos im Alltag bewegen. Die kompakte Gr\u00f6\u00dfe von 24 \u00d7 7 \u00d7 13 cm bietet Platz f\u00fcr Reiseutensilien, Kosmetika, mobile Ger\u00e4te und pers\u00f6nliche Accessoires, ohne zu \u00fcberladen. Anpassbare Farben und Logos bieten Einzelh\u00e4ndlern eine gro\u00dfe Flexibilit\u00e4t f\u00fcr gezieltes Branding und Marketing.<\/p>","protected":false},"featured_media":4981,"comment_status":"open","ping_status":"closed","template":"","meta":{"site-sidebar-layout":"default","site-content-layout":"","ast-site-content-layout":"default","site-content-style":"default","site-sidebar-style":"default","ast-global-header-display":"","ast-banner-title-visibility":"","ast-main-header-display":"","ast-hfb-above-header-display":"","ast-hfb-below-header-display":"","ast-hfb-mobile-header-display":"","site-post-title":"","ast-breadcrumbs-content":"","ast-featured-img":"","footer-sml-layout":"","ast-disable-related-posts":"","theme-transparent-header-meta":"default","adv-header-id-meta":"","stick-header-meta":"","header-above-stick-meta":"","header-main-stick-meta":"","header-below-stick-meta":"","astra-migrate-meta-layouts":"set","ast-page-background-enabled":"default","ast-page-background-meta":{"desktop":{"background-color":"var(--ast-global-color-5)","background-image":"","background-repeat":"repeat","background-position":"center center","background-size":"auto","background-attachment":"scroll","background-type":"","background-media":"","overlay-type":"","overlay-color":"","overlay-opacity":"","overlay-gradient":""},"tablet":{"background-color":"","background-image":"","background-repeat":"repeat","background-position":"center center","background-size":"auto","background-attachment":"scroll","background-type":"","background-media":"","overlay-type":"","overlay-color":"","overlay-opacity":"","overlay-gradient":""},"mobile":{"background-color":"","background-image":"","background-repeat":"repeat","background-position":"center center","background-size":"auto","background-attachment":"scroll","background-type":"","background-media":"","overlay-type":"","overlay-color":"","overlay-opacity":"","overlay-gradient":""}},"ast-content-background-meta":{"desktop":{"background-color":"var(--ast-global-color-4)","background-image":"","background-repeat":"repeat","background-position":"center center","background-size":"auto","background-attachment":"scroll","background-type":"","background-media":"","overlay-type":"","overlay-color":"","overlay-opacity":"","overlay-gradient":""},"tablet":{"background-color":"var(--ast-global-color-4)","background-image":"","background-repeat":"repeat","background-position":"center center","background-size":"auto","background-attachment":"scroll","background-type":"","background-media":"","overlay-type":"","overlay-color":"","overlay-opacity":"","overlay-gradient":""},"mobile":{"background-color":"var(--ast-global-color-4)","background-image":"","background-repeat":"repeat","background-position":"center center","background-size":"auto","background-attachment":"scroll","background-type":"","background-media":"","overlay-type":"","overlay-color":"","overlay-opacity":"","overlay-gradient":""}}},"product_brand":[],"product_cat":[42],"product_tag":[],"class_list":{"0":"post-4975","1":"product","2":"type-product","3":"status-publish","4":"has-post-thumbnail","6":"product_cat-hand-bag","7":"desktop-align-left","8":"tablet-align-left","9":"mobile-align-left","11":"first","12":"instock","13":"shipping-taxable","14":"product-type-simple"},"_links":{"self":[{"href":"https:\/\/baijiabags.com\/de\/wp-json\/wp\/v2\/product\/4975","targetHints":{"allow":["GET"]}}],"collection":[{"href":"https:\/\/baijiabags.com\/de\/wp-json\/wp\/v2\/product"}],"about":[{"href":"https:\/\/baijiabags.com\/de\/wp-json\/wp\/v2\/types\/product"}],"replies":[{"embeddable":true,"href":"https:\/\/baijiabags.com\/de\/wp-json\/wp\/v2\/comments?post=4975"}],"wp:featuredmedia":[{"embeddable":true,"href":"https:\/\/baijiabags.com\/de\/wp-json\/wp\/v2\/media\/4981"}],"wp:attachment":[{"href":"https:\/\/baijiabags.com\/de\/wp-json\/wp\/v2\/media?parent=4975"}],"wp:term":[{"taxonomy":"product_brand","embeddable":true,"href":"https:\/\/baijiabags.com\/de\/wp-json\/wp\/v2\/product_brand?post=4975"},{"taxonomy":"product_cat","embeddable":true,"href":"https:\/\/baijiabags.com\/de\/wp-json\/wp\/v2\/product_cat?post=4975"},{"taxonomy":"product_tag","embeddable":true,"href":"https:\/\/baijiabags.com\/de\/wp-json\/wp\/v2\/product_tag?post=4975"}],"curies":[{"name":"wp","href":"https:\/\/api.w.org\/{rel}","templated":true}]}}