{"id":4886,"date":"2025-12-01T03:16:44","date_gmt":"2025-12-01T03:16:44","guid":{"rendered":"https:\/\/baijiabags.com\/?post_type=product&#038;p=4886"},"modified":"2025-12-02T03:38:35","modified_gmt":"2025-12-02T03:38:35","slug":"factory-direct-simple-brown-leather-bag-for-women-fashion-casual-handbag-with-large-capacity","status":"publish","type":"product","link":"https:\/\/baijiabags.com\/de\/produkt\/factory-direct-simple-brown-leather-bag-for-women-fashion-casual-handbag-with-large-capacity\/","title":{"rendered":"Factory Direct einfache braune Ledertasche f\u00fcr Frauen, Mode l\u00e4ssige Handtasche mit gro\u00dfer Kapazit\u00e4t"},"content":{"rendered":"<h2 data-start=\"1300\" data-end=\"1319\"><strong data-start=\"1303\" data-end=\"1319\">Wesentliche Merkmale<\/strong><\/h2>\n<ul data-start=\"1320\" data-end=\"2121\">\n<li data-start=\"1320\" data-end=\"1419\">\n<p data-start=\"1322\" data-end=\"1419\"><strong data-start=\"1322\" data-end=\"1350\">Minimalistischer Modestil<\/strong> - Die schlichte \u00c4sthetik passt sowohl zu legeren als auch zu semi-formellen Outfits.<\/p>\n<\/li>\n<li data-start=\"1420\" data-end=\"1527\">\n<p data-start=\"1422\" data-end=\"1527\"><strong data-start=\"1422\" data-end=\"1454\">Hochwertige Lederkonstruktion<\/strong> - Die robuste Textur unterst\u00fctzt den t\u00e4glichen Gebrauch und l\u00e4sst die Tasche edel aussehen.<\/p>\n<\/li>\n<li data-start=\"1528\" data-end=\"1625\">\n<p data-start=\"1530\" data-end=\"1625\"><strong data-start=\"1530\" data-end=\"1559\">Flexible Tragem\u00f6glichkeiten<\/strong> - Die Benutzer k\u00f6nnen problemlos zwischen Hand- und Crossbody-Modus wechseln.<\/p>\n<\/li>\n<li data-start=\"1626\" data-end=\"1724\">\n<p data-start=\"1628\" data-end=\"1724\"><strong data-start=\"1628\" data-end=\"1655\">Praktischer Stauraum<\/strong> - Der Innenraum bietet Platz f\u00fcr die wichtigsten Dinge, ohne zu \u00fcberladen.<\/p>\n<\/li>\n<li data-start=\"1725\" data-end=\"1825\">\n<p data-start=\"1727\" data-end=\"1825\"><strong data-start=\"1727\" data-end=\"1754\">Anpassbares Erscheinungsbild<\/strong> - Die Gr\u00f6\u00dfe, die Farbe und das Logodesign passen sich den unterschiedlichen Marktanforderungen an.<\/p>\n<\/li>\n<li data-start=\"1826\" data-end=\"1926\">\n<p data-start=\"1828\" data-end=\"1926\"><strong data-start=\"1828\" data-end=\"1852\">Verst\u00e4rkte N\u00e4hte<\/strong> - Zus\u00e4tzliche N\u00e4hte erh\u00f6hen die Gesamtfestigkeit und langfristige Zuverl\u00e4ssigkeit.<\/p>\n<\/li>\n<li data-start=\"1927\" data-end=\"2021\">\n<p data-start=\"1929\" data-end=\"2021\"><strong data-start=\"1929\" data-end=\"1955\">Weiches sch\u00fctzendes Futter<\/strong> - Der Innenstoff sch\u00fctzt die Gegenst\u00e4nde vor Reibung und St\u00f6\u00dfen.<\/p>\n<\/li>\n<li data-start=\"2022\" data-end=\"2121\">\n<p data-start=\"2024\" data-end=\"2121\"><strong data-start=\"2024\" data-end=\"2049\">Leichte Struktur<\/strong> - Die Tasche bleibt beim Pendeln, Gehen und Reisen bequem.<\/p>\n<\/li>\n<\/ul>\n<p><img fetchpriority=\"high\" decoding=\"async\" class=\"wp-image-4887 aligncenter\" src=\"https:\/\/baijiabags.com\/wp-content\/uploads\/2025\/12\/1-2-2-194x300.jpg\" alt=\"\" width=\"497\" height=\"769\" srcset=\"https:\/\/baijiabags.com\/wp-content\/uploads\/2025\/12\/1-2-2-194x300.jpg 194w, https:\/\/baijiabags.com\/wp-content\/uploads\/2025\/12\/1-2-2-8x12.jpg 8w\" sizes=\"(max-width: 497px) 100vw, 497px\" \/><\/p>\n<h2 data-start=\"2128\" data-end=\"2149\"><strong data-start=\"2131\" data-end=\"2149\">Spezifikationen<\/strong><\/h2>\n<div class=\"_tableContainer_1rjym_1\">\n<div class=\"group _tableWrapper_1rjym_13 flex w-fit flex-col-reverse\" tabindex=\"-1\">\n<table class=\"w-fit min-w-(--thread-content-width)\" data-start=\"2151\" data-end=\"2676\">\n<thead data-start=\"2151\" data-end=\"2177\">\n<tr data-start=\"2151\" data-end=\"2177\">\n<th data-start=\"2151\" data-end=\"2162\" data-col-size=\"sm\"><strong data-start=\"2153\" data-end=\"2161\">Artikel<\/strong><\/th>\n<th data-start=\"2162\" data-end=\"2177\" data-col-size=\"md\"><strong data-start=\"2164\" data-end=\"2175\">Einzelheiten<\/strong><\/th>\n<\/tr>\n<\/thead>\n<tbody data-start=\"2204\" data-end=\"2676\">\n<tr data-start=\"2204\" data-end=\"2230\">\n<td data-start=\"2204\" data-end=\"2219\" data-col-size=\"sm\">Produktname<\/td>\n<td data-col-size=\"md\" data-start=\"2219\" data-end=\"2230\">Handtasche<\/td>\n<\/tr>\n<tr data-start=\"2231\" data-end=\"2247\">\n<td data-start=\"2231\" data-end=\"2239\" data-col-size=\"sm\">Modell<\/td>\n<td data-start=\"2239\" data-end=\"2247\" data-col-size=\"md\">Y323<\/td>\n<\/tr>\n<tr data-start=\"2248\" data-end=\"2277\">\n<td data-start=\"2248\" data-end=\"2257\" data-col-size=\"sm\">Herkunft<\/td>\n<td data-start=\"2257\" data-end=\"2277\" data-col-size=\"md\">Guangdong, China<\/td>\n<\/tr>\n<tr data-start=\"2278\" data-end=\"2306\">\n<td data-start=\"2278\" data-end=\"2286\" data-col-size=\"sm\">Stil<\/td>\n<td data-col-size=\"md\" data-start=\"2286\" data-end=\"2306\">Mode \/ Casual<\/td>\n<\/tr>\n<tr data-start=\"2307\" data-end=\"2329\">\n<td data-start=\"2307\" data-end=\"2318\" data-col-size=\"sm\">Material<\/td>\n<td data-col-size=\"md\" data-start=\"2318\" data-end=\"2329\">Leder<\/td>\n<\/tr>\n<tr data-start=\"2330\" data-end=\"2379\">\n<td data-start=\"2330\" data-end=\"2343\" data-col-size=\"sm\">Abmessungen<\/td>\n<td data-start=\"2343\" data-end=\"2379\" data-col-size=\"md\">24 \u00d7 10 \u00d7 15,5 cm (anpassbar)<\/td>\n<\/tr>\n<tr data-start=\"2380\" data-end=\"2412\">\n<td data-start=\"2380\" data-end=\"2396\" data-col-size=\"sm\">Farboptionen<\/td>\n<td data-col-size=\"md\" data-start=\"2396\" data-end=\"2412\">Anpassbar<\/td>\n<\/tr>\n<tr data-start=\"2413\" data-end=\"2436\">\n<td data-start=\"2413\" data-end=\"2420\" data-col-size=\"sm\">Logo<\/td>\n<td data-col-size=\"md\" data-start=\"2420\" data-end=\"2436\">Anpassbar<\/td>\n<\/tr>\n<tr data-start=\"2437\" data-end=\"2465\">\n<td data-start=\"2437\" data-end=\"2446\" data-col-size=\"sm\">Gewicht<\/td>\n<td data-col-size=\"md\" data-start=\"2446\" data-end=\"2465\">Ca. 0,45 kg<\/td>\n<\/tr>\n<tr data-start=\"2466\" data-end=\"2510\">\n<td data-start=\"2466\" data-end=\"2484\" data-col-size=\"sm\">Methode der Bef\u00f6rderung<\/td>\n<td data-start=\"2484\" data-end=\"2510\" data-col-size=\"md\">Crossbody \/ Handtrage<\/td>\n<\/tr>\n<tr data-start=\"2511\" data-end=\"2576\">\n<td data-start=\"2511\" data-end=\"2522\" data-col-size=\"sm\">Kapazit\u00e4t<\/td>\n<td data-col-size=\"md\" data-start=\"2522\" data-end=\"2576\">Mobiltelefon, faltbarer Regenschirm, Kosmetika, Brieftasche<\/td>\n<\/tr>\n<tr data-start=\"2577\" data-end=\"2597\">\n<td data-start=\"2577\" data-end=\"2583\" data-col-size=\"sm\">MOQ<\/td>\n<td data-col-size=\"md\" data-start=\"2583\" data-end=\"2597\">Verhandlungsf\u00e4hig<\/td>\n<\/tr>\n<tr data-start=\"2598\" data-end=\"2632\">\n<td data-start=\"2598\" data-end=\"2610\" data-col-size=\"sm\">Verpackung<\/td>\n<td data-col-size=\"md\" data-start=\"2610\" data-end=\"2632\">Standard oder individuell<\/td>\n<\/tr>\n<tr data-start=\"2633\" data-end=\"2676\">\n<td data-start=\"2633\" data-end=\"2648\" data-col-size=\"sm\">Verwendungsszenen<\/td>\n<td data-col-size=\"md\" data-start=\"2648\" data-end=\"2676\">T\u00e4gliches Leben, Arbeit, Reisen<\/td>\n<\/tr>\n<\/tbody>\n<\/table>\n<\/div>\n<\/div>\n<h2><strong data-start=\"2686\" data-end=\"2701\">Anmeldung<\/strong><\/h2>\n<ul data-start=\"2702\" data-end=\"3172\">\n<li data-start=\"2702\" data-end=\"2783\">\n<p data-start=\"2704\" data-end=\"2783\"><strong data-start=\"2704\" data-end=\"2717\">T\u00e4glicher Gebrauch<\/strong> - F\u00fcr Eink\u00e4ufe, Besorgungen und Freizeitaktivit\u00e4ten.<\/p>\n<\/li>\n<li data-start=\"2784\" data-end=\"2879\">\n<p data-start=\"2786\" data-end=\"2879\"><strong data-start=\"2786\" data-end=\"2803\">Arbeit &amp; B\u00fcro<\/strong> - Erg\u00e4nzt das Business-Casual-Outfit und bietet Platz f\u00fcr die wichtigsten pers\u00f6nlichen Dinge.<\/p>\n<\/li>\n<li data-start=\"2880\" data-end=\"2976\">\n<p data-start=\"2882\" data-end=\"2976\"><strong data-start=\"2882\" data-end=\"2906\">Reisen &amp; Kurztrips<\/strong> - Bietet eine kompakte und organisierte M\u00f6glichkeit, wichtige Gegenst\u00e4nde zu transportieren.<\/p>\n<\/li>\n<li data-start=\"2977\" data-end=\"3073\">\n<p data-start=\"2979\" data-end=\"3073\"><strong data-start=\"2979\" data-end=\"3003\">Mode-Koordination<\/strong> - Passt zu einer breiten Palette von Kleidungsstilen zu verschiedenen Jahreszeiten.<\/p>\n<\/li>\n<li data-start=\"3074\" data-end=\"3172\">\n<p data-start=\"3076\" data-end=\"3172\"><strong data-start=\"3076\" data-end=\"3095\">Einzelhandels-Projekte<\/strong> - Eignet sich gut f\u00fcr Geschenksets, Boutique-Kollektionen und private Anpassungen.<\/p>\n<\/li>\n<\/ul>\n<p data-start=\"3179\" data-end=\"3421\" data-is-last-node=\"\" data-is-only-node=\"\">Wenn Sie an dieser Handtasche interessiert sind, kontaktieren Sie uns bitte, um Muster anzufordern. Wir bieten <strong data-start=\"3268\" data-end=\"3304\">ODM- und OEM-Anpassungsdienste<\/strong>einschlie\u00dflich ma\u00dfgeschneiderter Farben, personalisierter Logos und anpassbarer Abmessungen, um Ihre Produktentwicklungsanforderungen zu erf\u00fcllen.<\/p>","protected":false},"excerpt":{"rendered":"<p>Die Handtasche besteht aus hochwertigem Leder, das eine glatte Textur und gleichm\u00e4\u00dfige Haltbarkeit bietet. Verst\u00e4rkte N\u00e4hte verst\u00e4rken die Tasche und sorgen gleichzeitig f\u00fcr ein gepflegtes Erscheinungsbild. Ein Tragegriff und ein optionaler Schultergurt bieten dem Benutzer flexible Stylingm\u00f6glichkeiten f\u00fcr unterschiedliche Outfits und Umgebungen. Anpassbare Optionen wie Abmessungen, Farben und Logoplatzierung erm\u00f6glichen es verschiedenen M\u00e4rkten oder Einzelh\u00e4ndlern, einzigartige Versionen zu erstellen.<\/p>","protected":false},"featured_media":4892,"comment_status":"open","ping_status":"closed","template":"","meta":{"site-sidebar-layout":"default","site-content-layout":"","ast-site-content-layout":"default","site-content-style":"default","site-sidebar-style":"default","ast-global-header-display":"","ast-banner-title-visibility":"","ast-main-header-display":"","ast-hfb-above-header-display":"","ast-hfb-below-header-display":"","ast-hfb-mobile-header-display":"","site-post-title":"","ast-breadcrumbs-content":"","ast-featured-img":"","footer-sml-layout":"","ast-disable-related-posts":"","theme-transparent-header-meta":"default","adv-header-id-meta":"","stick-header-meta":"","header-above-stick-meta":"","header-main-stick-meta":"","header-below-stick-meta":"","astra-migrate-meta-layouts":"set","ast-page-background-enabled":"default","ast-page-background-meta":{"desktop":{"background-color":"var(--ast-global-color-5)","background-image":"","background-repeat":"repeat","background-position":"center center","background-size":"auto","background-attachment":"scroll","background-type":"","background-media":"","overlay-type":"","overlay-color":"","overlay-opacity":"","overlay-gradient":""},"tablet":{"background-color":"","background-image":"","background-repeat":"repeat","background-position":"center center","background-size":"auto","background-attachment":"scroll","background-type":"","background-media":"","overlay-type":"","overlay-color":"","overlay-opacity":"","overlay-gradient":""},"mobile":{"background-color":"","background-image":"","background-repeat":"repeat","background-position":"center center","background-size":"auto","background-attachment":"scroll","background-type":"","background-media":"","overlay-type":"","overlay-color":"","overlay-opacity":"","overlay-gradient":""}},"ast-content-background-meta":{"desktop":{"background-color":"var(--ast-global-color-4)","background-image":"","background-repeat":"repeat","background-position":"center center","background-size":"auto","background-attachment":"scroll","background-type":"","background-media":"","overlay-type":"","overlay-color":"","overlay-opacity":"","overlay-gradient":""},"tablet":{"background-color":"var(--ast-global-color-4)","background-image":"","background-repeat":"repeat","background-position":"center center","background-size":"auto","background-attachment":"scroll","background-type":"","background-media":"","overlay-type":"","overlay-color":"","overlay-opacity":"","overlay-gradient":""},"mobile":{"background-color":"var(--ast-global-color-4)","background-image":"","background-repeat":"repeat","background-position":"center center","background-size":"auto","background-attachment":"scroll","background-type":"","background-media":"","overlay-type":"","overlay-color":"","overlay-opacity":"","overlay-gradient":""}}},"product_brand":[],"product_cat":[54,42],"product_tag":[],"class_list":{"0":"post-4886","1":"product","2":"type-product","3":"status-publish","4":"has-post-thumbnail","6":"product_cat-womens-bag","7":"product_cat-hand-bag","8":"desktop-align-left","9":"tablet-align-left","10":"mobile-align-left","12":"first","13":"instock","14":"shipping-taxable","15":"product-type-simple"},"_links":{"self":[{"href":"https:\/\/baijiabags.com\/de\/wp-json\/wp\/v2\/product\/4886","targetHints":{"allow":["GET"]}}],"collection":[{"href":"https:\/\/baijiabags.com\/de\/wp-json\/wp\/v2\/product"}],"about":[{"href":"https:\/\/baijiabags.com\/de\/wp-json\/wp\/v2\/types\/product"}],"replies":[{"embeddable":true,"href":"https:\/\/baijiabags.com\/de\/wp-json\/wp\/v2\/comments?post=4886"}],"wp:featuredmedia":[{"embeddable":true,"href":"https:\/\/baijiabags.com\/de\/wp-json\/wp\/v2\/media\/4892"}],"wp:attachment":[{"href":"https:\/\/baijiabags.com\/de\/wp-json\/wp\/v2\/media?parent=4886"}],"wp:term":[{"taxonomy":"product_brand","embeddable":true,"href":"https:\/\/baijiabags.com\/de\/wp-json\/wp\/v2\/product_brand?post=4886"},{"taxonomy":"product_cat","embeddable":true,"href":"https:\/\/baijiabags.com\/de\/wp-json\/wp\/v2\/product_cat?post=4886"},{"taxonomy":"product_tag","embeddable":true,"href":"https:\/\/baijiabags.com\/de\/wp-json\/wp\/v2\/product_tag?post=4886"}],"curies":[{"name":"wp","href":"https:\/\/api.w.org\/{rel}","templated":true}]}}