{"id":4880,"date":"2025-12-01T02:44:40","date_gmt":"2025-12-01T02:44:40","guid":{"rendered":"https:\/\/baijiabags.com\/?post_type=product&#038;p=4880"},"modified":"2025-12-01T02:44:40","modified_gmt":"2025-12-01T02:44:40","slug":"wholesale-high-quality-brown-suede-single-shoulder-bags-for-womens-fashion-handbags","status":"publish","type":"product","link":"https:\/\/baijiabags.com\/de\/produkt\/wholesale-high-quality-brown-suede-single-shoulder-bags-for-womens-fashion-handbags\/","title":{"rendered":"Gro\u00dfhandel Hochwertige braune Wildleder Einzel-Schulter-Taschen f\u00fcr Frauen Mode Handtaschen"},"content":{"rendered":"<article class=\"text-token-text-primary w-full focus:outline-none [--shadow-height:45px] has-data-writing-block:pointer-events-none has-data-writing-block:-mt-(--shadow-height) has-data-writing-block:pt-(--shadow-height) [&amp;:has([data-writing-block])&gt;*]:pointer-events-auto [content-visibility:auto] supports-[content-visibility:auto]:[contain-intrinsic-size:auto_100lvh] scroll-mt-[calc(var(--header-height)+min(200px,max(70px,20svh)))]\" dir=\"auto\" tabindex=\"-1\" data-turn-id=\"request-WEB:ca99a138-d269-4036-9f66-c45c2c7b137f-1\" data-testid=\"conversation-turn-2\" data-scroll-anchor=\"true\" data-turn=\"assistant\">\n<div class=\"text-base my-auto mx-auto pb-10 [--thread-content-margin:--spacing(4)] thread-sm:[--thread-content-margin:--spacing(6)] thread-lg:[--thread-content-margin:--spacing(16)] px-(--thread-content-margin)\">\n<div class=\"[--thread-content-max-width:40rem] thread-lg:[--thread-content-max-width:48rem] mx-auto max-w-(--thread-content-max-width) flex-1 group\/turn-messages focus-visible:outline-hidden relative flex w-full min-w-0 flex-col agent-turn\" tabindex=\"-1\">\n<div class=\"flex max-w-full flex-col grow\">\n<div class=\"min-h-8 text-message relative flex w-full flex-col items-end gap-2 text-start break-words whitespace-normal [.text-message+&amp;]:mt-1\" dir=\"auto\" data-message-author-role=\"assistant\" data-message-id=\"7d4d6dda-8bae-44b4-a820-5b9bdbb9f12b\" data-message-model-slug=\"gpt-5-1\">\n<div class=\"flex w-full flex-col gap-1 empty:hidden first:pt-[1px]\">\n<div class=\"markdown prose dark:prose-invert w-full break-words light markdown-new-styling\">\n<h2 data-start=\"940\" data-end=\"957\">Key Features<\/h2>\n<ol data-start=\"958\" data-end=\"1975\">\n<li data-start=\"958\" data-end=\"1108\">\n<p data-start=\"961\" data-end=\"1108\"><strong data-start=\"961\" data-end=\"992\">High-Quality Suede Material<\/strong> \u2013 The surface uses quality suede leather that delivers a smooth touch, elegant texture, and long-term durability.<\/p>\n<\/li>\n<li data-start=\"1109\" data-end=\"1265\">\n<p data-start=\"1112\" data-end=\"1265\"><strong data-start=\"1112\" data-end=\"1139\">Customizable Dimensions<\/strong> \u2013 The standard size measures <strong data-start=\"1169\" data-end=\"1187\">40 \u00d7 8 \u00d7 24 cm<\/strong>, and buyers can request personalized sizes depending on their market needs.<\/p>\n<\/li>\n<li data-start=\"1266\" data-end=\"1399\">\n<p data-start=\"1269\" data-end=\"1399\"><strong data-start=\"1269\" data-end=\"1298\">Adjustable Shoulder Strap<\/strong> \u2013 The design supports both crossbody and hand-carry use, making it suitable for various occasions.<\/p>\n<\/li>\n<li data-start=\"1400\" data-end=\"1522\">\n<p data-start=\"1403\" data-end=\"1522\"><strong data-start=\"1403\" data-end=\"1427\">Durable Inner Lining<\/strong> \u2013 The interior uses strong lining materials that protect carried items and support long use.<\/p>\n<\/li>\n<li data-start=\"1523\" data-end=\"1636\">\n<p data-start=\"1526\" data-end=\"1636\"><strong data-start=\"1526\" data-end=\"1552\">Multiple Color Options<\/strong> \u2013 Custom colors are available to match different fashion styles or retail trends.<\/p>\n<\/li>\n<li data-start=\"1637\" data-end=\"1770\">\n<p data-start=\"1640\" data-end=\"1770\"><strong data-start=\"1640\" data-end=\"1665\">Fashion-Forward Style<\/strong> \u2013 The design follows a modern fashion aesthetic that complements casual, business, and travel outfits.<\/p>\n<\/li>\n<li data-start=\"1771\" data-end=\"1873\">\n<p data-start=\"1774\" data-end=\"1873\"><strong data-start=\"1774\" data-end=\"1797\">Custom Logo Support<\/strong> \u2013 Buyers can request their own logo for branding or promotional purposes.<\/p>\n<\/li>\n<li data-start=\"1874\" data-end=\"1975\">\n<p data-start=\"1877\" data-end=\"1975\"><strong data-start=\"1877\" data-end=\"1912\">Flexible Minimum Order Quantity<\/strong> \u2013 MOQ remains negotiable to support different business scales.<\/p>\n<\/li>\n<\/ol>\n<p><img fetchpriority=\"high\" decoding=\"async\" class=\"aligncenter wp-image-4881 size-full\" src=\"https:\/\/baijiabags.com\/wp-content\/uploads\/2025\/12\/1-2.jpg\" alt=\"Wholesale High-Quality Brown Suede Single-Shoulder Bags for Women's Fashion Handbags\" width=\"790\" height=\"936\" srcset=\"https:\/\/baijiabags.com\/wp-content\/uploads\/2025\/12\/1-2.jpg 790w, https:\/\/baijiabags.com\/wp-content\/uploads\/2025\/12\/1-2-253x300.jpg 253w, https:\/\/baijiabags.com\/wp-content\/uploads\/2025\/12\/1-2-768x910.jpg 768w, https:\/\/baijiabags.com\/wp-content\/uploads\/2025\/12\/1-2-10x12.jpg 10w, https:\/\/baijiabags.com\/wp-content\/uploads\/2025\/12\/1-2-600x711.jpg 600w\" sizes=\"(max-width: 790px) 100vw, 790px\" \/><\/p>\n<h2 data-start=\"1982\" data-end=\"2001\">Specifications<\/h2>\n<div class=\"_tableContainer_1rjym_1\">\n<div class=\"group _tableWrapper_1rjym_13 flex w-fit flex-col-reverse\" tabindex=\"-1\">\n<table class=\"w-fit min-w-(--thread-content-width)\" data-start=\"2002\" data-end=\"2459\">\n<thead data-start=\"2002\" data-end=\"2037\">\n<tr data-start=\"2002\" data-end=\"2037\">\n<th data-start=\"2002\" data-end=\"2022\" data-col-size=\"sm\"><strong data-start=\"2004\" data-end=\"2021\">Specification<\/strong><\/th>\n<th data-start=\"2022\" data-end=\"2037\" data-col-size=\"sm\"><strong data-start=\"2024\" data-end=\"2035\">Details<\/strong><\/th>\n<\/tr>\n<\/thead>\n<tbody data-start=\"2074\" data-end=\"2459\">\n<tr data-start=\"2074\" data-end=\"2100\">\n<td data-start=\"2074\" data-end=\"2089\" data-col-size=\"sm\">Product Name<\/td>\n<td data-start=\"2089\" data-end=\"2100\" data-col-size=\"sm\">Handbag<\/td>\n<\/tr>\n<tr data-start=\"2101\" data-end=\"2126\">\n<td data-start=\"2101\" data-end=\"2116\" data-col-size=\"sm\">Model Number<\/td>\n<td data-start=\"2116\" data-end=\"2126\" data-col-size=\"sm\">9120-1<\/td>\n<\/tr>\n<tr data-start=\"2127\" data-end=\"2146\">\n<td data-start=\"2127\" data-end=\"2135\" data-col-size=\"sm\">Style<\/td>\n<td data-start=\"2135\" data-end=\"2146\" data-col-size=\"sm\">Fashion<\/td>\n<\/tr>\n<tr data-start=\"2147\" data-end=\"2175\">\n<td data-start=\"2147\" data-end=\"2158\" data-col-size=\"sm\">Material<\/td>\n<td data-start=\"2158\" data-end=\"2175\" data-col-size=\"sm\">Suede Leather<\/td>\n<\/tr>\n<tr data-start=\"2176\" data-end=\"2225\">\n<td data-start=\"2176\" data-end=\"2192\" data-col-size=\"sm\">Standard Size<\/td>\n<td data-start=\"2192\" data-end=\"2225\" data-col-size=\"sm\">40 \u00d7 8 \u00d7 24 cm (customizable)<\/td>\n<\/tr>\n<tr data-start=\"2226\" data-end=\"2250\">\n<td data-start=\"2226\" data-end=\"2234\" data-col-size=\"sm\">Color<\/td>\n<td data-start=\"2234\" data-end=\"2250\" data-col-size=\"sm\">Customizable<\/td>\n<\/tr>\n<tr data-start=\"2251\" data-end=\"2274\">\n<td data-start=\"2251\" data-end=\"2258\" data-col-size=\"sm\">Logo<\/td>\n<td data-start=\"2258\" data-end=\"2274\" data-col-size=\"sm\">Customizable<\/td>\n<\/tr>\n<tr data-start=\"2275\" data-end=\"2313\">\n<td data-start=\"2275\" data-end=\"2293\" data-col-size=\"sm\">Place of Origin<\/td>\n<td data-start=\"2293\" data-end=\"2313\" data-col-size=\"sm\">Guangdong, China<\/td>\n<\/tr>\n<tr data-start=\"2314\" data-end=\"2361\">\n<td data-start=\"2314\" data-end=\"2325\" data-col-size=\"sm\">Features<\/td>\n<td data-start=\"2325\" data-end=\"2361\" data-col-size=\"sm\">Durable, Aesthetic, Soft Texture<\/td>\n<\/tr>\n<tr data-start=\"2362\" data-end=\"2396\">\n<td data-start=\"2362\" data-end=\"2370\" data-col-size=\"sm\">Usage<\/td>\n<td data-start=\"2370\" data-end=\"2396\" data-col-size=\"sm\">Crossbody \/ Hand-Carry<\/td>\n<\/tr>\n<tr data-start=\"2397\" data-end=\"2417\">\n<td data-start=\"2397\" data-end=\"2403\" data-col-size=\"sm\">MOQ<\/td>\n<td data-start=\"2403\" data-end=\"2417\" data-col-size=\"sm\">Negotiable<\/td>\n<\/tr>\n<tr data-start=\"2418\" data-end=\"2459\">\n<td data-start=\"2418\" data-end=\"2432\" data-col-size=\"sm\">Application<\/td>\n<td data-start=\"2432\" data-end=\"2459\" data-col-size=\"sm\">Daily use, work, travel<\/td>\n<\/tr>\n<\/tbody>\n<\/table>\n<\/div>\n<\/div>\n<h2 data-start=\"2466\" data-end=\"2482\">Application<\/h2>\n<ul data-start=\"2527\" data-end=\"3010\">\n<li data-start=\"2527\" data-end=\"2622\">\n<p data-start=\"2529\" data-end=\"2622\"><strong data-start=\"2529\" data-end=\"2548\">Daily commuting<\/strong>, offering space for essentials, and maintaining a fashionable appearance<\/p>\n<\/li>\n<li data-start=\"2623\" data-end=\"2714\">\n<p data-start=\"2625\" data-end=\"2714\"><strong data-start=\"2625\" data-end=\"2646\">Work environments<\/strong>, pairing well with office attire, and providing functional storage<\/p>\n<\/li>\n<li data-start=\"2715\" data-end=\"2820\">\n<p data-start=\"2717\" data-end=\"2820\"><strong data-start=\"2717\" data-end=\"2738\">Travel activities<\/strong>, giving users a comfortable way to carry personal items while maintaining style<\/p>\n<\/li>\n<li data-start=\"2821\" data-end=\"2908\">\n<p data-start=\"2823\" data-end=\"2908\"><strong data-start=\"2823\" data-end=\"2853\">Shopping or social outings<\/strong>, complementing outfits with its elegant suede design<\/p>\n<\/li>\n<li data-start=\"2909\" data-end=\"3010\">\n<p data-start=\"2911\" data-end=\"3010\"><strong data-start=\"2911\" data-end=\"2938\">Gift and retail markets<\/strong>, fitting seasonal promotions, wholesale orders, and boutique displays<\/p>\n<\/li>\n<\/ul>\n<p data-start=\"3017\" data-end=\"3242\" data-is-last-node=\"\" data-is-only-node=\"\">If you feel interested in this handbag, please contact us to request samples. We also provide comprehensive <strong data-start=\"3125\" data-end=\"3147\">ODM &amp; OEM services<\/strong>, including custom colors, custom sizes, and logo development to meet your market requirements.<\/p>\n<\/div>\n<\/div>\n<\/div>\n<\/div>\n<div class=\"z-0 flex min-h-[46px] justify-start\"><\/div>\n<div class=\"mt-3 w-full empty:hidden\">\n<div class=\"text-center\"><\/div>\n<\/div>\n<\/div>\n<\/div>\n<\/article>\n<div class=\"pointer-events-none h-px w-px\" aria-hidden=\"true\" data-edge=\"true\"><\/div>\n","protected":false},"excerpt":{"rendered":"<p>Diese braune Wildlederhandtasche mit nur einer Schulter bietet eine stilvolle Mischung aus Weichheit, Haltbarkeit und funktionellem Design f\u00fcr moderne Frauen. Sie eignet sich f\u00fcr den t\u00e4glichen Gebrauch, Arbeitsroutinen und Reisebed\u00fcrfnisse. Die Tasche unterst\u00fctzt kundenspezifische Logodienste, kundenspezifische Abmessungen und mehrere Farboptionen, wodurch sie ideal f\u00fcr Gro\u00dfhandelsk\u00e4ufer ist, die flexible OEM- und ODM-L\u00f6sungen ben\u00f6tigen. Die Wildlederstruktur verleiht der Tasche eine modische Ausstrahlung, w\u00e4hrend die Lederkonstruktion die Festigkeit und Langlebigkeit erh\u00f6ht. Die Struktur bietet gen\u00fcgend Innenkapazit\u00e4t, um wichtige Dinge wie Handys, Geldb\u00f6rsen, kleine Kosmetika und pers\u00f6nliche Gegenst\u00e4nde zu verstauen, so dass die Benutzer den ganzen Tag \u00fcber bequem unterwegs sein k\u00f6nnen.<\/p>","protected":false},"featured_media":4885,"comment_status":"open","ping_status":"closed","template":"","meta":{"site-sidebar-layout":"default","site-content-layout":"","ast-site-content-layout":"default","site-content-style":"default","site-sidebar-style":"default","ast-global-header-display":"","ast-banner-title-visibility":"","ast-main-header-display":"","ast-hfb-above-header-display":"","ast-hfb-below-header-display":"","ast-hfb-mobile-header-display":"","site-post-title":"","ast-breadcrumbs-content":"","ast-featured-img":"","footer-sml-layout":"","ast-disable-related-posts":"","theme-transparent-header-meta":"default","adv-header-id-meta":"","stick-header-meta":"","header-above-stick-meta":"","header-main-stick-meta":"","header-below-stick-meta":"","astra-migrate-meta-layouts":"set","ast-page-background-enabled":"default","ast-page-background-meta":{"desktop":{"background-color":"var(--ast-global-color-5)","background-image":"","background-repeat":"repeat","background-position":"center center","background-size":"auto","background-attachment":"scroll","background-type":"","background-media":"","overlay-type":"","overlay-color":"","overlay-opacity":"","overlay-gradient":""},"tablet":{"background-color":"","background-image":"","background-repeat":"repeat","background-position":"center center","background-size":"auto","background-attachment":"scroll","background-type":"","background-media":"","overlay-type":"","overlay-color":"","overlay-opacity":"","overlay-gradient":""},"mobile":{"background-color":"","background-image":"","background-repeat":"repeat","background-position":"center center","background-size":"auto","background-attachment":"scroll","background-type":"","background-media":"","overlay-type":"","overlay-color":"","overlay-opacity":"","overlay-gradient":""}},"ast-content-background-meta":{"desktop":{"background-color":"var(--ast-global-color-4)","background-image":"","background-repeat":"repeat","background-position":"center center","background-size":"auto","background-attachment":"scroll","background-type":"","background-media":"","overlay-type":"","overlay-color":"","overlay-opacity":"","overlay-gradient":""},"tablet":{"background-color":"var(--ast-global-color-4)","background-image":"","background-repeat":"repeat","background-position":"center center","background-size":"auto","background-attachment":"scroll","background-type":"","background-media":"","overlay-type":"","overlay-color":"","overlay-opacity":"","overlay-gradient":""},"mobile":{"background-color":"var(--ast-global-color-4)","background-image":"","background-repeat":"repeat","background-position":"center center","background-size":"auto","background-attachment":"scroll","background-type":"","background-media":"","overlay-type":"","overlay-color":"","overlay-opacity":"","overlay-gradient":""}}},"product_brand":[],"product_cat":[42,54],"product_tag":[],"class_list":{"0":"post-4880","1":"product","2":"type-product","3":"status-publish","4":"has-post-thumbnail","6":"product_cat-hand-bag","7":"product_cat-womens-bag","8":"desktop-align-left","9":"tablet-align-left","10":"mobile-align-left","12":"first","13":"instock","14":"shipping-taxable","15":"product-type-simple"},"_links":{"self":[{"href":"https:\/\/baijiabags.com\/de\/wp-json\/wp\/v2\/product\/4880","targetHints":{"allow":["GET"]}}],"collection":[{"href":"https:\/\/baijiabags.com\/de\/wp-json\/wp\/v2\/product"}],"about":[{"href":"https:\/\/baijiabags.com\/de\/wp-json\/wp\/v2\/types\/product"}],"replies":[{"embeddable":true,"href":"https:\/\/baijiabags.com\/de\/wp-json\/wp\/v2\/comments?post=4880"}],"wp:featuredmedia":[{"embeddable":true,"href":"https:\/\/baijiabags.com\/de\/wp-json\/wp\/v2\/media\/4885"}],"wp:attachment":[{"href":"https:\/\/baijiabags.com\/de\/wp-json\/wp\/v2\/media?parent=4880"}],"wp:term":[{"taxonomy":"product_brand","embeddable":true,"href":"https:\/\/baijiabags.com\/de\/wp-json\/wp\/v2\/product_brand?post=4880"},{"taxonomy":"product_cat","embeddable":true,"href":"https:\/\/baijiabags.com\/de\/wp-json\/wp\/v2\/product_cat?post=4880"},{"taxonomy":"product_tag","embeddable":true,"href":"https:\/\/baijiabags.com\/de\/wp-json\/wp\/v2\/product_tag?post=4880"}],"curies":[{"name":"wp","href":"https:\/\/api.w.org\/{rel}","templated":true}]}}