{"id":4789,"date":"2025-11-20T06:10:39","date_gmt":"2025-11-20T06:10:39","guid":{"rendered":"https:\/\/baijiabags.com\/?post_type=product&#038;p=4789"},"modified":"2025-11-24T10:05:29","modified_gmt":"2025-11-24T10:05:29","slug":"eco-friendly-custom-backpack-factory-wholesale-with-various-options","status":"publish","type":"product","link":"https:\/\/baijiabags.com\/de\/produkt\/eco-friendly-custom-backpack-factory-wholesale-with-various-options\/","title":{"rendered":"Eco Friendly Custom Rucksack Fabrik Gro\u00dfhandel mit verschiedenen Optionen"},"content":{"rendered":"<h2 data-start=\"573\" data-end=\"588\">Wesentliche Merkmale<\/h2>\n<ol data-start=\"589\" data-end=\"1740\">\n<li data-start=\"589\" data-end=\"753\">\n<p data-start=\"592\" data-end=\"753\"><strong data-start=\"592\" data-end=\"625\">Umweltfreundliche Materialauswahl<\/strong> - Der Rucksack besteht aus echtem Leder aus verantwortungsvollen Quellen und optionalem recyceltem Futtermaterial, um eine umweltfreundliche Produktion zu unterst\u00fctzen.<\/p>\n<\/li>\n<li data-start=\"754\" data-end=\"900\">\n<p data-start=\"757\" data-end=\"900\"><strong data-start=\"757\" data-end=\"787\">Vollst\u00e4ndige Anpassungsm\u00f6glichkeiten<\/strong> - Die Benutzer k\u00f6nnen benutzerdefinierte Farben, Gr\u00f6\u00dfen, Muster und personalisierte Logos f\u00fcr ihr Branding oder ihren pers\u00f6nlichen Ausdruck w\u00e4hlen.<\/p>\n<\/li>\n<li data-start=\"901\" data-end=\"1047\">\n<p data-start=\"904\" data-end=\"1047\"><strong data-start=\"904\" data-end=\"928\">Langlebige Konstruktion<\/strong> - Verst\u00e4rkte N\u00e4hte, abriebfeste Ledereins\u00e4tze und hochwertige Beschl\u00e4ge erh\u00f6hen die Langlebigkeit im t\u00e4glichen Gebrauch.<\/p>\n<\/li>\n<li data-start=\"1048\" data-end=\"1178\">\n<p data-start=\"1051\" data-end=\"1178\"><strong data-start=\"1051\" data-end=\"1072\">Leichte Bauweise<\/strong> - Die Struktur bleibt stabil, ohne unn\u00f6tig zu beschweren, was den Tragekomfort bei langem Tragen erh\u00f6ht.<\/p>\n<\/li>\n<li data-start=\"1179\" data-end=\"1325\">\n<p data-start=\"1182\" data-end=\"1325\"><strong data-start=\"1182\" data-end=\"1208\">Komfortbetontes Design<\/strong> - Weiche Schultergurte, eine atmungsaktive R\u00fcckenpolsterung und eine ergonomische Form verringern den Druck bei langen Fahrten.<\/p>\n<\/li>\n<li data-start=\"1326\" data-end=\"1446\">\n<p data-start=\"1329\" data-end=\"1446\"><strong data-start=\"1329\" data-end=\"1357\">Organisiertes Lagerlayout<\/strong> - Mehrere Taschen bieten Platz f\u00fcr Laptops, Dokumente, Zubeh\u00f6r und Reiseutensilien.<\/p>\n<\/li>\n<li data-start=\"1447\" data-end=\"1575\">\n<p data-start=\"1450\" data-end=\"1575\"><strong data-start=\"1450\" data-end=\"1475\">Flexible Anwendungen<\/strong> - Die Benutzer k\u00f6nnen ihn im B\u00fcro, in der Schule, bei Freizeitausfl\u00fcgen, Wochenendtrips oder kurzen Gesch\u00e4ftsreisen tragen.<\/p>\n<\/li>\n<li data-start=\"1576\" data-end=\"1740\">\n<p data-start=\"1579\" data-end=\"1740\"><strong data-start=\"1579\" data-end=\"1609\">Gro\u00dfhandelstaugliche Produktion<\/strong> - Die Gro\u00dfserienproduktion unterst\u00fctzt OEM- und ODM-Kundenanpassungen f\u00fcr Corporate Branding, Werbegeschenke oder den Vertrieb im Einzelhandel.<\/p>\n<\/li>\n<\/ol>\n<h2 data-start=\"1742\" data-end=\"1759\">Spezifikationen<\/h2>\n<div class=\"_tableContainer_1rjym_1\">\n<div class=\"group _tableWrapper_1rjym_13 flex w-fit flex-col-reverse\" tabindex=\"-1\">\n<table class=\"w-fit min-w-(--thread-content-width)\" data-start=\"1760\" data-end=\"2201\">\n<thead data-start=\"1760\" data-end=\"1790\">\n<tr data-start=\"1760\" data-end=\"1790\">\n<th data-start=\"1760\" data-end=\"1771\" data-col-size=\"sm\"><strong data-start=\"1762\" data-end=\"1770\">Artikel<\/strong><\/th>\n<th data-start=\"1771\" data-end=\"1790\" data-col-size=\"md\"><strong data-start=\"1773\" data-end=\"1788\">Beschreibung<\/strong><\/th>\n<\/tr>\n<\/thead>\n<tbody data-start=\"1821\" data-end=\"2201\">\n<tr data-start=\"1821\" data-end=\"1848\">\n<td data-start=\"1821\" data-end=\"1836\" data-col-size=\"sm\">Produktname<\/td>\n<td data-start=\"1836\" data-end=\"1848\" data-col-size=\"md\">Rucksack<\/td>\n<\/tr>\n<tr data-start=\"1849\" data-end=\"1867\">\n<td data-start=\"1849\" data-end=\"1857\" data-col-size=\"sm\">Marke<\/td>\n<td data-start=\"1857\" data-end=\"1867\" data-col-size=\"md\">RONEER<\/td>\n<\/tr>\n<tr data-start=\"1868\" data-end=\"1897\">\n<td data-start=\"1868\" data-end=\"1877\" data-col-size=\"sm\">Herkunft<\/td>\n<td data-start=\"1877\" data-end=\"1897\" data-col-size=\"md\">Guangdong, China<\/td>\n<\/tr>\n<tr data-start=\"1898\" data-end=\"1917\">\n<td data-start=\"1898\" data-end=\"1906\" data-col-size=\"sm\">Stil<\/td>\n<td data-start=\"1906\" data-end=\"1917\" data-col-size=\"md\">Mode<\/td>\n<\/tr>\n<tr data-start=\"1918\" data-end=\"1941\">\n<td data-start=\"1918\" data-end=\"1925\" data-col-size=\"sm\">Logo<\/td>\n<td data-start=\"1925\" data-end=\"1941\" data-col-size=\"md\">Anpassbar<\/td>\n<\/tr>\n<tr data-start=\"1942\" data-end=\"2001\">\n<td data-start=\"1942\" data-end=\"1949\" data-col-size=\"sm\">Gr\u00f6\u00dfe<\/td>\n<td data-start=\"1949\" data-end=\"2001\" data-col-size=\"md\">Anpassbar; g\u00e4ngige Optionen sind 42\u00d730\u00d714 cm<\/td>\n<\/tr>\n<tr data-start=\"2002\" data-end=\"2034\">\n<td data-start=\"2002\" data-end=\"2010\" data-col-size=\"sm\">Farbe<\/td>\n<td data-start=\"2010\" data-end=\"2034\" data-col-size=\"md\">Orange oder individuell<\/td>\n<\/tr>\n<tr data-start=\"2035\" data-end=\"2065\">\n<td data-start=\"2035\" data-end=\"2046\" data-col-size=\"sm\">Material<\/td>\n<td data-start=\"2046\" data-end=\"2065\" data-col-size=\"md\">Echtes Leder<\/td>\n<\/tr>\n<tr data-start=\"2066\" data-end=\"2110\">\n<td data-start=\"2066\" data-end=\"2077\" data-col-size=\"sm\">Eigenschaften<\/td>\n<td data-start=\"2077\" data-end=\"2110\" data-col-size=\"md\">Langlebig, elegant, leicht<\/td>\n<\/tr>\n<tr data-start=\"2111\" data-end=\"2131\">\n<td data-start=\"2111\" data-end=\"2117\" data-col-size=\"sm\">MOQ<\/td>\n<td data-start=\"2117\" data-end=\"2131\" data-col-size=\"md\">Verhandlungsf\u00e4hig<\/td>\n<\/tr>\n<tr data-start=\"2132\" data-end=\"2158\">\n<td data-start=\"2132\" data-end=\"2144\" data-col-size=\"sm\">Verpackung<\/td>\n<td data-start=\"2144\" data-end=\"2158\" data-col-size=\"md\">Verhandlungsf\u00e4hig<\/td>\n<\/tr>\n<tr data-start=\"2159\" data-end=\"2201\">\n<td data-start=\"2159\" data-end=\"2174\" data-col-size=\"sm\">Anwendungen<\/td>\n<td data-start=\"2174\" data-end=\"2201\" data-col-size=\"md\">T\u00e4glicher Gebrauch, Arbeit, Reisen<\/td>\n<\/tr>\n<\/tbody>\n<\/table>\n<\/div>\n<\/div>\n<h2>Anwendungen<\/h2>\n<ul data-start=\"2219\" data-end=\"2828\">\n<li data-start=\"2219\" data-end=\"2316\">\n<p data-start=\"2221\" data-end=\"2316\"><strong data-start=\"2221\" data-end=\"2238\">T\u00e4glich\u00a0<\/strong><span style=\"box-sizing: border-box;\"><strong>Pendeln: s<\/strong>upports<\/span>\u00a0Laptops, Notebooks und pers\u00f6nliche Dinge f\u00fcr die t\u00e4gliche Bewegung.<\/p>\n<\/li>\n<li data-start=\"2317\" data-end=\"2434\">\n<p data-start=\"2319\" data-end=\"2434\"><strong data-start=\"2319\" data-end=\"2336\">Arbeit &amp; B\u00fcro: <\/strong>Passt f\u00fcr Gesch\u00e4ftsdokumente, technische Ger\u00e4te und Zubeh\u00f6r und sorgt f\u00fcr ein professionelles Erscheinungsbild.<\/p>\n<\/li>\n<li data-start=\"2435\" data-end=\"2550\">\n<p data-start=\"2437\" data-end=\"2550\"><strong data-start=\"2437\" data-end=\"2461\">Reisen und Au\u00dfeneinsatz: <\/strong>F\u00fcr Kurztrips oder Wochenendausfl\u00fcge mit ausreichend Platz f\u00fcr Kleidung und Reiseutensilien.<\/p>\n<\/li>\n<li data-start=\"2551\" data-end=\"2681\">\n<p data-start=\"2553\" data-end=\"2681\"><strong data-start=\"2553\" data-end=\"2575\">Unternehmensprojekte: <\/strong>Eignet sich gut f\u00fcr Markengeschenke, Firmenartikel und Werbeprojekte durch individuelle Gestaltung des Logos.<\/p>\n<\/li>\n<li data-start=\"2682\" data-end=\"2828\">\n<p data-start=\"2684\" data-end=\"2828\"><strong data-start=\"2684\" data-end=\"2719\">Einzelhandel und Gro\u00dfhandel: <\/strong>Passt zu modisch orientierten Produktlinien, die auf umweltbewusste Materialien und moderne \u00c4sthetik Wert legen.<\/p>\n<\/li>\n<\/ul>\n<p data-start=\"2830\" data-end=\"2970\" data-is-last-node=\"\" data-is-only-node=\"\">Wenn Sie an diesem Rucksack interessiert sind, setzen Sie sich bitte mit uns in Verbindung, um Muster anzufordern. ODM &amp; OEM Dienstleistungen sind f\u00fcr alle Anpassungsbed\u00fcrfnisse verf\u00fcgbar.<\/p>","protected":false},"excerpt":{"rendered":"<p>Dieser individuelle, umweltfreundliche Rucksack zeichnet sich durch ein ausgewogenes Verh\u00e4ltnis von Nachhaltigkeit, Langlebigkeit und modernem Stil aus. Das Design unterst\u00fctzt die t\u00e4gliche Routine, den Arbeitsweg und die Reisebed\u00fcrfnisse mit anpassbaren Gr\u00f6\u00dfenoptionen, anpassbaren Farben und einer robusten Echtlederkonstruktion. Jedes Detail zielt darauf ab, Komfort, Organisation und langfristige Zuverl\u00e4ssigkeit zu bieten und gleichzeitig ein klares, modisches Aussehen zu bewahren, das zu einer Vielzahl von Benutzern passt. Die Struktur bleibt stabil, die Stauraumaufteilung praktisch und die Materialien sorgen daf\u00fcr, dass der Rucksack auch bei h\u00e4ufigem Gebrauch zuverl\u00e4ssig funktioniert.<\/p>","protected":false},"featured_media":4791,"comment_status":"open","ping_status":"closed","template":"","meta":{"site-sidebar-layout":"default","site-content-layout":"","ast-site-content-layout":"default","site-content-style":"default","site-sidebar-style":"default","ast-global-header-display":"","ast-banner-title-visibility":"","ast-main-header-display":"","ast-hfb-above-header-display":"","ast-hfb-below-header-display":"","ast-hfb-mobile-header-display":"","site-post-title":"","ast-breadcrumbs-content":"","ast-featured-img":"","footer-sml-layout":"","ast-disable-related-posts":"","theme-transparent-header-meta":"default","adv-header-id-meta":"","stick-header-meta":"","header-above-stick-meta":"","header-main-stick-meta":"","header-below-stick-meta":"","astra-migrate-meta-layouts":"set","ast-page-background-enabled":"default","ast-page-background-meta":{"desktop":{"background-color":"var(--ast-global-color-5)","background-image":"","background-repeat":"repeat","background-position":"center center","background-size":"auto","background-attachment":"scroll","background-type":"","background-media":"","overlay-type":"","overlay-color":"","overlay-opacity":"","overlay-gradient":""},"tablet":{"background-color":"","background-image":"","background-repeat":"repeat","background-position":"center center","background-size":"auto","background-attachment":"scroll","background-type":"","background-media":"","overlay-type":"","overlay-color":"","overlay-opacity":"","overlay-gradient":""},"mobile":{"background-color":"","background-image":"","background-repeat":"repeat","background-position":"center center","background-size":"auto","background-attachment":"scroll","background-type":"","background-media":"","overlay-type":"","overlay-color":"","overlay-opacity":"","overlay-gradient":""}},"ast-content-background-meta":{"desktop":{"background-color":"var(--ast-global-color-4)","background-image":"","background-repeat":"repeat","background-position":"center center","background-size":"auto","background-attachment":"scroll","background-type":"","background-media":"","overlay-type":"","overlay-color":"","overlay-opacity":"","overlay-gradient":""},"tablet":{"background-color":"var(--ast-global-color-4)","background-image":"","background-repeat":"repeat","background-position":"center center","background-size":"auto","background-attachment":"scroll","background-type":"","background-media":"","overlay-type":"","overlay-color":"","overlay-opacity":"","overlay-gradient":""},"mobile":{"background-color":"var(--ast-global-color-4)","background-image":"","background-repeat":"repeat","background-position":"center center","background-size":"auto","background-attachment":"scroll","background-type":"","background-media":"","overlay-type":"","overlay-color":"","overlay-opacity":"","overlay-gradient":""}}},"product_brand":[],"product_cat":[21],"product_tag":[],"class_list":{"0":"post-4789","1":"product","2":"type-product","3":"status-publish","4":"has-post-thumbnail","6":"product_cat-backpack","7":"desktop-align-left","8":"tablet-align-left","9":"mobile-align-left","11":"first","12":"instock","13":"shipping-taxable","14":"product-type-simple"},"_links":{"self":[{"href":"https:\/\/baijiabags.com\/de\/wp-json\/wp\/v2\/product\/4789","targetHints":{"allow":["GET"]}}],"collection":[{"href":"https:\/\/baijiabags.com\/de\/wp-json\/wp\/v2\/product"}],"about":[{"href":"https:\/\/baijiabags.com\/de\/wp-json\/wp\/v2\/types\/product"}],"replies":[{"embeddable":true,"href":"https:\/\/baijiabags.com\/de\/wp-json\/wp\/v2\/comments?post=4789"}],"wp:featuredmedia":[{"embeddable":true,"href":"https:\/\/baijiabags.com\/de\/wp-json\/wp\/v2\/media\/4791"}],"wp:attachment":[{"href":"https:\/\/baijiabags.com\/de\/wp-json\/wp\/v2\/media?parent=4789"}],"wp:term":[{"taxonomy":"product_brand","embeddable":true,"href":"https:\/\/baijiabags.com\/de\/wp-json\/wp\/v2\/product_brand?post=4789"},{"taxonomy":"product_cat","embeddable":true,"href":"https:\/\/baijiabags.com\/de\/wp-json\/wp\/v2\/product_cat?post=4789"},{"taxonomy":"product_tag","embeddable":true,"href":"https:\/\/baijiabags.com\/de\/wp-json\/wp\/v2\/product_tag?post=4789"}],"curies":[{"name":"wp","href":"https:\/\/api.w.org\/{rel}","templated":true}]}}