{"id":4736,"date":"2025-11-15T07:21:24","date_gmt":"2025-11-15T07:21:24","guid":{"rendered":"https:\/\/baijiabags.com\/?post_type=product&#038;p=4736"},"modified":"2025-11-15T07:24:25","modified_gmt":"2025-11-15T07:24:25","slug":"wholesale-mens-fashion-durable-backpack-large-capacity-for-school-travel-and-everyday-use","status":"publish","type":"product","link":"https:\/\/baijiabags.com\/de\/produkt\/wholesale-mens-fashion-durable-backpack-large-capacity-for-school-travel-and-everyday-use\/","title":{"rendered":"Gro\u00dfhandel Mens Fashion Durable Rucksack gro\u00dfe Kapazit\u00e4t f\u00fcr Schulreisen und den t\u00e4glichen Gebrauch"},"content":{"rendered":"<h2 data-start=\"684\" data-end=\"703\"><strong data-start=\"687\" data-end=\"703\">Wesentliche Merkmale<\/strong><\/h2>\n<ol data-start=\"705\" data-end=\"1743\">\n<li data-start=\"705\" data-end=\"884\">\n<p data-start=\"708\" data-end=\"884\"><strong data-start=\"708\" data-end=\"733\">Gro\u00dfe Kapazit\u00e4t Layout: <\/strong>Der Innenraum bietet ausreichend Platz f\u00fcr B\u00fccher, Kleidung, kleine Accessoires und ein Laptopfach, das f\u00fcr g\u00e4ngige Gr\u00f6\u00dfen wie 14-15,6 Zoll geeignet ist.<\/p>\n<\/li>\n<li data-start=\"886\" data-end=\"999\">\n<p data-start=\"889\" data-end=\"999\"><strong data-start=\"889\" data-end=\"910\">Langlebige Materialien: <\/strong>Das robuste Polyestergewebe widersteht t\u00e4glichem Verschlei\u00df, leichten Kratzern und wiederholten Bewegungen.<\/p>\n<\/li>\n<li data-start=\"1001\" data-end=\"1134\">\n<p data-start=\"1004\" data-end=\"1134\"><strong data-start=\"1004\" data-end=\"1039\">Komfortorientiertes Tragesystem: <\/strong>Atmungsaktive Schultergurte und ein gepolstertes R\u00fcckenteil erh\u00f6hen den Komfort bei langen Arbeitszeiten.<\/p>\n<\/li>\n<li data-start=\"1136\" data-end=\"1265\">\n<p data-start=\"1139\" data-end=\"1265\"><strong data-start=\"1139\" data-end=\"1169\">Mehrere organisierte Taschen<\/strong>In den F\u00e4chern auf der Vorderseite lassen sich Mobilger\u00e4te, Ladeger\u00e4te, Stifte und kleine Werkzeuge gut sortiert unterbringen.<\/p>\n<\/li>\n<li data-start=\"1267\" data-end=\"1386\">\n<p data-start=\"1270\" data-end=\"1386\"><strong data-start=\"1270\" data-end=\"1294\">Anpassbare Optionen: <\/strong>Gr\u00f6\u00dfe, Farbe und Logo-Optionen unterst\u00fctzen ODM- und OEM-Bed\u00fcrfnisse von Marken oder Gro\u00dfh\u00e4ndlern.<\/p>\n<\/li>\n<li data-start=\"1388\" data-end=\"1490\">\n<p data-start=\"1391\" data-end=\"1490\"><strong data-start=\"1391\" data-end=\"1416\">Leichte Struktur: <\/strong>Das Gesamtgewicht unterst\u00fctzt das langfristige Tragen ohne zus\u00e4tzliche Belastung.<\/p>\n<\/li>\n<li data-start=\"1492\" data-end=\"1595\">\n<p data-start=\"1495\" data-end=\"1595\"><strong data-start=\"1495\" data-end=\"1519\">Glattes Rei\u00dfverschlusssystem: <\/strong>Hochwertige Rei\u00dfverschl\u00fcsse sind leichtg\u00e4ngig und erleichtern den schnellen Zugriff auf Gegenst\u00e4nde.<\/p>\n<\/li>\n<li data-start=\"1597\" data-end=\"1743\">\n<p data-start=\"1600\" data-end=\"1743\"><strong data-start=\"1600\" data-end=\"1626\">Reisefreundliches Design: <\/strong>Das Design eignet sich gut f\u00fcr den Einsatz am Flughafen, in der Schule und in der Stadt und zeichnet sich durch einfache Handhabung und ausgewogene Gewichtsverteilung aus.<\/p>\n<\/li>\n<\/ol>\n<h2 data-start=\"1750\" data-end=\"1771\"><strong data-start=\"1753\" data-end=\"1771\">Spezifikationen<\/strong><\/h2>\n<div class=\"_tableContainer_1rjym_1\">\n<div class=\"group _tableWrapper_1rjym_13 flex w-fit flex-col-reverse\" tabindex=\"-1\">\n<table class=\"w-fit min-w-(--thread-content-width)\" data-start=\"1809\" data-end=\"2292\">\n<thead data-start=\"1809\" data-end=\"1835\">\n<tr data-start=\"1809\" data-end=\"1835\">\n<th data-start=\"1809\" data-end=\"1820\" data-col-size=\"sm\"><strong data-start=\"1811\" data-end=\"1819\">Artikel<\/strong><\/th>\n<th data-start=\"1820\" data-end=\"1835\" data-col-size=\"md\"><strong data-start=\"1822\" data-end=\"1833\">Einzelheiten<\/strong><\/th>\n<\/tr>\n<\/thead>\n<tbody data-start=\"1862\" data-end=\"2292\">\n<tr data-start=\"1862\" data-end=\"1889\">\n<td data-start=\"1862\" data-end=\"1877\" data-col-size=\"sm\">Produktname<\/td>\n<td data-col-size=\"md\" data-start=\"1877\" data-end=\"1889\">Rucksack<\/td>\n<\/tr>\n<tr data-start=\"1890\" data-end=\"1908\">\n<td data-start=\"1890\" data-end=\"1898\" data-col-size=\"sm\">Marke<\/td>\n<td data-col-size=\"md\" data-start=\"1898\" data-end=\"1908\">RONEER<\/td>\n<\/tr>\n<tr data-start=\"1909\" data-end=\"1938\">\n<td data-start=\"1909\" data-end=\"1918\" data-col-size=\"sm\">Herkunft<\/td>\n<td data-col-size=\"md\" data-start=\"1918\" data-end=\"1938\">Guangdong, China<\/td>\n<\/tr>\n<tr data-start=\"1939\" data-end=\"1958\">\n<td data-start=\"1939\" data-end=\"1947\" data-col-size=\"sm\">Stil<\/td>\n<td data-col-size=\"md\" data-start=\"1947\" data-end=\"1958\">Mode<\/td>\n<\/tr>\n<tr data-start=\"1959\" data-end=\"1982\">\n<td data-start=\"1959\" data-end=\"1966\" data-col-size=\"sm\">Logo<\/td>\n<td data-start=\"1966\" data-end=\"1982\" data-col-size=\"md\">Anpassbar<\/td>\n<\/tr>\n<tr data-start=\"1983\" data-end=\"2049\">\n<td data-start=\"1983\" data-end=\"1990\" data-col-size=\"sm\">Gr\u00f6\u00dfe<\/td>\n<td data-start=\"1990\" data-end=\"2049\" data-col-size=\"md\">Anpassbar<\/td>\n<\/tr>\n<tr data-start=\"2050\" data-end=\"2081\">\n<td data-start=\"2050\" data-end=\"2058\" data-col-size=\"sm\">Farbe<\/td>\n<td data-start=\"2058\" data-end=\"2081\" data-col-size=\"md\">Blau \/ Anpassbar<\/td>\n<\/tr>\n<tr data-start=\"2195\" data-end=\"2215\">\n<td data-start=\"2195\" data-end=\"2201\" data-col-size=\"sm\">MOQ<\/td>\n<td data-start=\"2201\" data-end=\"2215\" data-col-size=\"md\">Verhandlungsf\u00e4hig<\/td>\n<\/tr>\n<tr data-start=\"2216\" data-end=\"2242\">\n<td data-start=\"2216\" data-end=\"2228\" data-col-size=\"sm\">Verpackung<\/td>\n<td data-start=\"2228\" data-end=\"2242\" data-col-size=\"md\">Verhandlungsf\u00e4hig<\/td>\n<\/tr>\n<tr data-start=\"2243\" data-end=\"2292\">\n<td data-start=\"2243\" data-end=\"2257\" data-col-size=\"sm\">Anmeldung<\/td>\n<td data-start=\"2257\" data-end=\"2292\" data-col-size=\"md\">T\u00e4glicher Gebrauch, Arbeit, Schule, Reisen<\/td>\n<\/tr>\n<\/tbody>\n<\/table>\n<h2 data-start=\"2299\" data-end=\"2318\"><strong data-start=\"2302\" data-end=\"2318\">Anwendungen<\/strong><\/h2>\n<ul>\n<li data-start=\"108\" data-end=\"241\"><strong data-start=\"110\" data-end=\"130\">T\u00e4gliches Pendeln: <\/strong>Unterst\u00fctzt das t\u00e4gliche Reisen in der Stadt, indem es Laptops, Dokumente und pers\u00f6nliche Dinge organisiert transportiert.<\/li>\n<li data-start=\"243\" data-end=\"378\"><strong data-start=\"245\" data-end=\"274\">F\u00fcr Schulen und Universit\u00e4ten: <\/strong>Fasst Lehrb\u00fccher, Notizb\u00fccher, Schreibwaren und digitale Ger\u00e4te f\u00fcr Sch\u00fcler, die eine zuverl\u00e4ssige Aufbewahrung ben\u00f6tigen.<\/li>\n<li data-start=\"380\" data-end=\"539\"><strong data-start=\"382\" data-end=\"415\">B\u00fcro- und Gesch\u00e4ftsalltag: <\/strong>Er bietet Platz f\u00fcr Arbeitsunterlagen, Tablets, Ladeger\u00e4te und kleine Werkzeuge und erleichtert so den Wechsel zwischen Besprechungen und Arbeitsaufgaben.<\/li>\n<\/ul>\n<p>Wenn Sie an diesem Rucksack interessiert sind, k\u00f6nnen Sie uns gerne f\u00fcr Muster kontaktieren. ODM &amp; OEM Dienstleistungen sind verf\u00fcgbar.<\/p>\n<\/div>\n<\/div>","protected":false},"excerpt":{"rendered":"<p>Dieser modische Herrenrucksack mit gro\u00dfem Fassungsverm\u00f6gen ist f\u00fcr Schule, Reisen, Pendeln und den t\u00e4glichen Gebrauch konzipiert. Er bietet eine Mischung aus Langlebigkeit, Stil und funktionellem Stauraum und ist damit ein zuverl\u00e4ssiger Begleiter f\u00fcr Arbeit, Studium und Kurztrips. Die Struktur des Rucksacks konzentriert sich auf Komfort, langfristige Trageunterst\u00fctzung und Praktikabilit\u00e4t in verschiedenen Szenarien. Der Look passt zu Freizeit-, Business-Casual- und Reise-Outfits, und die Materialien halten auch an langen Tagen im Freien oder drinnen stand.<\/p>","protected":false},"featured_media":4743,"comment_status":"open","ping_status":"closed","template":"","meta":{"site-sidebar-layout":"default","site-content-layout":"","ast-site-content-layout":"default","site-content-style":"default","site-sidebar-style":"default","ast-global-header-display":"","ast-banner-title-visibility":"","ast-main-header-display":"","ast-hfb-above-header-display":"","ast-hfb-below-header-display":"","ast-hfb-mobile-header-display":"","site-post-title":"","ast-breadcrumbs-content":"","ast-featured-img":"","footer-sml-layout":"","ast-disable-related-posts":"","theme-transparent-header-meta":"default","adv-header-id-meta":"","stick-header-meta":"","header-above-stick-meta":"","header-main-stick-meta":"","header-below-stick-meta":"","astra-migrate-meta-layouts":"set","ast-page-background-enabled":"default","ast-page-background-meta":{"desktop":{"background-color":"var(--ast-global-color-5)","background-image":"","background-repeat":"repeat","background-position":"center center","background-size":"auto","background-attachment":"scroll","background-type":"","background-media":"","overlay-type":"","overlay-color":"","overlay-opacity":"","overlay-gradient":""},"tablet":{"background-color":"","background-image":"","background-repeat":"repeat","background-position":"center center","background-size":"auto","background-attachment":"scroll","background-type":"","background-media":"","overlay-type":"","overlay-color":"","overlay-opacity":"","overlay-gradient":""},"mobile":{"background-color":"","background-image":"","background-repeat":"repeat","background-position":"center center","background-size":"auto","background-attachment":"scroll","background-type":"","background-media":"","overlay-type":"","overlay-color":"","overlay-opacity":"","overlay-gradient":""}},"ast-content-background-meta":{"desktop":{"background-color":"var(--ast-global-color-4)","background-image":"","background-repeat":"repeat","background-position":"center center","background-size":"auto","background-attachment":"scroll","background-type":"","background-media":"","overlay-type":"","overlay-color":"","overlay-opacity":"","overlay-gradient":""},"tablet":{"background-color":"var(--ast-global-color-4)","background-image":"","background-repeat":"repeat","background-position":"center center","background-size":"auto","background-attachment":"scroll","background-type":"","background-media":"","overlay-type":"","overlay-color":"","overlay-opacity":"","overlay-gradient":""},"mobile":{"background-color":"var(--ast-global-color-4)","background-image":"","background-repeat":"repeat","background-position":"center center","background-size":"auto","background-attachment":"scroll","background-type":"","background-media":"","overlay-type":"","overlay-color":"","overlay-opacity":"","overlay-gradient":""}}},"product_brand":[],"product_cat":[21],"product_tag":[],"class_list":{"0":"post-4736","1":"product","2":"type-product","3":"status-publish","4":"has-post-thumbnail","6":"product_cat-backpack","7":"desktop-align-left","8":"tablet-align-left","9":"mobile-align-left","11":"first","12":"instock","13":"shipping-taxable","14":"product-type-simple"},"_links":{"self":[{"href":"https:\/\/baijiabags.com\/de\/wp-json\/wp\/v2\/product\/4736","targetHints":{"allow":["GET"]}}],"collection":[{"href":"https:\/\/baijiabags.com\/de\/wp-json\/wp\/v2\/product"}],"about":[{"href":"https:\/\/baijiabags.com\/de\/wp-json\/wp\/v2\/types\/product"}],"replies":[{"embeddable":true,"href":"https:\/\/baijiabags.com\/de\/wp-json\/wp\/v2\/comments?post=4736"}],"wp:featuredmedia":[{"embeddable":true,"href":"https:\/\/baijiabags.com\/de\/wp-json\/wp\/v2\/media\/4743"}],"wp:attachment":[{"href":"https:\/\/baijiabags.com\/de\/wp-json\/wp\/v2\/media?parent=4736"}],"wp:term":[{"taxonomy":"product_brand","embeddable":true,"href":"https:\/\/baijiabags.com\/de\/wp-json\/wp\/v2\/product_brand?post=4736"},{"taxonomy":"product_cat","embeddable":true,"href":"https:\/\/baijiabags.com\/de\/wp-json\/wp\/v2\/product_cat?post=4736"},{"taxonomy":"product_tag","embeddable":true,"href":"https:\/\/baijiabags.com\/de\/wp-json\/wp\/v2\/product_tag?post=4736"}],"curies":[{"name":"wp","href":"https:\/\/api.w.org\/{rel}","templated":true}]}}