{"id":4696,"date":"2025-11-15T03:23:45","date_gmt":"2025-11-15T03:23:45","guid":{"rendered":"https:\/\/baijiabags.com\/?post_type=product&#038;p=4696"},"modified":"2025-11-15T09:10:24","modified_gmt":"2025-11-15T09:10:24","slug":"custom-mens-casual-backpack-large-storage-versatile-travel-design","status":"publish","type":"product","link":"https:\/\/baijiabags.com\/de\/produkt\/custom-mens-casual-backpack-large-storage-versatile-travel-design\/","title":{"rendered":"Benutzerdefinierte Herren Casual Rucksack gro\u00dfe Lagerung vielseitig Travel Design"},"content":{"rendered":"<h2 data-start=\"839\" data-end=\"858\"><strong data-start=\"842\" data-end=\"858\">Wesentliche Merkmale<\/strong><\/h2>\n<ol data-start=\"860\" data-end=\"1891\">\n<li data-start=\"860\" data-end=\"1035\">\n<p data-start=\"863\" data-end=\"1035\"><strong data-start=\"863\" data-end=\"887\">Gro\u00dfer Stauraum:<\/strong>Mehrere Innen- und Au\u00dfenf\u00e4cher erleichtern die Unterbringung von Laptops, Dokumenten, Kleidung und anderen Kleinigkeiten f\u00fcr den Alltags- und Reisebedarf.<\/p>\n<\/li>\n<li data-start=\"1037\" data-end=\"1170\">\n<p data-start=\"1040\" data-end=\"1170\"><strong data-start=\"1040\" data-end=\"1069\">L\u00e4ssige \u00c4sthetik<\/strong>Ein klares, modernes Aussehen passt zu B\u00fcroumgebungen, Reisen und dem t\u00e4glichen Pendleroutfit.<\/p>\n<\/li>\n<li data-start=\"1296\" data-end=\"1403\">\n<p data-start=\"1299\" data-end=\"1403\"><strong data-start=\"1299\" data-end=\"1326\">Wasserabweisende Oberfl\u00e4che:<\/strong>Der allt\u00e4gliche Schutz bewahrt Habseligkeiten vor Spritzern und leichtem Regen.<\/p>\n<\/li>\n<li data-start=\"1405\" data-end=\"1525\">\n<p data-start=\"1408\" data-end=\"1525\"><strong data-start=\"1408\" data-end=\"1432\">Anpassbare Optionen:<\/strong>Logo, Gr\u00f6\u00dfe und Farboptionen k\u00f6nnen auf die Anforderungen der Marke oder den Werbezweck zugeschnitten werden.<\/p>\n<\/li>\n<li data-start=\"1527\" data-end=\"1659\">\n<p data-start=\"1530\" data-end=\"1659\"><strong data-start=\"1530\" data-end=\"1565\">Komfortorientiertes Tragesystem:<\/strong>Ein gepolstertes R\u00fcckenteil und verstellbare Schultergurte verringern die Erm\u00fcdung bei langem Tragen.<\/p>\n<\/li>\n<li data-start=\"1661\" data-end=\"1765\">\n<p data-start=\"1664\" data-end=\"1765\"><strong data-start=\"1664\" data-end=\"1692\">Flexible Nutzungsszenarien:<\/strong>Der Rucksack eignet sich f\u00fcr Arbeit, Studium, Reisen und Freizeitaktivit\u00e4ten.<\/p>\n<\/li>\n<li data-start=\"1767\" data-end=\"1891\">\n<p data-start=\"1770\" data-end=\"1891\"><strong data-start=\"1770\" data-end=\"1802\">Markenfreundliche Produktion: <\/strong>Geeignet f\u00fcr ODM\/OEM-Projekte mit verhandelbarem MOQ und flexiblen Verpackungsl\u00f6sungen.<\/p>\n<\/li>\n<\/ol>\n<h2 data-start=\"1898\" data-end=\"1919\"><strong data-start=\"1901\" data-end=\"1919\">Spezifikationen<\/strong><\/h2>\n<div class=\"_tableContainer_1rjym_1\">\n<div class=\"group _tableWrapper_1rjym_13 flex w-fit flex-col-reverse\" tabindex=\"-1\">\n<table class=\"w-fit min-w-(--thread-content-width)\" data-start=\"1921\" data-end=\"2392\">\n<thead data-start=\"1921\" data-end=\"1951\">\n<tr data-start=\"1921\" data-end=\"1951\">\n<th data-start=\"1921\" data-end=\"1932\" data-col-size=\"sm\"><strong data-start=\"1923\" data-end=\"1931\">Artikel<\/strong><\/th>\n<th data-start=\"1932\" data-end=\"1951\" data-col-size=\"md\"><strong data-start=\"1934\" data-end=\"1949\">Beschreibung<\/strong><\/th>\n<\/tr>\n<\/thead>\n<tbody data-start=\"1982\" data-end=\"2392\">\n<tr data-start=\"1982\" data-end=\"2009\">\n<td data-start=\"1982\" data-end=\"1997\" data-col-size=\"sm\">Produktname<\/td>\n<td data-start=\"1997\" data-end=\"2009\" data-col-size=\"md\">Rucksack<\/td>\n<\/tr>\n<tr data-start=\"2010\" data-end=\"2028\">\n<td data-start=\"2010\" data-end=\"2018\" data-col-size=\"sm\">Marke<\/td>\n<td data-start=\"2018\" data-end=\"2028\" data-col-size=\"md\">RONEER<\/td>\n<\/tr>\n<tr data-start=\"2029\" data-end=\"2058\">\n<td data-start=\"2029\" data-end=\"2038\" data-col-size=\"sm\">Herkunft<\/td>\n<td data-start=\"2038\" data-end=\"2058\" data-col-size=\"md\">Guangdong, China<\/td>\n<\/tr>\n<tr data-start=\"2059\" data-end=\"2096\">\n<td data-start=\"2059\" data-end=\"2067\" data-col-size=\"sm\">Stil<\/td>\n<td data-start=\"2067\" data-end=\"2096\" data-col-size=\"md\">Mode<\/td>\n<\/tr>\n<tr data-start=\"2097\" data-end=\"2120\">\n<td data-start=\"2097\" data-end=\"2104\" data-col-size=\"sm\">Logo<\/td>\n<td data-start=\"2104\" data-end=\"2120\" data-col-size=\"md\">Anpassbar<\/td>\n<\/tr>\n<tr data-start=\"2121\" data-end=\"2187\">\n<td data-start=\"2121\" data-end=\"2128\" data-col-size=\"sm\">Gr\u00f6\u00dfe<\/td>\n<td data-start=\"2128\" data-end=\"2187\" data-col-size=\"md\">Anpassbar<\/td>\n<\/tr>\n<tr data-start=\"2211\" data-end=\"2242\">\n<td data-start=\"2211\" data-end=\"2219\" data-col-size=\"sm\">Farbe<\/td>\n<td data-start=\"2219\" data-end=\"2242\" data-col-size=\"md\">\u00a0Anpassbar<\/td>\n<\/tr>\n<tr data-start=\"2243\" data-end=\"2302\">\n<td data-start=\"2243\" data-end=\"2254\" data-col-size=\"sm\">Eigenschaften<\/td>\n<td data-start=\"2254\" data-end=\"2302\" data-col-size=\"md\">Langlebig, wasserfest, stilvoll, praktisch<\/td>\n<\/tr>\n<tr data-start=\"2303\" data-end=\"2323\">\n<td data-start=\"2303\" data-end=\"2309\" data-col-size=\"sm\">MOQ<\/td>\n<td data-start=\"2309\" data-end=\"2323\" data-col-size=\"md\">Verhandlungsf\u00e4hig<\/td>\n<\/tr>\n<tr data-start=\"2324\" data-end=\"2350\">\n<td data-start=\"2324\" data-end=\"2336\" data-col-size=\"sm\">Verpackung<\/td>\n<td data-start=\"2336\" data-end=\"2350\" data-col-size=\"md\">Verhandlungsf\u00e4hig<\/td>\n<\/tr>\n<tr data-start=\"2351\" data-end=\"2392\">\n<td data-start=\"2351\" data-end=\"2365\" data-col-size=\"sm\">Anmeldung<\/td>\n<td data-start=\"2365\" data-end=\"2392\" data-col-size=\"md\">T\u00e4glicher Gebrauch, Arbeit, Reisen<\/td>\n<\/tr>\n<\/tbody>\n<\/table>\n<\/div>\n<\/div>\n<h2 data-start=\"2399\" data-end=\"2418\"><strong data-start=\"2402\" data-end=\"2418\">Anwendungen<\/strong><\/h2>\n<ul data-start=\"2420\" data-end=\"2925\">\n<li data-start=\"2420\" data-end=\"2532\">\n<p data-start=\"2422\" data-end=\"2532\"><strong data-start=\"2422\" data-end=\"2439\">T\u00e4gliches Pendeln:<\/strong>Stellt Laptops, Ladeger\u00e4te, Wasserflaschen und pers\u00f6nliche Gegenst\u00e4nde f\u00fcr den reibungslosen t\u00e4glichen Gebrauch bereit.<\/p>\n<\/li>\n<li data-start=\"2534\" data-end=\"2645\">\n<p data-start=\"2536\" data-end=\"2645\"><strong data-start=\"2536\" data-end=\"2557\">Business &amp; B\u00fcro:<\/strong>Hilft bei der Organisation von Dokumenten, Tablets, Notizb\u00fcchern und wichtigen Arbeitsmaterialien in einem \u00fcbersichtlichen Layout.<\/p>\n<\/li>\n<li data-start=\"2647\" data-end=\"2781\">\n<p data-start=\"2649\" data-end=\"2781\"><strong data-start=\"2649\" data-end=\"2673\">Reisen &amp; Kurztrips:<\/strong>Er eignet sich gut f\u00fcr Wochenendreisen, Ausfl\u00fcge oder leichte Reisen, bei denen effizientes Packen wichtig ist.<\/p>\n<\/li>\n<li data-start=\"2783\" data-end=\"2925\">\n<p data-start=\"2785\" data-end=\"2925\"><strong data-start=\"2785\" data-end=\"2816\">Corporate Branding-Projekte:<\/strong>Dank individueller Logos und Farben eignet er sich f\u00fcr Firmengeschenke, Werbekampagnen oder Markenkollektionen.<\/p>\n<\/li>\n<\/ul>\n<p data-pm-slice=\"0 0 []\">Wenn Sie an dieser Tasche interessiert sind, kontaktieren Sie uns bitte f\u00fcr ein Muster. Wir bieten ODM &amp; OEM-Dienstleistungen, die nach Ihren Bed\u00fcrfnissen angepasst werden k\u00f6nnen.<\/p>","protected":false},"excerpt":{"rendered":"<p>Die <strong data-start=\"29\" data-end=\"70\">Benutzerdefinierte M\u00e4nner Casual Rucksack<\/strong> von <strong data-start=\"76\" data-end=\"86\">RONEER<\/strong> wurde mit einer Mischung aus Funktionalit\u00e4t und modernem Stil entworfen. Die Tasche eignet sich gut f\u00fcr den t\u00e4glichen Gebrauch, den Arbeitsweg und kurze Reisen. Ein gro\u00dfes Fassungsverm\u00f6gen sorgt f\u00fcr Ordnung, w\u00e4hrend die robuste Konstruktion f\u00fcr einen sauberen, l\u00e4ssigen Look sorgt. Das Design unterst\u00fctzt Logoanpassungen, Gr\u00f6\u00dfenanpassungen und mehrere Farboptionen, so dass es sich f\u00fcr Marken eignet, die Private-Label-L\u00f6sungen suchen, oder f\u00fcr Unternehmen, die individuelle Firmenartikel ben\u00f6tigen.<\/p>","protected":false},"featured_media":4699,"comment_status":"open","ping_status":"closed","template":"","meta":{"site-sidebar-layout":"default","site-content-layout":"","ast-site-content-layout":"default","site-content-style":"default","site-sidebar-style":"default","ast-global-header-display":"","ast-banner-title-visibility":"","ast-main-header-display":"","ast-hfb-above-header-display":"","ast-hfb-below-header-display":"","ast-hfb-mobile-header-display":"","site-post-title":"","ast-breadcrumbs-content":"","ast-featured-img":"","footer-sml-layout":"","ast-disable-related-posts":"","theme-transparent-header-meta":"default","adv-header-id-meta":"","stick-header-meta":"","header-above-stick-meta":"","header-main-stick-meta":"","header-below-stick-meta":"","astra-migrate-meta-layouts":"set","ast-page-background-enabled":"default","ast-page-background-meta":{"desktop":{"background-color":"var(--ast-global-color-5)","background-image":"","background-repeat":"repeat","background-position":"center center","background-size":"auto","background-attachment":"scroll","background-type":"","background-media":"","overlay-type":"","overlay-color":"","overlay-opacity":"","overlay-gradient":""},"tablet":{"background-color":"","background-image":"","background-repeat":"repeat","background-position":"center center","background-size":"auto","background-attachment":"scroll","background-type":"","background-media":"","overlay-type":"","overlay-color":"","overlay-opacity":"","overlay-gradient":""},"mobile":{"background-color":"","background-image":"","background-repeat":"repeat","background-position":"center center","background-size":"auto","background-attachment":"scroll","background-type":"","background-media":"","overlay-type":"","overlay-color":"","overlay-opacity":"","overlay-gradient":""}},"ast-content-background-meta":{"desktop":{"background-color":"var(--ast-global-color-4)","background-image":"","background-repeat":"repeat","background-position":"center center","background-size":"auto","background-attachment":"scroll","background-type":"","background-media":"","overlay-type":"","overlay-color":"","overlay-opacity":"","overlay-gradient":""},"tablet":{"background-color":"var(--ast-global-color-4)","background-image":"","background-repeat":"repeat","background-position":"center center","background-size":"auto","background-attachment":"scroll","background-type":"","background-media":"","overlay-type":"","overlay-color":"","overlay-opacity":"","overlay-gradient":""},"mobile":{"background-color":"var(--ast-global-color-4)","background-image":"","background-repeat":"repeat","background-position":"center center","background-size":"auto","background-attachment":"scroll","background-type":"","background-media":"","overlay-type":"","overlay-color":"","overlay-opacity":"","overlay-gradient":""}}},"product_brand":[],"product_cat":[21],"product_tag":[],"class_list":{"0":"post-4696","1":"product","2":"type-product","3":"status-publish","4":"has-post-thumbnail","6":"product_cat-backpack","7":"desktop-align-left","8":"tablet-align-left","9":"mobile-align-left","11":"first","12":"instock","13":"shipping-taxable","14":"product-type-simple"},"_links":{"self":[{"href":"https:\/\/baijiabags.com\/de\/wp-json\/wp\/v2\/product\/4696","targetHints":{"allow":["GET"]}}],"collection":[{"href":"https:\/\/baijiabags.com\/de\/wp-json\/wp\/v2\/product"}],"about":[{"href":"https:\/\/baijiabags.com\/de\/wp-json\/wp\/v2\/types\/product"}],"replies":[{"embeddable":true,"href":"https:\/\/baijiabags.com\/de\/wp-json\/wp\/v2\/comments?post=4696"}],"wp:featuredmedia":[{"embeddable":true,"href":"https:\/\/baijiabags.com\/de\/wp-json\/wp\/v2\/media\/4699"}],"wp:attachment":[{"href":"https:\/\/baijiabags.com\/de\/wp-json\/wp\/v2\/media?parent=4696"}],"wp:term":[{"taxonomy":"product_brand","embeddable":true,"href":"https:\/\/baijiabags.com\/de\/wp-json\/wp\/v2\/product_brand?post=4696"},{"taxonomy":"product_cat","embeddable":true,"href":"https:\/\/baijiabags.com\/de\/wp-json\/wp\/v2\/product_cat?post=4696"},{"taxonomy":"product_tag","embeddable":true,"href":"https:\/\/baijiabags.com\/de\/wp-json\/wp\/v2\/product_tag?post=4696"}],"curies":[{"name":"wp","href":"https:\/\/api.w.org\/{rel}","templated":true}]}}