{"id":4683,"date":"2025-11-15T03:09:32","date_gmt":"2025-11-15T03:09:32","guid":{"rendered":"https:\/\/baijiabags.com\/?post_type=product&#038;p=4683"},"modified":"2025-11-15T09:08:52","modified_gmt":"2025-11-15T09:08:52","slug":"custom-durable-leather-business-backpack-waterproof-large-capacity-laptop-commuter-bag","status":"publish","type":"product","link":"https:\/\/baijiabags.com\/de\/produkt\/custom-durable-leather-business-backpack-waterproof-large-capacity-laptop-commuter-bag\/","title":{"rendered":"Benutzerdefinierte robuste Leder Business Rucksack wasserdicht gro\u00dfe Kapazit\u00e4t Laptop Pendler Tasche"},"content":{"rendered":"<h2 data-start=\"1209\" data-end=\"1226\">Wesentliche Merkmale<\/h2>\n<ol data-start=\"1227\" data-end=\"2173\">\n<li data-start=\"1227\" data-end=\"1347\">\n<p data-start=\"1230\" data-end=\"1347\"><strong data-start=\"1230\" data-end=\"1260\">Langlebige Materialstruktur<\/strong> - Leder und hochdichte Materialien sorgen f\u00fcr eine hohe Widerstandsf\u00e4higkeit gegen Abrieb und t\u00e4glichen Gebrauch.<\/p>\n<\/li>\n<li data-start=\"1348\" data-end=\"1473\">\n<p data-start=\"1351\" data-end=\"1473\"><strong data-start=\"1351\" data-end=\"1376\">Wasserdichter Schutz<\/strong> - Die Oberfl\u00e4che sch\u00fctzt Arbeitsmaterialien, elektronische Ger\u00e4te und Dokumente vor unerwarteter Feuchtigkeit.<\/p>\n<\/li>\n<li data-start=\"1474\" data-end=\"1598\">\n<p data-start=\"1477\" data-end=\"1598\"><strong data-start=\"1477\" data-end=\"1503\">Gro\u00dfe Speicherkapazit\u00e4t<\/strong> - Der mehrschichtige Innenraum bietet Platz f\u00fcr Laptops, Tablets, Notebooks, Kleidung und Zubeh\u00f6r.<\/p>\n<\/li>\n<li data-start=\"1599\" data-end=\"1725\">\n<p data-start=\"1602\" data-end=\"1725\"><strong data-start=\"1602\" data-end=\"1628\">Komfortbetontes Design<\/strong> - Ein atmungsaktives R\u00fcckenpanel und gepolsterte Schultergurte verringern die Erm\u00fcdung bei l\u00e4ngerem Gebrauch.<\/p>\n<\/li>\n<li data-start=\"1726\" data-end=\"1839\">\n<p data-start=\"1729\" data-end=\"1839\"><strong data-start=\"1729\" data-end=\"1753\">Anpassbare Optionen<\/strong> - Logo, Gr\u00f6\u00dfe und Farboptionen unterst\u00fctzen das Corporate Branding oder Werbeprogramme.<\/p>\n<\/li>\n<li data-start=\"1840\" data-end=\"1958\">\n<p data-start=\"1843\" data-end=\"1958\"><strong data-start=\"1843\" data-end=\"1873\">Moderner Business-Auftritt<\/strong> - Das saubere, stromlinienf\u00f6rmige \u00c4u\u00dfere eignet sich sowohl f\u00fcr den professionellen als auch f\u00fcr den Freizeit- und Reisebereich.<\/p>\n<\/li>\n<li data-start=\"1959\" data-end=\"2057\">\n<p data-start=\"1962\" data-end=\"2057\"><strong data-start=\"1962\" data-end=\"1991\">Sicheres Laptop-Fach<\/strong> - Ein gepolstertes Fach sch\u00fctzt die Ger\u00e4te beim Transport und auf Reisen.<\/p>\n<\/li>\n<li data-start=\"2058\" data-end=\"2173\">\n<p data-start=\"2061\" data-end=\"2173\"><strong data-start=\"2061\" data-end=\"2087\">Breiter Anwendungsbereich<\/strong> - Die Struktur unterst\u00fctzt B\u00fcroarbeit, Pendeln, Schule, Kurzreisen und das t\u00e4gliche Leben.<\/p>\n<\/li>\n<\/ol>\n<h2 data-start=\"2180\" data-end=\"2199\">Spezifikationen<\/h2>\n<div class=\"_tableContainer_1rjym_1\">\n<div class=\"group _tableWrapper_1rjym_13 flex w-fit flex-col-reverse\" tabindex=\"-1\">\n<table class=\"w-fit min-w-(--thread-content-width)\" data-start=\"2200\" data-end=\"2654\">\n<thead data-start=\"2200\" data-end=\"2222\">\n<tr data-start=\"2200\" data-end=\"2222\">\n<th data-start=\"2200\" data-end=\"2207\" data-col-size=\"sm\">Artikel<\/th>\n<th data-start=\"2207\" data-end=\"2222\" data-col-size=\"sm\">Beschreibung<\/th>\n<\/tr>\n<\/thead>\n<tbody data-start=\"2246\" data-end=\"2654\">\n<tr data-start=\"2246\" data-end=\"2282\">\n<td data-start=\"2246\" data-end=\"2261\" data-col-size=\"sm\">Produktname<\/td>\n<td data-start=\"2261\" data-end=\"2282\" data-col-size=\"sm\">Business-Rucksack<\/td>\n<\/tr>\n<tr data-start=\"2283\" data-end=\"2301\">\n<td data-start=\"2283\" data-end=\"2291\" data-col-size=\"sm\">Marke<\/td>\n<td data-start=\"2291\" data-end=\"2301\" data-col-size=\"sm\">RONEER<\/td>\n<\/tr>\n<tr data-start=\"2302\" data-end=\"2331\">\n<td data-start=\"2302\" data-end=\"2311\" data-col-size=\"sm\">Herkunft<\/td>\n<td data-start=\"2311\" data-end=\"2331\" data-col-size=\"sm\">Guangdong, China<\/td>\n<\/tr>\n<tr data-start=\"2332\" data-end=\"2351\">\n<td data-start=\"2332\" data-end=\"2340\" data-col-size=\"sm\">Stil<\/td>\n<td data-start=\"2340\" data-end=\"2351\" data-col-size=\"sm\">Mode<\/td>\n<\/tr>\n<tr data-start=\"2352\" data-end=\"2375\">\n<td data-start=\"2352\" data-end=\"2359\" data-col-size=\"sm\">Logo<\/td>\n<td data-start=\"2359\" data-end=\"2375\" data-col-size=\"sm\">Anpassbar<\/td>\n<\/tr>\n<tr data-start=\"2376\" data-end=\"2399\">\n<td data-start=\"2376\" data-end=\"2383\" data-col-size=\"sm\">Gr\u00f6\u00dfe<\/td>\n<td data-start=\"2383\" data-end=\"2399\" data-col-size=\"sm\">Anpassbar<\/td>\n<\/tr>\n<tr data-start=\"2400\" data-end=\"2435\">\n<td data-start=\"2400\" data-end=\"2416\" data-col-size=\"sm\">Hauptmaterial<\/td>\n<td data-start=\"2416\" data-end=\"2435\" data-col-size=\"sm\">Rindsleder+Mikrofaser<\/td>\n<\/tr>\n<tr data-start=\"2436\" data-end=\"2467\">\n<td data-start=\"2436\" data-end=\"2444\" data-col-size=\"sm\">Farbe<\/td>\n<td data-start=\"2444\" data-end=\"2467\" data-col-size=\"sm\">\u00a0Anpassbar<\/td>\n<\/tr>\n<tr data-start=\"2468\" data-end=\"2522\">\n<td data-start=\"2468\" data-end=\"2479\" data-col-size=\"sm\">Eigenschaften<\/td>\n<td data-start=\"2479\" data-end=\"2522\" data-col-size=\"sm\">Langlebig, wasserdicht, stilvoll, praktisch<\/td>\n<\/tr>\n<tr data-start=\"2523\" data-end=\"2543\">\n<td data-start=\"2523\" data-end=\"2529\" data-col-size=\"sm\">MOQ<\/td>\n<td data-start=\"2529\" data-end=\"2543\" data-col-size=\"sm\">Verhandlungsf\u00e4hig<\/td>\n<\/tr>\n<tr data-start=\"2544\" data-end=\"2570\">\n<td data-start=\"2544\" data-end=\"2556\" data-col-size=\"sm\">Verpackung<\/td>\n<td data-start=\"2556\" data-end=\"2570\" data-col-size=\"sm\">Verhandlungsf\u00e4hig<\/td>\n<\/tr>\n<tr data-start=\"2571\" data-end=\"2612\">\n<td data-start=\"2571\" data-end=\"2585\" data-col-size=\"sm\">Anmeldung<\/td>\n<td data-start=\"2585\" data-end=\"2612\" data-col-size=\"sm\">T\u00e4glicher Gebrauch, Arbeit, Reisen<\/td>\n<\/tr>\n<tr data-start=\"2613\" data-end=\"2654\">\n<td data-start=\"2613\" data-end=\"2631\" data-col-size=\"sm\">Kundenspezifische Dienstleistungen<\/td>\n<td data-start=\"2631\" data-end=\"2654\" data-col-size=\"sm\">OEM &amp; ODM verf\u00fcgbar<\/td>\n<\/tr>\n<\/tbody>\n<\/table>\n<\/div>\n<\/div>\n<h2 data-start=\"2661\" data-end=\"2678\">Anwendungen<\/h2>\n<ul data-start=\"2679\" data-end=\"3160\">\n<li data-start=\"2679\" data-end=\"2767\">\n<p data-start=\"2681\" data-end=\"2767\"><strong data-start=\"2681\" data-end=\"2701\">T\u00e4gliches Pendeln:<\/strong> Die Benutzer k\u00f6nnen Laptops, Dokumente und pers\u00f6nliche Gegenst\u00e4nde bequem transportieren.<\/p>\n<\/li>\n<li data-start=\"2768\" data-end=\"2867\">\n<p data-start=\"2770\" data-end=\"2867\"><strong data-start=\"2770\" data-end=\"2796\">Business &amp; Office Use:<\/strong> Fachleute organisieren Arbeitsmaterialien in einem \u00fcbersichtlichen Layout.<\/p>\n<\/li>\n<li data-start=\"2868\" data-end=\"2972\">\n<p data-start=\"2870\" data-end=\"2972\"><strong data-start=\"2870\" data-end=\"2895\">Reisen &amp; Kurztrips:<\/strong> Reisende verstauen Kleidung, Accessoires und Elektronik auf kleinstem Raum.<\/p>\n<\/li>\n<li data-start=\"2973\" data-end=\"3056\">\n<p data-start=\"2975\" data-end=\"3056\"><strong data-start=\"2975\" data-end=\"3007\">Schule oder Ausbildungsprogramme:<\/strong> Die Sch\u00fcler transportieren B\u00fccher und Ger\u00e4te sicher.<\/p>\n<\/li>\n<\/ul>\n<p data-start=\"3167\" data-end=\"3333\" data-is-last-node=\"\" data-is-only-node=\"\">Wenn Sie sich f\u00fcr diesen Rucksack interessieren, kontaktieren Sie uns bitte und fordern Sie Muster an. Wir bieten <strong data-start=\"3257\" data-end=\"3279\">ODM- und OEM-Dienstleistungen<\/strong> und unterst\u00fctzen flexible Anpassungen f\u00fcr Ihre Projekte.<\/p>","protected":false},"excerpt":{"rendered":"<p>Die <strong data-start=\"301\" data-end=\"401\">Benutzerdefinierte robuste Leder Business Rucksack wasserdicht gro\u00dfe Kapazit\u00e4t Laptop Pendler Tasche<\/strong> bietet eine Mischung aus Business-Funktionalit\u00e4t und modernem Stil f\u00fcr Benutzer, die t\u00e4glich pendeln, h\u00e4ufig reisen oder in dynamischen Umgebungen arbeiten. RONEER hat dieses Modell f\u00fcr Berufst\u00e4tige entwickelt, die Zuverl\u00e4ssigkeit, Komfort und vielseitigen Stauraum ben\u00f6tigen. Die Struktur besteht aus einer Kombination aus hochwertigem Leder, wodurch ein Rucksack entsteht, der verschlei\u00dffest ist, die t\u00e4gliche Belastung unterst\u00fctzt und ein modisches Aussehen bewahrt.<\/p>","protected":false},"featured_media":4690,"comment_status":"open","ping_status":"closed","template":"","meta":{"site-sidebar-layout":"default","site-content-layout":"","ast-site-content-layout":"default","site-content-style":"default","site-sidebar-style":"default","ast-global-header-display":"","ast-banner-title-visibility":"","ast-main-header-display":"","ast-hfb-above-header-display":"","ast-hfb-below-header-display":"","ast-hfb-mobile-header-display":"","site-post-title":"","ast-breadcrumbs-content":"","ast-featured-img":"","footer-sml-layout":"","ast-disable-related-posts":"","theme-transparent-header-meta":"default","adv-header-id-meta":"","stick-header-meta":"","header-above-stick-meta":"","header-main-stick-meta":"","header-below-stick-meta":"","astra-migrate-meta-layouts":"set","ast-page-background-enabled":"default","ast-page-background-meta":{"desktop":{"background-color":"var(--ast-global-color-5)","background-image":"","background-repeat":"repeat","background-position":"center center","background-size":"auto","background-attachment":"scroll","background-type":"","background-media":"","overlay-type":"","overlay-color":"","overlay-opacity":"","overlay-gradient":""},"tablet":{"background-color":"","background-image":"","background-repeat":"repeat","background-position":"center center","background-size":"auto","background-attachment":"scroll","background-type":"","background-media":"","overlay-type":"","overlay-color":"","overlay-opacity":"","overlay-gradient":""},"mobile":{"background-color":"","background-image":"","background-repeat":"repeat","background-position":"center center","background-size":"auto","background-attachment":"scroll","background-type":"","background-media":"","overlay-type":"","overlay-color":"","overlay-opacity":"","overlay-gradient":""}},"ast-content-background-meta":{"desktop":{"background-color":"var(--ast-global-color-4)","background-image":"","background-repeat":"repeat","background-position":"center center","background-size":"auto","background-attachment":"scroll","background-type":"","background-media":"","overlay-type":"","overlay-color":"","overlay-opacity":"","overlay-gradient":""},"tablet":{"background-color":"var(--ast-global-color-4)","background-image":"","background-repeat":"repeat","background-position":"center center","background-size":"auto","background-attachment":"scroll","background-type":"","background-media":"","overlay-type":"","overlay-color":"","overlay-opacity":"","overlay-gradient":""},"mobile":{"background-color":"var(--ast-global-color-4)","background-image":"","background-repeat":"repeat","background-position":"center center","background-size":"auto","background-attachment":"scroll","background-type":"","background-media":"","overlay-type":"","overlay-color":"","overlay-opacity":"","overlay-gradient":""}}},"product_brand":[],"product_cat":[21],"product_tag":[],"class_list":{"0":"post-4683","1":"product","2":"type-product","3":"status-publish","4":"has-post-thumbnail","6":"product_cat-backpack","7":"desktop-align-left","8":"tablet-align-left","9":"mobile-align-left","11":"first","12":"instock","13":"shipping-taxable","14":"product-type-simple"},"_links":{"self":[{"href":"https:\/\/baijiabags.com\/de\/wp-json\/wp\/v2\/product\/4683","targetHints":{"allow":["GET"]}}],"collection":[{"href":"https:\/\/baijiabags.com\/de\/wp-json\/wp\/v2\/product"}],"about":[{"href":"https:\/\/baijiabags.com\/de\/wp-json\/wp\/v2\/types\/product"}],"replies":[{"embeddable":true,"href":"https:\/\/baijiabags.com\/de\/wp-json\/wp\/v2\/comments?post=4683"}],"wp:featuredmedia":[{"embeddable":true,"href":"https:\/\/baijiabags.com\/de\/wp-json\/wp\/v2\/media\/4690"}],"wp:attachment":[{"href":"https:\/\/baijiabags.com\/de\/wp-json\/wp\/v2\/media?parent=4683"}],"wp:term":[{"taxonomy":"product_brand","embeddable":true,"href":"https:\/\/baijiabags.com\/de\/wp-json\/wp\/v2\/product_brand?post=4683"},{"taxonomy":"product_cat","embeddable":true,"href":"https:\/\/baijiabags.com\/de\/wp-json\/wp\/v2\/product_cat?post=4683"},{"taxonomy":"product_tag","embeddable":true,"href":"https:\/\/baijiabags.com\/de\/wp-json\/wp\/v2\/product_tag?post=4683"}],"curies":[{"name":"wp","href":"https:\/\/api.w.org\/{rel}","templated":true}]}}