{"id":4404,"date":"2025-11-05T06:02:41","date_gmt":"2025-11-05T06:02:41","guid":{"rendered":"https:\/\/baijiabags.com\/?post_type=product&#038;p=4404"},"modified":"2025-11-05T06:02:41","modified_gmt":"2025-11-05T06:02:41","slug":"wholesale-nylon-outdoor-sports-backpack-for-men-perfect-for-hiking-and-camping","status":"publish","type":"product","link":"https:\/\/baijiabags.com\/de\/produkt\/wholesale-nylon-outdoor-sports-backpack-for-men-perfect-for-hiking-and-camping\/","title":{"rendered":"Gro\u00dfhandel Nylon Outdoor-Sport-Rucksack f\u00fcr M\u00e4nner perfekt f\u00fcr Wandern und Camping"},"content":{"rendered":"<h2 data-start=\"676\" data-end=\"691\">Wesentliche Merkmale<\/h2>\n<ol data-start=\"693\" data-end=\"1702\">\n<li data-start=\"693\" data-end=\"829\">\n<p data-start=\"696\" data-end=\"829\"><strong data-start=\"696\" data-end=\"716\">Langlebiges Material<\/strong>: Der aus hochwertigem Nylon gefertigte Rucksack bietet eine lange Lebensdauer und ist verschlei\u00dffest.<\/p>\n<\/li>\n<li data-start=\"830\" data-end=\"947\">\n<p data-start=\"833\" data-end=\"947\"><strong data-start=\"833\" data-end=\"854\">Wasserdichtes Design<\/strong>: Ausgestattet mit wasserdichten Eigenschaften, sch\u00fctzt es den Inhalt vor unerwartetem Regen oder Spritzwasser.<\/p>\n<\/li>\n<li data-start=\"948\" data-end=\"1068\">\n<p data-start=\"951\" data-end=\"1068\"><strong data-start=\"951\" data-end=\"969\">Gro\u00dfe Kapazit\u00e4t<\/strong>: Erh\u00e4ltlich in den Gr\u00f6\u00dfen 56-76 Liter, bietet er reichlich Stauraum f\u00fcr Ausr\u00fcstung, Kleidung und Zubeh\u00f6r.<\/p>\n<\/li>\n<li data-start=\"1069\" data-end=\"1198\">\n<p data-start=\"1072\" data-end=\"1198\"><strong data-start=\"1072\" data-end=\"1093\">Anpassbares Logo<\/strong>: Der Rucksack kann mit Logos personalisiert werden und eignet sich somit f\u00fcr Werbezwecke oder die Verwendung im Team.<\/p>\n<\/li>\n<li data-start=\"1199\" data-end=\"1330\">\n<p data-start=\"1202\" data-end=\"1330\"><strong data-start=\"1202\" data-end=\"1225\">Bequem zu tragen<\/strong>: Die verstellbaren, gepolsterten Schultergurte und die R\u00fcckenst\u00fctze sorgen f\u00fcr Komfort bei l\u00e4ngeren Outdoor-Aktivit\u00e4ten.<\/p>\n<\/li>\n<li data-start=\"1331\" data-end=\"1468\">\n<p data-start=\"1334\" data-end=\"1468\"><strong data-start=\"1334\" data-end=\"1359\">Mehrere F\u00e4cher<\/strong>: Mit mehreren F\u00e4chern f\u00fcr organisierte Aufbewahrung, darunter Taschen f\u00fcr Wasserflaschen und kleine Werkzeuge.<\/p>\n<\/li>\n<li data-start=\"1469\" data-end=\"1601\">\n<p data-start=\"1472\" data-end=\"1601\"><strong data-start=\"1472\" data-end=\"1491\">Vielseitiger Stil<\/strong>: Das Design im Outdoor-Sport-Stil eignet sich zum Wandern, Campen, Trekking und anderen Abenteuern.<\/p>\n<\/li>\n<li data-start=\"1602\" data-end=\"1702\">\n<p data-start=\"1605\" data-end=\"1702\"><strong data-start=\"1605\" data-end=\"1622\">Unisex-Design<\/strong>: Der Rucksack ist sowohl f\u00fcr M\u00e4nner als auch f\u00fcr Frauen praktisch und stilvoll.<\/p>\n<\/li>\n<\/ol>\n<h2 data-start=\"1704\" data-end=\"1721\">Spezifikationen<\/h2>\n<div class=\"_tableContainer_1rjym_1\">\n<div class=\"group _tableWrapper_1rjym_13 flex w-fit flex-col-reverse\" tabindex=\"-1\">\n<table class=\"w-fit min-w-(--thread-content-width)\" data-start=\"1723\" data-end=\"2562\">\n<thead data-start=\"1723\" data-end=\"1782\">\n<tr data-start=\"1723\" data-end=\"1782\">\n<th data-start=\"1723\" data-end=\"1748\" data-col-size=\"sm\">Spezifikation<\/th>\n<th data-start=\"1748\" data-end=\"1782\" data-col-size=\"sm\">Einzelheiten<\/th>\n<\/tr>\n<\/thead>\n<tbody data-start=\"1843\" data-end=\"2562\">\n<tr data-start=\"1843\" data-end=\"1902\">\n<td data-start=\"1843\" data-end=\"1868\" data-col-size=\"sm\">Produktname<\/td>\n<td data-col-size=\"sm\" data-start=\"1868\" data-end=\"1902\">Outdoor-Rucksack<\/td>\n<\/tr>\n<tr data-start=\"1903\" data-end=\"1962\">\n<td data-start=\"1903\" data-end=\"1928\" data-col-size=\"sm\">Marke<\/td>\n<td data-start=\"1928\" data-end=\"1962\" data-col-size=\"sm\">RONEER<\/td>\n<\/tr>\n<tr data-start=\"1963\" data-end=\"2022\">\n<td data-start=\"1963\" data-end=\"1988\" data-col-size=\"sm\">Herkunft<\/td>\n<td data-col-size=\"sm\" data-start=\"1988\" data-end=\"2022\">Guangdong, China<\/td>\n<\/tr>\n<tr data-start=\"2023\" data-end=\"2082\">\n<td data-start=\"2023\" data-end=\"2048\" data-col-size=\"sm\">Modell<\/td>\n<td data-start=\"2048\" data-end=\"2082\" data-col-size=\"sm\">AL-2467<\/td>\n<\/tr>\n<tr data-start=\"2083\" data-end=\"2142\">\n<td data-start=\"2083\" data-end=\"2108\" data-col-size=\"sm\">Stil<\/td>\n<td data-start=\"2108\" data-end=\"2142\" data-col-size=\"sm\">Sport im Freien<\/td>\n<\/tr>\n<tr data-start=\"2143\" data-end=\"2202\">\n<td data-start=\"2143\" data-end=\"2168\" data-col-size=\"sm\">Material<\/td>\n<td data-col-size=\"sm\" data-start=\"2168\" data-end=\"2202\">Nylon<\/td>\n<\/tr>\n<tr data-start=\"2203\" data-end=\"2262\">\n<td data-start=\"2203\" data-end=\"2228\" data-col-size=\"sm\">Geschlecht<\/td>\n<td data-start=\"2228\" data-end=\"2262\" data-col-size=\"sm\">Unisex<\/td>\n<\/tr>\n<tr data-start=\"2263\" data-end=\"2322\">\n<td data-start=\"2263\" data-end=\"2288\" data-col-size=\"sm\">Gr\u00f6\u00dfe<\/td>\n<td data-col-size=\"sm\" data-start=\"2288\" data-end=\"2322\">Anpassbar<\/td>\n<\/tr>\n<tr data-start=\"2323\" data-end=\"2382\">\n<td data-start=\"2323\" data-end=\"2348\" data-col-size=\"sm\">Farbe<\/td>\n<td data-start=\"2348\" data-end=\"2382\" data-col-size=\"sm\">Anpassbar<\/td>\n<\/tr>\n<tr data-start=\"2383\" data-end=\"2442\">\n<td data-start=\"2383\" data-end=\"2408\" data-col-size=\"sm\">Kapazit\u00e4t<\/td>\n<td data-start=\"2408\" data-end=\"2442\" data-col-size=\"sm\">56-76 Liter<\/td>\n<\/tr>\n<tr data-start=\"2443\" data-end=\"2502\">\n<td data-start=\"2443\" data-end=\"2468\" data-col-size=\"sm\">Merkmal<\/td>\n<td data-start=\"2468\" data-end=\"2502\" data-col-size=\"sm\">Wasserdicht<\/td>\n<\/tr>\n<tr data-start=\"2503\" data-end=\"2562\">\n<td data-start=\"2503\" data-end=\"2528\" data-col-size=\"sm\">MOQ<\/td>\n<td data-start=\"2528\" data-end=\"2562\" data-col-size=\"sm\">300 (verhandelbar)<\/td>\n<\/tr>\n<\/tbody>\n<\/table>\n<\/div>\n<\/div>\n<h2 data-start=\"2564\" data-end=\"2579\">Anwendungen<\/h2>\n<ul data-start=\"2581\" data-end=\"2701\">\n<li data-start=\"2581\" data-end=\"2631\">\n<p data-start=\"2583\" data-end=\"2631\">Outdoor-Abenteuer wie Wandern und Trekking<\/p>\n<\/li>\n<li data-start=\"2632\" data-end=\"2649\">\n<p data-start=\"2634\" data-end=\"2649\">Camping Ausfl\u00fcge<\/p>\n<\/li>\n<li data-start=\"2650\" data-end=\"2671\">\n<p data-start=\"2652\" data-end=\"2671\">Sportliche Aktivit\u00e4ten<\/p>\n<\/li>\n<li data-start=\"2672\" data-end=\"2701\">\n<p data-start=\"2674\" data-end=\"2701\">Einsatz auf Reisen und Expeditionen<\/p>\n<\/li>\n<\/ul>\n<p data-start=\"2970\" data-end=\"3142\">Wenn Sie an diesem Rucksack interessiert sind, kontaktieren Sie uns bitte, um ein Muster anzufordern. ODM- und OEM-Services werden angeboten, um spezifische Anforderungen an das Branding und die Individualisierung zu erf\u00fcllen.<\/p>","protected":false},"excerpt":{"rendered":"<p>Der Wholesale Nylon Outdoor Sports Backpack wurde f\u00fcr Outdoor-Enthusiasten entwickelt, die sowohl Funktionalit\u00e4t als auch Haltbarkeit sch\u00e4tzen. Gefertigt aus hochwertigem Nylon, ist dieser Rucksack ein zuverl\u00e4ssiger Begleiter beim Wandern, Campen und verschiedenen Outdoor-Sportarten. Er ist leicht und dennoch robust und bietet Platz f\u00fcr alle wichtigen Utensilien, die bei Outdoor-Abenteuern ben\u00f6tigt werden. Das Unisex-Design sorgt daf\u00fcr, dass er von jedem verwendet werden kann, w\u00e4hrend anpassbare Farben und Gr\u00f6\u00dfen ihn vielseitig f\u00fcr unterschiedliche Vorlieben machen.<\/p>","protected":false},"featured_media":4411,"comment_status":"open","ping_status":"closed","template":"","meta":{"site-sidebar-layout":"default","site-content-layout":"","ast-site-content-layout":"default","site-content-style":"default","site-sidebar-style":"default","ast-global-header-display":"","ast-banner-title-visibility":"","ast-main-header-display":"","ast-hfb-above-header-display":"","ast-hfb-below-header-display":"","ast-hfb-mobile-header-display":"","site-post-title":"","ast-breadcrumbs-content":"","ast-featured-img":"","footer-sml-layout":"","ast-disable-related-posts":"","theme-transparent-header-meta":"default","adv-header-id-meta":"","stick-header-meta":"","header-above-stick-meta":"","header-main-stick-meta":"","header-below-stick-meta":"","astra-migrate-meta-layouts":"set","ast-page-background-enabled":"default","ast-page-background-meta":{"desktop":{"background-color":"var(--ast-global-color-5)","background-image":"","background-repeat":"repeat","background-position":"center center","background-size":"auto","background-attachment":"scroll","background-type":"","background-media":"","overlay-type":"","overlay-color":"","overlay-opacity":"","overlay-gradient":""},"tablet":{"background-color":"","background-image":"","background-repeat":"repeat","background-position":"center center","background-size":"auto","background-attachment":"scroll","background-type":"","background-media":"","overlay-type":"","overlay-color":"","overlay-opacity":"","overlay-gradient":""},"mobile":{"background-color":"","background-image":"","background-repeat":"repeat","background-position":"center center","background-size":"auto","background-attachment":"scroll","background-type":"","background-media":"","overlay-type":"","overlay-color":"","overlay-opacity":"","overlay-gradient":""}},"ast-content-background-meta":{"desktop":{"background-color":"var(--ast-global-color-4)","background-image":"","background-repeat":"repeat","background-position":"center center","background-size":"auto","background-attachment":"scroll","background-type":"","background-media":"","overlay-type":"","overlay-color":"","overlay-opacity":"","overlay-gradient":""},"tablet":{"background-color":"var(--ast-global-color-4)","background-image":"","background-repeat":"repeat","background-position":"center center","background-size":"auto","background-attachment":"scroll","background-type":"","background-media":"","overlay-type":"","overlay-color":"","overlay-opacity":"","overlay-gradient":""},"mobile":{"background-color":"var(--ast-global-color-4)","background-image":"","background-repeat":"repeat","background-position":"center center","background-size":"auto","background-attachment":"scroll","background-type":"","background-media":"","overlay-type":"","overlay-color":"","overlay-opacity":"","overlay-gradient":""}}},"product_brand":[],"product_cat":[58,21],"product_tag":[],"class_list":{"0":"post-4404","1":"product","2":"type-product","3":"status-publish","4":"has-post-thumbnail","6":"product_cat-outdoor-bag","7":"product_cat-backpack","8":"desktop-align-left","9":"tablet-align-left","10":"mobile-align-left","12":"first","13":"instock","14":"shipping-taxable","15":"product-type-simple"},"_links":{"self":[{"href":"https:\/\/baijiabags.com\/de\/wp-json\/wp\/v2\/product\/4404","targetHints":{"allow":["GET"]}}],"collection":[{"href":"https:\/\/baijiabags.com\/de\/wp-json\/wp\/v2\/product"}],"about":[{"href":"https:\/\/baijiabags.com\/de\/wp-json\/wp\/v2\/types\/product"}],"replies":[{"embeddable":true,"href":"https:\/\/baijiabags.com\/de\/wp-json\/wp\/v2\/comments?post=4404"}],"wp:featuredmedia":[{"embeddable":true,"href":"https:\/\/baijiabags.com\/de\/wp-json\/wp\/v2\/media\/4411"}],"wp:attachment":[{"href":"https:\/\/baijiabags.com\/de\/wp-json\/wp\/v2\/media?parent=4404"}],"wp:term":[{"taxonomy":"product_brand","embeddable":true,"href":"https:\/\/baijiabags.com\/de\/wp-json\/wp\/v2\/product_brand?post=4404"},{"taxonomy":"product_cat","embeddable":true,"href":"https:\/\/baijiabags.com\/de\/wp-json\/wp\/v2\/product_cat?post=4404"},{"taxonomy":"product_tag","embeddable":true,"href":"https:\/\/baijiabags.com\/de\/wp-json\/wp\/v2\/product_tag?post=4404"}],"curies":[{"name":"wp","href":"https:\/\/api.w.org\/{rel}","templated":true}]}}