{"id":4331,"date":"2025-11-03T02:11:17","date_gmt":"2025-11-03T02:11:17","guid":{"rendered":"https:\/\/baijiabags.com\/?post_type=product&#038;p=4331"},"modified":"2025-11-03T02:11:17","modified_gmt":"2025-11-03T02:11:17","slug":"custom-morrales-for-women-factory-pu-leather-handbag-for-daily-use","status":"publish","type":"product","link":"https:\/\/baijiabags.com\/de\/produkt\/custom-morrales-for-women-factory-pu-leather-handbag-for-daily-use\/","title":{"rendered":"Benutzerdefinierte Morrales f\u00fcr Frauen Fabrik PU-Leder Handtasche f\u00fcr den t\u00e4glichen Gebrauch"},"content":{"rendered":"<h2 data-start=\"1075\" data-end=\"1091\">Wesentliche Merkmale<\/h2>\n<ol data-start=\"1092\" data-end=\"2198\">\n<li data-start=\"1092\" data-end=\"1241\">\n<p data-start=\"1095\" data-end=\"1241\"><strong data-start=\"1095\" data-end=\"1130\">Hochwertige PU-Lederkonstruktion<\/strong> - Es wurde ein glattes und haltbares synthetisches Material ausgew\u00e4hlt, um eine lange Lebensdauer und einfache Pflege zu gew\u00e4hrleisten.<\/p>\n<\/li>\n<li data-start=\"1242\" data-end=\"1382\">\n<p data-start=\"1245\" data-end=\"1382\"><strong data-start=\"1245\" data-end=\"1267\">Wasserdichte Oberfl\u00e4che<\/strong> - Die Au\u00dfenseite ist feuchtigkeitsabweisend behandelt, so dass die Gegenst\u00e4nde auch bei leichtem Regen oder in feuchter Umgebung sicher sind.<\/p>\n<\/li>\n<li data-start=\"1383\" data-end=\"1508\">\n<p data-start=\"1386\" data-end=\"1508\"><strong data-start=\"1386\" data-end=\"1407\">Anti-Diebstahl-Design<\/strong> - Versteckte Rei\u00dfverschlussf\u00e4cher und robuste Verschl\u00fcsse sorgen f\u00fcr zus\u00e4tzliche Sicherheit.<\/p>\n<\/li>\n<li data-start=\"1509\" data-end=\"1672\">\n<p data-start=\"1512\" data-end=\"1672\"><strong data-start=\"1512\" data-end=\"1533\">Ger\u00e4umige Kapazit\u00e4t<\/strong> - Ein Speichervolumen von <strong data-start=\"1556\" data-end=\"1572\">20-35 Liter<\/strong> wurde optimiert, um allt\u00e4gliche Dinge wie Dokumente, Make-up, Mobiltelefone und Tablets unterzubringen.<\/p>\n<\/li>\n<li data-start=\"1673\" data-end=\"1806\">\n<p data-start=\"1676\" data-end=\"1806\"><strong data-start=\"1676\" data-end=\"1700\">Anpassbare Optionen<\/strong> - Die <strong data-start=\"1707\" data-end=\"1715\">Logo<\/strong>, <strong data-start=\"1717\" data-end=\"1725\">Gr\u00f6\u00dfe<\/strong>und <strong data-start=\"1731\" data-end=\"1740\">Farbe<\/strong> k\u00f6nnen individuell angepasst werden, um Marken- oder Werbeanforderungen zu erf\u00fcllen.<\/p>\n<\/li>\n<li data-start=\"1807\" data-end=\"1936\">\n<p data-start=\"1810\" data-end=\"1936\"><strong data-start=\"1810\" data-end=\"1834\">Bequemes Tragen<\/strong> - Die verstellbaren und gepolsterten Gurte verringern die Belastung der Schultern bei l\u00e4ngerem Tragen.<\/p>\n<\/li>\n<li data-start=\"1937\" data-end=\"2066\">\n<p data-start=\"1940\" data-end=\"2066\"><strong data-start=\"1940\" data-end=\"1967\">Leichte Tragbarkeit<\/strong> - Die Tasche wurde so konstruiert, dass sie ihre Struktur beibeh\u00e4lt und gleichzeitig leicht ist, damit sie den ganzen Tag lang benutzt werden kann.<\/p>\n<\/li>\n<li data-start=\"2067\" data-end=\"2198\">\n<p data-start=\"2070\" data-end=\"2198\"><strong data-start=\"2070\" data-end=\"2095\">Vielseitige Anwendung<\/strong> - Sie eignet sich sowohl f\u00fcr das B\u00fcro als auch f\u00fcr Freizeit und Reisen und bietet sowohl praktische als auch modische Vorteile.<\/p>\n<\/li>\n<\/ol>\n<h2 data-start=\"2205\" data-end=\"2223\">Spezifikationen<\/h2>\n<div class=\"_tableContainer_1rjym_1\">\n<div class=\"group _tableWrapper_1rjym_13 flex w-fit flex-col-reverse\" tabindex=\"-1\">\n<table class=\"w-fit min-w-(--thread-content-width)\" data-start=\"2225\" data-end=\"2795\">\n<thead data-start=\"2225\" data-end=\"2255\">\n<tr data-start=\"2225\" data-end=\"2255\">\n<th data-start=\"2225\" data-end=\"2236\" data-col-size=\"sm\"><strong data-start=\"2227\" data-end=\"2235\">Artikel<\/strong><\/th>\n<th data-start=\"2236\" data-end=\"2255\" data-col-size=\"md\"><strong data-start=\"2238\" data-end=\"2253\">Beschreibung<\/strong><\/th>\n<\/tr>\n<\/thead>\n<tbody data-start=\"2288\" data-end=\"2795\">\n<tr data-start=\"2288\" data-end=\"2344\">\n<td data-start=\"2288\" data-end=\"2307\" data-col-size=\"sm\"><strong data-start=\"2290\" data-end=\"2306\">Produktname<\/strong><\/td>\n<td data-start=\"2307\" data-end=\"2344\" data-col-size=\"md\">Benutzerdefinierte Morrales f\u00fcr Frauen Handtasche<\/td>\n<\/tr>\n<tr data-start=\"2345\" data-end=\"2367\">\n<td data-start=\"2345\" data-end=\"2357\" data-col-size=\"sm\"><strong data-start=\"2347\" data-end=\"2356\">Marke<\/strong><\/td>\n<td data-start=\"2357\" data-end=\"2367\" data-col-size=\"md\">RONEER<\/td>\n<\/tr>\n<tr data-start=\"2368\" data-end=\"2395\">\n<td data-start=\"2368\" data-end=\"2384\" data-col-size=\"sm\"><strong data-start=\"2370\" data-end=\"2383\">Modell Nr.<\/strong><\/td>\n<td data-start=\"2384\" data-end=\"2395\" data-col-size=\"md\">AL-2582<\/td>\n<\/tr>\n<tr data-start=\"2396\" data-end=\"2429\">\n<td data-start=\"2396\" data-end=\"2409\" data-col-size=\"sm\"><strong data-start=\"2398\" data-end=\"2408\">Herkunft<\/strong><\/td>\n<td data-start=\"2409\" data-end=\"2429\" data-col-size=\"md\">Guangdong, China<\/td>\n<\/tr>\n<tr data-start=\"2430\" data-end=\"2467\">\n<td data-start=\"2430\" data-end=\"2445\" data-col-size=\"sm\"><strong data-start=\"2432\" data-end=\"2444\">Material<\/strong><\/td>\n<td data-start=\"2445\" data-end=\"2467\" data-col-size=\"md\">Hochwertiges PU-Leder<\/td>\n<\/tr>\n<tr data-start=\"2468\" data-end=\"2499\">\n<td data-start=\"2468\" data-end=\"2480\" data-col-size=\"sm\"><strong data-start=\"2470\" data-end=\"2479\">Stil<\/strong><\/td>\n<td data-start=\"2480\" data-end=\"2499\" data-col-size=\"md\">Mode, Casual<\/td>\n<\/tr>\n<tr data-start=\"2500\" data-end=\"2528\">\n<td data-start=\"2500\" data-end=\"2512\" data-col-size=\"sm\"><strong data-start=\"2502\" data-end=\"2511\">Farbe<\/strong><\/td>\n<td data-col-size=\"md\" data-start=\"2512\" data-end=\"2528\">Anpassbar<\/td>\n<\/tr>\n<tr data-start=\"2529\" data-end=\"2556\">\n<td data-start=\"2529\" data-end=\"2540\" data-col-size=\"sm\"><strong data-start=\"2531\" data-end=\"2539\">Gr\u00f6\u00dfe<\/strong><\/td>\n<td data-start=\"2540\" data-end=\"2556\" data-col-size=\"md\">Anpassbar<\/td>\n<\/tr>\n<tr data-start=\"2557\" data-end=\"2588\">\n<td data-start=\"2557\" data-end=\"2572\" data-col-size=\"sm\"><strong data-start=\"2559\" data-end=\"2571\">Kapazit\u00e4t<\/strong><\/td>\n<td data-col-size=\"md\" data-start=\"2572\" data-end=\"2588\">20-35 Liter<\/td>\n<\/tr>\n<tr data-start=\"2589\" data-end=\"2650\">\n<td data-start=\"2589\" data-end=\"2600\" data-col-size=\"sm\"><strong data-start=\"2591\" data-end=\"2599\">Logo<\/strong><\/td>\n<td data-col-size=\"md\" data-start=\"2600\" data-end=\"2650\">Individuell anpassbar (gepr\u00e4gtes, bedrucktes oder Metallschild)<\/td>\n<\/tr>\n<tr data-start=\"2651\" data-end=\"2701\">\n<td data-start=\"2651\" data-end=\"2665\" data-col-size=\"sm\"><strong data-start=\"2653\" data-end=\"2664\">Merkmal<\/strong><\/td>\n<td data-col-size=\"md\" data-start=\"2665\" data-end=\"2701\">Wasserdicht, tragbar, Anti-Diebstahl<\/td>\n<\/tr>\n<tr data-start=\"2702\" data-end=\"2739\">\n<td data-start=\"2702\" data-end=\"2712\" data-col-size=\"sm\"><strong data-start=\"2704\" data-end=\"2711\">MOQ<\/strong><\/td>\n<td data-col-size=\"md\" data-start=\"2712\" data-end=\"2739\">300 St\u00fcck (verhandelbar)<\/td>\n<\/tr>\n<tr data-start=\"2740\" data-end=\"2795\">\n<td data-start=\"2740\" data-end=\"2758\" data-col-size=\"sm\"><strong data-start=\"2742\" data-end=\"2757\">Anmeldung<\/strong><\/td>\n<td data-col-size=\"md\" data-start=\"2758\" data-end=\"2795\">T\u00e4glicher Gebrauch, Arbeit, Einkaufen, Reisen<\/td>\n<\/tr>\n<\/tbody>\n<\/table>\n<\/div>\n<\/div>\n<h2 data-start=\"2802\" data-end=\"2817\">Anmeldung<\/h2>\n<ul data-start=\"2915\" data-end=\"3157\">\n<li data-start=\"2915\" data-end=\"2969\">\n<p data-start=\"2917\" data-end=\"2969\"><strong data-start=\"2917\" data-end=\"2936\">T\u00e4gliches Pendeln<\/strong> und professionelle Arbeitsumgebungen<\/p>\n<\/li>\n<li data-start=\"2970\" data-end=\"3011\">\n<p data-start=\"2972\" data-end=\"3011\"><strong data-start=\"2972\" data-end=\"2990\">Einkaufsfahrten<\/strong> und Freizeitausfl\u00fcge<\/p>\n<\/li>\n<li data-start=\"3012\" data-end=\"3078\">\n<p data-start=\"3014\" data-end=\"3078\"><strong data-start=\"3014\" data-end=\"3051\">Kurze Gesch\u00e4fts- oder Reisezwecke<\/strong> die eine sichere Lagerung erfordern<\/p>\n<\/li>\n<li data-start=\"3079\" data-end=\"3157\">\n<p data-start=\"3081\" data-end=\"3157\"><strong data-start=\"3081\" data-end=\"3102\">Firmengeschenke<\/strong> oder <strong data-start=\"3106\" data-end=\"3128\">Werbeveranstaltungen<\/strong> durch Logoanpassung<\/p>\n<\/li>\n<\/ul>\n<p data-start=\"3159\" data-end=\"3346\">Wenn Sie sich f\u00fcr dieses Thema interessieren <strong data-start=\"3383\" data-end=\"3446\">RONEER Custom Morrales f\u00fcr Frauen Fabrik PU Leder Handtasche<\/strong>bitte <strong data-start=\"3455\" data-end=\"3488\">Kontaktieren Sie uns, um Muster anzufordern<\/strong>. <strong data-start=\"3490\" data-end=\"3512\">ODM- und OEM-Dienstleistungen<\/strong> stehen zur Verf\u00fcgung, um das Design, die Farbe und das Branding an Ihre Marktbed\u00fcrfnisse anzupassen.<\/p>","protected":false},"excerpt":{"rendered":"<p>Die <strong data-start=\"438\" data-end=\"474\">RONEER Custom Morrales f\u00fcr Frauen<\/strong> wurde mit Blick auf Funktionalit\u00e4t und Eleganz entworfen und gefertigt. Hergestellt aus hochwertigem <strong data-start=\"574\" data-end=\"588\">PU-Leder<\/strong>ist diese Handtasche ideal f\u00fcr <strong data-start=\"616\" data-end=\"629\">t\u00e4gliche Nutzung<\/strong>ob bei der Arbeit, beim Einkaufen oder bei Freizeitausfl\u00fcgen. Jedes Ger\u00e4t wurde sorgf\u00e4ltig hergestellt in <strong data-start=\"723\" data-end=\"743\">Guangdong, China<\/strong>Sie unterliegen strengen Qualit\u00e4tskontrollstandards, um Haltbarkeit, Komfort und \u00c4sthetik zu gew\u00e4hrleisten.<\/p>","protected":false},"featured_media":4332,"comment_status":"open","ping_status":"closed","template":"","meta":{"site-sidebar-layout":"default","site-content-layout":"","ast-site-content-layout":"default","site-content-style":"default","site-sidebar-style":"default","ast-global-header-display":"","ast-banner-title-visibility":"","ast-main-header-display":"","ast-hfb-above-header-display":"","ast-hfb-below-header-display":"","ast-hfb-mobile-header-display":"","site-post-title":"","ast-breadcrumbs-content":"","ast-featured-img":"","footer-sml-layout":"","ast-disable-related-posts":"","theme-transparent-header-meta":"default","adv-header-id-meta":"","stick-header-meta":"","header-above-stick-meta":"","header-main-stick-meta":"","header-below-stick-meta":"","astra-migrate-meta-layouts":"set","ast-page-background-enabled":"default","ast-page-background-meta":{"desktop":{"background-color":"var(--ast-global-color-5)","background-image":"","background-repeat":"repeat","background-position":"center center","background-size":"auto","background-attachment":"scroll","background-type":"","background-media":"","overlay-type":"","overlay-color":"","overlay-opacity":"","overlay-gradient":""},"tablet":{"background-color":"","background-image":"","background-repeat":"repeat","background-position":"center center","background-size":"auto","background-attachment":"scroll","background-type":"","background-media":"","overlay-type":"","overlay-color":"","overlay-opacity":"","overlay-gradient":""},"mobile":{"background-color":"","background-image":"","background-repeat":"repeat","background-position":"center center","background-size":"auto","background-attachment":"scroll","background-type":"","background-media":"","overlay-type":"","overlay-color":"","overlay-opacity":"","overlay-gradient":""}},"ast-content-background-meta":{"desktop":{"background-color":"var(--ast-global-color-4)","background-image":"","background-repeat":"repeat","background-position":"center center","background-size":"auto","background-attachment":"scroll","background-type":"","background-media":"","overlay-type":"","overlay-color":"","overlay-opacity":"","overlay-gradient":""},"tablet":{"background-color":"var(--ast-global-color-4)","background-image":"","background-repeat":"repeat","background-position":"center center","background-size":"auto","background-attachment":"scroll","background-type":"","background-media":"","overlay-type":"","overlay-color":"","overlay-opacity":"","overlay-gradient":""},"mobile":{"background-color":"var(--ast-global-color-4)","background-image":"","background-repeat":"repeat","background-position":"center center","background-size":"auto","background-attachment":"scroll","background-type":"","background-media":"","overlay-type":"","overlay-color":"","overlay-opacity":"","overlay-gradient":""}}},"product_brand":[],"product_cat":[21,60],"product_tag":[],"class_list":{"0":"post-4331","1":"product","2":"type-product","3":"status-publish","4":"has-post-thumbnail","6":"product_cat-backpack","7":"product_cat-ladies-backpack","8":"desktop-align-left","9":"tablet-align-left","10":"mobile-align-left","12":"first","13":"instock","14":"shipping-taxable","15":"product-type-simple"},"_links":{"self":[{"href":"https:\/\/baijiabags.com\/de\/wp-json\/wp\/v2\/product\/4331","targetHints":{"allow":["GET"]}}],"collection":[{"href":"https:\/\/baijiabags.com\/de\/wp-json\/wp\/v2\/product"}],"about":[{"href":"https:\/\/baijiabags.com\/de\/wp-json\/wp\/v2\/types\/product"}],"replies":[{"embeddable":true,"href":"https:\/\/baijiabags.com\/de\/wp-json\/wp\/v2\/comments?post=4331"}],"wp:featuredmedia":[{"embeddable":true,"href":"https:\/\/baijiabags.com\/de\/wp-json\/wp\/v2\/media\/4332"}],"wp:attachment":[{"href":"https:\/\/baijiabags.com\/de\/wp-json\/wp\/v2\/media?parent=4331"}],"wp:term":[{"taxonomy":"product_brand","embeddable":true,"href":"https:\/\/baijiabags.com\/de\/wp-json\/wp\/v2\/product_brand?post=4331"},{"taxonomy":"product_cat","embeddable":true,"href":"https:\/\/baijiabags.com\/de\/wp-json\/wp\/v2\/product_cat?post=4331"},{"taxonomy":"product_tag","embeddable":true,"href":"https:\/\/baijiabags.com\/de\/wp-json\/wp\/v2\/product_tag?post=4331"}],"curies":[{"name":"wp","href":"https:\/\/api.w.org\/{rel}","templated":true}]}}