{"id":4243,"date":"2025-10-30T03:50:34","date_gmt":"2025-10-30T03:50:34","guid":{"rendered":"https:\/\/baijiabags.com\/?post_type=product&#038;p=4243"},"modified":"2025-11-01T01:20:41","modified_gmt":"2025-11-01T01:20:41","slug":"wholesale-waterproof-custom-logo-multi-functional-travel-backpacks-for-outdoor-travel","status":"publish","type":"product","link":"https:\/\/baijiabags.com\/de\/produkt\/wholesale-waterproof-custom-logo-multi-functional-travel-backpacks-for-outdoor-travel\/","title":{"rendered":"Gro\u00dfhandel wasserdicht benutzerdefinierte Logo Multi Functional Travel Rucks\u00e4cke f\u00fcr Outdoor-Reisen"},"content":{"rendered":"<h2 data-start=\"611\" data-end=\"629\">Wesentliche Merkmale<\/h2>\n<ol data-start=\"630\" data-end=\"1534\">\n<li data-start=\"630\" data-end=\"748\">\n<p data-start=\"633\" data-end=\"748\"><strong data-start=\"633\" data-end=\"656\">Wasserdichtes Material<\/strong> - Der Rucksack ist aus hochwertigem Oxford-Gewebe gefertigt und sch\u00fctzt Ihre Sachen vor Regen und Spritzwasser.<\/p>\n<\/li>\n<li data-start=\"749\" data-end=\"859\">\n<p data-start=\"752\" data-end=\"859\"><strong data-start=\"752\" data-end=\"773\">Anti-Diebstahl-Design<\/strong> - Ausgestattet mit sicheren Rei\u00dfverschl\u00fcssen und versteckten F\u00e4chern zum Schutz wertvoller Gegenst\u00e4nde.<\/p>\n<\/li>\n<li data-start=\"860\" data-end=\"987\">\n<p data-start=\"863\" data-end=\"987\"><strong data-start=\"863\" data-end=\"896\">Multifunktionale F\u00e4cher<\/strong> - Mit separaten F\u00e4chern f\u00fcr Laptops, Tablets und Zubeh\u00f6r zur geordneten Aufbewahrung.<\/p>\n<\/li>\n<li data-start=\"988\" data-end=\"1101\">\n<p data-start=\"991\" data-end=\"1101\"><strong data-start=\"991\" data-end=\"1011\">Ergonomische Gurte<\/strong> - Die verstellbaren, gepolsterten Schultergurte und die R\u00fcckenst\u00fctze verringern die Belastung auf langen Fahrten.<\/p>\n<\/li>\n<li data-start=\"1102\" data-end=\"1202\">\n<p data-start=\"1105\" data-end=\"1202\"><strong data-start=\"1105\" data-end=\"1131\">Modische Erscheinung<\/strong> - Schlankes Design, geeignet f\u00fcr Outdoor-Abenteuer, Arbeit oder Freizeit.<\/p>\n<\/li>\n<li data-start=\"1203\" data-end=\"1317\">\n<p data-start=\"1206\" data-end=\"1317\"><strong data-start=\"1206\" data-end=\"1230\">Anpassbare Optionen<\/strong> - Logo, Gr\u00f6\u00dfe und Farbe k\u00f6nnen f\u00fcr Firmengeschenke oder pers\u00f6nliche Vorlieben angepasst werden.<\/p>\n<\/li>\n<li data-start=\"1318\" data-end=\"1420\">\n<p data-start=\"1321\" data-end=\"1420\"><strong data-start=\"1321\" data-end=\"1346\">Leicht und langlebig<\/strong> - Entwickelt, um der t\u00e4glichen Beanspruchung standzuhalten und gleichzeitig leicht zu tragen zu sein.<\/p>\n<\/li>\n<li data-start=\"1421\" data-end=\"1534\">\n<p data-start=\"1424\" data-end=\"1534\"><strong data-start=\"1424\" data-end=\"1450\">Reisefreundliches Design<\/strong> - Mehrere F\u00e4cher und Seitentaschen bieten bequemen Zugang zu den wichtigsten Dingen.<\/p>\n<\/li>\n<\/ol>\n<h2 data-start=\"1536\" data-end=\"1556\">Spezifikationen<\/h2>\n<div class=\"_tableContainer_1rjym_1\">\n<div class=\"group _tableWrapper_1rjym_13 flex w-fit flex-col-reverse\" tabindex=\"-1\">\n<table class=\"w-fit min-w-(--thread-content-width)\" data-start=\"1558\" data-end=\"1956\">\n<thead data-start=\"1558\" data-end=\"1581\">\n<tr data-start=\"1558\" data-end=\"1581\">\n<th data-start=\"1558\" data-end=\"1570\" data-col-size=\"sm\">Parameter<\/th>\n<th data-start=\"1570\" data-end=\"1581\" data-col-size=\"sm\">Einzelheiten<\/th>\n<\/tr>\n<\/thead>\n<tbody data-start=\"1606\" data-end=\"1956\">\n<tr data-start=\"1606\" data-end=\"1633\">\n<td data-start=\"1606\" data-end=\"1621\" data-col-size=\"sm\">Produktname<\/td>\n<td data-start=\"1621\" data-end=\"1633\" data-col-size=\"sm\">Rucksack<\/td>\n<\/tr>\n<tr data-start=\"1634\" data-end=\"1652\">\n<td data-start=\"1634\" data-end=\"1642\" data-col-size=\"sm\">Marke<\/td>\n<td data-col-size=\"sm\" data-start=\"1642\" data-end=\"1652\">RONEER<\/td>\n<\/tr>\n<tr data-start=\"1653\" data-end=\"1672\">\n<td data-start=\"1653\" data-end=\"1661\" data-col-size=\"sm\">Modell<\/td>\n<td data-start=\"1661\" data-end=\"1672\" data-col-size=\"sm\">GB-5007<\/td>\n<\/tr>\n<tr data-start=\"1673\" data-end=\"1702\">\n<td data-start=\"1673\" data-end=\"1682\" data-col-size=\"sm\">Herkunft<\/td>\n<td data-start=\"1682\" data-end=\"1702\" data-col-size=\"sm\">Guangdong, China<\/td>\n<\/tr>\n<tr data-start=\"1703\" data-end=\"1722\">\n<td data-start=\"1703\" data-end=\"1711\" data-col-size=\"sm\">Stil<\/td>\n<td data-start=\"1711\" data-end=\"1722\" data-col-size=\"sm\">Mode<\/td>\n<\/tr>\n<tr data-start=\"1723\" data-end=\"1746\">\n<td data-start=\"1723\" data-end=\"1730\" data-col-size=\"sm\">Logo<\/td>\n<td data-start=\"1730\" data-end=\"1746\" data-col-size=\"sm\">Anpassbar<\/td>\n<\/tr>\n<tr data-start=\"1747\" data-end=\"1780\">\n<td data-start=\"1747\" data-end=\"1763\" data-col-size=\"sm\">Hauptmaterial<\/td>\n<td data-col-size=\"sm\" data-start=\"1763\" data-end=\"1780\">Oxford-Gewebe<\/td>\n<\/tr>\n<tr data-start=\"1781\" data-end=\"1804\">\n<td data-start=\"1781\" data-end=\"1788\" data-col-size=\"sm\">Gr\u00f6\u00dfe<\/td>\n<td data-start=\"1788\" data-end=\"1804\" data-col-size=\"sm\">Anpassbar<\/td>\n<\/tr>\n<tr data-start=\"1805\" data-end=\"1829\">\n<td data-start=\"1805\" data-end=\"1813\" data-col-size=\"sm\">Farbe<\/td>\n<td data-col-size=\"sm\" data-start=\"1813\" data-end=\"1829\">Anpassbar<\/td>\n<\/tr>\n<tr data-start=\"1830\" data-end=\"1848\">\n<td data-start=\"1830\" data-end=\"1839\" data-col-size=\"sm\">Geschlecht<\/td>\n<td data-col-size=\"sm\" data-start=\"1839\" data-end=\"1848\">Frauen<\/td>\n<\/tr>\n<tr data-start=\"1849\" data-end=\"1886\">\n<td data-start=\"1849\" data-end=\"1860\" data-col-size=\"sm\">Eigenschaften<\/td>\n<td data-col-size=\"sm\" data-start=\"1860\" data-end=\"1886\">Anti-Diebstahl, Wasserdicht<\/td>\n<\/tr>\n<tr data-start=\"1887\" data-end=\"1919\">\n<td data-start=\"1887\" data-end=\"1893\" data-col-size=\"sm\">MOQ<\/td>\n<td data-col-size=\"sm\" data-start=\"1893\" data-end=\"1919\">300 Einheiten (verhandelbar)<\/td>\n<\/tr>\n<tr data-start=\"1920\" data-end=\"1956\">\n<td data-start=\"1920\" data-end=\"1934\" data-col-size=\"sm\">Anmeldung<\/td>\n<td data-col-size=\"sm\" data-start=\"1934\" data-end=\"1956\">Reisen, t\u00e4gliche Arbeit<\/td>\n<\/tr>\n<\/tbody>\n<\/table>\n<\/div>\n<\/div>\n<h2 data-start=\"1958\" data-end=\"1976\">Anwendungen<\/h2>\n<ul data-start=\"1977\" data-end=\"2291\">\n<li data-start=\"1977\" data-end=\"2050\">\n<p data-start=\"1979\" data-end=\"2050\"><strong data-start=\"1979\" data-end=\"1989\">Reisen<\/strong>: Ideal f\u00fcr Ausfl\u00fcge in die Natur, Urlaube und Wochenendausfl\u00fcge.<\/p>\n<\/li>\n<li data-start=\"2051\" data-end=\"2117\">\n<p data-start=\"2053\" data-end=\"2117\"><strong data-start=\"2053\" data-end=\"2067\">T\u00e4gliche Arbeit<\/strong>: Geeignet f\u00fcr den Einsatz im B\u00fcro, in der Schule oder im Berufsverkehr.<\/p>\n<\/li>\n<li data-start=\"2118\" data-end=\"2206\">\n<p data-start=\"2120\" data-end=\"2206\"><strong data-start=\"2120\" data-end=\"2142\">Aktivit\u00e4ten im Freien<\/strong>: Ideal zum Wandern, Radfahren und f\u00fcr andere abenteuerliche Aktivit\u00e4ten.<\/p>\n<\/li>\n<li data-start=\"2207\" data-end=\"2291\">\n<p data-start=\"2209\" data-end=\"2291\"><strong data-start=\"2209\" data-end=\"2228\">Firmengeschenke<\/strong>: Kann zu Werbezwecken mit Firmenlogos versehen werden.<\/p>\n<\/li>\n<\/ul>\n<p data-start=\"2293\" data-end=\"2465\">Wenn Sie an diesem RONEER-Rucksack interessiert sind, kontaktieren Sie uns bitte, um ein Muster anzufordern. ODM- und OEM-Services sind verf\u00fcgbar, um Ihre Anforderungen an Branding und Design zu unterst\u00fctzen.<\/p>","protected":false},"excerpt":{"rendered":"<p>Der RONEER GB-5007 Rucksack wurde entwickelt, um vielseitige Funktionalit\u00e4t f\u00fcr Reisende und t\u00e4gliche Pendler zu bieten. Der aus hochwertigem Oxford-Material gefertigte Rucksack ist langlebig, leicht und wasserabweisend und eignet sich daher f\u00fcr verschiedene Umgebungen. Benutzerdefinierte Logos, Gr\u00f6\u00dfen und Farben k\u00f6nnen angebracht werden, um die Anforderungen an das Branding zu erf\u00fcllen und eine pers\u00f6nliche Note f\u00fcr den gesch\u00e4ftlichen oder privaten Gebrauch zu gew\u00e4hrleisten.<\/p>","protected":false},"featured_media":4247,"comment_status":"open","ping_status":"closed","template":"","meta":{"site-sidebar-layout":"default","site-content-layout":"","ast-site-content-layout":"default","site-content-style":"default","site-sidebar-style":"default","ast-global-header-display":"","ast-banner-title-visibility":"","ast-main-header-display":"","ast-hfb-above-header-display":"","ast-hfb-below-header-display":"","ast-hfb-mobile-header-display":"","site-post-title":"","ast-breadcrumbs-content":"","ast-featured-img":"","footer-sml-layout":"","ast-disable-related-posts":"","theme-transparent-header-meta":"default","adv-header-id-meta":"","stick-header-meta":"","header-above-stick-meta":"","header-main-stick-meta":"","header-below-stick-meta":"","astra-migrate-meta-layouts":"set","ast-page-background-enabled":"default","ast-page-background-meta":{"desktop":{"background-color":"var(--ast-global-color-5)","background-image":"","background-repeat":"repeat","background-position":"center center","background-size":"auto","background-attachment":"scroll","background-type":"","background-media":"","overlay-type":"","overlay-color":"","overlay-opacity":"","overlay-gradient":""},"tablet":{"background-color":"","background-image":"","background-repeat":"repeat","background-position":"center center","background-size":"auto","background-attachment":"scroll","background-type":"","background-media":"","overlay-type":"","overlay-color":"","overlay-opacity":"","overlay-gradient":""},"mobile":{"background-color":"","background-image":"","background-repeat":"repeat","background-position":"center center","background-size":"auto","background-attachment":"scroll","background-type":"","background-media":"","overlay-type":"","overlay-color":"","overlay-opacity":"","overlay-gradient":""}},"ast-content-background-meta":{"desktop":{"background-color":"var(--ast-global-color-4)","background-image":"","background-repeat":"repeat","background-position":"center center","background-size":"auto","background-attachment":"scroll","background-type":"","background-media":"","overlay-type":"","overlay-color":"","overlay-opacity":"","overlay-gradient":""},"tablet":{"background-color":"var(--ast-global-color-4)","background-image":"","background-repeat":"repeat","background-position":"center center","background-size":"auto","background-attachment":"scroll","background-type":"","background-media":"","overlay-type":"","overlay-color":"","overlay-opacity":"","overlay-gradient":""},"mobile":{"background-color":"var(--ast-global-color-4)","background-image":"","background-repeat":"repeat","background-position":"center center","background-size":"auto","background-attachment":"scroll","background-type":"","background-media":"","overlay-type":"","overlay-color":"","overlay-opacity":"","overlay-gradient":""}}},"product_brand":[],"product_cat":[21,60,54],"product_tag":[],"class_list":{"0":"post-4243","1":"product","2":"type-product","3":"status-publish","4":"has-post-thumbnail","6":"product_cat-backpack","7":"product_cat-ladies-backpack","8":"product_cat-womens-bag","9":"desktop-align-left","10":"tablet-align-left","11":"mobile-align-left","13":"first","14":"instock","15":"shipping-taxable","16":"product-type-simple"},"_links":{"self":[{"href":"https:\/\/baijiabags.com\/de\/wp-json\/wp\/v2\/product\/4243","targetHints":{"allow":["GET"]}}],"collection":[{"href":"https:\/\/baijiabags.com\/de\/wp-json\/wp\/v2\/product"}],"about":[{"href":"https:\/\/baijiabags.com\/de\/wp-json\/wp\/v2\/types\/product"}],"replies":[{"embeddable":true,"href":"https:\/\/baijiabags.com\/de\/wp-json\/wp\/v2\/comments?post=4243"}],"wp:featuredmedia":[{"embeddable":true,"href":"https:\/\/baijiabags.com\/de\/wp-json\/wp\/v2\/media\/4247"}],"wp:attachment":[{"href":"https:\/\/baijiabags.com\/de\/wp-json\/wp\/v2\/media?parent=4243"}],"wp:term":[{"taxonomy":"product_brand","embeddable":true,"href":"https:\/\/baijiabags.com\/de\/wp-json\/wp\/v2\/product_brand?post=4243"},{"taxonomy":"product_cat","embeddable":true,"href":"https:\/\/baijiabags.com\/de\/wp-json\/wp\/v2\/product_cat?post=4243"},{"taxonomy":"product_tag","embeddable":true,"href":"https:\/\/baijiabags.com\/de\/wp-json\/wp\/v2\/product_tag?post=4243"}],"curies":[{"name":"wp","href":"https:\/\/api.w.org\/{rel}","templated":true}]}}