{"id":4230,"date":"2025-10-29T06:19:06","date_gmt":"2025-10-29T06:19:06","guid":{"rendered":"https:\/\/baijiabags.com\/?post_type=product&#038;p=4230"},"modified":"2025-11-01T01:21:34","modified_gmt":"2025-11-01T01:21:34","slug":"customizable-womens-vintage-fashion-pu-handbag-candy-pattern-waterproof-single-shoulder-bag-wholesale","status":"publish","type":"product","link":"https:\/\/baijiabags.com\/de\/produkt\/customizable-womens-vintage-fashion-pu-handbag-candy-pattern-waterproof-single-shoulder-bag-wholesale\/","title":{"rendered":"Customizable Womens Vintage Mode PU Handtasche Candy Muster wasserdicht einzelne Umh\u00e4ngetasche Gro\u00dfhandel"},"content":{"rendered":"<h2 data-start=\"575\" data-end=\"590\">Wesentliche Merkmale<\/h2>\n<ol data-start=\"592\" data-end=\"1265\">\n<li data-start=\"592\" data-end=\"697\">\n<p data-start=\"595\" data-end=\"697\"><strong data-start=\"595\" data-end=\"620\">Hochwertiges Material<\/strong>: Hergestellt aus PU-Leder, das Langlebigkeit und einfache Pflege gew\u00e4hrleistet.<\/p>\n<\/li>\n<li data-start=\"698\" data-end=\"778\">\n<p data-start=\"701\" data-end=\"778\"><strong data-start=\"701\" data-end=\"722\">Wasserdichtes Design<\/strong>: Wasserabweisend, damit Ihre Sachen sicher und trocken bleiben.<\/p>\n<\/li>\n<li data-start=\"779\" data-end=\"878\">\n<p data-start=\"782\" data-end=\"878\"><strong data-start=\"782\" data-end=\"803\">Anpassbares Logo<\/strong>: Das Markenlogo kann an die pers\u00f6nlichen oder gesch\u00e4ftlichen Anforderungen angepasst werden.<\/p>\n<\/li>\n<li data-start=\"879\" data-end=\"965\">\n<p data-start=\"882\" data-end=\"965\"><strong data-start=\"882\" data-end=\"903\">Modischer Stil<\/strong>: Vintage und elegantes Aussehen geeignet f\u00fcr moderne Damen.<\/p>\n<\/li>\n<li data-start=\"966\" data-end=\"1032\">\n<p data-start=\"969\" data-end=\"1032\"><strong data-start=\"969\" data-end=\"987\">Ganzj\u00e4hrige Verwendung<\/strong>: Bequem und stilvoll f\u00fcr jede Jahreszeit.<\/p>\n<\/li>\n<li data-start=\"1033\" data-end=\"1107\">\n<p data-start=\"1036\" data-end=\"1107\"><strong data-start=\"1036\" data-end=\"1062\">Ein-Schulter-Design<\/strong>: Leicht und praktisch f\u00fcr den t\u00e4glichen Gebrauch.<\/p>\n<\/li>\n<li data-start=\"1108\" data-end=\"1185\">\n<p data-start=\"1111\" data-end=\"1185\"><strong data-start=\"1111\" data-end=\"1128\">Farboptionen<\/strong>: Mehrere Farben verf\u00fcgbar, die zu verschiedenen Outfits passen.<\/p>\n<\/li>\n<li data-start=\"1186\" data-end=\"1265\">\n<p data-start=\"1189\" data-end=\"1265\"><strong data-start=\"1189\" data-end=\"1209\">Flexibilit\u00e4t bei der Gr\u00f6\u00dfe<\/strong>: Die Abmessungen k\u00f6nnen je nach Wunsch angepasst werden.<\/p>\n<\/li>\n<\/ol>\n<p><img fetchpriority=\"high\" decoding=\"async\" class=\"aligncenter wp-image-4232 size-full\" src=\"https:\/\/baijiabags.com\/wp-content\/uploads\/2025\/10\/1-27.png\" alt=\"Customizable Womens Vintage Fashion PU Handbag Candy Pattern Waterproof Single Shoulder Bag Wholesale\" width=\"800\" height=\"800\" srcset=\"https:\/\/baijiabags.com\/wp-content\/uploads\/2025\/10\/1-27.png 800w, https:\/\/baijiabags.com\/wp-content\/uploads\/2025\/10\/1-27-300x300.png 300w, https:\/\/baijiabags.com\/wp-content\/uploads\/2025\/10\/1-27-150x150.png 150w, https:\/\/baijiabags.com\/wp-content\/uploads\/2025\/10\/1-27-768x768.png 768w, https:\/\/baijiabags.com\/wp-content\/uploads\/2025\/10\/1-27-12x12.png 12w, https:\/\/baijiabags.com\/wp-content\/uploads\/2025\/10\/1-27-600x600.png 600w, https:\/\/baijiabags.com\/wp-content\/uploads\/2025\/10\/1-27-100x100.png 100w\" sizes=\"(max-width: 800px) 100vw, 800px\" \/><\/p>\n<h2 data-start=\"1272\" data-end=\"1289\">Spezifikationen<\/h2>\n<div class=\"_tableContainer_1rjym_1\">\n<div class=\"group _tableWrapper_1rjym_13 flex w-fit flex-col-reverse\" tabindex=\"-1\">\n<table class=\"w-fit min-w-(--thread-content-width)\" data-start=\"1291\" data-end=\"2413\">\n<thead data-start=\"1291\" data-end=\"1365\">\n<tr data-start=\"1291\" data-end=\"1365\">\n<th data-start=\"1291\" data-end=\"1314\" data-col-size=\"sm\">Parameter<\/th>\n<th data-start=\"1314\" data-end=\"1365\" data-col-size=\"md\">Einzelheiten<\/th>\n<\/tr>\n<\/thead>\n<tbody data-start=\"1440\" data-end=\"2413\">\n<tr data-start=\"1440\" data-end=\"1514\">\n<td data-start=\"1440\" data-end=\"1463\" data-col-size=\"sm\">Produktname<\/td>\n<td data-start=\"1463\" data-end=\"1514\" data-col-size=\"md\">Handtaschen<\/td>\n<\/tr>\n<tr data-start=\"1515\" data-end=\"1589\">\n<td data-start=\"1515\" data-end=\"1538\" data-col-size=\"sm\">Marke<\/td>\n<td data-start=\"1538\" data-end=\"1589\" data-col-size=\"md\">RONEER<\/td>\n<\/tr>\n<tr data-start=\"1590\" data-end=\"1664\">\n<td data-start=\"1590\" data-end=\"1613\" data-col-size=\"sm\">Herkunft<\/td>\n<td data-start=\"1613\" data-end=\"1664\" data-col-size=\"md\">Guangdong, China<\/td>\n<\/tr>\n<tr data-start=\"1665\" data-end=\"1739\">\n<td data-start=\"1665\" data-end=\"1688\" data-col-size=\"sm\">Modellnummer<\/td>\n<td data-start=\"1688\" data-end=\"1739\" data-col-size=\"md\">BJ-138<\/td>\n<\/tr>\n<tr data-start=\"1740\" data-end=\"1814\">\n<td data-start=\"1740\" data-end=\"1763\" data-col-size=\"sm\">Stil<\/td>\n<td data-start=\"1763\" data-end=\"1814\" data-col-size=\"md\">Mode, Dame, Vintage<\/td>\n<\/tr>\n<tr data-start=\"1815\" data-end=\"1889\">\n<td data-start=\"1815\" data-end=\"1838\" data-col-size=\"sm\">Logo<\/td>\n<td data-col-size=\"md\" data-start=\"1838\" data-end=\"1889\">Anpassbar<\/td>\n<\/tr>\n<tr data-start=\"1890\" data-end=\"1964\">\n<td data-start=\"1890\" data-end=\"1913\" data-col-size=\"sm\">Hauptmaterial<\/td>\n<td data-col-size=\"md\" data-start=\"1913\" data-end=\"1964\">PU-Leder<\/td>\n<\/tr>\n<tr data-start=\"1965\" data-end=\"2038\">\n<td data-start=\"1965\" data-end=\"1988\" data-col-size=\"sm\">Saison<\/td>\n<td data-col-size=\"md\" data-start=\"1988\" data-end=\"2038\">Alle Jahreszeiten (Fr\u00fchling, Sommer, Herbst, Winter)<\/td>\n<\/tr>\n<tr data-start=\"2039\" data-end=\"2113\">\n<td data-start=\"2039\" data-end=\"2062\" data-col-size=\"sm\">Abmessungen<\/td>\n<td data-start=\"2062\" data-end=\"2113\" data-col-size=\"md\">Anpassbar<\/td>\n<\/tr>\n<tr data-start=\"2114\" data-end=\"2188\">\n<td data-start=\"2114\" data-end=\"2137\" data-col-size=\"sm\">Farbe<\/td>\n<td data-start=\"2137\" data-end=\"2188\" data-col-size=\"md\">Anpassbar<\/td>\n<\/tr>\n<tr data-start=\"2189\" data-end=\"2263\">\n<td data-start=\"2189\" data-end=\"2212\" data-col-size=\"sm\">Eigenschaften<\/td>\n<td data-start=\"2212\" data-end=\"2263\" data-col-size=\"md\">Wasserdicht, wasserbest\u00e4ndig<\/td>\n<\/tr>\n<tr data-start=\"2264\" data-end=\"2338\">\n<td data-start=\"2264\" data-end=\"2287\" data-col-size=\"sm\">MOQ<\/td>\n<td data-start=\"2287\" data-end=\"2338\" data-col-size=\"md\">300 (verhandelbar)<\/td>\n<\/tr>\n<tr data-start=\"2339\" data-end=\"2413\">\n<td data-start=\"2339\" data-end=\"2362\" data-col-size=\"sm\">Anmeldung<\/td>\n<td data-start=\"2362\" data-end=\"2413\" data-col-size=\"md\">Einkaufen, T\u00e4gliches Leben, Reisen<\/td>\n<\/tr>\n<\/tbody>\n<\/table>\n<\/div>\n<\/div>\n<h2 data-start=\"2420\" data-end=\"2435\">Anwendungen<\/h2>\n<ul data-start=\"2437\" data-end=\"2738\">\n<li data-start=\"2437\" data-end=\"2512\">\n<p data-start=\"2439\" data-end=\"2512\"><strong data-start=\"2439\" data-end=\"2451\">Einkaufen<\/strong>: Geeignet, um das Wesentliche beim Einkaufen stilvoll zu transportieren.<\/p>\n<\/li>\n<li data-start=\"2513\" data-end=\"2575\">\n<p data-start=\"2515\" data-end=\"2575\"><strong data-start=\"2515\" data-end=\"2529\">Das t\u00e4gliche Leben<\/strong>: Ideal f\u00fcr die Arbeit, die Schule oder den Freizeitausflug.<\/p>\n<\/li>\n<li data-start=\"2576\" data-end=\"2648\">\n<p data-start=\"2578\" data-end=\"2648\"><strong data-start=\"2578\" data-end=\"2588\">Reisen<\/strong>: Leicht und praktisch f\u00fcr Kurztrips oder St\u00e4dtetouren.<\/p>\n<\/li>\n<li data-start=\"2649\" data-end=\"2738\">\n<p data-start=\"2651\" data-end=\"2738\"><strong data-start=\"2651\" data-end=\"2662\">Verschenken<\/strong>: Perfekte Geschenkoption aufgrund seines eleganten Designs und seiner anpassbaren Funktionen.<\/p>\n<\/li>\n<\/ul>\n<p data-start=\"2745\" data-end=\"2925\">Wenn Sie an dieser Handtasche interessiert sind, kontaktieren Sie uns bitte, um ein Muster zu erhalten. <strong data-start=\"2822\" data-end=\"2844\">ODM- und OEM-Dienstleistungen<\/strong> stehen zur Verf\u00fcgung, um Ihre Anforderungen an Markenanpassungen und Gro\u00dfbestellungen zu erf\u00fcllen.<\/p>","protected":false},"excerpt":{"rendered":"<p>Die <strong data-start=\"117\" data-end=\"167\">Customizable Womens Vintage Mode PU Handtasche<\/strong> von <strong data-start=\"171\" data-end=\"181\">RONEER<\/strong> wurde entworfen, um zeitlose Vintage-\u00c4sthetik mit moderner Funktionalit\u00e4t zu verbinden. Die aus hochwertigem PU-Leder gefertigte Handtasche ist langlebig, wasserdicht und f\u00fcr alle Jahreszeiten geeignet, einschlie\u00dflich Sommer, Winter, Fr\u00fchling und Herbst. Das Candy-Muster verleiht allt\u00e4glichen Outfits einen modischen und verspielten Touch und macht sie zu einer vielseitigen Wahl f\u00fcr Shopping, Reisen und das t\u00e4gliche Leben.<\/p>","protected":false},"featured_media":4238,"comment_status":"open","ping_status":"closed","template":"","meta":{"site-sidebar-layout":"default","site-content-layout":"","ast-site-content-layout":"default","site-content-style":"default","site-sidebar-style":"default","ast-global-header-display":"","ast-banner-title-visibility":"","ast-main-header-display":"","ast-hfb-above-header-display":"","ast-hfb-below-header-display":"","ast-hfb-mobile-header-display":"","site-post-title":"","ast-breadcrumbs-content":"","ast-featured-img":"","footer-sml-layout":"","ast-disable-related-posts":"","theme-transparent-header-meta":"default","adv-header-id-meta":"","stick-header-meta":"","header-above-stick-meta":"","header-main-stick-meta":"","header-below-stick-meta":"","astra-migrate-meta-layouts":"set","ast-page-background-enabled":"default","ast-page-background-meta":{"desktop":{"background-color":"var(--ast-global-color-5)","background-image":"","background-repeat":"repeat","background-position":"center center","background-size":"auto","background-attachment":"scroll","background-type":"","background-media":"","overlay-type":"","overlay-color":"","overlay-opacity":"","overlay-gradient":""},"tablet":{"background-color":"","background-image":"","background-repeat":"repeat","background-position":"center center","background-size":"auto","background-attachment":"scroll","background-type":"","background-media":"","overlay-type":"","overlay-color":"","overlay-opacity":"","overlay-gradient":""},"mobile":{"background-color":"","background-image":"","background-repeat":"repeat","background-position":"center center","background-size":"auto","background-attachment":"scroll","background-type":"","background-media":"","overlay-type":"","overlay-color":"","overlay-opacity":"","overlay-gradient":""}},"ast-content-background-meta":{"desktop":{"background-color":"var(--ast-global-color-4)","background-image":"","background-repeat":"repeat","background-position":"center center","background-size":"auto","background-attachment":"scroll","background-type":"","background-media":"","overlay-type":"","overlay-color":"","overlay-opacity":"","overlay-gradient":""},"tablet":{"background-color":"var(--ast-global-color-4)","background-image":"","background-repeat":"repeat","background-position":"center center","background-size":"auto","background-attachment":"scroll","background-type":"","background-media":"","overlay-type":"","overlay-color":"","overlay-opacity":"","overlay-gradient":""},"mobile":{"background-color":"var(--ast-global-color-4)","background-image":"","background-repeat":"repeat","background-position":"center center","background-size":"auto","background-attachment":"scroll","background-type":"","background-media":"","overlay-type":"","overlay-color":"","overlay-opacity":"","overlay-gradient":""}}},"product_brand":[],"product_cat":[42,54],"product_tag":[],"class_list":{"0":"post-4230","1":"product","2":"type-product","3":"status-publish","4":"has-post-thumbnail","6":"product_cat-hand-bag","7":"product_cat-womens-bag","8":"desktop-align-left","9":"tablet-align-left","10":"mobile-align-left","12":"first","13":"instock","14":"shipping-taxable","15":"product-type-simple"},"_links":{"self":[{"href":"https:\/\/baijiabags.com\/de\/wp-json\/wp\/v2\/product\/4230","targetHints":{"allow":["GET"]}}],"collection":[{"href":"https:\/\/baijiabags.com\/de\/wp-json\/wp\/v2\/product"}],"about":[{"href":"https:\/\/baijiabags.com\/de\/wp-json\/wp\/v2\/types\/product"}],"replies":[{"embeddable":true,"href":"https:\/\/baijiabags.com\/de\/wp-json\/wp\/v2\/comments?post=4230"}],"wp:featuredmedia":[{"embeddable":true,"href":"https:\/\/baijiabags.com\/de\/wp-json\/wp\/v2\/media\/4238"}],"wp:attachment":[{"href":"https:\/\/baijiabags.com\/de\/wp-json\/wp\/v2\/media?parent=4230"}],"wp:term":[{"taxonomy":"product_brand","embeddable":true,"href":"https:\/\/baijiabags.com\/de\/wp-json\/wp\/v2\/product_brand?post=4230"},{"taxonomy":"product_cat","embeddable":true,"href":"https:\/\/baijiabags.com\/de\/wp-json\/wp\/v2\/product_cat?post=4230"},{"taxonomy":"product_tag","embeddable":true,"href":"https:\/\/baijiabags.com\/de\/wp-json\/wp\/v2\/product_tag?post=4230"}],"curies":[{"name":"wp","href":"https:\/\/api.w.org\/{rel}","templated":true}]}}