{"id":4224,"date":"2025-10-29T06:11:15","date_gmt":"2025-10-29T06:11:15","guid":{"rendered":"https:\/\/baijiabags.com\/?post_type=product&#038;p=4224"},"modified":"2025-11-01T01:21:34","modified_gmt":"2025-11-01T01:21:34","slug":"wholesale-womens-business-casual-handbag-crossbody-bag-crocodile-pattern-waterproof-multifunction-tote-bag","status":"publish","type":"product","link":"https:\/\/baijiabags.com\/de\/produkt\/wholesale-womens-business-casual-handbag-crossbody-bag-crocodile-pattern-waterproof-multifunction-tote-bag\/","title":{"rendered":"Gro\u00dfhandel Frauen Business Casual Handtasche Crossbody Bag Krokodil-Muster wasserdicht Multifunktions-Tasche"},"content":{"rendered":"<h2 data-start=\"710\" data-end=\"725\">Wesentliche Merkmale<\/h2>\n<ol data-start=\"727\" data-end=\"1527\">\n<li data-start=\"727\" data-end=\"855\">\n<p data-start=\"730\" data-end=\"855\"><strong data-start=\"730\" data-end=\"753\">Wasserdichtes Material<\/strong> - Die aus strapazierf\u00e4higem PU-Leder gefertigte Tasche ist resistent gegen das Eindringen von Wasser und bewahrt Ihre Sachen sicher auf.<\/p>\n<\/li>\n<li data-start=\"856\" data-end=\"956\">\n<p data-start=\"859\" data-end=\"956\"><strong data-start=\"859\" data-end=\"887\">Krokodil-Muster-Design<\/strong> - Die strukturierte Oberfl\u00e4che verleiht ihm ein elegantes und modisches Aussehen.<\/p>\n<\/li>\n<li data-start=\"957\" data-end=\"1059\">\n<p data-start=\"960\" data-end=\"1059\"><strong data-start=\"960\" data-end=\"983\">Multifunktionaler Einsatz<\/strong> - Kann je nach Anlass als Umh\u00e4ngetasche oder als Tote getragen werden.<\/p>\n<\/li>\n<li data-start=\"1060\" data-end=\"1156\">\n<p data-start=\"1063\" data-end=\"1156\"><strong data-start=\"1063\" data-end=\"1084\">Anpassbares Logo<\/strong> - Das Branding kann f\u00fcr Unternehmens- oder Werbezwecke personalisiert werden.<\/p>\n<\/li>\n<li data-start=\"1157\" data-end=\"1234\">\n<p data-start=\"1160\" data-end=\"1234\"><strong data-start=\"1160\" data-end=\"1184\">Saisonale Vielseitigkeit<\/strong> - Geeignet f\u00fcr Herbst-, Fr\u00fchlings- und Winterkleidung.<\/p>\n<\/li>\n<li data-start=\"1235\" data-end=\"1336\">\n<p data-start=\"1238\" data-end=\"1336\"><strong data-start=\"1238\" data-end=\"1259\">Ger\u00e4umiges Interieur<\/strong> - Bietet reichlich Platz f\u00fcr wichtige Dinge wie Brieftaschen, Handys und Tablets.<\/p>\n<\/li>\n<li data-start=\"1337\" data-end=\"1427\">\n<p data-start=\"1340\" data-end=\"1427\"><strong data-start=\"1340\" data-end=\"1361\">Verstellbare Riemen<\/strong> - Gew\u00e4hrleistet eine bequeme Tragel\u00e4nge f\u00fcr verschiedene K\u00f6rpertypen.<\/p>\n<\/li>\n<li data-start=\"1428\" data-end=\"1527\">\n<p data-start=\"1431\" data-end=\"1527\"><strong data-start=\"1431\" data-end=\"1456\">Langlebige Handwerkskunst<\/strong> - Hochwertige N\u00e4hte und Materialien garantieren eine lange Nutzungsdauer.<\/p>\n<\/li>\n<\/ol>\n<h2 data-start=\"1529\" data-end=\"1546\">Spezifikationen<\/h2>\n<div class=\"_tableContainer_1rjym_1\">\n<div class=\"group _tableWrapper_1rjym_13 flex w-fit flex-col-reverse\" tabindex=\"-1\">\n<table class=\"w-fit min-w-(--thread-content-width)\" data-start=\"1548\" data-end=\"2601\">\n<thead data-start=\"1548\" data-end=\"1612\">\n<tr data-start=\"1548\" data-end=\"1612\">\n<th data-start=\"1548\" data-end=\"1570\" data-col-size=\"sm\">Parameter<\/th>\n<th data-start=\"1570\" data-end=\"1612\" data-col-size=\"sm\">Einzelheiten<\/th>\n<\/tr>\n<\/thead>\n<tbody data-start=\"1677\" data-end=\"2601\">\n<tr data-start=\"1677\" data-end=\"1741\">\n<td data-start=\"1677\" data-end=\"1699\" data-col-size=\"sm\">Produktname<\/td>\n<td data-col-size=\"sm\" data-start=\"1699\" data-end=\"1741\">Handtaschen<\/td>\n<\/tr>\n<tr data-start=\"1742\" data-end=\"1806\">\n<td data-start=\"1742\" data-end=\"1764\" data-col-size=\"sm\">Marke<\/td>\n<td data-col-size=\"sm\" data-start=\"1764\" data-end=\"1806\">RONEER<\/td>\n<\/tr>\n<tr data-start=\"1807\" data-end=\"1872\">\n<td data-start=\"1807\" data-end=\"1829\" data-col-size=\"sm\">Herkunft<\/td>\n<td data-col-size=\"sm\" data-start=\"1829\" data-end=\"1872\">Guangdong, China<\/td>\n<\/tr>\n<tr data-start=\"1873\" data-end=\"1937\">\n<td data-start=\"1873\" data-end=\"1895\" data-col-size=\"sm\">Modell<\/td>\n<td data-col-size=\"sm\" data-start=\"1895\" data-end=\"1937\">AL-2266<\/td>\n<\/tr>\n<tr data-start=\"1938\" data-end=\"2003\">\n<td data-start=\"1938\" data-end=\"1960\" data-col-size=\"sm\">Stil<\/td>\n<td data-col-size=\"sm\" data-start=\"1960\" data-end=\"2003\">Mode<\/td>\n<\/tr>\n<tr data-start=\"2004\" data-end=\"2069\">\n<td data-start=\"2004\" data-end=\"2026\" data-col-size=\"sm\">Logo<\/td>\n<td data-col-size=\"sm\" data-start=\"2026\" data-end=\"2069\">Anpassbar<\/td>\n<\/tr>\n<tr data-start=\"2070\" data-end=\"2135\">\n<td data-start=\"2070\" data-end=\"2092\" data-col-size=\"sm\">Hauptmaterial<\/td>\n<td data-col-size=\"sm\" data-start=\"2092\" data-end=\"2135\">PU-Leder<\/td>\n<\/tr>\n<tr data-start=\"2136\" data-end=\"2201\">\n<td data-start=\"2136\" data-end=\"2158\" data-col-size=\"sm\">Saison<\/td>\n<td data-col-size=\"sm\" data-start=\"2158\" data-end=\"2201\">Herbst, Fr\u00fchling, Winter<\/td>\n<\/tr>\n<tr data-start=\"2202\" data-end=\"2268\">\n<td data-start=\"2202\" data-end=\"2224\" data-col-size=\"sm\">Gr\u00f6\u00dfe<\/td>\n<td data-col-size=\"sm\" data-start=\"2224\" data-end=\"2268\">Anpassbar<\/td>\n<\/tr>\n<tr data-start=\"2269\" data-end=\"2335\">\n<td data-start=\"2269\" data-end=\"2291\" data-col-size=\"sm\">Farbe<\/td>\n<td data-col-size=\"sm\" data-start=\"2291\" data-end=\"2335\">Anpassbar<\/td>\n<\/tr>\n<tr data-start=\"2336\" data-end=\"2401\">\n<td data-start=\"2336\" data-end=\"2358\" data-col-size=\"sm\">Geschlecht<\/td>\n<td data-start=\"2358\" data-end=\"2401\" data-col-size=\"sm\">Frauen<\/td>\n<\/tr>\n<tr data-start=\"2402\" data-end=\"2468\">\n<td data-start=\"2402\" data-end=\"2424\" data-col-size=\"sm\">Eigenschaften<\/td>\n<td data-col-size=\"sm\" data-start=\"2424\" data-end=\"2468\">Wasserdicht<\/td>\n<\/tr>\n<tr data-start=\"2469\" data-end=\"2534\">\n<td data-start=\"2469\" data-end=\"2491\" data-col-size=\"sm\">MOQ<\/td>\n<td data-col-size=\"sm\" data-start=\"2491\" data-end=\"2534\">300 (verhandelbar)<\/td>\n<\/tr>\n<tr data-start=\"2535\" data-end=\"2601\">\n<td data-start=\"2535\" data-end=\"2557\" data-col-size=\"sm\">Anmeldung<\/td>\n<td data-col-size=\"sm\" data-start=\"2557\" data-end=\"2601\">Reisen, T\u00e4glich<\/td>\n<\/tr>\n<\/tbody>\n<\/table>\n<\/div>\n<\/div>\n<h2 data-start=\"2603\" data-end=\"2618\">Anwendungen<\/h2>\n<ul data-start=\"2620\" data-end=\"2955\">\n<li data-start=\"2620\" data-end=\"2693\">\n<p data-start=\"2622\" data-end=\"2693\"><strong data-start=\"2622\" data-end=\"2640\">T\u00e4gliches Pendeln:<\/strong> Perfekt f\u00fcr den stilvollen Transport von Alltagsgegenst\u00e4nden.<\/p>\n<\/li>\n<li data-start=\"2694\" data-end=\"2791\">\n<p data-start=\"2696\" data-end=\"2791\"><strong data-start=\"2696\" data-end=\"2725\">Business Casual Einstellungen:<\/strong> Erg\u00e4nzt die Berufskleidung und ist gleichzeitig praktisch.<\/p>\n<\/li>\n<li data-start=\"2792\" data-end=\"2870\">\n<p data-start=\"2794\" data-end=\"2870\"><strong data-start=\"2794\" data-end=\"2805\">Reisen:<\/strong> Leicht und ger\u00e4umig genug f\u00fcr Kurztrips oder St\u00e4dtetouren.<\/p>\n<\/li>\n<li data-start=\"2871\" data-end=\"2955\">\n<p data-start=\"2873\" data-end=\"2955\"><strong data-start=\"2873\" data-end=\"2897\">Einkaufen oder Besorgungen:<\/strong> Praktisch f\u00fcr den freih\u00e4ndigen Gebrauch mit dem Schultergurt.<\/p>\n<\/li>\n<\/ul>\n<p data-start=\"2957\" data-end=\"3239\">\u00a0Wenn Sie an dieser Tasche interessiert sind, kontaktieren Sie uns bitte, um Muster anzufordern. <strong data-start=\"3122\" data-end=\"3158\">ODM- und OEM-Dienste sind verf\u00fcgbar<\/strong>und benutzerdefinierte Branding-Optionen k\u00f6nnen je nach den Bed\u00fcrfnissen Ihres Unternehmens bereitgestellt werden.<\/p>","protected":false},"excerpt":{"rendered":"<p>Die <strong data-start=\"107\" data-end=\"218\">Gro\u00dfhandel Frauen Business Casual Handtasche Crossbody Bag Krokodil-Muster wasserdicht Multifunktions-Tasche<\/strong> von <strong data-start=\"222\" data-end=\"232\">RONEER<\/strong> wurde f\u00fcr Frauen entworfen, die sowohl Wert auf Stil als auch auf Funktionalit\u00e4t legen. Diese Handtasche ist aus folgenden Materialien gefertigt <strong data-start=\"323\" data-end=\"350\">hochwertiges PU-Leder<\/strong>und bietet eine luxuri\u00f6se Oberfl\u00e4che mit Krokodilmuster. Sein <strong data-start=\"403\" data-end=\"425\">wasserdichte Eigenschaft<\/strong> sorgt daf\u00fcr, dass die Tasche vor unvorhergesehenen Spritzern und leichtem Regen gesch\u00fctzt bleibt, was sie ideal f\u00fcr verschiedene Alltagssituationen macht.<\/p>","protected":false},"featured_media":4228,"comment_status":"open","ping_status":"closed","template":"","meta":{"site-sidebar-layout":"default","site-content-layout":"","ast-site-content-layout":"default","site-content-style":"default","site-sidebar-style":"default","ast-global-header-display":"","ast-banner-title-visibility":"","ast-main-header-display":"","ast-hfb-above-header-display":"","ast-hfb-below-header-display":"","ast-hfb-mobile-header-display":"","site-post-title":"","ast-breadcrumbs-content":"","ast-featured-img":"","footer-sml-layout":"","ast-disable-related-posts":"","theme-transparent-header-meta":"default","adv-header-id-meta":"","stick-header-meta":"","header-above-stick-meta":"","header-main-stick-meta":"","header-below-stick-meta":"","astra-migrate-meta-layouts":"set","ast-page-background-enabled":"default","ast-page-background-meta":{"desktop":{"background-color":"var(--ast-global-color-5)","background-image":"","background-repeat":"repeat","background-position":"center center","background-size":"auto","background-attachment":"scroll","background-type":"","background-media":"","overlay-type":"","overlay-color":"","overlay-opacity":"","overlay-gradient":""},"tablet":{"background-color":"","background-image":"","background-repeat":"repeat","background-position":"center center","background-size":"auto","background-attachment":"scroll","background-type":"","background-media":"","overlay-type":"","overlay-color":"","overlay-opacity":"","overlay-gradient":""},"mobile":{"background-color":"","background-image":"","background-repeat":"repeat","background-position":"center center","background-size":"auto","background-attachment":"scroll","background-type":"","background-media":"","overlay-type":"","overlay-color":"","overlay-opacity":"","overlay-gradient":""}},"ast-content-background-meta":{"desktop":{"background-color":"var(--ast-global-color-4)","background-image":"","background-repeat":"repeat","background-position":"center center","background-size":"auto","background-attachment":"scroll","background-type":"","background-media":"","overlay-type":"","overlay-color":"","overlay-opacity":"","overlay-gradient":""},"tablet":{"background-color":"var(--ast-global-color-4)","background-image":"","background-repeat":"repeat","background-position":"center center","background-size":"auto","background-attachment":"scroll","background-type":"","background-media":"","overlay-type":"","overlay-color":"","overlay-opacity":"","overlay-gradient":""},"mobile":{"background-color":"var(--ast-global-color-4)","background-image":"","background-repeat":"repeat","background-position":"center center","background-size":"auto","background-attachment":"scroll","background-type":"","background-media":"","overlay-type":"","overlay-color":"","overlay-opacity":"","overlay-gradient":""}}},"product_brand":[],"product_cat":[42,54],"product_tag":[],"class_list":{"0":"post-4224","1":"product","2":"type-product","3":"status-publish","4":"has-post-thumbnail","6":"product_cat-hand-bag","7":"product_cat-womens-bag","8":"desktop-align-left","9":"tablet-align-left","10":"mobile-align-left","12":"first","13":"instock","14":"shipping-taxable","15":"product-type-simple"},"_links":{"self":[{"href":"https:\/\/baijiabags.com\/de\/wp-json\/wp\/v2\/product\/4224","targetHints":{"allow":["GET"]}}],"collection":[{"href":"https:\/\/baijiabags.com\/de\/wp-json\/wp\/v2\/product"}],"about":[{"href":"https:\/\/baijiabags.com\/de\/wp-json\/wp\/v2\/types\/product"}],"replies":[{"embeddable":true,"href":"https:\/\/baijiabags.com\/de\/wp-json\/wp\/v2\/comments?post=4224"}],"wp:featuredmedia":[{"embeddable":true,"href":"https:\/\/baijiabags.com\/de\/wp-json\/wp\/v2\/media\/4228"}],"wp:attachment":[{"href":"https:\/\/baijiabags.com\/de\/wp-json\/wp\/v2\/media?parent=4224"}],"wp:term":[{"taxonomy":"product_brand","embeddable":true,"href":"https:\/\/baijiabags.com\/de\/wp-json\/wp\/v2\/product_brand?post=4224"},{"taxonomy":"product_cat","embeddable":true,"href":"https:\/\/baijiabags.com\/de\/wp-json\/wp\/v2\/product_cat?post=4224"},{"taxonomy":"product_tag","embeddable":true,"href":"https:\/\/baijiabags.com\/de\/wp-json\/wp\/v2\/product_tag?post=4224"}],"curies":[{"name":"wp","href":"https:\/\/api.w.org\/{rel}","templated":true}]}}