{"id":4216,"date":"2025-10-29T03:47:09","date_gmt":"2025-10-29T03:47:09","guid":{"rendered":"https:\/\/baijiabags.com\/?post_type=product&#038;p=4216"},"modified":"2025-11-01T01:21:34","modified_gmt":"2025-11-01T01:21:34","slug":"chinese-manufacturers-wholesale-womens-pu-leather-single-shoulder-bags-with-customizable-zippers-and-fashionable-styles","status":"publish","type":"product","link":"https:\/\/baijiabags.com\/de\/produkt\/chinese-manufacturers-wholesale-womens-pu-leather-single-shoulder-bags-with-customizable-zippers-and-fashionable-styles\/","title":{"rendered":"Chinesische Hersteller Gro\u00dfhandel Frauen PU-Leder Single-Schulter-Taschen mit anpassbaren Rei\u00dfverschl\u00fcssen und modischen Stilen"},"content":{"rendered":"<h2 data-start=\"854\" data-end=\"875\"><strong data-start=\"858\" data-end=\"875\">Hauptmerkmale<\/strong><\/h2>\n<ol data-start=\"877\" data-end=\"2081\">\n<li data-start=\"877\" data-end=\"1057\">\n<p data-start=\"880\" data-end=\"1057\"><strong data-start=\"880\" data-end=\"908\">Hochwertiges PU-Leder: <\/strong>Die Tasche wird aus weichem, strapazierf\u00e4higem PU-Material hergestellt, das die Textur von echtem Leder bietet und gleichzeitig umweltfreundlich und pflegeleicht ist.<\/p>\n<\/li>\n<li data-start=\"1059\" data-end=\"1201\">\n<p data-start=\"1062\" data-end=\"1201\"><strong data-start=\"1062\" data-end=\"1086\">Anpassbares Design : <\/strong>Markenlogos, Rei\u00dfverschlusstypen und Abmessungen k\u00f6nnen individuell angepasst werden, um spezifische Marken- oder Werbeanforderungen zu erf\u00fcllen.<\/p>\n<\/li>\n<li data-start=\"1203\" data-end=\"1337\">\n<p data-start=\"1206\" data-end=\"1337\"><strong data-start=\"1206\" data-end=\"1229\">Wasserdichte Oberfl\u00e4che :<\/strong>Das PU-Material ist wasserabweisend und sch\u00fctzt die Wertsachen vor leichtem Regen oder Versch\u00fcttungen.<\/p>\n<\/li>\n<li data-start=\"1339\" data-end=\"1475\">\n<p data-start=\"1342\" data-end=\"1475\"><strong data-start=\"1342\" data-end=\"1372\">Verstellbarer Schultergurt:<\/strong>Die L\u00e4nge des Trageriemens kann individuell angepasst werden, um den Komfort f\u00fcr unterschiedliche Tragevorlieben zu gew\u00e4hrleisten.<\/p>\n<\/li>\n<li data-start=\"1477\" data-end=\"1635\">\n<p data-start=\"1480\" data-end=\"1635\"><strong data-start=\"1480\" data-end=\"1502\">Ger\u00e4umiges Interieur:<\/strong>Das Innenfach ist mit mehreren F\u00e4chern ausgestattet, in denen pers\u00f6nliche Gegenst\u00e4nde wie Telefone, Kosmetika und Schl\u00fcssel verstaut werden k\u00f6nnen.<\/p>\n<\/li>\n<li data-start=\"1637\" data-end=\"1781\">\n<p data-start=\"1640\" data-end=\"1781\"><strong data-start=\"1640\" data-end=\"1661\">Langlebige Hardware:<\/strong>Rei\u00dfverschl\u00fcsse und Schnallen sind aus einer rostfreien Legierung gefertigt, um die Langlebigkeit zu erh\u00f6hen und ein modisches Aussehen zu bewahren.<\/p>\n<\/li>\n<li data-start=\"1783\" data-end=\"1929\">\n<p data-start=\"1786\" data-end=\"1929\"><strong data-start=\"1786\" data-end=\"1815\">Leichte Konstruktion:<\/strong>Trotz der strapazierf\u00e4higen Materialien ist die Tasche sehr leicht, ideal f\u00fcr Reisen oder den t\u00e4glichen Arbeitsweg.<\/p>\n<\/li>\n<li data-start=\"1931\" data-end=\"2081\">\n<p data-start=\"1934\" data-end=\"2081\"><strong data-start=\"1934\" data-end=\"1962\">Umweltvertr\u00e4gliche Produktion:<\/strong>Die Materialien werden nach nachhaltigen Richtlinien ausgew\u00e4hlt, um die Umweltbelastung w\u00e4hrend des Produktionsprozesses zu verringern.<\/p>\n<\/li>\n<\/ol>\n<p><img fetchpriority=\"high\" decoding=\"async\" class=\"aligncenter wp-image-4217\" src=\"https:\/\/baijiabags.com\/wp-content\/uploads\/2025\/10\/1-1-35-300x300.png\" alt=\"Chinese manufacturers wholesale women's PU leather single-shoulder bags with customizable zippers and fashionable styles\" width=\"655\" height=\"655\" srcset=\"https:\/\/baijiabags.com\/wp-content\/uploads\/2025\/10\/1-1-35-300x300.png 300w, https:\/\/baijiabags.com\/wp-content\/uploads\/2025\/10\/1-1-35-1024x1024.png 1024w, https:\/\/baijiabags.com\/wp-content\/uploads\/2025\/10\/1-1-35-150x150.png 150w, https:\/\/baijiabags.com\/wp-content\/uploads\/2025\/10\/1-1-35-768x768.png 768w, https:\/\/baijiabags.com\/wp-content\/uploads\/2025\/10\/1-1-35-1536x1536.png 1536w, https:\/\/baijiabags.com\/wp-content\/uploads\/2025\/10\/1-1-35-12x12.png 12w, https:\/\/baijiabags.com\/wp-content\/uploads\/2025\/10\/1-1-35-600x600.png 600w, https:\/\/baijiabags.com\/wp-content\/uploads\/2025\/10\/1-1-35-100x100.png 100w, https:\/\/baijiabags.com\/wp-content\/uploads\/2025\/10\/1-1-35.png 2048w\" sizes=\"(max-width: 655px) 100vw, 655px\" \/><\/p>\n<h2 data-start=\"2088\" data-end=\"2110\"><strong data-start=\"2092\" data-end=\"2110\">Spezifikationen<\/strong><\/h2>\n<div class=\"_tableContainer_1rjym_1\">\n<div class=\"group _tableWrapper_1rjym_13 flex w-fit flex-col-reverse\" tabindex=\"-1\">\n<table class=\"w-fit min-w-(--thread-content-width)\" data-start=\"2112\" data-end=\"2860\">\n<thead data-start=\"2112\" data-end=\"2147\">\n<tr data-start=\"2112\" data-end=\"2147\">\n<th data-start=\"2112\" data-end=\"2128\" data-col-size=\"sm\"><strong data-start=\"2114\" data-end=\"2127\">Parameter<\/strong><\/th>\n<th data-start=\"2128\" data-end=\"2147\" data-col-size=\"md\"><strong data-start=\"2130\" data-end=\"2145\">Beschreibung<\/strong><\/th>\n<\/tr>\n<\/thead>\n<tbody data-start=\"2185\" data-end=\"2860\">\n<tr data-start=\"2185\" data-end=\"2239\">\n<td data-start=\"2185\" data-end=\"2204\" data-col-size=\"sm\"><strong data-start=\"2187\" data-end=\"2203\">Produktname<\/strong><\/td>\n<td data-start=\"2204\" data-end=\"2239\" data-col-size=\"md\">PU-Leder-Umh\u00e4ngetasche f\u00fcr Frauen<\/td>\n<\/tr>\n<tr data-start=\"2240\" data-end=\"2262\">\n<td data-start=\"2240\" data-end=\"2252\" data-col-size=\"sm\"><strong data-start=\"2242\" data-end=\"2251\">Marke<\/strong><\/td>\n<td data-start=\"2252\" data-end=\"2262\" data-col-size=\"md\">RONEER<\/td>\n<\/tr>\n<tr data-start=\"2263\" data-end=\"2292\">\n<td data-start=\"2263\" data-end=\"2282\" data-col-size=\"sm\"><strong data-start=\"2265\" data-end=\"2281\">Modellnummer<\/strong><\/td>\n<td data-start=\"2282\" data-end=\"2292\" data-col-size=\"md\">BJ-129<\/td>\n<\/tr>\n<tr data-start=\"2293\" data-end=\"2326\">\n<td data-start=\"2293\" data-end=\"2306\" data-col-size=\"sm\"><strong data-start=\"2295\" data-end=\"2305\">Herkunft<\/strong><\/td>\n<td data-start=\"2306\" data-end=\"2326\" data-col-size=\"md\">Guangdong, China<\/td>\n<\/tr>\n<tr data-start=\"2327\" data-end=\"2359\">\n<td data-start=\"2327\" data-end=\"2339\" data-col-size=\"sm\"><strong data-start=\"2329\" data-end=\"2338\">Stil<\/strong><\/td>\n<td data-start=\"2339\" data-end=\"2359\" data-col-size=\"md\">Mode<\/td>\n<\/tr>\n<tr data-start=\"2360\" data-end=\"2389\">\n<td data-start=\"2360\" data-end=\"2375\" data-col-size=\"sm\"><strong data-start=\"2362\" data-end=\"2374\">Material<\/strong><\/td>\n<td data-start=\"2375\" data-end=\"2389\" data-col-size=\"md\">PU-Leder<\/td>\n<\/tr>\n<tr data-start=\"2390\" data-end=\"2452\">\n<td data-start=\"2390\" data-end=\"2401\" data-col-size=\"sm\"><strong data-start=\"2392\" data-end=\"2400\">Logo<\/strong><\/td>\n<td data-start=\"2401\" data-end=\"2452\" data-col-size=\"md\">Anpassbar<\/td>\n<\/tr>\n<tr data-start=\"2453\" data-end=\"2510\">\n<td data-start=\"2453\" data-end=\"2464\" data-col-size=\"sm\"><strong data-start=\"2455\" data-end=\"2463\">Gr\u00f6\u00dfe<\/strong><\/td>\n<td data-start=\"2464\" data-end=\"2510\" data-col-size=\"md\">Anpassbar<\/td>\n<\/tr>\n<tr data-start=\"2511\" data-end=\"2581\">\n<td data-start=\"2511\" data-end=\"2531\" data-col-size=\"sm\"><strong data-start=\"2513\" data-end=\"2530\">Farboptionen<\/strong><\/td>\n<td data-start=\"2531\" data-end=\"2581\" data-col-size=\"md\">Anpassbar<\/td>\n<\/tr>\n<tr data-start=\"2582\" data-end=\"2604\">\n<td data-start=\"2582\" data-end=\"2595\" data-col-size=\"sm\"><strong data-start=\"2584\" data-end=\"2594\">Geschlecht<\/strong><\/td>\n<td data-start=\"2595\" data-end=\"2604\" data-col-size=\"md\">Frauen<\/td>\n<\/tr>\n<tr data-start=\"2605\" data-end=\"2656\">\n<td data-start=\"2605\" data-end=\"2620\" data-col-size=\"sm\"><strong data-start=\"2607\" data-end=\"2619\">Eigenschaften<\/strong><\/td>\n<td data-start=\"2620\" data-end=\"2656\" data-col-size=\"md\">Wasserdicht, langlebig, leicht<\/td>\n<\/tr>\n<tr data-start=\"2657\" data-end=\"2694\">\n<td data-start=\"2657\" data-end=\"2667\" data-col-size=\"sm\"><strong data-start=\"2659\" data-end=\"2666\">MOQ<\/strong><\/td>\n<td data-start=\"2667\" data-end=\"2694\" data-col-size=\"md\">300 St\u00fcck (verhandelbar)<\/td>\n<\/tr>\n<tr data-start=\"2695\" data-end=\"2739\">\n<td data-start=\"2695\" data-end=\"2707\" data-col-size=\"sm\"><strong data-start=\"2697\" data-end=\"2706\">Verwendung<\/strong><\/td>\n<td data-start=\"2707\" data-end=\"2739\" data-col-size=\"md\">Reisen, Gesch\u00e4ftliches, t\u00e4gliches Leben<\/td>\n<\/tr>\n<\/tbody>\n<\/table>\n<\/div>\n<\/div>\n<h2 data-start=\"2867\" data-end=\"2887\"><strong data-start=\"2871\" data-end=\"2887\">Anwendungen<\/strong><\/h2>\n<ul data-start=\"2889\" data-end=\"3343\">\n<li data-start=\"2889\" data-end=\"2978\">\n<p data-start=\"2891\" data-end=\"2978\"><strong data-start=\"2891\" data-end=\"2912\">Reisen &amp; Freizeit:<\/strong> Perfekt f\u00fcr die Aufbewahrung des N\u00f6tigsten bei Kurzreisen oder im Urlaub.<\/p>\n<\/li>\n<li data-start=\"2979\" data-end=\"3060\">\n<p data-start=\"2981\" data-end=\"3060\"><strong data-start=\"2981\" data-end=\"3007\">Business &amp; Office Use:<\/strong> Elegantes Design f\u00fcr den professionellen Einsatz.<\/p>\n<\/li>\n<li data-start=\"3061\" data-end=\"3140\">\n<p data-start=\"3063\" data-end=\"3140\"><strong data-start=\"3063\" data-end=\"3083\">T\u00e4glicher Lebensstil:<\/strong> Erg\u00e4nzt legere oder formelle Outfits f\u00fcr den t\u00e4glichen Gebrauch.<\/p>\n<\/li>\n<li data-start=\"3141\" data-end=\"3242\">\n<p data-start=\"3143\" data-end=\"3242\"><strong data-start=\"3143\" data-end=\"3167\">Einzelhandel und Verkaufsf\u00f6rderung:<\/strong> Ideal f\u00fcr Modeboutiquen, E-Commerce-Gesch\u00e4fte und Werbegeschenke.<\/p>\n<\/li>\n<li data-start=\"3243\" data-end=\"3343\">\n<p data-start=\"3245\" data-end=\"3343\"><strong data-start=\"3245\" data-end=\"3278\">Projekte zur Markenanpassung:<\/strong> Geeignet f\u00fcr ODM\/OEM-Kunden, die exklusive Kollektionen entwickeln.<\/p>\n<\/li>\n<\/ul>\n<p data-start=\"3350\" data-end=\"3643\">Wenn Sie sich f\u00fcr die <strong data-start=\"3379\" data-end=\"3421\">RONEER Damen PU Leder Umh\u00e4ngetasche<\/strong>bitte <strong data-start=\"3430\" data-end=\"3481\">Kontaktieren Sie uns f\u00fcr Muster oder Anpassungsdetails<\/strong>.<\/p>","protected":false},"excerpt":{"rendered":"<p>Die <strong data-start=\"355\" data-end=\"412\">RONEER PU-Leder-Umh\u00e4ngetasche f\u00fcr Frauen (Modell BJ-129)<\/strong> wurde entwickelt, um Funktionalit\u00e4t, Eleganz und individuelles Design zu vereinen. Gefertigt aus <strong data-start=\"496\" data-end=\"516\">Guangdong, China<\/strong>Diese Handtasche ist f\u00fcr Frauen gemacht, die sowohl Mode als auch Funktionalit\u00e4t sch\u00e4tzen. Hergestellt mit <strong data-start=\"605\" data-end=\"627\">hochwertiges PU-Leder<\/strong>ist es geeignet f\u00fcr <strong data-start=\"648\" data-end=\"693\">t\u00e4glicher Gebrauch, Reisen und gesch\u00e4ftliche Anl\u00e4sse<\/strong>. Jede Tasche kann in verschiedenen Ausf\u00fchrungen hergestellt werden <strong data-start=\"732\" data-end=\"769\">Farben, Gr\u00f6\u00dfen und Rei\u00dfverschlussdesigns<\/strong> nach Kundenw\u00fcnschen und ist damit ideal f\u00fcr <strong data-start=\"826\" data-end=\"839\">ODM &amp; OEM<\/strong> Bestellungen.<\/p>","protected":false},"featured_media":4221,"comment_status":"open","ping_status":"closed","template":"","meta":{"site-sidebar-layout":"default","site-content-layout":"","ast-site-content-layout":"default","site-content-style":"default","site-sidebar-style":"default","ast-global-header-display":"","ast-banner-title-visibility":"","ast-main-header-display":"","ast-hfb-above-header-display":"","ast-hfb-below-header-display":"","ast-hfb-mobile-header-display":"","site-post-title":"","ast-breadcrumbs-content":"","ast-featured-img":"","footer-sml-layout":"","ast-disable-related-posts":"","theme-transparent-header-meta":"default","adv-header-id-meta":"","stick-header-meta":"","header-above-stick-meta":"","header-main-stick-meta":"","header-below-stick-meta":"","astra-migrate-meta-layouts":"set","ast-page-background-enabled":"default","ast-page-background-meta":{"desktop":{"background-color":"var(--ast-global-color-5)","background-image":"","background-repeat":"repeat","background-position":"center center","background-size":"auto","background-attachment":"scroll","background-type":"","background-media":"","overlay-type":"","overlay-color":"","overlay-opacity":"","overlay-gradient":""},"tablet":{"background-color":"","background-image":"","background-repeat":"repeat","background-position":"center center","background-size":"auto","background-attachment":"scroll","background-type":"","background-media":"","overlay-type":"","overlay-color":"","overlay-opacity":"","overlay-gradient":""},"mobile":{"background-color":"","background-image":"","background-repeat":"repeat","background-position":"center center","background-size":"auto","background-attachment":"scroll","background-type":"","background-media":"","overlay-type":"","overlay-color":"","overlay-opacity":"","overlay-gradient":""}},"ast-content-background-meta":{"desktop":{"background-color":"var(--ast-global-color-4)","background-image":"","background-repeat":"repeat","background-position":"center center","background-size":"auto","background-attachment":"scroll","background-type":"","background-media":"","overlay-type":"","overlay-color":"","overlay-opacity":"","overlay-gradient":""},"tablet":{"background-color":"var(--ast-global-color-4)","background-image":"","background-repeat":"repeat","background-position":"center center","background-size":"auto","background-attachment":"scroll","background-type":"","background-media":"","overlay-type":"","overlay-color":"","overlay-opacity":"","overlay-gradient":""},"mobile":{"background-color":"var(--ast-global-color-4)","background-image":"","background-repeat":"repeat","background-position":"center center","background-size":"auto","background-attachment":"scroll","background-type":"","background-media":"","overlay-type":"","overlay-color":"","overlay-opacity":"","overlay-gradient":""}}},"product_brand":[],"product_cat":[42,54],"product_tag":[],"class_list":{"0":"post-4216","1":"product","2":"type-product","3":"status-publish","4":"has-post-thumbnail","6":"product_cat-hand-bag","7":"product_cat-womens-bag","8":"desktop-align-left","9":"tablet-align-left","10":"mobile-align-left","12":"first","13":"instock","14":"shipping-taxable","15":"product-type-simple"},"_links":{"self":[{"href":"https:\/\/baijiabags.com\/de\/wp-json\/wp\/v2\/product\/4216","targetHints":{"allow":["GET"]}}],"collection":[{"href":"https:\/\/baijiabags.com\/de\/wp-json\/wp\/v2\/product"}],"about":[{"href":"https:\/\/baijiabags.com\/de\/wp-json\/wp\/v2\/types\/product"}],"replies":[{"embeddable":true,"href":"https:\/\/baijiabags.com\/de\/wp-json\/wp\/v2\/comments?post=4216"}],"wp:featuredmedia":[{"embeddable":true,"href":"https:\/\/baijiabags.com\/de\/wp-json\/wp\/v2\/media\/4221"}],"wp:attachment":[{"href":"https:\/\/baijiabags.com\/de\/wp-json\/wp\/v2\/media?parent=4216"}],"wp:term":[{"taxonomy":"product_brand","embeddable":true,"href":"https:\/\/baijiabags.com\/de\/wp-json\/wp\/v2\/product_brand?post=4216"},{"taxonomy":"product_cat","embeddable":true,"href":"https:\/\/baijiabags.com\/de\/wp-json\/wp\/v2\/product_cat?post=4216"},{"taxonomy":"product_tag","embeddable":true,"href":"https:\/\/baijiabags.com\/de\/wp-json\/wp\/v2\/product_tag?post=4216"}],"curies":[{"name":"wp","href":"https:\/\/api.w.org\/{rel}","templated":true}]}}