{"id":4060,"date":"2025-10-24T05:53:37","date_gmt":"2025-10-24T05:53:37","guid":{"rendered":"https:\/\/baijiabags.com\/?post_type=product&#038;p=4060"},"modified":"2025-11-01T01:21:34","modified_gmt":"2025-11-01T01:21:34","slug":"elegant-designer-handbag-set-for-women-3-piece-tote-shoulder-bag-wallet","status":"publish","type":"product","link":"https:\/\/baijiabags.com\/de\/produkt\/elegant-designer-handbag-set-for-women-3-piece-tote-shoulder-bag-wallet\/","title":{"rendered":"Elegantes Designer-Handtaschenset f\u00fcr Frauen - 3-teilige Tragetasche, Umh\u00e4ngetasche und Geldb\u00f6rse"},"content":{"rendered":"<h3 data-start=\"920\" data-end=\"940\"><strong data-start=\"924\" data-end=\"940\">Wesentliche Merkmale<\/strong><\/h3>\n<ol data-start=\"942\" data-end=\"1913\">\n<li data-start=\"942\" data-end=\"1089\">\n<p data-start=\"945\" data-end=\"1089\"><strong data-start=\"945\" data-end=\"973\">Hochwertiges PU-Material<\/strong> - Hochwertiges Kunstleder wurde so ausgew\u00e4hlt, dass es sich weich anf\u00fchlt, sehr haltbar ist und sich leicht pflegen l\u00e4sst.<\/p>\n<\/li>\n<li data-start=\"1090\" data-end=\"1218\">\n<p data-start=\"1093\" data-end=\"1218\"><strong data-start=\"1093\" data-end=\"1127\">Dreiteiliges koordiniertes Design<\/strong> - Eine Tote, eine Umh\u00e4ngetasche und ein Portemonnaie wurden harmonisch aufeinander abgestimmt, um im Alltag vielseitig einsetzbar zu sein.<\/p>\n<\/li>\n<li data-start=\"1219\" data-end=\"1354\">\n<p data-start=\"1222\" data-end=\"1354\"><strong data-start=\"1222\" data-end=\"1254\">Wasserabweisende Konstruktion<\/strong> - Die \u00e4u\u00dfere Oberfl\u00e4che ist spritzwasser- und regenfest behandelt, so dass der Inhalt sicher aufbewahrt werden kann.<\/p>\n<\/li>\n<li data-start=\"1355\" data-end=\"1450\">\n<p data-start=\"1358\" data-end=\"1450\"><strong data-start=\"1358\" data-end=\"1383\">Anpassbares Branding<\/strong> - Logos und Markennamen k\u00f6nnen je nach Wunsch eingepr\u00e4gt oder aufgedruckt werden.<\/p>\n<\/li>\n<li data-start=\"1451\" data-end=\"1570\">\n<p data-start=\"1454\" data-end=\"1570\"><strong data-start=\"1454\" data-end=\"1491\">Verstellbare und bequeme Gurte<\/strong> - Die Schultergurte wurden f\u00fcr ergonomischen Komfort bei langem Tragen entwickelt.<\/p>\n<\/li>\n<li data-start=\"1571\" data-end=\"1699\">\n<p data-start=\"1574\" data-end=\"1699\"><strong data-start=\"1574\" data-end=\"1595\">Ger\u00e4umiges Interieur<\/strong> - Mehrere F\u00e4cher und Rei\u00dfverschlusstaschen wurden f\u00fcr die organisierte Aufbewahrung von Alltagsgegenst\u00e4nden eingerichtet.<\/p>\n<\/li>\n<li data-start=\"1700\" data-end=\"1797\">\n<p data-start=\"1703\" data-end=\"1797\"><strong data-start=\"1703\" data-end=\"1723\">Langlebige Hardware<\/strong> - Die Rei\u00dfverschl\u00fcsse und das Metallzubeh\u00f6r wurden f\u00fcr eine langfristige Nutzung verst\u00e4rkt.<\/p>\n<\/li>\n<li data-start=\"1798\" data-end=\"1913\">\n<p data-start=\"1801\" data-end=\"1913\"><strong data-start=\"1801\" data-end=\"1826\">Vielseitige Anwendung<\/strong> - Das Handtaschenset wurde f\u00fcr Eink\u00e4ufe, Reisen und den t\u00e4glichen Bedarf im Berufsleben entwickelt.<\/p>\n<\/li>\n<\/ol>\n<h3 data-start=\"1915\" data-end=\"1937\"><strong data-start=\"1919\" data-end=\"1937\">Spezifikationen<\/strong><\/h3>\n<div class=\"_tableContainer_1rjym_1\">\n<div class=\"group _tableWrapper_1rjym_13 flex w-fit flex-col-reverse\" tabindex=\"-1\">\n<table class=\"w-fit min-w-(--thread-content-width)\" data-start=\"1939\" data-end=\"2461\">\n<thead data-start=\"1939\" data-end=\"1974\">\n<tr data-start=\"1939\" data-end=\"1974\">\n<th data-start=\"1939\" data-end=\"1955\" data-col-size=\"sm\"><strong data-start=\"1941\" data-end=\"1954\">Parameter<\/strong><\/th>\n<th data-start=\"1955\" data-end=\"1974\" data-col-size=\"md\"><strong data-start=\"1957\" data-end=\"1972\">Beschreibung<\/strong><\/th>\n<\/tr>\n<\/thead>\n<tbody data-start=\"2013\" data-end=\"2461\">\n<tr data-start=\"2013\" data-end=\"2035\">\n<td data-start=\"2013\" data-end=\"2025\" data-col-size=\"sm\"><strong data-start=\"2015\" data-end=\"2024\">Marke<\/strong><\/td>\n<td data-start=\"2025\" data-end=\"2035\" data-col-size=\"md\">RONEER<\/td>\n<\/tr>\n<tr data-start=\"2036\" data-end=\"2100\">\n<td data-start=\"2036\" data-end=\"2055\" data-col-size=\"sm\"><strong data-start=\"2038\" data-end=\"2054\">Produktname<\/strong><\/td>\n<td data-start=\"2055\" data-end=\"2100\" data-col-size=\"md\">Handtaschen-Set (Tote, Umh\u00e4ngetasche &amp; Geldb\u00f6rse)<\/td>\n<\/tr>\n<tr data-start=\"2101\" data-end=\"2130\">\n<td data-start=\"2101\" data-end=\"2117\" data-col-size=\"sm\"><strong data-start=\"2103\" data-end=\"2116\">Modell Nr.<\/strong><\/td>\n<td data-start=\"2117\" data-end=\"2130\" data-col-size=\"md\">2024-02-1<\/td>\n<\/tr>\n<tr data-start=\"2131\" data-end=\"2173\">\n<td data-start=\"2131\" data-end=\"2153\" data-col-size=\"sm\"><strong data-start=\"2133\" data-end=\"2152\">Ort der Herkunft<\/strong><\/td>\n<td data-start=\"2153\" data-end=\"2173\" data-col-size=\"md\">Guangdong, China<\/td>\n<\/tr>\n<tr data-start=\"2174\" data-end=\"2211\">\n<td data-start=\"2174\" data-end=\"2189\" data-col-size=\"sm\"><strong data-start=\"2176\" data-end=\"2188\">Material<\/strong><\/td>\n<td data-start=\"2189\" data-end=\"2211\" data-col-size=\"md\">Hochwertiges PU-Leder<\/td>\n<\/tr>\n<tr data-start=\"2212\" data-end=\"2248\">\n<td data-start=\"2212\" data-end=\"2224\" data-col-size=\"sm\"><strong data-start=\"2214\" data-end=\"2223\">Stil<\/strong><\/td>\n<td data-start=\"2224\" data-end=\"2248\" data-col-size=\"md\">Modisch, Elegant<\/td>\n<\/tr>\n<tr data-start=\"2249\" data-end=\"2277\">\n<td data-start=\"2249\" data-end=\"2261\" data-col-size=\"sm\"><strong data-start=\"2251\" data-end=\"2260\">Farbe<\/strong><\/td>\n<td data-start=\"2261\" data-end=\"2277\" data-col-size=\"md\">Anpassbar<\/td>\n<\/tr>\n<tr data-start=\"2278\" data-end=\"2305\">\n<td data-start=\"2278\" data-end=\"2289\" data-col-size=\"sm\"><strong data-start=\"2280\" data-end=\"2288\">Gr\u00f6\u00dfe<\/strong><\/td>\n<td data-start=\"2289\" data-end=\"2305\" data-col-size=\"md\">Anpassbar<\/td>\n<\/tr>\n<tr data-start=\"2306\" data-end=\"2354\">\n<td data-start=\"2306\" data-end=\"2317\" data-col-size=\"sm\"><strong data-start=\"2308\" data-end=\"2316\">Logo<\/strong><\/td>\n<td data-start=\"2317\" data-end=\"2354\" data-col-size=\"md\">Anpassbar (gepr\u00e4gt\/bedruckt)<\/td>\n<\/tr>\n<tr data-start=\"2355\" data-end=\"2388\">\n<td data-start=\"2355\" data-end=\"2369\" data-col-size=\"sm\"><strong data-start=\"2357\" data-end=\"2368\">Merkmal<\/strong><\/td>\n<td data-start=\"2369\" data-end=\"2388\" data-col-size=\"md\">Wasserbest\u00e4ndig<\/td>\n<\/tr>\n<tr data-start=\"2389\" data-end=\"2411\">\n<td data-start=\"2389\" data-end=\"2399\" data-col-size=\"sm\"><strong data-start=\"2391\" data-end=\"2398\">MOQ<\/strong><\/td>\n<td data-start=\"2399\" data-end=\"2411\" data-col-size=\"md\">300 S\u00e4tze<\/td>\n<\/tr>\n<tr data-start=\"2412\" data-end=\"2461\">\n<td data-start=\"2412\" data-end=\"2430\" data-col-size=\"sm\"><strong data-start=\"2414\" data-end=\"2429\">Anmeldung<\/strong><\/td>\n<td data-start=\"2430\" data-end=\"2461\" data-col-size=\"md\">Reisen, T\u00e4glicher Gebrauch, Einkaufen<\/td>\n<\/tr>\n<\/tbody>\n<\/table>\n<\/div>\n<\/div>\n<h3 data-start=\"2463\" data-end=\"2483\"><strong data-start=\"2467\" data-end=\"2483\">Anwendungen<\/strong><\/h3>\n<p data-start=\"2485\" data-end=\"2585\">Dieses dreiteilige Handtaschenset ist f\u00fcr eine Vielzahl von Anl\u00e4ssen und Umgebungen geeignet:<\/p>\n<ul data-start=\"2586\" data-end=\"3029\">\n<li data-start=\"2586\" data-end=\"2653\">\n<p data-start=\"2588\" data-end=\"2653\"><strong data-start=\"2588\" data-end=\"2603\">Das t\u00e4gliche Leben:<\/strong> Geeignet f\u00fcr die Arbeit, Besorgungen und lockere Ausfl\u00fcge.<\/p>\n<\/li>\n<li data-start=\"2654\" data-end=\"2747\">\n<p data-start=\"2656\" data-end=\"2747\"><strong data-start=\"2656\" data-end=\"2667\">Reisen:<\/strong> Ideal f\u00fcr die Aufbewahrung von Reisedokumenten, Kosmetika und anderen wichtigen Dingen.<\/p>\n<\/li>\n<li data-start=\"2748\" data-end=\"2833\">\n<p data-start=\"2750\" data-end=\"2833\"><strong data-start=\"2750\" data-end=\"2763\">Einkaufen:<\/strong> Ein modischer Begleiter f\u00fcr legere und gehobene Shoppingtouren.<\/p>\n<\/li>\n<li data-start=\"2834\" data-end=\"2919\">\n<p data-start=\"2836\" data-end=\"2919\"><strong data-start=\"2836\" data-end=\"2858\">Firmengeschenke:<\/strong> Kann als Werbeartikel oder Markengeschenk angepasst werden.<\/p>\n<\/li>\n<li data-start=\"2920\" data-end=\"3029\">\n<p data-start=\"2922\" data-end=\"3029\"><strong data-start=\"2922\" data-end=\"2941\">Mode-Einzelhandel:<\/strong> Perfekt f\u00fcr Boutiquen oder Online-Modegesch\u00e4fte, die ihre Produktpalette erweitern m\u00f6chten.<\/p>\n<\/li>\n<\/ul>\n<p data-start=\"3036\" data-end=\"3262\">Wenn Sie sich f\u00fcr dieses Thema interessieren <em data-start=\"3066\" data-end=\"3106\">Elegantes Designer-Handtaschenset f\u00fcr Frauen<\/em>bitte <strong data-start=\"3115\" data-end=\"3141\">Kontaktieren Sie uns f\u00fcr Muster<\/strong>. <strong data-start=\"3143\" data-end=\"3179\">ODM- und OEM-Dienste sind verf\u00fcgbar<\/strong>einschlie\u00dflich Logoanpassung, Farbauswahl und exklusive Verpackungsoptionen.<\/p>","protected":false},"excerpt":{"rendered":"<p>Die <em data-start=\"394\" data-end=\"434\">Elegantes Designer-Handtaschenset f\u00fcr Frauen<\/em> von <strong data-start=\"438\" data-end=\"448\">RONEER<\/strong> wurde entwickelt, um der modernen Frau sowohl Stil als auch Funktionalit\u00e4t zu bieten. Das Set besteht aus <strong data-start=\"548\" data-end=\"576\">drei aufeinander abgestimmte Teile<\/strong> - eine ger\u00e4umige Tote, eine vielseitige Umh\u00e4ngetasche und eine kompakte Geldb\u00f6rse - alle mit viel Liebe zum Detail gefertigt. Jedes Teil wurde aus hochwertigem PU-Leder gefertigt, das f\u00fcr Langlebigkeit und eine weiche, luxuri\u00f6se Textur sorgt. Mit anpassbaren Farben, Logos und Gr\u00f6\u00dfen ist dieses Set auf verschiedene Marken und pers\u00f6nliche Anforderungen zugeschnitten.<\/p>","protected":false},"featured_media":4064,"comment_status":"open","ping_status":"closed","template":"","meta":{"site-sidebar-layout":"default","site-content-layout":"","ast-site-content-layout":"default","site-content-style":"default","site-sidebar-style":"default","ast-global-header-display":"","ast-banner-title-visibility":"","ast-main-header-display":"","ast-hfb-above-header-display":"","ast-hfb-below-header-display":"","ast-hfb-mobile-header-display":"","site-post-title":"","ast-breadcrumbs-content":"","ast-featured-img":"","footer-sml-layout":"","ast-disable-related-posts":"","theme-transparent-header-meta":"default","adv-header-id-meta":"","stick-header-meta":"","header-above-stick-meta":"","header-main-stick-meta":"","header-below-stick-meta":"","astra-migrate-meta-layouts":"set","ast-page-background-enabled":"default","ast-page-background-meta":{"desktop":{"background-color":"var(--ast-global-color-5)","background-image":"","background-repeat":"repeat","background-position":"center center","background-size":"auto","background-attachment":"scroll","background-type":"","background-media":"","overlay-type":"","overlay-color":"","overlay-opacity":"","overlay-gradient":""},"tablet":{"background-color":"","background-image":"","background-repeat":"repeat","background-position":"center center","background-size":"auto","background-attachment":"scroll","background-type":"","background-media":"","overlay-type":"","overlay-color":"","overlay-opacity":"","overlay-gradient":""},"mobile":{"background-color":"","background-image":"","background-repeat":"repeat","background-position":"center center","background-size":"auto","background-attachment":"scroll","background-type":"","background-media":"","overlay-type":"","overlay-color":"","overlay-opacity":"","overlay-gradient":""}},"ast-content-background-meta":{"desktop":{"background-color":"var(--ast-global-color-4)","background-image":"","background-repeat":"repeat","background-position":"center center","background-size":"auto","background-attachment":"scroll","background-type":"","background-media":"","overlay-type":"","overlay-color":"","overlay-opacity":"","overlay-gradient":""},"tablet":{"background-color":"var(--ast-global-color-4)","background-image":"","background-repeat":"repeat","background-position":"center center","background-size":"auto","background-attachment":"scroll","background-type":"","background-media":"","overlay-type":"","overlay-color":"","overlay-opacity":"","overlay-gradient":""},"mobile":{"background-color":"var(--ast-global-color-4)","background-image":"","background-repeat":"repeat","background-position":"center center","background-size":"auto","background-attachment":"scroll","background-type":"","background-media":"","overlay-type":"","overlay-color":"","overlay-opacity":"","overlay-gradient":""}}},"product_brand":[],"product_cat":[42,54],"product_tag":[],"class_list":{"0":"post-4060","1":"product","2":"type-product","3":"status-publish","4":"has-post-thumbnail","6":"product_cat-hand-bag","7":"product_cat-womens-bag","8":"desktop-align-left","9":"tablet-align-left","10":"mobile-align-left","12":"first","13":"instock","14":"shipping-taxable","15":"product-type-simple"},"_links":{"self":[{"href":"https:\/\/baijiabags.com\/de\/wp-json\/wp\/v2\/product\/4060","targetHints":{"allow":["GET"]}}],"collection":[{"href":"https:\/\/baijiabags.com\/de\/wp-json\/wp\/v2\/product"}],"about":[{"href":"https:\/\/baijiabags.com\/de\/wp-json\/wp\/v2\/types\/product"}],"replies":[{"embeddable":true,"href":"https:\/\/baijiabags.com\/de\/wp-json\/wp\/v2\/comments?post=4060"}],"wp:featuredmedia":[{"embeddable":true,"href":"https:\/\/baijiabags.com\/de\/wp-json\/wp\/v2\/media\/4064"}],"wp:attachment":[{"href":"https:\/\/baijiabags.com\/de\/wp-json\/wp\/v2\/media?parent=4060"}],"wp:term":[{"taxonomy":"product_brand","embeddable":true,"href":"https:\/\/baijiabags.com\/de\/wp-json\/wp\/v2\/product_brand?post=4060"},{"taxonomy":"product_cat","embeddable":true,"href":"https:\/\/baijiabags.com\/de\/wp-json\/wp\/v2\/product_cat?post=4060"},{"taxonomy":"product_tag","embeddable":true,"href":"https:\/\/baijiabags.com\/de\/wp-json\/wp\/v2\/product_tag?post=4060"}],"curies":[{"name":"wp","href":"https:\/\/api.w.org\/{rel}","templated":true}]}}