{"id":3664,"date":"2025-10-20T07:35:06","date_gmt":"2025-10-20T07:35:06","guid":{"rendered":"https:\/\/baijiabags.com\/?post_type=product&#038;p=3664"},"modified":"2025-10-20T09:56:06","modified_gmt":"2025-10-20T09:56:06","slug":"wholesale-fashion-short-wallet-card-holder-pu-leather-cute-womens-customizable","status":"publish","type":"product","link":"https:\/\/baijiabags.com\/de\/produkt\/wholesale-fashion-short-wallet-card-holder-pu-leather-cute-womens-customizable\/","title":{"rendered":"Gro\u00dfhandel Mode kurze Brieftasche Karteninhaber PU Leder niedlich Womens anpassbar"},"content":{"rendered":"<h2 data-start=\"661\" data-end=\"676\">Wesentliche Merkmale<\/h2>\n<ol data-start=\"678\" data-end=\"1472\">\n<li data-start=\"678\" data-end=\"776\">\n<p data-start=\"681\" data-end=\"776\"><strong data-start=\"681\" data-end=\"703\">Strapazierf\u00e4higes PU-Leder<\/strong> - Gew\u00e4hrleistet eine lange Nutzungsdauer bei gleichzeitig weichem, modischem Griff.<\/p>\n<\/li>\n<li data-start=\"777\" data-end=\"889\">\n<p data-start=\"780\" data-end=\"889\"><strong data-start=\"780\" data-end=\"798\">Kompakte Bauweise<\/strong> - Dank der geringen Abmessungen von 11,5 cm x 2 cm x 9 cm l\u00e4sst er sich leicht in Taschen oder kleinen Beuteln transportieren.<\/p>\n<\/li>\n<li data-start=\"890\" data-end=\"973\">\n<p data-start=\"893\" data-end=\"973\"><strong data-start=\"893\" data-end=\"914\">Wasserdichtes Finish<\/strong> - Sch\u00fctzt den Inhalt vor Feuchtigkeit und versehentlichem Versch\u00fctten.<\/p>\n<\/li>\n<li data-start=\"974\" data-end=\"1086\">\n<p data-start=\"977\" data-end=\"1086\"><strong data-start=\"977\" data-end=\"1000\">Modisches Muster<\/strong> - Die <strong data-start=\"1007\" data-end=\"1024\">Bonbon-Muster<\/strong> f\u00fcgt einen lustigen und stilvollen Look hinzu, der f\u00fcr Frauen jeden Alters geeignet ist.<\/p>\n<\/li>\n<li data-start=\"1087\" data-end=\"1205\">\n<p data-start=\"1090\" data-end=\"1205\"><strong data-start=\"1090\" data-end=\"1113\">Anpassbare Farben<\/strong> - Bietet Flexibilit\u00e4t bei der Farbauswahl je nach pers\u00f6nlichen Vorlieben oder Markenanforderungen.<\/p>\n<\/li>\n<li data-start=\"1206\" data-end=\"1303\">\n<p data-start=\"1209\" data-end=\"1303\"><strong data-start=\"1209\" data-end=\"1232\">Mehrere Kartenf\u00e4cher<\/strong> - Entwickelt, um Kreditkarten, ID-Karten und Bargeld effizient zu organisieren.<\/p>\n<\/li>\n<li data-start=\"1304\" data-end=\"1384\">\n<p data-start=\"1307\" data-end=\"1384\"><strong data-start=\"1307\" data-end=\"1322\">Leichtgewicht<\/strong> - Leicht zu transportieren, ohne dass die Alltagsgegenst\u00e4nde zu gro\u00df werden.<\/p>\n<\/li>\n<li data-start=\"1385\" data-end=\"1472\">\n<p data-start=\"1388\" data-end=\"1472\"><strong data-start=\"1388\" data-end=\"1414\">F\u00fcr den t\u00e4glichen Gebrauch geeignet<\/strong> - Ideal zum Einkaufen, f\u00fcr die Arbeit, auf Reisen und bei Freizeitausfl\u00fcgen.<\/p>\n<\/li>\n<\/ol>\n<h2 data-start=\"1479\" data-end=\"1496\">Spezifikationen<\/h2>\n<div class=\"_tableContainer_1rjym_1\">\n<div class=\"group _tableWrapper_1rjym_13 flex w-fit flex-col-reverse\" tabindex=\"-1\">\n<table class=\"w-fit min-w-(--thread-content-width)\" data-start=\"1498\" data-end=\"2280\">\n<thead data-start=\"1498\" data-end=\"1553\">\n<tr data-start=\"1498\" data-end=\"1553\">\n<th data-start=\"1498\" data-end=\"1518\" data-col-size=\"sm\">Parameter<\/th>\n<th data-start=\"1518\" data-end=\"1553\" data-col-size=\"sm\">Einzelheiten<\/th>\n<\/tr>\n<\/thead>\n<tbody data-start=\"1608\" data-end=\"2280\">\n<tr data-start=\"1608\" data-end=\"1662\">\n<td data-start=\"1608\" data-end=\"1628\" data-col-size=\"sm\">Produktname<\/td>\n<td data-col-size=\"sm\" data-start=\"1628\" data-end=\"1662\">Brieftasche<\/td>\n<\/tr>\n<tr data-start=\"1663\" data-end=\"1717\">\n<td data-start=\"1663\" data-end=\"1683\" data-col-size=\"sm\">Marke<\/td>\n<td data-col-size=\"sm\" data-start=\"1683\" data-end=\"1717\">RONEER<\/td>\n<\/tr>\n<tr data-start=\"1718\" data-end=\"1772\">\n<td data-start=\"1718\" data-end=\"1738\" data-col-size=\"sm\">Herkunft<\/td>\n<td data-start=\"1738\" data-end=\"1772\" data-col-size=\"sm\">Guangdong, China<\/td>\n<\/tr>\n<tr data-start=\"1773\" data-end=\"1828\">\n<td data-start=\"1773\" data-end=\"1793\" data-col-size=\"sm\">Modell<\/td>\n<td data-start=\"1793\" data-end=\"1828\" data-col-size=\"sm\">GB-4553<\/td>\n<\/tr>\n<tr data-start=\"1829\" data-end=\"1884\">\n<td data-start=\"1829\" data-end=\"1849\" data-col-size=\"sm\">Muster Typ<\/td>\n<td data-start=\"1849\" data-end=\"1884\" data-col-size=\"sm\">S\u00fc\u00dfigkeiten<\/td>\n<\/tr>\n<tr data-start=\"1885\" data-end=\"1940\">\n<td data-start=\"1885\" data-end=\"1905\" data-col-size=\"sm\">Stil<\/td>\n<td data-col-size=\"sm\" data-start=\"1905\" data-end=\"1940\">Mode<\/td>\n<\/tr>\n<tr data-start=\"1941\" data-end=\"1996\">\n<td data-start=\"1941\" data-end=\"1961\" data-col-size=\"sm\">Hauptmaterial<\/td>\n<td data-col-size=\"sm\" data-start=\"1961\" data-end=\"1996\">PU<\/td>\n<\/tr>\n<tr data-start=\"1997\" data-end=\"2052\">\n<td data-start=\"1997\" data-end=\"2017\" data-col-size=\"sm\">Farbe<\/td>\n<td data-col-size=\"sm\" data-start=\"2017\" data-end=\"2052\">Anpassbar<\/td>\n<\/tr>\n<tr data-start=\"2053\" data-end=\"2110\">\n<td data-start=\"2053\" data-end=\"2073\" data-col-size=\"sm\">Gr\u00f6\u00dfe<\/td>\n<td data-col-size=\"sm\" data-start=\"2073\" data-end=\"2110\">11,5cm x 2cm x 9cm (anpassbar)<\/td>\n<\/tr>\n<tr data-start=\"2111\" data-end=\"2166\">\n<td data-start=\"2111\" data-end=\"2131\" data-col-size=\"sm\">Eigenschaften<\/td>\n<td data-col-size=\"sm\" data-start=\"2131\" data-end=\"2166\">Langlebig, wasserdicht<\/td>\n<\/tr>\n<tr data-start=\"2167\" data-end=\"2223\">\n<td data-start=\"2167\" data-end=\"2187\" data-col-size=\"sm\">MOQ<\/td>\n<td data-col-size=\"sm\" data-start=\"2187\" data-end=\"2223\">300 Einheiten<\/td>\n<\/tr>\n<tr data-start=\"2224\" data-end=\"2280\">\n<td data-start=\"2224\" data-end=\"2244\" data-col-size=\"sm\">Anmeldung<\/td>\n<td data-col-size=\"sm\" data-start=\"2244\" data-end=\"2280\">T\u00e4glicher Gebrauch<\/td>\n<\/tr>\n<\/tbody>\n<\/table>\n<\/div>\n<\/div>\n<h2 data-start=\"2287\" data-end=\"2302\">Anwendungen<\/h2>\n<ul data-start=\"2304\" data-end=\"2601\">\n<li data-start=\"2304\" data-end=\"2372\">\n<p data-start=\"2306\" data-end=\"2372\"><strong data-start=\"2306\" data-end=\"2321\">T\u00e4gliche Bef\u00f6rderung<\/strong> - Geeignet f\u00fcr die Aufbewahrung wichtiger Karten und Bargeld.<\/p>\n<\/li>\n<li data-start=\"2373\" data-end=\"2448\">\n<p data-start=\"2375\" data-end=\"2448\"><strong data-start=\"2375\" data-end=\"2385\">Reisen<\/strong> - Die kompakte Gr\u00f6\u00dfe erm\u00f6glicht eine einfache Aufbewahrung in Handtaschen oder Rucks\u00e4cken.<\/p>\n<\/li>\n<li data-start=\"2449\" data-end=\"2526\">\n<p data-start=\"2451\" data-end=\"2526\"><strong data-start=\"2451\" data-end=\"2459\">Arbeit<\/strong> - Zur Aufbewahrung von Visitenkarten, Ausweisen und kleinen pers\u00f6nlichen Gegenst\u00e4nden.<\/p>\n<\/li>\n<li data-start=\"2527\" data-end=\"2601\">\n<p data-start=\"2529\" data-end=\"2601\"><strong data-start=\"2529\" data-end=\"2551\">Einkaufen &amp; Ausfl\u00fcge<\/strong> - Leicht und elegant f\u00fcr die t\u00e4glichen Besorgungen.<\/p>\n<\/li>\n<\/ul>\n<p data-start=\"2608\" data-end=\"2795\">Wenn Sie an dieser Brieftasche interessiert sind, bitten wir Sie <strong data-start=\"2653\" data-end=\"2687\">Kontaktieren Sie uns, um ein Muster anzufordern<\/strong>. RONEER bietet <strong data-start=\"2705\" data-end=\"2727\">ODM- und OEM-Dienstleistungen<\/strong>und erm\u00f6glicht die individuelle Anpassung an Farben, Materialien oder Markenanforderungen.<\/p>","protected":false},"excerpt":{"rendered":"<p>Die <strong data-start=\"121\" data-end=\"167\">Gro\u00dfhandel Mode kurze Brieftasche Karteninhaber<\/strong> von <strong data-start=\"171\" data-end=\"181\">RONEER<\/strong> wurde entwickelt, um Stil und Funktionalit\u00e4t f\u00fcr den t\u00e4glichen Gebrauch zu verbinden. Gefertigt aus hochwertigem <strong data-start=\"272\" data-end=\"286\">PU-Leder<\/strong>bietet diese Brieftasche eine robuste und elegante L\u00f6sung f\u00fcr die Aufbewahrung wichtiger Karten und Bargeld. Erh\u00e4ltlich in einer Reihe von anpassbaren Farben, misst diese kompakte Brieftasche <strong data-start=\"451\" data-end=\"473\">11,5cm x 2cm x 9cm<\/strong> und eignet sich f\u00fcr eine Vielzahl von t\u00e4glichen Anl\u00e4ssen. Sein <strong data-start=\"528\" data-end=\"550\">wasserdichte Eigenschaft<\/strong> sorgt f\u00fcr Zuverl\u00e4ssigkeit in unterschiedlichen Umgebungen und ist damit ein praktisches Accessoire f\u00fcr den modernen Lebensstil.<\/p>","protected":false},"featured_media":3669,"comment_status":"open","ping_status":"closed","template":"","meta":{"site-sidebar-layout":"default","site-content-layout":"","ast-site-content-layout":"default","site-content-style":"default","site-sidebar-style":"default","ast-global-header-display":"","ast-banner-title-visibility":"","ast-main-header-display":"","ast-hfb-above-header-display":"","ast-hfb-below-header-display":"","ast-hfb-mobile-header-display":"","site-post-title":"","ast-breadcrumbs-content":"","ast-featured-img":"","footer-sml-layout":"","ast-disable-related-posts":"","theme-transparent-header-meta":"default","adv-header-id-meta":"","stick-header-meta":"","header-above-stick-meta":"","header-main-stick-meta":"","header-below-stick-meta":"","astra-migrate-meta-layouts":"set","ast-page-background-enabled":"default","ast-page-background-meta":{"desktop":{"background-color":"var(--ast-global-color-5)","background-image":"","background-repeat":"repeat","background-position":"center center","background-size":"auto","background-attachment":"scroll","background-type":"","background-media":"","overlay-type":"","overlay-color":"","overlay-opacity":"","overlay-gradient":""},"tablet":{"background-color":"","background-image":"","background-repeat":"repeat","background-position":"center center","background-size":"auto","background-attachment":"scroll","background-type":"","background-media":"","overlay-type":"","overlay-color":"","overlay-opacity":"","overlay-gradient":""},"mobile":{"background-color":"","background-image":"","background-repeat":"repeat","background-position":"center center","background-size":"auto","background-attachment":"scroll","background-type":"","background-media":"","overlay-type":"","overlay-color":"","overlay-opacity":"","overlay-gradient":""}},"ast-content-background-meta":{"desktop":{"background-color":"var(--ast-global-color-4)","background-image":"","background-repeat":"repeat","background-position":"center center","background-size":"auto","background-attachment":"scroll","background-type":"","background-media":"","overlay-type":"","overlay-color":"","overlay-opacity":"","overlay-gradient":""},"tablet":{"background-color":"var(--ast-global-color-4)","background-image":"","background-repeat":"repeat","background-position":"center center","background-size":"auto","background-attachment":"scroll","background-type":"","background-media":"","overlay-type":"","overlay-color":"","overlay-opacity":"","overlay-gradient":""},"mobile":{"background-color":"var(--ast-global-color-4)","background-image":"","background-repeat":"repeat","background-position":"center center","background-size":"auto","background-attachment":"scroll","background-type":"","background-media":"","overlay-type":"","overlay-color":"","overlay-opacity":"","overlay-gradient":""}}},"product_brand":[],"product_cat":[55],"product_tag":[],"class_list":{"0":"post-3664","1":"product","2":"type-product","3":"status-publish","4":"has-post-thumbnail","6":"product_cat-wallets-card-holder","7":"desktop-align-left","8":"tablet-align-left","9":"mobile-align-left","11":"first","12":"instock","13":"shipping-taxable","14":"product-type-simple"},"_links":{"self":[{"href":"https:\/\/baijiabags.com\/de\/wp-json\/wp\/v2\/product\/3664","targetHints":{"allow":["GET"]}}],"collection":[{"href":"https:\/\/baijiabags.com\/de\/wp-json\/wp\/v2\/product"}],"about":[{"href":"https:\/\/baijiabags.com\/de\/wp-json\/wp\/v2\/types\/product"}],"replies":[{"embeddable":true,"href":"https:\/\/baijiabags.com\/de\/wp-json\/wp\/v2\/comments?post=3664"}],"wp:featuredmedia":[{"embeddable":true,"href":"https:\/\/baijiabags.com\/de\/wp-json\/wp\/v2\/media\/3669"}],"wp:attachment":[{"href":"https:\/\/baijiabags.com\/de\/wp-json\/wp\/v2\/media?parent=3664"}],"wp:term":[{"taxonomy":"product_brand","embeddable":true,"href":"https:\/\/baijiabags.com\/de\/wp-json\/wp\/v2\/product_brand?post=3664"},{"taxonomy":"product_cat","embeddable":true,"href":"https:\/\/baijiabags.com\/de\/wp-json\/wp\/v2\/product_cat?post=3664"},{"taxonomy":"product_tag","embeddable":true,"href":"https:\/\/baijiabags.com\/de\/wp-json\/wp\/v2\/product_tag?post=3664"}],"curies":[{"name":"wp","href":"https:\/\/api.w.org\/{rel}","templated":true}]}}