{"id":3657,"date":"2025-10-20T07:19:34","date_gmt":"2025-10-20T07:19:34","guid":{"rendered":"https:\/\/baijiabags.com\/?post_type=product&#038;p=3657"},"modified":"2025-10-20T07:19:34","modified_gmt":"2025-10-20T07:19:34","slug":"custom-pu-leather-mens-wallet-large-capacity-crocodile-pattern-short-bifold-wallet-low-price","status":"publish","type":"product","link":"https:\/\/baijiabags.com\/de\/produkt\/custom-pu-leather-mens-wallet-large-capacity-crocodile-pattern-short-bifold-wallet-low-price\/","title":{"rendered":"Benutzerdefinierte PU Leder Herren Brieftasche gro\u00dfe Kapazit\u00e4t Krokodil-Muster kurze Bifold Wallet Low Price"},"content":{"rendered":"<h2 data-start=\"605\" data-end=\"622\">Wesentliche Merkmale<\/h2>\n<ol data-start=\"623\" data-end=\"1541\">\n<li data-start=\"623\" data-end=\"728\">\n<p data-start=\"626\" data-end=\"728\"><strong data-start=\"626\" data-end=\"644\">Gro\u00dfe Kapazit\u00e4t<\/strong> - Mehrere F\u00e4cher wurden integriert, um Bargeld, Karten und Ausweise unterzubringen.<\/p>\n<\/li>\n<li data-start=\"729\" data-end=\"858\">\n<p data-start=\"732\" data-end=\"858\"><strong data-start=\"732\" data-end=\"760\">Krokodil-Muster-Design<\/strong> - Ein strukturiertes Krokodilmuster wurde eingepr\u00e4gt, um einen luxuri\u00f6sen und modischen Look zu unterstreichen.<\/p>\n<\/li>\n<li data-start=\"859\" data-end=\"970\">\n<p data-start=\"862\" data-end=\"970\"><strong data-start=\"862\" data-end=\"885\">PU-Leder Material<\/strong> - Es wurde hochwertiges PU-Leder verwendet, das langlebig und pflegeleicht ist.<\/p>\n<\/li>\n<li data-start=\"971\" data-end=\"1103\">\n<p data-start=\"974\" data-end=\"1103\"><strong data-start=\"974\" data-end=\"998\">Kompakter Bifold-Stil<\/strong> - Das Portemonnaie hat eine kurze Bifold-Struktur, so dass es bequem in Taschen oder Beuteln mitgef\u00fchrt werden kann.<\/p>\n<\/li>\n<li data-start=\"1104\" data-end=\"1235\">\n<p data-start=\"1107\" data-end=\"1235\"><strong data-start=\"1107\" data-end=\"1134\">Wasserabweisende Oberfl\u00e4che<\/strong> - Eine wasserfeste Beschichtung sch\u00fctzt das Portemonnaie vor t\u00e4glichen Spritzern und Feuchtigkeit.<\/p>\n<\/li>\n<li data-start=\"1236\" data-end=\"1336\">\n<p data-start=\"1239\" data-end=\"1336\"><strong data-start=\"1239\" data-end=\"1263\">Anpassbare Optionen<\/strong> - Farbe und Gr\u00f6\u00dfe k\u00f6nnen entsprechend den Kundenanforderungen angepasst werden.<\/p>\n<\/li>\n<li data-start=\"1337\" data-end=\"1429\">\n<p data-start=\"1340\" data-end=\"1429\"><strong data-start=\"1340\" data-end=\"1368\">Leichte Konstruktion<\/strong> - Das Portemonnaie wiegt nur 300 g und ist somit leicht zu transportieren.<\/p>\n<\/li>\n<li data-start=\"1430\" data-end=\"1541\">\n<p data-start=\"1433\" data-end=\"1541\"><strong data-start=\"1433\" data-end=\"1454\">OEM- und ODM-Unterst\u00fctzung<\/strong> - Branding, Verpackung und Designanpassung wurden f\u00fcr Gro\u00dfauftr\u00e4ge unterst\u00fctzt.<\/p>\n<\/li>\n<\/ol>\n<h2 data-start=\"1543\" data-end=\"1562\">Spezifikationen<\/h2>\n<div class=\"_tableContainer_1rjym_1\">\n<div class=\"group _tableWrapper_1rjym_13 flex w-fit flex-col-reverse\" tabindex=\"-1\">\n<table class=\"w-fit min-w-(--thread-content-width)\" data-start=\"1564\" data-end=\"2391\">\n<thead data-start=\"1564\" data-end=\"1617\">\n<tr data-start=\"1564\" data-end=\"1617\">\n<th data-start=\"1564\" data-end=\"1584\" data-col-size=\"sm\"><strong data-start=\"1566\" data-end=\"1579\">Parameter<\/strong><\/th>\n<th data-start=\"1584\" data-end=\"1617\" data-col-size=\"sm\"><strong data-start=\"1586\" data-end=\"1597\">Einzelheiten<\/strong><\/th>\n<\/tr>\n<\/thead>\n<tbody data-start=\"1673\" data-end=\"2391\">\n<tr data-start=\"1673\" data-end=\"1727\">\n<td data-start=\"1673\" data-end=\"1694\" data-col-size=\"sm\">Produktname<\/td>\n<td data-col-size=\"sm\" data-start=\"1694\" data-end=\"1727\">Kurze Herren-Brieftasche<\/td>\n<\/tr>\n<tr data-start=\"1728\" data-end=\"1782\">\n<td data-start=\"1728\" data-end=\"1749\" data-col-size=\"sm\">Marke<\/td>\n<td data-col-size=\"sm\" data-start=\"1749\" data-end=\"1782\">RONEER<\/td>\n<\/tr>\n<tr data-start=\"1783\" data-end=\"1837\">\n<td data-start=\"1783\" data-end=\"1804\" data-col-size=\"sm\">Modell<\/td>\n<td data-col-size=\"sm\" data-start=\"1804\" data-end=\"1837\">D3301-11<\/td>\n<\/tr>\n<tr data-start=\"1838\" data-end=\"1892\">\n<td data-start=\"1838\" data-end=\"1859\" data-col-size=\"sm\">Ort der Herkunft<\/td>\n<td data-start=\"1859\" data-end=\"1892\" data-col-size=\"sm\">Guangdong, China<\/td>\n<\/tr>\n<tr data-start=\"1893\" data-end=\"1947\">\n<td data-start=\"1893\" data-end=\"1914\" data-col-size=\"sm\">Stil<\/td>\n<td data-col-size=\"sm\" data-start=\"1914\" data-end=\"1947\">Mode, Jahrgang<\/td>\n<\/tr>\n<tr data-start=\"1948\" data-end=\"2002\">\n<td data-start=\"1948\" data-end=\"1969\" data-col-size=\"sm\">Material<\/td>\n<td data-col-size=\"sm\" data-start=\"1969\" data-end=\"2002\">PU-Leder<\/td>\n<\/tr>\n<tr data-start=\"2003\" data-end=\"2057\">\n<td data-start=\"2003\" data-end=\"2024\" data-col-size=\"sm\">Geschlecht<\/td>\n<td data-col-size=\"sm\" data-start=\"2024\" data-end=\"2057\">M\u00e4nnlich<\/td>\n<\/tr>\n<tr data-start=\"2058\" data-end=\"2112\">\n<td data-start=\"2058\" data-end=\"2079\" data-col-size=\"sm\">Farbe<\/td>\n<td data-start=\"2079\" data-end=\"2112\" data-col-size=\"sm\">Anpassbar<\/td>\n<\/tr>\n<tr data-start=\"2113\" data-end=\"2167\">\n<td data-start=\"2113\" data-end=\"2134\" data-col-size=\"sm\">Gewicht<\/td>\n<td data-start=\"2134\" data-end=\"2167\" data-col-size=\"sm\">300 g<\/td>\n<\/tr>\n<tr data-start=\"2168\" data-end=\"2222\">\n<td data-start=\"2168\" data-end=\"2189\" data-col-size=\"sm\">Gr\u00f6\u00dfe<\/td>\n<td data-start=\"2189\" data-end=\"2222\" data-col-size=\"sm\">11,5 \u00d7 10 \u00d7 2 cm (individuell)<\/td>\n<\/tr>\n<tr data-start=\"2223\" data-end=\"2277\">\n<td data-start=\"2223\" data-end=\"2244\" data-col-size=\"sm\">Eigenschaften<\/td>\n<td data-col-size=\"sm\" data-start=\"2244\" data-end=\"2277\">Langlebig, wasserdicht<\/td>\n<\/tr>\n<tr data-start=\"2278\" data-end=\"2332\">\n<td data-start=\"2278\" data-end=\"2299\" data-col-size=\"sm\">MOQ<\/td>\n<td data-col-size=\"sm\" data-start=\"2299\" data-end=\"2332\">300 St\u00fcck<\/td>\n<\/tr>\n<tr data-start=\"2333\" data-end=\"2391\">\n<td data-start=\"2333\" data-end=\"2354\" data-col-size=\"sm\">Anwendungsbereich<\/td>\n<td data-col-size=\"sm\" data-start=\"2354\" data-end=\"2391\">T\u00e4glicher Gebrauch, Multifunktion, Geschenk<\/td>\n<\/tr>\n<\/tbody>\n<\/table>\n<\/div>\n<\/div>\n<h2 data-start=\"2393\" data-end=\"2410\">Anwendungen<\/h2>\n<ul data-start=\"2411\" data-end=\"2920\">\n<li data-start=\"2411\" data-end=\"2533\">\n<p data-start=\"2413\" data-end=\"2533\"><strong data-start=\"2413\" data-end=\"2431\">T\u00e4gliches Tragen<\/strong> - Das Portemonnaie wurde entwickelt, um die wichtigsten Dinge des Alltags wie Karten, M\u00fcnzen und Geldscheine zu organisieren.<\/p>\n<\/li>\n<li data-start=\"2534\" data-end=\"2643\">\n<p data-start=\"2536\" data-end=\"2643\"><strong data-start=\"2536\" data-end=\"2558\">Multifunktionaler Einsatz<\/strong> - Sie kann als pers\u00f6nliches Accessoire, als modisches Statement oder als praktische Brieftasche verwendet werden.<\/p>\n<\/li>\n<li data-start=\"2644\" data-end=\"2783\">\n<p data-start=\"2646\" data-end=\"2783\"><strong data-start=\"2646\" data-end=\"2661\">Geschenk-Option<\/strong> - Mit ihrem stilvollen Krokodilmuster und den anpassbaren Funktionen ist sie ein beliebtes Geschenk f\u00fcr M\u00e4nner.<\/p>\n<\/li>\n<li data-start=\"2784\" data-end=\"2920\">\n<p data-start=\"2786\" data-end=\"2920\"><strong data-start=\"2786\" data-end=\"2817\">Verwendung f\u00fcr Unternehmen und Werbezwecke<\/strong> - Das Portemonnaie kann mit Firmenlogos versehen und f\u00fcr Werbekampagnen oder Mitarbeitergeschenke verwendet werden.<\/p>\n<\/li>\n<\/ul>\n<p data-start=\"2929\" data-end=\"3136\">Wenn Sie sich f\u00fcr dieses Portemonnaie interessieren, kontaktieren Sie uns bitte, um Muster anzufordern. <strong data-start=\"3005\" data-end=\"3041\">ODM- und OEM-Dienste werden unterst\u00fctzt<\/strong>einschlie\u00dflich kundenspezifischem Branding, Verpackung und Designanpassungen an Ihre Marktbed\u00fcrfnisse.<\/p>","protected":false},"excerpt":{"rendered":"<p>Die <strong data-start=\"176\" data-end=\"210\">Individuelles PU-Leder Portemonnaie f\u00fcr M\u00e4nner<\/strong> von <strong data-start=\"216\" data-end=\"226\">RONEER<\/strong> wurde mit einem gro\u00dfz\u00fcgigen Innenraum und einem unverwechselbaren Krokodilmuster entworfen. Eine stilvolle kurze Bifold-Struktur wurde verwendet und hochwertiges PU-Leder wurde ausgew\u00e4hlt, um Haltbarkeit und Wasserbest\u00e4ndigkeit zu gew\u00e4hrleisten. Das Portemonnaie erf\u00fcllt sowohl modische als auch praktische Anforderungen und eignet sich daher f\u00fcr den t\u00e4glichen Gebrauch, zum Verschenken und f\u00fcr multifunktionale Zwecke.<\/p>","protected":false},"featured_media":3658,"comment_status":"open","ping_status":"closed","template":"","meta":{"site-sidebar-layout":"default","site-content-layout":"","ast-site-content-layout":"default","site-content-style":"default","site-sidebar-style":"default","ast-global-header-display":"","ast-banner-title-visibility":"","ast-main-header-display":"","ast-hfb-above-header-display":"","ast-hfb-below-header-display":"","ast-hfb-mobile-header-display":"","site-post-title":"","ast-breadcrumbs-content":"","ast-featured-img":"","footer-sml-layout":"","ast-disable-related-posts":"","theme-transparent-header-meta":"default","adv-header-id-meta":"","stick-header-meta":"","header-above-stick-meta":"","header-main-stick-meta":"","header-below-stick-meta":"","astra-migrate-meta-layouts":"set","ast-page-background-enabled":"default","ast-page-background-meta":{"desktop":{"background-color":"var(--ast-global-color-5)","background-image":"","background-repeat":"repeat","background-position":"center center","background-size":"auto","background-attachment":"scroll","background-type":"","background-media":"","overlay-type":"","overlay-color":"","overlay-opacity":"","overlay-gradient":""},"tablet":{"background-color":"","background-image":"","background-repeat":"repeat","background-position":"center center","background-size":"auto","background-attachment":"scroll","background-type":"","background-media":"","overlay-type":"","overlay-color":"","overlay-opacity":"","overlay-gradient":""},"mobile":{"background-color":"","background-image":"","background-repeat":"repeat","background-position":"center center","background-size":"auto","background-attachment":"scroll","background-type":"","background-media":"","overlay-type":"","overlay-color":"","overlay-opacity":"","overlay-gradient":""}},"ast-content-background-meta":{"desktop":{"background-color":"var(--ast-global-color-4)","background-image":"","background-repeat":"repeat","background-position":"center center","background-size":"auto","background-attachment":"scroll","background-type":"","background-media":"","overlay-type":"","overlay-color":"","overlay-opacity":"","overlay-gradient":""},"tablet":{"background-color":"var(--ast-global-color-4)","background-image":"","background-repeat":"repeat","background-position":"center center","background-size":"auto","background-attachment":"scroll","background-type":"","background-media":"","overlay-type":"","overlay-color":"","overlay-opacity":"","overlay-gradient":""},"mobile":{"background-color":"var(--ast-global-color-4)","background-image":"","background-repeat":"repeat","background-position":"center center","background-size":"auto","background-attachment":"scroll","background-type":"","background-media":"","overlay-type":"","overlay-color":"","overlay-opacity":"","overlay-gradient":""}}},"product_brand":[],"product_cat":[55],"product_tag":[],"class_list":{"0":"post-3657","1":"product","2":"type-product","3":"status-publish","4":"has-post-thumbnail","6":"product_cat-wallets-card-holder","7":"desktop-align-left","8":"tablet-align-left","9":"mobile-align-left","11":"first","12":"instock","13":"shipping-taxable","14":"product-type-simple"},"_links":{"self":[{"href":"https:\/\/baijiabags.com\/de\/wp-json\/wp\/v2\/product\/3657","targetHints":{"allow":["GET"]}}],"collection":[{"href":"https:\/\/baijiabags.com\/de\/wp-json\/wp\/v2\/product"}],"about":[{"href":"https:\/\/baijiabags.com\/de\/wp-json\/wp\/v2\/types\/product"}],"replies":[{"embeddable":true,"href":"https:\/\/baijiabags.com\/de\/wp-json\/wp\/v2\/comments?post=3657"}],"wp:featuredmedia":[{"embeddable":true,"href":"https:\/\/baijiabags.com\/de\/wp-json\/wp\/v2\/media\/3658"}],"wp:attachment":[{"href":"https:\/\/baijiabags.com\/de\/wp-json\/wp\/v2\/media?parent=3657"}],"wp:term":[{"taxonomy":"product_brand","embeddable":true,"href":"https:\/\/baijiabags.com\/de\/wp-json\/wp\/v2\/product_brand?post=3657"},{"taxonomy":"product_cat","embeddable":true,"href":"https:\/\/baijiabags.com\/de\/wp-json\/wp\/v2\/product_cat?post=3657"},{"taxonomy":"product_tag","embeddable":true,"href":"https:\/\/baijiabags.com\/de\/wp-json\/wp\/v2\/product_tag?post=3657"}],"curies":[{"name":"wp","href":"https:\/\/api.w.org\/{rel}","templated":true}]}}