{"id":3651,"date":"2025-10-20T07:11:13","date_gmt":"2025-10-20T07:11:13","guid":{"rendered":"https:\/\/baijiabags.com\/?post_type=product&#038;p=3651"},"modified":"2025-10-20T09:56:26","modified_gmt":"2025-10-20T09:56:26","slug":"china-factory-minimalist-pu-leather-wallet-with-zipper-rfid-blocking-metal-card-holder-cute-designer-wallet-wholesale","status":"publish","type":"product","link":"https:\/\/baijiabags.com\/de\/produkt\/china-factory-minimalist-pu-leather-wallet-with-zipper-rfid-blocking-metal-card-holder-cute-designer-wallet-wholesale\/","title":{"rendered":"China Factory Minimalist PU Leder Brieftasche mit Rei\u00dfverschluss RFID-Blockierung Metall Kartenhalter niedlich Designer Geldb\u00f6rse Gro\u00dfhandel"},"content":{"rendered":"<h2 data-start=\"1059\" data-end=\"1075\">Wesentliche Merkmale<\/h2>\n<ol data-start=\"1077\" data-end=\"2106\">\n<li data-start=\"1077\" data-end=\"1211\">\n<p data-start=\"1080\" data-end=\"1211\"><strong data-start=\"1080\" data-end=\"1101\">Minimalistisches Design<\/strong> - Das Portemonnaie hat eine schlanke, leichte Struktur, so dass es leicht in Taschen oder Beuteln getragen werden kann.<\/p>\n<\/li>\n<li data-start=\"1212\" data-end=\"1350\">\n<p data-start=\"1215\" data-end=\"1350\"><strong data-start=\"1215\" data-end=\"1242\">Hochwertiges PU-Leder<\/strong> - Strapazierf\u00e4higes und umweltfreundliches PU-Leder wurde ausgew\u00e4hlt, um eine glatte Textur und eine lange Nutzungsdauer zu gew\u00e4hrleisten.<\/p>\n<\/li>\n<li data-start=\"1351\" data-end=\"1466\">\n<p data-start=\"1354\" data-end=\"1466\"><strong data-start=\"1354\" data-end=\"1382\">RFID-Sperrtechnik<\/strong> - Zum Schutz der auf den Karten gespeicherten pers\u00f6nlichen Daten wird ein fortschrittlicher RFID-Schutz eingesetzt.<\/p>\n<\/li>\n<li data-start=\"1467\" data-end=\"1577\">\n<p data-start=\"1470\" data-end=\"1577\"><strong data-start=\"1470\" data-end=\"1495\">Sicherer Rei\u00dfverschluss<\/strong> - Zum Schutz von M\u00fcnzen, Bargeld und anderen wichtigen Dingen wurde ein zuverl\u00e4ssiger Rei\u00dfverschluss verwendet.<\/p>\n<\/li>\n<li data-start=\"1578\" data-end=\"1696\">\n<p data-start=\"1581\" data-end=\"1696\"><strong data-start=\"1581\" data-end=\"1605\">Anpassbare Optionen<\/strong> - Gr\u00f6\u00dfen und Farben k\u00f6nnen auf die spezifischen Anforderungen von Markenartiklern und Gro\u00dfh\u00e4ndlern zugeschnitten werden.<\/p>\n<\/li>\n<li data-start=\"1697\" data-end=\"1815\">\n<p data-start=\"1700\" data-end=\"1815\"><strong data-start=\"1700\" data-end=\"1722\">Stilvolle Dekoration<\/strong> - Kreuz und quer verlaufende Muster und Stickereien sorgen f\u00fcr ein modisches Aussehen.<\/p>\n<\/li>\n<li data-start=\"1816\" data-end=\"1943\">\n<p data-start=\"1819\" data-end=\"1943\"><strong data-start=\"1819\" data-end=\"1841\">Wasserdichtes Merkmal<\/strong> - Eine wasserabweisende Beschichtung sorgt daf\u00fcr, dass das Portemonnaie auch im Alltag praktisch bleibt.<\/p>\n<\/li>\n<li data-start=\"1944\" data-end=\"2106\">\n<p data-start=\"1947\" data-end=\"2106\"><strong data-start=\"1947\" data-end=\"1973\">Verf\u00fcgbarkeit im Gro\u00dfhandel<\/strong> - Mit einer Mindestbestellmenge (MOQ) von 300 St\u00fcck ist das Produkt f\u00fcr den Gro\u00dfeinkauf durch Distributoren und Einzelh\u00e4ndler vorbereitet.<\/p>\n<\/li>\n<\/ol>\n<h2 data-start=\"2113\" data-end=\"2131\">Spezifikationen<\/h2>\n<div class=\"_tableContainer_1rjym_1\">\n<div class=\"group _tableWrapper_1rjym_13 flex w-fit flex-col-reverse\" tabindex=\"-1\">\n<table class=\"w-fit min-w-(--thread-content-width)\" data-start=\"2133\" data-end=\"2838\">\n<thead data-start=\"2133\" data-end=\"2170\">\n<tr data-start=\"2133\" data-end=\"2170\">\n<th data-start=\"2133\" data-end=\"2155\" data-col-size=\"sm\"><strong data-start=\"2135\" data-end=\"2143\">Artikel<\/strong><\/th>\n<th data-start=\"2155\" data-end=\"2170\" data-col-size=\"md\"><strong data-start=\"2157\" data-end=\"2168\">Einzelheiten<\/strong><\/th>\n<\/tr>\n<\/thead>\n<tbody data-start=\"2210\" data-end=\"2838\">\n<tr data-start=\"2210\" data-end=\"2309\">\n<td data-start=\"2210\" data-end=\"2233\" data-col-size=\"sm\">Produktname<\/td>\n<td data-col-size=\"md\" data-start=\"2233\" data-end=\"2309\">Minimalistisches Portemonnaie aus PU-Leder mit Rei\u00dfverschluss und RFID-Sperre aus Metall<\/td>\n<\/tr>\n<tr data-start=\"2310\" data-end=\"2343\">\n<td data-start=\"2310\" data-end=\"2333\" data-col-size=\"sm\">Marke<\/td>\n<td data-col-size=\"md\" data-start=\"2333\" data-end=\"2343\">RONEER<\/td>\n<\/tr>\n<tr data-start=\"2344\" data-end=\"2378\">\n<td data-start=\"2344\" data-end=\"2367\" data-col-size=\"sm\">Modell<\/td>\n<td data-start=\"2367\" data-end=\"2378\" data-col-size=\"md\">EBW1467<\/td>\n<\/tr>\n<tr data-start=\"2379\" data-end=\"2422\">\n<td data-start=\"2379\" data-end=\"2402\" data-col-size=\"sm\">Herkunft<\/td>\n<td data-start=\"2402\" data-end=\"2422\" data-col-size=\"md\">Guangdong, China<\/td>\n<\/tr>\n<tr data-start=\"2423\" data-end=\"2457\">\n<td data-start=\"2423\" data-end=\"2446\" data-col-size=\"sm\">Stil<\/td>\n<td data-start=\"2446\" data-end=\"2457\" data-col-size=\"md\">Mode<\/td>\n<\/tr>\n<tr data-start=\"2458\" data-end=\"2495\">\n<td data-start=\"2458\" data-end=\"2481\" data-col-size=\"sm\">Hauptmaterial<\/td>\n<td data-col-size=\"md\" data-start=\"2481\" data-end=\"2495\">PU-Leder<\/td>\n<\/tr>\n<tr data-start=\"2496\" data-end=\"2546\">\n<td data-start=\"2496\" data-end=\"2519\" data-col-size=\"sm\">Dekoration<\/td>\n<td data-col-size=\"md\" data-start=\"2519\" data-end=\"2546\">Kreuz und quer, Stickerei<\/td>\n<\/tr>\n<tr data-start=\"2547\" data-end=\"2586\">\n<td data-start=\"2547\" data-end=\"2570\" data-col-size=\"sm\">Gr\u00f6\u00dfe<\/td>\n<td data-col-size=\"md\" data-start=\"2570\" data-end=\"2586\">Anpassbar<\/td>\n<\/tr>\n<tr data-start=\"2587\" data-end=\"2626\">\n<td data-start=\"2587\" data-end=\"2610\" data-col-size=\"sm\">Farbe<\/td>\n<td data-col-size=\"md\" data-start=\"2610\" data-end=\"2626\">Anpassbar<\/td>\n<\/tr>\n<tr data-start=\"2627\" data-end=\"2660\">\n<td data-start=\"2627\" data-end=\"2650\" data-col-size=\"sm\">Verschlussart<\/td>\n<td data-start=\"2650\" data-end=\"2660\" data-col-size=\"md\">Rei\u00dfverschluss<\/td>\n<\/tr>\n<tr data-start=\"2661\" data-end=\"2701\">\n<td data-start=\"2661\" data-end=\"2684\" data-col-size=\"sm\">Technologie<\/td>\n<td data-start=\"2684\" data-end=\"2701\" data-col-size=\"md\">RFID-Sperrung<\/td>\n<\/tr>\n<tr data-start=\"2702\" data-end=\"2748\">\n<td data-start=\"2702\" data-end=\"2725\" data-col-size=\"sm\">Merkmal<\/td>\n<td data-start=\"2725\" data-end=\"2748\" data-col-size=\"md\">Langlebig, wasserdicht<\/td>\n<\/tr>\n<tr data-start=\"2749\" data-end=\"2779\">\n<td data-start=\"2749\" data-end=\"2772\" data-col-size=\"sm\">MOQ<\/td>\n<td data-start=\"2772\" data-end=\"2779\" data-col-size=\"md\">300<\/td>\n<\/tr>\n<tr data-start=\"2780\" data-end=\"2838\">\n<td data-start=\"2780\" data-end=\"2803\" data-col-size=\"sm\">Anmeldung<\/td>\n<td data-start=\"2803\" data-end=\"2838\" data-col-size=\"md\">T\u00e4glicher Gebrauch, Multifunktional, Geschenk<\/td>\n<\/tr>\n<\/tbody>\n<\/table>\n<\/div>\n<\/div>\n<h2 data-start=\"2845\" data-end=\"2861\">Anwendungen<\/h2>\n<ul data-start=\"2863\" data-end=\"3400\">\n<li data-start=\"2863\" data-end=\"2951\">\n<p data-start=\"2865\" data-end=\"2951\"><strong data-start=\"2865\" data-end=\"2878\">T\u00e4glicher Gebrauch<\/strong> - Entwickelt f\u00fcr das t\u00e4gliche Mitf\u00fchren von Bargeld, Karten und anderen Kleinigkeiten.<\/p>\n<\/li>\n<li data-start=\"2952\" data-end=\"3066\">\n<p data-start=\"2954\" data-end=\"3066\"><strong data-start=\"2954\" data-end=\"2975\">Business &amp; Reisen<\/strong> - Erweitert mit RFID-Schutz, so dass er f\u00fcr berufliche Zwecke oder auf Reisen geeignet ist.<\/p>\n<\/li>\n<li data-start=\"3067\" data-end=\"3181\">\n<p data-start=\"3069\" data-end=\"3181\"><strong data-start=\"3069\" data-end=\"3090\">Mode-Accessoire<\/strong> - Dank der dekorativen Elemente kann er als stilvolles Accessoire f\u00fcr M\u00e4nner und Frauen verwendet werden.<\/p>\n<\/li>\n<li data-start=\"3182\" data-end=\"3289\">\n<p data-start=\"3184\" data-end=\"3289\"><strong data-start=\"3184\" data-end=\"3199\">Geschenk-Option<\/strong> - Geeignet als praktisches und elegantes Geschenk f\u00fcr Freunde, Kollegen und Familienmitglieder.<\/p>\n<\/li>\n<li data-start=\"3290\" data-end=\"3400\">\n<p data-start=\"3292\" data-end=\"3400\"><strong data-start=\"3292\" data-end=\"3314\">Gro\u00dfhandel &amp; Einzelhandel<\/strong> - Ideal f\u00fcr Modegesch\u00e4fte, Geschenkel\u00e4den und Online-H\u00e4ndler, die gro\u00dfe Mengen ben\u00f6tigen.<\/p>\n<\/li>\n<\/ul>\n<p data-start=\"3407\" data-end=\"3581\">Wenn Sie an dieser Brieftasche interessiert sind, wenden Sie sich bitte an <strong data-start=\"3465\" data-end=\"3491\">Kontaktieren Sie uns f\u00fcr Muster<\/strong>. <strong data-start=\"3493\" data-end=\"3529\">ODM- und OEM-Dienste sind verf\u00fcgbar<\/strong> um Ihre Anforderungen an Branding und Anpassung zu unterst\u00fctzen.<\/p>","protected":false},"excerpt":{"rendered":"<p>Die <strong data-start=\"352\" data-end=\"432\">Minimalistisches Portemonnaie aus PU-Leder mit Rei\u00dfverschluss und RFID-Sperre f\u00fcr Kartenhalter aus Metall<\/strong> wird hergestellt von <strong data-start=\"452\" data-end=\"462\">RONEER<\/strong> in Guangdong, China. Das Portemonnaie wurde in einem modernen und modischen Stil entworfen und ist aus hochwertigem <strong data-start=\"570\" data-end=\"584\">PU-Leder<\/strong> und wird erg\u00e4nzt durch <strong data-start=\"606\" data-end=\"648\">Kreuz- und Stickereiverzierungen<\/strong>. Es wurde ein kompaktes Design gew\u00e4hlt, w\u00e4hrend die Anpassungsoptionen in <strong data-start=\"716\" data-end=\"734\">Gr\u00f6\u00dfe und Farbe<\/strong> werden angeboten, um unterschiedlichen Marktanforderungen gerecht zu werden.<\/p>","protected":false},"featured_media":3656,"comment_status":"open","ping_status":"closed","template":"","meta":{"site-sidebar-layout":"default","site-content-layout":"","ast-site-content-layout":"default","site-content-style":"default","site-sidebar-style":"default","ast-global-header-display":"","ast-banner-title-visibility":"","ast-main-header-display":"","ast-hfb-above-header-display":"","ast-hfb-below-header-display":"","ast-hfb-mobile-header-display":"","site-post-title":"","ast-breadcrumbs-content":"","ast-featured-img":"","footer-sml-layout":"","ast-disable-related-posts":"","theme-transparent-header-meta":"default","adv-header-id-meta":"","stick-header-meta":"","header-above-stick-meta":"","header-main-stick-meta":"","header-below-stick-meta":"","astra-migrate-meta-layouts":"set","ast-page-background-enabled":"default","ast-page-background-meta":{"desktop":{"background-color":"var(--ast-global-color-5)","background-image":"","background-repeat":"repeat","background-position":"center center","background-size":"auto","background-attachment":"scroll","background-type":"","background-media":"","overlay-type":"","overlay-color":"","overlay-opacity":"","overlay-gradient":""},"tablet":{"background-color":"","background-image":"","background-repeat":"repeat","background-position":"center center","background-size":"auto","background-attachment":"scroll","background-type":"","background-media":"","overlay-type":"","overlay-color":"","overlay-opacity":"","overlay-gradient":""},"mobile":{"background-color":"","background-image":"","background-repeat":"repeat","background-position":"center center","background-size":"auto","background-attachment":"scroll","background-type":"","background-media":"","overlay-type":"","overlay-color":"","overlay-opacity":"","overlay-gradient":""}},"ast-content-background-meta":{"desktop":{"background-color":"var(--ast-global-color-4)","background-image":"","background-repeat":"repeat","background-position":"center center","background-size":"auto","background-attachment":"scroll","background-type":"","background-media":"","overlay-type":"","overlay-color":"","overlay-opacity":"","overlay-gradient":""},"tablet":{"background-color":"var(--ast-global-color-4)","background-image":"","background-repeat":"repeat","background-position":"center center","background-size":"auto","background-attachment":"scroll","background-type":"","background-media":"","overlay-type":"","overlay-color":"","overlay-opacity":"","overlay-gradient":""},"mobile":{"background-color":"var(--ast-global-color-4)","background-image":"","background-repeat":"repeat","background-position":"center center","background-size":"auto","background-attachment":"scroll","background-type":"","background-media":"","overlay-type":"","overlay-color":"","overlay-opacity":"","overlay-gradient":""}}},"product_brand":[],"product_cat":[55],"product_tag":[],"class_list":{"0":"post-3651","1":"product","2":"type-product","3":"status-publish","4":"has-post-thumbnail","6":"product_cat-wallets-card-holder","7":"desktop-align-left","8":"tablet-align-left","9":"mobile-align-left","11":"first","12":"instock","13":"shipping-taxable","14":"product-type-simple"},"_links":{"self":[{"href":"https:\/\/baijiabags.com\/de\/wp-json\/wp\/v2\/product\/3651","targetHints":{"allow":["GET"]}}],"collection":[{"href":"https:\/\/baijiabags.com\/de\/wp-json\/wp\/v2\/product"}],"about":[{"href":"https:\/\/baijiabags.com\/de\/wp-json\/wp\/v2\/types\/product"}],"replies":[{"embeddable":true,"href":"https:\/\/baijiabags.com\/de\/wp-json\/wp\/v2\/comments?post=3651"}],"wp:featuredmedia":[{"embeddable":true,"href":"https:\/\/baijiabags.com\/de\/wp-json\/wp\/v2\/media\/3656"}],"wp:attachment":[{"href":"https:\/\/baijiabags.com\/de\/wp-json\/wp\/v2\/media?parent=3651"}],"wp:term":[{"taxonomy":"product_brand","embeddable":true,"href":"https:\/\/baijiabags.com\/de\/wp-json\/wp\/v2\/product_brand?post=3651"},{"taxonomy":"product_cat","embeddable":true,"href":"https:\/\/baijiabags.com\/de\/wp-json\/wp\/v2\/product_cat?post=3651"},{"taxonomy":"product_tag","embeddable":true,"href":"https:\/\/baijiabags.com\/de\/wp-json\/wp\/v2\/product_tag?post=3651"}],"curies":[{"name":"wp","href":"https:\/\/api.w.org\/{rel}","templated":true}]}}