{"id":3643,"date":"2025-10-20T06:51:36","date_gmt":"2025-10-20T06:51:36","guid":{"rendered":"https:\/\/baijiabags.com\/?post_type=product&#038;p=3643"},"modified":"2025-10-20T09:56:13","modified_gmt":"2025-10-20T09:56:13","slug":"new-luxury-womens-pu-leather-phone-wallet-card-holder-purse-custom-logo","status":"publish","type":"product","link":"https:\/\/baijiabags.com\/de\/produkt\/new-luxury-womens-pu-leather-phone-wallet-card-holder-purse-custom-logo\/","title":{"rendered":"Neue Luxus Frauen PU Leder Telefon Brieftasche Karteninhaber Geldb\u00f6rse benutzerdefinierte Logo"},"content":{"rendered":"<h2 data-start=\"882\" data-end=\"898\">Wesentliche Merkmale<\/h2>\n<ol data-start=\"900\" data-end=\"1948\">\n<li data-start=\"900\" data-end=\"1035\">\n<p data-start=\"903\" data-end=\"1035\"><strong data-start=\"903\" data-end=\"923\">Hochwertiges Material:<\/strong>Hochwertiges PU-Leder wurde ausgew\u00e4hlt, um Kratzfestigkeit und Langlebigkeit zu gew\u00e4hrleisten.<\/p>\n<\/li>\n<li data-start=\"1037\" data-end=\"1169\">\n<p data-start=\"1040\" data-end=\"1169\"><strong data-start=\"1040\" data-end=\"1063\">Wasserdicht Funktion:<\/strong>Eine wasserfeste Beschichtung sch\u00fctzt die Gegenst\u00e4nde vor versehentlichem Versch\u00fctten und leichtem Regen.<\/p>\n<\/li>\n<li data-start=\"1171\" data-end=\"1302\">\n<p data-start=\"1174\" data-end=\"1302\"><strong data-start=\"1174\" data-end=\"1197\">Kundenspezifischer Logo-Service:<\/strong>Die Anforderungen an das Branding k\u00f6nnen durch die Anpassung des Logos sowohl f\u00fcr pers\u00f6nliche als auch f\u00fcr gesch\u00e4ftliche Zwecke erf\u00fcllt werden.<\/p>\n<\/li>\n<li data-start=\"1304\" data-end=\"1449\">\n<p data-start=\"1307\" data-end=\"1449\"><strong data-start=\"1307\" data-end=\"1336\">Kompaktes und ger\u00e4umiges Design:<\/strong>Das Design wurde so gestaltet, dass es kompakt bleibt und dennoch gen\u00fcgend Platz f\u00fcr Karten, Telefon und Bargeld bietet.<\/p>\n<\/li>\n<li data-start=\"1451\" data-end=\"1562\">\n<p data-start=\"1454\" data-end=\"1562\"><strong data-start=\"1454\" data-end=\"1472\">Sicherer Verschluss:<\/strong>Ein verst\u00e4rkter Rei\u00dfverschluss und ein Schnappverschluss sorgen f\u00fcr die Sicherheit von Wertsachen.<\/p>\n<\/li>\n<li data-start=\"1564\" data-end=\"1693\">\n<p data-start=\"1567\" data-end=\"1693\"><strong data-start=\"1567\" data-end=\"1593\">Vielseitige Anwendungen:<\/strong>Das Portemonnaie ist ideal f\u00fcr Meetings, das t\u00e4gliche Pendeln, Einkaufen oder Reisen.<\/p>\n<\/li>\n<li data-start=\"1695\" data-end=\"1816\">\n<p data-start=\"1698\" data-end=\"1816\"><strong data-start=\"1698\" data-end=\"1724\">Modisches Erscheinungsbild:<\/strong>Das schicke und elegante Design passt zu den Lifestyle-Trends der modernen Frau.<\/p>\n<\/li>\n<li data-start=\"1818\" data-end=\"1948\">\n<p data-start=\"1821\" data-end=\"1948\"><strong data-start=\"1821\" data-end=\"1852\">ODM- und OEM-Service wird unterst\u00fctzt:<\/strong>Die Produktanpassung wurde f\u00fcr Unternehmen unterst\u00fctzt, um spezifische Marktanforderungen zu erf\u00fcllen.<\/p>\n<\/li>\n<\/ol>\n<h2 data-start=\"1955\" data-end=\"1973\">Spezifikationen<\/h2>\n<div class=\"_tableContainer_1rjym_1\">\n<div class=\"group _tableWrapper_1rjym_13 flex w-fit flex-col-reverse\" tabindex=\"-1\">\n<table class=\"w-fit min-w-(--thread-content-width)\" data-start=\"1975\" data-end=\"2781\">\n<thead data-start=\"1975\" data-end=\"2035\">\n<tr data-start=\"1975\" data-end=\"2035\">\n<th data-start=\"1975\" data-end=\"1998\" data-col-size=\"sm\"><strong data-start=\"1977\" data-end=\"1990\">Parameter<\/strong><\/th>\n<th data-start=\"1998\" data-end=\"2035\" data-col-size=\"sm\"><strong data-start=\"2000\" data-end=\"2011\">Einzelheiten<\/strong><\/th>\n<\/tr>\n<\/thead>\n<tbody data-start=\"2099\" data-end=\"2781\">\n<tr data-start=\"2099\" data-end=\"2161\">\n<td data-start=\"2099\" data-end=\"2123\" data-col-size=\"sm\">Produktname<\/td>\n<td data-col-size=\"sm\" data-start=\"2123\" data-end=\"2161\">Frauen Telefon Geldb\u00f6rse Geldb\u00f6rse<\/td>\n<\/tr>\n<tr data-start=\"2162\" data-end=\"2223\">\n<td data-start=\"2162\" data-end=\"2186\" data-col-size=\"sm\">Marke<\/td>\n<td data-start=\"2186\" data-end=\"2223\" data-col-size=\"sm\">RONEER<\/td>\n<\/tr>\n<tr data-start=\"2224\" data-end=\"2285\">\n<td data-start=\"2224\" data-end=\"2248\" data-col-size=\"sm\">Modellnummer<\/td>\n<td data-start=\"2248\" data-end=\"2285\" data-col-size=\"sm\">AL-2649<\/td>\n<\/tr>\n<tr data-start=\"2286\" data-end=\"2347\">\n<td data-start=\"2286\" data-end=\"2310\" data-col-size=\"sm\">Herkunft<\/td>\n<td data-start=\"2310\" data-end=\"2347\" data-col-size=\"sm\">Guangdong, China<\/td>\n<\/tr>\n<tr data-start=\"2348\" data-end=\"2409\">\n<td data-start=\"2348\" data-end=\"2372\" data-col-size=\"sm\">Stil<\/td>\n<td data-col-size=\"sm\" data-start=\"2372\" data-end=\"2409\">Mode<\/td>\n<\/tr>\n<tr data-start=\"2410\" data-end=\"2471\">\n<td data-start=\"2410\" data-end=\"2434\" data-col-size=\"sm\">Material<\/td>\n<td data-col-size=\"sm\" data-start=\"2434\" data-end=\"2471\">PU-Leder<\/td>\n<\/tr>\n<tr data-start=\"2472\" data-end=\"2533\">\n<td data-start=\"2472\" data-end=\"2496\" data-col-size=\"sm\">Gr\u00f6\u00dfe<\/td>\n<td data-col-size=\"sm\" data-start=\"2496\" data-end=\"2533\">Anpassbar<\/td>\n<\/tr>\n<tr data-start=\"2534\" data-end=\"2595\">\n<td data-start=\"2534\" data-end=\"2558\" data-col-size=\"sm\">Farbe<\/td>\n<td data-col-size=\"sm\" data-start=\"2558\" data-end=\"2595\">Anpassbar<\/td>\n<\/tr>\n<tr data-start=\"2596\" data-end=\"2657\">\n<td data-start=\"2596\" data-end=\"2620\" data-col-size=\"sm\">Merkmal<\/td>\n<td data-col-size=\"sm\" data-start=\"2620\" data-end=\"2657\">Langlebig, wasserdicht<\/td>\n<\/tr>\n<tr data-start=\"2658\" data-end=\"2719\">\n<td data-start=\"2658\" data-end=\"2682\" data-col-size=\"sm\">MOQ<\/td>\n<td data-col-size=\"sm\" data-start=\"2682\" data-end=\"2719\">300 St\u00fcck<\/td>\n<\/tr>\n<tr data-start=\"2720\" data-end=\"2781\">\n<td data-start=\"2720\" data-end=\"2744\" data-col-size=\"sm\">Anwendungsbereich<\/td>\n<td data-col-size=\"sm\" data-start=\"2744\" data-end=\"2781\">Meeting, Kartenhalter, Reisen<\/td>\n<\/tr>\n<\/tbody>\n<\/table>\n<\/div>\n<\/div>\n<h2 data-start=\"2788\" data-end=\"2804\">Anwendungen<\/h2>\n<ul data-start=\"2806\" data-end=\"3253\">\n<li data-start=\"2806\" data-end=\"2923\">\n<p data-start=\"2808\" data-end=\"2923\">Das Portemonnaie ist so konzipiert, dass es zu folgenden Anl\u00e4ssen getragen werden kann <strong data-start=\"2860\" data-end=\"2881\">Gesch\u00e4ftstreffen<\/strong>wo ein professionelles Image gew\u00fcnscht wird.<\/p>\n<\/li>\n<li data-start=\"2924\" data-end=\"3032\">\n<p data-start=\"2926\" data-end=\"3032\">Sie wurde erstellt f\u00fcr <strong data-start=\"2950\" data-end=\"2969\">t\u00e4gliches Pendeln<\/strong>So lassen sich Telefone und wichtige Utensilien effizient organisieren.<\/p>\n<\/li>\n<li data-start=\"3033\" data-end=\"3129\">\n<p data-start=\"3035\" data-end=\"3129\">Es kann verwendet werden f\u00fcr <strong data-start=\"3054\" data-end=\"3085\">Einkaufen oder Freizeitausfl\u00fcge<\/strong>, wo kompakte Gr\u00f6\u00dfe und Stil gesch\u00e4tzt werden.<\/p>\n<\/li>\n<li data-start=\"3130\" data-end=\"3253\">\n<p data-start=\"3132\" data-end=\"3253\">Es ist geeignet f\u00fcr <strong data-start=\"3162\" data-end=\"3172\">Reisen<\/strong>und hilft den Benutzern, P\u00e4sse, Bordkarten und Ausweise an einem sicheren Ort aufzubewahren.<\/p>\n<\/li>\n<\/ul>\n<p data-start=\"3260\" data-end=\"3432\">Wenn Sie an dieser Geldb\u00f6rse interessiert sind, k\u00f6nnen Sie uns gerne kontaktieren und Muster anfordern. <strong data-start=\"3355\" data-end=\"3391\">ODM- und OEM-Dienste sind verf\u00fcgbar<\/strong> um Ihre gesch\u00e4ftlichen Anforderungen zu unterst\u00fctzen.<\/p>","protected":false},"excerpt":{"rendered":"<p>Die <strong data-start=\"301\" data-end=\"365\">Neue Luxus Frauen PU Leder Telefon Brieftasche Karteninhaber Geldb\u00f6rse<\/strong> von <strong data-start=\"369\" data-end=\"379\">RONEER<\/strong> wurde mit einer Kombination aus Mode und Zweckm\u00e4\u00dfigkeit entworfen. Eine raffinierte Struktur wurde gew\u00e4hlt, um sicherzustellen, dass wichtige Gegenst\u00e4nde wie Smartphones, Bankkarten, Ausweise und Bargeld bequem transportiert werden k\u00f6nnen. Das Portemonnaie wurde aus folgenden Materialien hergestellt <strong data-start=\"645\" data-end=\"667\">strapazierf\u00e4higes PU-Leder<\/strong>und eine <strong data-start=\"675\" data-end=\"698\">kundenspezifischer Logo-Service<\/strong> wurde f\u00fcr Branding-Anforderungen zur Verf\u00fcgung gestellt. Sein modisches Aussehen wird durch anpassbare Farben und Gr\u00f6\u00dfen erg\u00e4nzt, wodurch er sich f\u00fcr eine Vielzahl von Anl\u00e4ssen eignet.<\/p>","protected":false},"featured_media":3647,"comment_status":"open","ping_status":"closed","template":"","meta":{"site-sidebar-layout":"default","site-content-layout":"","ast-site-content-layout":"default","site-content-style":"default","site-sidebar-style":"default","ast-global-header-display":"","ast-banner-title-visibility":"","ast-main-header-display":"","ast-hfb-above-header-display":"","ast-hfb-below-header-display":"","ast-hfb-mobile-header-display":"","site-post-title":"","ast-breadcrumbs-content":"","ast-featured-img":"","footer-sml-layout":"","ast-disable-related-posts":"","theme-transparent-header-meta":"default","adv-header-id-meta":"","stick-header-meta":"","header-above-stick-meta":"","header-main-stick-meta":"","header-below-stick-meta":"","astra-migrate-meta-layouts":"set","ast-page-background-enabled":"default","ast-page-background-meta":{"desktop":{"background-color":"var(--ast-global-color-5)","background-image":"","background-repeat":"repeat","background-position":"center center","background-size":"auto","background-attachment":"scroll","background-type":"","background-media":"","overlay-type":"","overlay-color":"","overlay-opacity":"","overlay-gradient":""},"tablet":{"background-color":"","background-image":"","background-repeat":"repeat","background-position":"center center","background-size":"auto","background-attachment":"scroll","background-type":"","background-media":"","overlay-type":"","overlay-color":"","overlay-opacity":"","overlay-gradient":""},"mobile":{"background-color":"","background-image":"","background-repeat":"repeat","background-position":"center center","background-size":"auto","background-attachment":"scroll","background-type":"","background-media":"","overlay-type":"","overlay-color":"","overlay-opacity":"","overlay-gradient":""}},"ast-content-background-meta":{"desktop":{"background-color":"var(--ast-global-color-4)","background-image":"","background-repeat":"repeat","background-position":"center center","background-size":"auto","background-attachment":"scroll","background-type":"","background-media":"","overlay-type":"","overlay-color":"","overlay-opacity":"","overlay-gradient":""},"tablet":{"background-color":"var(--ast-global-color-4)","background-image":"","background-repeat":"repeat","background-position":"center center","background-size":"auto","background-attachment":"scroll","background-type":"","background-media":"","overlay-type":"","overlay-color":"","overlay-opacity":"","overlay-gradient":""},"mobile":{"background-color":"var(--ast-global-color-4)","background-image":"","background-repeat":"repeat","background-position":"center center","background-size":"auto","background-attachment":"scroll","background-type":"","background-media":"","overlay-type":"","overlay-color":"","overlay-opacity":"","overlay-gradient":""}}},"product_brand":[],"product_cat":[55],"product_tag":[],"class_list":{"0":"post-3643","1":"product","2":"type-product","3":"status-publish","4":"has-post-thumbnail","6":"product_cat-wallets-card-holder","7":"desktop-align-left","8":"tablet-align-left","9":"mobile-align-left","11":"first","12":"instock","13":"shipping-taxable","14":"product-type-simple"},"_links":{"self":[{"href":"https:\/\/baijiabags.com\/de\/wp-json\/wp\/v2\/product\/3643","targetHints":{"allow":["GET"]}}],"collection":[{"href":"https:\/\/baijiabags.com\/de\/wp-json\/wp\/v2\/product"}],"about":[{"href":"https:\/\/baijiabags.com\/de\/wp-json\/wp\/v2\/types\/product"}],"replies":[{"embeddable":true,"href":"https:\/\/baijiabags.com\/de\/wp-json\/wp\/v2\/comments?post=3643"}],"wp:featuredmedia":[{"embeddable":true,"href":"https:\/\/baijiabags.com\/de\/wp-json\/wp\/v2\/media\/3647"}],"wp:attachment":[{"href":"https:\/\/baijiabags.com\/de\/wp-json\/wp\/v2\/media?parent=3643"}],"wp:term":[{"taxonomy":"product_brand","embeddable":true,"href":"https:\/\/baijiabags.com\/de\/wp-json\/wp\/v2\/product_brand?post=3643"},{"taxonomy":"product_cat","embeddable":true,"href":"https:\/\/baijiabags.com\/de\/wp-json\/wp\/v2\/product_cat?post=3643"},{"taxonomy":"product_tag","embeddable":true,"href":"https:\/\/baijiabags.com\/de\/wp-json\/wp\/v2\/product_tag?post=3643"}],"curies":[{"name":"wp","href":"https:\/\/api.w.org\/{rel}","templated":true}]}}