{"id":3559,"date":"2025-10-17T08:45:57","date_gmt":"2025-10-17T08:45:57","guid":{"rendered":"https:\/\/baijiabags.com\/?post_type=product&#038;p=3559"},"modified":"2025-11-01T01:20:41","modified_gmt":"2025-11-01T01:20:41","slug":"wholesale-lightweight-women-backpack-multifunctional-waterproof-for-business-travel-custom-logo","status":"publish","type":"product","link":"https:\/\/baijiabags.com\/de\/produkt\/wholesale-lightweight-women-backpack-multifunctional-waterproof-for-business-travel-custom-logo\/","title":{"rendered":"Gro\u00dfhandel Leichtgewichtige Frauen Rucksack Multifunktionale wasserdicht f\u00fcr Business Travel Custom Logo"},"content":{"rendered":"<h2 data-start=\"1076\" data-end=\"1093\">Wesentliche Merkmale<\/h2>\n<ol data-start=\"1095\" data-end=\"2090\">\n<li data-start=\"1095\" data-end=\"1223\">\n<p data-start=\"1098\" data-end=\"1223\"><strong data-start=\"1098\" data-end=\"1123\">Wasserdichter Schutz<\/strong> - Hochwertiges Nylongewebe sch\u00fctzt Ihre Sachen vor Regen und versehentlichem Versch\u00fctten.<\/p>\n<\/li>\n<li data-start=\"1224\" data-end=\"1353\">\n<p data-start=\"1227\" data-end=\"1353\"><strong data-start=\"1227\" data-end=\"1255\">Leichte Konstruktion<\/strong> - Das Design wurde optimiert, um das Gesamtgewicht zu reduzieren und gleichzeitig die strukturelle Festigkeit zu erhalten.<\/p>\n<\/li>\n<li data-start=\"1354\" data-end=\"1478\">\n<p data-start=\"1357\" data-end=\"1478\"><strong data-start=\"1357\" data-end=\"1381\">Anpassbare Optionen<\/strong> - Gr\u00f6\u00dfen- und Farbabweichungen sind je nach Marke oder individueller Vorliebe m\u00f6glich.<\/p>\n<\/li>\n<li data-start=\"1479\" data-end=\"1584\">\n<p data-start=\"1482\" data-end=\"1584\"><strong data-start=\"1482\" data-end=\"1503\">Anti-Diebstahl-Design<\/strong> - Eine verdeckte Innentasche mit Rei\u00dfverschluss sorgt f\u00fcr die Sicherheit von Wertsachen.<\/p>\n<\/li>\n<li data-start=\"1585\" data-end=\"1705\">\n<p data-start=\"1588\" data-end=\"1705\"><strong data-start=\"1588\" data-end=\"1611\">Modische Vielseitigkeit<\/strong> - Eine Mischung aus Mode, Vintage und minimalistischem Stil wurde gew\u00e4hlt, um universell einsetzbar zu sein.<\/p>\n<\/li>\n<li data-start=\"1706\" data-end=\"1824\">\n<p data-start=\"1709\" data-end=\"1824\"><strong data-start=\"1709\" data-end=\"1723\">Dauerhaftigkeit<\/strong> - Verst\u00e4rkte N\u00e4hte und robuste Rei\u00dfverschl\u00fcsse verl\u00e4ngern die Lebensdauer des Produkts.<\/p>\n<\/li>\n<li data-start=\"1825\" data-end=\"1935\">\n<p data-start=\"1828\" data-end=\"1935\"><strong data-start=\"1828\" data-end=\"1852\">Ganzj\u00e4hrig nutzbar<\/strong> - Die Tasche wurde f\u00fcr den Einsatz zu jeder Jahreszeit entwickelt, ohne dass der Komfort darunter leidet.<\/p>\n<\/li>\n<li data-start=\"1936\" data-end=\"2090\">\n<p data-start=\"1939\" data-end=\"2090\"><strong data-start=\"1939\" data-end=\"1960\">OEM- und ODM-Unterst\u00fctzung<\/strong> - Der Rucksack kann mit individuellen Logos und Markenelementen versehen werden und eignet sich somit f\u00fcr die Werbung und den Vertrieb im Gro\u00dfhandel.<\/p>\n<\/li>\n<\/ol>\n<h2 data-start=\"2097\" data-end=\"2116\">Spezifikationen<\/h2>\n<div class=\"_tableContainer_1rjym_1\">\n<div class=\"group _tableWrapper_1rjym_13 flex w-fit flex-col-reverse\" tabindex=\"-1\">\n<table class=\"w-fit min-w-(--thread-content-width)\" data-start=\"2118\" data-end=\"3070\">\n<thead data-start=\"2118\" data-end=\"2185\">\n<tr data-start=\"2118\" data-end=\"2185\">\n<th data-start=\"2118\" data-end=\"2142\" data-col-size=\"sm\"><strong data-start=\"2120\" data-end=\"2128\">Artikel<\/strong><\/th>\n<th data-start=\"2142\" data-end=\"2185\" data-col-size=\"sm\"><strong data-start=\"2144\" data-end=\"2155\">Einzelheiten<\/strong><\/th>\n<\/tr>\n<\/thead>\n<tbody data-start=\"2255\" data-end=\"3070\">\n<tr data-start=\"2255\" data-end=\"2322\">\n<td data-start=\"2255\" data-end=\"2280\" data-col-size=\"sm\">Produktname<\/td>\n<td data-col-size=\"sm\" data-start=\"2280\" data-end=\"2322\">Damen-Rucksack<\/td>\n<\/tr>\n<tr data-start=\"2323\" data-end=\"2390\">\n<td data-start=\"2323\" data-end=\"2348\" data-col-size=\"sm\">Marke<\/td>\n<td data-col-size=\"sm\" data-start=\"2348\" data-end=\"2390\">RONEER<\/td>\n<\/tr>\n<tr data-start=\"2391\" data-end=\"2458\">\n<td data-start=\"2391\" data-end=\"2416\" data-col-size=\"sm\">Modellnummer<\/td>\n<td data-col-size=\"sm\" data-start=\"2416\" data-end=\"2458\">GB-4906<\/td>\n<\/tr>\n<tr data-start=\"2459\" data-end=\"2526\">\n<td data-start=\"2459\" data-end=\"2484\" data-col-size=\"sm\">Herkunft<\/td>\n<td data-col-size=\"sm\" data-start=\"2484\" data-end=\"2526\">Guangdong, China<\/td>\n<\/tr>\n<tr data-start=\"2527\" data-end=\"2594\">\n<td data-start=\"2527\" data-end=\"2552\" data-col-size=\"sm\">Hauptmaterial<\/td>\n<td data-col-size=\"sm\" data-start=\"2552\" data-end=\"2594\">Nylon<\/td>\n<\/tr>\n<tr data-start=\"2595\" data-end=\"2662\">\n<td data-start=\"2595\" data-end=\"2620\" data-col-size=\"sm\">Stil<\/td>\n<td data-col-size=\"sm\" data-start=\"2620\" data-end=\"2662\">Mode, Vintage, Minimalistisch, Dame<\/td>\n<\/tr>\n<tr data-start=\"2663\" data-end=\"2730\">\n<td data-start=\"2663\" data-end=\"2688\" data-col-size=\"sm\">Innere Struktur<\/td>\n<td data-col-size=\"sm\" data-start=\"2688\" data-end=\"2730\">Verdeckte Rei\u00dfverschlusstasche<\/td>\n<\/tr>\n<tr data-start=\"2731\" data-end=\"2798\">\n<td data-start=\"2731\" data-end=\"2756\" data-col-size=\"sm\">Gr\u00f6\u00dfe<\/td>\n<td data-start=\"2756\" data-end=\"2798\" data-col-size=\"sm\">Anpassbar<\/td>\n<\/tr>\n<tr data-start=\"2799\" data-end=\"2866\">\n<td data-start=\"2799\" data-end=\"2824\" data-col-size=\"sm\">Farbe<\/td>\n<td data-col-size=\"sm\" data-start=\"2824\" data-end=\"2866\">Anpassbar<\/td>\n<\/tr>\n<tr data-start=\"2867\" data-end=\"2934\">\n<td data-start=\"2867\" data-end=\"2892\" data-col-size=\"sm\">Merkmal<\/td>\n<td data-col-size=\"sm\" data-start=\"2892\" data-end=\"2934\">Wasserdicht, tragbar, Anti-Diebstahl<\/td>\n<\/tr>\n<tr data-start=\"2935\" data-end=\"3002\">\n<td data-start=\"2935\" data-end=\"2960\" data-col-size=\"sm\">Saison<\/td>\n<td data-col-size=\"sm\" data-start=\"2960\" data-end=\"3002\">Universal<\/td>\n<\/tr>\n<tr data-start=\"3003\" data-end=\"3070\">\n<td data-start=\"3003\" data-end=\"3028\" data-col-size=\"sm\">MOQ<\/td>\n<td data-col-size=\"sm\" data-start=\"3028\" data-end=\"3070\">300 Einheiten<\/td>\n<\/tr>\n<\/tbody>\n<\/table>\n<\/div>\n<\/div>\n<h2 data-start=\"3077\" data-end=\"3094\">Anwendungen<\/h2>\n<ul data-start=\"3096\" data-end=\"3545\">\n<li data-start=\"3096\" data-end=\"3227\">\n<p data-start=\"3098\" data-end=\"3227\"><strong data-start=\"3098\" data-end=\"3117\">Gesch\u00e4ftsreisen<\/strong> - Der Rucksack ist so konzipiert, dass er Reisedokumente, elektronische Ger\u00e4te und Dinge des t\u00e4glichen Bedarfs aufnehmen kann.<\/p>\n<\/li>\n<li data-start=\"3228\" data-end=\"3307\">\n<p data-start=\"3230\" data-end=\"3307\"><strong data-start=\"3230\" data-end=\"3244\">Das t\u00e4gliche Leben<\/strong> - Er kann zum Pendeln, Einkaufen oder f\u00fcr gelegentliche Ausfl\u00fcge genutzt werden.<\/p>\n<\/li>\n<li data-start=\"3308\" data-end=\"3430\">\n<p data-start=\"3310\" data-end=\"3430\"><strong data-start=\"3310\" data-end=\"3332\">Aktivit\u00e4ten im Freien<\/strong> - Die wasserdichte und leichte Konstruktion ist ideal f\u00fcr Kurztrips, Wanderungen oder Picknicks.<\/p>\n<\/li>\n<li data-start=\"3431\" data-end=\"3545\">\n<p data-start=\"3433\" data-end=\"3545\"><strong data-start=\"3433\" data-end=\"3454\">Mode-Accessoire<\/strong> - Das stilvolle Design wurde an Frauen angepasst, die Eleganz in funktionalen Artikeln bevorzugen.<\/p>\n<\/li>\n<\/ul>\n<p data-start=\"3552\" data-end=\"3724\">Wenn Sie an diesem Rucksack interessiert sind, fordern Sie bitte Muster an. <strong data-start=\"3623\" data-end=\"3659\">ODM- und OEM-Dienste sind verf\u00fcgbar<\/strong>und kundenspezifische Logos k\u00f6nnen hinzugef\u00fcgt werden, um Ihre gesch\u00e4ftlichen Anforderungen zu unterst\u00fctzen.<\/p>","protected":false},"excerpt":{"rendered":"<p>Die <strong data-start=\"307\" data-end=\"347\">RONEER Damen-Rucksack (Modell GB-4906)<\/strong> wurde als multifunktionale und leichte L\u00f6sung f\u00fcr Frauen entwickelt, die sowohl praktisch als auch elegant sein wollen. Er wird in Guangdong, China, aus hochwertigem Nylonmaterial hergestellt, um Haltbarkeit, Wasserbest\u00e4ndigkeit und Tragbarkeit zu gew\u00e4hrleisten. Der minimalistische, aber dennoch modische Stil macht den Rucksack f\u00fcr das t\u00e4gliche Leben, Gesch\u00e4ftsreisen und den Einsatz im Freien geeignet.<\/p>","protected":false},"featured_media":3562,"comment_status":"open","ping_status":"closed","template":"","meta":{"site-sidebar-layout":"default","site-content-layout":"","ast-site-content-layout":"default","site-content-style":"default","site-sidebar-style":"default","ast-global-header-display":"","ast-banner-title-visibility":"","ast-main-header-display":"","ast-hfb-above-header-display":"","ast-hfb-below-header-display":"","ast-hfb-mobile-header-display":"","site-post-title":"","ast-breadcrumbs-content":"","ast-featured-img":"","footer-sml-layout":"","ast-disable-related-posts":"","theme-transparent-header-meta":"default","adv-header-id-meta":"","stick-header-meta":"","header-above-stick-meta":"","header-main-stick-meta":"","header-below-stick-meta":"","astra-migrate-meta-layouts":"set","ast-page-background-enabled":"default","ast-page-background-meta":{"desktop":{"background-color":"var(--ast-global-color-5)","background-image":"","background-repeat":"repeat","background-position":"center center","background-size":"auto","background-attachment":"scroll","background-type":"","background-media":"","overlay-type":"","overlay-color":"","overlay-opacity":"","overlay-gradient":""},"tablet":{"background-color":"","background-image":"","background-repeat":"repeat","background-position":"center center","background-size":"auto","background-attachment":"scroll","background-type":"","background-media":"","overlay-type":"","overlay-color":"","overlay-opacity":"","overlay-gradient":""},"mobile":{"background-color":"","background-image":"","background-repeat":"repeat","background-position":"center center","background-size":"auto","background-attachment":"scroll","background-type":"","background-media":"","overlay-type":"","overlay-color":"","overlay-opacity":"","overlay-gradient":""}},"ast-content-background-meta":{"desktop":{"background-color":"var(--ast-global-color-4)","background-image":"","background-repeat":"repeat","background-position":"center center","background-size":"auto","background-attachment":"scroll","background-type":"","background-media":"","overlay-type":"","overlay-color":"","overlay-opacity":"","overlay-gradient":""},"tablet":{"background-color":"var(--ast-global-color-4)","background-image":"","background-repeat":"repeat","background-position":"center center","background-size":"auto","background-attachment":"scroll","background-type":"","background-media":"","overlay-type":"","overlay-color":"","overlay-opacity":"","overlay-gradient":""},"mobile":{"background-color":"var(--ast-global-color-4)","background-image":"","background-repeat":"repeat","background-position":"center center","background-size":"auto","background-attachment":"scroll","background-type":"","background-media":"","overlay-type":"","overlay-color":"","overlay-opacity":"","overlay-gradient":""}}},"product_brand":[],"product_cat":[60,21,54],"product_tag":[],"class_list":{"0":"post-3559","1":"product","2":"type-product","3":"status-publish","4":"has-post-thumbnail","6":"product_cat-ladies-backpack","7":"product_cat-backpack","8":"product_cat-womens-bag","9":"desktop-align-left","10":"tablet-align-left","11":"mobile-align-left","13":"first","14":"instock","15":"shipping-taxable","16":"product-type-simple"},"_links":{"self":[{"href":"https:\/\/baijiabags.com\/de\/wp-json\/wp\/v2\/product\/3559","targetHints":{"allow":["GET"]}}],"collection":[{"href":"https:\/\/baijiabags.com\/de\/wp-json\/wp\/v2\/product"}],"about":[{"href":"https:\/\/baijiabags.com\/de\/wp-json\/wp\/v2\/types\/product"}],"replies":[{"embeddable":true,"href":"https:\/\/baijiabags.com\/de\/wp-json\/wp\/v2\/comments?post=3559"}],"wp:featuredmedia":[{"embeddable":true,"href":"https:\/\/baijiabags.com\/de\/wp-json\/wp\/v2\/media\/3562"}],"wp:attachment":[{"href":"https:\/\/baijiabags.com\/de\/wp-json\/wp\/v2\/media?parent=3559"}],"wp:term":[{"taxonomy":"product_brand","embeddable":true,"href":"https:\/\/baijiabags.com\/de\/wp-json\/wp\/v2\/product_brand?post=3559"},{"taxonomy":"product_cat","embeddable":true,"href":"https:\/\/baijiabags.com\/de\/wp-json\/wp\/v2\/product_cat?post=3559"},{"taxonomy":"product_tag","embeddable":true,"href":"https:\/\/baijiabags.com\/de\/wp-json\/wp\/v2\/product_tag?post=3559"}],"curies":[{"name":"wp","href":"https:\/\/api.w.org\/{rel}","templated":true}]}}