{"id":3546,"date":"2025-10-17T06:25:48","date_gmt":"2025-10-17T06:25:48","guid":{"rendered":"https:\/\/baijiabags.com\/?post_type=product&#038;p=3546"},"modified":"2025-11-01T01:20:41","modified_gmt":"2025-11-01T01:20:41","slug":"chinese-manufacturer-wholesale-women-large-capacity-casual-backpack-for-students-travel-daily-use","status":"publish","type":"product","link":"https:\/\/baijiabags.com\/de\/produkt\/chinese-manufacturer-wholesale-women-large-capacity-casual-backpack-for-students-travel-daily-use\/","title":{"rendered":"Chinesische Hersteller Gro\u00dfhandel Frauen gro\u00dfe Kapazit\u00e4t l\u00e4ssig Rucksack f\u00fcr Studenten reisen t\u00e4glichen Gebrauch"},"content":{"rendered":"<h2 data-start=\"678\" data-end=\"695\">Wesentliche Merkmale<\/h2>\n<ol data-start=\"697\" data-end=\"1226\">\n<li data-start=\"697\" data-end=\"783\">\n<p data-start=\"699\" data-end=\"783\">Gro\u00dfes Fach zum Transport von B\u00fcchern, Laptops, Kleidung und anderen wichtigen Dingen<\/p>\n<\/li>\n<li data-start=\"784\" data-end=\"857\">\n<p data-start=\"786\" data-end=\"857\">Strapazierf\u00e4higes Nylonmaterial f\u00fcr eine lange Nutzungsdauer und Verschlei\u00dffestigkeit<\/p>\n<\/li>\n<li data-start=\"858\" data-end=\"926\">\n<p data-start=\"860\" data-end=\"926\">Wasserdichte Konstruktion zum Schutz von Gegenst\u00e4nden vor Regen und versch\u00fctteten Fl\u00fcssigkeiten<\/p>\n<\/li>\n<li data-start=\"927\" data-end=\"991\">\n<p data-start=\"929\" data-end=\"991\">Diebstahlsicheres Design mit sicheren Rei\u00dfverschl\u00fcssen und versteckten Taschen<\/p>\n<\/li>\n<li data-start=\"992\" data-end=\"1047\">\n<p data-start=\"994\" data-end=\"1047\">Verstellbare Schultergurte f\u00fcr individuellen Komfort<\/p>\n<\/li>\n<li data-start=\"1048\" data-end=\"1095\">\n<p data-start=\"1050\" data-end=\"1095\">Leichtes Design f\u00fcr einfachen Transport<\/p>\n<\/li>\n<li data-start=\"1096\" data-end=\"1160\">\n<p data-start=\"1098\" data-end=\"1160\">Mehrere Innen- und Au\u00dfentaschen f\u00fcr organisierte Aufbewahrung<\/p>\n<\/li>\n<li data-start=\"1161\" data-end=\"1226\">\n<p data-start=\"1163\" data-end=\"1226\">Modisches Design, geeignet f\u00fcr den t\u00e4glichen Gebrauch, Schule und Reisen<\/p>\n<\/li>\n<\/ol>\n<h2 data-start=\"1228\" data-end=\"1247\">Spezifikationen<\/h2>\n<div class=\"_tableContainer_1rjym_1\">\n<div class=\"group _tableWrapper_1rjym_13 flex w-fit flex-col-reverse\" tabindex=\"-1\">\n<table class=\"w-fit min-w-(--thread-content-width)\" data-start=\"1249\" data-end=\"1625\">\n<thead data-start=\"1249\" data-end=\"1276\">\n<tr data-start=\"1249\" data-end=\"1276\">\n<th data-start=\"1249\" data-end=\"1265\" data-col-size=\"sm\">Spezifikation<\/th>\n<th data-start=\"1265\" data-end=\"1276\" data-col-size=\"sm\">Einzelheiten<\/th>\n<\/tr>\n<\/thead>\n<tbody data-start=\"1305\" data-end=\"1625\">\n<tr data-start=\"1305\" data-end=\"1332\">\n<td data-start=\"1305\" data-end=\"1320\" data-col-size=\"sm\">Produktname<\/td>\n<td data-col-size=\"sm\" data-start=\"1320\" data-end=\"1332\">Rucksack<\/td>\n<\/tr>\n<tr data-start=\"1333\" data-end=\"1351\">\n<td data-start=\"1333\" data-end=\"1341\" data-col-size=\"sm\">Marke<\/td>\n<td data-col-size=\"sm\" data-start=\"1341\" data-end=\"1351\">RONEER<\/td>\n<\/tr>\n<tr data-start=\"1352\" data-end=\"1370\">\n<td data-start=\"1352\" data-end=\"1360\" data-col-size=\"sm\">Modell<\/td>\n<td data-start=\"1360\" data-end=\"1370\" data-col-size=\"sm\">BJ-028<\/td>\n<\/tr>\n<tr data-start=\"1371\" data-end=\"1400\">\n<td data-start=\"1371\" data-end=\"1380\" data-col-size=\"sm\">Herkunft<\/td>\n<td data-start=\"1380\" data-end=\"1400\" data-col-size=\"sm\">Guangdong, China<\/td>\n<\/tr>\n<tr data-start=\"1401\" data-end=\"1420\">\n<td data-start=\"1401\" data-end=\"1409\" data-col-size=\"sm\">Stil<\/td>\n<td data-col-size=\"sm\" data-start=\"1409\" data-end=\"1420\">Mode<\/td>\n<\/tr>\n<tr data-start=\"1421\" data-end=\"1446\">\n<td data-start=\"1421\" data-end=\"1437\" data-col-size=\"sm\">Hauptmaterial<\/td>\n<td data-col-size=\"sm\" data-start=\"1437\" data-end=\"1446\">Nylon<\/td>\n<\/tr>\n<tr data-start=\"1447\" data-end=\"1476\">\n<td data-start=\"1447\" data-end=\"1460\" data-col-size=\"sm\">Abmessungen<\/td>\n<td data-col-size=\"sm\" data-start=\"1460\" data-end=\"1476\">Anpassbar<\/td>\n<\/tr>\n<tr data-start=\"1477\" data-end=\"1501\">\n<td data-start=\"1477\" data-end=\"1485\" data-col-size=\"sm\">Farbe<\/td>\n<td data-col-size=\"sm\" data-start=\"1485\" data-end=\"1501\">Anpassbar<\/td>\n<\/tr>\n<tr data-start=\"1502\" data-end=\"1548\">\n<td data-start=\"1502\" data-end=\"1513\" data-col-size=\"sm\">Eigenschaften<\/td>\n<td data-col-size=\"sm\" data-start=\"1513\" data-end=\"1548\">Langlebig, wasserdicht, Anti-Diebstahl<\/td>\n<\/tr>\n<tr data-start=\"1549\" data-end=\"1568\">\n<td data-start=\"1549\" data-end=\"1555\" data-col-size=\"sm\">MOQ<\/td>\n<td data-start=\"1555\" data-end=\"1568\" data-col-size=\"sm\">300 Einheiten<\/td>\n<\/tr>\n<tr data-start=\"1569\" data-end=\"1625\">\n<td data-start=\"1569\" data-end=\"1584\" data-col-size=\"sm\">Anwendungen<\/td>\n<td data-col-size=\"sm\" data-start=\"1584\" data-end=\"1625\">Reisen, t\u00e4gliches Leben, Schule, Pendeln<\/td>\n<\/tr>\n<\/tbody>\n<\/table>\n<\/div>\n<\/div>\n<h2 data-start=\"1627\" data-end=\"1644\">Anwendungen<\/h2>\n<ul data-start=\"1646\" data-end=\"2044\">\n<li data-start=\"1646\" data-end=\"1763\">\n<p data-start=\"1648\" data-end=\"1763\"><strong data-start=\"1648\" data-end=\"1659\">Reisen:<\/strong> Ideal f\u00fcr Kurzreisen oder Wochenendausfl\u00fcge, mit ausreichend Platz f\u00fcr Kleidung, Toilettenartikel und Gadgets<\/p>\n<\/li>\n<li data-start=\"1764\" data-end=\"1860\">\n<p data-start=\"1766\" data-end=\"1860\"><strong data-start=\"1766\" data-end=\"1781\">Das t\u00e4gliche Leben:<\/strong> Geeignet f\u00fcr den t\u00e4glichen Gebrauch, einschlie\u00dflich Pendeln, Einkaufen und Freizeitaktivit\u00e4ten<\/p>\n<\/li>\n<li data-start=\"1861\" data-end=\"1963\">\n<p data-start=\"1863\" data-end=\"1963\"><strong data-start=\"1863\" data-end=\"1884\">Schule und Hochschule:<\/strong> Perfekt f\u00fcr Studenten, um B\u00fccher, Laptops, Schreibwaren und pers\u00f6nliche Gegenst\u00e4nde zu transportieren<\/p>\n<\/li>\n<li data-start=\"1964\" data-end=\"2044\">\n<p data-start=\"1966\" data-end=\"2044\"><strong data-start=\"1966\" data-end=\"1975\">Arbeit:<\/strong> Kann als professionelle und dennoch l\u00e4ssige Tasche f\u00fcr B\u00fcroutensilien verwendet werden<\/p>\n<\/li>\n<\/ul>\n<p data-start=\"1966\" data-end=\"2044\"><span style=\"font-size: 16px;\">\u00a0Wenn Sie an diesem Rucksack interessiert sind, kontaktieren Sie uns bitte, um Muster anzufordern. Wir bieten <\/span><strong style=\"font-size: 16px;\" data-start=\"2262\" data-end=\"2284\">ODM- und OEM-Dienstleistungen<\/strong><span style=\"font-size: 16px;\">und erm\u00f6glicht die individuelle Anpassung von Farben, Abmessungen und Branding an Ihre spezifischen Anforderungen.<\/span><\/p>","protected":false},"excerpt":{"rendered":"<p>Der Rucksack BJ-028 von RONEER wurde mit Blick auf Stil und Zweckm\u00e4\u00dfigkeit entworfen. Diese vielseitige Tasche ist aus hochwertigem Nylon gefertigt, das Langlebigkeit und Widerstandsf\u00e4higkeit gegen t\u00e4gliche Abnutzung gew\u00e4hrleistet. Mit seinen ger\u00e4umigen F\u00e4chern ist er ideal f\u00fcr den Transport von wichtigen Dingen auf Reisen, in der Schule oder im Alltag. Der Rucksack wurde so konzipiert, dass er eine Vielzahl von Gegenst\u00e4nden aufnehmen kann und gleichzeitig leicht und bequem ist, so dass er sich f\u00fcr Studenten, Pendler und Reisende gleicherma\u00dfen eignet. Sein schlichter, modischer Stil verleiht jedem Outfit einen modernen Touch.<\/p>","protected":false},"featured_media":3550,"comment_status":"open","ping_status":"closed","template":"","meta":{"site-sidebar-layout":"default","site-content-layout":"","ast-site-content-layout":"default","site-content-style":"default","site-sidebar-style":"default","ast-global-header-display":"","ast-banner-title-visibility":"","ast-main-header-display":"","ast-hfb-above-header-display":"","ast-hfb-below-header-display":"","ast-hfb-mobile-header-display":"","site-post-title":"","ast-breadcrumbs-content":"","ast-featured-img":"","footer-sml-layout":"","ast-disable-related-posts":"","theme-transparent-header-meta":"default","adv-header-id-meta":"","stick-header-meta":"","header-above-stick-meta":"","header-main-stick-meta":"","header-below-stick-meta":"","astra-migrate-meta-layouts":"set","ast-page-background-enabled":"default","ast-page-background-meta":{"desktop":{"background-color":"var(--ast-global-color-5)","background-image":"","background-repeat":"repeat","background-position":"center center","background-size":"auto","background-attachment":"scroll","background-type":"","background-media":"","overlay-type":"","overlay-color":"","overlay-opacity":"","overlay-gradient":""},"tablet":{"background-color":"","background-image":"","background-repeat":"repeat","background-position":"center center","background-size":"auto","background-attachment":"scroll","background-type":"","background-media":"","overlay-type":"","overlay-color":"","overlay-opacity":"","overlay-gradient":""},"mobile":{"background-color":"","background-image":"","background-repeat":"repeat","background-position":"center center","background-size":"auto","background-attachment":"scroll","background-type":"","background-media":"","overlay-type":"","overlay-color":"","overlay-opacity":"","overlay-gradient":""}},"ast-content-background-meta":{"desktop":{"background-color":"var(--ast-global-color-4)","background-image":"","background-repeat":"repeat","background-position":"center center","background-size":"auto","background-attachment":"scroll","background-type":"","background-media":"","overlay-type":"","overlay-color":"","overlay-opacity":"","overlay-gradient":""},"tablet":{"background-color":"var(--ast-global-color-4)","background-image":"","background-repeat":"repeat","background-position":"center center","background-size":"auto","background-attachment":"scroll","background-type":"","background-media":"","overlay-type":"","overlay-color":"","overlay-opacity":"","overlay-gradient":""},"mobile":{"background-color":"var(--ast-global-color-4)","background-image":"","background-repeat":"repeat","background-position":"center center","background-size":"auto","background-attachment":"scroll","background-type":"","background-media":"","overlay-type":"","overlay-color":"","overlay-opacity":"","overlay-gradient":""}}},"product_brand":[],"product_cat":[60,21,54],"product_tag":[],"class_list":{"0":"post-3546","1":"product","2":"type-product","3":"status-publish","4":"has-post-thumbnail","6":"product_cat-ladies-backpack","7":"product_cat-backpack","8":"product_cat-womens-bag","9":"desktop-align-left","10":"tablet-align-left","11":"mobile-align-left","13":"first","14":"instock","15":"shipping-taxable","16":"product-type-simple"},"_links":{"self":[{"href":"https:\/\/baijiabags.com\/de\/wp-json\/wp\/v2\/product\/3546","targetHints":{"allow":["GET"]}}],"collection":[{"href":"https:\/\/baijiabags.com\/de\/wp-json\/wp\/v2\/product"}],"about":[{"href":"https:\/\/baijiabags.com\/de\/wp-json\/wp\/v2\/types\/product"}],"replies":[{"embeddable":true,"href":"https:\/\/baijiabags.com\/de\/wp-json\/wp\/v2\/comments?post=3546"}],"wp:featuredmedia":[{"embeddable":true,"href":"https:\/\/baijiabags.com\/de\/wp-json\/wp\/v2\/media\/3550"}],"wp:attachment":[{"href":"https:\/\/baijiabags.com\/de\/wp-json\/wp\/v2\/media?parent=3546"}],"wp:term":[{"taxonomy":"product_brand","embeddable":true,"href":"https:\/\/baijiabags.com\/de\/wp-json\/wp\/v2\/product_brand?post=3546"},{"taxonomy":"product_cat","embeddable":true,"href":"https:\/\/baijiabags.com\/de\/wp-json\/wp\/v2\/product_cat?post=3546"},{"taxonomy":"product_tag","embeddable":true,"href":"https:\/\/baijiabags.com\/de\/wp-json\/wp\/v2\/product_tag?post=3546"}],"curies":[{"name":"wp","href":"https:\/\/api.w.org\/{rel}","templated":true}]}}