{"id":3504,"date":"2025-10-16T07:32:18","date_gmt":"2025-10-16T07:32:18","guid":{"rendered":"https:\/\/baijiabags.com\/?post_type=product&#038;p=3504"},"modified":"2025-11-01T01:23:32","modified_gmt":"2025-11-01T01:23:32","slug":"fashion-lightweight-extra-large-soft-quilted-women-tote-bag-custom-logo-color","status":"publish","type":"product","link":"https:\/\/baijiabags.com\/de\/produkt\/fashion-lightweight-extra-large-soft-quilted-women-tote-bag-custom-logo-color\/","title":{"rendered":"Mode Leichte Extra Gro\u00dfe Weiche Gesteppte Frauen Tote Tasche Benutzerdefinierte Logo Farbe"},"content":{"rendered":"<h2 data-start=\"875\" data-end=\"892\">Wesentliche Merkmale<\/h2>\n<ol data-start=\"893\" data-end=\"1822\">\n<li data-start=\"893\" data-end=\"997\">\n<p data-start=\"896\" data-end=\"997\"><strong data-start=\"896\" data-end=\"919\">Gestepptes weiches Design<\/strong> - Eine weiche, gesteppte Oberfl\u00e4che sorgt f\u00fcr einen eleganten und femininen Stil.<\/p>\n<\/li>\n<li data-start=\"998\" data-end=\"1110\">\n<p data-start=\"1001\" data-end=\"1110\"><strong data-start=\"1001\" data-end=\"1029\">Leichte Konstruktion<\/strong> - Die Tasche wurde aus leichtem Polyester gefertigt, um das Tragen zu erleichtern.<\/p>\n<\/li>\n<li data-start=\"1111\" data-end=\"1222\">\n<p data-start=\"1114\" data-end=\"1222\"><strong data-start=\"1114\" data-end=\"1134\">Langlebiges Material<\/strong> - Es wurde ein hochfestes Polyestergewebe verwendet, das eine hohe Verschlei\u00dffestigkeit gew\u00e4hrleistet.<\/p>\n<\/li>\n<li data-start=\"1223\" data-end=\"1367\">\n<p data-start=\"1226\" data-end=\"1367\"><strong data-start=\"1226\" data-end=\"1253\">Wasserabweisende Oberfl\u00e4che<\/strong> - Eine wasserabweisende Beschichtung sorgt daf\u00fcr, dass die Sachen vor leichtem Regen und Spritzwasser gesch\u00fctzt sind.<\/p>\n<\/li>\n<li data-start=\"1368\" data-end=\"1491\">\n<p data-start=\"1371\" data-end=\"1491\"><strong data-start=\"1371\" data-end=\"1395\">Extra gro\u00dfes Fassungsverm\u00f6gen<\/strong> - Es ist ausreichend Platz vorhanden, um Dinge des t\u00e4glichen Bedarfs, B\u00fccher, Laptops oder Eink\u00e4ufe zu verstauen.<\/p>\n<\/li>\n<li data-start=\"1492\" data-end=\"1606\">\n<p data-start=\"1495\" data-end=\"1606\"><strong data-start=\"1495\" data-end=\"1519\">Anpassbare Optionen<\/strong> - Das Logo, die Gr\u00f6\u00dfe und die Farbe k\u00f6nnen individuell angepasst werden, um das Branding oder pers\u00f6nliche Anforderungen zu erf\u00fcllen.<\/p>\n<\/li>\n<li data-start=\"1607\" data-end=\"1700\">\n<p data-start=\"1610\" data-end=\"1700\"><strong data-start=\"1610\" data-end=\"1634\">Ganzj\u00e4hrig nutzbar<\/strong> - Die Tasche ist f\u00fcr den ganzj\u00e4hrigen Gebrauch zu allen Jahreszeiten konzipiert.<\/p>\n<\/li>\n<li data-start=\"1701\" data-end=\"1822\">\n<p data-start=\"1704\" data-end=\"1822\"><strong data-start=\"1704\" data-end=\"1729\">Vielseitige Anwendung<\/strong> - Es wird h\u00e4ufig beim Einkaufen, beim t\u00e4glichen Pendeln, auf Reisen und im Freizeitbereich eingesetzt.<\/p>\n<\/li>\n<\/ol>\n<h2 data-start=\"1829\" data-end=\"1848\">Spezifikationen<\/h2>\n<div class=\"_tableContainer_1rjym_1\">\n<div class=\"group _tableWrapper_1rjym_13 flex w-fit flex-col-reverse\" tabindex=\"-1\">\n<table class=\"w-fit min-w-(--thread-content-width)\" data-start=\"1850\" data-end=\"2825\">\n<thead data-start=\"1850\" data-end=\"1917\">\n<tr data-start=\"1850\" data-end=\"1917\">\n<th data-start=\"1850\" data-end=\"1875\" data-col-size=\"sm\"><strong data-start=\"1852\" data-end=\"1865\">Parameter<\/strong><\/th>\n<th data-start=\"1875\" data-end=\"1917\" data-col-size=\"md\"><strong data-start=\"1877\" data-end=\"1892\">Beschreibung<\/strong><\/th>\n<\/tr>\n<\/thead>\n<tbody data-start=\"1987\" data-end=\"2825\">\n<tr data-start=\"1987\" data-end=\"2055\">\n<td data-start=\"1987\" data-end=\"2013\" data-col-size=\"sm\">Produktname<\/td>\n<td data-col-size=\"md\" data-start=\"2013\" data-end=\"2055\">Gesteppte Tragetasche<\/td>\n<\/tr>\n<tr data-start=\"2056\" data-end=\"2124\">\n<td data-start=\"2056\" data-end=\"2082\" data-col-size=\"sm\">Marke<\/td>\n<td data-col-size=\"md\" data-start=\"2082\" data-end=\"2124\">RONEER<\/td>\n<\/tr>\n<tr data-start=\"2125\" data-end=\"2193\">\n<td data-start=\"2125\" data-end=\"2151\" data-col-size=\"sm\">Modellnummer<\/td>\n<td data-col-size=\"md\" data-start=\"2151\" data-end=\"2193\">BJ-041<\/td>\n<\/tr>\n<tr data-start=\"2194\" data-end=\"2262\">\n<td data-start=\"2194\" data-end=\"2220\" data-col-size=\"sm\">Herkunft<\/td>\n<td data-col-size=\"md\" data-start=\"2220\" data-end=\"2262\">Guangdong, China<\/td>\n<\/tr>\n<tr data-start=\"2263\" data-end=\"2342\">\n<td data-start=\"2263\" data-end=\"2289\" data-col-size=\"sm\">Stil<\/td>\n<td data-col-size=\"md\" data-start=\"2289\" data-end=\"2342\">Mode, Dame, Vintage, National, England Style<\/td>\n<\/tr>\n<tr data-start=\"2343\" data-end=\"2411\">\n<td data-start=\"2343\" data-end=\"2369\" data-col-size=\"sm\">Hauptmaterial<\/td>\n<td data-col-size=\"md\" data-start=\"2369\" data-end=\"2411\">Polyester<\/td>\n<\/tr>\n<tr data-start=\"2412\" data-end=\"2480\">\n<td data-start=\"2412\" data-end=\"2438\" data-col-size=\"sm\">Abmessungen<\/td>\n<td data-start=\"2438\" data-end=\"2480\" data-col-size=\"md\">Anpassbar<\/td>\n<\/tr>\n<tr data-start=\"2481\" data-end=\"2549\">\n<td data-start=\"2481\" data-end=\"2507\" data-col-size=\"sm\">Farbe<\/td>\n<td data-col-size=\"md\" data-start=\"2507\" data-end=\"2549\">Anpassbar<\/td>\n<\/tr>\n<tr data-start=\"2550\" data-end=\"2618\">\n<td data-start=\"2550\" data-end=\"2576\" data-col-size=\"sm\">Saison<\/td>\n<td data-start=\"2576\" data-end=\"2618\" data-col-size=\"md\">Alle Jahreszeiten<\/td>\n<\/tr>\n<tr data-start=\"2619\" data-end=\"2687\">\n<td data-start=\"2619\" data-end=\"2645\" data-col-size=\"sm\">Eigenschaften<\/td>\n<td data-col-size=\"md\" data-start=\"2645\" data-end=\"2687\">Langlebig, wasserbest\u00e4ndig<\/td>\n<\/tr>\n<tr data-start=\"2688\" data-end=\"2756\">\n<td data-start=\"2688\" data-end=\"2714\" data-col-size=\"sm\">MOQ<\/td>\n<td data-col-size=\"md\" data-start=\"2714\" data-end=\"2756\">300 St\u00fcck<\/td>\n<\/tr>\n<tr data-start=\"2757\" data-end=\"2825\">\n<td data-start=\"2757\" data-end=\"2783\" data-col-size=\"sm\">Logo<\/td>\n<td data-col-size=\"md\" data-start=\"2783\" data-end=\"2825\">Kundenspezifisches Logo verf\u00fcgbar<\/td>\n<\/tr>\n<\/tbody>\n<\/table>\n<\/div>\n<\/div>\n<hr data-start=\"2827\" data-end=\"2830\" \/>\n<h2 data-start=\"2832\" data-end=\"2849\">Anwendungen<\/h2>\n<p data-start=\"2850\" data-end=\"2913\">Die Tragetasche wird h\u00e4ufig in verschiedenen Szenarien eingesetzt:<\/p>\n<ul data-start=\"2914\" data-end=\"3095\">\n<li data-start=\"2914\" data-end=\"2938\">\n<p data-start=\"2916\" data-end=\"2938\">Reisen und Urlaube<\/p>\n<\/li>\n<li data-start=\"2939\" data-end=\"2958\">\n<p data-start=\"2941\" data-end=\"2958\">T\u00e4gliches Pendeln<\/p>\n<\/li>\n<li data-start=\"2959\" data-end=\"2977\">\n<p data-start=\"2961\" data-end=\"2977\">Freizeitausfl\u00fcge<\/p>\n<\/li>\n<li data-start=\"2978\" data-end=\"3005\">\n<p data-start=\"2980\" data-end=\"3005\">Einkaufen und Einzelhandelsnutzung<\/p>\n<\/li>\n<\/ul>\n<p data-start=\"3102\" data-end=\"3357\">Wenn Sie sich f\u00fcr dieses Thema interessieren <strong data-start=\"3132\" data-end=\"3195\">Leichte, extra gro\u00dfe, weiche, gesteppte Damen-Totentasche<\/strong>k\u00f6nnen Sie uns gerne f\u00fcr Muster kontaktieren. <strong data-start=\"3241\" data-end=\"3263\">ODM- und OEM-Dienstleistungen<\/strong> werden zur Verf\u00fcgung gestellt, um Ihre individuellen Anforderungen zu erf\u00fcllen, einschlie\u00dflich Logo, Gr\u00f6\u00dfe und Farbanpassungen.<\/p>","protected":false},"excerpt":{"rendered":"<p>Die Fashion Lightweight Extra Large Soft Quilted Women's Tote Bag wurde unter der Marke RONEER entworfen, um sowohl Stil als auch Praktikabilit\u00e4t zu bieten. Die Tasche ist aus hochwertigem Polyester gefertigt, was eine lange Haltbarkeit und eine lange Nutzungsdauer gew\u00e4hrleistet. Die modische gesteppte Oberfl\u00e4che sorgt f\u00fcr einen modernen und eleganten Look und bietet Vielseitigkeit f\u00fcr verschiedene t\u00e4gliche Anl\u00e4sse. Diese Tasche wird von vielen Frauen zum Einkaufen, auf Reisen, beim Pendeln und bei Freizeitausfl\u00fcgen bevorzugt und ist bei Frauen, die eine leichte und dennoch ger\u00e4umige Tasche suchen, sehr beliebt.<\/p>","protected":false},"featured_media":3507,"comment_status":"open","ping_status":"closed","template":"","meta":{"site-sidebar-layout":"default","site-content-layout":"","ast-site-content-layout":"default","site-content-style":"default","site-sidebar-style":"default","ast-global-header-display":"","ast-banner-title-visibility":"","ast-main-header-display":"","ast-hfb-above-header-display":"","ast-hfb-below-header-display":"","ast-hfb-mobile-header-display":"","site-post-title":"","ast-breadcrumbs-content":"","ast-featured-img":"","footer-sml-layout":"","ast-disable-related-posts":"","theme-transparent-header-meta":"default","adv-header-id-meta":"","stick-header-meta":"","header-above-stick-meta":"","header-main-stick-meta":"","header-below-stick-meta":"","astra-migrate-meta-layouts":"set","ast-page-background-enabled":"default","ast-page-background-meta":{"desktop":{"background-color":"var(--ast-global-color-5)","background-image":"","background-repeat":"repeat","background-position":"center center","background-size":"auto","background-attachment":"scroll","background-type":"","background-media":"","overlay-type":"","overlay-color":"","overlay-opacity":"","overlay-gradient":""},"tablet":{"background-color":"","background-image":"","background-repeat":"repeat","background-position":"center center","background-size":"auto","background-attachment":"scroll","background-type":"","background-media":"","overlay-type":"","overlay-color":"","overlay-opacity":"","overlay-gradient":""},"mobile":{"background-color":"","background-image":"","background-repeat":"repeat","background-position":"center center","background-size":"auto","background-attachment":"scroll","background-type":"","background-media":"","overlay-type":"","overlay-color":"","overlay-opacity":"","overlay-gradient":""}},"ast-content-background-meta":{"desktop":{"background-color":"var(--ast-global-color-4)","background-image":"","background-repeat":"repeat","background-position":"center center","background-size":"auto","background-attachment":"scroll","background-type":"","background-media":"","overlay-type":"","overlay-color":"","overlay-opacity":"","overlay-gradient":""},"tablet":{"background-color":"var(--ast-global-color-4)","background-image":"","background-repeat":"repeat","background-position":"center center","background-size":"auto","background-attachment":"scroll","background-type":"","background-media":"","overlay-type":"","overlay-color":"","overlay-opacity":"","overlay-gradient":""},"mobile":{"background-color":"var(--ast-global-color-4)","background-image":"","background-repeat":"repeat","background-position":"center center","background-size":"auto","background-attachment":"scroll","background-type":"","background-media":"","overlay-type":"","overlay-color":"","overlay-opacity":"","overlay-gradient":""}}},"product_brand":[],"product_cat":[59,54],"product_tag":[],"class_list":{"0":"post-3504","1":"product","2":"type-product","3":"status-publish","4":"has-post-thumbnail","6":"product_cat-quilted-tote-bag","7":"product_cat-womens-bag","8":"desktop-align-left","9":"tablet-align-left","10":"mobile-align-left","12":"first","13":"instock","14":"shipping-taxable","15":"product-type-simple"},"_links":{"self":[{"href":"https:\/\/baijiabags.com\/de\/wp-json\/wp\/v2\/product\/3504","targetHints":{"allow":["GET"]}}],"collection":[{"href":"https:\/\/baijiabags.com\/de\/wp-json\/wp\/v2\/product"}],"about":[{"href":"https:\/\/baijiabags.com\/de\/wp-json\/wp\/v2\/types\/product"}],"replies":[{"embeddable":true,"href":"https:\/\/baijiabags.com\/de\/wp-json\/wp\/v2\/comments?post=3504"}],"wp:featuredmedia":[{"embeddable":true,"href":"https:\/\/baijiabags.com\/de\/wp-json\/wp\/v2\/media\/3507"}],"wp:attachment":[{"href":"https:\/\/baijiabags.com\/de\/wp-json\/wp\/v2\/media?parent=3504"}],"wp:term":[{"taxonomy":"product_brand","embeddable":true,"href":"https:\/\/baijiabags.com\/de\/wp-json\/wp\/v2\/product_brand?post=3504"},{"taxonomy":"product_cat","embeddable":true,"href":"https:\/\/baijiabags.com\/de\/wp-json\/wp\/v2\/product_cat?post=3504"},{"taxonomy":"product_tag","embeddable":true,"href":"https:\/\/baijiabags.com\/de\/wp-json\/wp\/v2\/product_tag?post=3504"}],"curies":[{"name":"wp","href":"https:\/\/api.w.org\/{rel}","templated":true}]}}