{"id":3477,"date":"2025-10-16T06:06:36","date_gmt":"2025-10-16T06:06:36","guid":{"rendered":"https:\/\/baijiabags.com\/?post_type=product&#038;p=3477"},"modified":"2025-11-01T01:23:32","modified_gmt":"2025-11-01T01:23:32","slug":"factory-direct-custom-striped-tote-bag-quilted-nylon-lining-shoulder-handbag-work-travel","status":"publish","type":"product","link":"https:\/\/baijiabags.com\/de\/produkt\/factory-direct-custom-striped-tote-bag-quilted-nylon-lining-shoulder-handbag-work-travel\/","title":{"rendered":"Factory Direct Custom Striped Tote Bag Quilted Nylon Lining Shoulder Handtasche Arbeit Reisen"},"content":{"rendered":"<h2 data-start=\"1026\" data-end=\"1044\">Wesentliche Merkmale<\/h2>\n<ol data-start=\"1045\" data-end=\"1707\">\n<li data-start=\"1045\" data-end=\"1131\">\n<p data-start=\"1048\" data-end=\"1131\"><strong data-start=\"1048\" data-end=\"1069\">Langlebiges Material:<\/strong> Gefertigt aus hochwertigem Nylon, das dem t\u00e4glichen Gebrauch standh\u00e4lt.<\/p>\n<\/li>\n<li data-start=\"1132\" data-end=\"1208\">\n<p data-start=\"1135\" data-end=\"1208\"><strong data-start=\"1135\" data-end=\"1155\">Wasserbest\u00e4ndig:<\/strong> Bietet Schutz vor leichtem Regen und Versch\u00fctten.<\/p>\n<\/li>\n<li data-start=\"1209\" data-end=\"1283\">\n<p data-start=\"1212\" data-end=\"1283\"><strong data-start=\"1212\" data-end=\"1232\">Gestreiftes Muster:<\/strong> Das stilvolle Streifendesign verleiht einen modischen Touch.<\/p>\n<\/li>\n<li data-start=\"1284\" data-end=\"1364\">\n<p data-start=\"1287\" data-end=\"1364\"><strong data-start=\"1287\" data-end=\"1312\">Gestepptes Nylon-Futter:<\/strong> Das Innenfutter sorgt f\u00fcr die Sicherheit von Gegenst\u00e4nden.<\/p>\n<\/li>\n<li data-start=\"1365\" data-end=\"1464\">\n<p data-start=\"1368\" data-end=\"1464\"><strong data-start=\"1368\" data-end=\"1388\">Ger\u00e4umiges Design:<\/strong> Das gro\u00dfe Hauptfach bietet Platz f\u00fcr Arbeits-, Reise- und Einkaufsutensilien.<\/p>\n<\/li>\n<li data-start=\"1465\" data-end=\"1543\">\n<p data-start=\"1468\" data-end=\"1543\"><strong data-start=\"1468\" data-end=\"1500\">Gr\u00f6\u00dfe und Farbe anpassbar:<\/strong> Ma\u00dfgeschneidert auf individuelle Vorlieben.<\/p>\n<\/li>\n<li data-start=\"1544\" data-end=\"1623\">\n<p data-start=\"1547\" data-end=\"1623\"><strong data-start=\"1547\" data-end=\"1579\">Leicht und bequem:<\/strong> Leicht \u00fcber der Schulter oder in der Hand zu tragen.<\/p>\n<\/li>\n<li data-start=\"1624\" data-end=\"1707\">\n<p data-start=\"1627\" data-end=\"1707\"><strong data-start=\"1627\" data-end=\"1649\">Modischer Stil:<\/strong> Eine Mischung aus klassischer, nationaler und englischer \u00c4sthetik.<\/p>\n<\/li>\n<\/ol>\n<h2 data-start=\"1709\" data-end=\"1729\">Spezifikationen<\/h2>\n<div class=\"_tableContainer_1rjym_1\">\n<div class=\"group _tableWrapper_1rjym_13 flex w-fit flex-col-reverse\" tabindex=\"-1\">\n<table class=\"w-fit min-w-(--thread-content-width)\" data-start=\"1731\" data-end=\"2808\">\n<thead data-start=\"1731\" data-end=\"1801\">\n<tr data-start=\"1731\" data-end=\"1801\">\n<th data-start=\"1731\" data-end=\"1756\" data-col-size=\"sm\">Parameter<\/th>\n<th data-start=\"1756\" data-end=\"1801\" data-col-size=\"md\">Einzelheiten<\/th>\n<\/tr>\n<\/thead>\n<tbody data-start=\"1873\" data-end=\"2808\">\n<tr data-start=\"1873\" data-end=\"1943\">\n<td data-start=\"1873\" data-end=\"1898\" data-col-size=\"sm\">Produktname<\/td>\n<td data-col-size=\"md\" data-start=\"1898\" data-end=\"1943\">Gestreifte Tragetasche<\/td>\n<\/tr>\n<tr data-start=\"1944\" data-end=\"2014\">\n<td data-start=\"1944\" data-end=\"1969\" data-col-size=\"sm\">Marke<\/td>\n<td data-col-size=\"md\" data-start=\"1969\" data-end=\"2014\">RONEER<\/td>\n<\/tr>\n<tr data-start=\"2015\" data-end=\"2086\">\n<td data-start=\"2015\" data-end=\"2040\" data-col-size=\"sm\">Modell<\/td>\n<td data-col-size=\"md\" data-start=\"2040\" data-end=\"2086\">BJ-048<\/td>\n<\/tr>\n<tr data-start=\"2087\" data-end=\"2157\">\n<td data-start=\"2087\" data-end=\"2112\" data-col-size=\"sm\">Herkunft<\/td>\n<td data-col-size=\"md\" data-start=\"2112\" data-end=\"2157\">Guangdong, China<\/td>\n<\/tr>\n<tr data-start=\"2158\" data-end=\"2234\">\n<td data-start=\"2158\" data-end=\"2183\" data-col-size=\"sm\">Stil<\/td>\n<td data-col-size=\"md\" data-start=\"2183\" data-end=\"2234\">Mode, Dame, Vintage, National, England Style<\/td>\n<\/tr>\n<tr data-start=\"2235\" data-end=\"2305\">\n<td data-start=\"2235\" data-end=\"2260\" data-col-size=\"sm\">Hauptmaterial<\/td>\n<td data-col-size=\"md\" data-start=\"2260\" data-end=\"2305\">Nylon<\/td>\n<\/tr>\n<tr data-start=\"2306\" data-end=\"2376\">\n<td data-start=\"2306\" data-end=\"2331\" data-col-size=\"sm\">Muster Typ<\/td>\n<td data-start=\"2331\" data-end=\"2376\" data-col-size=\"md\">Gestreift<\/td>\n<\/tr>\n<tr data-start=\"2377\" data-end=\"2448\">\n<td data-start=\"2377\" data-end=\"2402\" data-col-size=\"sm\">Gr\u00f6\u00dfe<\/td>\n<td data-col-size=\"md\" data-start=\"2402\" data-end=\"2448\">Anpassbar<\/td>\n<\/tr>\n<tr data-start=\"2449\" data-end=\"2520\">\n<td data-start=\"2449\" data-end=\"2474\" data-col-size=\"sm\">Farbe<\/td>\n<td data-col-size=\"md\" data-start=\"2474\" data-end=\"2520\">Anpassbar<\/td>\n<\/tr>\n<tr data-start=\"2521\" data-end=\"2592\">\n<td data-start=\"2521\" data-end=\"2546\" data-col-size=\"sm\">Saison<\/td>\n<td data-col-size=\"md\" data-start=\"2546\" data-end=\"2592\">Ganzj\u00e4hrig<\/td>\n<\/tr>\n<tr data-start=\"2593\" data-end=\"2664\">\n<td data-start=\"2593\" data-end=\"2618\" data-col-size=\"sm\">Eigenschaften<\/td>\n<td data-start=\"2618\" data-end=\"2664\" data-col-size=\"md\">Langlebig, wasserbest\u00e4ndig<\/td>\n<\/tr>\n<tr data-start=\"2665\" data-end=\"2736\">\n<td data-start=\"2665\" data-end=\"2690\" data-col-size=\"sm\">MOQ<\/td>\n<td data-col-size=\"md\" data-start=\"2690\" data-end=\"2736\">300<\/td>\n<\/tr>\n<tr data-start=\"2737\" data-end=\"2808\">\n<td data-start=\"2737\" data-end=\"2762\" data-col-size=\"sm\">Anwendungen<\/td>\n<td data-col-size=\"md\" data-start=\"2762\" data-end=\"2808\">Reisen, T\u00e4gliches Leben, Einkaufen<\/td>\n<\/tr>\n<\/tbody>\n<\/table>\n<\/div>\n<\/div>\n<h2 data-start=\"2810\" data-end=\"2828\">Anwendungen<\/h2>\n<ul data-start=\"2829\" data-end=\"3019\">\n<li data-start=\"2829\" data-end=\"2896\">\n<p data-start=\"2831\" data-end=\"2896\">Reisen: Entwickelt, um wichtige Dinge effizient und stilvoll zu transportieren.<\/p>\n<\/li>\n<li data-start=\"2897\" data-end=\"2958\">\n<p data-start=\"2899\" data-end=\"2958\">T\u00e4gliches Leben: Perfekt f\u00fcr die Arbeit, f\u00fcr Besorgungen oder f\u00fcr lockere Ausfl\u00fcge.<\/p>\n<\/li>\n<li data-start=\"2959\" data-end=\"3019\">\n<p data-start=\"2961\" data-end=\"3019\">Einkaufen: Ger\u00e4umig genug, um Eink\u00e4ufe bequem zu verstauen.<\/p>\n<\/li>\n<\/ul>\n<p data-start=\"3021\" data-end=\"3186\">Wenn Sie sich f\u00fcr diese Tragetasche interessieren, fordern Sie bitte Muster an. <strong data-start=\"3092\" data-end=\"3128\">ODM- und OEM-Dienste sind verf\u00fcgbar<\/strong> um Produkte nach Ihren Vorgaben zu gestalten.<\/p>","protected":false},"excerpt":{"rendered":"<p>Die Tragetasche RONEER wurde aus hochwertigem Nylon gefertigt, um Langlebigkeit und Wasserfestigkeit zu gew\u00e4hrleisten. Das modische Design mit Elementen im Vintage- und National-England-Stil spricht moderne Frauen an, die einen klassischen und zugleich modernen Look bevorzugen. Die Tasche ist leicht und dennoch robust und eignet sich daher ideal, um die wichtigsten Dinge des Tages bequem zu transportieren.<\/p>","protected":false},"featured_media":3480,"comment_status":"open","ping_status":"closed","template":"","meta":{"site-sidebar-layout":"default","site-content-layout":"","ast-site-content-layout":"default","site-content-style":"default","site-sidebar-style":"default","ast-global-header-display":"","ast-banner-title-visibility":"","ast-main-header-display":"","ast-hfb-above-header-display":"","ast-hfb-below-header-display":"","ast-hfb-mobile-header-display":"","site-post-title":"","ast-breadcrumbs-content":"","ast-featured-img":"","footer-sml-layout":"","ast-disable-related-posts":"","theme-transparent-header-meta":"default","adv-header-id-meta":"","stick-header-meta":"","header-above-stick-meta":"","header-main-stick-meta":"","header-below-stick-meta":"","astra-migrate-meta-layouts":"set","ast-page-background-enabled":"default","ast-page-background-meta":{"desktop":{"background-color":"var(--ast-global-color-5)","background-image":"","background-repeat":"repeat","background-position":"center center","background-size":"auto","background-attachment":"scroll","background-type":"","background-media":"","overlay-type":"","overlay-color":"","overlay-opacity":"","overlay-gradient":""},"tablet":{"background-color":"","background-image":"","background-repeat":"repeat","background-position":"center center","background-size":"auto","background-attachment":"scroll","background-type":"","background-media":"","overlay-type":"","overlay-color":"","overlay-opacity":"","overlay-gradient":""},"mobile":{"background-color":"","background-image":"","background-repeat":"repeat","background-position":"center center","background-size":"auto","background-attachment":"scroll","background-type":"","background-media":"","overlay-type":"","overlay-color":"","overlay-opacity":"","overlay-gradient":""}},"ast-content-background-meta":{"desktop":{"background-color":"var(--ast-global-color-4)","background-image":"","background-repeat":"repeat","background-position":"center center","background-size":"auto","background-attachment":"scroll","background-type":"","background-media":"","overlay-type":"","overlay-color":"","overlay-opacity":"","overlay-gradient":""},"tablet":{"background-color":"var(--ast-global-color-4)","background-image":"","background-repeat":"repeat","background-position":"center center","background-size":"auto","background-attachment":"scroll","background-type":"","background-media":"","overlay-type":"","overlay-color":"","overlay-opacity":"","overlay-gradient":""},"mobile":{"background-color":"var(--ast-global-color-4)","background-image":"","background-repeat":"repeat","background-position":"center center","background-size":"auto","background-attachment":"scroll","background-type":"","background-media":"","overlay-type":"","overlay-color":"","overlay-opacity":"","overlay-gradient":""}}},"product_brand":[],"product_cat":[59,54],"product_tag":[],"class_list":{"0":"post-3477","1":"product","2":"type-product","3":"status-publish","4":"has-post-thumbnail","6":"product_cat-quilted-tote-bag","7":"product_cat-womens-bag","8":"desktop-align-left","9":"tablet-align-left","10":"mobile-align-left","12":"first","13":"instock","14":"shipping-taxable","15":"product-type-simple"},"_links":{"self":[{"href":"https:\/\/baijiabags.com\/de\/wp-json\/wp\/v2\/product\/3477","targetHints":{"allow":["GET"]}}],"collection":[{"href":"https:\/\/baijiabags.com\/de\/wp-json\/wp\/v2\/product"}],"about":[{"href":"https:\/\/baijiabags.com\/de\/wp-json\/wp\/v2\/types\/product"}],"replies":[{"embeddable":true,"href":"https:\/\/baijiabags.com\/de\/wp-json\/wp\/v2\/comments?post=3477"}],"wp:featuredmedia":[{"embeddable":true,"href":"https:\/\/baijiabags.com\/de\/wp-json\/wp\/v2\/media\/3480"}],"wp:attachment":[{"href":"https:\/\/baijiabags.com\/de\/wp-json\/wp\/v2\/media?parent=3477"}],"wp:term":[{"taxonomy":"product_brand","embeddable":true,"href":"https:\/\/baijiabags.com\/de\/wp-json\/wp\/v2\/product_brand?post=3477"},{"taxonomy":"product_cat","embeddable":true,"href":"https:\/\/baijiabags.com\/de\/wp-json\/wp\/v2\/product_cat?post=3477"},{"taxonomy":"product_tag","embeddable":true,"href":"https:\/\/baijiabags.com\/de\/wp-json\/wp\/v2\/product_tag?post=3477"}],"curies":[{"name":"wp","href":"https:\/\/api.w.org\/{rel}","templated":true}]}}