{"id":3471,"date":"2025-10-16T05:55:40","date_gmt":"2025-10-16T05:55:40","guid":{"rendered":"https:\/\/baijiabags.com\/?post_type=product&#038;p=3471"},"modified":"2025-11-01T01:23:32","modified_gmt":"2025-11-01T01:23:32","slug":"lightweight-quilted-womens-tote-bag-vintage-lady-style-gym-work-travel-shoulder-handbag-wholesale","status":"publish","type":"product","link":"https:\/\/baijiabags.com\/de\/produkt\/lightweight-quilted-womens-tote-bag-vintage-lady-style-gym-work-travel-shoulder-handbag-wholesale\/","title":{"rendered":"Leichte gesteppte Frauentasche Vintage Lady Style Gym Work Travel Shoulder Handtasche Gro\u00dfhandel"},"content":{"rendered":"<h2 data-start=\"583\" data-end=\"598\">Wesentliche Merkmale<\/h2>\n<ol data-start=\"600\" data-end=\"1379\">\n<li data-start=\"600\" data-end=\"702\">\n<p data-start=\"603\" data-end=\"702\"><strong data-start=\"603\" data-end=\"627\">Langlebige Konstruktion<\/strong> - Die Tasche ist aus hochwertigem Polyester gefertigt und garantiert eine lange Lebensdauer.<\/p>\n<\/li>\n<li data-start=\"703\" data-end=\"798\">\n<p data-start=\"706\" data-end=\"798\"><strong data-start=\"706\" data-end=\"733\">Wasserabweisende Oberfl\u00e4che<\/strong> - Sch\u00fctzt Ihr Hab und Gut vor unerwarteten Spritzern und leichtem Regen.<\/p>\n<\/li>\n<li data-start=\"799\" data-end=\"904\">\n<p data-start=\"802\" data-end=\"904\"><strong data-start=\"802\" data-end=\"824\">Modisches Design<\/strong> - Vintage- und Streifenmuster wurden eingearbeitet, um moderne Trends widerzuspiegeln.<\/p>\n<\/li>\n<li data-start=\"905\" data-end=\"1011\">\n<p data-start=\"908\" data-end=\"1011\"><strong data-start=\"908\" data-end=\"937\">Gr\u00f6\u00dfe und Farbe anpassbar<\/strong> - Gr\u00f6\u00dfe und Farbe sind je nach individuellen Vorlieben w\u00e4hlbar.<\/p>\n<\/li>\n<li data-start=\"1012\" data-end=\"1115\">\n<p data-start=\"1015\" data-end=\"1115\"><strong data-start=\"1015\" data-end=\"1036\">Ger\u00e4umiges Interieur<\/strong> - Bietet reichlich Platz f\u00fcr die wichtigsten Utensilien im Fitnessstudio, auf Reisen oder bei der Arbeit.<\/p>\n<\/li>\n<li data-start=\"1116\" data-end=\"1201\">\n<p data-start=\"1119\" data-end=\"1201\"><strong data-start=\"1119\" data-end=\"1144\">Leichte Struktur<\/strong> - Konzipiert f\u00fcr komfortables t\u00e4gliches Tragen ohne Belastung.<\/p>\n<\/li>\n<li data-start=\"1202\" data-end=\"1291\">\n<p data-start=\"1205\" data-end=\"1291\"><strong data-start=\"1205\" data-end=\"1224\">Vielseitige Verwendung<\/strong> - Geeignet zum Einkaufen, auf Reisen, im Fitnessstudio oder bei allt\u00e4glichen Aktivit\u00e4ten.<\/p>\n<\/li>\n<li data-start=\"1292\" data-end=\"1379\">\n<p data-start=\"1295\" data-end=\"1379\"><strong data-start=\"1295\" data-end=\"1315\">Einfache Wartung<\/strong> - Das Polyestermaterial erm\u00f6glicht eine einfache Reinigung und Pflege.<\/p>\n<\/li>\n<\/ol>\n<p><img fetchpriority=\"high\" decoding=\"async\" class=\"aligncenter wp-image-3474\" src=\"https:\/\/baijiabags.com\/wp-content\/uploads\/2025\/10\/1-2-15-300x125.png\" alt=\"Lightweight Quilted Women\u2019s Tote Bag Vintage Lady Style Gym Work Travel Shoulder Handbag Wholesale\" width=\"692\" height=\"288\" srcset=\"https:\/\/baijiabags.com\/wp-content\/uploads\/2025\/10\/1-2-15-300x125.png 300w, https:\/\/baijiabags.com\/wp-content\/uploads\/2025\/10\/1-2-15-1024x427.png 1024w, https:\/\/baijiabags.com\/wp-content\/uploads\/2025\/10\/1-2-15-768x320.png 768w, https:\/\/baijiabags.com\/wp-content\/uploads\/2025\/10\/1-2-15-1536x640.png 1536w, https:\/\/baijiabags.com\/wp-content\/uploads\/2025\/10\/1-2-15-18x8.png 18w, https:\/\/baijiabags.com\/wp-content\/uploads\/2025\/10\/1-2-15-600x250.png 600w, https:\/\/baijiabags.com\/wp-content\/uploads\/2025\/10\/1-2-15.png 1920w\" sizes=\"(max-width: 692px) 100vw, 692px\" \/><\/p>\n<h2 data-start=\"1381\" data-end=\"1398\">Spezifikationen<\/h2>\n<div class=\"_tableContainer_1rjym_1\">\n<div class=\"group _tableWrapper_1rjym_13 flex w-fit flex-col-reverse\" tabindex=\"-1\">\n<table class=\"w-fit min-w-(--thread-content-width)\" data-start=\"1400\" data-end=\"1851\">\n<thead data-start=\"1400\" data-end=\"1427\">\n<tr data-start=\"1400\" data-end=\"1427\">\n<th data-start=\"1400\" data-end=\"1412\" data-col-size=\"sm\">Parameter<\/th>\n<th data-start=\"1412\" data-end=\"1427\" data-col-size=\"md\">Beschreibung<\/th>\n<\/tr>\n<\/thead>\n<tbody data-start=\"1456\" data-end=\"1851\">\n<tr data-start=\"1456\" data-end=\"1491\">\n<td data-start=\"1456\" data-end=\"1471\" data-col-size=\"sm\">Produktname<\/td>\n<td data-col-size=\"md\" data-start=\"1471\" data-end=\"1491\">Gesteppte Tragetasche<\/td>\n<\/tr>\n<tr data-start=\"1492\" data-end=\"1510\">\n<td data-start=\"1492\" data-end=\"1500\" data-col-size=\"sm\">Marke<\/td>\n<td data-start=\"1500\" data-end=\"1510\" data-col-size=\"md\">RONEER<\/td>\n<\/tr>\n<tr data-start=\"1511\" data-end=\"1540\">\n<td data-start=\"1511\" data-end=\"1520\" data-col-size=\"sm\">Herkunft<\/td>\n<td data-col-size=\"md\" data-start=\"1520\" data-end=\"1540\">Guangdong, China<\/td>\n<\/tr>\n<tr data-start=\"1541\" data-end=\"1559\">\n<td data-start=\"1541\" data-end=\"1549\" data-col-size=\"sm\">Modell<\/td>\n<td data-col-size=\"md\" data-start=\"1549\" data-end=\"1559\">BJ-061<\/td>\n<\/tr>\n<tr data-start=\"1560\" data-end=\"1619\">\n<td data-start=\"1560\" data-end=\"1568\" data-col-size=\"sm\">Stil<\/td>\n<td data-col-size=\"md\" data-start=\"1568\" data-end=\"1619\">Mode, Dame, Vintage, National, England Style<\/td>\n<\/tr>\n<tr data-start=\"1620\" data-end=\"1649\">\n<td data-start=\"1620\" data-end=\"1636\" data-col-size=\"sm\">Hauptmaterial<\/td>\n<td data-col-size=\"md\" data-start=\"1636\" data-end=\"1649\">Polyester<\/td>\n<\/tr>\n<tr data-start=\"1650\" data-end=\"1676\">\n<td data-start=\"1650\" data-end=\"1665\" data-col-size=\"sm\">Muster Typ<\/td>\n<td data-col-size=\"md\" data-start=\"1665\" data-end=\"1676\">Gestreift<\/td>\n<\/tr>\n<tr data-start=\"1677\" data-end=\"1700\">\n<td data-start=\"1677\" data-end=\"1684\" data-col-size=\"sm\">Gr\u00f6\u00dfe<\/td>\n<td data-col-size=\"md\" data-start=\"1684\" data-end=\"1700\">Anpassbar<\/td>\n<\/tr>\n<tr data-start=\"1701\" data-end=\"1725\">\n<td data-start=\"1701\" data-end=\"1709\" data-col-size=\"sm\">Farbe<\/td>\n<td data-col-size=\"md\" data-start=\"1709\" data-end=\"1725\">Anpassbar<\/td>\n<\/tr>\n<tr data-start=\"1726\" data-end=\"1765\">\n<td data-start=\"1726\" data-end=\"1737\" data-col-size=\"sm\">Eigenschaften<\/td>\n<td data-col-size=\"md\" data-start=\"1737\" data-end=\"1765\">Langlebig, wasserbest\u00e4ndig<\/td>\n<\/tr>\n<tr data-start=\"1766\" data-end=\"1804\">\n<td data-start=\"1766\" data-end=\"1791\" data-col-size=\"sm\">Mindestbestellmenge<\/td>\n<td data-col-size=\"md\" data-start=\"1791\" data-end=\"1804\">300 Einheiten<\/td>\n<\/tr>\n<tr data-start=\"1805\" data-end=\"1851\">\n<td data-start=\"1805\" data-end=\"1819\" data-col-size=\"sm\">Anmeldung<\/td>\n<td data-col-size=\"md\" data-start=\"1819\" data-end=\"1851\">Reisen, T\u00e4gliches Leben, Einkaufen<\/td>\n<\/tr>\n<\/tbody>\n<\/table>\n<\/div>\n<\/div>\n<h2 data-start=\"1853\" data-end=\"1868\">Anwendungen<\/h2>\n<ul data-start=\"1944\" data-end=\"2232\">\n<li data-start=\"1944\" data-end=\"2011\">\n<p data-start=\"1946\" data-end=\"2011\"><strong data-start=\"1946\" data-end=\"1956\">Reisen<\/strong> - Wird f\u00fcr die Organisation pers\u00f6nlicher Gegenst\u00e4nde auf Reisen verwendet.<\/p>\n<\/li>\n<li data-start=\"2012\" data-end=\"2074\">\n<p data-start=\"2014\" data-end=\"2074\"><strong data-start=\"2014\" data-end=\"2028\">Das t\u00e4gliche Leben<\/strong> - Praktisch f\u00fcr den Transport von Dingen des t\u00e4glichen Bedarfs.<\/p>\n<\/li>\n<li data-start=\"2075\" data-end=\"2153\">\n<p data-start=\"2077\" data-end=\"2153\"><strong data-start=\"2077\" data-end=\"2089\">Einkaufen<\/strong> - Bietet reichlich Platz f\u00fcr Eink\u00e4ufe und pers\u00f6nliche Gegenst\u00e4nde.<\/p>\n<\/li>\n<li data-start=\"2154\" data-end=\"2232\">\n<p data-start=\"2156\" data-end=\"2232\"><strong data-start=\"2156\" data-end=\"2173\">Fitnessstudio &amp; Fitness<\/strong> - Geeignet f\u00fcr die Aufbewahrung von Trainingskleidung und Zubeh\u00f6r.<\/p>\n<\/li>\n<\/ul>\n<p data-start=\"2234\" data-end=\"2499\">Diese Tragetasche wird f\u00fcr ihre Kombination aus Stil, Haltbarkeit und Funktionalit\u00e4t gesch\u00e4tzt. Wenn Sie an diesem Produkt interessiert sind, kontaktieren Sie uns bitte, um ein Muster zu erhalten. ODM- und OEM-Dienstleistungen sind verf\u00fcgbar, um Ihre spezifischen Design- und Markenanforderungen zu erf\u00fcllen.<\/p>","protected":false},"excerpt":{"rendered":"<p>Die <strong data-start=\"109\" data-end=\"149\">Leichte gesteppte Tote Bag f\u00fcr Frauen<\/strong> von <strong data-start=\"153\" data-end=\"163\">RONEER<\/strong> wurde entworfen, um der modernen Frau sowohl Stil als auch Funktionalit\u00e4t zu bieten. Diese Tragetasche ist bekannt f\u00fcr ihre <strong data-start=\"276\" data-end=\"298\">Vintage-Damenstil<\/strong>geeignet f\u00fcr Fitnessstudio, Arbeit, Reisen und den t\u00e4glichen Gebrauch. Die leichte Konstruktion sorgt f\u00fcr ein einfaches Tragen, w\u00e4hrend das gesteppte \u00c4u\u00dfere die Haltbarkeit und \u00c4sthetik der Tasche verbessert. Die Tasche wurde aus hochwertigen Materialien gefertigt, um Langlebigkeit und Komfort bei t\u00e4glichen Aktivit\u00e4ten zu gew\u00e4hrleisten.<\/p>","protected":false},"featured_media":3475,"comment_status":"open","ping_status":"closed","template":"","meta":{"site-sidebar-layout":"default","site-content-layout":"","ast-site-content-layout":"default","site-content-style":"default","site-sidebar-style":"default","ast-global-header-display":"","ast-banner-title-visibility":"","ast-main-header-display":"","ast-hfb-above-header-display":"","ast-hfb-below-header-display":"","ast-hfb-mobile-header-display":"","site-post-title":"","ast-breadcrumbs-content":"","ast-featured-img":"","footer-sml-layout":"","ast-disable-related-posts":"","theme-transparent-header-meta":"default","adv-header-id-meta":"","stick-header-meta":"","header-above-stick-meta":"","header-main-stick-meta":"","header-below-stick-meta":"","astra-migrate-meta-layouts":"set","ast-page-background-enabled":"default","ast-page-background-meta":{"desktop":{"background-color":"var(--ast-global-color-5)","background-image":"","background-repeat":"repeat","background-position":"center center","background-size":"auto","background-attachment":"scroll","background-type":"","background-media":"","overlay-type":"","overlay-color":"","overlay-opacity":"","overlay-gradient":""},"tablet":{"background-color":"","background-image":"","background-repeat":"repeat","background-position":"center center","background-size":"auto","background-attachment":"scroll","background-type":"","background-media":"","overlay-type":"","overlay-color":"","overlay-opacity":"","overlay-gradient":""},"mobile":{"background-color":"","background-image":"","background-repeat":"repeat","background-position":"center center","background-size":"auto","background-attachment":"scroll","background-type":"","background-media":"","overlay-type":"","overlay-color":"","overlay-opacity":"","overlay-gradient":""}},"ast-content-background-meta":{"desktop":{"background-color":"var(--ast-global-color-4)","background-image":"","background-repeat":"repeat","background-position":"center center","background-size":"auto","background-attachment":"scroll","background-type":"","background-media":"","overlay-type":"","overlay-color":"","overlay-opacity":"","overlay-gradient":""},"tablet":{"background-color":"var(--ast-global-color-4)","background-image":"","background-repeat":"repeat","background-position":"center center","background-size":"auto","background-attachment":"scroll","background-type":"","background-media":"","overlay-type":"","overlay-color":"","overlay-opacity":"","overlay-gradient":""},"mobile":{"background-color":"var(--ast-global-color-4)","background-image":"","background-repeat":"repeat","background-position":"center center","background-size":"auto","background-attachment":"scroll","background-type":"","background-media":"","overlay-type":"","overlay-color":"","overlay-opacity":"","overlay-gradient":""}}},"product_brand":[],"product_cat":[59,54],"product_tag":[],"class_list":{"0":"post-3471","1":"product","2":"type-product","3":"status-publish","4":"has-post-thumbnail","6":"product_cat-quilted-tote-bag","7":"product_cat-womens-bag","8":"desktop-align-left","9":"tablet-align-left","10":"mobile-align-left","12":"first","13":"instock","14":"shipping-taxable","15":"product-type-simple"},"_links":{"self":[{"href":"https:\/\/baijiabags.com\/de\/wp-json\/wp\/v2\/product\/3471","targetHints":{"allow":["GET"]}}],"collection":[{"href":"https:\/\/baijiabags.com\/de\/wp-json\/wp\/v2\/product"}],"about":[{"href":"https:\/\/baijiabags.com\/de\/wp-json\/wp\/v2\/types\/product"}],"replies":[{"embeddable":true,"href":"https:\/\/baijiabags.com\/de\/wp-json\/wp\/v2\/comments?post=3471"}],"wp:featuredmedia":[{"embeddable":true,"href":"https:\/\/baijiabags.com\/de\/wp-json\/wp\/v2\/media\/3475"}],"wp:attachment":[{"href":"https:\/\/baijiabags.com\/de\/wp-json\/wp\/v2\/media?parent=3471"}],"wp:term":[{"taxonomy":"product_brand","embeddable":true,"href":"https:\/\/baijiabags.com\/de\/wp-json\/wp\/v2\/product_brand?post=3471"},{"taxonomy":"product_cat","embeddable":true,"href":"https:\/\/baijiabags.com\/de\/wp-json\/wp\/v2\/product_cat?post=3471"},{"taxonomy":"product_tag","embeddable":true,"href":"https:\/\/baijiabags.com\/de\/wp-json\/wp\/v2\/product_tag?post=3471"}],"curies":[{"name":"wp","href":"https:\/\/api.w.org\/{rel}","templated":true}]}}