{"id":3335,"date":"2025-10-16T01:16:49","date_gmt":"2025-10-16T01:16:49","guid":{"rendered":"https:\/\/baijiabags.com\/?post_type=product&#038;p=3335"},"modified":"2025-10-16T01:16:49","modified_gmt":"2025-10-16T01:16:49","slug":"mens-waterproof-oxford-cloth-tactical-waist-bag-outdoor-fishing-camping-vintage-fanny-pack","status":"publish","type":"product","link":"https:\/\/baijiabags.com\/de\/produkt\/mens-waterproof-oxford-cloth-tactical-waist-bag-outdoor-fishing-camping-vintage-fanny-pack\/","title":{"rendered":"Herren wasserdicht Oxford Stoff taktische G\u00fcrteltasche Outdoor Angeln Camping Vintage Fanny Pack"},"content":{"rendered":"<h2 data-start=\"745\" data-end=\"762\">Wesentliche Merkmale<\/h2>\n<ol data-start=\"764\" data-end=\"1907\">\n<li data-start=\"764\" data-end=\"920\">\n<p data-start=\"767\" data-end=\"920\"><strong data-start=\"767\" data-end=\"792\">Wasserdichter Schutz: <\/strong>Das Oxford-Gewebe wurde wasserabweisend behandelt, damit die Gegenst\u00e4nde vor Feuchtigkeit gesch\u00fctzt sind.<\/p>\n<\/li>\n<li data-start=\"922\" data-end=\"1057\">\n<p data-start=\"925\" data-end=\"1057\"><strong data-start=\"925\" data-end=\"939\">Langlebigkeit: <\/strong>Es wurde ein robustes und verschlei\u00dffestes Gewebe verwendet, so dass die Tasche auch rauen Au\u00dfenbedingungen standh\u00e4lt.<\/p>\n<\/li>\n<li data-start=\"1059\" data-end=\"1186\">\n<p data-start=\"1062\" data-end=\"1186\"><strong data-start=\"1062\" data-end=\"1080\">Vintage-Design:<\/strong>Der Retro-Look macht die H\u00fcfttasche modisch und funktional zugleich.<\/p>\n<\/li>\n<li data-start=\"1188\" data-end=\"1342\">\n<p data-start=\"1191\" data-end=\"1342\"><strong data-start=\"1191\" data-end=\"1209\">Gro\u00dfe Kapazit\u00e4t:<\/strong>Die Gr\u00f6\u00dfe der <strong data-start=\"1227\" data-end=\"1252\">38 cm \u00d7 14 cm \u00d7 19 cm<\/strong> wurde so konzipiert, dass er gro\u00dfz\u00fcgigen Stauraum f\u00fcr die Dinge des t\u00e4glichen Bedarfs und die Outdoor-Ausr\u00fcstung bietet.<\/p>\n<\/li>\n<li data-start=\"1344\" data-end=\"1475\">\n<p data-start=\"1347\" data-end=\"1475\"><strong data-start=\"1347\" data-end=\"1367\">Verstellbarer Gurt:<\/strong>Der verstellbare H\u00fcftgurt sorgt f\u00fcr Komfort und einen sicheren Sitz f\u00fcr den Benutzer.<\/p>\n<\/li>\n<li data-start=\"1477\" data-end=\"1611\">\n<p data-start=\"1480\" data-end=\"1611\"><strong data-start=\"1480\" data-end=\"1508\">Leichte Konstruktion:<\/strong>Die Tasche wurde so hergestellt, dass sie sehr leicht ist, was die Belastung bei l\u00e4ngerem Tragen verringert.<\/p>\n<\/li>\n<li data-start=\"1613\" data-end=\"1735\">\n<p data-start=\"1616\" data-end=\"1735\"><strong data-start=\"1616\" data-end=\"1640\">Anpassbare Optionen:<\/strong>Das Produkt ist in anpassbaren Farben erh\u00e4ltlich, um verschiedenen Vorlieben gerecht zu werden.<\/p>\n<\/li>\n<li data-start=\"1737\" data-end=\"1907\">\n<p data-start=\"1740\" data-end=\"1907\"><strong data-start=\"1740\" data-end=\"1761\">Mehrzwecknutzung:<\/strong>Das Design wurde f\u00fcr Outdoor-Abenteuer, Klettern, Reisen, Angeln und Camping angepasst, so dass es vielseitig einsetzbar ist.<\/p>\n<\/li>\n<\/ol>\n<h2 data-start=\"1914\" data-end=\"1933\">Spezifikationen<\/h2>\n<div class=\"_tableContainer_1rjym_1\">\n<div class=\"group _tableWrapper_1rjym_13 flex w-fit flex-col-reverse\" tabindex=\"-1\">\n<table class=\"w-fit min-w-(--thread-content-width)\" data-start=\"1935\" data-end=\"2746\">\n<thead data-start=\"1935\" data-end=\"1994\">\n<tr data-start=\"1935\" data-end=\"1994\">\n<th data-start=\"1935\" data-end=\"1957\" data-col-size=\"sm\"><strong data-start=\"1937\" data-end=\"1945\">Artikel<\/strong><\/th>\n<th data-start=\"1957\" data-end=\"1994\" data-col-size=\"md\"><strong data-start=\"1959\" data-end=\"1970\">Einzelheiten<\/strong><\/th>\n<\/tr>\n<\/thead>\n<tbody data-start=\"2056\" data-end=\"2746\">\n<tr data-start=\"2056\" data-end=\"2116\">\n<td data-start=\"2056\" data-end=\"2079\" data-col-size=\"sm\">Produktname<\/td>\n<td data-col-size=\"md\" data-start=\"2079\" data-end=\"2116\">Outdoor-G\u00fcrteltasche<\/td>\n<\/tr>\n<tr data-start=\"2117\" data-end=\"2177\">\n<td data-start=\"2117\" data-end=\"2140\" data-col-size=\"sm\">Marke<\/td>\n<td data-col-size=\"md\" data-start=\"2140\" data-end=\"2177\">RONEER<\/td>\n<\/tr>\n<tr data-start=\"2178\" data-end=\"2238\">\n<td data-start=\"2178\" data-end=\"2201\" data-col-size=\"sm\">Modellnummer<\/td>\n<td data-col-size=\"md\" data-start=\"2201\" data-end=\"2238\">AL-2342<\/td>\n<\/tr>\n<tr data-start=\"2239\" data-end=\"2299\">\n<td data-start=\"2239\" data-end=\"2262\" data-col-size=\"sm\">Herkunft<\/td>\n<td data-col-size=\"md\" data-start=\"2262\" data-end=\"2299\">Guangdong, China<\/td>\n<\/tr>\n<tr data-start=\"2300\" data-end=\"2360\">\n<td data-start=\"2300\" data-end=\"2323\" data-col-size=\"sm\">Stil<\/td>\n<td data-col-size=\"md\" data-start=\"2323\" data-end=\"2360\">Weinlese<\/td>\n<\/tr>\n<tr data-start=\"2361\" data-end=\"2421\">\n<td data-start=\"2361\" data-end=\"2384\" data-col-size=\"sm\">Hauptmaterial<\/td>\n<td data-col-size=\"md\" data-start=\"2384\" data-end=\"2421\">Oxford-Stoff<\/td>\n<\/tr>\n<tr data-start=\"2422\" data-end=\"2482\">\n<td data-start=\"2422\" data-end=\"2445\" data-col-size=\"sm\">Gr\u00f6\u00dfe<\/td>\n<td data-start=\"2445\" data-end=\"2482\" data-col-size=\"md\">38 cm \u00d7 14 cm \u00d7 19 cm<\/td>\n<\/tr>\n<tr data-start=\"2483\" data-end=\"2543\">\n<td data-start=\"2483\" data-end=\"2506\" data-col-size=\"sm\">Farbe<\/td>\n<td data-col-size=\"md\" data-start=\"2506\" data-end=\"2543\">Anpassbar<\/td>\n<\/tr>\n<tr data-start=\"2544\" data-end=\"2604\">\n<td data-start=\"2544\" data-end=\"2567\" data-col-size=\"sm\">Eigenschaften<\/td>\n<td data-start=\"2567\" data-end=\"2604\" data-col-size=\"md\">Wasserdicht, langlebig<\/td>\n<\/tr>\n<tr data-start=\"2605\" data-end=\"2665\">\n<td data-start=\"2605\" data-end=\"2628\" data-col-size=\"sm\">Mindestbestellmenge<\/td>\n<td data-col-size=\"md\" data-start=\"2628\" data-end=\"2665\">300<\/td>\n<\/tr>\n<tr data-start=\"2666\" data-end=\"2746\">\n<td data-start=\"2666\" data-end=\"2689\" data-col-size=\"sm\">Anmeldung<\/td>\n<td data-col-size=\"md\" data-start=\"2689\" data-end=\"2746\">Outdoor, Klettern, Wandern, Reisen, Angeln, Camping<\/td>\n<\/tr>\n<\/tbody>\n<\/table>\n<\/div>\n<\/div>\n<h2 data-start=\"2753\" data-end=\"2770\">Anwendungen<\/h2>\n<ul data-start=\"2771\" data-end=\"3048\">\n<li data-start=\"2771\" data-end=\"2822\">\n<p data-start=\"2773\" data-end=\"2822\">Outdoor-Abenteuer wie Camping und Trekking<\/p>\n<\/li>\n<li data-start=\"2823\" data-end=\"2879\">\n<p data-start=\"2825\" data-end=\"2879\">Angelausfl\u00fcge erfordern praktische, wasserdichte Aufbewahrung<\/p>\n<\/li>\n<li data-start=\"2880\" data-end=\"2929\">\n<p data-start=\"2882\" data-end=\"2929\">T\u00e4gliches Reisen und Pendeln im Retro-Stil<\/p>\n<\/li>\n<\/ul>\n<p data-start=\"3055\" data-end=\"3225\">Wenn Interesse an dieser H\u00fcfttasche besteht, k\u00f6nnen Muster angefordert werden. <strong data-start=\"3138\" data-end=\"3174\">ODM- und OEM-Dienste werden unterst\u00fctzt<\/strong> f\u00fcr Markenanpassung und Produktentwicklung.<\/p>","protected":false},"excerpt":{"rendered":"<p>Die <strong data-start=\"210\" data-end=\"261\">Wasserdichte taktische G\u00fcrteltasche aus Oxford-Stoff f\u00fcr Herren<\/strong> wurde entworfen von <strong data-start=\"283\" data-end=\"293\">RONEER<\/strong> um den Anforderungen von Outdoor-Enthusiasten gerecht zu werden. Die aus hochwertigem Oxford-Gewebe gefertigte Tasche wurde entwickelt, um verschiedenen Wetterbedingungen und rauen Umgebungen standzuhalten. Der Stil ist vom Vintage-Stil inspiriert, w\u00e4hrend gleichzeitig moderne Haltbarkeit und Funktionalit\u00e4t gew\u00e4hrleistet sind. Mit wasserdichtem Schutz und mehreren F\u00e4chern bietet sie zuverl\u00e4ssigen Stauraum f\u00fcr Angel-, Camping-, Wander- und Reiseaktivit\u00e4ten.<\/p>","protected":false},"featured_media":3339,"comment_status":"open","ping_status":"closed","template":"","meta":{"site-sidebar-layout":"default","site-content-layout":"","ast-site-content-layout":"default","site-content-style":"default","site-sidebar-style":"default","ast-global-header-display":"","ast-banner-title-visibility":"","ast-main-header-display":"","ast-hfb-above-header-display":"","ast-hfb-below-header-display":"","ast-hfb-mobile-header-display":"","site-post-title":"","ast-breadcrumbs-content":"","ast-featured-img":"","footer-sml-layout":"","ast-disable-related-posts":"","theme-transparent-header-meta":"default","adv-header-id-meta":"","stick-header-meta":"","header-above-stick-meta":"","header-main-stick-meta":"","header-below-stick-meta":"","astra-migrate-meta-layouts":"set","ast-page-background-enabled":"default","ast-page-background-meta":{"desktop":{"background-color":"var(--ast-global-color-5)","background-image":"","background-repeat":"repeat","background-position":"center center","background-size":"auto","background-attachment":"scroll","background-type":"","background-media":"","overlay-type":"","overlay-color":"","overlay-opacity":"","overlay-gradient":""},"tablet":{"background-color":"","background-image":"","background-repeat":"repeat","background-position":"center center","background-size":"auto","background-attachment":"scroll","background-type":"","background-media":"","overlay-type":"","overlay-color":"","overlay-opacity":"","overlay-gradient":""},"mobile":{"background-color":"","background-image":"","background-repeat":"repeat","background-position":"center center","background-size":"auto","background-attachment":"scroll","background-type":"","background-media":"","overlay-type":"","overlay-color":"","overlay-opacity":"","overlay-gradient":""}},"ast-content-background-meta":{"desktop":{"background-color":"var(--ast-global-color-4)","background-image":"","background-repeat":"repeat","background-position":"center center","background-size":"auto","background-attachment":"scroll","background-type":"","background-media":"","overlay-type":"","overlay-color":"","overlay-opacity":"","overlay-gradient":""},"tablet":{"background-color":"var(--ast-global-color-4)","background-image":"","background-repeat":"repeat","background-position":"center center","background-size":"auto","background-attachment":"scroll","background-type":"","background-media":"","overlay-type":"","overlay-color":"","overlay-opacity":"","overlay-gradient":""},"mobile":{"background-color":"var(--ast-global-color-4)","background-image":"","background-repeat":"repeat","background-position":"center center","background-size":"auto","background-attachment":"scroll","background-type":"","background-media":"","overlay-type":"","overlay-color":"","overlay-opacity":"","overlay-gradient":""}}},"product_brand":[],"product_cat":[58],"product_tag":[],"class_list":{"0":"post-3335","1":"product","2":"type-product","3":"status-publish","4":"has-post-thumbnail","6":"product_cat-outdoor-bag","7":"desktop-align-left","8":"tablet-align-left","9":"mobile-align-left","11":"first","12":"instock","13":"shipping-taxable","14":"product-type-simple"},"_links":{"self":[{"href":"https:\/\/baijiabags.com\/de\/wp-json\/wp\/v2\/product\/3335","targetHints":{"allow":["GET"]}}],"collection":[{"href":"https:\/\/baijiabags.com\/de\/wp-json\/wp\/v2\/product"}],"about":[{"href":"https:\/\/baijiabags.com\/de\/wp-json\/wp\/v2\/types\/product"}],"replies":[{"embeddable":true,"href":"https:\/\/baijiabags.com\/de\/wp-json\/wp\/v2\/comments?post=3335"}],"wp:featuredmedia":[{"embeddable":true,"href":"https:\/\/baijiabags.com\/de\/wp-json\/wp\/v2\/media\/3339"}],"wp:attachment":[{"href":"https:\/\/baijiabags.com\/de\/wp-json\/wp\/v2\/media?parent=3335"}],"wp:term":[{"taxonomy":"product_brand","embeddable":true,"href":"https:\/\/baijiabags.com\/de\/wp-json\/wp\/v2\/product_brand?post=3335"},{"taxonomy":"product_cat","embeddable":true,"href":"https:\/\/baijiabags.com\/de\/wp-json\/wp\/v2\/product_cat?post=3335"},{"taxonomy":"product_tag","embeddable":true,"href":"https:\/\/baijiabags.com\/de\/wp-json\/wp\/v2\/product_tag?post=3335"}],"curies":[{"name":"wp","href":"https:\/\/api.w.org\/{rel}","templated":true}]}}