{"id":3271,"date":"2025-10-14T09:21:03","date_gmt":"2025-10-14T09:21:03","guid":{"rendered":"https:\/\/baijiabags.com\/?post_type=product&#038;p=3271"},"modified":"2025-10-14T09:21:03","modified_gmt":"2025-10-14T09:21:03","slug":"wholesale-tactical-hydration-backpack-outdoor-cycling-running-sports-hydration-pack-with-water-bladder","status":"publish","type":"product","link":"https:\/\/baijiabags.com\/de\/produkt\/wholesale-tactical-hydration-backpack-outdoor-cycling-running-sports-hydration-pack-with-water-bladder\/","title":{"rendered":"Gro\u00dfhandel Tactical Hydration Backpack - Outdoor-Radfahren, Laufen &amp; Sport Hydration Pack mit Wasserblase"},"content":{"rendered":"<h2 data-start=\"720\" data-end=\"737\">Wesentliche Merkmale<\/h2>\n<ol data-start=\"739\" data-end=\"1819\">\n<li data-start=\"739\" data-end=\"876\">\n<p data-start=\"742\" data-end=\"876\"><strong data-start=\"742\" data-end=\"772\">Fassungsverm\u00f6gen der Trinksystemblase<\/strong><br data-start=\"772\" data-end=\"775\" \/>Die mitgelieferte 3-Liter-Wasserblase macht lange Reisen und Ausdauersport bequemer.<\/p>\n<\/li>\n<li data-start=\"878\" data-end=\"1009\">\n<p data-start=\"881\" data-end=\"1009\"><strong data-start=\"881\" data-end=\"905\">Langlebige Konstruktion<\/strong><br data-start=\"905\" data-end=\"908\" \/>F\u00fcr den Rucksack wurde PU-Material gew\u00e4hlt, um Wasserbest\u00e4ndigkeit und zuverl\u00e4ssige Festigkeit zu gew\u00e4hrleisten.<\/p>\n<\/li>\n<li data-start=\"1011\" data-end=\"1149\">\n<p data-start=\"1014\" data-end=\"1149\"><strong data-start=\"1014\" data-end=\"1032\">Kompakte Bauweise<\/strong><br data-start=\"1032\" data-end=\"1035\" \/>Das schlanke Format von 17 cm \u00d7 4 cm \u00d7 45 cm erm\u00f6glicht es, den Rucksack ohne zus\u00e4tzliches Gewicht zu tragen.<\/p>\n<\/li>\n<li data-start=\"1151\" data-end=\"1278\">\n<p data-start=\"1154\" data-end=\"1278\"><strong data-start=\"1154\" data-end=\"1178\">Anpassbare Optionen<\/strong><br data-start=\"1178\" data-end=\"1181\" \/>Farben und Abmessungen k\u00f6nnen je nach Kundenwunsch oder Branding-Anforderungen angepasst werden.<\/p>\n<\/li>\n<li data-start=\"1280\" data-end=\"1427\">\n<p data-start=\"1283\" data-end=\"1427\"><strong data-start=\"1283\" data-end=\"1301\">Einstellbare Passform<\/strong><br data-start=\"1301\" data-end=\"1304\" \/>Die Schulter- und Brustgurte sind so konzipiert, dass sie sich an verschiedene K\u00f6rpertypen anpassen lassen, was den Komfort bei der Bewegung erh\u00f6ht.<\/p>\n<\/li>\n<li data-start=\"1429\" data-end=\"1568\">\n<p data-start=\"1432\" data-end=\"1568\"><strong data-start=\"1432\" data-end=\"1459\">Leichte Leistung<\/strong><br data-start=\"1459\" data-end=\"1462\" \/>Es wurde Wert auf ein geringes Gewicht gelegt, wodurch sich der Rucksack zum Radfahren, Laufen und Klettern eignet.<\/p>\n<\/li>\n<li data-start=\"1570\" data-end=\"1698\">\n<p data-start=\"1573\" data-end=\"1698\"><strong data-start=\"1573\" data-end=\"1598\">Mehrere Anwendungen<\/strong><br data-start=\"1598\" data-end=\"1601\" \/>Der Rucksack ist f\u00fcr Reisen, Arbeit und den t\u00e4glichen Gebrauch sowie f\u00fcr Outdoor-Sportarten geeignet.<\/p>\n<\/li>\n<li data-start=\"1700\" data-end=\"1819\">\n<p data-start=\"1703\" data-end=\"1819\"><strong data-start=\"1703\" data-end=\"1724\">OEM- und ODM-Unterst\u00fctzung<\/strong><br data-start=\"1724\" data-end=\"1727\" \/>Um den Anforderungen des Gro\u00dfhandels gerecht zu werden, werden kundenspezifisches Branding und Massenproduktion unterst\u00fctzt.<\/p>\n<\/li>\n<\/ol>\n<h2 data-start=\"1826\" data-end=\"1845\">Spezifikationen<\/h2>\n<div class=\"_tableContainer_1rjym_1\">\n<div class=\"group _tableWrapper_1rjym_13 flex w-fit flex-col-reverse\" tabindex=\"-1\">\n<table class=\"w-fit min-w-(--thread-content-width)\" data-start=\"1847\" data-end=\"2768\">\n<thead data-start=\"1847\" data-end=\"1916\">\n<tr data-start=\"1847\" data-end=\"1916\">\n<th data-start=\"1847\" data-end=\"1870\" data-col-size=\"sm\"><strong data-start=\"1849\" data-end=\"1857\">Artikel<\/strong><\/th>\n<th data-start=\"1870\" data-end=\"1916\" data-col-size=\"sm\"><strong data-start=\"1872\" data-end=\"1887\">Beschreibung<\/strong><\/th>\n<\/tr>\n<\/thead>\n<tbody data-start=\"1988\" data-end=\"2768\">\n<tr data-start=\"1988\" data-end=\"2058\">\n<td data-start=\"1988\" data-end=\"2012\" data-col-size=\"sm\">Produktname<\/td>\n<td data-col-size=\"sm\" data-start=\"2012\" data-end=\"2058\">Taktischer Trinkrucksack mit Trinkblase<\/td>\n<\/tr>\n<tr data-start=\"2059\" data-end=\"2129\">\n<td data-start=\"2059\" data-end=\"2083\" data-col-size=\"sm\">Marke<\/td>\n<td data-col-size=\"sm\" data-start=\"2083\" data-end=\"2129\">RONEER<\/td>\n<\/tr>\n<tr data-start=\"2130\" data-end=\"2200\">\n<td data-start=\"2130\" data-end=\"2154\" data-col-size=\"sm\">Modell<\/td>\n<td data-col-size=\"sm\" data-start=\"2154\" data-end=\"2200\">AL-2471<\/td>\n<\/tr>\n<tr data-start=\"2201\" data-end=\"2271\">\n<td data-start=\"2201\" data-end=\"2225\" data-col-size=\"sm\">Ort der Herkunft<\/td>\n<td data-col-size=\"sm\" data-start=\"2225\" data-end=\"2271\">Guangdong, China<\/td>\n<\/tr>\n<tr data-start=\"2272\" data-end=\"2342\">\n<td data-start=\"2272\" data-end=\"2296\" data-col-size=\"sm\">Kapazit\u00e4t<\/td>\n<td data-col-size=\"sm\" data-start=\"2296\" data-end=\"2342\">3 Liter<\/td>\n<\/tr>\n<tr data-start=\"2343\" data-end=\"2413\">\n<td data-start=\"2343\" data-end=\"2367\" data-col-size=\"sm\">Material<\/td>\n<td data-col-size=\"sm\" data-start=\"2367\" data-end=\"2413\">PU (strapazierf\u00e4hig, wasserbest\u00e4ndig)<\/td>\n<\/tr>\n<tr data-start=\"2414\" data-end=\"2484\">\n<td data-start=\"2414\" data-end=\"2438\" data-col-size=\"sm\">Gr\u00f6\u00dfe<\/td>\n<td data-start=\"2438\" data-end=\"2484\" data-col-size=\"sm\">17 \u00d7 4 \u00d7 45 cm \/ Kundenspezifisch<\/td>\n<\/tr>\n<tr data-start=\"2485\" data-end=\"2555\">\n<td data-start=\"2485\" data-end=\"2509\" data-col-size=\"sm\">Farbe<\/td>\n<td data-start=\"2509\" data-end=\"2555\" data-col-size=\"sm\">Anpassbar<\/td>\n<\/tr>\n<tr data-start=\"2556\" data-end=\"2626\">\n<td data-start=\"2556\" data-end=\"2580\" data-col-size=\"sm\">Anmeldung<\/td>\n<td data-start=\"2580\" data-end=\"2626\" data-col-size=\"sm\">Radfahren, Wandern, Klettern, Biken<\/td>\n<\/tr>\n<tr data-start=\"2627\" data-end=\"2697\">\n<td data-start=\"2627\" data-end=\"2651\" data-col-size=\"sm\">MOQ<\/td>\n<td data-start=\"2651\" data-end=\"2697\" data-col-size=\"sm\">300 St\u00fcck<\/td>\n<\/tr>\n<tr data-start=\"2698\" data-end=\"2768\">\n<td data-start=\"2698\" data-end=\"2722\" data-col-size=\"sm\">Eigenschaften<\/td>\n<td data-col-size=\"sm\" data-start=\"2722\" data-end=\"2768\">Langlebig, leicht, tragbar<\/td>\n<\/tr>\n<\/tbody>\n<\/table>\n<\/div>\n<\/div>\n<hr data-start=\"2770\" data-end=\"2773\" \/>\n<h2 data-start=\"2775\" data-end=\"2792\">Anwendungen<\/h2>\n<ul data-start=\"2794\" data-end=\"3028\">\n<li data-start=\"2794\" data-end=\"2844\">\n<p data-start=\"2796\" data-end=\"2844\">Radsportveranstaltungen im Freien und Langstreckenfahrten<\/p>\n<\/li>\n<li data-start=\"2845\" data-end=\"2890\">\n<p data-start=\"2847\" data-end=\"2890\">Wander-, Trekking- und Kletteraktivit\u00e4ten<\/p>\n<\/li>\n<li data-start=\"2891\" data-end=\"2923\">\n<p data-start=\"2893\" data-end=\"2923\">Laufen und Ausdauersport<\/p>\n<\/li>\n<\/ul>\n<p data-start=\"3035\" data-end=\"3200\">Wenn Sie an diesem Rucksack interessiert sind, fordern Sie bitte Muster an. <strong data-start=\"3106\" data-end=\"3142\">ODM- und OEM-Dienste sind verf\u00fcgbar<\/strong> um Ihre Anforderungen an Personalisierung und Gro\u00dfbestellungen zu erf\u00fcllen.<\/p>","protected":false},"excerpt":{"rendered":"<p>Die <strong data-start=\"173\" data-end=\"214\">Gro\u00dfhandel taktische Hydratation Rucksack<\/strong> von <strong data-start=\"218\" data-end=\"228\">RONEER<\/strong> wurde f\u00fcr Outdoor-Sportarten, Radfahren, Wandern, Klettern und Laufen entwickelt. Die mitgelieferte 3-Liter-Trinkblase sorgt daf\u00fcr, dass ausreichend Wasser mitgef\u00fchrt werden kann und bequem zug\u00e4nglich ist. Strapazierf\u00e4higes PU-Material wurde verwendet, um die Festigkeit und Langlebigkeit zu erh\u00f6hen, w\u00e4hrend die verstellbaren Riemen f\u00fcr einen bequemen Sitz sorgen. Mit seinem schlanken Design und den anpassbaren Optionen erf\u00fcllt dieser Rucksack sowohl die Leistungs- als auch die Stilanforderungen bei Outdoor-Abenteuern.<\/p>","protected":false},"featured_media":3274,"comment_status":"open","ping_status":"closed","template":"","meta":{"site-sidebar-layout":"default","site-content-layout":"","ast-site-content-layout":"default","site-content-style":"default","site-sidebar-style":"default","ast-global-header-display":"","ast-banner-title-visibility":"","ast-main-header-display":"","ast-hfb-above-header-display":"","ast-hfb-below-header-display":"","ast-hfb-mobile-header-display":"","site-post-title":"","ast-breadcrumbs-content":"","ast-featured-img":"","footer-sml-layout":"","ast-disable-related-posts":"","theme-transparent-header-meta":"default","adv-header-id-meta":"","stick-header-meta":"","header-above-stick-meta":"","header-main-stick-meta":"","header-below-stick-meta":"","astra-migrate-meta-layouts":"set","ast-page-background-enabled":"default","ast-page-background-meta":{"desktop":{"background-color":"var(--ast-global-color-5)","background-image":"","background-repeat":"repeat","background-position":"center center","background-size":"auto","background-attachment":"scroll","background-type":"","background-media":"","overlay-type":"","overlay-color":"","overlay-opacity":"","overlay-gradient":""},"tablet":{"background-color":"","background-image":"","background-repeat":"repeat","background-position":"center center","background-size":"auto","background-attachment":"scroll","background-type":"","background-media":"","overlay-type":"","overlay-color":"","overlay-opacity":"","overlay-gradient":""},"mobile":{"background-color":"","background-image":"","background-repeat":"repeat","background-position":"center center","background-size":"auto","background-attachment":"scroll","background-type":"","background-media":"","overlay-type":"","overlay-color":"","overlay-opacity":"","overlay-gradient":""}},"ast-content-background-meta":{"desktop":{"background-color":"var(--ast-global-color-4)","background-image":"","background-repeat":"repeat","background-position":"center center","background-size":"auto","background-attachment":"scroll","background-type":"","background-media":"","overlay-type":"","overlay-color":"","overlay-opacity":"","overlay-gradient":""},"tablet":{"background-color":"var(--ast-global-color-4)","background-image":"","background-repeat":"repeat","background-position":"center center","background-size":"auto","background-attachment":"scroll","background-type":"","background-media":"","overlay-type":"","overlay-color":"","overlay-opacity":"","overlay-gradient":""},"mobile":{"background-color":"var(--ast-global-color-4)","background-image":"","background-repeat":"repeat","background-position":"center center","background-size":"auto","background-attachment":"scroll","background-type":"","background-media":"","overlay-type":"","overlay-color":"","overlay-opacity":"","overlay-gradient":""}}},"product_brand":[],"product_cat":[58],"product_tag":[],"class_list":{"0":"post-3271","1":"product","2":"type-product","3":"status-publish","4":"has-post-thumbnail","6":"product_cat-outdoor-bag","7":"desktop-align-left","8":"tablet-align-left","9":"mobile-align-left","11":"first","12":"instock","13":"shipping-taxable","14":"product-type-simple"},"_links":{"self":[{"href":"https:\/\/baijiabags.com\/de\/wp-json\/wp\/v2\/product\/3271","targetHints":{"allow":["GET"]}}],"collection":[{"href":"https:\/\/baijiabags.com\/de\/wp-json\/wp\/v2\/product"}],"about":[{"href":"https:\/\/baijiabags.com\/de\/wp-json\/wp\/v2\/types\/product"}],"replies":[{"embeddable":true,"href":"https:\/\/baijiabags.com\/de\/wp-json\/wp\/v2\/comments?post=3271"}],"wp:featuredmedia":[{"embeddable":true,"href":"https:\/\/baijiabags.com\/de\/wp-json\/wp\/v2\/media\/3274"}],"wp:attachment":[{"href":"https:\/\/baijiabags.com\/de\/wp-json\/wp\/v2\/media?parent=3271"}],"wp:term":[{"taxonomy":"product_brand","embeddable":true,"href":"https:\/\/baijiabags.com\/de\/wp-json\/wp\/v2\/product_brand?post=3271"},{"taxonomy":"product_cat","embeddable":true,"href":"https:\/\/baijiabags.com\/de\/wp-json\/wp\/v2\/product_cat?post=3271"},{"taxonomy":"product_tag","embeddable":true,"href":"https:\/\/baijiabags.com\/de\/wp-json\/wp\/v2\/product_tag?post=3271"}],"curies":[{"name":"wp","href":"https:\/\/api.w.org\/{rel}","templated":true}]}}