{"id":3107,"date":"2025-10-13T01:53:18","date_gmt":"2025-10-13T01:53:18","guid":{"rendered":"https:\/\/baijiabags.com\/?post_type=product&#038;p=3107"},"modified":"2025-10-13T01:53:19","modified_gmt":"2025-10-13T01:53:19","slug":"womens-long-genuine-leather-wallet-cute-multi-color-rfid-purse-with-button-tassel-custom-logo","status":"publish","type":"product","link":"https:\/\/baijiabags.com\/de\/produkt\/womens-long-genuine-leather-wallet-cute-multi-color-rfid-purse-with-button-tassel-custom-logo\/","title":{"rendered":"Langes Portemonnaie aus echtem Leder f\u00fcr Frauen - Niedliche mehrfarbige RFID-Geldb\u00f6rse mit Knopf, Quaste und individuellem Logo"},"content":{"rendered":"<h2 data-start=\"1002\" data-end=\"1019\">Wesentliche Merkmale<\/h2>\n<ol data-start=\"1021\" data-end=\"1849\">\n<li data-start=\"1021\" data-end=\"1136\">\n<p data-start=\"1024\" data-end=\"1136\"><strong data-start=\"1024\" data-end=\"1056\">Konstruktion aus echtem Leder<\/strong> - Hochwertiges Leder wurde f\u00fcr eine lang anhaltende und luxuri\u00f6se Textur ausgew\u00e4hlt.<\/p>\n<\/li>\n<li data-start=\"1137\" data-end=\"1249\">\n<p data-start=\"1140\" data-end=\"1249\"><strong data-start=\"1140\" data-end=\"1159\">RFID-Schutz<\/strong> - Ein fortschrittliches Futter wurde eingebaut, um unbefugtes Scannen von Kreditkarten zu verhindern.<\/p>\n<\/li>\n<li data-start=\"1250\" data-end=\"1341\">\n<p data-start=\"1253\" data-end=\"1341\"><strong data-start=\"1253\" data-end=\"1276\">Benutzerdefinierte Logo-Optionen<\/strong> - Das Branding kann durch die Platzierung eines personalisierten Logos erfolgen.<\/p>\n<\/li>\n<li data-start=\"1342\" data-end=\"1442\">\n<p data-start=\"1345\" data-end=\"1442\"><strong data-start=\"1345\" data-end=\"1366\">Quaste Dekoration<\/strong> - Ein modisches Accessoire in Form einer Quaste unterstreicht den modischen Reiz.<\/p>\n<\/li>\n<li data-start=\"1443\" data-end=\"1555\">\n<p data-start=\"1446\" data-end=\"1555\"><strong data-start=\"1446\" data-end=\"1473\">Multifunktionales Design<\/strong> - Bargeld, M\u00fcnzen, Ausweise und mehrere Karten k\u00f6nnen in geordneten F\u00e4chern aufbewahrt werden.<\/p>\n<\/li>\n<li data-start=\"1556\" data-end=\"1652\">\n<p data-start=\"1559\" data-end=\"1652\"><strong data-start=\"1559\" data-end=\"1585\">Wasserdicht und langlebig<\/strong> - Die Materialien wurden so behandelt, dass sie dem t\u00e4glichen Verschlei\u00df und der Feuchtigkeit standhalten.<\/p>\n<\/li>\n<li data-start=\"1653\" data-end=\"1744\">\n<p data-start=\"1656\" data-end=\"1744\"><strong data-start=\"1656\" data-end=\"1681\">Sicherer Knopf-Verschluss<\/strong> - Ein zuverl\u00e4ssiger Knopf sorgt f\u00fcr die Sicherheit von Gegenst\u00e4nden.<\/p>\n<\/li>\n<li data-start=\"1745\" data-end=\"1849\">\n<p data-start=\"1748\" data-end=\"1849\"><strong data-start=\"1748\" data-end=\"1771\">Farbanpassung<\/strong> - Je nach Kundenwunsch stehen verschiedene Farben zur Verf\u00fcgung.<\/p>\n<\/li>\n<\/ol>\n<p><img fetchpriority=\"high\" decoding=\"async\" class=\"aligncenter wp-image-3108\" src=\"https:\/\/baijiabags.com\/wp-content\/uploads\/2025\/10\/1-1-3-700x1024.png\" alt=\"Women\u2019s Long Genuine Leather Wallet \u2013 Cute Multi-Color RFID Purse with Button, Tassel &amp; Custom Logo\" width=\"573\" height=\"838\" srcset=\"https:\/\/baijiabags.com\/wp-content\/uploads\/2025\/10\/1-1-3-700x1024.png 700w, https:\/\/baijiabags.com\/wp-content\/uploads\/2025\/10\/1-1-3-205x300.png 205w, https:\/\/baijiabags.com\/wp-content\/uploads\/2025\/10\/1-1-3-8x12.png 8w, https:\/\/baijiabags.com\/wp-content\/uploads\/2025\/10\/1-1-3-600x878.png 600w, https:\/\/baijiabags.com\/wp-content\/uploads\/2025\/10\/1-1-3.png 750w\" sizes=\"(max-width: 573px) 100vw, 573px\" \/><\/p>\n<h2 data-start=\"1856\" data-end=\"1875\">Spezifikationen<\/h2>\n<div class=\"_tableContainer_1rjym_1\">\n<div class=\"group _tableWrapper_1rjym_13 flex w-fit flex-col-reverse\" tabindex=\"-1\">\n<table class=\"w-fit min-w-(--thread-content-width)\" data-start=\"1877\" data-end=\"2880\">\n<thead data-start=\"1877\" data-end=\"1942\">\n<tr data-start=\"1877\" data-end=\"1942\">\n<th data-start=\"1877\" data-end=\"1901\" data-col-size=\"sm\"><strong data-start=\"1879\" data-end=\"1887\">Artikel<\/strong><\/th>\n<th data-start=\"1901\" data-end=\"1942\" data-col-size=\"sm\"><strong data-start=\"1903\" data-end=\"1914\">Einzelheiten<\/strong><\/th>\n<\/tr>\n<\/thead>\n<tbody data-start=\"2010\" data-end=\"2880\">\n<tr data-start=\"2010\" data-end=\"2076\">\n<td data-start=\"2010\" data-end=\"2035\" data-col-size=\"sm\">Produktname<\/td>\n<td data-col-size=\"sm\" data-start=\"2035\" data-end=\"2076\">Langes Portemonnaie aus echtem Leder f\u00fcr Frauen<\/td>\n<\/tr>\n<tr data-start=\"2077\" data-end=\"2143\">\n<td data-start=\"2077\" data-end=\"2102\" data-col-size=\"sm\">Marke<\/td>\n<td data-start=\"2102\" data-end=\"2143\" data-col-size=\"sm\">RONEER<\/td>\n<\/tr>\n<tr data-start=\"2144\" data-end=\"2210\">\n<td data-start=\"2144\" data-end=\"2169\" data-col-size=\"sm\">Modell<\/td>\n<td data-col-size=\"sm\" data-start=\"2169\" data-end=\"2210\">AL-2250<\/td>\n<\/tr>\n<tr data-start=\"2211\" data-end=\"2277\">\n<td data-start=\"2211\" data-end=\"2236\" data-col-size=\"sm\">Herkunft<\/td>\n<td data-start=\"2236\" data-end=\"2277\" data-col-size=\"sm\">Guangdong, China<\/td>\n<\/tr>\n<tr data-start=\"2278\" data-end=\"2344\">\n<td data-start=\"2278\" data-end=\"2303\" data-col-size=\"sm\">Material<\/td>\n<td data-start=\"2303\" data-end=\"2344\" data-col-size=\"sm\">Echtes Leder + PU-Futter<\/td>\n<\/tr>\n<tr data-start=\"2345\" data-end=\"2411\">\n<td data-start=\"2345\" data-end=\"2370\" data-col-size=\"sm\">Geschlecht<\/td>\n<td data-start=\"2370\" data-end=\"2411\" data-col-size=\"sm\">Frauen<\/td>\n<\/tr>\n<tr data-start=\"2412\" data-end=\"2478\">\n<td data-start=\"2412\" data-end=\"2437\" data-col-size=\"sm\">Stil<\/td>\n<td data-start=\"2437\" data-end=\"2478\" data-col-size=\"sm\">Mode\/Multifunktional<\/td>\n<\/tr>\n<tr data-start=\"2479\" data-end=\"2545\">\n<td data-start=\"2479\" data-end=\"2504\" data-col-size=\"sm\">Farbe<\/td>\n<td data-start=\"2504\" data-end=\"2545\" data-col-size=\"sm\">Anpassbar<\/td>\n<\/tr>\n<tr data-start=\"2546\" data-end=\"2612\">\n<td data-start=\"2546\" data-end=\"2571\" data-col-size=\"sm\">Eigenschaften<\/td>\n<td data-start=\"2571\" data-end=\"2612\" data-col-size=\"sm\">Langlebig, wasserdicht, RFID-gesch\u00fctzt<\/td>\n<\/tr>\n<tr data-start=\"2613\" data-end=\"2679\">\n<td data-start=\"2613\" data-end=\"2638\" data-col-size=\"sm\">MOQ<\/td>\n<td data-start=\"2638\" data-end=\"2679\" data-col-size=\"sm\">300 St\u00fcck<\/td>\n<\/tr>\n<tr data-start=\"2680\" data-end=\"2746\">\n<td data-start=\"2680\" data-end=\"2705\" data-col-size=\"sm\">Schlie\u00dfung<\/td>\n<td data-start=\"2705\" data-end=\"2746\" data-col-size=\"sm\">Knopf mit Quastenverzierung<\/td>\n<\/tr>\n<tr data-start=\"2747\" data-end=\"2813\">\n<td data-start=\"2747\" data-end=\"2772\" data-col-size=\"sm\">Abmessungen<\/td>\n<td data-start=\"2772\" data-end=\"2813\" data-col-size=\"sm\">Ca. 19 cm x 9,5 cm x 3 cm<\/td>\n<\/tr>\n<tr data-start=\"2814\" data-end=\"2880\">\n<td data-start=\"2814\" data-end=\"2839\" data-col-size=\"sm\">Gewicht<\/td>\n<td data-start=\"2839\" data-end=\"2880\" data-col-size=\"sm\">Etwa 0,25 kg<\/td>\n<\/tr>\n<\/tbody>\n<\/table>\n<\/div>\n<\/div>\n<h2 data-start=\"2887\" data-end=\"2904\">Anwendungen<\/h2>\n<ul data-start=\"2906\" data-end=\"3335\">\n<li data-start=\"2906\" data-end=\"2991\">\n<p data-start=\"2908\" data-end=\"2991\">Die Brieftasche wird h\u00e4ufig eingesetzt f\u00fcr <strong data-start=\"2947\" data-end=\"2960\">t\u00e4gliche Nutzung<\/strong> aufgrund seines vielseitigen Designs.<\/p>\n<\/li>\n<li data-start=\"2992\" data-end=\"3069\">\n<p data-start=\"2994\" data-end=\"3069\">Es wurde als Mittel zur <strong data-start=\"3020\" data-end=\"3035\">Karteninhaber<\/strong> f\u00fcr mehrere Bank- und Personalausweise.<\/p>\n<\/li>\n<li data-start=\"3070\" data-end=\"3149\">\n<p data-start=\"3072\" data-end=\"3149\">Die Aufbewahrung von Bargeld ist durch ger\u00e4umige F\u00e4cher bequem organisiert.<\/p>\n<\/li>\n<li data-start=\"3150\" data-end=\"3246\">\n<p data-start=\"3152\" data-end=\"3246\">Es wurde verwendet als <strong data-start=\"3174\" data-end=\"3195\">modisches Accessoire<\/strong> die sowohl zu legeren als auch zu formellen Outfits passt.<\/p>\n<\/li>\n<li data-start=\"3247\" data-end=\"3335\">\n<p data-start=\"3249\" data-end=\"3335\">Die Markenversionen wurden vorbereitet f\u00fcr <strong data-start=\"3289\" data-end=\"3332\">Firmengeschenke oder Werbezwecke<\/strong>.<\/p>\n<\/li>\n<\/ul>\n<p data-start=\"3342\" data-end=\"3520\">Wenn Interesse an dieser Brieftasche besteht, k\u00f6nnen Muster angefordert werden. <strong data-start=\"3411\" data-end=\"3447\">ODM- und OEM-Dienste werden unterst\u00fctzt<\/strong>und kundenspezifische Designs k\u00f6nnen angeboten werden, um Markenanforderungen zu erf\u00fcllen.<\/p>","protected":false},"excerpt":{"rendered":"<p>Die <strong data-start=\"275\" data-end=\"314\">Langes Portemonnaie aus echtem Leder f\u00fcr Frauen<\/strong> von <strong data-start=\"318\" data-end=\"328\">RONEER<\/strong> wurde mit dem Fokus auf Eleganz und Alltagstauglichkeit gefertigt. Ein mehrfarbiges Design und ein Quastendetail unterstreichen das modische Aussehen. Das Portemonnaie ist ausgestattet mit <strong data-start=\"544\" data-end=\"572\">RFID-Sperrtechnik<\/strong> damit pers\u00f6nliche und finanzielle Informationen sicher gesch\u00fctzt werden k\u00f6nnen.<\/p>","protected":false},"featured_media":3110,"comment_status":"open","ping_status":"closed","template":"","meta":{"site-sidebar-layout":"default","site-content-layout":"","ast-site-content-layout":"default","site-content-style":"default","site-sidebar-style":"default","ast-global-header-display":"","ast-banner-title-visibility":"","ast-main-header-display":"","ast-hfb-above-header-display":"","ast-hfb-below-header-display":"","ast-hfb-mobile-header-display":"","site-post-title":"","ast-breadcrumbs-content":"","ast-featured-img":"","footer-sml-layout":"","ast-disable-related-posts":"","theme-transparent-header-meta":"default","adv-header-id-meta":"","stick-header-meta":"","header-above-stick-meta":"","header-main-stick-meta":"","header-below-stick-meta":"","astra-migrate-meta-layouts":"set","ast-page-background-enabled":"default","ast-page-background-meta":{"desktop":{"background-color":"var(--ast-global-color-5)","background-image":"","background-repeat":"repeat","background-position":"center center","background-size":"auto","background-attachment":"scroll","background-type":"","background-media":"","overlay-type":"","overlay-color":"","overlay-opacity":"","overlay-gradient":""},"tablet":{"background-color":"","background-image":"","background-repeat":"repeat","background-position":"center center","background-size":"auto","background-attachment":"scroll","background-type":"","background-media":"","overlay-type":"","overlay-color":"","overlay-opacity":"","overlay-gradient":""},"mobile":{"background-color":"","background-image":"","background-repeat":"repeat","background-position":"center center","background-size":"auto","background-attachment":"scroll","background-type":"","background-media":"","overlay-type":"","overlay-color":"","overlay-opacity":"","overlay-gradient":""}},"ast-content-background-meta":{"desktop":{"background-color":"var(--ast-global-color-4)","background-image":"","background-repeat":"repeat","background-position":"center center","background-size":"auto","background-attachment":"scroll","background-type":"","background-media":"","overlay-type":"","overlay-color":"","overlay-opacity":"","overlay-gradient":""},"tablet":{"background-color":"var(--ast-global-color-4)","background-image":"","background-repeat":"repeat","background-position":"center center","background-size":"auto","background-attachment":"scroll","background-type":"","background-media":"","overlay-type":"","overlay-color":"","overlay-opacity":"","overlay-gradient":""},"mobile":{"background-color":"var(--ast-global-color-4)","background-image":"","background-repeat":"repeat","background-position":"center center","background-size":"auto","background-attachment":"scroll","background-type":"","background-media":"","overlay-type":"","overlay-color":"","overlay-opacity":"","overlay-gradient":""}}},"product_brand":[],"product_cat":[55],"product_tag":[],"class_list":{"0":"post-3107","1":"product","2":"type-product","3":"status-publish","4":"has-post-thumbnail","6":"product_cat-wallets-card-holder","7":"desktop-align-left","8":"tablet-align-left","9":"mobile-align-left","11":"first","12":"instock","13":"shipping-taxable","14":"product-type-simple"},"_links":{"self":[{"href":"https:\/\/baijiabags.com\/de\/wp-json\/wp\/v2\/product\/3107","targetHints":{"allow":["GET"]}}],"collection":[{"href":"https:\/\/baijiabags.com\/de\/wp-json\/wp\/v2\/product"}],"about":[{"href":"https:\/\/baijiabags.com\/de\/wp-json\/wp\/v2\/types\/product"}],"replies":[{"embeddable":true,"href":"https:\/\/baijiabags.com\/de\/wp-json\/wp\/v2\/comments?post=3107"}],"wp:featuredmedia":[{"embeddable":true,"href":"https:\/\/baijiabags.com\/de\/wp-json\/wp\/v2\/media\/3110"}],"wp:attachment":[{"href":"https:\/\/baijiabags.com\/de\/wp-json\/wp\/v2\/media?parent=3107"}],"wp:term":[{"taxonomy":"product_brand","embeddable":true,"href":"https:\/\/baijiabags.com\/de\/wp-json\/wp\/v2\/product_brand?post=3107"},{"taxonomy":"product_cat","embeddable":true,"href":"https:\/\/baijiabags.com\/de\/wp-json\/wp\/v2\/product_cat?post=3107"},{"taxonomy":"product_tag","embeddable":true,"href":"https:\/\/baijiabags.com\/de\/wp-json\/wp\/v2\/product_tag?post=3107"}],"curies":[{"name":"wp","href":"https:\/\/api.w.org\/{rel}","templated":true}]}}