{"id":3063,"date":"2025-10-11T06:44:34","date_gmt":"2025-10-11T06:44:34","guid":{"rendered":"https:\/\/baijiabags.com\/?post_type=product&#038;p=3063"},"modified":"2025-10-11T06:44:34","modified_gmt":"2025-10-11T06:44:34","slug":"wholesale-women-nylon-backpack-lightweight-waterproof-laptop-bag-for-business-travel-and-daily-commute","status":"publish","type":"product","link":"https:\/\/baijiabags.com\/de\/produkt\/wholesale-women-nylon-backpack-lightweight-waterproof-laptop-bag-for-business-travel-and-daily-commute\/","title":{"rendered":"Gro\u00dfhandel Frauen Nylon Rucksack - leichte wasserdichte Laptop-Tasche f\u00fcr Business, Reisen und t\u00e4glichen Pendeln"},"content":{"rendered":"<h2 data-start=\"663\" data-end=\"680\">Wesentliche Merkmale<\/h2>\n<ol data-start=\"682\" data-end=\"2009\">\n<li data-start=\"682\" data-end=\"842\">\n<p data-start=\"685\" data-end=\"842\"><strong data-start=\"685\" data-end=\"713\">Leichte Konstruktion:<\/strong>Ein Gesamtgewicht von etwa <strong data-start=\"751\" data-end=\"761\">0,6 kg<\/strong> wurde beibehalten, so dass die Tasche auch \u00fcber l\u00e4ngere Zeitr\u00e4ume bequem zu tragen ist.<\/p>\n<\/li>\n<li data-start=\"844\" data-end=\"1021\">\n<p data-start=\"847\" data-end=\"1021\"><strong data-start=\"847\" data-end=\"876\">Wasserdichtes Nylon Material:<\/strong>Ein hochwertiges, wasserdichtes Nylongewebe wurde ausgew\u00e4hlt, um einen zuverl\u00e4ssigen Schutz der Sachen vor Regen und versehentlichem Versch\u00fctten zu gew\u00e4hrleisten.<\/p>\n<\/li>\n<li data-start=\"1023\" data-end=\"1216\">\n<p data-start=\"1026\" data-end=\"1216\"><strong data-start=\"1026\" data-end=\"1047\">Ger\u00e4umiges Fassungsverm\u00f6gen:<\/strong>Ein Hauptfach mit zus\u00e4tzlichen Rei\u00dfverschluss-Innentaschen und Seitenf\u00e4chern bietet Platz f\u00fcr Laptops, iPads, Zeitschriften im A4-Format, Regenschirme und Kosmetika.<\/p>\n<\/li>\n<li data-start=\"1218\" data-end=\"1409\">\n<p data-start=\"1221\" data-end=\"1409\"><strong data-start=\"1221\" data-end=\"1254\">Multifunktionale F\u00e4cher:<\/strong>Es wurden mehrere F\u00e4cher integriert, darunter eine gepolsterte Laptoptasche, eine Handytasche und zus\u00e4tzliche Innentaschen f\u00fcr kleinere Dinge.<\/p>\n<\/li>\n<li data-start=\"1411\" data-end=\"1572\">\n<p data-start=\"1414\" data-end=\"1572\"><strong data-start=\"1414\" data-end=\"1443\">Elegantes und modernes Design:<\/strong>Das schlichte, modische Design macht den Rucksack sowohl f\u00fcr berufliche als auch f\u00fcr private Anl\u00e4sse geeignet.<\/p>\n<\/li>\n<li data-start=\"1574\" data-end=\"1714\">\n<p data-start=\"1577\" data-end=\"1714\"><strong data-start=\"1577\" data-end=\"1600\">Anpassbare Farben:<\/strong>Eine breite Palette von Farboptionen kann je nach pers\u00f6nlichen Vorlieben oder Branding-Anforderungen angepasst werden.<\/p>\n<\/li>\n<li data-start=\"1716\" data-end=\"1860\">\n<p data-start=\"1719\" data-end=\"1860\"><strong data-start=\"1719\" data-end=\"1753\">Robuste und langlebige Konstruktion:<\/strong>Verst\u00e4rkte N\u00e4hte und hochwertige Rei\u00dfverschl\u00fcsse wurden verwendet, um die Haltbarkeit und Zuverl\u00e4ssigkeit zu erh\u00f6hen.<\/p>\n<\/li>\n<li data-start=\"1862\" data-end=\"2009\">\n<p data-start=\"1865\" data-end=\"2009\"><strong data-start=\"1865\" data-end=\"1895\">Vielseitige Tragem\u00f6glichkeiten:<\/strong>Crossbody- und Handtrage-Modelle sind m\u00f6glich, so dass die Tasche an unterschiedliche Trageanforderungen angepasst werden kann.<\/p>\n<\/li>\n<\/ol>\n<p><img fetchpriority=\"high\" decoding=\"async\" class=\"aligncenter wp-image-3064 size-full\" src=\"https:\/\/baijiabags.com\/wp-content\/uploads\/2025\/10\/Wholesale-Women-Nylon-Backpack-\u2013-Lightweight-Waterproof-Laptop-Bag-for-Business-Travel-and-Daily-Commute.png\" alt=\"Wholesale Women Nylon Backpack \u2013 Lightweight Waterproof Laptop Bag for Business, Travel and Daily Commute\" width=\"750\" height=\"679\" srcset=\"https:\/\/baijiabags.com\/wp-content\/uploads\/2025\/10\/Wholesale-Women-Nylon-Backpack-\u2013-Lightweight-Waterproof-Laptop-Bag-for-Business-Travel-and-Daily-Commute.png 750w, https:\/\/baijiabags.com\/wp-content\/uploads\/2025\/10\/Wholesale-Women-Nylon-Backpack-\u2013-Lightweight-Waterproof-Laptop-Bag-for-Business-Travel-and-Daily-Commute-300x272.png 300w, https:\/\/baijiabags.com\/wp-content\/uploads\/2025\/10\/Wholesale-Women-Nylon-Backpack-\u2013-Lightweight-Waterproof-Laptop-Bag-for-Business-Travel-and-Daily-Commute-13x12.png 13w, https:\/\/baijiabags.com\/wp-content\/uploads\/2025\/10\/Wholesale-Women-Nylon-Backpack-\u2013-Lightweight-Waterproof-Laptop-Bag-for-Business-Travel-and-Daily-Commute-600x543.png 600w\" sizes=\"(max-width: 750px) 100vw, 750px\" \/><\/p>\n<h2 data-start=\"2011\" data-end=\"2030\">Spezifikationen<\/h2>\n<div class=\"_tableContainer_1rjym_1\">\n<div class=\"group _tableWrapper_1rjym_13 flex w-fit flex-col-reverse\" tabindex=\"-1\">\n<table class=\"w-fit min-w-(--thread-content-width)\" data-start=\"2032\" data-end=\"3095\">\n<thead data-start=\"2032\" data-end=\"2096\">\n<tr data-start=\"2032\" data-end=\"2096\">\n<th data-start=\"2032\" data-end=\"2055\" data-col-size=\"sm\"><strong data-start=\"2034\" data-end=\"2047\">Parameter<\/strong><\/th>\n<th data-start=\"2055\" data-end=\"2096\" data-col-size=\"md\"><strong data-start=\"2057\" data-end=\"2072\">Beschreibung<\/strong><\/th>\n<\/tr>\n<\/thead>\n<tbody data-start=\"2163\" data-end=\"3095\">\n<tr data-start=\"2163\" data-end=\"2230\">\n<td data-start=\"2163\" data-end=\"2187\" data-col-size=\"sm\">Produktname<\/td>\n<td data-col-size=\"md\" data-start=\"2187\" data-end=\"2230\">Nylon-Rucksack f\u00fcr Frauen<\/td>\n<\/tr>\n<tr data-start=\"2231\" data-end=\"2296\">\n<td data-start=\"2231\" data-end=\"2255\" data-col-size=\"sm\">Marke<\/td>\n<td data-start=\"2255\" data-end=\"2296\" data-col-size=\"md\">RONEER<\/td>\n<\/tr>\n<tr data-start=\"2297\" data-end=\"2362\">\n<td data-start=\"2297\" data-end=\"2321\" data-col-size=\"sm\">Modell Nr.<\/td>\n<td data-col-size=\"md\" data-start=\"2321\" data-end=\"2362\">GB-0529<\/td>\n<\/tr>\n<tr data-start=\"2363\" data-end=\"2428\">\n<td data-start=\"2363\" data-end=\"2387\" data-col-size=\"sm\">Ort der Herkunft<\/td>\n<td data-col-size=\"md\" data-start=\"2387\" data-end=\"2428\">Guangdong, China<\/td>\n<\/tr>\n<tr data-start=\"2429\" data-end=\"2494\">\n<td data-start=\"2429\" data-end=\"2453\" data-col-size=\"sm\">Stil<\/td>\n<td data-col-size=\"md\" data-start=\"2453\" data-end=\"2494\">Mode, Business, Reisen<\/td>\n<\/tr>\n<tr data-start=\"2495\" data-end=\"2560\">\n<td data-start=\"2495\" data-end=\"2519\" data-col-size=\"sm\">Hauptmaterial<\/td>\n<td data-col-size=\"md\" data-start=\"2519\" data-end=\"2560\">PU + wasserdichtes Nylon<\/td>\n<\/tr>\n<tr data-start=\"2561\" data-end=\"2626\">\n<td data-start=\"2561\" data-end=\"2585\" data-col-size=\"sm\">Gewicht<\/td>\n<td data-col-size=\"md\" data-start=\"2585\" data-end=\"2626\">0,6 kg<\/td>\n<\/tr>\n<tr data-start=\"2627\" data-end=\"2734\">\n<td data-start=\"2627\" data-end=\"2651\" data-col-size=\"sm\">Struktur<\/td>\n<td data-start=\"2651\" data-end=\"2734\" data-col-size=\"md\">Hauptfach, Rei\u00dfverschlusstasche, 3 Innentaschen, Laptopfach, Handytasche<\/td>\n<\/tr>\n<tr data-start=\"2735\" data-end=\"2831\">\n<td data-start=\"2735\" data-end=\"2759\" data-col-size=\"sm\">Kapazit\u00e4t<\/td>\n<td data-col-size=\"md\" data-start=\"2759\" data-end=\"2831\">Passend f\u00fcr A4-Magazin, iPad, Mobiltelefon, faltbaren Regenschirm, Kosmetika<\/td>\n<\/tr>\n<tr data-start=\"2832\" data-end=\"2897\">\n<td data-start=\"2832\" data-end=\"2856\" data-col-size=\"sm\">Farbe<\/td>\n<td data-start=\"2856\" data-end=\"2897\" data-col-size=\"md\">Anpassbar<\/td>\n<\/tr>\n<tr data-start=\"2898\" data-end=\"2963\">\n<td data-start=\"2898\" data-end=\"2922\" data-col-size=\"sm\">Verwendungsart<\/td>\n<td data-col-size=\"md\" data-start=\"2922\" data-end=\"2963\">Crossbody \/ Handtrage<\/td>\n<\/tr>\n<tr data-start=\"2964\" data-end=\"3029\">\n<td data-start=\"2964\" data-end=\"2988\" data-col-size=\"sm\">MOQ<\/td>\n<td data-col-size=\"md\" data-start=\"2988\" data-end=\"3029\">300 St\u00fcck<\/td>\n<\/tr>\n<tr data-start=\"3030\" data-end=\"3095\">\n<td data-start=\"3030\" data-end=\"3054\" data-col-size=\"sm\">Merkmal<\/td>\n<td data-col-size=\"md\" data-start=\"3054\" data-end=\"3095\">Langlebig, leicht, wasserdicht<\/td>\n<\/tr>\n<\/tbody>\n<\/table>\n<\/div>\n<\/div>\n<h2 data-start=\"3097\" data-end=\"3114\">Anwendungen<\/h2>\n<ul data-start=\"3116\" data-end=\"3559\">\n<li data-start=\"3116\" data-end=\"3257\">\n<p data-start=\"3118\" data-end=\"3257\"><strong data-start=\"3118\" data-end=\"3134\">Gesch\u00e4ftliche Nutzung<\/strong> - Ein Laptop und Arbeitsutensilien k\u00f6nnen sicher verstaut werden, so dass sich der Rucksack f\u00fcr B\u00fcro- und Konferenzr\u00e4ume eignet.<\/p>\n<\/li>\n<li data-start=\"3258\" data-end=\"3362\">\n<p data-start=\"3260\" data-end=\"3362\"><strong data-start=\"3260\" data-end=\"3270\">Reisen<\/strong> - Reisedokumente, pers\u00f6nliche Gegenst\u00e4nde und elektronische Ger\u00e4te k\u00f6nnen bequem organisiert werden.<\/p>\n<\/li>\n<li data-start=\"3363\" data-end=\"3473\">\n<p data-start=\"3365\" data-end=\"3473\"><strong data-start=\"3365\" data-end=\"3382\">T\u00e4gliches Pendeln<\/strong> - B\u00fccher, Kosmetika und kleine Accessoires lassen sich problemlos f\u00fcr den Alltag mitnehmen.<\/p>\n<\/li>\n<li data-start=\"3474\" data-end=\"3559\">\n<p data-start=\"3476\" data-end=\"3559\"><strong data-start=\"3476\" data-end=\"3498\">Freizeitaktivit\u00e4ten<\/strong> - Geeignet zum Einkaufen, f\u00fcr Freizeitausfl\u00fcge oder Wochenendtrips.<\/p>\n<\/li>\n<\/ul>\n<p data-start=\"3566\" data-end=\"3763\">Sollte Interesse an diesem vielseitigen Rucksack geweckt worden sein, k\u00f6nnen Sie uns gerne f\u00fcr Muster kontaktieren. <strong data-start=\"3666\" data-end=\"3702\">ODM- und OEM-Dienste sind verf\u00fcgbar<\/strong> f\u00fcr kundenspezifische Designs, Farben und Branding-Anforderungen.<\/p>","protected":false},"excerpt":{"rendered":"<p>Die <strong data-start=\"200\" data-end=\"270\">Gro\u00dfhandel Frauen Nylon Rucksack - leichte wasserdichte Laptop-Tasche<\/strong> wurde entworfen und hergestellt von <strong data-start=\"309\" data-end=\"319\">RONEER<\/strong> um eine vielseitige und praktische Option f\u00fcr moderne Frauen zu bieten. Durch die Verwendung von hochwertigem Nylonmaterial wurde ein Gleichgewicht zwischen leichter Struktur und dauerhafter Leistung erreicht. Der Rucksack wurde f\u00fcr verschiedene Szenarien entwickelt, darunter Business, Reisen und t\u00e4gliches Pendeln, um Komfort und Effizienz im t\u00e4glichen Gebrauch zu gew\u00e4hrleisten.<\/p>","protected":false},"featured_media":3070,"comment_status":"open","ping_status":"closed","template":"","meta":{"site-sidebar-layout":"default","site-content-layout":"","ast-site-content-layout":"default","site-content-style":"default","site-sidebar-style":"default","ast-global-header-display":"","ast-banner-title-visibility":"","ast-main-header-display":"","ast-hfb-above-header-display":"","ast-hfb-below-header-display":"","ast-hfb-mobile-header-display":"","site-post-title":"","ast-breadcrumbs-content":"","ast-featured-img":"","footer-sml-layout":"","ast-disable-related-posts":"","theme-transparent-header-meta":"default","adv-header-id-meta":"","stick-header-meta":"","header-above-stick-meta":"","header-main-stick-meta":"","header-below-stick-meta":"","astra-migrate-meta-layouts":"set","ast-page-background-enabled":"default","ast-page-background-meta":{"desktop":{"background-color":"var(--ast-global-color-5)","background-image":"","background-repeat":"repeat","background-position":"center center","background-size":"auto","background-attachment":"scroll","background-type":"","background-media":"","overlay-type":"","overlay-color":"","overlay-opacity":"","overlay-gradient":""},"tablet":{"background-color":"","background-image":"","background-repeat":"repeat","background-position":"center center","background-size":"auto","background-attachment":"scroll","background-type":"","background-media":"","overlay-type":"","overlay-color":"","overlay-opacity":"","overlay-gradient":""},"mobile":{"background-color":"","background-image":"","background-repeat":"repeat","background-position":"center center","background-size":"auto","background-attachment":"scroll","background-type":"","background-media":"","overlay-type":"","overlay-color":"","overlay-opacity":"","overlay-gradient":""}},"ast-content-background-meta":{"desktop":{"background-color":"var(--ast-global-color-4)","background-image":"","background-repeat":"repeat","background-position":"center center","background-size":"auto","background-attachment":"scroll","background-type":"","background-media":"","overlay-type":"","overlay-color":"","overlay-opacity":"","overlay-gradient":""},"tablet":{"background-color":"var(--ast-global-color-4)","background-image":"","background-repeat":"repeat","background-position":"center center","background-size":"auto","background-attachment":"scroll","background-type":"","background-media":"","overlay-type":"","overlay-color":"","overlay-opacity":"","overlay-gradient":""},"mobile":{"background-color":"var(--ast-global-color-4)","background-image":"","background-repeat":"repeat","background-position":"center center","background-size":"auto","background-attachment":"scroll","background-type":"","background-media":"","overlay-type":"","overlay-color":"","overlay-opacity":"","overlay-gradient":""}}},"product_brand":[],"product_cat":[21],"product_tag":[],"class_list":{"0":"post-3063","1":"product","2":"type-product","3":"status-publish","4":"has-post-thumbnail","6":"product_cat-backpack","7":"desktop-align-left","8":"tablet-align-left","9":"mobile-align-left","11":"first","12":"instock","13":"shipping-taxable","14":"product-type-simple"},"_links":{"self":[{"href":"https:\/\/baijiabags.com\/de\/wp-json\/wp\/v2\/product\/3063","targetHints":{"allow":["GET"]}}],"collection":[{"href":"https:\/\/baijiabags.com\/de\/wp-json\/wp\/v2\/product"}],"about":[{"href":"https:\/\/baijiabags.com\/de\/wp-json\/wp\/v2\/types\/product"}],"replies":[{"embeddable":true,"href":"https:\/\/baijiabags.com\/de\/wp-json\/wp\/v2\/comments?post=3063"}],"wp:featuredmedia":[{"embeddable":true,"href":"https:\/\/baijiabags.com\/de\/wp-json\/wp\/v2\/media\/3070"}],"wp:attachment":[{"href":"https:\/\/baijiabags.com\/de\/wp-json\/wp\/v2\/media?parent=3063"}],"wp:term":[{"taxonomy":"product_brand","embeddable":true,"href":"https:\/\/baijiabags.com\/de\/wp-json\/wp\/v2\/product_brand?post=3063"},{"taxonomy":"product_cat","embeddable":true,"href":"https:\/\/baijiabags.com\/de\/wp-json\/wp\/v2\/product_cat?post=3063"},{"taxonomy":"product_tag","embeddable":true,"href":"https:\/\/baijiabags.com\/de\/wp-json\/wp\/v2\/product_tag?post=3063"}],"curies":[{"name":"wp","href":"https:\/\/api.w.org\/{rel}","templated":true}]}}