{"id":2982,"date":"2025-10-10T07:12:57","date_gmt":"2025-10-10T07:12:57","guid":{"rendered":"https:\/\/baijiabags.com\/?post_type=product&#038;p=2982"},"modified":"2025-11-01T01:21:35","modified_gmt":"2025-11-01T01:21:35","slug":"china-wholesale-simple-pu-leather-tote-bag-for-women-large-capacity-office-lady-handbag-customizable","status":"publish","type":"product","link":"https:\/\/baijiabags.com\/de\/produkt\/china-wholesale-simple-pu-leather-tote-bag-for-women-large-capacity-office-lady-handbag-customizable\/","title":{"rendered":"China Gro\u00dfhandel einfache PU-Leder-Tasche f\u00fcr Frauen - gro\u00dfe Kapazit\u00e4t B\u00fcro Dame Handtasche, anpassbar"},"content":{"rendered":"<h2 data-start=\"883\" data-end=\"900\">Wesentliche Merkmale<\/h2>\n<ol data-start=\"901\" data-end=\"1774\">\n<li data-start=\"901\" data-end=\"1006\">\n<p data-start=\"904\" data-end=\"1006\"><strong data-start=\"904\" data-end=\"922\">Gro\u00dfe Kapazit\u00e4t<\/strong> - Ein ger\u00e4umiges Fach ist f\u00fcr B\u00fcro- und Reiseutensilien vorgesehen.<\/p>\n<\/li>\n<li data-start=\"1007\" data-end=\"1112\">\n<p data-start=\"1010\" data-end=\"1112\"><strong data-start=\"1010\" data-end=\"1032\">Strapazierf\u00e4higes PU-Leder<\/strong> - Das Geh\u00e4use wurde aus hochwertigem PU-Leder gefertigt, um eine lange Lebensdauer zu gew\u00e4hrleisten.<\/p>\n<\/li>\n<li data-start=\"1113\" data-end=\"1207\">\n<p data-start=\"1116\" data-end=\"1207\"><strong data-start=\"1116\" data-end=\"1145\">Mehrere Tragem\u00f6glichkeiten<\/strong> - Es werden sowohl Crossbody- als auch Handtragevarianten unterst\u00fctzt.<\/p>\n<\/li>\n<li data-start=\"1208\" data-end=\"1339\">\n<p data-start=\"1211\" data-end=\"1339\"><strong data-start=\"1211\" data-end=\"1234\">Organisierte Struktur<\/strong> - Eine innere Rei\u00dfverschlusstasche und zwei zus\u00e4tzliche Innentaschen wurden f\u00fcr eine praktische Aufbewahrung integriert.<\/p>\n<\/li>\n<li data-start=\"1340\" data-end=\"1461\">\n<p data-start=\"1343\" data-end=\"1461\"><strong data-start=\"1343\" data-end=\"1365\">Leichte Konstruktion<\/strong> - Mit einem Gewicht von nur 0,64 kg ist die Tasche f\u00fcr den t\u00e4glichen Gebrauch geeignet, ohne zu belasten.<\/p>\n<\/li>\n<li data-start=\"1462\" data-end=\"1552\">\n<p data-start=\"1465\" data-end=\"1552\"><strong data-start=\"1465\" data-end=\"1488\">Anpassbare Farben<\/strong> - Die Farboptionen k\u00f6nnen nach den W\u00fcnschen des K\u00e4ufers angepasst werden.<\/p>\n<\/li>\n<li data-start=\"1553\" data-end=\"1662\">\n<p data-start=\"1556\" data-end=\"1662\"><strong data-start=\"1556\" data-end=\"1577\">Modischer Stil<\/strong> - Ein modernes und elegantes Aussehen wurde beibehalten, um die B\u00fcrokleidung zu erg\u00e4nzen.<\/p>\n<\/li>\n<li data-start=\"1663\" data-end=\"1774\">\n<p data-start=\"1666\" data-end=\"1774\"><strong data-start=\"1666\" data-end=\"1687\">OEM- und ODM-Unterst\u00fctzung<\/strong> - F\u00fcr Gro\u00dfabnehmer wurden kundenspezifische Branding- und Private-Label-Dienste angeboten.<\/p>\n<\/li>\n<\/ol>\n<h2 data-start=\"1776\" data-end=\"1795\">Spezifikationen<\/h2>\n<div class=\"_tableContainer_1rjym_1\">\n<div class=\"group _tableWrapper_1rjym_13 flex w-fit flex-col-reverse\" tabindex=\"-1\">\n<table class=\"w-fit min-w-(--thread-content-width)\" data-start=\"1797\" data-end=\"2787\">\n<thead data-start=\"1797\" data-end=\"1860\">\n<tr data-start=\"1797\" data-end=\"1860\">\n<th data-start=\"1797\" data-end=\"1819\" data-col-size=\"sm\"><strong data-start=\"1799\" data-end=\"1812\">Parameter<\/strong><\/th>\n<th data-start=\"1819\" data-end=\"1860\" data-col-size=\"md\"><strong data-start=\"1821\" data-end=\"1832\">Einzelheiten<\/strong><\/th>\n<\/tr>\n<\/thead>\n<tbody data-start=\"1926\" data-end=\"2787\">\n<tr data-start=\"1926\" data-end=\"1989\">\n<td data-start=\"1926\" data-end=\"1949\" data-col-size=\"sm\">Produktname<\/td>\n<td data-start=\"1949\" data-end=\"1989\" data-col-size=\"md\">Damenhandtasche<\/td>\n<\/tr>\n<tr data-start=\"1990\" data-end=\"2053\">\n<td data-start=\"1990\" data-end=\"2013\" data-col-size=\"sm\">Marke<\/td>\n<td data-start=\"2013\" data-end=\"2053\" data-col-size=\"md\">RONEER<\/td>\n<\/tr>\n<tr data-start=\"2054\" data-end=\"2117\">\n<td data-start=\"2054\" data-end=\"2077\" data-col-size=\"sm\">Modell<\/td>\n<td data-start=\"2077\" data-end=\"2117\" data-col-size=\"md\">GB-0526<\/td>\n<\/tr>\n<tr data-start=\"2118\" data-end=\"2181\">\n<td data-start=\"2118\" data-end=\"2141\" data-col-size=\"sm\">Ort der Herkunft<\/td>\n<td data-start=\"2141\" data-end=\"2181\" data-col-size=\"md\">Guangdong, China<\/td>\n<\/tr>\n<tr data-start=\"2182\" data-end=\"2245\">\n<td data-start=\"2182\" data-end=\"2205\" data-col-size=\"sm\">Material<\/td>\n<td data-start=\"2205\" data-end=\"2245\" data-col-size=\"md\">PU-Leder<\/td>\n<\/tr>\n<tr data-start=\"2246\" data-end=\"2309\">\n<td data-start=\"2246\" data-end=\"2269\" data-col-size=\"sm\">Gewicht<\/td>\n<td data-start=\"2269\" data-end=\"2309\" data-col-size=\"md\">0,64 kg<\/td>\n<\/tr>\n<tr data-start=\"2310\" data-end=\"2395\">\n<td data-start=\"2310\" data-end=\"2333\" data-col-size=\"sm\">Struktur<\/td>\n<td data-start=\"2333\" data-end=\"2395\" data-col-size=\"md\">Innentasche mit Rei\u00dfverschluss \/ Hauptfach \/ 2 Innentaschen<\/td>\n<\/tr>\n<tr data-start=\"2396\" data-end=\"2459\">\n<td data-start=\"2396\" data-end=\"2419\" data-col-size=\"sm\">Methode der Bef\u00f6rderung<\/td>\n<td data-start=\"2419\" data-end=\"2459\" data-col-size=\"md\">Crossbody \/ Handtrage<\/td>\n<\/tr>\n<tr data-start=\"2460\" data-end=\"2523\">\n<td data-start=\"2460\" data-end=\"2483\" data-col-size=\"sm\">Farbe<\/td>\n<td data-start=\"2483\" data-end=\"2523\" data-col-size=\"md\">Anpassbar<\/td>\n<\/tr>\n<tr data-start=\"2524\" data-end=\"2587\">\n<td data-start=\"2524\" data-end=\"2547\" data-col-size=\"sm\">Stil<\/td>\n<td data-start=\"2547\" data-end=\"2587\" data-col-size=\"md\">Mode \/ B\u00fcrodame<\/td>\n<\/tr>\n<tr data-start=\"2588\" data-end=\"2659\">\n<td data-start=\"2588\" data-end=\"2611\" data-col-size=\"sm\">Kapazit\u00e4t<\/td>\n<td data-start=\"2611\" data-end=\"2659\" data-col-size=\"md\">iPad \/ Mobiltelefon \/ Regenschirm \/ Kosmetik<\/td>\n<\/tr>\n<tr data-start=\"2660\" data-end=\"2723\">\n<td data-start=\"2660\" data-end=\"2683\" data-col-size=\"sm\">MOQ<\/td>\n<td data-start=\"2683\" data-end=\"2723\" data-col-size=\"md\">300 St\u00fcck<\/td>\n<\/tr>\n<tr data-start=\"2724\" data-end=\"2787\">\n<td data-start=\"2724\" data-end=\"2747\" data-col-size=\"sm\">Merkmal<\/td>\n<td data-start=\"2747\" data-end=\"2787\" data-col-size=\"md\">Dauerhaft<\/td>\n<\/tr>\n<\/tbody>\n<\/table>\n<\/div>\n<\/div>\n<h2 data-start=\"2789\" data-end=\"2806\">Anwendungen<\/h2>\n<ul data-start=\"2807\" data-end=\"3251\">\n<li data-start=\"2807\" data-end=\"2902\">\n<p data-start=\"2809\" data-end=\"2902\"><strong data-start=\"2809\" data-end=\"2823\">B\u00fcrogebrauch<\/strong> - Ein professionelles Erscheinungsbild f\u00fcr den Gesch\u00e4fts- und Arbeitsalltag ist gew\u00e4hrleistet.<\/p>\n<\/li>\n<li data-start=\"2903\" data-end=\"2988\">\n<p data-start=\"2905\" data-end=\"2988\"><strong data-start=\"2905\" data-end=\"2915\">Reisen<\/strong> - Das leichte und ger\u00e4umige Design ist ideal f\u00fcr Kurzreisen.<\/p>\n<\/li>\n<li data-start=\"2989\" data-end=\"3059\">\n<p data-start=\"2991\" data-end=\"3059\"><strong data-start=\"2991\" data-end=\"3011\">T\u00e4gliche Aktivit\u00e4ten<\/strong> - Allt\u00e4gliche Gegenst\u00e4nde k\u00f6nnen bequem transportiert werden.<\/p>\n<\/li>\n<li data-start=\"3060\" data-end=\"3140\">\n<p data-start=\"3062\" data-end=\"3140\"><strong data-start=\"3062\" data-end=\"3077\">Geschenk-Option<\/strong> - Das stilvolle Aussehen macht ihn zu einem geeigneten Geschenk f\u00fcr Frauen.<\/p>\n<\/li>\n<li data-start=\"3141\" data-end=\"3251\">\n<p data-start=\"3143\" data-end=\"3251\"><strong data-start=\"3143\" data-end=\"3167\">Branding zu Werbezwecken<\/strong> - Individuelle Logos und Designs k\u00f6nnen f\u00fcr Firmengeschenke oder Markenwerbung verwendet werden.<\/p>\n<\/li>\n<\/ul>\n<p data-start=\"3259\" data-end=\"3429\">Wenn Sie sich f\u00fcr dieses Thema interessieren <strong data-start=\"3289\" data-end=\"3314\">RONEER Damenhandtasche<\/strong>Bitte kontaktieren Sie uns, um Muster anzufordern. Beide <strong data-start=\"3359\" data-end=\"3383\">ODM- und OEM-Dienstleistungen<\/strong> werden unterst\u00fctzt, um Ihren Gro\u00dfhandelsbedarf zu decken.<\/p>","protected":false},"excerpt":{"rendered":"<p>Die <strong data-start=\"290\" data-end=\"332\">RONEER Damenhandtasche (Modell: GB-0526)<\/strong> wurde als modisches und vielseitiges Accessoire f\u00fcr Frauen entworfen. Der minimalistische Stil ist sowohl f\u00fcr das B\u00fcro als auch f\u00fcr die t\u00e4gliche Reise geeignet. Die Tasche ist aus hochwertigem PU-Leder gefertigt, das f\u00fcr Langlebigkeit und ein elegantes Aussehen sorgt. Mit ihrem gro\u00dfen Fassungsverm\u00f6gen und den durchdacht angeordneten F\u00e4chern bietet die Tasche Platz f\u00fcr allt\u00e4gliche Dinge wie iPad, Mobiltelefon, Kosmetika und sogar einen faltbaren Regenschirm. Es gibt auch M\u00f6glichkeiten zur individuellen Gestaltung, um den Anforderungen an Branding und Stil gerecht zu werden.<\/p>","protected":false},"featured_media":2983,"comment_status":"open","ping_status":"closed","template":"","meta":{"site-sidebar-layout":"default","site-content-layout":"","ast-site-content-layout":"default","site-content-style":"default","site-sidebar-style":"default","ast-global-header-display":"","ast-banner-title-visibility":"","ast-main-header-display":"","ast-hfb-above-header-display":"","ast-hfb-below-header-display":"","ast-hfb-mobile-header-display":"","site-post-title":"","ast-breadcrumbs-content":"","ast-featured-img":"","footer-sml-layout":"","ast-disable-related-posts":"","theme-transparent-header-meta":"default","adv-header-id-meta":"","stick-header-meta":"","header-above-stick-meta":"","header-main-stick-meta":"","header-below-stick-meta":"","astra-migrate-meta-layouts":"set","ast-page-background-enabled":"default","ast-page-background-meta":{"desktop":{"background-color":"var(--ast-global-color-5)","background-image":"","background-repeat":"repeat","background-position":"center center","background-size":"auto","background-attachment":"scroll","background-type":"","background-media":"","overlay-type":"","overlay-color":"","overlay-opacity":"","overlay-gradient":""},"tablet":{"background-color":"","background-image":"","background-repeat":"repeat","background-position":"center center","background-size":"auto","background-attachment":"scroll","background-type":"","background-media":"","overlay-type":"","overlay-color":"","overlay-opacity":"","overlay-gradient":""},"mobile":{"background-color":"","background-image":"","background-repeat":"repeat","background-position":"center center","background-size":"auto","background-attachment":"scroll","background-type":"","background-media":"","overlay-type":"","overlay-color":"","overlay-opacity":"","overlay-gradient":""}},"ast-content-background-meta":{"desktop":{"background-color":"var(--ast-global-color-4)","background-image":"","background-repeat":"repeat","background-position":"center center","background-size":"auto","background-attachment":"scroll","background-type":"","background-media":"","overlay-type":"","overlay-color":"","overlay-opacity":"","overlay-gradient":""},"tablet":{"background-color":"var(--ast-global-color-4)","background-image":"","background-repeat":"repeat","background-position":"center center","background-size":"auto","background-attachment":"scroll","background-type":"","background-media":"","overlay-type":"","overlay-color":"","overlay-opacity":"","overlay-gradient":""},"mobile":{"background-color":"var(--ast-global-color-4)","background-image":"","background-repeat":"repeat","background-position":"center center","background-size":"auto","background-attachment":"scroll","background-type":"","background-media":"","overlay-type":"","overlay-color":"","overlay-opacity":"","overlay-gradient":""}}},"product_brand":[],"product_cat":[42,54],"product_tag":[],"class_list":{"0":"post-2982","1":"product","2":"type-product","3":"status-publish","4":"has-post-thumbnail","6":"product_cat-hand-bag","7":"product_cat-womens-bag","8":"desktop-align-left","9":"tablet-align-left","10":"mobile-align-left","12":"first","13":"instock","14":"shipping-taxable","15":"product-type-simple"},"_links":{"self":[{"href":"https:\/\/baijiabags.com\/de\/wp-json\/wp\/v2\/product\/2982","targetHints":{"allow":["GET"]}}],"collection":[{"href":"https:\/\/baijiabags.com\/de\/wp-json\/wp\/v2\/product"}],"about":[{"href":"https:\/\/baijiabags.com\/de\/wp-json\/wp\/v2\/types\/product"}],"replies":[{"embeddable":true,"href":"https:\/\/baijiabags.com\/de\/wp-json\/wp\/v2\/comments?post=2982"}],"wp:featuredmedia":[{"embeddable":true,"href":"https:\/\/baijiabags.com\/de\/wp-json\/wp\/v2\/media\/2983"}],"wp:attachment":[{"href":"https:\/\/baijiabags.com\/de\/wp-json\/wp\/v2\/media?parent=2982"}],"wp:term":[{"taxonomy":"product_brand","embeddable":true,"href":"https:\/\/baijiabags.com\/de\/wp-json\/wp\/v2\/product_brand?post=2982"},{"taxonomy":"product_cat","embeddable":true,"href":"https:\/\/baijiabags.com\/de\/wp-json\/wp\/v2\/product_cat?post=2982"},{"taxonomy":"product_tag","embeddable":true,"href":"https:\/\/baijiabags.com\/de\/wp-json\/wp\/v2\/product_tag?post=2982"}],"curies":[{"name":"wp","href":"https:\/\/api.w.org\/{rel}","templated":true}]}}