{"id":2765,"date":"2025-10-07T02:07:03","date_gmt":"2025-10-07T02:07:03","guid":{"rendered":"https:\/\/baijiabags.com\/?post_type=product&#038;p=2765"},"modified":"2025-10-07T02:07:03","modified_gmt":"2025-10-07T02:07:03","slug":"new-womens-handmade-woven-tote-bag-metal-rope-buckle-shoulder-crossbody-handbag","status":"publish","type":"product","link":"https:\/\/baijiabags.com\/de\/produkt\/new-womens-handmade-woven-tote-bag-metal-rope-buckle-shoulder-crossbody-handbag\/","title":{"rendered":"Neue Frauen handgefertigte gewebte Tragetasche - Metall Seil Schnalle Schulter Crossbody Handtasche"},"content":{"rendered":"<h2 data-start=\"960\" data-end=\"981\"><strong data-start=\"964\" data-end=\"981\">Wesentliche Merkmale<\/strong><\/h2>\n<ol data-start=\"983\" data-end=\"1909\">\n<li data-start=\"983\" data-end=\"1106\">\n<p data-start=\"986\" data-end=\"1106\"><strong data-start=\"986\" data-end=\"1013\">Handgewebte Handwerkskunst<\/strong> - Jede Tasche wird in sorgf\u00e4ltiger Handarbeit gewebt, um eine einzigartige Textur und Musterkonsistenz zu gew\u00e4hrleisten.<\/p>\n<\/li>\n<li data-start=\"1107\" data-end=\"1227\">\n<p data-start=\"1110\" data-end=\"1227\"><strong data-start=\"1110\" data-end=\"1132\">Strapazierf\u00e4higes PU-Leder<\/strong> - Hochwertiges PU-Material bietet hervorragende Haltbarkeit, Wasserbest\u00e4ndigkeit und einfache Pflege.<\/p>\n<\/li>\n<li data-start=\"1228\" data-end=\"1341\">\n<p data-start=\"1231\" data-end=\"1341\"><strong data-start=\"1231\" data-end=\"1260\">Elegante Metall-Seilschnalle<\/strong> - Eine stilvolle Metallschnalle sichert die Tasche und verbindet Funktion und Mode.<\/p>\n<\/li>\n<li data-start=\"1342\" data-end=\"1465\">\n<p data-start=\"1345\" data-end=\"1465\"><strong data-start=\"1345\" data-end=\"1366\">Ger\u00e4umiges Interieur<\/strong> - Durchdachtes Design mit einer versteckten Rei\u00dfverschlusstasche, in der kleine Utensilien sicher und organisiert aufbewahrt werden k\u00f6nnen.<\/p>\n<\/li>\n<li data-start=\"1466\" data-end=\"1559\">\n<p data-start=\"1469\" data-end=\"1559\"><strong data-start=\"1469\" data-end=\"1494\">Weiches Polyester-Futter<\/strong> - Glattes Innenfutter erh\u00f6ht den Komfort und sch\u00fctzt Wertsachen.<\/p>\n<\/li>\n<li data-start=\"1560\" data-end=\"1690\">\n<p data-start=\"1563\" data-end=\"1690\"><strong data-start=\"1563\" data-end=\"1593\">Vielseitige Tragem\u00f6glichkeiten<\/strong> - Dank des verstellbaren Schulterriemens kann die Tasche sowohl \u00fcber der Schulter als auch als Crossbody getragen werden.<\/p>\n<\/li>\n<li data-start=\"1691\" data-end=\"1813\">\n<p data-start=\"1694\" data-end=\"1813\"><strong data-start=\"1694\" data-end=\"1726\">Erh\u00e4ltlich in mehreren Farben<\/strong> - Die gro\u00dfe Farbauswahl erm\u00f6glicht eine einfache Abstimmung auf verschiedene Outfits und Jahreszeiten.<\/p>\n<\/li>\n<li data-start=\"1814\" data-end=\"1909\">\n<p data-start=\"1817\" data-end=\"1909\"><strong data-start=\"1817\" data-end=\"1840\">Unterst\u00fctzt OEM &amp; ODM<\/strong> - F\u00fcr Gro\u00dfbestellungen sind individuelle Designs und Branding-Optionen erh\u00e4ltlich.<\/p>\n<\/li>\n<\/ol>\n<h2 data-start=\"1916\" data-end=\"1938\"><strong data-start=\"1920\" data-end=\"1938\">Spezifikationen<\/strong><\/h2>\n<div class=\"_tableContainer_1rjym_1\">\n<div class=\"group _tableWrapper_1rjym_13 flex w-fit flex-col-reverse\" tabindex=\"-1\">\n<table class=\"w-fit min-w-(--thread-content-width)\" data-start=\"1940\" data-end=\"2904\">\n<thead data-start=\"1940\" data-end=\"1983\">\n<tr data-start=\"1940\" data-end=\"1983\">\n<th data-start=\"1940\" data-end=\"1968\" data-col-size=\"sm\"><strong data-start=\"1942\" data-end=\"1955\">Parameter<\/strong><\/th>\n<th data-start=\"1968\" data-end=\"1983\" data-col-size=\"lg\"><strong data-start=\"1970\" data-end=\"1981\">Einzelheiten<\/strong><\/th>\n<\/tr>\n<\/thead>\n<tbody data-start=\"2030\" data-end=\"2904\">\n<tr data-start=\"2030\" data-end=\"2086\">\n<td data-start=\"2030\" data-end=\"2059\" data-col-size=\"sm\"><strong data-start=\"2032\" data-end=\"2048\">Produktname<\/strong><\/td>\n<td data-start=\"2059\" data-end=\"2086\" data-col-size=\"lg\">Handgefertigte gewebte Tragetasche<\/td>\n<\/tr>\n<tr data-start=\"2087\" data-end=\"2126\">\n<td data-start=\"2087\" data-end=\"2116\" data-col-size=\"sm\"><strong data-start=\"2089\" data-end=\"2098\">Marke<\/strong><\/td>\n<td data-start=\"2116\" data-end=\"2126\" data-col-size=\"lg\">RONEER<\/td>\n<\/tr>\n<tr data-start=\"2127\" data-end=\"2179\">\n<td data-start=\"2127\" data-end=\"2157\" data-col-size=\"sm\"><strong data-start=\"2129\" data-end=\"2141\">Material<\/strong><\/td>\n<td data-start=\"2157\" data-end=\"2179\" data-col-size=\"lg\">Hochwertiges PU-Leder<\/td>\n<\/tr>\n<tr data-start=\"2180\" data-end=\"2223\">\n<td data-start=\"2180\" data-end=\"2210\" data-col-size=\"sm\"><strong data-start=\"2182\" data-end=\"2201\">Material der Auskleidung<\/strong><\/td>\n<td data-start=\"2210\" data-end=\"2223\" data-col-size=\"lg\">Polyester<\/td>\n<\/tr>\n<tr data-start=\"2224\" data-end=\"2370\">\n<td data-start=\"2224\" data-end=\"2254\" data-col-size=\"sm\"><strong data-start=\"2226\" data-end=\"2246\">Verf\u00fcgbare Farben<\/strong><\/td>\n<td data-start=\"2254\" data-end=\"2370\" data-col-size=\"lg\">Schwarz, Gold, Silber, Braun, Burgund, Kaffee, Gr\u00fcnstein, Sandstein, Smaragd, Elfenbein, Onyxgrau, Nebelblau, Khaki<\/td>\n<\/tr>\n<tr data-start=\"2371\" data-end=\"2421\">\n<td data-start=\"2371\" data-end=\"2401\" data-col-size=\"sm\"><strong data-start=\"2373\" data-end=\"2382\">Stil<\/strong><\/td>\n<td data-start=\"2401\" data-end=\"2421\" data-col-size=\"lg\">Urbaner Minimalist<\/td>\n<\/tr>\n<tr data-start=\"2422\" data-end=\"2476\">\n<td data-start=\"2422\" data-end=\"2452\" data-col-size=\"sm\"><strong data-start=\"2424\" data-end=\"2437\">Form der Tasche<\/strong><\/td>\n<td data-start=\"2452\" data-end=\"2476\" data-col-size=\"lg\">Horizontales Rechteck<\/td>\n<\/tr>\n<tr data-start=\"2477\" data-end=\"2558\">\n<td data-start=\"2477\" data-end=\"2507\" data-col-size=\"sm\"><strong data-start=\"2479\" data-end=\"2493\">Abmessungen<\/strong><\/td>\n<td data-start=\"2507\" data-end=\"2558\" data-col-size=\"lg\">Klein: 25 \u00d7 19 \u00d7 9 cm \/ Mittel: 30 \u00d7 24 \u00d7 14 cm<\/td>\n<\/tr>\n<tr data-start=\"2559\" data-end=\"2613\">\n<td data-start=\"2559\" data-end=\"2589\" data-col-size=\"sm\"><strong data-start=\"2561\" data-end=\"2583\">Interne Struktur<\/strong><\/td>\n<td data-start=\"2589\" data-end=\"2613\" data-col-size=\"lg\">Versteckte Rei\u00dfverschlusstasche<\/td>\n<\/tr>\n<tr data-start=\"2614\" data-end=\"2669\">\n<td data-start=\"2614\" data-end=\"2644\" data-col-size=\"sm\"><strong data-start=\"2616\" data-end=\"2636\">Anzahl der Gurte<\/strong><\/td>\n<td data-start=\"2644\" data-end=\"2669\" data-col-size=\"lg\">Einzelner Schultergurt<\/td>\n<\/tr>\n<tr data-start=\"2670\" data-end=\"2710\">\n<td data-start=\"2670\" data-end=\"2700\" data-col-size=\"sm\"><strong data-start=\"2672\" data-end=\"2689\">Gr\u00f6\u00dfenkategorie<\/strong><\/td>\n<td data-start=\"2700\" data-end=\"2710\" data-col-size=\"lg\">Mittel<\/td>\n<\/tr>\n<tr data-start=\"2711\" data-end=\"2757\">\n<td data-start=\"2711\" data-end=\"2746\" data-col-size=\"sm\"><strong data-start=\"2713\" data-end=\"2745\">MOQ (Mindestbestellmenge)<\/strong><\/td>\n<td data-start=\"2746\" data-end=\"2757\" data-col-size=\"lg\">300 St\u00fcck<\/td>\n<\/tr>\n<tr data-start=\"2758\" data-end=\"2795\">\n<td data-start=\"2758\" data-end=\"2788\" data-col-size=\"sm\"><strong data-start=\"2760\" data-end=\"2783\">Verf\u00fcgbarkeit von Proben<\/strong><\/td>\n<td data-start=\"2788\" data-end=\"2795\" data-col-size=\"lg\">Ja<\/td>\n<\/tr>\n<tr data-start=\"2796\" data-end=\"2847\">\n<td data-start=\"2796\" data-end=\"2826\" data-col-size=\"sm\"><strong data-start=\"2798\" data-end=\"2814\">Verschlussart<\/strong><\/td>\n<td data-start=\"2826\" data-end=\"2847\" data-col-size=\"lg\">Metall-Seilschnalle<\/td>\n<\/tr>\n<tr data-start=\"2848\" data-end=\"2904\">\n<td data-start=\"2848\" data-end=\"2878\" data-col-size=\"sm\"><strong data-start=\"2850\" data-end=\"2866\">Weberei Typ<\/strong><\/td>\n<td data-start=\"2878\" data-end=\"2904\" data-col-size=\"lg\">Handgefertigtes gewebtes Muster<\/td>\n<\/tr>\n<\/tbody>\n<\/table>\n<\/div>\n<\/div>\n<h2 data-start=\"2911\" data-end=\"2931\"><strong data-start=\"2915\" data-end=\"2931\">Anwendungen<\/strong><\/h2>\n<ul data-start=\"3037\" data-end=\"3444\">\n<li data-start=\"3037\" data-end=\"3109\">\n<p data-start=\"3039\" data-end=\"3109\"><strong data-start=\"3039\" data-end=\"3057\">Tagesausfl\u00fcge:<\/strong> Perfekt zum Pendeln, Einkaufen oder Spazierengehen.<\/p>\n<\/li>\n<li data-start=\"3110\" data-end=\"3205\">\n<p data-start=\"3112\" data-end=\"3205\"><strong data-start=\"3112\" data-end=\"3127\">Verwendung im B\u00fcro:<\/strong> Schlankes Design, geeignet f\u00fcr kleine pers\u00f6nliche Gegenst\u00e4nde oder Arbeitsutensilien.<\/p>\n<\/li>\n<li data-start=\"3206\" data-end=\"3286\">\n<p data-start=\"3208\" data-end=\"3286\"><strong data-start=\"3208\" data-end=\"3229\">Reisebegleiter:<\/strong> Leicht und kompakt genug f\u00fcr Reisen.<\/p>\n<\/li>\n<li data-start=\"3287\" data-end=\"3367\">\n<p data-start=\"3289\" data-end=\"3367\"><strong data-start=\"3289\" data-end=\"3307\">Gesellschaftliche Ereignisse:<\/strong> Das stilvolle Aussehen wertet sowohl legere als auch elegante Looks auf.<\/p>\n<\/li>\n<li data-start=\"3368\" data-end=\"3444\">\n<p data-start=\"3370\" data-end=\"3444\"><strong data-start=\"3370\" data-end=\"3386\">Geschenk-Auswahl:<\/strong> Ideal f\u00fcr modebewusste Frauen als durchdachtes Geschenk.<\/p>\n<\/li>\n<\/ul>\n<p data-start=\"3451\" data-end=\"3611\" data-is-last-node=\"\" data-is-only-node=\"\">Wenn Sie sich f\u00fcr dieses Thema interessieren <strong data-start=\"3481\" data-end=\"3515\">RONEER Handgefertigte gewebte Tragetasche<\/strong>bitte <strong data-start=\"3524\" data-end=\"3538\">kontaktieren Sie uns<\/strong> um eine <strong data-start=\"3552\" data-end=\"3562\">Muster<\/strong> oder diskutieren <strong data-start=\"3574\" data-end=\"3610\">OEM- und ODM-Anpassungsdienste<\/strong>.<\/p>","protected":false},"excerpt":{"rendered":"<p>Die <strong data-start=\"121\" data-end=\"160\">Neu Handgefertigte gewebte Tragetasche f\u00fcr Frauen <\/strong>wurde f\u00fcr Frauen entworfen, die zeitlosen Stil in Kombination mit Funktionalit\u00e4t sch\u00e4tzen. Gefertigt aus hochwertigem <strong data-start=\"280\" data-end=\"294\">PU-Leder<\/strong> und mit Pr\u00e4zision gewebt, verk\u00f6rpert diese Tasche eine moderne und zugleich nat\u00fcrliche \u00c4sthetik. Die elegante <strong data-start=\"384\" data-end=\"405\">Metallseilschnalle<\/strong> verleiht ihm einen Hauch von Eleganz und eignet sich sowohl f\u00fcr legere als auch f\u00fcr semi-formale Anl\u00e4sse. Mit seinem <strong data-start=\"509\" data-end=\"535\">handgefertigtes gewebtes Muster<\/strong>Diese Handtasche vereint Kunstfertigkeit, Haltbarkeit und Komfort f\u00fcr den t\u00e4glichen Gebrauch.<\/p>","protected":false},"featured_media":2766,"comment_status":"open","ping_status":"closed","template":"","meta":{"site-sidebar-layout":"default","site-content-layout":"","ast-site-content-layout":"default","site-content-style":"default","site-sidebar-style":"default","ast-global-header-display":"","ast-banner-title-visibility":"","ast-main-header-display":"","ast-hfb-above-header-display":"","ast-hfb-below-header-display":"","ast-hfb-mobile-header-display":"","site-post-title":"","ast-breadcrumbs-content":"","ast-featured-img":"","footer-sml-layout":"","ast-disable-related-posts":"","theme-transparent-header-meta":"default","adv-header-id-meta":"","stick-header-meta":"","header-above-stick-meta":"","header-main-stick-meta":"","header-below-stick-meta":"","astra-migrate-meta-layouts":"set","ast-page-background-enabled":"default","ast-page-background-meta":{"desktop":{"background-color":"var(--ast-global-color-5)","background-image":"","background-repeat":"repeat","background-position":"center center","background-size":"auto","background-attachment":"scroll","background-type":"","background-media":"","overlay-type":"","overlay-color":"","overlay-opacity":"","overlay-gradient":""},"tablet":{"background-color":"","background-image":"","background-repeat":"repeat","background-position":"center center","background-size":"auto","background-attachment":"scroll","background-type":"","background-media":"","overlay-type":"","overlay-color":"","overlay-opacity":"","overlay-gradient":""},"mobile":{"background-color":"","background-image":"","background-repeat":"repeat","background-position":"center center","background-size":"auto","background-attachment":"scroll","background-type":"","background-media":"","overlay-type":"","overlay-color":"","overlay-opacity":"","overlay-gradient":""}},"ast-content-background-meta":{"desktop":{"background-color":"var(--ast-global-color-4)","background-image":"","background-repeat":"repeat","background-position":"center center","background-size":"auto","background-attachment":"scroll","background-type":"","background-media":"","overlay-type":"","overlay-color":"","overlay-opacity":"","overlay-gradient":""},"tablet":{"background-color":"var(--ast-global-color-4)","background-image":"","background-repeat":"repeat","background-position":"center center","background-size":"auto","background-attachment":"scroll","background-type":"","background-media":"","overlay-type":"","overlay-color":"","overlay-opacity":"","overlay-gradient":""},"mobile":{"background-color":"var(--ast-global-color-4)","background-image":"","background-repeat":"repeat","background-position":"center center","background-size":"auto","background-attachment":"scroll","background-type":"","background-media":"","overlay-type":"","overlay-color":"","overlay-opacity":"","overlay-gradient":""}}},"product_brand":[],"product_cat":[56],"product_tag":[],"class_list":{"0":"post-2765","1":"product","2":"type-product","3":"status-publish","4":"has-post-thumbnail","6":"product_cat-tote-bag","7":"desktop-align-left","8":"tablet-align-left","9":"mobile-align-left","11":"first","12":"instock","13":"shipping-taxable","14":"product-type-simple"},"_links":{"self":[{"href":"https:\/\/baijiabags.com\/de\/wp-json\/wp\/v2\/product\/2765","targetHints":{"allow":["GET"]}}],"collection":[{"href":"https:\/\/baijiabags.com\/de\/wp-json\/wp\/v2\/product"}],"about":[{"href":"https:\/\/baijiabags.com\/de\/wp-json\/wp\/v2\/types\/product"}],"replies":[{"embeddable":true,"href":"https:\/\/baijiabags.com\/de\/wp-json\/wp\/v2\/comments?post=2765"}],"wp:featuredmedia":[{"embeddable":true,"href":"https:\/\/baijiabags.com\/de\/wp-json\/wp\/v2\/media\/2766"}],"wp:attachment":[{"href":"https:\/\/baijiabags.com\/de\/wp-json\/wp\/v2\/media?parent=2765"}],"wp:term":[{"taxonomy":"product_brand","embeddable":true,"href":"https:\/\/baijiabags.com\/de\/wp-json\/wp\/v2\/product_brand?post=2765"},{"taxonomy":"product_cat","embeddable":true,"href":"https:\/\/baijiabags.com\/de\/wp-json\/wp\/v2\/product_cat?post=2765"},{"taxonomy":"product_tag","embeddable":true,"href":"https:\/\/baijiabags.com\/de\/wp-json\/wp\/v2\/product_tag?post=2765"}],"curies":[{"name":"wp","href":"https:\/\/api.w.org\/{rel}","templated":true}]}}