{"id":2753,"date":"2025-10-07T01:36:06","date_gmt":"2025-10-07T01:36:06","guid":{"rendered":"https:\/\/baijiabags.com\/?post_type=product&#038;p=2753"},"modified":"2025-10-07T01:36:06","modified_gmt":"2025-10-07T01:36:06","slug":"fashion-woven-tote-bag-for-women-large-capacity-shoulder-handbag-with-star-pendant","status":"publish","type":"product","link":"https:\/\/baijiabags.com\/de\/produkt\/fashion-woven-tote-bag-for-women-large-capacity-shoulder-handbag-with-star-pendant\/","title":{"rendered":"Mode gewebt Tote Tasche f\u00fcr Frauen gro\u00dfe Kapazit\u00e4t Schulter Handtasche mit Stern-Anh\u00e4nger"},"content":{"rendered":"<h2 data-start=\"1001\" data-end=\"1021\"><strong data-start=\"1005\" data-end=\"1021\">Wesentliche Merkmale<\/strong><\/h2>\n<ol data-start=\"1023\" data-end=\"2047\">\n<li data-start=\"1023\" data-end=\"1149\">\n<p data-start=\"1026\" data-end=\"1149\"><strong data-start=\"1026\" data-end=\"1049\">Hochwertiges PU-Material<\/strong> - Hochwertiges PU-Leder wurde aufgrund seiner Strapazierf\u00e4higkeit, der glatten Struktur und der edlen Verarbeitung ausgew\u00e4hlt.<\/p>\n<\/li>\n<li data-start=\"1150\" data-end=\"1297\">\n<p data-start=\"1153\" data-end=\"1297\"><strong data-start=\"1153\" data-end=\"1178\">Design mit gro\u00dfer Kapazit\u00e4t<\/strong> - Ein ger\u00e4umiges Fach bietet Platz f\u00fcr B\u00fccher, Tablets, Kosmetika und andere wichtige Dinge.<\/p>\n<\/li>\n<li data-start=\"1298\" data-end=\"1423\">\n<p data-start=\"1301\" data-end=\"1423\"><strong data-start=\"1301\" data-end=\"1325\">Weiche strukturelle Form<\/strong> - Der K\u00f6rper der Tasche ist weich und flexibel, beh\u00e4lt aber dennoch eine elegante Silhouette.<\/p>\n<\/li>\n<li data-start=\"1424\" data-end=\"1576\">\n<p data-start=\"1427\" data-end=\"1576\"><strong data-start=\"1427\" data-end=\"1456\">Organisierte Innenaufteilung<\/strong> - Der Innenraum ist mit einer Rei\u00dfverschlusstasche, einer Handytasche und einem Ausweisfach f\u00fcr eine bessere Organisation ausgestattet.<\/p>\n<\/li>\n<li data-start=\"1577\" data-end=\"1689\">\n<p data-start=\"1580\" data-end=\"1689\"><strong data-start=\"1580\" data-end=\"1605\">Sicherer Rei\u00dfverschluss<\/strong> - Ein stabiler Rei\u00dfverschluss sorgt daf\u00fcr, dass pers\u00f6nliche Gegenst\u00e4nde gesch\u00fctzt bleiben.<\/p>\n<\/li>\n<li data-start=\"1690\" data-end=\"1805\">\n<p data-start=\"1693\" data-end=\"1805\"><strong data-start=\"1693\" data-end=\"1722\">Verstellbarer Schultergurt<\/strong> - Ein einzelner verstellbarer Riemen erm\u00f6glicht das bequeme Tragen \u00fcber der Schulter.<\/p>\n<\/li>\n<li data-start=\"1806\" data-end=\"1929\">\n<p data-start=\"1809\" data-end=\"1929\"><strong data-start=\"1809\" data-end=\"1833\">Stilvoller Stern-Anh\u00e4nger<\/strong> - Der abnehmbare Stern-Anh\u00e4nger unterstreicht den Sinn f\u00fcr Mode und Individualit\u00e4t.<\/p>\n<\/li>\n<li data-start=\"1930\" data-end=\"2047\">\n<p data-start=\"1933\" data-end=\"2047\"><strong data-start=\"1933\" data-end=\"1957\">Anpassbare Optionen<\/strong> - Farben und kleinere Designelemente k\u00f6nnen entsprechend den Anforderungen von OEM und ODM angepasst werden.<\/p>\n<\/li>\n<\/ol>\n<h2><strong data-start=\"2058\" data-end=\"2076\">Spezifikationen<\/strong><\/h2>\n<div class=\"_tableContainer_1rjym_1\">\n<div class=\"group _tableWrapper_1rjym_13 flex w-fit flex-col-reverse\" tabindex=\"-1\">\n<table class=\"w-fit min-w-(--thread-content-width)\" data-start=\"2078\" data-end=\"2746\">\n<thead data-start=\"2078\" data-end=\"2108\">\n<tr data-start=\"2078\" data-end=\"2108\">\n<th data-start=\"2078\" data-end=\"2089\" data-col-size=\"sm\"><strong data-start=\"2080\" data-end=\"2088\">Artikel<\/strong><\/th>\n<th data-start=\"2089\" data-end=\"2108\" data-col-size=\"md\"><strong data-start=\"2091\" data-end=\"2106\">Beschreibung<\/strong><\/th>\n<\/tr>\n<\/thead>\n<tbody data-start=\"2140\" data-end=\"2746\">\n<tr data-start=\"2140\" data-end=\"2162\">\n<td data-start=\"2140\" data-end=\"2152\" data-col-size=\"sm\"><strong data-start=\"2142\" data-end=\"2151\">Marke<\/strong><\/td>\n<td data-start=\"2152\" data-end=\"2162\" data-col-size=\"md\">RONEER<\/td>\n<\/tr>\n<tr data-start=\"2163\" data-end=\"2218\">\n<td data-start=\"2163\" data-end=\"2182\" data-col-size=\"sm\"><strong data-start=\"2165\" data-end=\"2181\">Produktname<\/strong><\/td>\n<td data-start=\"2182\" data-end=\"2218\" data-col-size=\"md\">Fashion Woven Tote Bag f\u00fcr Frauen<\/td>\n<\/tr>\n<tr data-start=\"2219\" data-end=\"2255\">\n<td data-start=\"2219\" data-end=\"2234\" data-col-size=\"sm\"><strong data-start=\"2221\" data-end=\"2233\">Material<\/strong><\/td>\n<td data-start=\"2234\" data-end=\"2255\" data-col-size=\"md\">PU (Polyurethan)<\/td>\n<\/tr>\n<tr data-start=\"2256\" data-end=\"2291\">\n<td data-start=\"2256\" data-end=\"2278\" data-col-size=\"sm\"><strong data-start=\"2258\" data-end=\"2277\">Material der Auskleidung<\/strong><\/td>\n<td data-start=\"2278\" data-end=\"2291\" data-col-size=\"md\">Polyester<\/td>\n<\/tr>\n<tr data-start=\"2292\" data-end=\"2328\">\n<td data-start=\"2292\" data-end=\"2312\" data-col-size=\"sm\"><strong data-start=\"2294\" data-end=\"2311\">Farboptionen<\/strong><\/td>\n<td data-start=\"2312\" data-end=\"2328\" data-col-size=\"md\">Anpassbar<\/td>\n<\/tr>\n<tr data-start=\"2329\" data-end=\"2370\">\n<td data-start=\"2329\" data-end=\"2341\" data-col-size=\"sm\"><strong data-start=\"2331\" data-end=\"2340\">Stil<\/strong><\/td>\n<td data-start=\"2341\" data-end=\"2370\" data-col-size=\"md\">Europ\u00e4isches und amerikanisches Retro<\/td>\n<\/tr>\n<tr data-start=\"2371\" data-end=\"2391\">\n<td data-start=\"2371\" data-end=\"2382\" data-col-size=\"sm\"><strong data-start=\"2373\" data-end=\"2381\">Gr\u00f6\u00dfe<\/strong><\/td>\n<td data-start=\"2382\" data-end=\"2391\" data-col-size=\"md\">Gro\u00df<\/td>\n<\/tr>\n<tr data-start=\"2392\" data-end=\"2415\">\n<td data-start=\"2392\" data-end=\"2407\" data-col-size=\"sm\"><strong data-start=\"2394\" data-end=\"2406\">H\u00e4rte<\/strong><\/td>\n<td data-start=\"2407\" data-end=\"2415\" data-col-size=\"md\">Weich<\/td>\n<\/tr>\n<tr data-start=\"2416\" data-end=\"2492\">\n<td data-start=\"2416\" data-end=\"2441\" data-col-size=\"sm\"><strong data-start=\"2418\" data-end=\"2440\">Innere Struktur<\/strong><\/td>\n<td data-start=\"2441\" data-end=\"2492\" data-col-size=\"md\">Rei\u00dfverschlusstasche, Handytasche, Zertifikatstasche<\/td>\n<\/tr>\n<tr data-start=\"2493\" data-end=\"2542\">\n<td data-start=\"2493\" data-end=\"2517\" data-col-size=\"sm\"><strong data-start=\"2495\" data-end=\"2516\">\u00c4u\u00dfere Tasche Typ<\/strong><\/td>\n<td data-start=\"2517\" data-end=\"2542\" data-col-size=\"md\">Aufgesetzte Innentasche<\/td>\n<\/tr>\n<tr data-start=\"2543\" data-end=\"2591\">\n<td data-start=\"2543\" data-end=\"2566\" data-col-size=\"sm\"><strong data-start=\"2545\" data-end=\"2565\">Anzahl der Gurte<\/strong><\/td>\n<td data-start=\"2566\" data-end=\"2591\" data-col-size=\"md\">Einzelner Schultergurt<\/td>\n<\/tr>\n<tr data-start=\"2592\" data-end=\"2617\">\n<td data-start=\"2592\" data-end=\"2609\" data-col-size=\"sm\"><strong data-start=\"2594\" data-end=\"2608\">Zwischenschicht<\/strong><\/td>\n<td data-start=\"2609\" data-end=\"2617\" data-col-size=\"md\">Keine<\/td>\n<\/tr>\n<tr data-start=\"2618\" data-end=\"2681\">\n<td data-start=\"2618\" data-end=\"2642\" data-col-size=\"sm\"><strong data-start=\"2620\" data-end=\"2641\">Anwendung Szene<\/strong><\/td>\n<td data-start=\"2642\" data-end=\"2681\" data-col-size=\"md\">T\u00e4glicher Gebrauch, Einkaufen, B\u00fcro, Reisen<\/td>\n<\/tr>\n<tr data-start=\"2682\" data-end=\"2721\">\n<td data-start=\"2682\" data-end=\"2708\" data-col-size=\"sm\"><strong data-start=\"2684\" data-end=\"2707\">Verf\u00fcgbarkeit von Proben<\/strong><\/td>\n<td data-start=\"2708\" data-end=\"2721\" data-col-size=\"md\">Verf\u00fcgbar<\/td>\n<\/tr>\n<tr data-start=\"2722\" data-end=\"2746\">\n<td data-start=\"2722\" data-end=\"2732\" data-col-size=\"sm\"><strong data-start=\"2724\" data-end=\"2731\">MOQ<\/strong><\/td>\n<td data-start=\"2732\" data-end=\"2746\" data-col-size=\"md\">300 St\u00fcck<\/td>\n<\/tr>\n<\/tbody>\n<\/table>\n<\/div>\n<\/div>\n<h2><strong data-start=\"3112\" data-end=\"3128\">Anwendungen<\/strong><\/h2>\n<ul data-start=\"3130\" data-end=\"3685\">\n<li data-start=\"3130\" data-end=\"3243\">\n<p data-start=\"3132\" data-end=\"3243\"><strong data-start=\"3132\" data-end=\"3146\">T\u00e4glicher Gebrauch:<\/strong> Die Tasche ist f\u00fcr den Alltag gemacht und passt perfekt zu Arbeit, Schule und Freizeit.<\/p>\n<\/li>\n<li data-start=\"3244\" data-end=\"3357\">\n<p data-start=\"3246\" data-end=\"3357\"><strong data-start=\"3246\" data-end=\"3268\">B\u00fcro &amp; Business:<\/strong> Sein minimalistisches, aber elegantes Design erlaubt es, ihn als Business-Casual-Accessoire zu verwenden.<\/p>\n<\/li>\n<li data-start=\"3358\" data-end=\"3477\">\n<p data-start=\"3360\" data-end=\"3477\"><strong data-start=\"3360\" data-end=\"3381\">Reisebegleiter:<\/strong> Der ger\u00e4umige Innenraum ist f\u00fcr Reisedokumente, Kosmetika und Accessoires konzipiert.<\/p>\n<\/li>\n<li data-start=\"3478\" data-end=\"3577\">\n<p data-start=\"3480\" data-end=\"3577\"><strong data-start=\"3480\" data-end=\"3503\">Einkaufen &amp; Ausgehen:<\/strong> Die leichte Konstruktion sorgt f\u00fcr Komfort bei stundenlangem Tragen.<\/p>\n<\/li>\n<li data-start=\"3578\" data-end=\"3685\">\n<p data-start=\"3580\" data-end=\"3685\"><strong data-start=\"3580\" data-end=\"3612\">Werbe- und Geschenkzwecke:<\/strong> Individuelle Logos und Farben k\u00f6nnen f\u00fcr Branding- oder Geschenkaktionen verwendet werden.<\/p>\n<\/li>\n<\/ul>","protected":false},"excerpt":{"rendered":"<p>Die <strong data-start=\"383\" data-end=\"419\">Fashion Woven Tote Bag f\u00fcr Frauen<\/strong> wurde sorgf\u00e4ltig entworfen, um moderne Eleganz mit Alltagstauglichkeit zu verbinden. Gefertigt aus hochwertigem <strong data-start=\"524\" data-end=\"539\">PU-Material<\/strong> und ausgekleidet mit <strong data-start=\"555\" data-end=\"576\">strapazierf\u00e4higes Polyester<\/strong>Diese Tragetasche ist f\u00fcr lang anhaltenden Komfort und Funktionalit\u00e4t ausgelegt. Elegant <strong data-start=\"661\" data-end=\"677\">Stern-Anh\u00e4nger<\/strong> Das gro\u00dfe Fassungsverm\u00f6gen des Innenraums sorgt daf\u00fcr, dass alle Dinge des t\u00e4glichen Bedarfs ordentlich verstaut werden k\u00f6nnen und leicht zug\u00e4nglich sind.<br data-start=\"834\" data-end=\"837\" \/>Diese Tasche wurde f\u00fcr Frauen entwickelt, die im Alltag Wert auf \u00c4sthetik und Bequemlichkeit legen, sei es beim Einkaufen, bei der Arbeit, auf Reisen oder bei Freizeitausfl\u00fcgen.<\/p>","protected":false},"featured_media":2763,"comment_status":"open","ping_status":"closed","template":"","meta":{"site-sidebar-layout":"default","site-content-layout":"","ast-site-content-layout":"default","site-content-style":"default","site-sidebar-style":"default","ast-global-header-display":"","ast-banner-title-visibility":"","ast-main-header-display":"","ast-hfb-above-header-display":"","ast-hfb-below-header-display":"","ast-hfb-mobile-header-display":"","site-post-title":"","ast-breadcrumbs-content":"","ast-featured-img":"","footer-sml-layout":"","ast-disable-related-posts":"","theme-transparent-header-meta":"default","adv-header-id-meta":"","stick-header-meta":"","header-above-stick-meta":"","header-main-stick-meta":"","header-below-stick-meta":"","astra-migrate-meta-layouts":"set","ast-page-background-enabled":"default","ast-page-background-meta":{"desktop":{"background-color":"var(--ast-global-color-5)","background-image":"","background-repeat":"repeat","background-position":"center center","background-size":"auto","background-attachment":"scroll","background-type":"","background-media":"","overlay-type":"","overlay-color":"","overlay-opacity":"","overlay-gradient":""},"tablet":{"background-color":"","background-image":"","background-repeat":"repeat","background-position":"center center","background-size":"auto","background-attachment":"scroll","background-type":"","background-media":"","overlay-type":"","overlay-color":"","overlay-opacity":"","overlay-gradient":""},"mobile":{"background-color":"","background-image":"","background-repeat":"repeat","background-position":"center center","background-size":"auto","background-attachment":"scroll","background-type":"","background-media":"","overlay-type":"","overlay-color":"","overlay-opacity":"","overlay-gradient":""}},"ast-content-background-meta":{"desktop":{"background-color":"var(--ast-global-color-4)","background-image":"","background-repeat":"repeat","background-position":"center center","background-size":"auto","background-attachment":"scroll","background-type":"","background-media":"","overlay-type":"","overlay-color":"","overlay-opacity":"","overlay-gradient":""},"tablet":{"background-color":"var(--ast-global-color-4)","background-image":"","background-repeat":"repeat","background-position":"center center","background-size":"auto","background-attachment":"scroll","background-type":"","background-media":"","overlay-type":"","overlay-color":"","overlay-opacity":"","overlay-gradient":""},"mobile":{"background-color":"var(--ast-global-color-4)","background-image":"","background-repeat":"repeat","background-position":"center center","background-size":"auto","background-attachment":"scroll","background-type":"","background-media":"","overlay-type":"","overlay-color":"","overlay-opacity":"","overlay-gradient":""}}},"product_brand":[],"product_cat":[56],"product_tag":[],"class_list":{"0":"post-2753","1":"product","2":"type-product","3":"status-publish","4":"has-post-thumbnail","6":"product_cat-tote-bag","7":"desktop-align-left","8":"tablet-align-left","9":"mobile-align-left","11":"first","12":"instock","13":"shipping-taxable","14":"product-type-simple"},"_links":{"self":[{"href":"https:\/\/baijiabags.com\/de\/wp-json\/wp\/v2\/product\/2753","targetHints":{"allow":["GET"]}}],"collection":[{"href":"https:\/\/baijiabags.com\/de\/wp-json\/wp\/v2\/product"}],"about":[{"href":"https:\/\/baijiabags.com\/de\/wp-json\/wp\/v2\/types\/product"}],"replies":[{"embeddable":true,"href":"https:\/\/baijiabags.com\/de\/wp-json\/wp\/v2\/comments?post=2753"}],"wp:featuredmedia":[{"embeddable":true,"href":"https:\/\/baijiabags.com\/de\/wp-json\/wp\/v2\/media\/2763"}],"wp:attachment":[{"href":"https:\/\/baijiabags.com\/de\/wp-json\/wp\/v2\/media?parent=2753"}],"wp:term":[{"taxonomy":"product_brand","embeddable":true,"href":"https:\/\/baijiabags.com\/de\/wp-json\/wp\/v2\/product_brand?post=2753"},{"taxonomy":"product_cat","embeddable":true,"href":"https:\/\/baijiabags.com\/de\/wp-json\/wp\/v2\/product_cat?post=2753"},{"taxonomy":"product_tag","embeddable":true,"href":"https:\/\/baijiabags.com\/de\/wp-json\/wp\/v2\/product_tag?post=2753"}],"curies":[{"name":"wp","href":"https:\/\/api.w.org\/{rel}","templated":true}]}}