{"id":2730,"date":"2025-09-30T06:21:00","date_gmt":"2025-09-30T06:21:00","guid":{"rendered":"https:\/\/baijiabags.com\/?post_type=product&#038;p=2730"},"modified":"2025-11-01T01:21:35","modified_gmt":"2025-11-01T01:21:35","slug":"french-retro-womens-baguette-bag-versatile-casual-commuter-shoulder-handbag","status":"publish","type":"product","link":"https:\/\/baijiabags.com\/de\/produkt\/french-retro-womens-baguette-bag-versatile-casual-commuter-shoulder-handbag\/","title":{"rendered":"French Retro Womens Baguette Bag Vielseitig Casual Pendler Umh\u00e4ngetasche"},"content":{"rendered":"<h2 data-start=\"640\" data-end=\"657\">Wesentliche Merkmale<\/h2>\n<ol data-start=\"659\" data-end=\"1656\">\n<li data-start=\"659\" data-end=\"782\">\n<p data-start=\"662\" data-end=\"782\"><strong data-start=\"662\" data-end=\"690\">Retro-inspirierte \u00c4sthetik:<\/strong>Der franz\u00f6sische Vintage-Baguette-Stil wurde \u00fcbernommen, um modische Alltagslooks zu unterstreichen.<\/p>\n<\/li>\n<li data-start=\"784\" data-end=\"901\">\n<p data-start=\"787\" data-end=\"901\"><strong data-start=\"787\" data-end=\"810\">Strapazierf\u00e4higes PU-Material:<\/strong>Hochwertiges PU-Leder wurde verwendet, um sowohl Haltbarkeit als auch eine weiche Oberfl\u00e4che zu erzielen.<\/p>\n<\/li>\n<li data-start=\"903\" data-end=\"1026\">\n<p data-start=\"906\" data-end=\"1026\"><strong data-start=\"906\" data-end=\"926\">Polyester Futter:<\/strong>Ein glattes Polyesterfutter sorgt f\u00fcr zus\u00e4tzlichen Schutz der pers\u00f6nlichen Gegenst\u00e4nde.<\/p>\n<\/li>\n<li data-start=\"1028\" data-end=\"1144\">\n<p data-start=\"1031\" data-end=\"1144\"><strong data-start=\"1031\" data-end=\"1049\">Verschluss mit Rei\u00dfverschluss:<\/strong>Ein sicherer Rei\u00dfverschluss sorgt f\u00fcr einfaches \u00d6ffnen und zuverl\u00e4ssige Aufbewahrung.<\/p>\n<\/li>\n<li data-start=\"1146\" data-end=\"1280\">\n<p data-start=\"1149\" data-end=\"1280\"><strong data-start=\"1149\" data-end=\"1178\">Leicht und bequem:<\/strong>Eine kompakte Struktur mit mittlerer H\u00e4rte sorgt f\u00fcr Komfort beim t\u00e4glichen Tragen.<\/p>\n<\/li>\n<li data-start=\"1282\" data-end=\"1404\">\n<p data-start=\"1285\" data-end=\"1404\"><strong data-start=\"1285\" data-end=\"1311\">Innere Rei\u00dfverschlusstasche:<\/strong>Ein integriertes Innenfach mit Rei\u00dfverschluss sorgt f\u00fcr Ordnung und Sicherheit bei kleinen Gegenst\u00e4nden.<\/p>\n<\/li>\n<li data-start=\"1406\" data-end=\"1539\">\n<p data-start=\"1409\" data-end=\"1539\"><strong data-start=\"1409\" data-end=\"1435\">Mehrere Farboptionen:<\/strong>Vier Farben (Burgunderrot, Kaffee, Rosa, Schwarz) werden angeboten, um verschiedenen Stilvorlieben gerecht zu werden.<\/p>\n<\/li>\n<li data-start=\"1541\" data-end=\"1656\">\n<p data-start=\"1544\" data-end=\"1656\"><strong data-start=\"1544\" data-end=\"1570\">ODM &amp; OEM Verf\u00fcgbarkeit:<\/strong>ODM- und OEM-Dienste werden f\u00fcr die kundenspezifische Produktion und das Branding unterst\u00fctzt.<\/p>\n<\/li>\n<\/ol>\n<h2 data-start=\"1663\" data-end=\"1682\">Spezifikationen<\/h2>\n<div class=\"_tableContainer_1rjym_1\">\n<div class=\"group _tableWrapper_1rjym_13 flex w-fit flex-col-reverse\" tabindex=\"-1\">\n<table class=\"w-fit min-w-(--thread-content-width)\" data-start=\"1684\" data-end=\"2609\">\n<thead data-start=\"1684\" data-end=\"1739\">\n<tr data-start=\"1684\" data-end=\"1739\">\n<th data-start=\"1684\" data-end=\"1711\" data-col-size=\"sm\"><strong data-start=\"1686\" data-end=\"1699\">Parameter<\/strong><\/th>\n<th data-start=\"1711\" data-end=\"1739\" data-col-size=\"sm\"><strong data-start=\"1713\" data-end=\"1724\">Einzelheiten<\/strong><\/th>\n<\/tr>\n<\/thead>\n<tbody data-start=\"1797\" data-end=\"2609\">\n<tr data-start=\"1797\" data-end=\"1852\">\n<td data-start=\"1797\" data-end=\"1825\" data-col-size=\"sm\">Marke<\/td>\n<td data-start=\"1825\" data-end=\"1852\" data-col-size=\"sm\">RONEER<\/td>\n<\/tr>\n<tr data-start=\"1853\" data-end=\"1920\">\n<td data-start=\"1853\" data-end=\"1881\" data-col-size=\"sm\">Produktname<\/td>\n<td data-start=\"1881\" data-end=\"1920\" data-col-size=\"sm\">Franz\u00f6sische Retro Damen Baguette Tasche<\/td>\n<\/tr>\n<tr data-start=\"1921\" data-end=\"1984\">\n<td data-start=\"1921\" data-end=\"1949\" data-col-size=\"sm\">Verf\u00fcgbare Farben<\/td>\n<td data-start=\"1949\" data-end=\"1984\" data-col-size=\"sm\">Burgunderrot, Kaffee, Rosa, Schwarz<\/td>\n<\/tr>\n<tr data-start=\"1985\" data-end=\"2044\">\n<td data-start=\"1985\" data-end=\"2013\" data-col-size=\"sm\">Material<\/td>\n<td data-start=\"2013\" data-end=\"2044\" data-col-size=\"sm\">PU (Polyurethan-Leder)<\/td>\n<\/tr>\n<tr data-start=\"2045\" data-end=\"2100\">\n<td data-start=\"2045\" data-end=\"2073\" data-col-size=\"sm\">Material der Auskleidung<\/td>\n<td data-start=\"2073\" data-end=\"2100\" data-col-size=\"sm\">Polyester<\/td>\n<\/tr>\n<tr data-start=\"2101\" data-end=\"2156\">\n<td data-start=\"2101\" data-end=\"2129\" data-col-size=\"sm\">Verschlussart<\/td>\n<td data-start=\"2129\" data-end=\"2156\" data-col-size=\"sm\">Rei\u00dfverschluss<\/td>\n<\/tr>\n<tr data-start=\"2157\" data-end=\"2213\">\n<td data-start=\"2157\" data-end=\"2185\" data-col-size=\"sm\">Innere Struktur<\/td>\n<td data-start=\"2185\" data-end=\"2213\" data-col-size=\"sm\">Rei\u00dfverschlusstasche<\/td>\n<\/tr>\n<tr data-start=\"2214\" data-end=\"2269\">\n<td data-start=\"2214\" data-end=\"2242\" data-col-size=\"sm\">H\u00e4rte<\/td>\n<td data-start=\"2242\" data-end=\"2269\" data-col-size=\"sm\">Mittel-weich<\/td>\n<\/tr>\n<tr data-start=\"2270\" data-end=\"2325\">\n<td data-start=\"2270\" data-end=\"2298\" data-col-size=\"sm\">Zwischenschicht<\/td>\n<td data-start=\"2298\" data-end=\"2325\" data-col-size=\"sm\">Keine<\/td>\n<\/tr>\n<tr data-start=\"2326\" data-end=\"2381\">\n<td data-start=\"2326\" data-end=\"2354\" data-col-size=\"sm\">Abmessungen (cm)<\/td>\n<td data-start=\"2354\" data-end=\"2381\" data-col-size=\"sm\">23 \u00d7 11 \u00d7 8.5<\/td>\n<\/tr>\n<tr data-start=\"2382\" data-end=\"2437\">\n<td data-start=\"2382\" data-end=\"2410\" data-col-size=\"sm\">\u00c4u\u00dfere Tasche Typ<\/td>\n<td data-start=\"2410\" data-end=\"2437\" data-col-size=\"sm\">Aufgesetzte Innentasche<\/td>\n<\/tr>\n<tr data-start=\"2438\" data-end=\"2497\">\n<td data-start=\"2438\" data-end=\"2466\" data-col-size=\"sm\">Geeignete Szenarien<\/td>\n<td data-start=\"2466\" data-end=\"2497\" data-col-size=\"sm\">T\u00e4gliches Matching, Pendeln<\/td>\n<\/tr>\n<tr data-start=\"2498\" data-end=\"2553\">\n<td data-start=\"2498\" data-end=\"2526\" data-col-size=\"sm\">Verf\u00fcgbarkeit von Proben<\/td>\n<td data-start=\"2526\" data-end=\"2553\" data-col-size=\"sm\">Ja<\/td>\n<\/tr>\n<tr data-start=\"2554\" data-end=\"2609\">\n<td data-start=\"2554\" data-end=\"2582\" data-col-size=\"sm\">MOQ<\/td>\n<td data-start=\"2582\" data-end=\"2609\" data-col-size=\"sm\">300 St\u00fcck<\/td>\n<\/tr>\n<\/tbody>\n<\/table>\n<\/div>\n<\/div>\n<h2 data-start=\"2616\" data-end=\"2633\">Anwendungen<\/h2>\n<ul data-start=\"2634\" data-end=\"3062\">\n<li data-start=\"2634\" data-end=\"2724\">\n<p data-start=\"2636\" data-end=\"2724\">Die Handtasche ist bestimmt f\u00fcr <strong data-start=\"2670\" data-end=\"2684\">t\u00e4glicher Gebrauch<\/strong> als stilvolles und zugleich praktisches Accessoire.<\/p>\n<\/li>\n<li data-start=\"2725\" data-end=\"2832\">\n<p data-start=\"2727\" data-end=\"2832\">Es wurde verwendet f\u00fcr <strong data-start=\"2748\" data-end=\"2761\">Pendeln<\/strong>und bietet ausreichend Platz f\u00fcr Schl\u00fcssel, Telefon, Geldb\u00f6rse und kleine Kosmetika.<\/p>\n<\/li>\n<li data-start=\"2833\" data-end=\"2941\">\n<p data-start=\"2835\" data-end=\"2941\">Die kompakte Struktur wurde gesch\u00e4tzt f\u00fcr <strong data-start=\"2882\" data-end=\"2900\">Gelegenheitsausfl\u00fcge<\/strong>die sowohl den Stil als auch den Komfort verbessern.<\/p>\n<\/li>\n<li data-start=\"2942\" data-end=\"3062\">\n<p data-start=\"2944\" data-end=\"3062\">Das Retro-Design wurde ausgew\u00e4hlt f\u00fcr <strong data-start=\"2983\" data-end=\"3016\">Mode-Events und -Veranstaltungen<\/strong>und passt sowohl zu modernen als auch zu Vintage-Outfits.<\/p>\n<\/li>\n<\/ul>\n<p data-start=\"3069\" data-end=\"3275\">Bei Interesse an diesem Thema <strong data-start=\"3098\" data-end=\"3142\">RONEER French Retro Damen Baguette Tasche<\/strong>k\u00f6nnen Muster angefordert werden. <strong data-start=\"3170\" data-end=\"3206\">ODM- und OEM-Dienste werden unterst\u00fctzt<\/strong>und erm\u00f6glicht individuelle Stile, Farben und Branding f\u00fcr Gro\u00dfauftr\u00e4ge.<\/p>","protected":false},"excerpt":{"rendered":"<p>Die <strong data-start=\"194\" data-end=\"231\">Franz\u00f6sische Retro Damen Baguette Tasche<\/strong> von <strong data-start=\"235\" data-end=\"245\">RONEER<\/strong> wurde als vielseitiges Accessoire entworfen, das sich sowohl f\u00fcr den Freizeit- als auch f\u00fcr den Arbeitsalltag eignet. Mit ihrer kompakten und dennoch praktischen Gr\u00f6\u00dfe ist diese Handtasche eine ideale Erg\u00e4nzung f\u00fcr das t\u00e4gliche Outfit und bietet gleichzeitig gen\u00fcgend Platz f\u00fcr wichtige Dinge. Die elegante Baguette-Silhouette wurde aus weichem PU-Leder gefertigt und mit strapazierf\u00e4higem Polyester gef\u00fcttert, um sowohl Eleganz als auch Alltagstauglichkeit zu gew\u00e4hrleisten.<\/p>","protected":false},"featured_media":2731,"comment_status":"open","ping_status":"closed","template":"","meta":{"site-sidebar-layout":"default","site-content-layout":"","ast-site-content-layout":"default","site-content-style":"default","site-sidebar-style":"default","ast-global-header-display":"","ast-banner-title-visibility":"","ast-main-header-display":"","ast-hfb-above-header-display":"","ast-hfb-below-header-display":"","ast-hfb-mobile-header-display":"","site-post-title":"","ast-breadcrumbs-content":"","ast-featured-img":"","footer-sml-layout":"","ast-disable-related-posts":"","theme-transparent-header-meta":"default","adv-header-id-meta":"","stick-header-meta":"","header-above-stick-meta":"","header-main-stick-meta":"","header-below-stick-meta":"","astra-migrate-meta-layouts":"set","ast-page-background-enabled":"default","ast-page-background-meta":{"desktop":{"background-color":"var(--ast-global-color-5)","background-image":"","background-repeat":"repeat","background-position":"center center","background-size":"auto","background-attachment":"scroll","background-type":"","background-media":"","overlay-type":"","overlay-color":"","overlay-opacity":"","overlay-gradient":""},"tablet":{"background-color":"","background-image":"","background-repeat":"repeat","background-position":"center center","background-size":"auto","background-attachment":"scroll","background-type":"","background-media":"","overlay-type":"","overlay-color":"","overlay-opacity":"","overlay-gradient":""},"mobile":{"background-color":"","background-image":"","background-repeat":"repeat","background-position":"center center","background-size":"auto","background-attachment":"scroll","background-type":"","background-media":"","overlay-type":"","overlay-color":"","overlay-opacity":"","overlay-gradient":""}},"ast-content-background-meta":{"desktop":{"background-color":"var(--ast-global-color-4)","background-image":"","background-repeat":"repeat","background-position":"center center","background-size":"auto","background-attachment":"scroll","background-type":"","background-media":"","overlay-type":"","overlay-color":"","overlay-opacity":"","overlay-gradient":""},"tablet":{"background-color":"var(--ast-global-color-4)","background-image":"","background-repeat":"repeat","background-position":"center center","background-size":"auto","background-attachment":"scroll","background-type":"","background-media":"","overlay-type":"","overlay-color":"","overlay-opacity":"","overlay-gradient":""},"mobile":{"background-color":"var(--ast-global-color-4)","background-image":"","background-repeat":"repeat","background-position":"center center","background-size":"auto","background-attachment":"scroll","background-type":"","background-media":"","overlay-type":"","overlay-color":"","overlay-opacity":"","overlay-gradient":""}}},"product_brand":[],"product_cat":[54,42],"product_tag":[],"class_list":{"0":"post-2730","1":"product","2":"type-product","3":"status-publish","4":"has-post-thumbnail","6":"product_cat-womens-bag","7":"product_cat-hand-bag","8":"desktop-align-left","9":"tablet-align-left","10":"mobile-align-left","12":"first","13":"instock","14":"shipping-taxable","15":"product-type-simple"},"_links":{"self":[{"href":"https:\/\/baijiabags.com\/de\/wp-json\/wp\/v2\/product\/2730","targetHints":{"allow":["GET"]}}],"collection":[{"href":"https:\/\/baijiabags.com\/de\/wp-json\/wp\/v2\/product"}],"about":[{"href":"https:\/\/baijiabags.com\/de\/wp-json\/wp\/v2\/types\/product"}],"replies":[{"embeddable":true,"href":"https:\/\/baijiabags.com\/de\/wp-json\/wp\/v2\/comments?post=2730"}],"wp:featuredmedia":[{"embeddable":true,"href":"https:\/\/baijiabags.com\/de\/wp-json\/wp\/v2\/media\/2731"}],"wp:attachment":[{"href":"https:\/\/baijiabags.com\/de\/wp-json\/wp\/v2\/media?parent=2730"}],"wp:term":[{"taxonomy":"product_brand","embeddable":true,"href":"https:\/\/baijiabags.com\/de\/wp-json\/wp\/v2\/product_brand?post=2730"},{"taxonomy":"product_cat","embeddable":true,"href":"https:\/\/baijiabags.com\/de\/wp-json\/wp\/v2\/product_cat?post=2730"},{"taxonomy":"product_tag","embeddable":true,"href":"https:\/\/baijiabags.com\/de\/wp-json\/wp\/v2\/product_tag?post=2730"}],"curies":[{"name":"wp","href":"https:\/\/api.w.org\/{rel}","templated":true}]}}