{"id":2656,"date":"2025-09-29T02:38:22","date_gmt":"2025-09-29T02:38:22","guid":{"rendered":"https:\/\/baijiabags.com\/?post_type=product&#038;p=2656"},"modified":"2025-11-01T01:21:36","modified_gmt":"2025-11-01T01:21:36","slug":"wholesale-fashion-tote-bag-custom-lightweight-waterproof-pu-nylon-leather-zipper-handbag","status":"publish","type":"product","link":"https:\/\/baijiabags.com\/de\/produkt\/wholesale-fashion-tote-bag-custom-lightweight-waterproof-pu-nylon-leather-zipper-handbag\/","title":{"rendered":"Gro\u00dfhandel Mode Tragetasche benutzerdefinierte leichtes wasserdichtes PU Nylon Leder Rei\u00dfverschluss Handtasche"},"content":{"rendered":"<h2 data-start=\"1258\" data-end=\"1275\">Wesentliche Merkmale<\/h2>\n<ol data-start=\"1277\" data-end=\"2083\">\n<li data-start=\"1277\" data-end=\"1363\">\n<p data-start=\"1280\" data-end=\"1363\"><strong data-start=\"1280\" data-end=\"1301\">Leichte Bauweise<\/strong> - Konstruiert zu nur <strong data-start=\"1324\" data-end=\"1335\">0,43 kg<\/strong> f\u00fcr den m\u00fchelosen t\u00e4glichen Gebrauch.<\/p>\n<\/li>\n<li data-start=\"1364\" data-end=\"1472\">\n<p data-start=\"1367\" data-end=\"1472\"><strong data-start=\"1367\" data-end=\"1388\">Langlebige Materialien<\/strong> - Hergestellt mit <strong data-start=\"1401\" data-end=\"1422\">vollnarbiges Rindsleder<\/strong> und wasserdichtem PU-Nylon f\u00fcr eine lange Lebensdauer.<\/p>\n<\/li>\n<li data-start=\"1473\" data-end=\"1560\">\n<p data-start=\"1476\" data-end=\"1560\"><strong data-start=\"1476\" data-end=\"1497\">Ger\u00e4umige Kapazit\u00e4t<\/strong> - Geeignet f\u00fcr A4-Magazine, iPads, Kosmetika und mehr.<\/p>\n<\/li>\n<li data-start=\"1561\" data-end=\"1654\">\n<p data-start=\"1564\" data-end=\"1654\"><strong data-start=\"1564\" data-end=\"1593\">Multifunktionale Tragem\u00f6glichkeit<\/strong> - Verwendbar sowohl als <strong data-start=\"1611\" data-end=\"1624\">Crossbody<\/strong> und <strong data-start=\"1629\" data-end=\"1651\">handgetragene Handtasche<\/strong>.<\/p>\n<\/li>\n<li data-start=\"1655\" data-end=\"1752\">\n<p data-start=\"1658\" data-end=\"1752\"><strong data-start=\"1658\" data-end=\"1682\">Anpassbare Optionen<\/strong> - Farben und Details k\u00f6nnen auf die Bed\u00fcrfnisse von Marken und Einzelhandel zugeschnitten werden.<\/p>\n<\/li>\n<li data-start=\"1753\" data-end=\"1869\">\n<p data-start=\"1756\" data-end=\"1869\"><strong data-start=\"1756\" data-end=\"1774\">Sichere Lagerung<\/strong> - Mehrere F\u00e4cher, darunter ein inneres Rei\u00dfverschlussfach, sorgen f\u00fcr Ordnung.<\/p>\n<\/li>\n<li data-start=\"1870\" data-end=\"1974\">\n<p data-start=\"1873\" data-end=\"1974\"><strong data-start=\"1873\" data-end=\"1897\">Moderner Modestil<\/strong> - Das schicke Design ist sowohl f\u00fcr die Freizeit als auch f\u00fcr die Reise geeignet.<\/p>\n<\/li>\n<li data-start=\"1975\" data-end=\"2083\">\n<p data-start=\"1978\" data-end=\"2083\"><strong data-start=\"1978\" data-end=\"2004\">OEM &amp; ODM Verf\u00fcgbarkeit<\/strong> - Die Flexibilit\u00e4t der Produktion wurde sichergestellt, um den unterschiedlichen Kundenanforderungen gerecht zu werden.<\/p>\n<\/li>\n<\/ol>\n<h2 data-start=\"2090\" data-end=\"2109\">Spezifikationen<\/h2>\n<div class=\"_tableContainer_1rjym_1\">\n<div class=\"group _tableWrapper_1rjym_13 flex w-fit flex-col-reverse\" tabindex=\"-1\">\n<table class=\"w-fit min-w-(--thread-content-width)\" data-start=\"2111\" data-end=\"3774\">\n<thead data-start=\"2111\" data-end=\"2220\">\n<tr data-start=\"2111\" data-end=\"2220\">\n<th data-start=\"2111\" data-end=\"2137\" data-col-size=\"sm\"><strong data-start=\"2113\" data-end=\"2126\">Parameter<\/strong><\/th>\n<th data-start=\"2137\" data-end=\"2220\" data-col-size=\"md\"><strong data-start=\"2139\" data-end=\"2154\">Beschreibung<\/strong><\/th>\n<\/tr>\n<\/thead>\n<tbody data-start=\"2332\" data-end=\"3774\">\n<tr data-start=\"2332\" data-end=\"2442\">\n<td data-start=\"2332\" data-end=\"2359\" data-col-size=\"sm\">Produktname<\/td>\n<td data-start=\"2359\" data-end=\"2442\" data-col-size=\"md\">Damenhandtasche<\/td>\n<\/tr>\n<tr data-start=\"2443\" data-end=\"2553\">\n<td data-start=\"2443\" data-end=\"2470\" data-col-size=\"sm\">Marke<\/td>\n<td data-start=\"2470\" data-end=\"2553\" data-col-size=\"md\">RONEER<\/td>\n<\/tr>\n<tr data-start=\"2554\" data-end=\"2664\">\n<td data-start=\"2554\" data-end=\"2581\" data-col-size=\"sm\">Modellnummer<\/td>\n<td data-start=\"2581\" data-end=\"2664\" data-col-size=\"md\">GB-0438<\/td>\n<\/tr>\n<tr data-start=\"2665\" data-end=\"2775\">\n<td data-start=\"2665\" data-end=\"2692\" data-col-size=\"sm\">Ort der Herkunft<\/td>\n<td data-start=\"2692\" data-end=\"2775\" data-col-size=\"md\">Guangdong, China<\/td>\n<\/tr>\n<tr data-start=\"2776\" data-end=\"2886\">\n<td data-start=\"2776\" data-end=\"2803\" data-col-size=\"sm\">Stil<\/td>\n<td data-start=\"2803\" data-end=\"2886\" data-col-size=\"md\">Mode \/ Modern<\/td>\n<\/tr>\n<tr data-start=\"2887\" data-end=\"2997\">\n<td data-start=\"2887\" data-end=\"2914\" data-col-size=\"sm\">Material<\/td>\n<td data-start=\"2914\" data-end=\"2997\" data-col-size=\"md\">Vollnarbiges Rindsleder<\/td>\n<\/tr>\n<tr data-start=\"2998\" data-end=\"3108\">\n<td data-start=\"2998\" data-end=\"3025\" data-col-size=\"sm\">Gewicht<\/td>\n<td data-start=\"3025\" data-end=\"3108\" data-col-size=\"md\">0,43 kg<\/td>\n<\/tr>\n<tr data-start=\"3109\" data-end=\"3219\">\n<td data-start=\"3109\" data-end=\"3136\" data-col-size=\"sm\">Struktur<\/td>\n<td data-start=\"3136\" data-end=\"3219\" data-col-size=\"md\">Innentasche mit Rei\u00dfverschluss \/ Hauptfach \/ Innentasche<\/td>\n<\/tr>\n<tr data-start=\"3220\" data-end=\"3330\">\n<td data-start=\"3220\" data-end=\"3247\" data-col-size=\"sm\">Farbe<\/td>\n<td data-start=\"3247\" data-end=\"3330\" data-col-size=\"md\">Anpassbar<\/td>\n<\/tr>\n<tr data-start=\"3331\" data-end=\"3441\">\n<td data-start=\"3331\" data-end=\"3358\" data-col-size=\"sm\">Verwendungsmodus<\/td>\n<td data-start=\"3358\" data-end=\"3441\" data-col-size=\"md\">Crossbody \/ Handtrage<\/td>\n<\/tr>\n<tr data-start=\"3442\" data-end=\"3552\">\n<td data-start=\"3442\" data-end=\"3469\" data-col-size=\"sm\">Kapazit\u00e4t<\/td>\n<td data-start=\"3469\" data-end=\"3552\" data-col-size=\"md\">A4 Magazin \/ iPad \/ Mobiltelefon \/ Faltbarer Regenschirm \/ Kosmetik \/ T\u00e4gliche Gegenst\u00e4nde<\/td>\n<\/tr>\n<tr data-start=\"3553\" data-end=\"3663\">\n<td data-start=\"3553\" data-end=\"3580\" data-col-size=\"sm\">MOQ<\/td>\n<td data-start=\"3580\" data-end=\"3663\" data-col-size=\"md\">300 St\u00fcck<\/td>\n<\/tr>\n<tr data-start=\"3664\" data-end=\"3774\">\n<td data-start=\"3664\" data-end=\"3691\" data-col-size=\"sm\">Anwendungsbereich<\/td>\n<td data-start=\"3691\" data-end=\"3774\" data-col-size=\"md\">Reisen, T\u00e4gliches Leben, Gelegenheitsausfl\u00fcge, Arbeit<\/td>\n<\/tr>\n<\/tbody>\n<\/table>\n<\/div>\n<\/div>\n<h2 data-start=\"3781\" data-end=\"3798\">Anwendungen<\/h2>\n<ul data-start=\"3800\" data-end=\"4161\">\n<li data-start=\"3800\" data-end=\"3892\">\n<p data-start=\"3802\" data-end=\"3892\"><strong data-start=\"3802\" data-end=\"3812\">Reisen<\/strong> - Organisierte Ablage f\u00fcr Dokumente, Elektronik und Zubeh\u00f6r auf Reisen.<\/p>\n<\/li>\n<li data-start=\"3893\" data-end=\"3981\">\n<p data-start=\"3895\" data-end=\"3981\"><strong data-start=\"3895\" data-end=\"3908\">T\u00e4glicher Gebrauch<\/strong> - Geeignet f\u00fcr das B\u00fcro, die Schule oder gelegentliche Ausfl\u00fcge mit den wichtigsten Dingen.<\/p>\n<\/li>\n<li data-start=\"3982\" data-end=\"4071\">\n<p data-start=\"3984\" data-end=\"4071\"><strong data-start=\"3984\" data-end=\"4005\">Mode-Accessoire<\/strong> - Entworfen, um moderne Outfits zu erg\u00e4nzen und gleichzeitig n\u00fctzlich zu sein.<\/p>\n<\/li>\n<li data-start=\"4072\" data-end=\"4161\">\n<p data-start=\"4074\" data-end=\"4161\"><strong data-start=\"4074\" data-end=\"4096\">Einzelhandel und Werbung<\/strong> - Individuelle Branding-Optionen machen es ideal f\u00fcr Modeh\u00e4ndler.<\/p>\n<\/li>\n<\/ul>\n<p data-start=\"4168\" data-end=\"4343\">Wenn Sie sich f\u00fcr dieses Thema interessieren <strong data-start=\"4198\" data-end=\"4225\">RONEER Fashion Tote Bag<\/strong>Bitte kontaktieren Sie uns, um Muster anzufordern. <strong data-start=\"4265\" data-end=\"4287\">ODM- und OEM-Dienstleistungen<\/strong> werden bereitgestellt, um die Anpassung an Ihre Marke zu unterst\u00fctzen.<\/p>","protected":false},"excerpt":{"rendered":"<p>Die <strong data-start=\"187\" data-end=\"279\">Gro\u00dfhandel Mode Tragetasche benutzerdefinierte leichtes wasserdichtes PU Nylon Leder Rei\u00dfverschluss Handtasche<\/strong> wurde entwickelt, um moderne \u00c4sthetik mit funktionaler Vielseitigkeit zu verbinden. Gebrandmarkt unter <strong data-start=\"370\" data-end=\"380\">RONEER<\/strong>wird die Handtasche hergestellt in <strong data-start=\"413\" data-end=\"433\">Guangdong, China<\/strong>und angeboten in Modell <strong data-start=\"456\" data-end=\"467\">GB-0438<\/strong>. Ein modisches Aussehen ist gew\u00e4hrleistet, w\u00e4hrend Haltbarkeit und Komfort durch die Verwendung von <strong data-start=\"578\" data-end=\"599\">vollnarbiges Rindsleder<\/strong> und wasserfesten Nylon-PU-Materialien.<\/p>","protected":false},"featured_media":2662,"comment_status":"open","ping_status":"closed","template":"","meta":{"site-sidebar-layout":"default","site-content-layout":"","ast-site-content-layout":"default","site-content-style":"default","site-sidebar-style":"default","ast-global-header-display":"","ast-banner-title-visibility":"","ast-main-header-display":"","ast-hfb-above-header-display":"","ast-hfb-below-header-display":"","ast-hfb-mobile-header-display":"","site-post-title":"","ast-breadcrumbs-content":"","ast-featured-img":"","footer-sml-layout":"","ast-disable-related-posts":"","theme-transparent-header-meta":"default","adv-header-id-meta":"","stick-header-meta":"","header-above-stick-meta":"","header-main-stick-meta":"","header-below-stick-meta":"","astra-migrate-meta-layouts":"set","ast-page-background-enabled":"default","ast-page-background-meta":{"desktop":{"background-color":"var(--ast-global-color-5)","background-image":"","background-repeat":"repeat","background-position":"center center","background-size":"auto","background-attachment":"scroll","background-type":"","background-media":"","overlay-type":"","overlay-color":"","overlay-opacity":"","overlay-gradient":""},"tablet":{"background-color":"","background-image":"","background-repeat":"repeat","background-position":"center center","background-size":"auto","background-attachment":"scroll","background-type":"","background-media":"","overlay-type":"","overlay-color":"","overlay-opacity":"","overlay-gradient":""},"mobile":{"background-color":"","background-image":"","background-repeat":"repeat","background-position":"center center","background-size":"auto","background-attachment":"scroll","background-type":"","background-media":"","overlay-type":"","overlay-color":"","overlay-opacity":"","overlay-gradient":""}},"ast-content-background-meta":{"desktop":{"background-color":"var(--ast-global-color-4)","background-image":"","background-repeat":"repeat","background-position":"center center","background-size":"auto","background-attachment":"scroll","background-type":"","background-media":"","overlay-type":"","overlay-color":"","overlay-opacity":"","overlay-gradient":""},"tablet":{"background-color":"var(--ast-global-color-4)","background-image":"","background-repeat":"repeat","background-position":"center center","background-size":"auto","background-attachment":"scroll","background-type":"","background-media":"","overlay-type":"","overlay-color":"","overlay-opacity":"","overlay-gradient":""},"mobile":{"background-color":"var(--ast-global-color-4)","background-image":"","background-repeat":"repeat","background-position":"center center","background-size":"auto","background-attachment":"scroll","background-type":"","background-media":"","overlay-type":"","overlay-color":"","overlay-opacity":"","overlay-gradient":""}}},"product_brand":[],"product_cat":[42,54],"product_tag":[],"class_list":{"0":"post-2656","1":"product","2":"type-product","3":"status-publish","4":"has-post-thumbnail","6":"product_cat-hand-bag","7":"product_cat-womens-bag","8":"desktop-align-left","9":"tablet-align-left","10":"mobile-align-left","12":"first","13":"instock","14":"shipping-taxable","15":"product-type-simple"},"_links":{"self":[{"href":"https:\/\/baijiabags.com\/de\/wp-json\/wp\/v2\/product\/2656","targetHints":{"allow":["GET"]}}],"collection":[{"href":"https:\/\/baijiabags.com\/de\/wp-json\/wp\/v2\/product"}],"about":[{"href":"https:\/\/baijiabags.com\/de\/wp-json\/wp\/v2\/types\/product"}],"replies":[{"embeddable":true,"href":"https:\/\/baijiabags.com\/de\/wp-json\/wp\/v2\/comments?post=2656"}],"wp:featuredmedia":[{"embeddable":true,"href":"https:\/\/baijiabags.com\/de\/wp-json\/wp\/v2\/media\/2662"}],"wp:attachment":[{"href":"https:\/\/baijiabags.com\/de\/wp-json\/wp\/v2\/media?parent=2656"}],"wp:term":[{"taxonomy":"product_brand","embeddable":true,"href":"https:\/\/baijiabags.com\/de\/wp-json\/wp\/v2\/product_brand?post=2656"},{"taxonomy":"product_cat","embeddable":true,"href":"https:\/\/baijiabags.com\/de\/wp-json\/wp\/v2\/product_cat?post=2656"},{"taxonomy":"product_tag","embeddable":true,"href":"https:\/\/baijiabags.com\/de\/wp-json\/wp\/v2\/product_tag?post=2656"}],"curies":[{"name":"wp","href":"https:\/\/api.w.org\/{rel}","templated":true}]}}