{"id":2571,"date":"2025-09-27T03:39:07","date_gmt":"2025-09-27T03:39:07","guid":{"rendered":"https:\/\/baijiabags.com\/?post_type=product&#038;p=2571"},"modified":"2025-11-01T01:21:57","modified_gmt":"2025-11-01T01:21:57","slug":"wholesale-genuine-leather-womens-tote-bag-custom-shoulder-handbag-waterproof-office-use","status":"publish","type":"product","link":"https:\/\/baijiabags.com\/de\/produkt\/wholesale-genuine-leather-womens-tote-bag-custom-shoulder-handbag-waterproof-office-use\/","title":{"rendered":"Gro\u00dfhandel Echtes Leder Damen Tote Tasche benutzerdefinierte Schulter Handtasche wasserdicht B\u00fcro verwenden"},"content":{"rendered":"<h2 data-start=\"725\" data-end=\"742\">Wesentliche Merkmale<\/h2>\n<ol data-start=\"743\" data-end=\"1803\">\n<li data-start=\"743\" data-end=\"883\">\n<p data-start=\"746\" data-end=\"883\"><strong data-start=\"746\" data-end=\"778\">Hochwertige Lederkonstruktion<\/strong> - Hochwertiges echtes Leder wurde verwendet, um St\u00e4rke, Haltbarkeit und ein edles Aussehen zu gew\u00e4hrleisten.<\/p>\n<\/li>\n<li data-start=\"884\" data-end=\"1021\">\n<p data-start=\"887\" data-end=\"1021\"><strong data-start=\"887\" data-end=\"912\">Wasserdichter Schutz<\/strong> - Die Oberfl\u00e4che wurde wasserabweisend behandelt, so dass die Gegenst\u00e4nde auch bei wechselnden Bedingungen sicher aufbewahrt werden k\u00f6nnen.<\/p>\n<\/li>\n<li data-start=\"1022\" data-end=\"1196\">\n<p data-start=\"1025\" data-end=\"1196\"><strong data-start=\"1025\" data-end=\"1046\">Ger\u00e4umiges Interieur<\/strong> - Ein Hauptfach mit mehreren Innentaschen bietet Platz f\u00fcr wichtige Dinge wie ein iPad, A4-Dokumente, Kosmetika und vieles mehr.<\/p>\n<\/li>\n<li data-start=\"1197\" data-end=\"1288\">\n<p data-start=\"1200\" data-end=\"1288\"><strong data-start=\"1200\" data-end=\"1224\">Anpassbare Optionen<\/strong> - Die Farben k\u00f6nnen individuell angepasst werden, um verschiedenen Stilvorlieben gerecht zu werden.<\/p>\n<\/li>\n<li data-start=\"1289\" data-end=\"1410\">\n<p data-start=\"1292\" data-end=\"1410\"><strong data-start=\"1292\" data-end=\"1322\">Vielseitige Tragemethoden<\/strong> - Die Tasche ist so konzipiert, dass sie sowohl in der Hand als auch \u00fcber Kreuz getragen werden kann und somit flexibel ist.<\/p>\n<\/li>\n<li data-start=\"1411\" data-end=\"1533\">\n<p data-start=\"1414\" data-end=\"1533\"><strong data-start=\"1414\" data-end=\"1435\">Leichte Bauweise<\/strong> - Mit einem Gewicht von nur 0,64 kg l\u00e4sst sich die Tasche den ganzen Tag \u00fcber leicht und ohne zus\u00e4tzliche Belastung tragen.<\/p>\n<\/li>\n<li data-start=\"1534\" data-end=\"1663\">\n<p data-start=\"1537\" data-end=\"1663\"><strong data-start=\"1537\" data-end=\"1555\">Sichere Lagerung<\/strong> - Rei\u00dfverschlusstaschen und Steckf\u00e4cher sind so angeordnet, dass sie eine geordnete und sichere Aufbewahrung f\u00fcr kleine Wertgegenst\u00e4nde bieten.<\/p>\n<\/li>\n<li data-start=\"1664\" data-end=\"1803\">\n<p data-start=\"1667\" data-end=\"1803\"><strong data-start=\"1667\" data-end=\"1698\">Berufliche und private Nutzung<\/strong> - Die Tasche hat einen zeitlosen Stil und eignet sich sowohl f\u00fcr die Arbeit als auch f\u00fcr die Freizeit.<\/p>\n<\/li>\n<\/ol>\n<h2 data-start=\"1805\" data-end=\"1824\">Spezifikationen<\/h2>\n<div class=\"_tableContainer_1rjym_1\">\n<div class=\"group _tableWrapper_1rjym_13 flex w-fit flex-col-reverse\" tabindex=\"-1\">\n<table class=\"w-fit min-w-(--thread-content-width)\" data-start=\"1826\" data-end=\"2374\">\n<thead data-start=\"1826\" data-end=\"1863\">\n<tr data-start=\"1826\" data-end=\"1863\">\n<th data-start=\"1826\" data-end=\"1846\" data-col-size=\"sm\"><strong data-start=\"1828\" data-end=\"1845\">Spezifikation<\/strong><\/th>\n<th data-start=\"1846\" data-end=\"1863\" data-col-size=\"md\"><strong data-start=\"1848\" data-end=\"1859\">Einzelheiten<\/strong><\/th>\n<\/tr>\n<\/thead>\n<tbody data-start=\"1902\" data-end=\"2374\">\n<tr data-start=\"1902\" data-end=\"1937\">\n<td data-start=\"1902\" data-end=\"1917\" data-col-size=\"sm\">Produktname<\/td>\n<td data-start=\"1917\" data-end=\"1937\" data-col-size=\"md\">Damenhandtasche<\/td>\n<\/tr>\n<tr data-start=\"1938\" data-end=\"1958\">\n<td data-start=\"1938\" data-end=\"1946\" data-col-size=\"sm\">Marke<\/td>\n<td data-start=\"1946\" data-end=\"1958\" data-col-size=\"md\">RONEER<\/td>\n<\/tr>\n<tr data-start=\"1959\" data-end=\"1980\">\n<td data-start=\"1959\" data-end=\"1967\" data-col-size=\"sm\">Modell<\/td>\n<td data-start=\"1967\" data-end=\"1980\" data-col-size=\"md\">GB-0434<\/td>\n<\/tr>\n<tr data-start=\"1981\" data-end=\"2012\">\n<td data-start=\"1981\" data-end=\"1990\" data-col-size=\"sm\">Herkunft<\/td>\n<td data-start=\"1990\" data-end=\"2012\" data-col-size=\"md\">Guangdong, China<\/td>\n<\/tr>\n<tr data-start=\"2013\" data-end=\"2041\">\n<td data-start=\"2013\" data-end=\"2021\" data-col-size=\"sm\">Stil<\/td>\n<td data-start=\"2021\" data-end=\"2041\" data-col-size=\"md\">Mode, Retro<\/td>\n<\/tr>\n<tr data-start=\"2042\" data-end=\"2074\">\n<td data-start=\"2042\" data-end=\"2053\" data-col-size=\"sm\">Material<\/td>\n<td data-start=\"2053\" data-end=\"2074\" data-col-size=\"md\">Echtes Leder<\/td>\n<\/tr>\n<tr data-start=\"2075\" data-end=\"2097\">\n<td data-start=\"2075\" data-end=\"2084\" data-col-size=\"sm\">Gewicht<\/td>\n<td data-start=\"2084\" data-end=\"2097\" data-col-size=\"md\">0,64 kg<\/td>\n<\/tr>\n<tr data-start=\"2098\" data-end=\"2124\">\n<td data-start=\"2098\" data-end=\"2106\" data-col-size=\"sm\">Farbe<\/td>\n<td data-start=\"2106\" data-end=\"2124\" data-col-size=\"md\">Anpassbar<\/td>\n<\/tr>\n<tr data-start=\"2125\" data-end=\"2192\">\n<td data-start=\"2125\" data-end=\"2140\" data-col-size=\"sm\">F\u00e4cher<\/td>\n<td data-start=\"2140\" data-end=\"2192\" data-col-size=\"md\">Hauptfach, 1 Rei\u00dfverschlussfach, 2 Steckf\u00e4cher<\/td>\n<\/tr>\n<tr data-start=\"2193\" data-end=\"2240\">\n<td data-start=\"2193\" data-end=\"2212\" data-col-size=\"sm\">Tragem\u00f6glichkeiten<\/td>\n<td data-start=\"2212\" data-end=\"2240\" data-col-size=\"md\">Crossbody \/ Handtrage<\/td>\n<\/tr>\n<tr data-start=\"2241\" data-end=\"2268\">\n<td data-start=\"2241\" data-end=\"2252\" data-col-size=\"sm\">Eigenschaften<\/td>\n<td data-start=\"2252\" data-end=\"2268\" data-col-size=\"md\">Wasserdicht<\/td>\n<\/tr>\n<tr data-start=\"2269\" data-end=\"2354\">\n<td data-start=\"2269\" data-end=\"2280\" data-col-size=\"sm\">Kapazit\u00e4t<\/td>\n<td data-start=\"2280\" data-end=\"2354\" data-col-size=\"md\">Platz f\u00fcr A4-Magazin, iPad, Telefon, Regenschirm, Kosmetikartikel und mehr<\/td>\n<\/tr>\n<tr data-start=\"2355\" data-end=\"2374\">\n<td data-start=\"2355\" data-end=\"2361\" data-col-size=\"sm\">MOQ<\/td>\n<td data-start=\"2361\" data-end=\"2374\" data-col-size=\"md\">300 St\u00fcck<\/td>\n<\/tr>\n<\/tbody>\n<\/table>\n<\/div>\n<\/div>\n<h2 data-start=\"2376\" data-end=\"2393\">Anwendungen<\/h2>\n<p data-start=\"2394\" data-end=\"2472\">Diese Tragetasche wurde so konzipiert, dass sie sich f\u00fcr eine Vielzahl von Verwendungszwecken eignet:<\/p>\n<ul data-start=\"2474\" data-end=\"3011\">\n<li data-start=\"2474\" data-end=\"2572\">\n<p data-start=\"2476\" data-end=\"2572\"><strong data-start=\"2476\" data-end=\"2490\">B\u00fcrogebrauch<\/strong> - Dokumente, Tablets und allt\u00e4gliche Arbeitsutensilien k\u00f6nnen bequem transportiert werden.<\/p>\n<\/li>\n<li data-start=\"2573\" data-end=\"2673\">\n<p data-start=\"2575\" data-end=\"2673\"><strong data-start=\"2575\" data-end=\"2592\">Tagesausfl\u00fcge<\/strong> - Pers\u00f6nliche Gegenst\u00e4nde k\u00f6nnen effizient f\u00fcr Eink\u00e4ufe oder zwanglose Treffen organisiert werden.<\/p>\n<\/li>\n<li data-start=\"2674\" data-end=\"2776\">\n<p data-start=\"2676\" data-end=\"2776\"><strong data-start=\"2676\" data-end=\"2686\">Reisen<\/strong> - Kompakte Gegenst\u00e4nde wie Reisedokumente, Regenschirme und Make-up k\u00f6nnen sicher aufbewahrt werden.<\/p>\n<\/li>\n<li data-start=\"2777\" data-end=\"2895\">\n<p data-start=\"2779\" data-end=\"2895\"><strong data-start=\"2779\" data-end=\"2800\">Gesch\u00e4ftstreffen<\/strong> - Die Tasche hat ein professionelles Aussehen und eignet sich daher f\u00fcr Unternehmen.<\/p>\n<\/li>\n<li data-start=\"2896\" data-end=\"3011\">\n<p data-start=\"2898\" data-end=\"3011\"><strong data-start=\"2898\" data-end=\"2920\">Aktivit\u00e4ten am Wochenende<\/strong> - Dank des vielseitigen Designs passt die Tasche sowohl in entspannte als auch in halb-formale Umgebungen.<\/p>\n<\/li>\n<\/ul>\n<p data-start=\"3020\" data-end=\"3166\">Wenn Sie an dieser Handtasche interessiert sind, kontaktieren Sie uns bitte, um Muster anzufordern. <strong data-start=\"3097\" data-end=\"3119\">ODM- und OEM-Dienstleistungen<\/strong> sind zur Unterst\u00fctzung kundenspezifischer Anforderungen vorgesehen.<\/p>","protected":false},"excerpt":{"rendered":"<p>Eine Tragetasche f\u00fcr Frauen wurde entworfen von <strong data-start=\"333\" data-end=\"343\">RONEER<\/strong> mit dem Schwerpunkt auf Stil, Haltbarkeit und Zweckm\u00e4\u00dfigkeit. Als Hauptmaterial wurde echtes Leder gew\u00e4hlt, um sowohl Eleganz als auch Langlebigkeit zu gew\u00e4hrleisten. Die Tote Bag wurde mit wasserdichten Eigenschaften ausgestattet und eignet sich daher hervorragend f\u00fcr B\u00fcro, Reisen und den t\u00e4glichen Gebrauch. Mit einem Gewicht von nur 0,64 kg ist die Tasche so strukturiert, dass sie sowohl leicht als auch funktional ist.<\/p>","protected":false},"featured_media":2581,"comment_status":"open","ping_status":"closed","template":"","meta":{"site-sidebar-layout":"default","site-content-layout":"","ast-site-content-layout":"default","site-content-style":"default","site-sidebar-style":"default","ast-global-header-display":"","ast-banner-title-visibility":"","ast-main-header-display":"","ast-hfb-above-header-display":"","ast-hfb-below-header-display":"","ast-hfb-mobile-header-display":"","site-post-title":"","ast-breadcrumbs-content":"","ast-featured-img":"","footer-sml-layout":"","ast-disable-related-posts":"","theme-transparent-header-meta":"default","adv-header-id-meta":"","stick-header-meta":"","header-above-stick-meta":"","header-main-stick-meta":"","header-below-stick-meta":"","astra-migrate-meta-layouts":"set","ast-page-background-enabled":"default","ast-page-background-meta":{"desktop":{"background-color":"var(--ast-global-color-5)","background-image":"","background-repeat":"repeat","background-position":"center center","background-size":"auto","background-attachment":"scroll","background-type":"","background-media":"","overlay-type":"","overlay-color":"","overlay-opacity":"","overlay-gradient":""},"tablet":{"background-color":"","background-image":"","background-repeat":"repeat","background-position":"center center","background-size":"auto","background-attachment":"scroll","background-type":"","background-media":"","overlay-type":"","overlay-color":"","overlay-opacity":"","overlay-gradient":""},"mobile":{"background-color":"","background-image":"","background-repeat":"repeat","background-position":"center center","background-size":"auto","background-attachment":"scroll","background-type":"","background-media":"","overlay-type":"","overlay-color":"","overlay-opacity":"","overlay-gradient":""}},"ast-content-background-meta":{"desktop":{"background-color":"var(--ast-global-color-4)","background-image":"","background-repeat":"repeat","background-position":"center center","background-size":"auto","background-attachment":"scroll","background-type":"","background-media":"","overlay-type":"","overlay-color":"","overlay-opacity":"","overlay-gradient":""},"tablet":{"background-color":"var(--ast-global-color-4)","background-image":"","background-repeat":"repeat","background-position":"center center","background-size":"auto","background-attachment":"scroll","background-type":"","background-media":"","overlay-type":"","overlay-color":"","overlay-opacity":"","overlay-gradient":""},"mobile":{"background-color":"var(--ast-global-color-4)","background-image":"","background-repeat":"repeat","background-position":"center center","background-size":"auto","background-attachment":"scroll","background-type":"","background-media":"","overlay-type":"","overlay-color":"","overlay-opacity":"","overlay-gradient":""}}},"product_brand":[],"product_cat":[42,54],"product_tag":[],"class_list":{"0":"post-2571","1":"product","2":"type-product","3":"status-publish","4":"has-post-thumbnail","6":"product_cat-hand-bag","7":"product_cat-womens-bag","8":"desktop-align-left","9":"tablet-align-left","10":"mobile-align-left","12":"first","13":"instock","14":"shipping-taxable","15":"product-type-simple"},"_links":{"self":[{"href":"https:\/\/baijiabags.com\/de\/wp-json\/wp\/v2\/product\/2571","targetHints":{"allow":["GET"]}}],"collection":[{"href":"https:\/\/baijiabags.com\/de\/wp-json\/wp\/v2\/product"}],"about":[{"href":"https:\/\/baijiabags.com\/de\/wp-json\/wp\/v2\/types\/product"}],"replies":[{"embeddable":true,"href":"https:\/\/baijiabags.com\/de\/wp-json\/wp\/v2\/comments?post=2571"}],"wp:featuredmedia":[{"embeddable":true,"href":"https:\/\/baijiabags.com\/de\/wp-json\/wp\/v2\/media\/2581"}],"wp:attachment":[{"href":"https:\/\/baijiabags.com\/de\/wp-json\/wp\/v2\/media?parent=2571"}],"wp:term":[{"taxonomy":"product_brand","embeddable":true,"href":"https:\/\/baijiabags.com\/de\/wp-json\/wp\/v2\/product_brand?post=2571"},{"taxonomy":"product_cat","embeddable":true,"href":"https:\/\/baijiabags.com\/de\/wp-json\/wp\/v2\/product_cat?post=2571"},{"taxonomy":"product_tag","embeddable":true,"href":"https:\/\/baijiabags.com\/de\/wp-json\/wp\/v2\/product_tag?post=2571"}],"curies":[{"name":"wp","href":"https:\/\/api.w.org\/{rel}","templated":true}]}}