{"id":2560,"date":"2025-09-27T03:31:55","date_gmt":"2025-09-27T03:31:55","guid":{"rendered":"https:\/\/baijiabags.com\/?post_type=product&#038;p=2560"},"modified":"2025-11-01T01:21:58","modified_gmt":"2025-11-01T01:21:58","slug":"factory-custom-vintage-pu-leather-womens-handbag-luxury-floral-designer-tote","status":"publish","type":"product","link":"https:\/\/baijiabags.com\/de\/produkt\/factory-custom-vintage-pu-leather-womens-handbag-luxury-floral-designer-tote\/","title":{"rendered":"Fabrik benutzerdefinierte Vintage PU Leder Womens Handtasche Luxus Floral Designer Tote"},"content":{"rendered":"<h2 data-start=\"689\" data-end=\"706\">Wesentliche Merkmale<\/h2>\n<ol data-start=\"708\" data-end=\"1616\">\n<li data-start=\"708\" data-end=\"815\">\n<p data-start=\"711\" data-end=\"815\"><strong data-start=\"711\" data-end=\"733\">Hochwertiges PU-Leder<\/strong> - Hochwertiges PU-Material wurde f\u00fcr Langlebigkeit und einfache Pflege ausgew\u00e4hlt.<\/p>\n<\/li>\n<li data-start=\"816\" data-end=\"917\">\n<p data-start=\"819\" data-end=\"917\"><strong data-start=\"819\" data-end=\"844\">Vintage-Blumenmuster<\/strong> - F\u00fcr eine elegante Retro-\u00c4sthetik wurde ein florales Muster integriert.<\/p>\n<\/li>\n<li data-start=\"918\" data-end=\"1047\">\n<p data-start=\"921\" data-end=\"1047\"><strong data-start=\"921\" data-end=\"942\">Ger\u00e4umige Kapazit\u00e4t<\/strong> - Gegenst\u00e4nde wie A4-Magazine, iPads, Telefone, Regenschirme, Kosmetika und andere wichtige Dinge k\u00f6nnen untergebracht werden.<\/p>\n<\/li>\n<li data-start=\"1048\" data-end=\"1184\">\n<p data-start=\"1051\" data-end=\"1184\"><strong data-start=\"1051\" data-end=\"1073\">Organisiertes Interieur<\/strong> - Ein Hauptfach, eine Innentasche mit Rei\u00dfverschluss und ein Steckfach sorgen f\u00fcr eine effiziente Aufbewahrung.<\/p>\n<\/li>\n<li data-start=\"1185\" data-end=\"1304\">\n<p data-start=\"1188\" data-end=\"1304\"><strong data-start=\"1188\" data-end=\"1213\">Leichte Struktur<\/strong> - Mit einem Gewicht von nur 0,75 kg ist die Tasche so konstruiert, dass sie den ganzen Tag \u00fcber bequem getragen werden kann.<\/p>\n<\/li>\n<li data-start=\"1305\" data-end=\"1413\">\n<p data-start=\"1308\" data-end=\"1413\"><strong data-start=\"1308\" data-end=\"1330\">Wasserdichte Oberfl\u00e4che<\/strong> - Eine zus\u00e4tzliche Schutzschicht sch\u00fctzt vor Wasser und Flecken im t\u00e4glichen Gebrauch.<\/p>\n<\/li>\n<li data-start=\"1414\" data-end=\"1507\">\n<p data-start=\"1417\" data-end=\"1507\"><strong data-start=\"1417\" data-end=\"1441\">Anpassbare Optionen<\/strong> - Die Farben k\u00f6nnen an das Branding oder den pers\u00f6nlichen Stil angepasst werden.<\/p>\n<\/li>\n<li data-start=\"1508\" data-end=\"1616\">\n<p data-start=\"1511\" data-end=\"1616\"><strong data-start=\"1511\" data-end=\"1539\">Vielseitiger Tragestil<\/strong> - Die Tasche kann sowohl am K\u00f6rper als auch in der Hand getragen werden, was die Handhabung erleichtert.<\/p>\n<\/li>\n<\/ol>\n<p><img fetchpriority=\"high\" decoding=\"async\" class=\"aligncenter wp-image-2569 size-full\" src=\"https:\/\/baijiabags.com\/wp-content\/uploads\/2025\/09\/1-31.png\" alt=\"\" width=\"750\" height=\"673\" srcset=\"https:\/\/baijiabags.com\/wp-content\/uploads\/2025\/09\/1-31.png 750w, https:\/\/baijiabags.com\/wp-content\/uploads\/2025\/09\/1-31-300x269.png 300w, https:\/\/baijiabags.com\/wp-content\/uploads\/2025\/09\/1-31-13x12.png 13w, https:\/\/baijiabags.com\/wp-content\/uploads\/2025\/09\/1-31-600x538.png 600w\" sizes=\"(max-width: 750px) 100vw, 750px\" \/><\/p>\n<h2 data-start=\"1623\" data-end=\"1642\">Spezifikationen<\/h2>\n<div class=\"_tableContainer_1rjym_1\">\n<div class=\"group _tableWrapper_1rjym_13 flex w-fit flex-col-reverse\" tabindex=\"-1\">\n<table class=\"w-fit min-w-(--thread-content-width)\" data-start=\"1644\" data-end=\"2811\">\n<thead data-start=\"1644\" data-end=\"1720\">\n<tr data-start=\"1644\" data-end=\"1720\">\n<th data-start=\"1644\" data-end=\"1666\" data-col-size=\"sm\"><strong data-start=\"1646\" data-end=\"1659\">Parameter<\/strong><\/th>\n<th data-start=\"1666\" data-end=\"1720\" data-col-size=\"md\"><strong data-start=\"1668\" data-end=\"1683\">Beschreibung<\/strong><\/th>\n<\/tr>\n<\/thead>\n<tbody data-start=\"1799\" data-end=\"2811\">\n<tr data-start=\"1799\" data-end=\"1876\">\n<td data-start=\"1799\" data-end=\"1822\" data-col-size=\"sm\">Produktname<\/td>\n<td data-start=\"1822\" data-end=\"1876\" data-col-size=\"md\">Damenhandtasche<\/td>\n<\/tr>\n<tr data-start=\"1877\" data-end=\"1954\">\n<td data-start=\"1877\" data-end=\"1900\" data-col-size=\"sm\">Marke<\/td>\n<td data-start=\"1900\" data-end=\"1954\" data-col-size=\"md\">RONEER<\/td>\n<\/tr>\n<tr data-start=\"1955\" data-end=\"2032\">\n<td data-start=\"1955\" data-end=\"1978\" data-col-size=\"sm\">Modellnummer<\/td>\n<td data-start=\"1978\" data-end=\"2032\" data-col-size=\"md\">GB-0433<\/td>\n<\/tr>\n<tr data-start=\"2033\" data-end=\"2110\">\n<td data-start=\"2033\" data-end=\"2056\" data-col-size=\"sm\">Ort der Herkunft<\/td>\n<td data-start=\"2056\" data-end=\"2110\" data-col-size=\"md\">Guangdong, China<\/td>\n<\/tr>\n<tr data-start=\"2111\" data-end=\"2188\">\n<td data-start=\"2111\" data-end=\"2134\" data-col-size=\"sm\">Stil<\/td>\n<td data-start=\"2134\" data-end=\"2188\" data-col-size=\"md\">Mode, Vintage, Ethnisch, Minimalistisch<\/td>\n<\/tr>\n<tr data-start=\"2189\" data-end=\"2266\">\n<td data-start=\"2189\" data-end=\"2212\" data-col-size=\"sm\">Hauptmaterial<\/td>\n<td data-start=\"2212\" data-end=\"2266\" data-col-size=\"md\">PU-Leder<\/td>\n<\/tr>\n<tr data-start=\"2267\" data-end=\"2344\">\n<td data-start=\"2267\" data-end=\"2290\" data-col-size=\"sm\">Gewicht<\/td>\n<td data-start=\"2290\" data-end=\"2344\" data-col-size=\"md\">0,75 kg<\/td>\n<\/tr>\n<tr data-start=\"2345\" data-end=\"2422\">\n<td data-start=\"2345\" data-end=\"2368\" data-col-size=\"sm\">Innenbereich<\/td>\n<td data-start=\"2368\" data-end=\"2422\" data-col-size=\"md\">Hauptfach, Rei\u00dfverschlusstasche, Schlupftasche<\/td>\n<\/tr>\n<tr data-start=\"2423\" data-end=\"2500\">\n<td data-start=\"2423\" data-end=\"2446\" data-col-size=\"sm\">Farbe<\/td>\n<td data-start=\"2446\" data-end=\"2500\" data-col-size=\"md\">Anpassbar<\/td>\n<\/tr>\n<tr data-start=\"2501\" data-end=\"2578\">\n<td data-start=\"2501\" data-end=\"2524\" data-col-size=\"sm\">Methode der Bef\u00f6rderung<\/td>\n<td data-start=\"2524\" data-end=\"2578\" data-col-size=\"md\">Crossbody \/ Handtrage<\/td>\n<\/tr>\n<tr data-start=\"2579\" data-end=\"2656\">\n<td data-start=\"2579\" data-end=\"2602\" data-col-size=\"sm\">Merkmal<\/td>\n<td data-start=\"2602\" data-end=\"2656\" data-col-size=\"md\">Wasserdicht<\/td>\n<\/tr>\n<tr data-start=\"2657\" data-end=\"2733\">\n<td data-start=\"2657\" data-end=\"2680\" data-col-size=\"sm\">Kapazit\u00e4t<\/td>\n<td data-start=\"2680\" data-end=\"2733\" data-col-size=\"md\">Passt f\u00fcr A4-Magazin, iPad, Telefon, Regenschirm, Make-up<\/td>\n<\/tr>\n<tr data-start=\"2734\" data-end=\"2811\">\n<td data-start=\"2734\" data-end=\"2757\" data-col-size=\"sm\">MOQ<\/td>\n<td data-start=\"2757\" data-end=\"2811\" data-col-size=\"md\">300 St\u00fcck<\/td>\n<\/tr>\n<\/tbody>\n<\/table>\n<\/div>\n<\/div>\n<h2 data-start=\"2818\" data-end=\"2835\">Anwendungen<\/h2>\n<ul data-start=\"2837\" data-end=\"3019\">\n<li data-start=\"2837\" data-end=\"2871\">\n<p data-start=\"2839\" data-end=\"2871\">T\u00e4glicher Pendlerverkehr und B\u00fcronutzung<\/p>\n<\/li>\n<li data-start=\"2872\" data-end=\"2903\">\n<p data-start=\"2874\" data-end=\"2903\">Einkaufen und Freizeitausfl\u00fcge<\/p>\n<\/li>\n<li data-start=\"2904\" data-end=\"2932\">\n<p data-start=\"2906\" data-end=\"2932\">Reisen und Wochenendausfl\u00fcge<\/p>\n<\/li>\n<li data-start=\"2933\" data-end=\"3019\">\n<p data-start=\"2935\" data-end=\"3019\">Geeignet sowohl f\u00fcr junge Frauen als auch f\u00fcr reifere Nutzerinnen, die zeitlose Vintage-Mode bevorzugen<\/p>\n<\/li>\n<\/ul>\n<p data-start=\"3026\" data-end=\"3185\">Wenn Sie Interesse an dieser Handtasche haben, k\u00f6nnen Sie uns gerne kontaktieren und Muster anfordern. <strong data-start=\"3121\" data-end=\"3157\">ODM- und OEM-Dienste sind verf\u00fcgbar<\/strong> um individuelle Bed\u00fcrfnisse zu erf\u00fcllen.<\/p>","protected":false},"excerpt":{"rendered":"<p>Die <strong data-start=\"157\" data-end=\"210\">Fabrik benutzerdefinierte Vintage PU Leder Damen Handtasche<\/strong> von <strong data-start=\"214\" data-end=\"224\">RONEER<\/strong> wurde sorgf\u00e4ltig entworfen, um Mode mit Funktionalit\u00e4t zu verbinden. Ein luxuri\u00f6ses Blumenmuster unterstreicht den Vintage-Charme, w\u00e4hrend strapazierf\u00e4higes PU-Leder ausgew\u00e4hlt wurde, um eine lange Lebensdauer zu gew\u00e4hrleisten. Mit seiner leichten Struktur aus <strong data-start=\"477\" data-end=\"488\">0,75 kg<\/strong>Diese Handtasche ist sowohl f\u00fcr den t\u00e4glichen Gebrauch als auch f\u00fcr Reisen geeignet. Das Design ist vielseitig, so dass die Tasche je nach Vorliebe des Benutzers am K\u00f6rper oder in der Hand getragen werden kann.<\/p>","protected":false},"featured_media":2561,"comment_status":"open","ping_status":"closed","template":"","meta":{"site-sidebar-layout":"default","site-content-layout":"","ast-site-content-layout":"default","site-content-style":"default","site-sidebar-style":"default","ast-global-header-display":"","ast-banner-title-visibility":"","ast-main-header-display":"","ast-hfb-above-header-display":"","ast-hfb-below-header-display":"","ast-hfb-mobile-header-display":"","site-post-title":"","ast-breadcrumbs-content":"","ast-featured-img":"","footer-sml-layout":"","ast-disable-related-posts":"","theme-transparent-header-meta":"default","adv-header-id-meta":"","stick-header-meta":"","header-above-stick-meta":"","header-main-stick-meta":"","header-below-stick-meta":"","astra-migrate-meta-layouts":"set","ast-page-background-enabled":"default","ast-page-background-meta":{"desktop":{"background-color":"var(--ast-global-color-5)","background-image":"","background-repeat":"repeat","background-position":"center center","background-size":"auto","background-attachment":"scroll","background-type":"","background-media":"","overlay-type":"","overlay-color":"","overlay-opacity":"","overlay-gradient":""},"tablet":{"background-color":"","background-image":"","background-repeat":"repeat","background-position":"center center","background-size":"auto","background-attachment":"scroll","background-type":"","background-media":"","overlay-type":"","overlay-color":"","overlay-opacity":"","overlay-gradient":""},"mobile":{"background-color":"","background-image":"","background-repeat":"repeat","background-position":"center center","background-size":"auto","background-attachment":"scroll","background-type":"","background-media":"","overlay-type":"","overlay-color":"","overlay-opacity":"","overlay-gradient":""}},"ast-content-background-meta":{"desktop":{"background-color":"var(--ast-global-color-4)","background-image":"","background-repeat":"repeat","background-position":"center center","background-size":"auto","background-attachment":"scroll","background-type":"","background-media":"","overlay-type":"","overlay-color":"","overlay-opacity":"","overlay-gradient":""},"tablet":{"background-color":"var(--ast-global-color-4)","background-image":"","background-repeat":"repeat","background-position":"center center","background-size":"auto","background-attachment":"scroll","background-type":"","background-media":"","overlay-type":"","overlay-color":"","overlay-opacity":"","overlay-gradient":""},"mobile":{"background-color":"var(--ast-global-color-4)","background-image":"","background-repeat":"repeat","background-position":"center center","background-size":"auto","background-attachment":"scroll","background-type":"","background-media":"","overlay-type":"","overlay-color":"","overlay-opacity":"","overlay-gradient":""}}},"product_brand":[],"product_cat":[42,54],"product_tag":[],"class_list":{"0":"post-2560","1":"product","2":"type-product","3":"status-publish","4":"has-post-thumbnail","6":"product_cat-hand-bag","7":"product_cat-womens-bag","8":"desktop-align-left","9":"tablet-align-left","10":"mobile-align-left","12":"first","13":"instock","14":"shipping-taxable","15":"product-type-simple"},"_links":{"self":[{"href":"https:\/\/baijiabags.com\/de\/wp-json\/wp\/v2\/product\/2560","targetHints":{"allow":["GET"]}}],"collection":[{"href":"https:\/\/baijiabags.com\/de\/wp-json\/wp\/v2\/product"}],"about":[{"href":"https:\/\/baijiabags.com\/de\/wp-json\/wp\/v2\/types\/product"}],"replies":[{"embeddable":true,"href":"https:\/\/baijiabags.com\/de\/wp-json\/wp\/v2\/comments?post=2560"}],"wp:featuredmedia":[{"embeddable":true,"href":"https:\/\/baijiabags.com\/de\/wp-json\/wp\/v2\/media\/2561"}],"wp:attachment":[{"href":"https:\/\/baijiabags.com\/de\/wp-json\/wp\/v2\/media?parent=2560"}],"wp:term":[{"taxonomy":"product_brand","embeddable":true,"href":"https:\/\/baijiabags.com\/de\/wp-json\/wp\/v2\/product_brand?post=2560"},{"taxonomy":"product_cat","embeddable":true,"href":"https:\/\/baijiabags.com\/de\/wp-json\/wp\/v2\/product_cat?post=2560"},{"taxonomy":"product_tag","embeddable":true,"href":"https:\/\/baijiabags.com\/de\/wp-json\/wp\/v2\/product_tag?post=2560"}],"curies":[{"name":"wp","href":"https:\/\/api.w.org\/{rel}","templated":true}]}}