{"id":2528,"date":"2025-09-27T02:30:55","date_gmt":"2025-09-27T02:30:55","guid":{"rendered":"https:\/\/baijiabags.com\/?post_type=product&#038;p=2528"},"modified":"2025-10-18T09:23:46","modified_gmt":"2025-10-18T09:23:46","slug":"waterproof-marble-travel-makeup-bag-large-capacity-cosmetic-organizer-with-adjustable-compartments","status":"publish","type":"product","link":"https:\/\/baijiabags.com\/de\/produkt\/waterproof-marble-travel-makeup-bag-large-capacity-cosmetic-organizer-with-adjustable-compartments\/","title":{"rendered":"Wasserdichte Marmor-Reise-Makeup-Tasche gro\u00dfe Kapazit\u00e4t Kosmetik-Organizer mit verstellbaren F\u00e4chern"},"content":{"rendered":"<h2 data-start=\"933\" data-end=\"950\">Wesentliche Merkmale<\/h2>\n<ol data-start=\"952\" data-end=\"2145\">\n<li data-start=\"952\" data-end=\"1116\">\n<p data-start=\"955\" data-end=\"1116\"><strong data-start=\"955\" data-end=\"973\">Gro\u00dfe Kapazit\u00e4t<\/strong> - Es gibt einen gro\u00dfz\u00fcgigen Stauraum, in dem verschiedene Schminkutensilien, Hautpflegeflaschen und andere Dinge des t\u00e4glichen Bedarfs problemlos untergebracht werden k\u00f6nnen.<\/p>\n<\/li>\n<li data-start=\"1117\" data-end=\"1250\">\n<p data-start=\"1120\" data-end=\"1250\"><strong data-start=\"1120\" data-end=\"1147\">Einstellbare F\u00e4cher<\/strong> - Herausnehmbare Trennw\u00e4nde bieten flexible F\u00e4cher f\u00fcr eine individuelle Organisation.<\/p>\n<\/li>\n<li data-start=\"1251\" data-end=\"1392\">\n<p data-start=\"1254\" data-end=\"1392\"><strong data-start=\"1254\" data-end=\"1280\">Wasserdichtes PU-Material<\/strong> - Es wurde ein hochwertiges PU-Leder mit Marmorstruktur verwendet, das Langlebigkeit und Wasserbest\u00e4ndigkeit gew\u00e4hrleistet.<\/p>\n<\/li>\n<li data-start=\"1393\" data-end=\"1513\">\n<p data-start=\"1396\" data-end=\"1513\"><strong data-start=\"1396\" data-end=\"1421\">Sicherer Rei\u00dfverschluss<\/strong> - Ein glatter und stabiler Rei\u00dfverschluss sorgt daf\u00fcr, dass die Gegenst\u00e4nde w\u00e4hrend der Reise sicher eingeschlossen sind.<\/p>\n<\/li>\n<li data-start=\"1514\" data-end=\"1665\">\n<p data-start=\"1517\" data-end=\"1665\"><strong data-start=\"1517\" data-end=\"1546\">Kompakte und tragbare Gr\u00f6\u00dfe<\/strong> - Das Leichtgewicht (21 \u00d7 8 \u00d7 13 cm) l\u00e4sst sich m\u00fchelos in Koffern, Handtaschen oder Handgep\u00e4ck verstauen.<\/p>\n<\/li>\n<li data-start=\"1666\" data-end=\"1827\">\n<p data-start=\"1669\" data-end=\"1827\"><strong data-start=\"1669\" data-end=\"1694\">Stilvolles Marmor-Design<\/strong> - Das moderne Marmormuster unterstreicht die Eleganz und macht die Tasche sowohl f\u00fcr den privaten als auch f\u00fcr den beruflichen Gebrauch geeignet.<\/p>\n<\/li>\n<li data-start=\"1828\" data-end=\"1992\">\n<p data-start=\"1831\" data-end=\"1992\"><strong data-start=\"1831\" data-end=\"1855\">Multifunktionaler Einsatz<\/strong> - Die Tasche wurde f\u00fcr Kosmetika, Toilettenartikel, Reiseutensilien und sogar als kleiner Organizer f\u00fcr Elektronik oder Schreibwaren konzipiert.<\/p>\n<\/li>\n<li data-start=\"1993\" data-end=\"2145\">\n<p data-start=\"1996\" data-end=\"2145\"><strong data-start=\"1996\" data-end=\"2020\">Anpassbare Optionen<\/strong> - Logodruckverfahren wie Pr\u00e4gung, Siebdruck und Hei\u00dfpr\u00e4gung k\u00f6nnen angeboten werden. Auch kundenspezifische Farben werden unterst\u00fctzt.<\/p>\n<\/li>\n<\/ol>\n<h2 data-start=\"2152\" data-end=\"2171\">Spezifikationen<\/h2>\n<div class=\"_tableContainer_1rjym_1\">\n<div class=\"group _tableWrapper_1rjym_13 flex w-fit flex-col-reverse\" tabindex=\"-1\">\n<table class=\"w-fit min-w-(--thread-content-width)\" data-start=\"2173\" data-end=\"3326\">\n<thead data-start=\"2173\" data-end=\"2248\">\n<tr data-start=\"2173\" data-end=\"2248\">\n<th data-start=\"2173\" data-end=\"2197\" data-col-size=\"sm\"><strong data-start=\"2175\" data-end=\"2183\">Artikel<\/strong><\/th>\n<th data-start=\"2197\" data-end=\"2248\" data-col-size=\"md\"><strong data-start=\"2199\" data-end=\"2210\">Einzelheiten<\/strong><\/th>\n<\/tr>\n<\/thead>\n<tbody data-start=\"2326\" data-end=\"3326\">\n<tr data-start=\"2326\" data-end=\"2402\">\n<td data-start=\"2326\" data-end=\"2351\" data-col-size=\"sm\">Produktname<\/td>\n<td data-start=\"2351\" data-end=\"2402\" data-col-size=\"md\">Wasserdichte Marmor-Reisekosmetiktasche<\/td>\n<\/tr>\n<tr data-start=\"2403\" data-end=\"2479\">\n<td data-start=\"2403\" data-end=\"2428\" data-col-size=\"sm\">Marke<\/td>\n<td data-start=\"2428\" data-end=\"2479\" data-col-size=\"md\">RONEER<\/td>\n<\/tr>\n<tr data-start=\"2480\" data-end=\"2556\">\n<td data-start=\"2480\" data-end=\"2505\" data-col-size=\"sm\">Modell<\/td>\n<td data-start=\"2505\" data-end=\"2556\" data-col-size=\"md\">GB-4534B<\/td>\n<\/tr>\n<tr data-start=\"2557\" data-end=\"2633\">\n<td data-start=\"2557\" data-end=\"2582\" data-col-size=\"sm\">Material<\/td>\n<td data-start=\"2582\" data-end=\"2633\" data-col-size=\"md\">PU (Polyurethan) mit Marmorstruktur<\/td>\n<\/tr>\n<tr data-start=\"2634\" data-end=\"2710\">\n<td data-start=\"2634\" data-end=\"2659\" data-col-size=\"sm\">Verschlussart<\/td>\n<td data-start=\"2659\" data-end=\"2710\" data-col-size=\"md\">Rei\u00dfverschluss<\/td>\n<\/tr>\n<tr data-start=\"2711\" data-end=\"2787\">\n<td data-start=\"2711\" data-end=\"2736\" data-col-size=\"sm\">Stil<\/td>\n<td data-start=\"2736\" data-end=\"2787\" data-col-size=\"md\">Mode \/ Reise-Kosmetik-Organizer<\/td>\n<\/tr>\n<tr data-start=\"2788\" data-end=\"2864\">\n<td data-start=\"2788\" data-end=\"2813\" data-col-size=\"sm\">Funktion<\/td>\n<td data-start=\"2813\" data-end=\"2864\" data-col-size=\"md\">Multifunktionale Makeup-Aufbewahrung &amp; Organizer<\/td>\n<\/tr>\n<tr data-start=\"2865\" data-end=\"2941\">\n<td data-start=\"2865\" data-end=\"2890\" data-col-size=\"sm\">Abmessungen<\/td>\n<td data-start=\"2890\" data-end=\"2941\" data-col-size=\"md\">21 \u00d7 8 \u00d7 13 cm<\/td>\n<\/tr>\n<tr data-start=\"2942\" data-end=\"3018\">\n<td data-start=\"2942\" data-end=\"2967\" data-col-size=\"sm\">Farbe<\/td>\n<td data-start=\"2967\" data-end=\"3018\" data-col-size=\"md\">Anpassbar<\/td>\n<\/tr>\n<tr data-start=\"3019\" data-end=\"3095\">\n<td data-start=\"3019\" data-end=\"3044\" data-col-size=\"sm\">Logo-Druckoptionen<\/td>\n<td data-start=\"3044\" data-end=\"3095\" data-col-size=\"md\">Pr\u00e4gung, Siebdruck, Hei\u00dfpr\u00e4gung<\/td>\n<\/tr>\n<tr data-start=\"3096\" data-end=\"3172\">\n<td data-start=\"3096\" data-end=\"3121\" data-col-size=\"sm\">Merkmal<\/td>\n<td data-start=\"3121\" data-end=\"3172\" data-col-size=\"md\">Langlebig, wasserdicht, tragbar<\/td>\n<\/tr>\n<tr data-start=\"3173\" data-end=\"3249\">\n<td data-start=\"3173\" data-end=\"3198\" data-col-size=\"sm\">Verf\u00fcgbarkeit von Proben<\/td>\n<td data-start=\"3198\" data-end=\"3249\" data-col-size=\"md\">Ja<\/td>\n<\/tr>\n<tr data-start=\"3250\" data-end=\"3326\">\n<td data-start=\"3250\" data-end=\"3275\" data-col-size=\"sm\">MOQ<\/td>\n<td data-start=\"3275\" data-end=\"3326\" data-col-size=\"md\">300 St\u00fcck<\/td>\n<\/tr>\n<\/tbody>\n<\/table>\n<\/div>\n<\/div>\n<h2 data-start=\"3333\" data-end=\"3350\">Anwendungen<\/h2>\n<ul data-start=\"3352\" data-end=\"3863\">\n<li data-start=\"3352\" data-end=\"3446\">\n<p data-start=\"3354\" data-end=\"3446\"><strong data-start=\"3354\" data-end=\"3365\">Reisen:<\/strong> Kosmetika und Toilettenartikel k\u00f6nnen im Urlaub oder auf Gesch\u00e4ftsreisen ordentlich verstaut werden.<\/p>\n<\/li>\n<li data-start=\"3447\" data-end=\"3533\">\n<p data-start=\"3449\" data-end=\"3533\"><strong data-start=\"3449\" data-end=\"3463\">T\u00e4glicher Gebrauch:<\/strong> Allt\u00e4gliche Schminkutensilien k\u00f6nnen in Handtaschen oder Rucks\u00e4cken mitgef\u00fchrt werden.<\/p>\n<\/li>\n<li data-start=\"3534\" data-end=\"3664\">\n<p data-start=\"3536\" data-end=\"3664\"><strong data-start=\"3536\" data-end=\"3565\">Professionelle Make-up-Kits:<\/strong> Make-up-K\u00fcnstler k\u00f6nnen von den verstellbaren F\u00e4chern f\u00fcr Pinsel, Paletten und Hautpflegeprodukte profitieren.<\/p>\n<\/li>\n<li data-start=\"3665\" data-end=\"3765\">\n<p data-start=\"3667\" data-end=\"3765\"><strong data-start=\"3667\" data-end=\"3680\">Geschenk Verwendung:<\/strong> Das stilvolle Design macht es zu einem geeigneten Geschenk f\u00fcr Freunde, Familie oder Kollegen.<\/p>\n<\/li>\n<li data-start=\"3766\" data-end=\"3863\">\n<p data-start=\"3768\" data-end=\"3863\"><strong data-start=\"3768\" data-end=\"3794\">Mehrzweck-Lagerung:<\/strong> Kann f\u00fcr kleine elektronische Ger\u00e4te, Schmuck oder Schreibwaren verwendet werden.<\/p>\n<\/li>\n<\/ul>\n<p data-start=\"3870\" data-end=\"4081\">Wenn Sie Interesse an dieser Schminktasche haben, k\u00f6nnen Sie uns gerne f\u00fcr Muster kontaktieren. <strong data-start=\"3955\" data-end=\"3991\">ODM- und OEM-Dienste werden unterst\u00fctzt<\/strong>Die Produkte k\u00f6nnen in Farbe, Logo und Verpackung an die Anforderungen der Marke angepasst werden.<\/p>","protected":false},"excerpt":{"rendered":"<p>Die <strong data-start=\"191\" data-end=\"230\">Wasserdichte Marmor-Reisekosmetiktasche<\/strong> von <strong data-start=\"234\" data-end=\"244\">RONEER<\/strong> wurde entwickelt, um eine Aufbewahrungsl\u00f6sung f\u00fcr Kosmetika mit gro\u00dfem Fassungsverm\u00f6gen zu bieten, die Stil und Zweckm\u00e4\u00dfigkeit vereint. Die Au\u00dfenseite ist mit einem raffinierten Marmormuster versehen und das Innere ist mit verstellbaren F\u00e4chern strukturiert, um sicherzustellen, dass Kosmetika und Accessoires ordentlich organisiert sind. Eine wasserdichte Schicht wurde eingearbeitet, damit die Gegenst\u00e4nde auf Reisen, Gesch\u00e4ftsreisen oder im t\u00e4glichen Gebrauch gesch\u00fctzt sind.<\/p>","protected":false},"featured_media":2532,"comment_status":"open","ping_status":"closed","template":"","meta":{"site-sidebar-layout":"default","site-content-layout":"","ast-site-content-layout":"default","site-content-style":"default","site-sidebar-style":"default","ast-global-header-display":"","ast-banner-title-visibility":"","ast-main-header-display":"","ast-hfb-above-header-display":"","ast-hfb-below-header-display":"","ast-hfb-mobile-header-display":"","site-post-title":"","ast-breadcrumbs-content":"","ast-featured-img":"","footer-sml-layout":"","ast-disable-related-posts":"","theme-transparent-header-meta":"default","adv-header-id-meta":"","stick-header-meta":"","header-above-stick-meta":"","header-main-stick-meta":"","header-below-stick-meta":"","astra-migrate-meta-layouts":"set","ast-page-background-enabled":"default","ast-page-background-meta":{"desktop":{"background-color":"var(--ast-global-color-5)","background-image":"","background-repeat":"repeat","background-position":"center center","background-size":"auto","background-attachment":"scroll","background-type":"","background-media":"","overlay-type":"","overlay-color":"","overlay-opacity":"","overlay-gradient":""},"tablet":{"background-color":"","background-image":"","background-repeat":"repeat","background-position":"center center","background-size":"auto","background-attachment":"scroll","background-type":"","background-media":"","overlay-type":"","overlay-color":"","overlay-opacity":"","overlay-gradient":""},"mobile":{"background-color":"","background-image":"","background-repeat":"repeat","background-position":"center center","background-size":"auto","background-attachment":"scroll","background-type":"","background-media":"","overlay-type":"","overlay-color":"","overlay-opacity":"","overlay-gradient":""}},"ast-content-background-meta":{"desktop":{"background-color":"var(--ast-global-color-4)","background-image":"","background-repeat":"repeat","background-position":"center center","background-size":"auto","background-attachment":"scroll","background-type":"","background-media":"","overlay-type":"","overlay-color":"","overlay-opacity":"","overlay-gradient":""},"tablet":{"background-color":"var(--ast-global-color-4)","background-image":"","background-repeat":"repeat","background-position":"center center","background-size":"auto","background-attachment":"scroll","background-type":"","background-media":"","overlay-type":"","overlay-color":"","overlay-opacity":"","overlay-gradient":""},"mobile":{"background-color":"var(--ast-global-color-4)","background-image":"","background-repeat":"repeat","background-position":"center center","background-size":"auto","background-attachment":"scroll","background-type":"","background-media":"","overlay-type":"","overlay-color":"","overlay-opacity":"","overlay-gradient":""}}},"product_brand":[],"product_cat":[38],"product_tag":[],"class_list":{"0":"post-2528","1":"product","2":"type-product","3":"status-publish","4":"has-post-thumbnail","6":"product_cat-cosmetic-bags","7":"desktop-align-left","8":"tablet-align-left","9":"mobile-align-left","11":"first","12":"instock","13":"shipping-taxable","14":"product-type-simple"},"_links":{"self":[{"href":"https:\/\/baijiabags.com\/de\/wp-json\/wp\/v2\/product\/2528","targetHints":{"allow":["GET"]}}],"collection":[{"href":"https:\/\/baijiabags.com\/de\/wp-json\/wp\/v2\/product"}],"about":[{"href":"https:\/\/baijiabags.com\/de\/wp-json\/wp\/v2\/types\/product"}],"replies":[{"embeddable":true,"href":"https:\/\/baijiabags.com\/de\/wp-json\/wp\/v2\/comments?post=2528"}],"wp:featuredmedia":[{"embeddable":true,"href":"https:\/\/baijiabags.com\/de\/wp-json\/wp\/v2\/media\/2532"}],"wp:attachment":[{"href":"https:\/\/baijiabags.com\/de\/wp-json\/wp\/v2\/media?parent=2528"}],"wp:term":[{"taxonomy":"product_brand","embeddable":true,"href":"https:\/\/baijiabags.com\/de\/wp-json\/wp\/v2\/product_brand?post=2528"},{"taxonomy":"product_cat","embeddable":true,"href":"https:\/\/baijiabags.com\/de\/wp-json\/wp\/v2\/product_cat?post=2528"},{"taxonomy":"product_tag","embeddable":true,"href":"https:\/\/baijiabags.com\/de\/wp-json\/wp\/v2\/product_tag?post=2528"}],"curies":[{"name":"wp","href":"https:\/\/api.w.org\/{rel}","templated":true}]}}