{"id":2512,"date":"2025-09-27T01:28:41","date_gmt":"2025-09-27T01:28:41","guid":{"rendered":"https:\/\/baijiabags.com\/?post_type=product&#038;p=2512"},"modified":"2025-09-27T01:28:41","modified_gmt":"2025-09-27T01:28:41","slug":"custom-luxury-business-bag-wholesale-genuine-leather-alloy-top-quality","status":"publish","type":"product","link":"https:\/\/baijiabags.com\/de\/produkt\/custom-luxury-business-bag-wholesale-genuine-leather-alloy-top-quality\/","title":{"rendered":"Benutzerdefinierte Luxus-Business-Tasche Gro\u00dfhandel Echtes Leder Legierung Top-Qualit\u00e4t"},"content":{"rendered":"<h2 data-start=\"857\" data-end=\"874\">Wesentliche Merkmale<\/h2>\n<ol data-start=\"876\" data-end=\"1830\">\n<li data-start=\"876\" data-end=\"1005\">\n<p data-start=\"879\" data-end=\"1005\"><strong data-start=\"879\" data-end=\"900\">Hochwertige Materialien<\/strong> - Echtes Leder und robuste Legierungselemente wurden ausgew\u00e4hlt, um Langlebigkeit und Raffinesse zu gew\u00e4hrleisten.<\/p>\n<\/li>\n<li data-start=\"1006\" data-end=\"1104\">\n<p data-start=\"1009\" data-end=\"1104\"><strong data-start=\"1009\" data-end=\"1027\">Elegantes Design<\/strong> - Ein minimalistischer Business-Stil wurde entwickelt, um Professionalit\u00e4t widerzuspiegeln.<\/p>\n<\/li>\n<li data-start=\"1105\" data-end=\"1202\">\n<p data-start=\"1108\" data-end=\"1202\"><strong data-start=\"1108\" data-end=\"1128\">Universelle Anziehungskraft<\/strong> - Die Tasche wurde als Unisex-Tasche konzipiert, die sowohl f\u00fcr M\u00e4nner als auch f\u00fcr Frauen geeignet ist.<\/p>\n<\/li>\n<li data-start=\"1203\" data-end=\"1324\">\n<p data-start=\"1206\" data-end=\"1324\"><strong data-start=\"1206\" data-end=\"1231\">Anpassbares Branding<\/strong> - F\u00fcr Logos oder personalisierte Designs stehen Siebdruckoptionen zur Verf\u00fcgung.<\/p>\n<\/li>\n<li data-start=\"1325\" data-end=\"1430\">\n<p data-start=\"1328\" data-end=\"1430\"><strong data-start=\"1328\" data-end=\"1353\">Kompakt und leicht<\/strong> - Mit einem Gewicht von nur 0,22 kg ist die Tasche m\u00fchelos tragbar.<\/p>\n<\/li>\n<li data-start=\"1431\" data-end=\"1565\">\n<p data-start=\"1434\" data-end=\"1565\"><strong data-start=\"1434\" data-end=\"1450\">Optimale Gr\u00f6\u00dfe<\/strong> - Die Abmessungen von 24,8 \u00d7 22 \u00d7 3,5 cm sind f\u00fcr wichtige Dokumente, Tablets und kleines Zubeh\u00f6r ausgelegt.<\/p>\n<\/li>\n<li data-start=\"1566\" data-end=\"1699\">\n<p data-start=\"1569\" data-end=\"1699\"><strong data-start=\"1569\" data-end=\"1595\">Vielseitige Anwendungen<\/strong> - Die Tasche wurde so konzipiert, dass sie sich f\u00fcr Festivals, Firmenveranstaltungen und Werbekampagnen eignet.<\/p>\n<\/li>\n<li data-start=\"1700\" data-end=\"1830\">\n<p data-start=\"1703\" data-end=\"1830\"><strong data-start=\"1703\" data-end=\"1729\">OEM &amp; ODM Verf\u00fcgbarkeit<\/strong> - Ma\u00dfgeschneiderte Entw\u00fcrfe und Massenfertigung wurden unterst\u00fctzt, um die unterschiedlichsten Kundenanforderungen zu erf\u00fcllen.<\/p>\n<\/li>\n<\/ol>\n<h2 data-start=\"1837\" data-end=\"1856\">Spezifikationen<span style=\"font-size: 16px;\">\u00a0<\/span><\/h2>\n<div class=\"_tableContainer_1rjym_1\">\n<div class=\"group _tableWrapper_1rjym_13 flex w-fit flex-col-reverse\" tabindex=\"-1\">\n<table class=\"w-fit min-w-(--thread-content-width)\" data-start=\"1858\" data-end=\"3155\">\n<thead data-start=\"1858\" data-end=\"1938\">\n<tr data-start=\"1858\" data-end=\"1938\">\n<th data-start=\"1858\" data-end=\"1887\" data-col-size=\"sm\"><strong data-start=\"1860\" data-end=\"1873\">Parameter<\/strong><\/th>\n<th data-start=\"1887\" data-end=\"1938\" data-col-size=\"md\"><strong data-start=\"1889\" data-end=\"1900\">Einzelheiten<\/strong><\/th>\n<\/tr>\n<\/thead>\n<tbody data-start=\"2021\" data-end=\"3155\">\n<tr data-start=\"2021\" data-end=\"2101\">\n<td data-start=\"2021\" data-end=\"2050\" data-col-size=\"sm\">Produktname<\/td>\n<td data-start=\"2050\" data-end=\"2101\" data-col-size=\"md\">Business-Set aus echtem Leder und Legierung<\/td>\n<\/tr>\n<tr data-start=\"2102\" data-end=\"2182\">\n<td data-start=\"2102\" data-end=\"2131\" data-col-size=\"sm\">Marke<\/td>\n<td data-start=\"2131\" data-end=\"2182\" data-col-size=\"md\">RONEER<\/td>\n<\/tr>\n<tr data-start=\"2183\" data-end=\"2263\">\n<td data-start=\"2183\" data-end=\"2212\" data-col-size=\"sm\">Modellnummer<\/td>\n<td data-start=\"2212\" data-end=\"2263\" data-col-size=\"md\">AL-67<\/td>\n<\/tr>\n<tr data-start=\"2264\" data-end=\"2344\">\n<td data-start=\"2264\" data-end=\"2293\" data-col-size=\"sm\">Herkunft<\/td>\n<td data-start=\"2293\" data-end=\"2344\" data-col-size=\"md\">Guangdong, China<\/td>\n<\/tr>\n<tr data-start=\"2345\" data-end=\"2425\">\n<td data-start=\"2345\" data-end=\"2374\" data-col-size=\"sm\">Material<\/td>\n<td data-start=\"2374\" data-end=\"2425\" data-col-size=\"md\">Echtes Leder &amp; Legierung<\/td>\n<\/tr>\n<tr data-start=\"2426\" data-end=\"2506\">\n<td data-start=\"2426\" data-end=\"2455\" data-col-size=\"sm\">Drucken<\/td>\n<td data-start=\"2455\" data-end=\"2506\" data-col-size=\"md\">Serigraphie<\/td>\n<\/tr>\n<tr data-start=\"2507\" data-end=\"2587\">\n<td data-start=\"2507\" data-end=\"2536\" data-col-size=\"sm\">Typ<\/td>\n<td data-start=\"2536\" data-end=\"2587\" data-col-size=\"md\">Werbeartikel B\u00fcroartikel<\/td>\n<\/tr>\n<tr data-start=\"2588\" data-end=\"2668\">\n<td data-start=\"2588\" data-end=\"2617\" data-col-size=\"sm\">Geschlecht<\/td>\n<td data-start=\"2617\" data-end=\"2668\" data-col-size=\"md\">Unisex<\/td>\n<\/tr>\n<tr data-start=\"2669\" data-end=\"2749\">\n<td data-start=\"2669\" data-end=\"2698\" data-col-size=\"sm\">Abmessungen<\/td>\n<td data-start=\"2698\" data-end=\"2749\" data-col-size=\"md\">24,8 \u00d7 22 \u00d7 3,5 cm<\/td>\n<\/tr>\n<tr data-start=\"2750\" data-end=\"2830\">\n<td data-start=\"2750\" data-end=\"2779\" data-col-size=\"sm\">Gewicht<\/td>\n<td data-start=\"2779\" data-end=\"2830\" data-col-size=\"md\">0,22 kg<\/td>\n<\/tr>\n<tr data-start=\"2831\" data-end=\"2911\">\n<td data-start=\"2831\" data-end=\"2860\" data-col-size=\"sm\">Eigenschaften<\/td>\n<td data-start=\"2860\" data-end=\"2911\" data-col-size=\"md\">Hohe Qualit\u00e4t, langlebig, stilvoll<\/td>\n<\/tr>\n<tr data-start=\"2912\" data-end=\"2992\">\n<td data-start=\"2912\" data-end=\"2941\" data-col-size=\"sm\">MOQ<\/td>\n<td data-start=\"2941\" data-end=\"2992\" data-col-size=\"md\">300 Einheiten<\/td>\n<\/tr>\n<tr data-start=\"2993\" data-end=\"3073\">\n<td data-start=\"2993\" data-end=\"3022\" data-col-size=\"sm\">Verf\u00fcgbarkeit von Proben<\/td>\n<td data-start=\"3022\" data-end=\"3073\" data-col-size=\"md\">Ja<\/td>\n<\/tr>\n<tr data-start=\"3074\" data-end=\"3155\">\n<td data-start=\"3074\" data-end=\"3104\" data-col-size=\"sm\">Geeignete Anl\u00e4sse<\/td>\n<td data-start=\"3104\" data-end=\"3155\" data-col-size=\"md\">Weihnachten, Vatertag, Thanksgiving, Veranstaltungen<\/td>\n<\/tr>\n<\/tbody>\n<\/table>\n<h2 data-start=\"91\" data-end=\"113\">Anmeldung<\/h2>\n<ul data-start=\"115\" data-end=\"1387\">\n<li data-start=\"115\" data-end=\"292\">\n<p data-start=\"117\" data-end=\"292\"><strong data-start=\"117\" data-end=\"138\">Firmengeschenke<\/strong> - Die Tasche wurde als ideale Option f\u00fcr F\u00fchrungskr\u00e4fte, Mitarbeiter oder Gesch\u00e4ftspartner gew\u00e4hlt, um den Ruf der Marke durch hochwertige Geschenke zu verbessern.<\/p>\n<\/li>\n<li data-start=\"293\" data-end=\"445\">\n<p data-start=\"295\" data-end=\"445\"><strong data-start=\"295\" data-end=\"320\">Werbekampagnen<\/strong> - Es wird von Unternehmen h\u00e4ufig genutzt, um ihre Produkte und Dienstleistungen bei Marketingaktivit\u00e4ten und Messen zu bewerben.<\/p>\n<\/li>\n<li data-start=\"446\" data-end=\"603\">\n<p data-start=\"448\" data-end=\"603\"><strong data-start=\"448\" data-end=\"469\">Festliche Anl\u00e4sse<\/strong> - Sie eignet sich als Geschenk zu Weihnachten, Vatertag und Thanksgiving und verleiht den Feierlichkeiten einen professionellen und zugleich stilvollen Touch.<\/p>\n<\/li>\n<\/ul>\n<\/div>\n<\/div>","protected":false},"excerpt":{"rendered":"<p>Die <strong data-start=\"161\" data-end=\"191\">Luxuri\u00f6se Business-Tasche nach Ma\u00df<\/strong> von <strong data-start=\"195\" data-end=\"205\">RONEER<\/strong> wurde aus hochwertigem Echtleder und Legierungselementen gefertigt, um ein langlebiges, stilvolles und professionelles Accessoire zu schaffen. Die Tasche wurde auf die Anforderungen moderner Gesch\u00e4ftsleute zugeschnitten, die gleicherma\u00dfen Wert auf Funktionalit\u00e4t und Eleganz legen. Mit ihrer schlanken Silhouette und den praktischen F\u00e4chern eignet sie sich sowohl f\u00fcr den t\u00e4glichen Gebrauch im B\u00fcro als auch f\u00fcr Firmengeschenke.<\/p>","protected":false},"featured_media":2517,"comment_status":"open","ping_status":"closed","template":"","meta":{"site-sidebar-layout":"default","site-content-layout":"","ast-site-content-layout":"default","site-content-style":"default","site-sidebar-style":"default","ast-global-header-display":"","ast-banner-title-visibility":"","ast-main-header-display":"","ast-hfb-above-header-display":"","ast-hfb-below-header-display":"","ast-hfb-mobile-header-display":"","site-post-title":"","ast-breadcrumbs-content":"","ast-featured-img":"","footer-sml-layout":"","ast-disable-related-posts":"","theme-transparent-header-meta":"default","adv-header-id-meta":"","stick-header-meta":"","header-above-stick-meta":"","header-main-stick-meta":"","header-below-stick-meta":"","astra-migrate-meta-layouts":"set","ast-page-background-enabled":"default","ast-page-background-meta":{"desktop":{"background-color":"var(--ast-global-color-5)","background-image":"","background-repeat":"repeat","background-position":"center center","background-size":"auto","background-attachment":"scroll","background-type":"","background-media":"","overlay-type":"","overlay-color":"","overlay-opacity":"","overlay-gradient":""},"tablet":{"background-color":"","background-image":"","background-repeat":"repeat","background-position":"center center","background-size":"auto","background-attachment":"scroll","background-type":"","background-media":"","overlay-type":"","overlay-color":"","overlay-opacity":"","overlay-gradient":""},"mobile":{"background-color":"","background-image":"","background-repeat":"repeat","background-position":"center center","background-size":"auto","background-attachment":"scroll","background-type":"","background-media":"","overlay-type":"","overlay-color":"","overlay-opacity":"","overlay-gradient":""}},"ast-content-background-meta":{"desktop":{"background-color":"var(--ast-global-color-4)","background-image":"","background-repeat":"repeat","background-position":"center center","background-size":"auto","background-attachment":"scroll","background-type":"","background-media":"","overlay-type":"","overlay-color":"","overlay-opacity":"","overlay-gradient":""},"tablet":{"background-color":"var(--ast-global-color-4)","background-image":"","background-repeat":"repeat","background-position":"center center","background-size":"auto","background-attachment":"scroll","background-type":"","background-media":"","overlay-type":"","overlay-color":"","overlay-opacity":"","overlay-gradient":""},"mobile":{"background-color":"var(--ast-global-color-4)","background-image":"","background-repeat":"repeat","background-position":"center center","background-size":"auto","background-attachment":"scroll","background-type":"","background-media":"","overlay-type":"","overlay-color":"","overlay-opacity":"","overlay-gradient":""}}},"product_brand":[],"product_cat":[55],"product_tag":[],"class_list":{"0":"post-2512","1":"product","2":"type-product","3":"status-publish","4":"has-post-thumbnail","6":"product_cat-wallets-card-holder","7":"desktop-align-left","8":"tablet-align-left","9":"mobile-align-left","11":"first","12":"instock","13":"shipping-taxable","14":"product-type-simple"},"_links":{"self":[{"href":"https:\/\/baijiabags.com\/de\/wp-json\/wp\/v2\/product\/2512","targetHints":{"allow":["GET"]}}],"collection":[{"href":"https:\/\/baijiabags.com\/de\/wp-json\/wp\/v2\/product"}],"about":[{"href":"https:\/\/baijiabags.com\/de\/wp-json\/wp\/v2\/types\/product"}],"replies":[{"embeddable":true,"href":"https:\/\/baijiabags.com\/de\/wp-json\/wp\/v2\/comments?post=2512"}],"wp:featuredmedia":[{"embeddable":true,"href":"https:\/\/baijiabags.com\/de\/wp-json\/wp\/v2\/media\/2517"}],"wp:attachment":[{"href":"https:\/\/baijiabags.com\/de\/wp-json\/wp\/v2\/media?parent=2512"}],"wp:term":[{"taxonomy":"product_brand","embeddable":true,"href":"https:\/\/baijiabags.com\/de\/wp-json\/wp\/v2\/product_brand?post=2512"},{"taxonomy":"product_cat","embeddable":true,"href":"https:\/\/baijiabags.com\/de\/wp-json\/wp\/v2\/product_cat?post=2512"},{"taxonomy":"product_tag","embeddable":true,"href":"https:\/\/baijiabags.com\/de\/wp-json\/wp\/v2\/product_tag?post=2512"}],"curies":[{"name":"wp","href":"https:\/\/api.w.org\/{rel}","templated":true}]}}