{"id":2337,"date":"2025-09-25T02:35:29","date_gmt":"2025-09-25T02:35:29","guid":{"rendered":"https:\/\/baijiabags.com\/?post_type=product&#038;p=2337"},"modified":"2025-11-01T01:24:32","modified_gmt":"2025-11-01T01:24:32","slug":"wholesale-mens-business-travel-shoulder-bag-premium-vintage-crossbody-bag","status":"publish","type":"product","link":"https:\/\/baijiabags.com\/de\/produkt\/wholesale-mens-business-travel-shoulder-bag-premium-vintage-crossbody-bag\/","title":{"rendered":"Gro\u00dfhandel Herren Business Travel Umh\u00e4ngetasche Premium Vintage Crossbody Bag"},"content":{"rendered":"<h2 data-start=\"677\" data-end=\"694\">Wesentliche Merkmale<\/h2>\n<ul data-start=\"696\" data-end=\"1607\">\n<li data-start=\"696\" data-end=\"821\">\n<p data-start=\"698\" data-end=\"821\"><strong data-start=\"698\" data-end=\"728\">Hochwertiges Vollnarbenleder<\/strong>: Hergestellt aus hochwertigem Rindsleder, das eine lange Haltbarkeit und eine reiche Textur gew\u00e4hrleistet.<\/p>\n<\/li>\n<li data-start=\"822\" data-end=\"945\">\n<p data-start=\"824\" data-end=\"945\"><strong data-start=\"824\" data-end=\"859\">Europ\u00e4isch-amerikanischer Vintage-Stil<\/strong>: Das Retro-Design wird durch gen\u00e4hte Details erg\u00e4nzt, die von raffinierter Handwerkskunst zeugen.<\/p>\n<\/li>\n<li data-start=\"946\" data-end=\"1066\">\n<p data-start=\"948\" data-end=\"1066\"><strong data-start=\"948\" data-end=\"973\">Ger\u00e4umige F\u00e4cher<\/strong>: Mehrere F\u00e4cher bieten organisierten Stauraum f\u00fcr Dinge des t\u00e4glichen Bedarfs und f\u00fcr gesch\u00e4ftliche Dinge.<\/p>\n<\/li>\n<li data-start=\"1067\" data-end=\"1177\">\n<p data-start=\"1069\" data-end=\"1177\"><strong data-start=\"1069\" data-end=\"1094\">Widerstandsf\u00e4higes Design<\/strong>: Leder und Beschl\u00e4ge sind so ausgew\u00e4hlt, dass sie Kratzern und t\u00e4glichem Verschlei\u00df standhalten.<\/p>\n<\/li>\n<li data-start=\"1178\" data-end=\"1299\">\n<p data-start=\"1180\" data-end=\"1299\"><strong data-start=\"1180\" data-end=\"1212\">Bequemer verstellbarer Riemen<\/strong>: Der Schultergurt l\u00e4sst sich f\u00fcr individuellen Komfort auf Reisen oder beim Pendeln einstellen.<\/p>\n<\/li>\n<li data-start=\"1300\" data-end=\"1410\">\n<p data-start=\"1302\" data-end=\"1410\"><strong data-start=\"1302\" data-end=\"1328\">Kompakter Ger\u00e4tespeicher<\/strong>: Geeignet f\u00fcr Tablets und andere Ger\u00e4te bis zu 8 Zoll, damit die Elektronik gesch\u00fctzt ist.<\/p>\n<\/li>\n<li data-start=\"1411\" data-end=\"1503\">\n<p data-start=\"1413\" data-end=\"1503\"><strong data-start=\"1413\" data-end=\"1436\">Vielseitiger t\u00e4glicher Gebrauch<\/strong>: Geeignet f\u00fcrs B\u00fcro, f\u00fcr Reisen, Freizeitausfl\u00fcge und t\u00e4gliche Besorgungen.<\/p>\n<\/li>\n<li data-start=\"1504\" data-end=\"1607\">\n<p data-start=\"1506\" data-end=\"1607\"><strong data-start=\"1506\" data-end=\"1529\">Verf\u00fcgbarkeit von Proben<\/strong>: Wir stellen Muster zur Verf\u00fcgung und unterst\u00fctzen ODM- und OEM-Dienste f\u00fcr kundenspezifische Auftr\u00e4ge.<\/p>\n<\/li>\n<\/ul>\n<p><img fetchpriority=\"high\" decoding=\"async\" class=\"aligncenter wp-image-2339 size-full\" src=\"https:\/\/baijiabags.com\/wp-content\/uploads\/2025\/09\/1-1-43.png\" alt=\"Wholesale Mens Business Travel Shoulder Bag Premium Vintage Crossbody Bag\" width=\"800\" height=\"800\" srcset=\"https:\/\/baijiabags.com\/wp-content\/uploads\/2025\/09\/1-1-43.png 800w, https:\/\/baijiabags.com\/wp-content\/uploads\/2025\/09\/1-1-43-300x300.png 300w, https:\/\/baijiabags.com\/wp-content\/uploads\/2025\/09\/1-1-43-150x150.png 150w, https:\/\/baijiabags.com\/wp-content\/uploads\/2025\/09\/1-1-43-768x768.png 768w, https:\/\/baijiabags.com\/wp-content\/uploads\/2025\/09\/1-1-43-12x12.png 12w, https:\/\/baijiabags.com\/wp-content\/uploads\/2025\/09\/1-1-43-600x600.png 600w, https:\/\/baijiabags.com\/wp-content\/uploads\/2025\/09\/1-1-43-100x100.png 100w\" sizes=\"(max-width: 800px) 100vw, 800px\" \/><\/p>\n<h2 data-start=\"1609\" data-end=\"1628\">Spezifikationen<\/h2>\n<div class=\"_tableContainer_1rjym_1\">\n<div class=\"group _tableWrapper_1rjym_13 flex w-fit flex-col-reverse\" tabindex=\"-1\">\n<table class=\"w-fit min-w-(--thread-content-width)\" data-start=\"1630\" data-end=\"2572\">\n<thead data-start=\"1630\" data-end=\"1696\">\n<tr data-start=\"1630\" data-end=\"1696\">\n<th data-start=\"1630\" data-end=\"1655\" data-col-size=\"sm\">Parameter<\/th>\n<th data-start=\"1655\" data-end=\"1696\" data-col-size=\"sm\">Einzelheiten<\/th>\n<\/tr>\n<\/thead>\n<tbody data-start=\"1764\" data-end=\"2572\">\n<tr data-start=\"1764\" data-end=\"1830\">\n<td data-start=\"1764\" data-end=\"1789\" data-col-size=\"sm\">Produktname<\/td>\n<td data-start=\"1789\" data-end=\"1830\" data-col-size=\"sm\">Umh\u00e4ngetasche<\/td>\n<\/tr>\n<tr data-start=\"1831\" data-end=\"1898\">\n<td data-start=\"1831\" data-end=\"1856\" data-col-size=\"sm\">Marke<\/td>\n<td data-start=\"1856\" data-end=\"1898\" data-col-size=\"sm\">RONEER<\/td>\n<\/tr>\n<tr data-start=\"1899\" data-end=\"1965\">\n<td data-start=\"1899\" data-end=\"1924\" data-col-size=\"sm\">Stil<\/td>\n<td data-start=\"1924\" data-end=\"1965\" data-col-size=\"sm\">Europ\u00e4isch-amerikanischer Jahrgang<\/td>\n<\/tr>\n<tr data-start=\"1966\" data-end=\"2032\">\n<td data-start=\"1966\" data-end=\"1991\" data-col-size=\"sm\">Material<\/td>\n<td data-start=\"1991\" data-end=\"2032\" data-col-size=\"sm\">Vollnarbenleder<\/td>\n<\/tr>\n<tr data-start=\"2033\" data-end=\"2099\">\n<td data-start=\"2033\" data-end=\"2058\" data-col-size=\"sm\">Merkmal Leder<\/td>\n<td data-start=\"2058\" data-end=\"2099\" data-col-size=\"sm\">Oberste Schicht Rindsleder<\/td>\n<\/tr>\n<tr data-start=\"2100\" data-end=\"2166\">\n<td data-start=\"2100\" data-end=\"2125\" data-col-size=\"sm\">Dekorative Elemente<\/td>\n<td data-start=\"2125\" data-end=\"2166\" data-col-size=\"sm\">N\u00e4hte Details<\/td>\n<\/tr>\n<tr data-start=\"2167\" data-end=\"2234\">\n<td data-start=\"2167\" data-end=\"2192\" data-col-size=\"sm\">Farbe<\/td>\n<td data-start=\"2192\" data-end=\"2234\" data-col-size=\"sm\">Kaffee<\/td>\n<\/tr>\n<tr data-start=\"2235\" data-end=\"2301\">\n<td data-start=\"2235\" data-end=\"2260\" data-col-size=\"sm\">Ger\u00e4t Kapazit\u00e4t<\/td>\n<td data-start=\"2260\" data-end=\"2301\" data-col-size=\"sm\">Bis zu einem 8-Zoll-Tablet<\/td>\n<\/tr>\n<tr data-start=\"2302\" data-end=\"2369\">\n<td data-start=\"2302\" data-end=\"2327\" data-col-size=\"sm\">Funktion<\/td>\n<td data-start=\"2327\" data-end=\"2369\" data-col-size=\"sm\">Abriebfest<\/td>\n<\/tr>\n<tr data-start=\"2370\" data-end=\"2436\">\n<td data-start=\"2370\" data-end=\"2395\" data-col-size=\"sm\">Anwendungsszenario<\/td>\n<td data-start=\"2395\" data-end=\"2436\" data-col-size=\"sm\">Tagesoutfit, B\u00fcro, Reisen<\/td>\n<\/tr>\n<tr data-start=\"2437\" data-end=\"2504\">\n<td data-start=\"2437\" data-end=\"2462\" data-col-size=\"sm\">Verf\u00fcgbarkeit von Proben<\/td>\n<td data-start=\"2462\" data-end=\"2504\" data-col-size=\"sm\">Ja<\/td>\n<\/tr>\n<tr data-start=\"2505\" data-end=\"2572\">\n<td data-start=\"2505\" data-end=\"2530\" data-col-size=\"sm\">MOQ<\/td>\n<td data-start=\"2530\" data-end=\"2572\" data-col-size=\"sm\">300<\/td>\n<\/tr>\n<\/tbody>\n<\/table>\n<\/div>\n<\/div>\n<h2 data-start=\"2574\" data-end=\"2591\">Anwendungen<\/h2>\n<ul data-start=\"2593\" data-end=\"2865\">\n<li data-start=\"2593\" data-end=\"2710\">\n<p data-start=\"2595\" data-end=\"2710\"><strong data-start=\"2595\" data-end=\"2618\">B\u00fcro und Business<\/strong>: Ideal f\u00fcr den Transport t\u00e4glicher Arbeitsutensilien wie Tablets, Notebooks und pers\u00f6nlicher Gegenst\u00e4nde.<\/p>\n<\/li>\n<li data-start=\"2711\" data-end=\"2781\">\n<p data-start=\"2713\" data-end=\"2781\"><strong data-start=\"2713\" data-end=\"2726\">T\u00e4glicher Gebrauch<\/strong>: Perfekt f\u00fcr lockere Ausfl\u00fcge, zum Einkaufen oder f\u00fcr den Arbeitsweg.<\/p>\n<\/li>\n<li data-start=\"2782\" data-end=\"2865\">\n<p data-start=\"2784\" data-end=\"2865\"><strong data-start=\"2784\" data-end=\"2794\">Reisen<\/strong>: Geeignet f\u00fcr kurze Reisen, bei denen eine kompakte und robuste Tasche ben\u00f6tigt wird.<\/p>\n<\/li>\n<\/ul>\n<p data-start=\"2867\" data-end=\"3051\">Wenn Sie an dieser RONEER-Umh\u00e4ngetasche interessiert sind, kontaktieren Sie uns bitte, um ein Muster anzufordern. ODM- und OEM-Services stehen zur Verf\u00fcgung, um Ihre individuellen Anforderungen an Branding und Design zu erf\u00fcllen.<\/p>","protected":false},"excerpt":{"rendered":"<p>Die <strong data-start=\"135\" data-end=\"189\">RONEER Gro\u00dfhandel Herren Business Travel Umh\u00e4ngetasche<\/strong> wurde f\u00fcr moderne Berufst\u00e4tige entworfen, die Wert auf Stil und Zweckm\u00e4\u00dfigkeit legen. Die aus hochwertigem Vollnarbenleder gefertigte Crossbody-Tasche im Vintage-Stil kombiniert Langlebigkeit mit einer anspruchsvollen europ\u00e4isch-amerikanischen \u00c4sthetik. Ihr klassisches Design wird durch dekorative N\u00e4hte aufgewertet und verleiht ihr einen zeitlosen Look, der sowohl f\u00fcr den t\u00e4glichen Gebrauch als auch f\u00fcr gesch\u00e4ftliche Anl\u00e4sse geeignet ist. Die Tasche hat eine spezielle Gr\u00f6\u00dfe f\u00fcr Ger\u00e4te bis zu <strong data-start=\"599\" data-end=\"611\">8 Zoll<\/strong>und ist damit ideal f\u00fcr kompakte Tablets und Alltagsgegenst\u00e4nde.<\/p>","protected":false},"featured_media":2340,"comment_status":"open","ping_status":"closed","template":"","meta":{"site-sidebar-layout":"default","site-content-layout":"","ast-site-content-layout":"default","site-content-style":"default","site-sidebar-style":"default","ast-global-header-display":"","ast-banner-title-visibility":"","ast-main-header-display":"","ast-hfb-above-header-display":"","ast-hfb-below-header-display":"","ast-hfb-mobile-header-display":"","site-post-title":"","ast-breadcrumbs-content":"","ast-featured-img":"","footer-sml-layout":"","ast-disable-related-posts":"","theme-transparent-header-meta":"default","adv-header-id-meta":"","stick-header-meta":"","header-above-stick-meta":"","header-main-stick-meta":"","header-below-stick-meta":"","astra-migrate-meta-layouts":"set","ast-page-background-enabled":"default","ast-page-background-meta":{"desktop":{"background-color":"var(--ast-global-color-5)","background-image":"","background-repeat":"repeat","background-position":"center center","background-size":"auto","background-attachment":"scroll","background-type":"","background-media":"","overlay-type":"","overlay-color":"","overlay-opacity":"","overlay-gradient":""},"tablet":{"background-color":"","background-image":"","background-repeat":"repeat","background-position":"center center","background-size":"auto","background-attachment":"scroll","background-type":"","background-media":"","overlay-type":"","overlay-color":"","overlay-opacity":"","overlay-gradient":""},"mobile":{"background-color":"","background-image":"","background-repeat":"repeat","background-position":"center center","background-size":"auto","background-attachment":"scroll","background-type":"","background-media":"","overlay-type":"","overlay-color":"","overlay-opacity":"","overlay-gradient":""}},"ast-content-background-meta":{"desktop":{"background-color":"var(--ast-global-color-4)","background-image":"","background-repeat":"repeat","background-position":"center center","background-size":"auto","background-attachment":"scroll","background-type":"","background-media":"","overlay-type":"","overlay-color":"","overlay-opacity":"","overlay-gradient":""},"tablet":{"background-color":"var(--ast-global-color-4)","background-image":"","background-repeat":"repeat","background-position":"center center","background-size":"auto","background-attachment":"scroll","background-type":"","background-media":"","overlay-type":"","overlay-color":"","overlay-opacity":"","overlay-gradient":""},"mobile":{"background-color":"var(--ast-global-color-4)","background-image":"","background-repeat":"repeat","background-position":"center center","background-size":"auto","background-attachment":"scroll","background-type":"","background-media":"","overlay-type":"","overlay-color":"","overlay-opacity":"","overlay-gradient":""}}},"product_brand":[],"product_cat":[39,53],"product_tag":[],"class_list":{"0":"post-2337","1":"product","2":"type-product","3":"status-publish","4":"has-post-thumbnail","6":"product_cat-crossbody-bag","7":"product_cat-mens-bag","8":"desktop-align-left","9":"tablet-align-left","10":"mobile-align-left","12":"first","13":"instock","14":"shipping-taxable","15":"product-type-simple"},"_links":{"self":[{"href":"https:\/\/baijiabags.com\/de\/wp-json\/wp\/v2\/product\/2337","targetHints":{"allow":["GET"]}}],"collection":[{"href":"https:\/\/baijiabags.com\/de\/wp-json\/wp\/v2\/product"}],"about":[{"href":"https:\/\/baijiabags.com\/de\/wp-json\/wp\/v2\/types\/product"}],"replies":[{"embeddable":true,"href":"https:\/\/baijiabags.com\/de\/wp-json\/wp\/v2\/comments?post=2337"}],"wp:featuredmedia":[{"embeddable":true,"href":"https:\/\/baijiabags.com\/de\/wp-json\/wp\/v2\/media\/2340"}],"wp:attachment":[{"href":"https:\/\/baijiabags.com\/de\/wp-json\/wp\/v2\/media?parent=2337"}],"wp:term":[{"taxonomy":"product_brand","embeddable":true,"href":"https:\/\/baijiabags.com\/de\/wp-json\/wp\/v2\/product_brand?post=2337"},{"taxonomy":"product_cat","embeddable":true,"href":"https:\/\/baijiabags.com\/de\/wp-json\/wp\/v2\/product_cat?post=2337"},{"taxonomy":"product_tag","embeddable":true,"href":"https:\/\/baijiabags.com\/de\/wp-json\/wp\/v2\/product_tag?post=2337"}],"curies":[{"name":"wp","href":"https:\/\/api.w.org\/{rel}","templated":true}]}}