{"id":2302,"date":"2025-09-25T01:35:17","date_gmt":"2025-09-25T01:35:17","guid":{"rendered":"https:\/\/baijiabags.com\/?post_type=product&#038;p=2302"},"modified":"2025-11-01T01:24:32","modified_gmt":"2025-11-01T01:24:32","slug":"new-mens-business-casual-bag-genuine-leather-shoulder-crossbody-top-layer-cowhide-fashion","status":"publish","type":"product","link":"https:\/\/baijiabags.com\/de\/produkt\/new-mens-business-casual-bag-genuine-leather-shoulder-crossbody-top-layer-cowhide-fashion\/","title":{"rendered":"Neue Herren Business Casual Bag Echtes Leder Schulter Crossbody Top Layer Cowhide Fashion"},"content":{"rendered":"<h2 data-start=\"928\" data-end=\"945\">Wesentliche Merkmale<\/h2>\n<ol data-start=\"947\" data-end=\"1873\">\n<li data-start=\"947\" data-end=\"1084\">\n<p data-start=\"950\" data-end=\"1084\"><strong data-start=\"950\" data-end=\"977\">Premium-Echtleder<\/strong> - Verwendet wurde Rindsleder der obersten Schicht, das f\u00fcr Festigkeit, Elastizit\u00e4t und eine nat\u00fcrlich weiche Textur sorgt.<\/p>\n<\/li>\n<li data-start=\"1085\" data-end=\"1205\">\n<p data-start=\"1088\" data-end=\"1205\"><strong data-start=\"1088\" data-end=\"1117\">Stilvolles, minimalistisches Design<\/strong> - Ein klarer, von der Stadt inspirierter Look wurde f\u00fcr gesch\u00e4ftliche und legere Anl\u00e4sse hervorgehoben.<\/p>\n<\/li>\n<li data-start=\"1206\" data-end=\"1315\">\n<p data-start=\"1209\" data-end=\"1315\"><strong data-start=\"1209\" data-end=\"1225\">Kompakte Gr\u00f6\u00dfe<\/strong> - Mit den Ma\u00dfen 18 cm \u00d7 6 cm \u00d7 23 cm lassen sich die wichtigsten Gegenst\u00e4nde bequem transportieren.<\/p>\n<\/li>\n<li data-start=\"1316\" data-end=\"1424\">\n<p data-start=\"1319\" data-end=\"1424\"><strong data-start=\"1319\" data-end=\"1340\">Langlebige N\u00e4hte<\/strong> - Verst\u00e4rkte N\u00e4hte sorgen f\u00fcr Langlebigkeit und Stil.<\/p>\n<\/li>\n<li data-start=\"1425\" data-end=\"1523\">\n<p data-start=\"1428\" data-end=\"1523\"><strong data-start=\"1428\" data-end=\"1452\">Multifunktionaler Einsatz<\/strong> - Dank seines vielseitigen Designs eignet er sich f\u00fcr Arbeit, Freizeit und Reisen.<\/p>\n<\/li>\n<li data-start=\"1524\" data-end=\"1646\">\n<p data-start=\"1527\" data-end=\"1646\"><strong data-start=\"1527\" data-end=\"1549\">Organisiertes Interieur<\/strong> - Der gut strukturierte Innenraum ist mit F\u00e4chern f\u00fcr eine bessere Organisation der Gegenst\u00e4nde ausgestattet.<\/p>\n<\/li>\n<li data-start=\"1647\" data-end=\"1768\">\n<p data-start=\"1650\" data-end=\"1768\"><strong data-start=\"1650\" data-end=\"1682\">Bequeme Tragem\u00f6glichkeiten<\/strong> - Der mitgelieferte Schultergurt erm\u00f6glicht sowohl das Tragen am K\u00f6rper als auch \u00fcber der Schulter.<\/p>\n<\/li>\n<li data-start=\"1769\" data-end=\"1873\">\n<p data-start=\"1772\" data-end=\"1873\"><strong data-start=\"1772\" data-end=\"1795\">Verf\u00fcgbarkeit von Proben<\/strong> - Zur Unterst\u00fctzung der gesch\u00e4ftlichen Zusammenarbeit wurden Produktmuster zur Verf\u00fcgung gestellt.<\/p>\n<\/li>\n<\/ol>\n<h2 data-start=\"1880\" data-end=\"1899\">Spezifikationen<\/h2>\n<div class=\"_tableContainer_1rjym_1\">\n<div class=\"group _tableWrapper_1rjym_13 flex w-fit flex-col-reverse\" tabindex=\"-1\">\n<table class=\"w-fit min-w-(--thread-content-width)\" data-start=\"1901\" data-end=\"3016\">\n<thead data-start=\"1901\" data-end=\"1961\">\n<tr data-start=\"1901\" data-end=\"1961\">\n<th data-start=\"1901\" data-end=\"1926\" data-col-size=\"sm\"><strong data-start=\"1903\" data-end=\"1916\">Parameter<\/strong><\/th>\n<th data-start=\"1926\" data-end=\"1961\" data-col-size=\"sm\"><strong data-start=\"1928\" data-end=\"1939\">Einzelheiten<\/strong><\/th>\n<\/tr>\n<\/thead>\n<tbody data-start=\"2024\" data-end=\"3016\">\n<tr data-start=\"2024\" data-end=\"2085\">\n<td data-start=\"2024\" data-end=\"2050\" data-col-size=\"sm\">Produktname<\/td>\n<td data-start=\"2050\" data-end=\"2085\" data-col-size=\"sm\">Schulter Umh\u00e4ngetasche<\/td>\n<\/tr>\n<tr data-start=\"2086\" data-end=\"2147\">\n<td data-start=\"2086\" data-end=\"2112\" data-col-size=\"sm\">Marke<\/td>\n<td data-start=\"2112\" data-end=\"2147\" data-col-size=\"sm\">RONEER<\/td>\n<\/tr>\n<tr data-start=\"2148\" data-end=\"2209\">\n<td data-start=\"2148\" data-end=\"2174\" data-col-size=\"sm\">Herkunft<\/td>\n<td data-start=\"2174\" data-end=\"2209\" data-col-size=\"sm\">Guangdong, China<\/td>\n<\/tr>\n<tr data-start=\"2210\" data-end=\"2271\">\n<td data-start=\"2210\" data-end=\"2236\" data-col-size=\"sm\">Stil<\/td>\n<td data-start=\"2236\" data-end=\"2271\" data-col-size=\"sm\">Urbaner Minimalist<\/td>\n<\/tr>\n<tr data-start=\"2272\" data-end=\"2333\">\n<td data-start=\"2272\" data-end=\"2298\" data-col-size=\"sm\">Material<\/td>\n<td data-start=\"2298\" data-end=\"2333\" data-col-size=\"sm\">Echtes Leder<\/td>\n<\/tr>\n<tr data-start=\"2334\" data-end=\"2395\">\n<td data-start=\"2334\" data-end=\"2360\" data-col-size=\"sm\">Leder Typ<\/td>\n<td data-start=\"2360\" data-end=\"2395\" data-col-size=\"sm\">Oberste Schicht Rindsleder<\/td>\n<\/tr>\n<tr data-start=\"2396\" data-end=\"2457\">\n<td data-start=\"2396\" data-end=\"2422\" data-col-size=\"sm\">Auskleidung<\/td>\n<td data-start=\"2422\" data-end=\"2457\" data-col-size=\"sm\">Polyester-Baumwolle<\/td>\n<\/tr>\n<tr data-start=\"2458\" data-end=\"2519\">\n<td data-start=\"2458\" data-end=\"2484\" data-col-size=\"sm\">Muster<\/td>\n<td data-start=\"2484\" data-end=\"2519\" data-col-size=\"sm\">Einfarbig<\/td>\n<\/tr>\n<tr data-start=\"2520\" data-end=\"2581\">\n<td data-start=\"2520\" data-end=\"2546\" data-col-size=\"sm\">Verf\u00fcgbare Farben<\/td>\n<td data-start=\"2546\" data-end=\"2581\" data-col-size=\"sm\">Kaffee, dunkler Kaffee<\/td>\n<\/tr>\n<tr data-start=\"2582\" data-end=\"2643\">\n<td data-start=\"2582\" data-end=\"2608\" data-col-size=\"sm\">Abmessungen<\/td>\n<td data-start=\"2608\" data-end=\"2643\" data-col-size=\"sm\">18cm \u00d7 6cm \u00d7 23cm<\/td>\n<\/tr>\n<tr data-start=\"2644\" data-end=\"2705\">\n<td data-start=\"2644\" data-end=\"2670\" data-col-size=\"sm\">Laptop-Kapazit\u00e4t<\/td>\n<td data-start=\"2670\" data-end=\"2705\" data-col-size=\"sm\">Bis zu 8 Zoll<\/td>\n<\/tr>\n<tr data-start=\"2706\" data-end=\"2768\">\n<td data-start=\"2706\" data-end=\"2733\" data-col-size=\"sm\">Funktion<\/td>\n<td data-start=\"2733\" data-end=\"2768\" data-col-size=\"sm\">Abriebfest<\/td>\n<\/tr>\n<tr data-start=\"2769\" data-end=\"2830\">\n<td data-start=\"2769\" data-end=\"2795\" data-col-size=\"sm\">Beliebte Elemente<\/td>\n<td data-start=\"2795\" data-end=\"2830\" data-col-size=\"sm\">N\u00e4hen<\/td>\n<\/tr>\n<tr data-start=\"2831\" data-end=\"2892\">\n<td data-start=\"2831\" data-end=\"2857\" data-col-size=\"sm\">Anwendungsszenarien<\/td>\n<td data-start=\"2857\" data-end=\"2892\" data-col-size=\"sm\">Arbeit, t\u00e4glicher Gebrauch, Reisen<\/td>\n<\/tr>\n<tr data-start=\"2893\" data-end=\"2954\">\n<td data-start=\"2893\" data-end=\"2919\" data-col-size=\"sm\">Verf\u00fcgbarkeit von Proben<\/td>\n<td data-start=\"2919\" data-end=\"2954\" data-col-size=\"sm\">Ja<\/td>\n<\/tr>\n<tr data-start=\"2955\" data-end=\"3016\">\n<td data-start=\"2955\" data-end=\"2981\" data-col-size=\"sm\">Mindestbestellmenge<\/td>\n<td data-start=\"2981\" data-end=\"3016\" data-col-size=\"sm\">300<\/td>\n<\/tr>\n<\/tbody>\n<\/table>\n<\/div>\n<\/div>\n<h2 data-start=\"3023\" data-end=\"3040\">Anwendungen<\/h2>\n<p data-start=\"3042\" data-end=\"3150\">Diese Crossbody-Tasche wurde f\u00fcr verschiedene Situationen entworfen, in denen sowohl Stil als auch praktische Funktionalit\u00e4t gefragt sind.<\/p>\n<ul data-start=\"3151\" data-end=\"3405\">\n<li data-start=\"3151\" data-end=\"3227\">\n<p data-start=\"3153\" data-end=\"3227\"><strong data-start=\"3153\" data-end=\"3166\">Arbeitsplatz<\/strong> - Wird als kompaktes und professionell aussehendes Accessoire getragen.<\/p>\n<\/li>\n<li data-start=\"3228\" data-end=\"3297\">\n<p data-start=\"3230\" data-end=\"3297\"><strong data-start=\"3230\" data-end=\"3244\">Das t\u00e4gliche Leben<\/strong> - Zum Einkaufen, Pendeln oder f\u00fcr gelegentliche Ausfl\u00fcge.<\/p>\n<\/li>\n<li data-start=\"3298\" data-end=\"3405\">\n<p data-start=\"3300\" data-end=\"3405\"><strong data-start=\"3300\" data-end=\"3310\">Reisen<\/strong> - Praktisch als leichter Reisebegleiter f\u00fcr P\u00e4sse, Telefone und andere wichtige Dinge.<\/p>\n<\/li>\n<\/ul>\n<p data-start=\"3412\" data-end=\"3607\">Bei Interesse an dieser Leder-Schulter-Crossbody-Tasche, k\u00f6nnen Anfragen gestellt werden f\u00fcr <strong data-start=\"3499\" data-end=\"3510\">Proben<\/strong>. ODM- und OEM-Dienstleistungen werden angeboten, um kundenspezifische Marken- und Produktionsanforderungen zu unterst\u00fctzen.<\/p>","protected":false},"excerpt":{"rendered":"<p>Eine neue Business Casual Schulter- und Crossbody-Tasche f\u00fcr M\u00e4nner wurde unter der Marke <strong data-start=\"321\" data-end=\"331\">RONEER<\/strong>. Diese Tasche wurde im urbanen, minimalistischen Stil entworfen und ist aus <strong data-start=\"405\" data-end=\"434\">Oberschicht Rindsleder<\/strong> um Langlebigkeit und ein elegantes Aussehen zu gew\u00e4hrleisten. Seine kompakte und dennoch praktische Gr\u00f6\u00dfe von <strong data-start=\"516\" data-end=\"537\">18cm \u00d7 6cm \u00d7 23cm<\/strong> kann es bequem im Beruf, auf Reisen oder im Alltag eingesetzt werden.<\/p>","protected":false},"featured_media":2304,"comment_status":"open","ping_status":"closed","template":"","meta":{"site-sidebar-layout":"default","site-content-layout":"","ast-site-content-layout":"default","site-content-style":"default","site-sidebar-style":"default","ast-global-header-display":"","ast-banner-title-visibility":"","ast-main-header-display":"","ast-hfb-above-header-display":"","ast-hfb-below-header-display":"","ast-hfb-mobile-header-display":"","site-post-title":"","ast-breadcrumbs-content":"","ast-featured-img":"","footer-sml-layout":"","ast-disable-related-posts":"","theme-transparent-header-meta":"default","adv-header-id-meta":"","stick-header-meta":"","header-above-stick-meta":"","header-main-stick-meta":"","header-below-stick-meta":"","astra-migrate-meta-layouts":"set","ast-page-background-enabled":"default","ast-page-background-meta":{"desktop":{"background-color":"var(--ast-global-color-5)","background-image":"","background-repeat":"repeat","background-position":"center center","background-size":"auto","background-attachment":"scroll","background-type":"","background-media":"","overlay-type":"","overlay-color":"","overlay-opacity":"","overlay-gradient":""},"tablet":{"background-color":"","background-image":"","background-repeat":"repeat","background-position":"center center","background-size":"auto","background-attachment":"scroll","background-type":"","background-media":"","overlay-type":"","overlay-color":"","overlay-opacity":"","overlay-gradient":""},"mobile":{"background-color":"","background-image":"","background-repeat":"repeat","background-position":"center center","background-size":"auto","background-attachment":"scroll","background-type":"","background-media":"","overlay-type":"","overlay-color":"","overlay-opacity":"","overlay-gradient":""}},"ast-content-background-meta":{"desktop":{"background-color":"var(--ast-global-color-4)","background-image":"","background-repeat":"repeat","background-position":"center center","background-size":"auto","background-attachment":"scroll","background-type":"","background-media":"","overlay-type":"","overlay-color":"","overlay-opacity":"","overlay-gradient":""},"tablet":{"background-color":"var(--ast-global-color-4)","background-image":"","background-repeat":"repeat","background-position":"center center","background-size":"auto","background-attachment":"scroll","background-type":"","background-media":"","overlay-type":"","overlay-color":"","overlay-opacity":"","overlay-gradient":""},"mobile":{"background-color":"var(--ast-global-color-4)","background-image":"","background-repeat":"repeat","background-position":"center center","background-size":"auto","background-attachment":"scroll","background-type":"","background-media":"","overlay-type":"","overlay-color":"","overlay-opacity":"","overlay-gradient":""}}},"product_brand":[],"product_cat":[39,53],"product_tag":[],"class_list":{"0":"post-2302","1":"product","2":"type-product","3":"status-publish","4":"has-post-thumbnail","6":"product_cat-crossbody-bag","7":"product_cat-mens-bag","8":"desktop-align-left","9":"tablet-align-left","10":"mobile-align-left","12":"first","13":"instock","14":"shipping-taxable","15":"product-type-simple"},"_links":{"self":[{"href":"https:\/\/baijiabags.com\/de\/wp-json\/wp\/v2\/product\/2302","targetHints":{"allow":["GET"]}}],"collection":[{"href":"https:\/\/baijiabags.com\/de\/wp-json\/wp\/v2\/product"}],"about":[{"href":"https:\/\/baijiabags.com\/de\/wp-json\/wp\/v2\/types\/product"}],"replies":[{"embeddable":true,"href":"https:\/\/baijiabags.com\/de\/wp-json\/wp\/v2\/comments?post=2302"}],"wp:featuredmedia":[{"embeddable":true,"href":"https:\/\/baijiabags.com\/de\/wp-json\/wp\/v2\/media\/2304"}],"wp:attachment":[{"href":"https:\/\/baijiabags.com\/de\/wp-json\/wp\/v2\/media?parent=2302"}],"wp:term":[{"taxonomy":"product_brand","embeddable":true,"href":"https:\/\/baijiabags.com\/de\/wp-json\/wp\/v2\/product_brand?post=2302"},{"taxonomy":"product_cat","embeddable":true,"href":"https:\/\/baijiabags.com\/de\/wp-json\/wp\/v2\/product_cat?post=2302"},{"taxonomy":"product_tag","embeddable":true,"href":"https:\/\/baijiabags.com\/de\/wp-json\/wp\/v2\/product_tag?post=2302"}],"curies":[{"name":"wp","href":"https:\/\/api.w.org\/{rel}","templated":true}]}}