{"id":2252,"date":"2025-09-23T07:27:58","date_gmt":"2025-09-23T07:27:58","guid":{"rendered":"https:\/\/baijiabags.com\/?post_type=product&#038;p=2252"},"modified":"2025-09-23T07:27:58","modified_gmt":"2025-09-23T07:27:58","slug":"wholesale-mens-genuine-leather-backpack-commuter-wide-strap-large-capacity-high-end-bag","status":"publish","type":"product","link":"https:\/\/baijiabags.com\/de\/produkt\/wholesale-mens-genuine-leather-backpack-commuter-wide-strap-large-capacity-high-end-bag\/","title":{"rendered":"Gro\u00dfhandel Herren echtes Leder Rucksack Pendler breiten Riemen gro\u00dfe Kapazit\u00e4t High-End-Tasche"},"content":{"rendered":"<h2 data-start=\"574\" data-end=\"591\">Wesentliche Merkmale<\/h2>\n<ol data-start=\"593\" data-end=\"1577\">\n<li data-start=\"593\" data-end=\"713\">\n<p data-start=\"596\" data-end=\"713\"><strong data-start=\"596\" data-end=\"623\">Premium-Echtleder<\/strong> - Hochwertiges Leder sorgt f\u00fcr Festigkeit, Verschlei\u00dffestigkeit und ein edles Aussehen.<\/p>\n<\/li>\n<li data-start=\"714\" data-end=\"840\">\n<p data-start=\"717\" data-end=\"840\"><strong data-start=\"717\" data-end=\"739\">Breite Gurtunterst\u00fctzung<\/strong> - Die breiten und geschwungenen Riemen verteilen das Gewicht gleichm\u00e4\u00dfig und sorgen f\u00fcr Komfort beim t\u00e4glichen Pendeln.<\/p>\n<\/li>\n<li data-start=\"841\" data-end=\"971\">\n<p data-start=\"844\" data-end=\"971\"><strong data-start=\"844\" data-end=\"871\">Gro\u00dfes Fassungsverm\u00f6gen (36-55L)<\/strong> - Der Rucksack bietet reichlich Platz f\u00fcr die wichtigsten Dinge f\u00fcr Beruf und Freizeit.<\/p>\n<\/li>\n<li data-start=\"972\" data-end=\"1081\">\n<p data-start=\"975\" data-end=\"1081\"><strong data-start=\"975\" data-end=\"997\">Laptop-Fach<\/strong> - Ger\u00e4te bis zu einer Gr\u00f6\u00dfe von 14 Zoll sind in dem daf\u00fcr vorgesehenen Fach sicher untergebracht.<\/p>\n<\/li>\n<li data-start=\"1082\" data-end=\"1179\">\n<p data-start=\"1085\" data-end=\"1179\"><strong data-start=\"1085\" data-end=\"1110\">Anpassbares Branding<\/strong> - Logos k\u00f6nnen auf Wunsch hinzugef\u00fcgt werden, um OEM- oder ODM-Anforderungen zu erf\u00fcllen.<\/p>\n<\/li>\n<li data-start=\"1180\" data-end=\"1303\">\n<p data-start=\"1183\" data-end=\"1303\"><strong data-start=\"1183\" data-end=\"1207\">Klassisches Retro-Design<\/strong> - Der zeitlose, europ\u00e4isch inspirierte Stil eignet sich sowohl f\u00fcr professionelle als auch f\u00fcr legere Umgebungen.<\/p>\n<\/li>\n<li data-start=\"1304\" data-end=\"1435\">\n<p data-start=\"1307\" data-end=\"1435\"><strong data-start=\"1307\" data-end=\"1339\">Langlebigkeit und Funktionalit\u00e4t<\/strong> - Die Lederoberfl\u00e4che ist verst\u00e4rkt, um Kratzern und Abnutzung vorzubeugen und die Lebensdauer des Produkts zu verl\u00e4ngern.<\/p>\n<\/li>\n<li data-start=\"1436\" data-end=\"1577\">\n<p data-start=\"1439\" data-end=\"1577\"><strong data-start=\"1439\" data-end=\"1462\">Verf\u00fcgbarkeit von Proben<\/strong> - Vor der Massenproduktion werden den Kunden Muster zum Testen angeboten, wobei die Mindestbestellmenge 300 St\u00fcck betr\u00e4gt.<\/p>\n<\/li>\n<\/ol>\n<h2 data-start=\"1579\" data-end=\"1598\">Spezifikationen<\/h2>\n<div class=\"_tableContainer_1rjym_1\">\n<div class=\"group _tableWrapper_1rjym_13 flex w-fit flex-col-reverse\" tabindex=\"-1\">\n<table class=\"w-fit min-w-(--thread-content-width)\" data-start=\"1600\" data-end=\"2678\">\n<thead data-start=\"1600\" data-end=\"1658\">\n<tr data-start=\"1600\" data-end=\"1658\">\n<th data-start=\"1600\" data-end=\"1626\" data-col-size=\"sm\"><strong data-start=\"1602\" data-end=\"1615\">Parameter<\/strong><\/th>\n<th data-start=\"1626\" data-end=\"1658\" data-col-size=\"sm\"><strong data-start=\"1628\" data-end=\"1643\">Beschreibung<\/strong><\/th>\n<\/tr>\n<\/thead>\n<tbody data-start=\"1719\" data-end=\"2678\">\n<tr data-start=\"1719\" data-end=\"1778\">\n<td data-start=\"1719\" data-end=\"1746\" data-col-size=\"sm\">Produktname<\/td>\n<td data-start=\"1746\" data-end=\"1778\" data-col-size=\"sm\">Rucksack<\/td>\n<\/tr>\n<tr data-start=\"1779\" data-end=\"1838\">\n<td data-start=\"1779\" data-end=\"1806\" data-col-size=\"sm\">Marke<\/td>\n<td data-start=\"1806\" data-end=\"1838\" data-col-size=\"sm\">RONEER<\/td>\n<\/tr>\n<tr data-start=\"1839\" data-end=\"1898\">\n<td data-start=\"1839\" data-end=\"1866\" data-col-size=\"sm\">Ort der Herkunft<\/td>\n<td data-start=\"1866\" data-end=\"1898\" data-col-size=\"sm\">Guangdong, China<\/td>\n<\/tr>\n<tr data-start=\"1899\" data-end=\"1958\">\n<td data-start=\"1899\" data-end=\"1926\" data-col-size=\"sm\">Material<\/td>\n<td data-start=\"1926\" data-end=\"1958\" data-col-size=\"sm\">Echtes Leder<\/td>\n<\/tr>\n<tr data-start=\"1959\" data-end=\"2018\">\n<td data-start=\"1959\" data-end=\"1986\" data-col-size=\"sm\">Farboptionen<\/td>\n<td data-start=\"1986\" data-end=\"2018\" data-col-size=\"sm\">Kaffee, Braun, Anpassbar<\/td>\n<\/tr>\n<tr data-start=\"2019\" data-end=\"2078\">\n<td data-start=\"2019\" data-end=\"2046\" data-col-size=\"sm\">Geschlecht<\/td>\n<td data-start=\"2046\" data-end=\"2078\" data-col-size=\"sm\">M\u00e4nnlich<\/td>\n<\/tr>\n<tr data-start=\"2079\" data-end=\"2138\">\n<td data-start=\"2079\" data-end=\"2106\" data-col-size=\"sm\">Kapazit\u00e4t<\/td>\n<td data-start=\"2106\" data-end=\"2138\" data-col-size=\"sm\">36-55L<\/td>\n<\/tr>\n<tr data-start=\"2139\" data-end=\"2198\">\n<td data-start=\"2139\" data-end=\"2166\" data-col-size=\"sm\">Laptop-Kompatibilit\u00e4t<\/td>\n<td data-start=\"2166\" data-end=\"2198\" data-col-size=\"sm\">Bis zu 14 Zoll<\/td>\n<\/tr>\n<tr data-start=\"2199\" data-end=\"2258\">\n<td data-start=\"2199\" data-end=\"2226\" data-col-size=\"sm\">Stil<\/td>\n<td data-start=\"2226\" data-end=\"2258\" data-col-size=\"sm\">Europ\u00e4isches Retro<\/td>\n<\/tr>\n<tr data-start=\"2259\" data-end=\"2318\">\n<td data-start=\"2259\" data-end=\"2286\" data-col-size=\"sm\">Gurtsystem<\/td>\n<td data-start=\"2286\" data-end=\"2318\" data-col-size=\"sm\">Gebogene breite Schulterriemen<\/td>\n<\/tr>\n<tr data-start=\"2319\" data-end=\"2378\">\n<td data-start=\"2319\" data-end=\"2346\" data-col-size=\"sm\">Muster<\/td>\n<td data-start=\"2346\" data-end=\"2378\" data-col-size=\"sm\">Einfarbig<\/td>\n<\/tr>\n<tr data-start=\"2379\" data-end=\"2438\">\n<td data-start=\"2379\" data-end=\"2406\" data-col-size=\"sm\">Logo<\/td>\n<td data-start=\"2406\" data-end=\"2438\" data-col-size=\"sm\">Anpassbar<\/td>\n<\/tr>\n<tr data-start=\"2439\" data-end=\"2498\">\n<td data-start=\"2439\" data-end=\"2466\" data-col-size=\"sm\">Funktion<\/td>\n<td data-start=\"2466\" data-end=\"2498\" data-col-size=\"sm\">Abriebfest<\/td>\n<\/tr>\n<tr data-start=\"2499\" data-end=\"2558\">\n<td data-start=\"2499\" data-end=\"2526\" data-col-size=\"sm\">Anwendungsbereich<\/td>\n<td data-start=\"2526\" data-end=\"2558\" data-col-size=\"sm\">B\u00fcro, T\u00e4glicher Gebrauch, Reisen<\/td>\n<\/tr>\n<tr data-start=\"2559\" data-end=\"2618\">\n<td data-start=\"2559\" data-end=\"2586\" data-col-size=\"sm\">MOQ<\/td>\n<td data-start=\"2586\" data-end=\"2618\" data-col-size=\"sm\">300 St\u00fcck<\/td>\n<\/tr>\n<tr data-start=\"2619\" data-end=\"2678\">\n<td data-start=\"2619\" data-end=\"2646\" data-col-size=\"sm\">Verf\u00fcgbarkeit von Proben<\/td>\n<td data-start=\"2646\" data-end=\"2678\" data-col-size=\"sm\">Ja<\/td>\n<\/tr>\n<\/tbody>\n<\/table>\n<\/div>\n<\/div>\n<h2 data-start=\"2680\" data-end=\"2696\">Anmeldung<\/h2>\n<ul data-start=\"2698\" data-end=\"2934\">\n<li data-start=\"2698\" data-end=\"2733\">\n<p data-start=\"2700\" data-end=\"2733\">Weit verbreitet im B\u00fcroalltag<\/p>\n<\/li>\n<li data-start=\"2734\" data-end=\"2788\">\n<p data-start=\"2736\" data-end=\"2788\">Wird bei Freizeitreisen und t\u00e4glichen Aktivit\u00e4ten getragen<\/p>\n<\/li>\n<li data-start=\"2789\" data-end=\"2852\">\n<p data-start=\"2791\" data-end=\"2852\">Geeignet f\u00fcr Studenten, Berufst\u00e4tige und stilbewusste M\u00e4nner<\/p>\n<\/li>\n<li data-start=\"2853\" data-end=\"2934\">\n<p data-start=\"2855\" data-end=\"2934\">Entwickelt f\u00fcr Kunden, die Wert auf Langlebigkeit in Kombination mit hochwertiger \u00c4sthetik legen<\/p>\n<\/li>\n<\/ul>\n<p data-start=\"2941\" data-end=\"3113\">Wenn Sie an diesem Rucksack interessiert sind, fordern Sie bitte Muster an. <strong data-start=\"3012\" data-end=\"3048\">ODM- und OEM-Dienste sind verf\u00fcgbar<\/strong> um individuelle Anforderungen in Bezug auf Branding, Gr\u00f6\u00dfe und Design zu erf\u00fcllen.<\/p>","protected":false},"excerpt":{"rendered":"<p>Die <strong data-start=\"191\" data-end=\"235\">Gro\u00dfhandel M\u00e4nner echtes Leder Backpack<\/strong> von <strong data-start=\"239\" data-end=\"249\">RONEER<\/strong> wurde aus hochwertigem Vollnarbenleder gefertigt, um Langlebigkeit und Raffinesse zu gew\u00e4hrleisten. Der pendlerfreundliche Rucksack verf\u00fcgt \u00fcber breite, ergonomische Riemen, ein gro\u00dfes Fassungsverm\u00f6gen und eine hochwertige \u00c4sthetik, die sich sowohl f\u00fcr die Arbeit als auch f\u00fcr Freizeitreisen eignet. Der Rucksack wurde im europ\u00e4ischen Retro-Stil gestaltet und ist in Kaffee- und Braunt\u00f6nen erh\u00e4ltlich, wobei die Farbe auf Anfrage angepasst werden kann.<\/p>","protected":false},"featured_media":2255,"comment_status":"open","ping_status":"closed","template":"","meta":{"site-sidebar-layout":"default","site-content-layout":"","ast-site-content-layout":"default","site-content-style":"default","site-sidebar-style":"default","ast-global-header-display":"","ast-banner-title-visibility":"","ast-main-header-display":"","ast-hfb-above-header-display":"","ast-hfb-below-header-display":"","ast-hfb-mobile-header-display":"","site-post-title":"","ast-breadcrumbs-content":"","ast-featured-img":"","footer-sml-layout":"","ast-disable-related-posts":"","theme-transparent-header-meta":"default","adv-header-id-meta":"","stick-header-meta":"","header-above-stick-meta":"","header-main-stick-meta":"","header-below-stick-meta":"","astra-migrate-meta-layouts":"set","ast-page-background-enabled":"default","ast-page-background-meta":{"desktop":{"background-color":"var(--ast-global-color-5)","background-image":"","background-repeat":"repeat","background-position":"center center","background-size":"auto","background-attachment":"scroll","background-type":"","background-media":"","overlay-type":"","overlay-color":"","overlay-opacity":"","overlay-gradient":""},"tablet":{"background-color":"","background-image":"","background-repeat":"repeat","background-position":"center center","background-size":"auto","background-attachment":"scroll","background-type":"","background-media":"","overlay-type":"","overlay-color":"","overlay-opacity":"","overlay-gradient":""},"mobile":{"background-color":"","background-image":"","background-repeat":"repeat","background-position":"center center","background-size":"auto","background-attachment":"scroll","background-type":"","background-media":"","overlay-type":"","overlay-color":"","overlay-opacity":"","overlay-gradient":""}},"ast-content-background-meta":{"desktop":{"background-color":"var(--ast-global-color-4)","background-image":"","background-repeat":"repeat","background-position":"center center","background-size":"auto","background-attachment":"scroll","background-type":"","background-media":"","overlay-type":"","overlay-color":"","overlay-opacity":"","overlay-gradient":""},"tablet":{"background-color":"var(--ast-global-color-4)","background-image":"","background-repeat":"repeat","background-position":"center center","background-size":"auto","background-attachment":"scroll","background-type":"","background-media":"","overlay-type":"","overlay-color":"","overlay-opacity":"","overlay-gradient":""},"mobile":{"background-color":"var(--ast-global-color-4)","background-image":"","background-repeat":"repeat","background-position":"center center","background-size":"auto","background-attachment":"scroll","background-type":"","background-media":"","overlay-type":"","overlay-color":"","overlay-opacity":"","overlay-gradient":""}}},"product_brand":[],"product_cat":[21],"product_tag":[],"class_list":{"0":"post-2252","1":"product","2":"type-product","3":"status-publish","4":"has-post-thumbnail","6":"product_cat-backpack","7":"desktop-align-left","8":"tablet-align-left","9":"mobile-align-left","11":"first","12":"instock","13":"shipping-taxable","14":"product-type-simple"},"_links":{"self":[{"href":"https:\/\/baijiabags.com\/de\/wp-json\/wp\/v2\/product\/2252","targetHints":{"allow":["GET"]}}],"collection":[{"href":"https:\/\/baijiabags.com\/de\/wp-json\/wp\/v2\/product"}],"about":[{"href":"https:\/\/baijiabags.com\/de\/wp-json\/wp\/v2\/types\/product"}],"replies":[{"embeddable":true,"href":"https:\/\/baijiabags.com\/de\/wp-json\/wp\/v2\/comments?post=2252"}],"wp:featuredmedia":[{"embeddable":true,"href":"https:\/\/baijiabags.com\/de\/wp-json\/wp\/v2\/media\/2255"}],"wp:attachment":[{"href":"https:\/\/baijiabags.com\/de\/wp-json\/wp\/v2\/media?parent=2252"}],"wp:term":[{"taxonomy":"product_brand","embeddable":true,"href":"https:\/\/baijiabags.com\/de\/wp-json\/wp\/v2\/product_brand?post=2252"},{"taxonomy":"product_cat","embeddable":true,"href":"https:\/\/baijiabags.com\/de\/wp-json\/wp\/v2\/product_cat?post=2252"},{"taxonomy":"product_tag","embeddable":true,"href":"https:\/\/baijiabags.com\/de\/wp-json\/wp\/v2\/product_tag?post=2252"}],"curies":[{"name":"wp","href":"https:\/\/api.w.org\/{rel}","templated":true}]}}