{"id":2225,"date":"2025-09-23T06:26:34","date_gmt":"2025-09-23T06:26:34","guid":{"rendered":"https:\/\/baijiabags.com\/?post_type=product&#038;p=2225"},"modified":"2025-11-01T01:24:32","modified_gmt":"2025-11-01T01:24:32","slug":"wholesale-mens-premium-leather-crossbody-bag-large-capacity-top-layer-cowhide-shoulder-bag","status":"publish","type":"product","link":"https:\/\/baijiabags.com\/de\/produkt\/wholesale-mens-premium-leather-crossbody-bag-large-capacity-top-layer-cowhide-shoulder-bag\/","title":{"rendered":"Gro\u00dfhandel Herren Premium Leder Crossbody Tasche gro\u00dfe Kapazit\u00e4t obere Schicht Rindsleder Umh\u00e4ngetasche"},"content":{"rendered":"<h2 data-start=\"995\" data-end=\"1012\">Wesentliche Merkmale<\/h2>\n<ol data-start=\"1014\" data-end=\"1855\">\n<li data-start=\"1014\" data-end=\"1126\">\n<p data-start=\"1017\" data-end=\"1126\"><strong data-start=\"1017\" data-end=\"1045\">Hochwertiges Rindsleder<\/strong> - Die oberste Schicht des Rindsleders wurde f\u00fcr verbesserte Haltbarkeit und Struktur verwendet.<\/p>\n<\/li>\n<li data-start=\"1127\" data-end=\"1234\">\n<p data-start=\"1130\" data-end=\"1234\"><strong data-start=\"1130\" data-end=\"1155\">Design mit gro\u00dfer Kapazit\u00e4t<\/strong> - Mehrere F\u00e4cher wurden eingerichtet, um pers\u00f6nliche Gegenst\u00e4nde sicher zu verstauen.<\/p>\n<\/li>\n<li data-start=\"1235\" data-end=\"1327\">\n<p data-start=\"1238\" data-end=\"1327\"><strong data-start=\"1238\" data-end=\"1262\">Europ\u00e4ischer Retro-Stil<\/strong> - Eine klassische \u00c4sthetik mit modernem Touch wurde hervorgehoben.<\/p>\n<\/li>\n<li data-start=\"1328\" data-end=\"1427\">\n<p data-start=\"1331\" data-end=\"1427\"><strong data-start=\"1331\" data-end=\"1355\">Verst\u00e4rkte N\u00e4hte<\/strong> - Die feinen N\u00e4hte sorgen f\u00fcr Festigkeit und optische Attraktivit\u00e4t.<\/p>\n<\/li>\n<li data-start=\"1428\" data-end=\"1532\">\n<p data-start=\"1431\" data-end=\"1532\"><strong data-start=\"1431\" data-end=\"1454\">Anpassbare Farben<\/strong> - Eine Reihe von Farboptionen steht f\u00fcr unterschiedliche Vorlieben zur Verf\u00fcgung.<\/p>\n<\/li>\n<li data-start=\"1533\" data-end=\"1642\">\n<p data-start=\"1536\" data-end=\"1642\"><strong data-start=\"1536\" data-end=\"1560\">Kompatibilit\u00e4t der Ger\u00e4te<\/strong> - Der Innenraum ist so konzipiert, dass ein 8-Zoll-Tablet oder -Ger\u00e4t hineinpasst.<\/p>\n<\/li>\n<li data-start=\"1643\" data-end=\"1748\">\n<p data-start=\"1646\" data-end=\"1748\"><strong data-start=\"1646\" data-end=\"1677\">Komfortabler Umh\u00e4ngeriemen<\/strong> - Ein verstellbarer Riemen ist integriert, um einen hohen Tragekomfort zu gew\u00e4hrleisten.<\/p>\n<\/li>\n<li data-start=\"1749\" data-end=\"1855\">\n<p data-start=\"1752\" data-end=\"1855\"><strong data-start=\"1752\" data-end=\"1773\">ODM- und OEM-Unterst\u00fctzung<\/strong> - Die Produktion ist flexibel und kann auf die Bed\u00fcrfnisse von Marken und Kunden abgestimmt werden.<\/p>\n<\/li>\n<\/ol>\n<h2 data-start=\"1862\" data-end=\"1881\">Spezifikationen<\/h2>\n<div class=\"_tableContainer_1rjym_1\">\n<div class=\"group _tableWrapper_1rjym_13 flex w-fit flex-col-reverse\" tabindex=\"-1\">\n<table class=\"w-fit min-w-(--thread-content-width)\" data-start=\"1883\" data-end=\"2938\">\n<thead data-start=\"1883\" data-end=\"1947\">\n<tr data-start=\"1883\" data-end=\"1947\">\n<th data-start=\"1883\" data-end=\"1910\" data-col-size=\"sm\"><strong data-start=\"1885\" data-end=\"1898\">Parameter<\/strong><\/th>\n<th data-start=\"1910\" data-end=\"1947\" data-col-size=\"sm\"><strong data-start=\"1912\" data-end=\"1923\">Einzelheiten<\/strong><\/th>\n<\/tr>\n<\/thead>\n<tbody data-start=\"2014\" data-end=\"2938\">\n<tr data-start=\"2014\" data-end=\"2079\">\n<td data-start=\"2014\" data-end=\"2042\" data-col-size=\"sm\">Produktname<\/td>\n<td data-start=\"2042\" data-end=\"2079\" data-col-size=\"sm\">Herren Crossbody Umh\u00e4ngetasche<\/td>\n<\/tr>\n<tr data-start=\"2080\" data-end=\"2145\">\n<td data-start=\"2080\" data-end=\"2108\" data-col-size=\"sm\">Marke<\/td>\n<td data-start=\"2108\" data-end=\"2145\" data-col-size=\"sm\">RONEER<\/td>\n<\/tr>\n<tr data-start=\"2146\" data-end=\"2211\">\n<td data-start=\"2146\" data-end=\"2174\" data-col-size=\"sm\">Ort der Herkunft<\/td>\n<td data-start=\"2174\" data-end=\"2211\" data-col-size=\"sm\">Guangdong, China<\/td>\n<\/tr>\n<tr data-start=\"2212\" data-end=\"2277\">\n<td data-start=\"2212\" data-end=\"2240\" data-col-size=\"sm\">Stil<\/td>\n<td data-start=\"2240\" data-end=\"2277\" data-col-size=\"sm\">Europ\u00e4isches Retro<\/td>\n<\/tr>\n<tr data-start=\"2278\" data-end=\"2343\">\n<td data-start=\"2278\" data-end=\"2306\" data-col-size=\"sm\">Material<\/td>\n<td data-start=\"2306\" data-end=\"2343\" data-col-size=\"sm\">Echtes Leder<\/td>\n<\/tr>\n<tr data-start=\"2344\" data-end=\"2409\">\n<td data-start=\"2344\" data-end=\"2372\" data-col-size=\"sm\">Merkmal Leder<\/td>\n<td data-start=\"2372\" data-end=\"2409\" data-col-size=\"sm\">Oberste Schicht Rindsleder<\/td>\n<\/tr>\n<tr data-start=\"2410\" data-end=\"2475\">\n<td data-start=\"2410\" data-end=\"2438\" data-col-size=\"sm\">Muster<\/td>\n<td data-start=\"2438\" data-end=\"2475\" data-col-size=\"sm\">Einfarbig<\/td>\n<\/tr>\n<tr data-start=\"2476\" data-end=\"2541\">\n<td data-start=\"2476\" data-end=\"2504\" data-col-size=\"sm\">Dekoratives Element<\/td>\n<td data-start=\"2504\" data-end=\"2541\" data-col-size=\"sm\">Linien n\u00e4hen<\/td>\n<\/tr>\n<tr data-start=\"2542\" data-end=\"2608\">\n<td data-start=\"2542\" data-end=\"2571\" data-col-size=\"sm\">Funktion<\/td>\n<td data-start=\"2571\" data-end=\"2608\" data-col-size=\"sm\">Abriebfest, langlebig<\/td>\n<\/tr>\n<tr data-start=\"2609\" data-end=\"2674\">\n<td data-start=\"2609\" data-end=\"2637\" data-col-size=\"sm\">Farbe<\/td>\n<td data-start=\"2637\" data-end=\"2674\" data-col-size=\"sm\">Anpassbar<\/td>\n<\/tr>\n<tr data-start=\"2675\" data-end=\"2740\">\n<td data-start=\"2675\" data-end=\"2703\" data-col-size=\"sm\">Kapazit\u00e4t<\/td>\n<td data-start=\"2703\" data-end=\"2740\" data-col-size=\"sm\">Geeignet f\u00fcr Ger\u00e4te bis zu 8 Zoll<\/td>\n<\/tr>\n<tr data-start=\"2741\" data-end=\"2806\">\n<td data-start=\"2741\" data-end=\"2769\" data-col-size=\"sm\">Geeignete Szenerie<\/td>\n<td data-start=\"2769\" data-end=\"2806\" data-col-size=\"sm\">T\u00e4glicher Gebrauch, Pendeln, Freizeit<\/td>\n<\/tr>\n<tr data-start=\"2807\" data-end=\"2872\">\n<td data-start=\"2807\" data-end=\"2835\" data-col-size=\"sm\">MOQ<\/td>\n<td data-start=\"2835\" data-end=\"2872\" data-col-size=\"sm\">300<\/td>\n<\/tr>\n<tr data-start=\"2873\" data-end=\"2938\">\n<td data-start=\"2873\" data-end=\"2901\" data-col-size=\"sm\">Verf\u00fcgbarkeit von Proben<\/td>\n<td data-start=\"2901\" data-end=\"2938\" data-col-size=\"sm\">Ja<\/td>\n<\/tr>\n<\/tbody>\n<\/table>\n<\/div>\n<\/div>\n<h2 data-start=\"2945\" data-end=\"2962\">Anwendungen<\/h2>\n<ul data-start=\"2964\" data-end=\"3424\">\n<li data-start=\"2964\" data-end=\"3050\">\n<p data-start=\"2966\" data-end=\"3050\">Die Tasche ist beantragt worden <strong data-start=\"2995\" data-end=\"3014\">t\u00e4gliches Pendeln<\/strong>und bietet Stil und Zweckm\u00e4\u00dfigkeit.<\/p>\n<\/li>\n<li data-start=\"3051\" data-end=\"3127\">\n<p data-start=\"3053\" data-end=\"3127\">Es wurde verwendet f\u00fcr <strong data-start=\"3074\" data-end=\"3093\">B\u00fcroeinstellungen<\/strong>, passend zur Business-Kleidung.<\/p>\n<\/li>\n<li data-start=\"3128\" data-end=\"3224\">\n<p data-start=\"3130\" data-end=\"3224\">Das Design wurde abgestimmt mit <strong data-start=\"3163\" data-end=\"3181\">legere Outfits<\/strong>und ist damit alltagstauglich.<\/p>\n<\/li>\n<li data-start=\"3225\" data-end=\"3313\">\n<p data-start=\"3227\" data-end=\"3313\">Seine kompakte und dennoch ger\u00e4umige Struktur wurde genutzt f\u00fcr <strong data-start=\"3284\" data-end=\"3310\">Reisen und leichte Ausfl\u00fcge<\/strong>.<\/p>\n<\/li>\n<li data-start=\"3314\" data-end=\"3424\">\n<p data-start=\"3316\" data-end=\"3424\">Als anpassbares Produkt wurde es von Marken f\u00fcr folgende Zwecke gew\u00e4hlt <strong data-start=\"3376\" data-end=\"3396\">pers\u00f6nliche Beschriftung<\/strong> unter ODM- und OEM-Diensten.<\/p>\n<\/li>\n<\/ul>\n<p data-start=\"3431\" data-end=\"3610\">Bei Interesse an dieser hochwertigen Crossbody-Tasche aus Leder k\u00f6nnen Muster angefordert werden. <strong data-start=\"3527\" data-end=\"3563\">ODM- und OEM-Dienste werden unterst\u00fctzt<\/strong> um den Anpassungsbedarf bei Gro\u00dfbestellungen zu decken.<\/p>","protected":false},"excerpt":{"rendered":"<p>Die <strong data-start=\"204\" data-end=\"253\">Gro\u00dfhandel M\u00e4nner Premium Leder Crossbody Tasche<\/strong> von <strong data-start=\"257\" data-end=\"267\">RONEER<\/strong> wurde als ger\u00e4umiges und stilvolles Accessoire entworfen. Die Tasche ist aus echtem, hochwertigem Rindsleder gefertigt und steht f\u00fcr Langlebigkeit und zeitlosen europ\u00e4ischen Retro-Stil. Das Material wurde sorgf\u00e4ltig ausgew\u00e4hlt, um Verschlei\u00dffestigkeit zu gew\u00e4hrleisten und eine weiche und dennoch robuste Textur zu bieten. Ein minimalistisches, reinfarbiges Finish mit verst\u00e4rkten N\u00e4hten unterstreicht die handwerkliche Qualit\u00e4t und die Langlebigkeit der Tasche.<\/p>","protected":false},"featured_media":2226,"comment_status":"open","ping_status":"closed","template":"","meta":{"site-sidebar-layout":"default","site-content-layout":"","ast-site-content-layout":"default","site-content-style":"default","site-sidebar-style":"default","ast-global-header-display":"","ast-banner-title-visibility":"","ast-main-header-display":"","ast-hfb-above-header-display":"","ast-hfb-below-header-display":"","ast-hfb-mobile-header-display":"","site-post-title":"","ast-breadcrumbs-content":"","ast-featured-img":"","footer-sml-layout":"","ast-disable-related-posts":"","theme-transparent-header-meta":"default","adv-header-id-meta":"","stick-header-meta":"","header-above-stick-meta":"","header-main-stick-meta":"","header-below-stick-meta":"","astra-migrate-meta-layouts":"set","ast-page-background-enabled":"default","ast-page-background-meta":{"desktop":{"background-color":"var(--ast-global-color-5)","background-image":"","background-repeat":"repeat","background-position":"center center","background-size":"auto","background-attachment":"scroll","background-type":"","background-media":"","overlay-type":"","overlay-color":"","overlay-opacity":"","overlay-gradient":""},"tablet":{"background-color":"","background-image":"","background-repeat":"repeat","background-position":"center center","background-size":"auto","background-attachment":"scroll","background-type":"","background-media":"","overlay-type":"","overlay-color":"","overlay-opacity":"","overlay-gradient":""},"mobile":{"background-color":"","background-image":"","background-repeat":"repeat","background-position":"center center","background-size":"auto","background-attachment":"scroll","background-type":"","background-media":"","overlay-type":"","overlay-color":"","overlay-opacity":"","overlay-gradient":""}},"ast-content-background-meta":{"desktop":{"background-color":"var(--ast-global-color-4)","background-image":"","background-repeat":"repeat","background-position":"center center","background-size":"auto","background-attachment":"scroll","background-type":"","background-media":"","overlay-type":"","overlay-color":"","overlay-opacity":"","overlay-gradient":""},"tablet":{"background-color":"var(--ast-global-color-4)","background-image":"","background-repeat":"repeat","background-position":"center center","background-size":"auto","background-attachment":"scroll","background-type":"","background-media":"","overlay-type":"","overlay-color":"","overlay-opacity":"","overlay-gradient":""},"mobile":{"background-color":"var(--ast-global-color-4)","background-image":"","background-repeat":"repeat","background-position":"center center","background-size":"auto","background-attachment":"scroll","background-type":"","background-media":"","overlay-type":"","overlay-color":"","overlay-opacity":"","overlay-gradient":""}}},"product_brand":[],"product_cat":[39,53],"product_tag":[],"class_list":{"0":"post-2225","1":"product","2":"type-product","3":"status-publish","4":"has-post-thumbnail","6":"product_cat-crossbody-bag","7":"product_cat-mens-bag","8":"desktop-align-left","9":"tablet-align-left","10":"mobile-align-left","12":"first","13":"instock","14":"shipping-taxable","15":"product-type-simple"},"_links":{"self":[{"href":"https:\/\/baijiabags.com\/de\/wp-json\/wp\/v2\/product\/2225","targetHints":{"allow":["GET"]}}],"collection":[{"href":"https:\/\/baijiabags.com\/de\/wp-json\/wp\/v2\/product"}],"about":[{"href":"https:\/\/baijiabags.com\/de\/wp-json\/wp\/v2\/types\/product"}],"replies":[{"embeddable":true,"href":"https:\/\/baijiabags.com\/de\/wp-json\/wp\/v2\/comments?post=2225"}],"wp:featuredmedia":[{"embeddable":true,"href":"https:\/\/baijiabags.com\/de\/wp-json\/wp\/v2\/media\/2226"}],"wp:attachment":[{"href":"https:\/\/baijiabags.com\/de\/wp-json\/wp\/v2\/media?parent=2225"}],"wp:term":[{"taxonomy":"product_brand","embeddable":true,"href":"https:\/\/baijiabags.com\/de\/wp-json\/wp\/v2\/product_brand?post=2225"},{"taxonomy":"product_cat","embeddable":true,"href":"https:\/\/baijiabags.com\/de\/wp-json\/wp\/v2\/product_cat?post=2225"},{"taxonomy":"product_tag","embeddable":true,"href":"https:\/\/baijiabags.com\/de\/wp-json\/wp\/v2\/product_tag?post=2225"}],"curies":[{"name":"wp","href":"https:\/\/api.w.org\/{rel}","templated":true}]}}