{"id":2218,"date":"2025-09-23T06:18:41","date_gmt":"2025-09-23T06:18:41","guid":{"rendered":"https:\/\/baijiabags.com\/?post_type=product&#038;p=2218"},"modified":"2025-11-01T01:24:32","modified_gmt":"2025-11-01T01:24:32","slug":"mens-top-layer-cowhide-leather-crossbody-shoulder-bag-premium-handbag-unique-design","status":"publish","type":"product","link":"https:\/\/baijiabags.com\/de\/produkt\/mens-top-layer-cowhide-leather-crossbody-shoulder-bag-premium-handbag-unique-design\/","title":{"rendered":"Herren Oberschicht Rindsleder Crossbody Umh\u00e4ngetasche Premium Handtasche Einzigartiges Design"},"content":{"rendered":"<h2 data-start=\"870\" data-end=\"887\">Wesentliche Merkmale<\/h2>\n<ol data-start=\"889\" data-end=\"1935\">\n<li data-start=\"889\" data-end=\"1016\">\n<p data-start=\"892\" data-end=\"1016\"><strong data-start=\"892\" data-end=\"919\">Premium-Rindsleder<\/strong> - Es wurde hochwertiges Rindsleder verwendet, das f\u00fcr Haltbarkeit, Struktur und ein luxuri\u00f6ses Gef\u00fchl sorgt.<\/p>\n<\/li>\n<li data-start=\"1017\" data-end=\"1171\">\n<p data-start=\"1020\" data-end=\"1171\"><strong data-start=\"1020\" data-end=\"1043\">Klassischer Retro-Stil<\/strong> - Ein europ\u00e4isch und amerikanisch inspiriertes Vintage-Design macht sie vielseitig einsetzbar, sowohl f\u00fcr Business- als auch f\u00fcr Freizeitoutfits.<\/p>\n<\/li>\n<li data-start=\"1172\" data-end=\"1307\">\n<p data-start=\"1175\" data-end=\"1307\"><strong data-start=\"1175\" data-end=\"1196\">Langlebige N\u00e4hte<\/strong> - Die dekorativen, aber robusten N\u00e4hte wurden verst\u00e4rkt, um die Handwerkskunst zu unterstreichen und die Langlebigkeit zu erh\u00f6hen.<\/p>\n<\/li>\n<li data-start=\"1308\" data-end=\"1428\">\n<p data-start=\"1311\" data-end=\"1428\"><strong data-start=\"1311\" data-end=\"1334\">Mehrfarbige Optionen<\/strong> - Es gibt Kaffee-, Braun- und dunkle Kaffeet\u00f6ne, die zu verschiedenen pers\u00f6nlichen Stilen passen.<\/p>\n<\/li>\n<li data-start=\"1429\" data-end=\"1573\">\n<p data-start=\"1432\" data-end=\"1573\"><strong data-start=\"1432\" data-end=\"1462\">Funktionelle Innenauskleidung<\/strong> - Das Innenfutter besteht aus Polyester-Baumwolle und sorgt f\u00fcr ein weiches, atmungsaktives und sch\u00fctzendes Innenleben.<\/p>\n<\/li>\n<li data-start=\"1574\" data-end=\"1696\">\n<p data-start=\"1577\" data-end=\"1696\"><strong data-start=\"1577\" data-end=\"1601\">Kompatibilit\u00e4t der Ger\u00e4te<\/strong> - Ger\u00e4te bis zu 13 Zoll, wie Tablets und kleine Laptops, k\u00f6nnen problemlos untergebracht werden.<\/p>\n<\/li>\n<li data-start=\"1697\" data-end=\"1814\">\n<p data-start=\"1700\" data-end=\"1814\"><strong data-start=\"1700\" data-end=\"1725\">Verschlei\u00dffestes Finish<\/strong> - Die Widerstandsf\u00e4higkeit gegen\u00fcber t\u00e4glicher Abnutzung ist gew\u00e4hrleistet, so dass sie auch bei langfristiger Nutzung zuverl\u00e4ssig ist.<\/p>\n<\/li>\n<li data-start=\"1815\" data-end=\"1935\">\n<p data-start=\"1818\" data-end=\"1935\"><strong data-start=\"1818\" data-end=\"1843\">Flexible Anwendungen<\/strong> - Die Tasche wurde f\u00fcr den Einsatz im B\u00fcro, f\u00fcr zwanglose Ausfl\u00fcge oder f\u00fcr Reisen konzipiert.<\/p>\n<\/li>\n<\/ol>\n<h2 data-start=\"1942\" data-end=\"1961\">Spezifikationen<\/h2>\n<div class=\"_tableContainer_1rjym_1\">\n<div class=\"group _tableWrapper_1rjym_13 flex w-fit flex-col-reverse\" tabindex=\"-1\">\n<table class=\"w-fit min-w-(--thread-content-width)\" data-start=\"1963\" data-end=\"3081\">\n<thead data-start=\"1963\" data-end=\"2031\">\n<tr data-start=\"1963\" data-end=\"2031\">\n<th data-start=\"1963\" data-end=\"1989\" data-col-size=\"sm\"><strong data-start=\"1965\" data-end=\"1982\">Spezifikation<\/strong><\/th>\n<th data-start=\"1989\" data-end=\"2031\" data-col-size=\"sm\"><strong data-start=\"1991\" data-end=\"2002\">Einzelheiten<\/strong><\/th>\n<\/tr>\n<\/thead>\n<tbody data-start=\"2102\" data-end=\"3081\">\n<tr data-start=\"2102\" data-end=\"2171\">\n<td data-start=\"2102\" data-end=\"2129\" data-col-size=\"sm\">Produktname<\/td>\n<td data-start=\"2129\" data-end=\"2171\" data-col-size=\"sm\">Herren Crossbody Umh\u00e4ngetasche<\/td>\n<\/tr>\n<tr data-start=\"2172\" data-end=\"2241\">\n<td data-start=\"2172\" data-end=\"2199\" data-col-size=\"sm\">Marke<\/td>\n<td data-start=\"2199\" data-end=\"2241\" data-col-size=\"sm\">RONEER<\/td>\n<\/tr>\n<tr data-start=\"2242\" data-end=\"2311\">\n<td data-start=\"2242\" data-end=\"2269\" data-col-size=\"sm\">Herkunft<\/td>\n<td data-start=\"2269\" data-end=\"2311\" data-col-size=\"sm\">Guangdong, China<\/td>\n<\/tr>\n<tr data-start=\"2312\" data-end=\"2381\">\n<td data-start=\"2312\" data-end=\"2339\" data-col-size=\"sm\">Stil<\/td>\n<td data-start=\"2339\" data-end=\"2381\" data-col-size=\"sm\">Europ\u00e4isches und amerikanisches Retro<\/td>\n<\/tr>\n<tr data-start=\"2382\" data-end=\"2451\">\n<td data-start=\"2382\" data-end=\"2409\" data-col-size=\"sm\">Material<\/td>\n<td data-start=\"2409\" data-end=\"2451\" data-col-size=\"sm\">Oberste Schicht aus echtem Rindsleder<\/td>\n<\/tr>\n<tr data-start=\"2452\" data-end=\"2521\">\n<td data-start=\"2452\" data-end=\"2479\" data-col-size=\"sm\">Material der Auskleidung<\/td>\n<td data-start=\"2479\" data-end=\"2521\" data-col-size=\"sm\">Polyester-Baumwolle<\/td>\n<\/tr>\n<tr data-start=\"2522\" data-end=\"2591\">\n<td data-start=\"2522\" data-end=\"2549\" data-col-size=\"sm\">Farboptionen<\/td>\n<td data-start=\"2549\" data-end=\"2591\" data-col-size=\"sm\">Kaffee, Braun, Dunkler Kaffee<\/td>\n<\/tr>\n<tr data-start=\"2592\" data-end=\"2661\">\n<td data-start=\"2592\" data-end=\"2619\" data-col-size=\"sm\">Muster<\/td>\n<td data-start=\"2619\" data-end=\"2661\" data-col-size=\"sm\">Einfarbig<\/td>\n<\/tr>\n<tr data-start=\"2662\" data-end=\"2731\">\n<td data-start=\"2662\" data-end=\"2689\" data-col-size=\"sm\">Dekorative Elemente<\/td>\n<td data-start=\"2689\" data-end=\"2731\" data-col-size=\"sm\">N\u00e4hen<\/td>\n<\/tr>\n<tr data-start=\"2732\" data-end=\"2801\">\n<td data-start=\"2732\" data-end=\"2759\" data-col-size=\"sm\">Kompatible Ger\u00e4tegr\u00f6\u00dfe<\/td>\n<td data-start=\"2759\" data-end=\"2801\" data-col-size=\"sm\">Bis zu 13 Zoll<\/td>\n<\/tr>\n<tr data-start=\"2802\" data-end=\"2871\">\n<td data-start=\"2802\" data-end=\"2829\" data-col-size=\"sm\">Anwendungsszenarien<\/td>\n<td data-start=\"2829\" data-end=\"2871\" data-col-size=\"sm\">B\u00fcro, T\u00e4glicher Gebrauch, Pendeln<\/td>\n<\/tr>\n<tr data-start=\"2872\" data-end=\"2941\">\n<td data-start=\"2872\" data-end=\"2899\" data-col-size=\"sm\">Eigenschaften<\/td>\n<td data-start=\"2899\" data-end=\"2941\" data-col-size=\"sm\">Strapazierf\u00e4hig, langlebig, stilvoll<\/td>\n<\/tr>\n<tr data-start=\"2942\" data-end=\"3011\">\n<td data-start=\"2942\" data-end=\"2969\" data-col-size=\"sm\">MOQ<\/td>\n<td data-start=\"2969\" data-end=\"3011\" data-col-size=\"sm\">300 St\u00fcck<\/td>\n<\/tr>\n<tr data-start=\"3012\" data-end=\"3081\">\n<td data-start=\"3012\" data-end=\"3039\" data-col-size=\"sm\">Verf\u00fcgbarkeit von Proben<\/td>\n<td data-start=\"3039\" data-end=\"3081\" data-col-size=\"sm\">Ja, Muster werden mitgeliefert<\/td>\n<\/tr>\n<\/tbody>\n<\/table>\n<\/div>\n<\/div>\n<h2 data-start=\"3088\" data-end=\"3105\">Anwendungen<\/h2>\n<ul data-start=\"3107\" data-end=\"3635\">\n<li data-start=\"3107\" data-end=\"3270\">\n<p data-start=\"3109\" data-end=\"3270\"><strong data-start=\"3109\" data-end=\"3123\">B\u00fcrogebrauch<\/strong> - Die Tasche ist so konzipiert, dass sie sich f\u00fcr den Transport von Dokumenten, kleinen Laptops und Tablets eignet und somit auch f\u00fcr den professionellen Einsatz geeignet ist.<\/p>\n<\/li>\n<li data-start=\"3271\" data-end=\"3395\">\n<p data-start=\"3273\" data-end=\"3395\"><strong data-start=\"3273\" data-end=\"3292\">T\u00e4gliches Pendeln<\/strong> - Die leichte, aber dennoch robuste Konstruktion sorgt f\u00fcr Komfort im Alltag.<\/p>\n<\/li>\n<li data-start=\"3396\" data-end=\"3516\">\n<p data-start=\"3398\" data-end=\"3516\"><strong data-start=\"3398\" data-end=\"3416\">Freizeitausfl\u00fcge<\/strong> - Ein raffinierter Lederlook wurde gew\u00e4hlt, um eine Reihe von l\u00e4ssigen und halb-formellen Styles zu erg\u00e4nzen.<\/p>\n<\/li>\n<li data-start=\"3517\" data-end=\"3635\">\n<p data-start=\"3519\" data-end=\"3635\"><strong data-start=\"3519\" data-end=\"3529\">Reisen<\/strong> - Der kompakte und dennoch ger\u00e4umige Stauraum erm\u00f6glicht es, wichtige Gegenst\u00e4nde sicher zu transportieren.<\/p>\n<\/li>\n<\/ul>\n<p data-start=\"3642\" data-end=\"3847\">Wenn Sie sich f\u00fcr dieses Thema interessieren <strong data-start=\"3672\" data-end=\"3737\">RONEER Men's Top Layer Cowhide Leder Crossbody Umh\u00e4ngetasche<\/strong>Bitte kontaktieren Sie uns, um Muster anzufordern. <strong data-start=\"3777\" data-end=\"3813\">ODM- und OEM-Dienste sind verf\u00fcgbar<\/strong> zur Unterst\u00fctzung Ihrer gesch\u00e4ftlichen Anforderungen.<\/p>","protected":false},"excerpt":{"rendered":"<p>Die <strong data-start=\"261\" data-end=\"319\">Herren Crossbody-Umh\u00e4ngetasche aus Rindsleder, oberste Schicht<\/strong> von <strong data-start=\"323\" data-end=\"333\">RONEER<\/strong> wurde mit hochwertigen Materialien und einem zeitlosen Design gefertigt. Ein raffinierter retro-europ\u00e4ischer und amerikanischer Stil wurde mit einer robusten Konstruktion kombiniert, die sicherstellt, dass die Tasche sowohl modisch als auch praktisch gesch\u00e4tzt werden kann. Die Tasche wurde aus echtem, hochwertigem Rindsleder gefertigt und mit sorgf\u00e4ltigen N\u00e4hten versehen, um ihren klassischen Charakter zu unterstreichen. Die Tasche wurde f\u00fcr das t\u00e4gliche Pendeln, das legere Styling und gesch\u00e4ftliche Anl\u00e4sse entwickelt und bietet zuverl\u00e4ssige Leistung in Bezug auf Funktion und Haltbarkeit.<\/p>","protected":false},"featured_media":2219,"comment_status":"open","ping_status":"closed","template":"","meta":{"site-sidebar-layout":"default","site-content-layout":"","ast-site-content-layout":"default","site-content-style":"default","site-sidebar-style":"default","ast-global-header-display":"","ast-banner-title-visibility":"","ast-main-header-display":"","ast-hfb-above-header-display":"","ast-hfb-below-header-display":"","ast-hfb-mobile-header-display":"","site-post-title":"","ast-breadcrumbs-content":"","ast-featured-img":"","footer-sml-layout":"","ast-disable-related-posts":"","theme-transparent-header-meta":"default","adv-header-id-meta":"","stick-header-meta":"","header-above-stick-meta":"","header-main-stick-meta":"","header-below-stick-meta":"","astra-migrate-meta-layouts":"set","ast-page-background-enabled":"default","ast-page-background-meta":{"desktop":{"background-color":"var(--ast-global-color-5)","background-image":"","background-repeat":"repeat","background-position":"center center","background-size":"auto","background-attachment":"scroll","background-type":"","background-media":"","overlay-type":"","overlay-color":"","overlay-opacity":"","overlay-gradient":""},"tablet":{"background-color":"","background-image":"","background-repeat":"repeat","background-position":"center center","background-size":"auto","background-attachment":"scroll","background-type":"","background-media":"","overlay-type":"","overlay-color":"","overlay-opacity":"","overlay-gradient":""},"mobile":{"background-color":"","background-image":"","background-repeat":"repeat","background-position":"center center","background-size":"auto","background-attachment":"scroll","background-type":"","background-media":"","overlay-type":"","overlay-color":"","overlay-opacity":"","overlay-gradient":""}},"ast-content-background-meta":{"desktop":{"background-color":"var(--ast-global-color-4)","background-image":"","background-repeat":"repeat","background-position":"center center","background-size":"auto","background-attachment":"scroll","background-type":"","background-media":"","overlay-type":"","overlay-color":"","overlay-opacity":"","overlay-gradient":""},"tablet":{"background-color":"var(--ast-global-color-4)","background-image":"","background-repeat":"repeat","background-position":"center center","background-size":"auto","background-attachment":"scroll","background-type":"","background-media":"","overlay-type":"","overlay-color":"","overlay-opacity":"","overlay-gradient":""},"mobile":{"background-color":"var(--ast-global-color-4)","background-image":"","background-repeat":"repeat","background-position":"center center","background-size":"auto","background-attachment":"scroll","background-type":"","background-media":"","overlay-type":"","overlay-color":"","overlay-opacity":"","overlay-gradient":""}}},"product_brand":[],"product_cat":[39,53],"product_tag":[],"class_list":{"0":"post-2218","1":"product","2":"type-product","3":"status-publish","4":"has-post-thumbnail","6":"product_cat-crossbody-bag","7":"product_cat-mens-bag","8":"desktop-align-left","9":"tablet-align-left","10":"mobile-align-left","12":"first","13":"instock","14":"shipping-taxable","15":"product-type-simple"},"_links":{"self":[{"href":"https:\/\/baijiabags.com\/de\/wp-json\/wp\/v2\/product\/2218","targetHints":{"allow":["GET"]}}],"collection":[{"href":"https:\/\/baijiabags.com\/de\/wp-json\/wp\/v2\/product"}],"about":[{"href":"https:\/\/baijiabags.com\/de\/wp-json\/wp\/v2\/types\/product"}],"replies":[{"embeddable":true,"href":"https:\/\/baijiabags.com\/de\/wp-json\/wp\/v2\/comments?post=2218"}],"wp:featuredmedia":[{"embeddable":true,"href":"https:\/\/baijiabags.com\/de\/wp-json\/wp\/v2\/media\/2219"}],"wp:attachment":[{"href":"https:\/\/baijiabags.com\/de\/wp-json\/wp\/v2\/media?parent=2218"}],"wp:term":[{"taxonomy":"product_brand","embeddable":true,"href":"https:\/\/baijiabags.com\/de\/wp-json\/wp\/v2\/product_brand?post=2218"},{"taxonomy":"product_cat","embeddable":true,"href":"https:\/\/baijiabags.com\/de\/wp-json\/wp\/v2\/product_cat?post=2218"},{"taxonomy":"product_tag","embeddable":true,"href":"https:\/\/baijiabags.com\/de\/wp-json\/wp\/v2\/product_tag?post=2218"}],"curies":[{"name":"wp","href":"https:\/\/api.w.org\/{rel}","templated":true}]}}