{"id":2133,"date":"2025-09-23T01:47:21","date_gmt":"2025-09-23T01:47:21","guid":{"rendered":"https:\/\/baijiabags.com\/?post_type=product&#038;p=2133"},"modified":"2025-11-01T01:24:32","modified_gmt":"2025-11-01T01:24:32","slug":"factory-direct-mens-business-casual-leather-shoulder-crossbody-bag-large-capacity-clutch","status":"publish","type":"product","link":"https:\/\/baijiabags.com\/de\/produkt\/factory-direct-mens-business-casual-leather-shoulder-crossbody-bag-large-capacity-clutch\/","title":{"rendered":"Factory Direct Mens Business Casual Leder Schulter Crossbody Tasche gro\u00dfe Kapazit\u00e4t Kupplung"},"content":{"rendered":"<h2 data-start=\"765\" data-end=\"782\">Wesentliche Merkmale<\/h2>\n<ol data-start=\"784\" data-end=\"1745\">\n<li data-start=\"784\" data-end=\"890\">\n<p data-start=\"787\" data-end=\"890\"><strong data-start=\"787\" data-end=\"815\">Strapazierf\u00e4higes Ledermaterial<\/strong> - Die Verwendung von echtem Leder sorgt f\u00fcr dauerhafte Festigkeit und Verschlei\u00dffestigkeit.<\/p>\n<\/li>\n<li data-start=\"891\" data-end=\"1016\">\n<p data-start=\"894\" data-end=\"1016\"><strong data-start=\"894\" data-end=\"915\">Ger\u00e4umige Kapazit\u00e4t<\/strong> - Das gro\u00dfe Fach bietet Platz f\u00fcr alle wichtigen Dinge, einschlie\u00dflich eines 8-Zoll-Tablets oder eines kleinen Laptops.<\/p>\n<\/li>\n<li data-start=\"1017\" data-end=\"1139\">\n<p data-start=\"1020\" data-end=\"1139\"><strong data-start=\"1020\" data-end=\"1047\">Business Casual Styling<\/strong> - Die europ\u00e4ische und amerikanische Retro-\u00c4sthetik erh\u00f6ht die Vielseitigkeit f\u00fcr B\u00fcro und Freizeit.<\/p>\n<\/li>\n<li data-start=\"1140\" data-end=\"1255\">\n<p data-start=\"1143\" data-end=\"1255\"><strong data-start=\"1143\" data-end=\"1167\">Anpassbare Optionen<\/strong> - Logodruck und Farbanpassung werden f\u00fcr Branding und Personalisierung angeboten.<\/p>\n<\/li>\n<li data-start=\"1256\" data-end=\"1373\">\n<p data-start=\"1259\" data-end=\"1373\"><strong data-start=\"1259\" data-end=\"1283\">Bequemes Tragen<\/strong> - Ein mitgelieferter Schultergurt sorgt f\u00fcr eine bequeme Handhabung und eine gleichm\u00e4\u00dfige Gewichtsverteilung.<\/p>\n<\/li>\n<li data-start=\"1374\" data-end=\"1487\">\n<p data-start=\"1377\" data-end=\"1487\"><strong data-start=\"1377\" data-end=\"1401\">Multifunktionaler Einsatz<\/strong> - Geeignet f\u00fcr Arbeit, Reisen und t\u00e4gliche Aktivit\u00e4ten mit praktischen Aufbewahrungsl\u00f6sungen.<\/p>\n<\/li>\n<li data-start=\"1488\" data-end=\"1605\">\n<p data-start=\"1491\" data-end=\"1605\"><strong data-start=\"1491\" data-end=\"1522\">Kratz- und Abriebfestigkeit<\/strong> - Die verbesserte Langlebigkeit gew\u00e4hrleistet einen zuverl\u00e4ssigen Einsatz \u00fcber einen l\u00e4ngeren Zeitraum in einer gesch\u00e4ftigen Umgebung.<\/p>\n<\/li>\n<li data-start=\"1606\" data-end=\"1745\">\n<p data-start=\"1609\" data-end=\"1745\"><strong data-start=\"1609\" data-end=\"1634\">Fabrikdirektlieferung<\/strong> - Sie werden direkt von der Quelle in Guangdong, China, angeboten, was eine gleichbleibende Qualit\u00e4t und wettbewerbsf\u00e4hige Preise gew\u00e4hrleistet.<\/p>\n<\/li>\n<\/ol>\n<p><img fetchpriority=\"high\" decoding=\"async\" class=\"aligncenter wp-image-2138\" src=\"https:\/\/baijiabags.com\/wp-content\/uploads\/2025\/09\/1-5-15-300x300.png\" alt=\"Factory Direct Mens Business Casual Leather Shoulder Crossbody Bag Large Capacity Clutch\" width=\"800\" height=\"800\" srcset=\"https:\/\/baijiabags.com\/wp-content\/uploads\/2025\/09\/1-5-15-300x300.png 300w, https:\/\/baijiabags.com\/wp-content\/uploads\/2025\/09\/1-5-15-1024x1024.png 1024w, https:\/\/baijiabags.com\/wp-content\/uploads\/2025\/09\/1-5-15-150x150.png 150w, https:\/\/baijiabags.com\/wp-content\/uploads\/2025\/09\/1-5-15-768x768.png 768w, https:\/\/baijiabags.com\/wp-content\/uploads\/2025\/09\/1-5-15-1536x1536.png 1536w, https:\/\/baijiabags.com\/wp-content\/uploads\/2025\/09\/1-5-15-12x12.png 12w, https:\/\/baijiabags.com\/wp-content\/uploads\/2025\/09\/1-5-15-600x600.png 600w, https:\/\/baijiabags.com\/wp-content\/uploads\/2025\/09\/1-5-15-100x100.png 100w, https:\/\/baijiabags.com\/wp-content\/uploads\/2025\/09\/1-5-15.png 1600w\" sizes=\"(max-width: 800px) 100vw, 800px\" \/><\/p>\n<h2 data-start=\"1752\" data-end=\"1771\">Spezifikationen<\/h2>\n<div class=\"_tableContainer_1rjym_1\">\n<div class=\"group _tableWrapper_1rjym_13 flex w-fit flex-col-reverse\" tabindex=\"-1\">\n<table class=\"w-fit min-w-(--thread-content-width)\" data-start=\"1773\" data-end=\"2677\">\n<thead data-start=\"1773\" data-end=\"1832\">\n<tr data-start=\"1773\" data-end=\"1832\">\n<th data-start=\"1773\" data-end=\"1799\" data-col-size=\"sm\"><strong data-start=\"1775\" data-end=\"1788\">Parameter<\/strong><\/th>\n<th data-start=\"1799\" data-end=\"1832\" data-col-size=\"sm\"><strong data-start=\"1801\" data-end=\"1812\">Einzelheiten<\/strong><\/th>\n<\/tr>\n<\/thead>\n<tbody data-start=\"1894\" data-end=\"2677\">\n<tr data-start=\"1894\" data-end=\"1957\">\n<td data-start=\"1894\" data-end=\"1921\" data-col-size=\"sm\">Produktname<\/td>\n<td data-start=\"1921\" data-end=\"1957\" data-col-size=\"sm\">Leder Schulter Umh\u00e4ngetasche<\/td>\n<\/tr>\n<tr data-start=\"1958\" data-end=\"2017\">\n<td data-start=\"1958\" data-end=\"1985\" data-col-size=\"sm\">Marke<\/td>\n<td data-start=\"1985\" data-end=\"2017\" data-col-size=\"sm\">RONEER<\/td>\n<\/tr>\n<tr data-start=\"2018\" data-end=\"2077\">\n<td data-start=\"2018\" data-end=\"2045\" data-col-size=\"sm\">Herkunft<\/td>\n<td data-start=\"2045\" data-end=\"2077\" data-col-size=\"sm\">Guangdong, China<\/td>\n<\/tr>\n<tr data-start=\"2078\" data-end=\"2137\">\n<td data-start=\"2078\" data-end=\"2105\" data-col-size=\"sm\">Stil<\/td>\n<td data-start=\"2105\" data-end=\"2137\" data-col-size=\"sm\">Europ\u00e4isches und amerikanisches Retro<\/td>\n<\/tr>\n<tr data-start=\"2138\" data-end=\"2197\">\n<td data-start=\"2138\" data-end=\"2165\" data-col-size=\"sm\">Material<\/td>\n<td data-start=\"2165\" data-end=\"2197\" data-col-size=\"sm\">Echtes Leder<\/td>\n<\/tr>\n<tr data-start=\"2198\" data-end=\"2257\">\n<td data-start=\"2198\" data-end=\"2225\" data-col-size=\"sm\">Funktion<\/td>\n<td data-start=\"2225\" data-end=\"2257\" data-col-size=\"sm\">Abriebfest<\/td>\n<\/tr>\n<tr data-start=\"2258\" data-end=\"2317\">\n<td data-start=\"2258\" data-end=\"2285\" data-col-size=\"sm\">Muster<\/td>\n<td data-start=\"2285\" data-end=\"2317\" data-col-size=\"sm\">Einfarbig<\/td>\n<\/tr>\n<tr data-start=\"2318\" data-end=\"2377\">\n<td data-start=\"2318\" data-end=\"2345\" data-col-size=\"sm\">Farbe<\/td>\n<td data-start=\"2345\" data-end=\"2377\" data-col-size=\"sm\">Anpassbar<\/td>\n<\/tr>\n<tr data-start=\"2378\" data-end=\"2437\">\n<td data-start=\"2378\" data-end=\"2405\" data-col-size=\"sm\">Auskleidung<\/td>\n<td data-start=\"2405\" data-end=\"2437\" data-col-size=\"sm\">Polyester-Baumwoll-Gemisch<\/td>\n<\/tr>\n<tr data-start=\"2438\" data-end=\"2497\">\n<td data-start=\"2438\" data-end=\"2465\" data-col-size=\"sm\">Anwendbares Szenario<\/td>\n<td data-start=\"2465\" data-end=\"2497\" data-col-size=\"sm\">Tagesoutfit, Arbeit, Reisen<\/td>\n<\/tr>\n<tr data-start=\"2498\" data-end=\"2557\">\n<td data-start=\"2498\" data-end=\"2525\" data-col-size=\"sm\">Laptop\/Tablet Kapazit\u00e4t<\/td>\n<td data-start=\"2525\" data-end=\"2557\" data-col-size=\"sm\">Bis zu 8 Zoll<\/td>\n<\/tr>\n<tr data-start=\"2558\" data-end=\"2617\">\n<td data-start=\"2558\" data-end=\"2585\" data-col-size=\"sm\">Logo<\/td>\n<td data-start=\"2585\" data-end=\"2617\" data-col-size=\"sm\">Anpassbar<\/td>\n<\/tr>\n<tr data-start=\"2618\" data-end=\"2677\">\n<td data-start=\"2618\" data-end=\"2645\" data-col-size=\"sm\">MOQ<\/td>\n<td data-start=\"2645\" data-end=\"2677\" data-col-size=\"sm\">300 St\u00fcck<\/td>\n<\/tr>\n<\/tbody>\n<\/table>\n<\/div>\n<\/div>\n<hr data-start=\"2679\" data-end=\"2682\" \/>\n<h2 data-start=\"2684\" data-end=\"2701\">Anwendungen<\/h2>\n<ul data-start=\"2703\" data-end=\"3121\">\n<li data-start=\"2703\" data-end=\"2783\">\n<p data-start=\"2705\" data-end=\"2783\">Ideal f\u00fcr <strong data-start=\"2715\" data-end=\"2739\">B\u00fcrofachkr\u00e4fte<\/strong> die eine stilvolle und dennoch funktionelle Tasche ben\u00f6tigen.<\/p>\n<\/li>\n<li data-start=\"2784\" data-end=\"2868\">\n<p data-start=\"2786\" data-end=\"2868\">Praktisch f\u00fcr <strong data-start=\"2801\" data-end=\"2814\">t\u00e4gliche Nutzung<\/strong>und bietet zuverl\u00e4ssigen Stauraum f\u00fcr die wichtigsten pers\u00f6nlichen Dinge.<\/p>\n<\/li>\n<li data-start=\"2869\" data-end=\"2948\">\n<p data-start=\"2871\" data-end=\"2948\">Empfohlen f\u00fcr <strong data-start=\"2887\" data-end=\"2900\">Pendler<\/strong> die eine robuste Tasche mit kompaktem Fassungsverm\u00f6gen ben\u00f6tigen.<\/p>\n<\/li>\n<li data-start=\"2949\" data-end=\"3037\">\n<p data-start=\"2951\" data-end=\"3037\">Geeignet f\u00fcr <strong data-start=\"2964\" data-end=\"2983\">Gesch\u00e4ftsreisen<\/strong>, um Dokumente und kleine elektronische Ger\u00e4te zu organisieren.<\/p>\n<\/li>\n<li data-start=\"3038\" data-end=\"3121\">\n<p data-start=\"3040\" data-end=\"3121\">Wirksam f\u00fcr <strong data-start=\"3054\" data-end=\"3074\">zwanglose Anl\u00e4sse<\/strong>und passt gut zu modernen oder Retro-Outfits.<\/p>\n<\/li>\n<\/ul>\n<p data-start=\"3128\" data-end=\"3285\">Wenn Sie an dieser Crossbody-Tasche aus Leder interessiert sind, kontaktieren Sie uns bitte f\u00fcr Muster. <strong data-start=\"3212\" data-end=\"3234\">ODM- und OEM-Dienstleistungen<\/strong> sind verf\u00fcgbar, um die besonderen Anforderungen Ihrer Marke zu erf\u00fcllen.<\/p>","protected":false},"excerpt":{"rendered":"<p>Die <strong data-start=\"241\" data-end=\"312\">Factory Direct Herren Business Casual Leder Schulter Umh\u00e4ngetasche<\/strong> wird vorgestellt von <strong data-start=\"329\" data-end=\"339\">RONEER<\/strong> als raffiniertes Accessoire f\u00fcr Beruf und Alltag. Die aus strapazierf\u00e4higem Echtleder gefertigte Tasche ist in einem zeitlosen europ\u00e4ischen und amerikanischen Retro-Stil gehalten. Eine integrierte Struktur mit gro\u00dfem Fassungsverm\u00f6gen sorgt f\u00fcr Bequemlichkeit, w\u00e4hrend die glatte Oberfl\u00e4che den hochwertigen Look unterstreicht. Die Tasche ist in Farbe und Logo anpassbar und eignet sich f\u00fcr eine Vielzahl von pers\u00f6nlichen oder gesch\u00e4ftlichen Anforderungen an das Branding.<\/p>","protected":false},"featured_media":2136,"comment_status":"open","ping_status":"closed","template":"","meta":{"site-sidebar-layout":"default","site-content-layout":"","ast-site-content-layout":"default","site-content-style":"default","site-sidebar-style":"default","ast-global-header-display":"","ast-banner-title-visibility":"","ast-main-header-display":"","ast-hfb-above-header-display":"","ast-hfb-below-header-display":"","ast-hfb-mobile-header-display":"","site-post-title":"","ast-breadcrumbs-content":"","ast-featured-img":"","footer-sml-layout":"","ast-disable-related-posts":"","theme-transparent-header-meta":"default","adv-header-id-meta":"","stick-header-meta":"","header-above-stick-meta":"","header-main-stick-meta":"","header-below-stick-meta":"","astra-migrate-meta-layouts":"set","ast-page-background-enabled":"default","ast-page-background-meta":{"desktop":{"background-color":"var(--ast-global-color-5)","background-image":"","background-repeat":"repeat","background-position":"center center","background-size":"auto","background-attachment":"scroll","background-type":"","background-media":"","overlay-type":"","overlay-color":"","overlay-opacity":"","overlay-gradient":""},"tablet":{"background-color":"","background-image":"","background-repeat":"repeat","background-position":"center center","background-size":"auto","background-attachment":"scroll","background-type":"","background-media":"","overlay-type":"","overlay-color":"","overlay-opacity":"","overlay-gradient":""},"mobile":{"background-color":"","background-image":"","background-repeat":"repeat","background-position":"center center","background-size":"auto","background-attachment":"scroll","background-type":"","background-media":"","overlay-type":"","overlay-color":"","overlay-opacity":"","overlay-gradient":""}},"ast-content-background-meta":{"desktop":{"background-color":"var(--ast-global-color-4)","background-image":"","background-repeat":"repeat","background-position":"center center","background-size":"auto","background-attachment":"scroll","background-type":"","background-media":"","overlay-type":"","overlay-color":"","overlay-opacity":"","overlay-gradient":""},"tablet":{"background-color":"var(--ast-global-color-4)","background-image":"","background-repeat":"repeat","background-position":"center center","background-size":"auto","background-attachment":"scroll","background-type":"","background-media":"","overlay-type":"","overlay-color":"","overlay-opacity":"","overlay-gradient":""},"mobile":{"background-color":"var(--ast-global-color-4)","background-image":"","background-repeat":"repeat","background-position":"center center","background-size":"auto","background-attachment":"scroll","background-type":"","background-media":"","overlay-type":"","overlay-color":"","overlay-opacity":"","overlay-gradient":""}}},"product_brand":[],"product_cat":[39,53],"product_tag":[],"class_list":{"0":"post-2133","1":"product","2":"type-product","3":"status-publish","4":"has-post-thumbnail","6":"product_cat-crossbody-bag","7":"product_cat-mens-bag","8":"desktop-align-left","9":"tablet-align-left","10":"mobile-align-left","12":"first","13":"instock","14":"shipping-taxable","15":"product-type-simple"},"_links":{"self":[{"href":"https:\/\/baijiabags.com\/de\/wp-json\/wp\/v2\/product\/2133","targetHints":{"allow":["GET"]}}],"collection":[{"href":"https:\/\/baijiabags.com\/de\/wp-json\/wp\/v2\/product"}],"about":[{"href":"https:\/\/baijiabags.com\/de\/wp-json\/wp\/v2\/types\/product"}],"replies":[{"embeddable":true,"href":"https:\/\/baijiabags.com\/de\/wp-json\/wp\/v2\/comments?post=2133"}],"wp:featuredmedia":[{"embeddable":true,"href":"https:\/\/baijiabags.com\/de\/wp-json\/wp\/v2\/media\/2136"}],"wp:attachment":[{"href":"https:\/\/baijiabags.com\/de\/wp-json\/wp\/v2\/media?parent=2133"}],"wp:term":[{"taxonomy":"product_brand","embeddable":true,"href":"https:\/\/baijiabags.com\/de\/wp-json\/wp\/v2\/product_brand?post=2133"},{"taxonomy":"product_cat","embeddable":true,"href":"https:\/\/baijiabags.com\/de\/wp-json\/wp\/v2\/product_cat?post=2133"},{"taxonomy":"product_tag","embeddable":true,"href":"https:\/\/baijiabags.com\/de\/wp-json\/wp\/v2\/product_tag?post=2133"}],"curies":[{"name":"wp","href":"https:\/\/api.w.org\/{rel}","templated":true}]}}