{"id":2126,"date":"2025-09-22T09:42:41","date_gmt":"2025-09-22T09:42:41","guid":{"rendered":"https:\/\/baijiabags.com\/?post_type=product&#038;p=2126"},"modified":"2025-09-23T01:26:03","modified_gmt":"2025-09-23T01:26:03","slug":"factory-wholesale-mens-business-casual-waterproof-backpack-slim-durable-laptop-school-bag","status":"publish","type":"product","link":"https:\/\/baijiabags.com\/de\/produkt\/factory-wholesale-mens-business-casual-waterproof-backpack-slim-durable-laptop-school-bag\/","title":{"rendered":"Fabrik Gro\u00dfhandel Herren Business Casual wasserdicht Rucksack schlank langlebig Laptop Schultasche"},"content":{"rendered":"<h2 data-start=\"1035\" data-end=\"1051\">Wesentliche Merkmale<\/h2>\n<ol data-start=\"1052\" data-end=\"1786\">\n<li data-start=\"1052\" data-end=\"1146\">\n<p data-start=\"1055\" data-end=\"1146\"><strong data-start=\"1055\" data-end=\"1075\">Langlebiges Material<\/strong> - Hergestellt aus hochwertigem Oxford-Gewebe, das widerstandsf\u00e4hig gegen Abnutzung und Verschlei\u00df ist.<\/p>\n<\/li>\n<li data-start=\"1147\" data-end=\"1239\">\n<p data-start=\"1150\" data-end=\"1239\"><strong data-start=\"1150\" data-end=\"1176\">Wasserdichtes Design<\/strong> - Sch\u00fctzt Hab und Gut vor Wassersch\u00e4den bei Regenwetter.<\/p>\n<\/li>\n<li data-start=\"1240\" data-end=\"1320\">\n<p data-start=\"1243\" data-end=\"1320\"><strong data-start=\"1243\" data-end=\"1267\">Schlank und leicht<\/strong> - Beh\u00e4lt ein schlankes Profil bei, ohne sperrig zu wirken.<\/p>\n<\/li>\n<li data-start=\"1321\" data-end=\"1410\">\n<p data-start=\"1324\" data-end=\"1410\"><strong data-start=\"1324\" data-end=\"1342\">Gro\u00dfe Kapazit\u00e4t<\/strong> - Fasst Laptops, Notebooks und andere B\u00fcroutensilien (20-35 l).<\/p>\n<\/li>\n<li data-start=\"1411\" data-end=\"1494\">\n<p data-start=\"1414\" data-end=\"1494\"><strong data-start=\"1414\" data-end=\"1435\">Anpassbares Logo<\/strong> - Bietet Branding-Optionen f\u00fcr Unternehmen und Privatpersonen.<\/p>\n<\/li>\n<li data-start=\"1495\" data-end=\"1586\">\n<p data-start=\"1498\" data-end=\"1586\"><strong data-start=\"1498\" data-end=\"1518\">Ergonomische Gurte<\/strong> - Verstellbare Schultergurte verringern den Druck und verbessern den Komfort.<\/p>\n<\/li>\n<li data-start=\"1587\" data-end=\"1688\">\n<p data-start=\"1590\" data-end=\"1688\"><strong data-start=\"1590\" data-end=\"1615\">Mehrere F\u00e4cher<\/strong> - Organisierte Abteilungen f\u00fcr Laptops, Tablets, Dokumente und Zubeh\u00f6r.<\/p>\n<\/li>\n<li data-start=\"1689\" data-end=\"1786\">\n<p data-start=\"1692\" data-end=\"1786\"><strong data-start=\"1692\" data-end=\"1709\">Vielseitiger Einsatz<\/strong> - Perfekt f\u00fcr die Arbeit, den B\u00fcroalltag, t\u00e4gliche Besorgungen und leichte Reisen.<\/p>\n<\/li>\n<\/ol>\n<h2 data-start=\"1788\" data-end=\"1806\">Spezifikationen<\/h2>\n<div class=\"_tableContainer_1rjym_1\">\n<div class=\"group _tableWrapper_1rjym_13 flex w-fit flex-col-reverse\" tabindex=\"-1\">\n<table class=\"w-fit min-w-(--thread-content-width)\" data-start=\"1808\" data-end=\"2613\">\n<thead data-start=\"1808\" data-end=\"1869\">\n<tr data-start=\"1808\" data-end=\"1869\">\n<th data-start=\"1808\" data-end=\"1832\" data-col-size=\"sm\">Parameter<\/th>\n<th data-start=\"1832\" data-end=\"1869\" data-col-size=\"sm\">Beschreibung<\/th>\n<\/tr>\n<\/thead>\n<tbody data-start=\"1931\" data-end=\"2613\">\n<tr data-start=\"1931\" data-end=\"1992\">\n<td data-start=\"1931\" data-end=\"1955\" data-col-size=\"sm\">Produktname<\/td>\n<td data-start=\"1955\" data-end=\"1992\" data-col-size=\"sm\">Rucksack<\/td>\n<\/tr>\n<tr data-start=\"1993\" data-end=\"2054\">\n<td data-start=\"1993\" data-end=\"2017\" data-col-size=\"sm\">Marke<\/td>\n<td data-start=\"2017\" data-end=\"2054\" data-col-size=\"sm\">RONEER<\/td>\n<\/tr>\n<tr data-start=\"2055\" data-end=\"2116\">\n<td data-start=\"2055\" data-end=\"2079\" data-col-size=\"sm\">Herkunft<\/td>\n<td data-start=\"2079\" data-end=\"2116\" data-col-size=\"sm\">Guangdong, China<\/td>\n<\/tr>\n<tr data-start=\"2117\" data-end=\"2178\">\n<td data-start=\"2117\" data-end=\"2141\" data-col-size=\"sm\">Farbe<\/td>\n<td data-start=\"2141\" data-end=\"2178\" data-col-size=\"sm\">Schwarz<\/td>\n<\/tr>\n<tr data-start=\"2179\" data-end=\"2240\">\n<td data-start=\"2179\" data-end=\"2203\" data-col-size=\"sm\">Geeignetes Geschlecht<\/td>\n<td data-start=\"2203\" data-end=\"2240\" data-col-size=\"sm\">M\u00e4nnlich<\/td>\n<\/tr>\n<tr data-start=\"2241\" data-end=\"2302\">\n<td data-start=\"2241\" data-end=\"2265\" data-col-size=\"sm\">Material<\/td>\n<td data-start=\"2265\" data-end=\"2302\" data-col-size=\"sm\">Oxford-Gewebe<\/td>\n<\/tr>\n<tr data-start=\"2303\" data-end=\"2364\">\n<td data-start=\"2303\" data-end=\"2327\" data-col-size=\"sm\">Stil<\/td>\n<td data-start=\"2327\" data-end=\"2364\" data-col-size=\"sm\">Business Casual<\/td>\n<\/tr>\n<tr data-start=\"2365\" data-end=\"2426\">\n<td data-start=\"2365\" data-end=\"2389\" data-col-size=\"sm\">Kapazit\u00e4t<\/td>\n<td data-start=\"2389\" data-end=\"2426\" data-col-size=\"sm\">20-35L<\/td>\n<\/tr>\n<tr data-start=\"2427\" data-end=\"2488\">\n<td data-start=\"2427\" data-end=\"2451\" data-col-size=\"sm\">Funktion<\/td>\n<td data-start=\"2451\" data-end=\"2488\" data-col-size=\"sm\">Wasserdicht<\/td>\n<\/tr>\n<tr data-start=\"2489\" data-end=\"2550\">\n<td data-start=\"2489\" data-end=\"2513\" data-col-size=\"sm\">Logo<\/td>\n<td data-start=\"2513\" data-end=\"2550\" data-col-size=\"sm\">Anpassbar<\/td>\n<\/tr>\n<tr data-start=\"2551\" data-end=\"2613\">\n<td data-start=\"2551\" data-end=\"2575\" data-col-size=\"sm\">Mindestbestellmenge<\/td>\n<td data-start=\"2575\" data-end=\"2613\" data-col-size=\"sm\">300<\/td>\n<\/tr>\n<\/tbody>\n<\/table>\n<\/div>\n<\/div>\n<h2 data-start=\"2615\" data-end=\"2631\">Anwendungen<\/h2>\n<ul data-start=\"2632\" data-end=\"2923\">\n<li data-start=\"2632\" data-end=\"2713\">\n<p data-start=\"2634\" data-end=\"2713\"><strong data-start=\"2634\" data-end=\"2653\">Gesch\u00e4ftsreisen<\/strong>: Praktisch f\u00fcr den Transport von Laptops, Tablets und Dokumenten.<\/p>\n<\/li>\n<li data-start=\"2714\" data-end=\"2774\">\n<p data-start=\"2716\" data-end=\"2774\"><strong data-start=\"2716\" data-end=\"2734\">B\u00fcro-Pendeln<\/strong>: Stilvoll und praktisch f\u00fcr den t\u00e4glichen Gebrauch.<\/p>\n<\/li>\n<li data-start=\"2775\" data-end=\"2847\">\n<p data-start=\"2777\" data-end=\"2847\"><strong data-start=\"2777\" data-end=\"2791\">Das t\u00e4gliche Leben<\/strong>: Ideal f\u00fcr zwanglose Ausfl\u00fcge, Eink\u00e4ufe oder leichte Reisen.<\/p>\n<\/li>\n<li data-start=\"2848\" data-end=\"2923\">\n<p data-start=\"2850\" data-end=\"2923\"><strong data-start=\"2850\" data-end=\"2871\">Schule oder Hochschule<\/strong>: Schlank und ger\u00e4umig genug f\u00fcr B\u00fccher und Zubeh\u00f6r.<\/p>\n<\/li>\n<\/ul>\n<p data-start=\"2925\" data-end=\"3115\">Wenn Sie an diesem Rucksack interessiert sind, kontaktieren Sie uns bitte, um Muster zu erhalten. <strong data-start=\"3002\" data-end=\"3024\">ODM- und OEM-Dienstleistungen<\/strong> sind verf\u00fcgbar und erm\u00f6glichen eine individuelle Anpassung an Ihr Branding und Ihre funktionalen Anforderungen.<\/p>","protected":false},"excerpt":{"rendered":"<p>Die <strong data-start=\"211\" data-end=\"252\">RONEER Herren Business Casual Rucksack<\/strong> wurde entwickelt, um Stil, Funktionalit\u00e4t und Haltbarkeit f\u00fcr den t\u00e4glichen professionellen Einsatz zu vereinen. Gefertigt aus <strong data-start=\"351\" data-end=\"371\">Guangdong, China<\/strong>Dieser Rucksack bietet ein anspruchsvolles Erscheinungsbild, das sich f\u00fcr Gesch\u00e4ftsreisen, den B\u00fcroalltag oder den t\u00e4glichen Gebrauch eignet. Hergestellt aus hochwertigem <strong data-start=\"508\" data-end=\"525\">Oxford-Gewebe<\/strong>Es gew\u00e4hrleistet eine lang anhaltende Leistung bei gleichzeitig leichtem und schlankem Profil.<\/p>","protected":false},"featured_media":2127,"comment_status":"open","ping_status":"closed","template":"","meta":{"site-sidebar-layout":"default","site-content-layout":"","ast-site-content-layout":"default","site-content-style":"default","site-sidebar-style":"default","ast-global-header-display":"","ast-banner-title-visibility":"","ast-main-header-display":"","ast-hfb-above-header-display":"","ast-hfb-below-header-display":"","ast-hfb-mobile-header-display":"","site-post-title":"","ast-breadcrumbs-content":"","ast-featured-img":"","footer-sml-layout":"","ast-disable-related-posts":"","theme-transparent-header-meta":"default","adv-header-id-meta":"","stick-header-meta":"","header-above-stick-meta":"","header-main-stick-meta":"","header-below-stick-meta":"","astra-migrate-meta-layouts":"set","ast-page-background-enabled":"default","ast-page-background-meta":{"desktop":{"background-color":"var(--ast-global-color-5)","background-image":"","background-repeat":"repeat","background-position":"center center","background-size":"auto","background-attachment":"scroll","background-type":"","background-media":"","overlay-type":"","overlay-color":"","overlay-opacity":"","overlay-gradient":""},"tablet":{"background-color":"","background-image":"","background-repeat":"repeat","background-position":"center center","background-size":"auto","background-attachment":"scroll","background-type":"","background-media":"","overlay-type":"","overlay-color":"","overlay-opacity":"","overlay-gradient":""},"mobile":{"background-color":"","background-image":"","background-repeat":"repeat","background-position":"center center","background-size":"auto","background-attachment":"scroll","background-type":"","background-media":"","overlay-type":"","overlay-color":"","overlay-opacity":"","overlay-gradient":""}},"ast-content-background-meta":{"desktop":{"background-color":"var(--ast-global-color-4)","background-image":"","background-repeat":"repeat","background-position":"center center","background-size":"auto","background-attachment":"scroll","background-type":"","background-media":"","overlay-type":"","overlay-color":"","overlay-opacity":"","overlay-gradient":""},"tablet":{"background-color":"var(--ast-global-color-4)","background-image":"","background-repeat":"repeat","background-position":"center center","background-size":"auto","background-attachment":"scroll","background-type":"","background-media":"","overlay-type":"","overlay-color":"","overlay-opacity":"","overlay-gradient":""},"mobile":{"background-color":"var(--ast-global-color-4)","background-image":"","background-repeat":"repeat","background-position":"center center","background-size":"auto","background-attachment":"scroll","background-type":"","background-media":"","overlay-type":"","overlay-color":"","overlay-opacity":"","overlay-gradient":""}}},"product_brand":[],"product_cat":[21],"product_tag":[],"class_list":{"0":"post-2126","1":"product","2":"type-product","3":"status-publish","4":"has-post-thumbnail","6":"product_cat-backpack","7":"desktop-align-left","8":"tablet-align-left","9":"mobile-align-left","11":"first","12":"instock","13":"shipping-taxable","14":"product-type-simple"},"_links":{"self":[{"href":"https:\/\/baijiabags.com\/de\/wp-json\/wp\/v2\/product\/2126","targetHints":{"allow":["GET"]}}],"collection":[{"href":"https:\/\/baijiabags.com\/de\/wp-json\/wp\/v2\/product"}],"about":[{"href":"https:\/\/baijiabags.com\/de\/wp-json\/wp\/v2\/types\/product"}],"replies":[{"embeddable":true,"href":"https:\/\/baijiabags.com\/de\/wp-json\/wp\/v2\/comments?post=2126"}],"wp:featuredmedia":[{"embeddable":true,"href":"https:\/\/baijiabags.com\/de\/wp-json\/wp\/v2\/media\/2127"}],"wp:attachment":[{"href":"https:\/\/baijiabags.com\/de\/wp-json\/wp\/v2\/media?parent=2126"}],"wp:term":[{"taxonomy":"product_brand","embeddable":true,"href":"https:\/\/baijiabags.com\/de\/wp-json\/wp\/v2\/product_brand?post=2126"},{"taxonomy":"product_cat","embeddable":true,"href":"https:\/\/baijiabags.com\/de\/wp-json\/wp\/v2\/product_cat?post=2126"},{"taxonomy":"product_tag","embeddable":true,"href":"https:\/\/baijiabags.com\/de\/wp-json\/wp\/v2\/product_tag?post=2126"}],"curies":[{"name":"wp","href":"https:\/\/api.w.org\/{rel}","templated":true}]}}