{"id":2119,"date":"2025-09-22T09:24:15","date_gmt":"2025-09-22T09:24:15","guid":{"rendered":"https:\/\/baijiabags.com\/?post_type=product&#038;p=2119"},"modified":"2025-09-22T09:24:15","modified_gmt":"2025-09-22T09:24:15","slug":"mens-outdoor-travel-backpack-waterproof-16-inch-laptop-bag-large-capacity-school-bag","status":"publish","type":"product","link":"https:\/\/baijiabags.com\/de\/produkt\/mens-outdoor-travel-backpack-waterproof-16-inch-laptop-bag-large-capacity-school-bag\/","title":{"rendered":"Herren Outdoor Travel Backpack Waterproof 16 Inch Laptop Bag Large Capacity School Bag"},"content":{"rendered":"<h2 data-start=\"744\" data-end=\"759\">Wesentliche Merkmale<\/h2>\n<ol data-start=\"761\" data-end=\"1950\">\n<li data-start=\"761\" data-end=\"938\">\n<p data-start=\"764\" data-end=\"938\"><strong data-start=\"764\" data-end=\"789\">Wasserdichter Schutz<\/strong> - Die Au\u00dfenseite ist aus wasserabweisendem Oxford-Gewebe gefertigt, um die Sachen bei Reisen im Freien oder unerwarteten Wetterbedingungen zu sch\u00fctzen.<\/p>\n<\/li>\n<li data-start=\"939\" data-end=\"1099\">\n<p data-start=\"942\" data-end=\"1099\"><strong data-start=\"942\" data-end=\"960\">Gro\u00dfe Kapazit\u00e4t<\/strong> - Mit einem Fassungsverm\u00f6gen von 20 bis 35 Litern ist der Rucksack so ausgestattet, dass er Laptops, B\u00fccher, Kleidung und Reiseutensilien aufnehmen kann.<\/p>\n<\/li>\n<li data-start=\"1100\" data-end=\"1220\">\n<p data-start=\"1103\" data-end=\"1220\"><strong data-start=\"1103\" data-end=\"1133\">16-Zoll-Laptop-Fach<\/strong> - Ein gepolstertes Fach wurde integriert, um Laptops bis zu 16 Zoll sicher zu befestigen.<\/p>\n<\/li>\n<li data-start=\"1221\" data-end=\"1359\">\n<p data-start=\"1224\" data-end=\"1359\"><strong data-start=\"1224\" data-end=\"1244\">Langlebiges Material<\/strong> - Zur Verst\u00e4rkung des Innenraums wurde hochwertiges Polyesterfutter verwendet, das die Haltbarkeit und Verschlei\u00dffestigkeit erh\u00f6ht.<\/p>\n<\/li>\n<li data-start=\"1360\" data-end=\"1494\">\n<p data-start=\"1363\" data-end=\"1494\"><strong data-start=\"1363\" data-end=\"1383\">Ergonomisches Design<\/strong> - Die luftgepolsterten Schultergurte sorgen f\u00fcr Komfort und verringern die Belastung bei l\u00e4ngerem Gebrauch.<\/p>\n<\/li>\n<li data-start=\"1495\" data-end=\"1648\">\n<p data-start=\"1498\" data-end=\"1648\"><strong data-start=\"1498\" data-end=\"1519\">Anpassbares Logo<\/strong> - Der Rucksack wurde so konzipiert, dass er mit dem eigenen Logo versehen werden kann, wodurch er sich f\u00fcr Corporate Branding oder personalisierte Geschenke eignet.<\/p>\n<\/li>\n<li data-start=\"1649\" data-end=\"1794\">\n<p data-start=\"1652\" data-end=\"1794\"><strong data-start=\"1652\" data-end=\"1681\">Business- und Reisestil<\/strong> - Das minimalistische Design und die glatten Linien sind sowohl f\u00fcr Pendler als auch f\u00fcr Gesch\u00e4ftsreisende geeignet.<\/p>\n<\/li>\n<li data-start=\"1795\" data-end=\"1950\">\n<p data-start=\"1798\" data-end=\"1950\"><strong data-start=\"1798\" data-end=\"1827\">Vielseitige Aufbewahrungstaschen<\/strong> - Mehrere F\u00e4cher erleichtern die Aufbewahrung von kleinen Accessoires, Dokumenten und pers\u00f6nlichen Gegenst\u00e4nden.<\/p>\n<\/li>\n<\/ol>\n<h2 data-start=\"1952\" data-end=\"1969\">Spezifikationen<\/h2>\n<div class=\"_tableContainer_1rjym_1\">\n<div class=\"group _tableWrapper_1rjym_13 flex w-fit flex-col-reverse\" tabindex=\"-1\">\n<table class=\"w-fit min-w-(--thread-content-width)\" data-start=\"1971\" data-end=\"2433\">\n<thead data-start=\"1971\" data-end=\"1994\">\n<tr data-start=\"1971\" data-end=\"1994\">\n<th data-start=\"1971\" data-end=\"1983\" data-col-size=\"sm\">Parameter<\/th>\n<th data-start=\"1983\" data-end=\"1994\" data-col-size=\"sm\">Einzelheiten<\/th>\n<\/tr>\n<\/thead>\n<tbody data-start=\"2019\" data-end=\"2433\">\n<tr data-start=\"2019\" data-end=\"2046\">\n<td data-start=\"2019\" data-end=\"2034\" data-col-size=\"sm\">Produktname<\/td>\n<td data-start=\"2034\" data-end=\"2046\" data-col-size=\"sm\">Rucksack<\/td>\n<\/tr>\n<tr data-start=\"2047\" data-end=\"2065\">\n<td data-start=\"2047\" data-end=\"2055\" data-col-size=\"sm\">Marke<\/td>\n<td data-start=\"2055\" data-end=\"2065\" data-col-size=\"sm\">RONEER<\/td>\n<\/tr>\n<tr data-start=\"2066\" data-end=\"2095\">\n<td data-start=\"2066\" data-end=\"2075\" data-col-size=\"sm\">Herkunft<\/td>\n<td data-start=\"2075\" data-end=\"2095\" data-col-size=\"sm\">Guangdong, China<\/td>\n<\/tr>\n<tr data-start=\"2096\" data-end=\"2113\">\n<td data-start=\"2096\" data-end=\"2104\" data-col-size=\"sm\">Farbe<\/td>\n<td data-start=\"2104\" data-end=\"2113\" data-col-size=\"sm\">Schwarz<\/td>\n<\/tr>\n<tr data-start=\"2114\" data-end=\"2130\">\n<td data-start=\"2114\" data-end=\"2123\" data-col-size=\"sm\">Geschlecht<\/td>\n<td data-start=\"2123\" data-end=\"2130\" data-col-size=\"sm\">M\u00e4nner<\/td>\n<\/tr>\n<tr data-start=\"2131\" data-end=\"2159\">\n<td data-start=\"2131\" data-end=\"2142\" data-col-size=\"sm\">Material<\/td>\n<td data-start=\"2142\" data-end=\"2159\" data-col-size=\"sm\">Oxford-Gewebe<\/td>\n<\/tr>\n<tr data-start=\"2160\" data-end=\"2191\">\n<td data-start=\"2160\" data-end=\"2178\" data-col-size=\"sm\">Material der Auskleidung<\/td>\n<td data-start=\"2178\" data-end=\"2191\" data-col-size=\"sm\">Polyester<\/td>\n<\/tr>\n<tr data-start=\"2192\" data-end=\"2222\">\n<td data-start=\"2192\" data-end=\"2200\" data-col-size=\"sm\">Stil<\/td>\n<td data-start=\"2200\" data-end=\"2222\" data-col-size=\"sm\">Gesch\u00e4ftspendeln<\/td>\n<\/tr>\n<tr data-start=\"2223\" data-end=\"2244\">\n<td data-start=\"2223\" data-end=\"2234\" data-col-size=\"sm\">Kapazit\u00e4t<\/td>\n<td data-start=\"2234\" data-end=\"2244\" data-col-size=\"sm\">20-35L<\/td>\n<\/tr>\n<tr data-start=\"2245\" data-end=\"2272\">\n<td data-start=\"2245\" data-end=\"2259\" data-col-size=\"sm\">Laptop Gr\u00f6\u00dfe<\/td>\n<td data-start=\"2259\" data-end=\"2272\" data-col-size=\"sm\">16 Zoll<\/td>\n<\/tr>\n<tr data-start=\"2273\" data-end=\"2298\">\n<td data-start=\"2273\" data-end=\"2284\" data-col-size=\"sm\">Funktion<\/td>\n<td data-start=\"2284\" data-end=\"2298\" data-col-size=\"sm\">Wasserdicht<\/td>\n<\/tr>\n<tr data-start=\"2299\" data-end=\"2350\">\n<td data-start=\"2299\" data-end=\"2317\" data-col-size=\"sm\">Tragesystem<\/td>\n<td data-start=\"2317\" data-end=\"2350\" data-col-size=\"sm\">Luftgepolsterte Schultergurte<\/td>\n<\/tr>\n<tr data-start=\"2351\" data-end=\"2376\">\n<td data-start=\"2351\" data-end=\"2361\" data-col-size=\"sm\">Muster<\/td>\n<td data-start=\"2361\" data-end=\"2376\" data-col-size=\"sm\">Einfarbig<\/td>\n<\/tr>\n<tr data-start=\"2377\" data-end=\"2400\">\n<td data-start=\"2377\" data-end=\"2384\" data-col-size=\"sm\">Logo<\/td>\n<td data-start=\"2384\" data-end=\"2400\" data-col-size=\"sm\">Anpassbar<\/td>\n<\/tr>\n<tr data-start=\"2401\" data-end=\"2433\">\n<td data-start=\"2401\" data-end=\"2426\" data-col-size=\"sm\">Mindestbestellmenge<\/td>\n<td data-start=\"2426\" data-end=\"2433\" data-col-size=\"sm\">300<\/td>\n<\/tr>\n<\/tbody>\n<\/table>\n<\/div>\n<\/div>\n<h2 data-start=\"2435\" data-end=\"2450\">Anwendungen<\/h2>\n<ul data-start=\"2452\" data-end=\"2638\">\n<li data-start=\"2452\" data-end=\"2481\">\n<p data-start=\"2454\" data-end=\"2481\">Reisen und Wandern im Freien<\/p>\n<\/li>\n<li data-start=\"2482\" data-end=\"2520\">\n<p data-start=\"2484\" data-end=\"2520\">Gesch\u00e4ftsreisen und t\u00e4gliches Pendeln<\/p>\n<\/li>\n<li data-start=\"2521\" data-end=\"2550\">\n<p data-start=\"2523\" data-end=\"2550\">Verwendung in Schulen und Universit\u00e4ten<\/p>\n<\/li>\n<li data-start=\"2551\" data-end=\"2583\">\n<p data-start=\"2553\" data-end=\"2583\">Beil\u00e4ufige allt\u00e4gliche Aktivit\u00e4ten<\/p>\n<\/li>\n<li data-start=\"2584\" data-end=\"2638\">\n<p data-start=\"2586\" data-end=\"2638\">Werbegeschenke f\u00fcr Unternehmen mit anpassbarem Logo<\/p>\n<\/li>\n<\/ul>\n<p data-start=\"2640\" data-end=\"2807\">Wenn Sie an diesem Rucksack interessiert sind, kontaktieren Sie uns bitte f\u00fcr ein Muster. <strong data-start=\"2712\" data-end=\"2747\">ODM- und OEM-Dienste werden angeboten<\/strong>und erm\u00f6glicht personalisierte Design- und Branding-L\u00f6sungen.<\/p>","protected":false},"excerpt":{"rendered":"<p>Die <strong data-start=\"173\" data-end=\"212\">RONEER Herren Outdoor Reise-Rucksack<\/strong> wurde entwickelt, um vielseitige Funktionalit\u00e4t f\u00fcr moderne M\u00e4nner zu bieten, die sowohl Stil als auch Zweckm\u00e4\u00dfigkeit ben\u00f6tigen. Der aus hochwertigem Oxford-Gewebe gefertigte Rucksack wurde mit Blick auf Langlebigkeit und Wasserbest\u00e4ndigkeit entwickelt. Seine schlichte schwarze Farbe und sein minimalistisches Design sorgen daf\u00fcr, dass er sowohl im beruflichen als auch im privaten Umfeld getragen werden kann. Der Rucksack ist auf einen 16-Zoll-Laptop zugeschnitten und bietet reichlich Stauraum f\u00fcr wichtige Gegenst\u00e4nde, w\u00e4hrend er gleichzeitig einen bequemen und ergonomischen Sitz f\u00fcr lange Fahrten bietet.<\/p>","protected":false},"featured_media":2120,"comment_status":"open","ping_status":"closed","template":"","meta":{"site-sidebar-layout":"default","site-content-layout":"","ast-site-content-layout":"default","site-content-style":"default","site-sidebar-style":"default","ast-global-header-display":"","ast-banner-title-visibility":"","ast-main-header-display":"","ast-hfb-above-header-display":"","ast-hfb-below-header-display":"","ast-hfb-mobile-header-display":"","site-post-title":"","ast-breadcrumbs-content":"","ast-featured-img":"","footer-sml-layout":"","ast-disable-related-posts":"","theme-transparent-header-meta":"default","adv-header-id-meta":"","stick-header-meta":"","header-above-stick-meta":"","header-main-stick-meta":"","header-below-stick-meta":"","astra-migrate-meta-layouts":"set","ast-page-background-enabled":"default","ast-page-background-meta":{"desktop":{"background-color":"var(--ast-global-color-5)","background-image":"","background-repeat":"repeat","background-position":"center center","background-size":"auto","background-attachment":"scroll","background-type":"","background-media":"","overlay-type":"","overlay-color":"","overlay-opacity":"","overlay-gradient":""},"tablet":{"background-color":"","background-image":"","background-repeat":"repeat","background-position":"center center","background-size":"auto","background-attachment":"scroll","background-type":"","background-media":"","overlay-type":"","overlay-color":"","overlay-opacity":"","overlay-gradient":""},"mobile":{"background-color":"","background-image":"","background-repeat":"repeat","background-position":"center center","background-size":"auto","background-attachment":"scroll","background-type":"","background-media":"","overlay-type":"","overlay-color":"","overlay-opacity":"","overlay-gradient":""}},"ast-content-background-meta":{"desktop":{"background-color":"var(--ast-global-color-4)","background-image":"","background-repeat":"repeat","background-position":"center center","background-size":"auto","background-attachment":"scroll","background-type":"","background-media":"","overlay-type":"","overlay-color":"","overlay-opacity":"","overlay-gradient":""},"tablet":{"background-color":"var(--ast-global-color-4)","background-image":"","background-repeat":"repeat","background-position":"center center","background-size":"auto","background-attachment":"scroll","background-type":"","background-media":"","overlay-type":"","overlay-color":"","overlay-opacity":"","overlay-gradient":""},"mobile":{"background-color":"var(--ast-global-color-4)","background-image":"","background-repeat":"repeat","background-position":"center center","background-size":"auto","background-attachment":"scroll","background-type":"","background-media":"","overlay-type":"","overlay-color":"","overlay-opacity":"","overlay-gradient":""}}},"product_brand":[],"product_cat":[21],"product_tag":[],"class_list":{"0":"post-2119","1":"product","2":"type-product","3":"status-publish","4":"has-post-thumbnail","6":"product_cat-backpack","7":"desktop-align-left","8":"tablet-align-left","9":"mobile-align-left","11":"first","12":"instock","13":"shipping-taxable","14":"product-type-simple"},"_links":{"self":[{"href":"https:\/\/baijiabags.com\/de\/wp-json\/wp\/v2\/product\/2119","targetHints":{"allow":["GET"]}}],"collection":[{"href":"https:\/\/baijiabags.com\/de\/wp-json\/wp\/v2\/product"}],"about":[{"href":"https:\/\/baijiabags.com\/de\/wp-json\/wp\/v2\/types\/product"}],"replies":[{"embeddable":true,"href":"https:\/\/baijiabags.com\/de\/wp-json\/wp\/v2\/comments?post=2119"}],"wp:featuredmedia":[{"embeddable":true,"href":"https:\/\/baijiabags.com\/de\/wp-json\/wp\/v2\/media\/2120"}],"wp:attachment":[{"href":"https:\/\/baijiabags.com\/de\/wp-json\/wp\/v2\/media?parent=2119"}],"wp:term":[{"taxonomy":"product_brand","embeddable":true,"href":"https:\/\/baijiabags.com\/de\/wp-json\/wp\/v2\/product_brand?post=2119"},{"taxonomy":"product_cat","embeddable":true,"href":"https:\/\/baijiabags.com\/de\/wp-json\/wp\/v2\/product_cat?post=2119"},{"taxonomy":"product_tag","embeddable":true,"href":"https:\/\/baijiabags.com\/de\/wp-json\/wp\/v2\/product_tag?post=2119"}],"curies":[{"name":"wp","href":"https:\/\/api.w.org\/{rel}","templated":true}]}}