{"id":2115,"date":"2025-09-22T08:57:07","date_gmt":"2025-09-22T08:57:07","guid":{"rendered":"https:\/\/baijiabags.com\/?post_type=product&#038;p=2115"},"modified":"2025-11-01T01:24:32","modified_gmt":"2025-11-01T01:24:32","slug":"factory-custom-mens-business-casual-crossbody-waist-shoulder-chest-bag-durable-high-quality","status":"publish","type":"product","link":"https:\/\/baijiabags.com\/de\/produkt\/factory-custom-mens-business-casual-crossbody-waist-shoulder-chest-bag-durable-high-quality\/","title":{"rendered":"Fabrik benutzerdefinierte Herren Business Casual Crossbody Taille Schulter Brust Tasche langlebig hohe Qualit\u00e4t"},"content":{"rendered":"<h2 data-start=\"786\" data-end=\"802\">Wesentliche Merkmale<\/h2>\n<ol data-start=\"803\" data-end=\"1548\">\n<li data-start=\"803\" data-end=\"883\">\n<p data-start=\"806\" data-end=\"883\"><strong data-start=\"806\" data-end=\"830\">Langlebige Konstruktion<\/strong> - Hochwertiges Oxford-Gewebe sorgt f\u00fcr lang anhaltenden Tragekomfort.<\/p>\n<\/li>\n<li data-start=\"884\" data-end=\"967\">\n<p data-start=\"887\" data-end=\"967\"><strong data-start=\"887\" data-end=\"915\">Wasserabweisendes Material<\/strong> - Sch\u00fctzt das Hab und Gut vor leichtem Regen und Versch\u00fcttungen.<\/p>\n<\/li>\n<li data-start=\"968\" data-end=\"1054\">\n<p data-start=\"971\" data-end=\"1054\"><strong data-start=\"971\" data-end=\"993\">Leichte Konstruktion<\/strong> - Bequem f\u00fcr den l\u00e4ngeren Gebrauch im Berufsleben oder auf Reisen.<\/p>\n<\/li>\n<li data-start=\"1055\" data-end=\"1163\">\n<p data-start=\"1058\" data-end=\"1163\"><strong data-start=\"1058\" data-end=\"1079\">Verstellbare Riemen<\/strong> - Kann als Crossbody-, H\u00fcft- oder Brusttasche getragen werden und bietet somit vielseitige Trageoptionen.<\/p>\n<\/li>\n<li data-start=\"1164\" data-end=\"1281\">\n<p data-start=\"1167\" data-end=\"1281\"><strong data-start=\"1167\" data-end=\"1192\">Ger\u00e4umige F\u00e4cher<\/strong> - Mehrere Taschen bieten Platz f\u00fcr wichtige Dinge wie ein 8-Zoll-Tablet, eine Brieftasche und ein Telefon.<\/p>\n<\/li>\n<li data-start=\"1282\" data-end=\"1366\">\n<p data-start=\"1285\" data-end=\"1366\"><strong data-start=\"1285\" data-end=\"1306\">Anpassbares Logo<\/strong> - Das Branding kann entsprechend den OEM- und ODM-Anforderungen personalisiert werden.<\/p>\n<\/li>\n<li data-start=\"1367\" data-end=\"1455\">\n<p data-start=\"1370\" data-end=\"1455\"><strong data-start=\"1370\" data-end=\"1391\">Elegantes Detailing<\/strong> - Feine N\u00e4hte sorgen f\u00fcr ein professionelles und poliertes Aussehen.<\/p>\n<\/li>\n<li data-start=\"1456\" data-end=\"1548\">\n<p data-start=\"1459\" data-end=\"1548\"><strong data-start=\"1459\" data-end=\"1486\">Atmungsaktives Innenfutter<\/strong> - Das Nylonfutter verbessert den Komfort und die Luftzirkulation im Inneren der Tasche.<\/p>\n<\/li>\n<\/ol>\n<h2 data-start=\"1550\" data-end=\"1568\">Spezifikationen<\/h2>\n<div class=\"_tableContainer_1rjym_1\">\n<div class=\"group _tableWrapper_1rjym_13 flex w-fit flex-col-reverse\" tabindex=\"-1\">\n<table class=\"w-fit min-w-(--thread-content-width)\" data-start=\"1569\" data-end=\"2044\">\n<thead data-start=\"1569\" data-end=\"1596\">\n<tr data-start=\"1569\" data-end=\"1596\">\n<th data-start=\"1569\" data-end=\"1581\" data-col-size=\"sm\">Parameter<\/th>\n<th data-start=\"1581\" data-end=\"1596\" data-col-size=\"sm\">Beschreibung<\/th>\n<\/tr>\n<\/thead>\n<tbody data-start=\"1625\" data-end=\"2044\">\n<tr data-start=\"1625\" data-end=\"1652\">\n<td data-start=\"1625\" data-end=\"1640\" data-col-size=\"sm\">Produktname<\/td>\n<td data-start=\"1640\" data-end=\"1652\" data-col-size=\"sm\">Rucksack<\/td>\n<\/tr>\n<tr data-start=\"1653\" data-end=\"1671\">\n<td data-start=\"1653\" data-end=\"1661\" data-col-size=\"sm\">Marke<\/td>\n<td data-start=\"1661\" data-end=\"1671\" data-col-size=\"sm\">RONEER<\/td>\n<\/tr>\n<tr data-start=\"1672\" data-end=\"1701\">\n<td data-start=\"1672\" data-end=\"1681\" data-col-size=\"sm\">Herkunft<\/td>\n<td data-start=\"1681\" data-end=\"1701\" data-col-size=\"sm\">Guangdong, China<\/td>\n<\/tr>\n<tr data-start=\"1702\" data-end=\"1729\">\n<td data-start=\"1702\" data-end=\"1710\" data-col-size=\"sm\">Stil<\/td>\n<td data-start=\"1710\" data-end=\"1729\" data-col-size=\"sm\">Business Casual<\/td>\n<\/tr>\n<tr data-start=\"1730\" data-end=\"1758\">\n<td data-start=\"1730\" data-end=\"1741\" data-col-size=\"sm\">Material<\/td>\n<td data-start=\"1741\" data-end=\"1758\" data-col-size=\"sm\">Oxford-Gewebe<\/td>\n<\/tr>\n<tr data-start=\"1759\" data-end=\"1814\">\n<td data-start=\"1759\" data-end=\"1770\" data-col-size=\"sm\">Funktion<\/td>\n<td data-start=\"1770\" data-end=\"1814\" data-col-size=\"sm\">Atmungsaktiv, wasserabweisend, ultraleicht<\/td>\n<\/tr>\n<tr data-start=\"1815\" data-end=\"1840\">\n<td data-start=\"1815\" data-end=\"1825\" data-col-size=\"sm\">Muster<\/td>\n<td data-start=\"1825\" data-end=\"1840\" data-col-size=\"sm\">Einfarbig<\/td>\n<\/tr>\n<tr data-start=\"1841\" data-end=\"1879\">\n<td data-start=\"1841\" data-end=\"1859\" data-col-size=\"sm\">Beliebtes Element<\/td>\n<td data-start=\"1859\" data-end=\"1879\" data-col-size=\"sm\">N\u00e4hte Detail<\/td>\n<\/tr>\n<tr data-start=\"1880\" data-end=\"1897\">\n<td data-start=\"1880\" data-end=\"1888\" data-col-size=\"sm\">Farbe<\/td>\n<td data-start=\"1888\" data-end=\"1897\" data-col-size=\"sm\">Schwarz<\/td>\n<\/tr>\n<tr data-start=\"1898\" data-end=\"1916\">\n<td data-start=\"1898\" data-end=\"1907\" data-col-size=\"sm\">Auskleidung<\/td>\n<td data-start=\"1907\" data-end=\"1916\" data-col-size=\"sm\">Nylon<\/td>\n<\/tr>\n<tr data-start=\"1917\" data-end=\"1953\">\n<td data-start=\"1917\" data-end=\"1934\" data-col-size=\"sm\">Geeignete Szenerie<\/td>\n<td data-start=\"1934\" data-end=\"1953\" data-col-size=\"sm\">Gesch\u00e4ftsreisen<\/td>\n<\/tr>\n<tr data-start=\"1954\" data-end=\"2002\">\n<td data-start=\"1954\" data-end=\"1979\" data-col-size=\"sm\">Kompatible Ger\u00e4tegr\u00f6\u00dfe<\/td>\n<td data-start=\"1979\" data-end=\"2002\" data-col-size=\"sm\">Bis zu 8-Zoll-Tablet<\/td>\n<\/tr>\n<tr data-start=\"2003\" data-end=\"2026\">\n<td data-start=\"2003\" data-end=\"2010\" data-col-size=\"sm\">Logo<\/td>\n<td data-start=\"2010\" data-end=\"2026\" data-col-size=\"sm\">Anpassbar<\/td>\n<\/tr>\n<tr data-start=\"2027\" data-end=\"2044\">\n<td data-start=\"2027\" data-end=\"2033\" data-col-size=\"sm\">MOQ<\/td>\n<td data-start=\"2033\" data-end=\"2044\" data-col-size=\"sm\">300 St\u00fcck<\/td>\n<\/tr>\n<\/tbody>\n<\/table>\n<\/div>\n<\/div>\n<h2 data-start=\"2046\" data-end=\"2062\">Anwendungen<\/h2>\n<ul data-start=\"2063\" data-end=\"2178\">\n<li data-start=\"2063\" data-end=\"2089\">\n<p data-start=\"2065\" data-end=\"2089\">T\u00e4gliches Pendeln im B\u00fcro<\/p>\n<\/li>\n<li data-start=\"2090\" data-end=\"2122\">\n<p data-start=\"2092\" data-end=\"2122\">Gesch\u00e4ftsreisen und Sitzungen<\/p>\n<\/li>\n<li data-start=\"2123\" data-end=\"2152\">\n<p data-start=\"2125\" data-end=\"2152\">Freizeitaktivit\u00e4ten im Freien<\/p>\n<\/li>\n<li data-start=\"2153\" data-end=\"2178\">\n<p data-start=\"2155\" data-end=\"2178\">T\u00e4glicher pers\u00f6nlicher Gebrauch<\/p>\n<\/li>\n<\/ul>\n<p data-start=\"2180\" data-end=\"2414\">Die RONEER Crossbody Waist Shoulder Chest Bag wurde entwickelt, um Funktionalit\u00e4t und Stil f\u00fcr professionelle M\u00e4nner zu vereinen. Ihr kompaktes und dennoch ger\u00e4umiges Design sorgt daf\u00fcr, dass wichtige Gegenst\u00e4nde sicher verstaut sind und gleichzeitig ein elegantes Aussehen beibehalten wird.<\/p>\n<p data-start=\"2416\" data-end=\"2574\">Wenn Sie an dieser Tasche interessiert sind, kontaktieren Sie uns bitte, um ein Muster anzufordern. ODM- und OEM-Services sind verf\u00fcgbar, um Ihre individuellen Anforderungen an Branding und Design zu erf\u00fcllen.<\/p>","protected":false},"excerpt":{"rendered":"<p>Die RONEER Business Casual Crossbody Waist Shoulder Chest Bag wurde f\u00fcr moderne Berufst\u00e4tige entwickelt, die einen praktischen und stilvollen Alltagsbegleiter suchen. Die aus hochwertigem Oxford-Gewebe gefertigte Tasche bietet Strapazierf\u00e4higkeit und eine leichte Struktur, die sich f\u00fcr das t\u00e4gliche Pendeln oder Gesch\u00e4ftsreisen eignet. Das schlichte, schwarze Design wird durch pr\u00e4zise N\u00e4hte unterstrichen und verleiht der Tasche einen raffinierten und modernen Look. Atmungsaktive, wasserabweisende und ultraleichte Eigenschaften wurden integriert, um den ganzen Tag \u00fcber Komfort und Funktionalit\u00e4t zu gew\u00e4hrleisten.<\/p>","protected":false},"featured_media":2117,"comment_status":"open","ping_status":"closed","template":"","meta":{"site-sidebar-layout":"default","site-content-layout":"","ast-site-content-layout":"default","site-content-style":"default","site-sidebar-style":"default","ast-global-header-display":"","ast-banner-title-visibility":"","ast-main-header-display":"","ast-hfb-above-header-display":"","ast-hfb-below-header-display":"","ast-hfb-mobile-header-display":"","site-post-title":"","ast-breadcrumbs-content":"","ast-featured-img":"","footer-sml-layout":"","ast-disable-related-posts":"","theme-transparent-header-meta":"default","adv-header-id-meta":"","stick-header-meta":"","header-above-stick-meta":"","header-main-stick-meta":"","header-below-stick-meta":"","astra-migrate-meta-layouts":"set","ast-page-background-enabled":"default","ast-page-background-meta":{"desktop":{"background-color":"var(--ast-global-color-5)","background-image":"","background-repeat":"repeat","background-position":"center center","background-size":"auto","background-attachment":"scroll","background-type":"","background-media":"","overlay-type":"","overlay-color":"","overlay-opacity":"","overlay-gradient":""},"tablet":{"background-color":"","background-image":"","background-repeat":"repeat","background-position":"center center","background-size":"auto","background-attachment":"scroll","background-type":"","background-media":"","overlay-type":"","overlay-color":"","overlay-opacity":"","overlay-gradient":""},"mobile":{"background-color":"","background-image":"","background-repeat":"repeat","background-position":"center center","background-size":"auto","background-attachment":"scroll","background-type":"","background-media":"","overlay-type":"","overlay-color":"","overlay-opacity":"","overlay-gradient":""}},"ast-content-background-meta":{"desktop":{"background-color":"var(--ast-global-color-4)","background-image":"","background-repeat":"repeat","background-position":"center center","background-size":"auto","background-attachment":"scroll","background-type":"","background-media":"","overlay-type":"","overlay-color":"","overlay-opacity":"","overlay-gradient":""},"tablet":{"background-color":"var(--ast-global-color-4)","background-image":"","background-repeat":"repeat","background-position":"center center","background-size":"auto","background-attachment":"scroll","background-type":"","background-media":"","overlay-type":"","overlay-color":"","overlay-opacity":"","overlay-gradient":""},"mobile":{"background-color":"var(--ast-global-color-4)","background-image":"","background-repeat":"repeat","background-position":"center center","background-size":"auto","background-attachment":"scroll","background-type":"","background-media":"","overlay-type":"","overlay-color":"","overlay-opacity":"","overlay-gradient":""}}},"product_brand":[],"product_cat":[39,53],"product_tag":[],"class_list":{"0":"post-2115","1":"product","2":"type-product","3":"status-publish","4":"has-post-thumbnail","6":"product_cat-crossbody-bag","7":"product_cat-mens-bag","8":"desktop-align-left","9":"tablet-align-left","10":"mobile-align-left","12":"first","13":"instock","14":"shipping-taxable","15":"product-type-simple"},"_links":{"self":[{"href":"https:\/\/baijiabags.com\/de\/wp-json\/wp\/v2\/product\/2115","targetHints":{"allow":["GET"]}}],"collection":[{"href":"https:\/\/baijiabags.com\/de\/wp-json\/wp\/v2\/product"}],"about":[{"href":"https:\/\/baijiabags.com\/de\/wp-json\/wp\/v2\/types\/product"}],"replies":[{"embeddable":true,"href":"https:\/\/baijiabags.com\/de\/wp-json\/wp\/v2\/comments?post=2115"}],"wp:featuredmedia":[{"embeddable":true,"href":"https:\/\/baijiabags.com\/de\/wp-json\/wp\/v2\/media\/2117"}],"wp:attachment":[{"href":"https:\/\/baijiabags.com\/de\/wp-json\/wp\/v2\/media?parent=2115"}],"wp:term":[{"taxonomy":"product_brand","embeddable":true,"href":"https:\/\/baijiabags.com\/de\/wp-json\/wp\/v2\/product_brand?post=2115"},{"taxonomy":"product_cat","embeddable":true,"href":"https:\/\/baijiabags.com\/de\/wp-json\/wp\/v2\/product_cat?post=2115"},{"taxonomy":"product_tag","embeddable":true,"href":"https:\/\/baijiabags.com\/de\/wp-json\/wp\/v2\/product_tag?post=2115"}],"curies":[{"name":"wp","href":"https:\/\/api.w.org\/{rel}","templated":true}]}}